{"id":40197,"date":"2021-10-01T11:45:01","date_gmt":"2021-10-01T11:45:01","guid":{"rendered":"https:\/\/www.hgi-cgs.hr\/?page_id=40197"},"modified":"2021-10-01T12:04:30","modified_gmt":"2021-10-01T12:04:30","slug":"obilazak-pilot-poligona-opcina-budva-grad-tuzla-i-brcko-distrikt","status":"publish","type":"page","link":"https:\/\/www.hgi-cgs.hr\/en\/obilazak-pilot-poligona-opcina-budva-grad-tuzla-i-brcko-distrikt\/","title":{"rendered":"Obilazak pilot poligona (op\u0107ina Budva, Grad Tuzla i Br\u010dko Distrikt)"},"content":{"rendered":"<p>[et_pb_section fb_built=&#8221;1&#8243; fullwidth=&#8221;on&#8221; _builder_version=&#8221;4.4.1&#8243; custom_padding=&#8221;0px||0px|||&#8221; global_colors_info=&#8221;{}&#8221;][et_pb_fullwidth_slider _builder_version=&#8221;4.4.2&#8243; min_height=&#8221;112px&#8221; height=&#8221;400px&#8221; custom_margin=&#8221;0px||||false|false&#8221; custom_padding=&#8221;0px||18px||false|false&#8221; auto=&#8221;on&#8221; auto_ignore_hover=&#8221;on&#8221; locked=&#8221;off&#8221; global_colors_info=&#8221;{}&#8221;][et_pb_slide heading=&#8221;Hrvatski geolo\u0161ki institut&#8221; _builder_version=&#8221;4.4.1&#8243; header_font=&#8221;|||on|||||&#8221; background_image=&#8221;https:\/\/www.hgi-cgs.hr\/wp-content\/uploads\/2020\/03\/Br\u010di\u0107_Drvenik02-scaled.jpg&#8221; background_enable_image=&#8221;on&#8221; locked=&#8221;off&#8221; global_colors_info=&#8221;{}&#8221; sticky_transition=&#8221;on&#8221;][\/et_pb_slide][et_pb_slide heading=&#8221;Hrvatski geolo\u0161ki institut&#8221; _builder_version=&#8221;4.4.1&#8243; header_font=&#8221;|||on|||||&#8221; background_image=&#8221;https:\/\/www.hgi-cgs.hr\/wp-content\/uploads\/2020\/03\/ban2-scaled.jpg&#8221; background_enable_image=&#8221;on&#8221; locked=&#8221;off&#8221; global_colors_info=&#8221;{}&#8221; sticky_transition=&#8221;on&#8221;][\/et_pb_slide][et_pb_slide heading=&#8221;Hrvatski geolo\u0161ki institut&#8221; _builder_version=&#8221;4.4.1&#8243; header_font=&#8221;|||on|||||&#8221; background_image=&#8221;https:\/\/www.hgi-cgs.hr\/wp-content\/uploads\/2020\/03\/20190228_094232-scaled.jpg&#8221; background_enable_image=&#8221;on&#8221; locked=&#8221;off&#8221; global_colors_info=&#8221;{}&#8221; sticky_transition=&#8221;on&#8221;][\/et_pb_slide][et_pb_slide heading=&#8221;Hrvatski geolo\u0161ki institut&#8221; _builder_version=&#8221;4.4.1&#8243; header_font=&#8221;|||on|||||&#8221; background_image=&#8221;https:\/\/www.hgi-cgs.hr\/wp-content\/uploads\/2020\/03\/ban3-scaled.jpg&#8221; background_enable_image=&#8221;on&#8221; locked=&#8221;off&#8221; global_colors_info=&#8221;{}&#8221; sticky_transition=&#8221;on&#8221;][\/et_pb_slide][et_pb_slide heading=&#8221;Hrvatski geolo\u0161ki institut&#8221; _builder_version=&#8221;4.4.1&#8243; header_font=&#8221;|||on|||||&#8221; background_image=&#8221;https:\/\/www.hgi-cgs.hr\/wp-content\/uploads\/2020\/03\/Bijele_stijene-Gorski_kotar-scaled.jpg&#8221; background_enable_image=&#8221;on&#8221; locked=&#8221;off&#8221; global_colors_info=&#8221;{}&#8221; sticky_transition=&#8221;on&#8221;][\/et_pb_slide][et_pb_slide heading=&#8221;Hrvatski geolo\u0161ki institut&#8221; _builder_version=&#8221;4.4.1&#8243; header_font=&#8221;|||on|||||&#8221; background_image=&#8221;https:\/\/www.hgi-cgs.hr\/wp-content\/uploads\/2020\/03\/ban4-scaled.jpg&#8221; background_enable_image=&#8221;on&#8221; locked=&#8221;off&#8221; global_colors_info=&#8221;{}&#8221; sticky_transition=&#8221;on&#8221;][\/et_pb_slide][et_pb_slide heading=&#8221;Hrvatski geolo\u0161ki institut&#8221; _builder_version=&#8221;4.4.1&#8243; header_font=&#8221;|||on|||||&#8221; background_image=&#8221;https:\/\/www.hgi-cgs.hr\/wp-content\/uploads\/2020\/03\/ban5-scaled.jpg&#8221; background_enable_image=&#8221;on&#8221; locked=&#8221;off&#8221; global_colors_info=&#8221;{}&#8221; sticky_transition=&#8221;on&#8221;][\/et_pb_slide][\/et_pb_fullwidth_slider][\/et_pb_section][et_pb_section fb_built=&#8221;1&#8243; _builder_version=&#8221;4.4.2&#8243; custom_padding=&#8221;||0px|||&#8221; global_colors_info=&#8221;{}&#8221;][et_pb_row _builder_version=&#8221;4.4.2&#8243; global_colors_info=&#8221;{}&#8221;][et_pb_column type=&#8221;4_4&#8243; _builder_version=&#8221;4.4.2&#8243; global_colors_info=&#8221;{}&#8221;][et_pb_text _builder_version=&#8221;4.8.2&#8243; text_font_size=&#8221;32px&#8221; header_2_text_color=&#8221;#1e5096&#8243; global_colors_info=&#8221;{}&#8221;]<\/p>\n<h2 style=\"text-align: center; color: #1e5096;\"><strong>RESPONSa &#8211; NOVOSTI &amp; OBAVIJESTI<br \/><\/strong><\/h2>\n<p>[\/et_pb_text][\/et_pb_column][\/et_pb_row][et_pb_row _builder_version=&#8221;4.4.2&#8243; global_colors_info=&#8221;{}&#8221;][et_pb_column type=&#8221;4_4&#8243; _builder_version=&#8221;4.4.2&#8243; global_colors_info=&#8221;{}&#8221;][et_pb_text _builder_version=&#8221;4.10.8&#8243; text_font_size=&#8221;32px&#8221; header_2_text_color=&#8221;#1e5096&#8243; header_2_line_height=&#8221;1.3em&#8221; global_colors_info=&#8221;{}&#8221;]<\/p>\n<h2 style=\"text-align: center; color: #1e5096;\">Obilazak pilot poligona (op\u0107ina Budva, Grad Tuzla i Br\u010dko Distrikt)<\/h2>\n<p>[\/et_pb_text][\/et_pb_column][\/et_pb_row][\/et_pb_section][et_pb_section fb_built=&#8221;1&#8243; _builder_version=&#8221;4.4.2&#8243; custom_padding=&#8221;20px||41px|||&#8221; global_colors_info=&#8221;{}&#8221;][et_pb_row _builder_version=&#8221;4.4.2&#8243; custom_padding=&#8221;0px|||||&#8221; global_colors_info=&#8221;{}&#8221;][et_pb_column type=&#8221;4_4&#8243; _builder_version=&#8221;4.4.2&#8243; global_colors_info=&#8221;{}&#8221;][et_pb_image src=&#8221;https:\/\/www.hgi-cgs.hr\/wp-content\/uploads\/2021\/02\/RESPONSa_color_cover_re.jpg&#8221; title_text=&#8221;RESPONSa_color_cover_re&#8221; align=&#8221;center&#8221; align_tablet=&#8221;center&#8221; align_phone=&#8221;&#8221; align_last_edited=&#8221;on|desktop&#8221; _builder_version=&#8221;4.8.2&#8243; max_width=&#8221;40%&#8221; module_alignment=&#8221;center&#8221; global_colors_info=&#8221;{}&#8221;][\/et_pb_image][\/et_pb_column][\/et_pb_row][et_pb_row _builder_version=&#8221;4.6.1&#8243; min_height=&#8221;192px&#8221; custom_margin=&#8221;12px|auto||auto||&#8221; custom_padding=&#8221;0px||0px|||&#8221; global_colors_info=&#8221;{}&#8221;][et_pb_column type=&#8221;4_4&#8243; _builder_version=&#8221;4.0.3&#8243; global_colors_info=&#8221;{}&#8221;][et_pb_text _builder_version=&#8221;4.10.8&#8243; text_font=&#8221;||||||||&#8221; link_font=&#8221;||||||||&#8221; link_text_color=&#8221;#e09900&#8243; custom_margin=&#8221;8px|||||&#8221; custom_padding=&#8221;|10px||10px|false|true&#8221; global_colors_info=&#8221;{}&#8221;]<\/p>\n<p>U periodu od 20. do 24. rujna \u010dlanovi svih projektnih partnera zajedno su obi\u0161li lokacije unutar op\u0107ine Budve, Grada Tuzle i Br\u010dko Distrikta, na kojima \u0107e se provoditi monitoring klizi\u0161ta u nastavku projekta. Na svim lokacijama klizi\u0161ta provodit \u0107e se periodi\u010dko snimanje terena, koje \u0107e omogu\u0107iti usporedbu detaljnih digitalnih modela terena. Uz to, kontinuirano \u0107e se pratiti klimatski parametri kako bi se mogla uspostaviti veza izme\u0111u oborina i pomaka na samim klizi\u0161tima. Na pojedinim lokacijama ugradit \u0107e se pijezometri i inklinometri.<\/p>\n<p>Okupljanje svih projektnih partnera omogu\u0107ilo je i zajedni\u010dku analizu aktivnosti koje su do sada provedene na projektu i koje prema projektnom planu slijede u sklopu ovog projektnog perioda.<\/p>\n<p>[\/et_pb_text][\/et_pb_column][\/et_pb_row][et_pb_row column_structure=&#8221;1_4,1_4,1_4,1_4&#8243; _builder_version=&#8221;4.8.2&#8243; _module_preset=&#8221;default&#8221; global_colors_info=&#8221;{}&#8221;][et_pb_column type=&#8221;1_4&#8243; _builder_version=&#8221;4.8.2&#8243; _module_preset=&#8221;default&#8221; global_colors_info=&#8221;{}&#8221;][et_pb_image src=&#8221;https:\/\/www.hgi-cgs.hr\/wp-content\/uploads\/2021\/10\/211001_01-.jpg&#8221; alt=&#8221;Budva, pilot poligon za motrenje buji\u010dnih tokova&#8221; title_text=&#8221;211001_01&#8243; url=&#8221;https:\/\/www.hgi-cgs.hr\/wp-content\/uploads\/2021\/10\/211001_01-.jpg&#8221; _builder_version=&#8221;4.10.8&#8243; _module_preset=&#8221;default&#8221; border_radii=&#8221;on|5px|5px|5px|5px&#8221; box_shadow_style=&#8221;preset1&#8243; box_shadow_blur=&#8221;15px&#8221; global_colors_info=&#8221;{}&#8221;][\/et_pb_image][et_pb_text _builder_version=&#8221;4.10.8&#8243; _module_preset=&#8221;default&#8221; text_font_size=&#8221;13px&#8221; custom_margin=&#8221;-20px|||||&#8221; global_colors_info=&#8221;{}&#8221;]<\/p>\n<p style=\"text-align: center;\">Budva, pilot poligon za motrenje buji\u010dnih tokova<\/p>\n<p>[\/et_pb_text][\/et_pb_column][et_pb_column type=&#8221;1_4&#8243; _builder_version=&#8221;4.8.2&#8243; _module_preset=&#8221;default&#8221; global_colors_info=&#8221;{}&#8221;][et_pb_image src=&#8221;https:\/\/www.hgi-cgs.hr\/wp-content\/uploads\/2021\/10\/211001_02.jpg&#8221; alt=&#8221;Budva, pilot poligon za motrenje buji\u010dnih tokova&#8221; title_text=&#8221;211001_02&#8243; url=&#8221;https:\/\/www.hgi-cgs.hr\/wp-content\/uploads\/2021\/10\/211001_02.jpg&#8221; _builder_version=&#8221;4.10.8&#8243; _module_preset=&#8221;default&#8221; custom_margin=&#8221;50px||||false|false&#8221; border_radii=&#8221;on|5px|5px|5px|5px&#8221; box_shadow_style=&#8221;preset1&#8243; box_shadow_blur=&#8221;15px&#8221; global_colors_info=&#8221;{}&#8221;][\/et_pb_image][et_pb_text _builder_version=&#8221;4.10.8&#8243; _module_preset=&#8221;default&#8221; text_font_size=&#8221;13px&#8221; custom_margin=&#8221;-20px|||||&#8221; global_colors_info=&#8221;{}&#8221;]<\/p>\n<p style=\"text-align: center;\">Budva, pilot poligon, klizi\u0161te Markovi\u0107i<\/p>\n<p>[\/et_pb_text][\/et_pb_column][et_pb_column type=&#8221;1_4&#8243; _builder_version=&#8221;4.8.2&#8243; _module_preset=&#8221;default&#8221; global_colors_info=&#8221;{}&#8221;][et_pb_image src=&#8221;https:\/\/www.hgi-cgs.hr\/wp-content\/uploads\/2021\/10\/211001_03.jpg&#8221; alt=&#8221;Tuzla, posljedice klizi\u0161ta aktiviranih 2014. godine&#8221; title_text=&#8221;211001_03&#8243; url=&#8221;https:\/\/www.hgi-cgs.hr\/wp-content\/uploads\/2021\/10\/211001_03.jpg&#8221; _builder_version=&#8221;4.10.8&#8243; _module_preset=&#8221;default&#8221; hover_enabled=&#8221;0&#8243; border_radii=&#8221;on|5px|5px|5px|5px&#8221; box_shadow_style=&#8221;preset1&#8243; box_shadow_blur=&#8221;15px&#8221; global_colors_info=&#8221;{}&#8221; width=&#8221;86%&#8221; sticky_enabled=&#8221;0&#8243; align=&#8221;center&#8221;][\/et_pb_image][et_pb_text _builder_version=&#8221;4.10.8&#8243; _module_preset=&#8221;default&#8221; text_font_size=&#8221;13px&#8221; custom_margin=&#8221;-20px|||||&#8221; hover_enabled=&#8221;0&#8243; global_colors_info=&#8221;{}&#8221; sticky_enabled=&#8221;0&#8243;]<\/p>\n<p style=\"text-align: center;\">Tuzla, posljedice klizi\u0161ta aktiviranih 2014. godine<\/p>\n<p>[\/et_pb_text][\/et_pb_column][et_pb_column type=&#8221;1_4&#8243; _builder_version=&#8221;4.8.2&#8243; _module_preset=&#8221;default&#8221; global_colors_info=&#8221;{}&#8221;][et_pb_image src=&#8221;https:\/\/www.hgi-cgs.hr\/wp-content\/uploads\/2021\/10\/211001_04.jpg&#8221; alt=&#8221;Tuzla, sastanak sa predstavnikom Civilne za\u0161tite Tuzle&#8221; title_text=&#8221;211001_04&#8243; url=&#8221;https:\/\/www.hgi-cgs.hr\/wp-content\/uploads\/2021\/10\/211001_04.jpg&#8221; _builder_version=&#8221;4.10.8&#8243; _module_preset=&#8221;default&#8221; hover_enabled=&#8221;0&#8243; border_radii=&#8221;on|5px|5px|5px|5px&#8221; box_shadow_style=&#8221;preset1&#8243; box_shadow_blur=&#8221;15px&#8221; global_colors_info=&#8221;{}&#8221; width=&#8221;85%&#8221; module_alignment=&#8221;center&#8221; sticky_enabled=&#8221;0&#8243;][\/et_pb_image][et_pb_text _builder_version=&#8221;4.10.8&#8243; _module_preset=&#8221;default&#8221; text_font_size=&#8221;13px&#8221; custom_margin=&#8221;-20px|||||&#8221; hover_enabled=&#8221;0&#8243; global_colors_info=&#8221;{}&#8221; sticky_enabled=&#8221;0&#8243;]<\/p>\n<p style=\"text-align: center;\">Tuzla, sastanak sa predstavnikom Civilne za\u0161tite Tuzle<\/p>\n<p>[\/et_pb_text][\/et_pb_column][\/et_pb_row][et_pb_row column_structure=&#8221;1_3,1_3,1_3&#8243; _builder_version=&#8221;4.8.2&#8243; _module_preset=&#8221;default&#8221; global_colors_info=&#8221;{}&#8221;][et_pb_column type=&#8221;1_3&#8243; _builder_version=&#8221;4.8.2&#8243; _module_preset=&#8221;default&#8221; global_colors_info=&#8221;{}&#8221;][et_pb_image src=&#8221;https:\/\/www.hgi-cgs.hr\/wp-content\/uploads\/2021\/10\/211001_05.jpg&#8221; alt=&#8221;Projektni partneri na RGG fakulteta Univerziteta u Tuzli&#8221; title_text=&#8221;211001_05&#8243; url=&#8221;https:\/\/www.hgi-cgs.hr\/wp-content\/uploads\/2021\/10\/211001_05.jpg&#8221; _builder_version=&#8221;4.10.8&#8243; _module_preset=&#8221;default&#8221; hover_enabled=&#8221;0&#8243; border_radii=&#8221;on|5px|5px|5px|5px&#8221; box_shadow_style=&#8221;preset1&#8243; box_shadow_blur=&#8221;15px&#8221; global_colors_info=&#8221;{}&#8221; sticky_enabled=&#8221;0&#8243;][\/et_pb_image][et_pb_text _builder_version=&#8221;4.10.8&#8243; _module_preset=&#8221;default&#8221; text_font_size=&#8221;13px&#8221; custom_margin=&#8221;-20px|||||&#8221; hover_enabled=&#8221;0&#8243; global_colors_info=&#8221;{}&#8221; sticky_enabled=&#8221;0&#8243;]<\/p>\n<p style=\"text-align: center;\">Projektni partneri na RGG fakulteta Univerziteta u Tuzli<\/p>\n<p>[\/et_pb_text][\/et_pb_column][et_pb_column type=&#8221;1_3&#8243; _builder_version=&#8221;4.8.2&#8243; _module_preset=&#8221;default&#8221; global_colors_info=&#8221;{}&#8221;][et_pb_image src=&#8221;https:\/\/www.hgi-cgs.hr\/wp-content\/uploads\/2021\/10\/211001_06.jpg&#8221; alt=&#8221;Br\u010dko, sastanak projektnih partnera&#8221; title_text=&#8221;211001_06&#8243; url=&#8221;https:\/\/www.hgi-cgs.hr\/wp-content\/uploads\/2021\/10\/211001_06.jpg&#8221; _builder_version=&#8221;4.10.8&#8243; _module_preset=&#8221;default&#8221; custom_margin=&#8221;0px||||false|false&#8221; hover_enabled=&#8221;0&#8243; border_radii=&#8221;on|5px|5px|5px|5px&#8221; box_shadow_style=&#8221;preset1&#8243; box_shadow_blur=&#8221;15px&#8221; global_colors_info=&#8221;{}&#8221; width=&#8221;50%&#8221; module_alignment=&#8221;center&#8221; sticky_enabled=&#8221;0&#8243;][\/et_pb_image][et_pb_text _builder_version=&#8221;4.10.8&#8243; _module_preset=&#8221;default&#8221; text_font_size=&#8221;13px&#8221; custom_margin=&#8221;-20px|||||&#8221; hover_enabled=&#8221;0&#8243; global_colors_info=&#8221;{}&#8221; sticky_enabled=&#8221;0&#8243;]<\/p>\n<p style=\"text-align: center;\">Br\u010dko, sastanak projektnih partnera<\/p>\n<p>[\/et_pb_text][\/et_pb_column][et_pb_column type=&#8221;1_3&#8243; _builder_version=&#8221;4.8.2&#8243; _module_preset=&#8221;default&#8221; global_colors_info=&#8221;{}&#8221;][et_pb_image src=&#8221;https:\/\/www.hgi-cgs.hr\/wp-content\/uploads\/2021\/10\/211001_07.jpg&#8221; alt=&#8221;Br\u010dko, obilazak pilot poligona s predstavnicima Civilne za\u0161tite Br\u010dko Distrikta&#8221; title_text=&#8221;211001_07&#8243; url=&#8221;https:\/\/www.hgi-cgs.hr\/wp-content\/uploads\/2021\/10\/211001_07.jpg&#8221; _builder_version=&#8221;4.10.8&#8243; _module_preset=&#8221;default&#8221; hover_enabled=&#8221;0&#8243; border_radii=&#8221;on|5px|5px|5px|5px&#8221; box_shadow_style=&#8221;preset1&#8243; box_shadow_blur=&#8221;15px&#8221; global_colors_info=&#8221;{}&#8221; width=&#8221;100%&#8221; sticky_enabled=&#8221;0&#8243; align=&#8221;center&#8221;][\/et_pb_image][et_pb_text _builder_version=&#8221;4.10.8&#8243; _module_preset=&#8221;default&#8221; text_font_size=&#8221;13px&#8221; custom_margin=&#8221;-20px|||||&#8221; hover_enabled=&#8221;0&#8243; global_colors_info=&#8221;{}&#8221; sticky_enabled=&#8221;0&#8243;]<\/p>\n<p style=\"text-align: center;\">Br\u010dko, obilazak pilot poligona s predstavnicima Civilne za\u0161tite Br\u010dko Distrikta<\/p>\n<p>[\/et_pb_text][\/et_pb_column][\/et_pb_row][\/et_pb_section]<\/p>\n","protected":false},"excerpt":{"rendered":"<p>RESPONSa &#8211; NOVOSTI &amp; OBAVIJESTIObilazak pilot poligona (op\u0107ina Budva, Grad Tuzla i Br\u010dko Distrikt)U periodu od 20. do 24. rujna \u010dlanovi svih projektnih partnera zajedno su obi\u0161li lokacije unutar op\u0107ine Budve, Grada Tuzle i Br\u010dko Distrikta, na kojima \u0107e se provoditi monitoring klizi\u0161ta u nastavku projekta. Na svim lokacijama klizi\u0161ta provodit \u0107e se periodi\u010dko snimanje [&hellip;]<\/p>\n","protected":false},"author":1,"featured_media":0,"parent":0,"menu_order":0,"comment_status":"closed","ping_status":"closed","template":"","meta":{"_et_pb_use_builder":"on","_et_pb_old_content":"","_et_gb_content_width":"","footnotes":""},"class_list":["post-40197","page","type-page","status-publish","hentry"],"aioseo_notices":[],"_links":{"self":[{"href":"https:\/\/www.hgi-cgs.hr\/en\/wp-json\/wp\/v2\/pages\/40197","targetHints":{"allow":["GET"]}}],"collection":[{"href":"https:\/\/www.hgi-cgs.hr\/en\/wp-json\/wp\/v2\/pages"}],"about":[{"href":"https:\/\/www.hgi-cgs.hr\/en\/wp-json\/wp\/v2\/types\/page"}],"author":[{"embeddable":true,"href":"https:\/\/www.hgi-cgs.hr\/en\/wp-json\/wp\/v2\/users\/1"}],"replies":[{"embeddable":true,"href":"https:\/\/www.hgi-cgs.hr\/en\/wp-json\/wp\/v2\/comments?post=40197"}],"version-history":[{"count":4,"href":"https:\/\/www.hgi-cgs.hr\/en\/wp-json\/wp\/v2\/pages\/40197\/revisions"}],"predecessor-version":[{"id":40210,"href":"https:\/\/www.hgi-cgs.hr\/en\/wp-json\/wp\/v2\/pages\/40197\/revisions\/40210"}],"wp:attachment":[{"href":"https:\/\/www.hgi-cgs.hr\/en\/wp-json\/wp\/v2\/media?parent=40197"}],"curies":[{"name":"wp","href":"https:\/\/api.w.org\/{rel}","templated":true}]}}