{"id":39242,"date":"2021-04-30T11:35:36","date_gmt":"2021-04-30T11:35:36","guid":{"rendered":"https:\/\/www.hgi-cgs.hr\/?page_id=39242"},"modified":"2021-06-01T10:29:33","modified_gmt":"2021-06-01T10:29:33","slug":"gea-2021","status":"publish","type":"page","link":"https:\/\/www.hgi-cgs.hr\/en\/gea-2021\/","title":{"rendered":"GEA 2021"},"content":{"rendered":"<p>[et_pb_section fb_built=&#8221;1&#8243; fullwidth=&#8221;on&#8221; _builder_version=&#8221;4.4.1&#8243; custom_padding=&#8221;0px||0px|||&#8221;][et_pb_fullwidth_slider _builder_version=&#8221;4.4.2&#8243; min_height=&#8221;112px&#8221; height=&#8221;400px&#8221; custom_margin=&#8221;0px||||false|false&#8221; custom_padding=&#8221;0px||18px||false|false&#8221; auto=&#8221;on&#8221; auto_ignore_hover=&#8221;on&#8221; locked=&#8221;off&#8221;][et_pb_slide heading=&#8221;Hrvatski geolo\u0161ki institut&#8221; _builder_version=&#8221;4.4.1&#8243; header_font=&#8221;|||on|||||&#8221; background_image=&#8221;https:\/\/www.hgi-cgs.hr\/wp-content\/uploads\/2020\/03\/Br\u010di\u0107_Drvenik02-scaled.jpg&#8221; background_enable_image=&#8221;on&#8221; locked=&#8221;off&#8221; sticky_transition=&#8221;on&#8221;][\/et_pb_slide][et_pb_slide heading=&#8221;Hrvatski geolo\u0161ki institut&#8221; _builder_version=&#8221;4.4.1&#8243; header_font=&#8221;|||on|||||&#8221; background_image=&#8221;https:\/\/www.hgi-cgs.hr\/wp-content\/uploads\/2020\/03\/ban2-scaled.jpg&#8221; background_enable_image=&#8221;on&#8221; locked=&#8221;off&#8221; sticky_transition=&#8221;on&#8221;][\/et_pb_slide][et_pb_slide heading=&#8221;Hrvatski geolo\u0161ki institut&#8221; _builder_version=&#8221;4.4.1&#8243; header_font=&#8221;|||on|||||&#8221; background_image=&#8221;https:\/\/www.hgi-cgs.hr\/wp-content\/uploads\/2020\/03\/20190228_094232-scaled.jpg&#8221; background_enable_image=&#8221;on&#8221; locked=&#8221;off&#8221; sticky_transition=&#8221;on&#8221;][\/et_pb_slide][et_pb_slide heading=&#8221;Hrvatski geolo\u0161ki institut&#8221; _builder_version=&#8221;4.4.1&#8243; header_font=&#8221;|||on|||||&#8221; background_image=&#8221;https:\/\/www.hgi-cgs.hr\/wp-content\/uploads\/2020\/03\/ban3-scaled.jpg&#8221; background_enable_image=&#8221;on&#8221; locked=&#8221;off&#8221; sticky_transition=&#8221;on&#8221;][\/et_pb_slide][et_pb_slide heading=&#8221;Hrvatski geolo\u0161ki institut&#8221; _builder_version=&#8221;4.4.1&#8243; header_font=&#8221;|||on|||||&#8221; background_image=&#8221;https:\/\/www.hgi-cgs.hr\/wp-content\/uploads\/2020\/03\/Bijele_stijene-Gorski_kotar-scaled.jpg&#8221; background_enable_image=&#8221;on&#8221; locked=&#8221;off&#8221; sticky_transition=&#8221;on&#8221;][\/et_pb_slide][et_pb_slide heading=&#8221;Hrvatski geolo\u0161ki institut&#8221; _builder_version=&#8221;4.4.1&#8243; header_font=&#8221;|||on|||||&#8221; background_image=&#8221;https:\/\/www.hgi-cgs.hr\/wp-content\/uploads\/2020\/03\/ban4-scaled.jpg&#8221; background_enable_image=&#8221;on&#8221; locked=&#8221;off&#8221; sticky_transition=&#8221;on&#8221;][\/et_pb_slide][et_pb_slide heading=&#8221;Hrvatski geolo\u0161ki institut&#8221; _builder_version=&#8221;4.4.1&#8243; header_font=&#8221;|||on|||||&#8221; background_image=&#8221;https:\/\/www.hgi-cgs.hr\/wp-content\/uploads\/2020\/03\/ban5-scaled.jpg&#8221; background_enable_image=&#8221;on&#8221; locked=&#8221;off&#8221; sticky_transition=&#8221;on&#8221;][\/et_pb_slide][\/et_pb_fullwidth_slider][\/et_pb_section][et_pb_section fb_built=&#8221;1&#8243; _builder_version=&#8221;4.4.2&#8243; custom_padding=&#8221;||0px|||&#8221;][et_pb_row _builder_version=&#8221;4.4.2&#8243;][et_pb_column type=&#8221;4_4&#8243; _builder_version=&#8221;4.4.2&#8243;][et_pb_text _builder_version=&#8221;4.6.1&#8243; text_font_size=&#8221;32px&#8221; header_2_text_color=&#8221;#1e5096&#8243;]<\/p>\n<h2 style=\"text-align: center; color: #1e5096;\"><strong>NOVOSTI<\/strong><\/h2>\n<p>[\/et_pb_text][\/et_pb_column][\/et_pb_row][et_pb_row _builder_version=&#8221;4.4.2&#8243;][et_pb_column type=&#8221;4_4&#8243; _builder_version=&#8221;4.4.2&#8243;][et_pb_text _builder_version=&#8221;4.9.4&#8243; text_font_size=&#8221;32px&#8221; header_2_text_color=&#8221;#1e5096&#8243; header_2_line_height=&#8221;1.3em&#8221;]<\/p>\n<h2 style=\"text-align: center; color: #1e5096;\">GEA 2021<\/h2>\n<p>[\/et_pb_text][\/et_pb_column][\/et_pb_row][\/et_pb_section][et_pb_section fb_built=&#8221;1&#8243; _builder_version=&#8221;4.4.2&#8243; custom_padding=&#8221;20px||41px|||&#8221;][et_pb_row _builder_version=&#8221;4.8.1&#8243; _module_preset=&#8221;default&#8221;][et_pb_column type=&#8221;4_4&#8243; _builder_version=&#8221;4.8.1&#8243; _module_preset=&#8221;default&#8221;][et_pb_text _builder_version=&#8221;4.9.4&#8243; _module_preset=&#8221;default&#8221; custom_margin=&#8221;7px|||||&#8221; custom_padding=&#8221;0px|||||&#8221; hover_enabled=&#8221;0&#8243; sticky_enabled=&#8221;0&#8243;]<\/p>\n<div class=\"kvgmc6g5 cxmmr5t8 oygrvhab hcukyx3x c1et5uql ii04i59q\">\n<div dir=\"auto\">I ove godine Hrvatsko geolo\u0161ko dru\u0161tvo organizira foto-natje\u010daj GEA. Tema ovogodi\u0161njeg natje\u010daja su \u201eGe(a)ohazardi&#8221;.<\/div>\n<div dir=\"auto\">Od sudionika se o\u010dekuju fotografije o geolo\u0161kim pojavama i motivima vezanim uz geohazarde (potresi, vulkani, klizi\u0161ta, odroni, uru\u0161avanja, poplave, zaga\u0111enja tla i vode), odnosno fotografije koje dokumentiraju pojavljivanje ili vjerojatnost pojavljivanja geolo\u0161kih, geomorfolo\u0161kih ili okoli\u0161nih procesa, pojava i stanja koji su potencijalno opasni ili predstavljaju razinu prijetnje ljudskom \u017eivotu, zdravlju i imovini ili okoli\u0161u \u2013 posebice vezano uz doga\u0111aje koji su pogodili na\u0161e podru\u010dje.<\/div>\n<\/div>\n<div class=\"o9v6fnle cxmmr5t8 oygrvhab hcukyx3x c1et5uql ii04i59q\">\n<div dir=\"auto\">Od svih pristiglih fotografija Organizacijski odbor odabrat \u0107e najbolje koje \u0107e biti prikazane u sklopu izlo\u017ebe.<\/div>\n<\/div>\n<div class=\"o9v6fnle cxmmr5t8 oygrvhab hcukyx3x c1et5uql ii04i59q\">\n<div dir=\"auto\"><\/div>\n<\/div>\n<div class=\"o9v6fnle cxmmr5t8 oygrvhab hcukyx3x c1et5uql ii04i59q\">\n<div dir=\"auto\"><span><a class=\"oajrlxb2 g5ia77u1 qu0x051f esr5mh6w e9989ue4 r7d6kgcz rq0escxv nhd2j8a9 nc684nl6 p7hjln8o kvgmc6g5 cxmmr5t8 oygrvhab hcukyx3x jb3vyjys rz4wbd8a qt6c0cv9 a8nywdso i1ao9s8h esuyzwwr f1sip0of lzcic4wl py34i1dx gpro0wi8\" href=\"https:\/\/l.facebook.com\/l.php?u=http%3A%2F%2Fwww.geologija.hr%2F%3Ffbclid%3DIwAR0vur7HZG5jx0JPVzn7ZgRCAxOTJhh9Oc-kVZ2tTnkL57VfuuJRIQfpaDo&amp;h=AT23C-uXQoctH9zZQtVbEyArdA_VCZZdqwET8esjozB7_rN5WkQIlk5Xi9_ihA8B2lG8sODtDju9BNTE6GLZm5Bub4M3XMDKAGwqozN3Co1cHrfc4Dhtz7Rd6U8uOl7yqw&amp;__tn__=-UK-R&amp;c[0]=AT3nlTsXph6pFFxOGMNYtyAvnT5GxV0PrubqI36drnTe1JnkKGmy46_mgIPVZoFQ4SUazoCdjNF3nogooG8WcRmaRuwEGhSmFK95TUkh3yZWakJhy9SbUKfMc25HCD3pyrE307zAcrcE6td5-Y0c8f83AdgctDed0Awq5RyyqdYs9g\" rel=\"nofollow noopener\" role=\"link\" target=\"_blank\" tabindex=\"0\"><\/a><\/span><\/div>\n<\/div>\n<p>Rok za slanje fotografija produ\u017euje se do\u00a0 20. lipnja 2021. godine, a treba ih poslati na adresu elektroni\u010dke po\u0161te:<em> <a href=\"mailto:hgd.gea@gmail.com\">hgd.gea@gmail.com<\/a><\/em><\/p>\n<p><em>Sve dodatne informacije o natje\u010daju i dru\u0161tvu dostupne su na <span><a class=\"oajrlxb2 g5ia77u1 qu0x051f esr5mh6w e9989ue4 r7d6kgcz rq0escxv nhd2j8a9 nc684nl6 p7hjln8o kvgmc6g5 cxmmr5t8 oygrvhab hcukyx3x jb3vyjys rz4wbd8a qt6c0cv9 a8nywdso i1ao9s8h esuyzwwr f1sip0of lzcic4wl py34i1dx gpro0wi8\" href=\"https:\/\/l.facebook.com\/l.php?u=http%3A%2F%2Fwww.geologija.hr%2F%3Ffbclid%3DIwAR0vur7HZG5jx0JPVzn7ZgRCAxOTJhh9Oc-kVZ2tTnkL57VfuuJRIQfpaDo&amp;h=AT23C-uXQoctH9zZQtVbEyArdA_VCZZdqwET8esjozB7_rN5WkQIlk5Xi9_ihA8B2lG8sODtDju9BNTE6GLZm5Bub4M3XMDKAGwqozN3Co1cHrfc4Dhtz7Rd6U8uOl7yqw&amp;__tn__=-UK-R&amp;c[0]=AT3nlTsXph6pFFxOGMNYtyAvnT5GxV0PrubqI36drnTe1JnkKGmy46_mgIPVZoFQ4SUazoCdjNF3nogooG8WcRmaRuwEGhSmFK95TUkh3yZWakJhy9SbUKfMc25HCD3pyrE307zAcrcE6td5-Y0c8f83AdgctDed0Awq5RyyqdYs9g\" rel=\"nofollow noopener\" role=\"link\" target=\"_blank\" tabindex=\"0\">www.geologija.hr<\/a><\/span><\/em><\/p>\n<p><strong>Pozivnica:\u00a0<\/strong><em><a href=\"https:\/\/mcusercontent.com\/474b21f2889254e7e994a0b76\/files\/aaabbc7c-1e68-4b09-8821-3b379474b537\/Poziv_Gea_2021_final.pdf\">https:\/\/mcusercontent.com\/474b21f2889254e7e994a0b76\/files\/aaabbc7c-1e68-4b09-8821-3b379474b537\/Poziv_Gea_2021_final.pdf<\/a><\/em><\/p>\n<p><strong>Plakat:<\/strong><em>\u00a0<a href=\"https:\/\/mcusercontent.com\/474b21f2889254e7e994a0b76\/files\/21922025-71fd-488c-a21c-b4017c1a208d\/GEA_plakat_final.pdf\">https:\/\/mcusercontent.com\/474b21f2889254e7e994a0b76\/files\/21922025-71fd-488c-a21c-b4017c1a208d\/GEA_plakat_final.pdf<\/a><\/em><\/p>\n<p>[\/et_pb_text][et_pb_image src=&#8221;https:\/\/www.hgi-cgs.hr\/wp-content\/uploads\/2021\/06\/GEA-plakat-2021_2a-scaled.jpg&#8221; title_text=&#8221;GEA plakat 2021_2a&#8221; align=&#8221;center&#8221; _builder_version=&#8221;4.9.4&#8243; _module_preset=&#8221;default&#8221; width=&#8221;65%&#8221; module_alignment=&#8221;center&#8221; hover_enabled=&#8221;0&#8243; border_radii=&#8221;on|5px|5px|5px|5px&#8221; box_shadow_style=&#8221;preset1&#8243; box_shadow_blur=&#8221;15px&#8221; sticky_enabled=&#8221;0&#8243;][\/et_pb_image][\/et_pb_column][\/et_pb_row][\/et_pb_section]<\/p>\n","protected":false},"excerpt":{"rendered":"<p>NOVOSTIGEA 2021 I ove godine Hrvatsko geolo\u0161ko dru\u0161tvo organizira foto-natje\u010daj GEA. Tema ovogodi\u0161njeg natje\u010daja su \u201eGe(a)ohazardi&#8221;. Od sudionika se o\u010dekuju fotografije o geolo\u0161kim pojavama i motivima vezanim uz geohazarde (potresi, vulkani, klizi\u0161ta, odroni, uru\u0161avanja, poplave, zaga\u0111enja tla i vode), odnosno fotografije koje dokumentiraju pojavljivanje ili vjerojatnost pojavljivanja geolo\u0161kih, geomorfolo\u0161kih ili okoli\u0161nih procesa, pojava i stanja [&hellip;]<\/p>\n","protected":false},"author":1,"featured_media":0,"parent":0,"menu_order":0,"comment_status":"closed","ping_status":"closed","template":"","meta":{"_et_pb_use_builder":"on","_et_pb_old_content":"","_et_gb_content_width":"","footnotes":""},"class_list":["post-39242","page","type-page","status-publish","hentry"],"aioseo_notices":[],"_links":{"self":[{"href":"https:\/\/www.hgi-cgs.hr\/en\/wp-json\/wp\/v2\/pages\/39242","targetHints":{"allow":["GET"]}}],"collection":[{"href":"https:\/\/www.hgi-cgs.hr\/en\/wp-json\/wp\/v2\/pages"}],"about":[{"href":"https:\/\/www.hgi-cgs.hr\/en\/wp-json\/wp\/v2\/types\/page"}],"author":[{"embeddable":true,"href":"https:\/\/www.hgi-cgs.hr\/en\/wp-json\/wp\/v2\/users\/1"}],"replies":[{"embeddable":true,"href":"https:\/\/www.hgi-cgs.hr\/en\/wp-json\/wp\/v2\/comments?post=39242"}],"version-history":[{"count":6,"href":"https:\/\/www.hgi-cgs.hr\/en\/wp-json\/wp\/v2\/pages\/39242\/revisions"}],"predecessor-version":[{"id":39569,"href":"https:\/\/www.hgi-cgs.hr\/en\/wp-json\/wp\/v2\/pages\/39242\/revisions\/39569"}],"wp:attachment":[{"href":"https:\/\/www.hgi-cgs.hr\/en\/wp-json\/wp\/v2\/media?parent=39242"}],"curies":[{"name":"wp","href":"https:\/\/api.w.org\/{rel}","templated":true}]}}