{"id":38408,"date":"2021-02-04T09:37:04","date_gmt":"2021-02-04T09:37:04","guid":{"rendered":"https:\/\/www.hgi-cgs.hr\/?page_id=38408"},"modified":"2021-02-04T09:44:47","modified_gmt":"2021-02-04T09:44:47","slug":"projekt-responsa-bilten-br-1","status":"publish","type":"page","link":"https:\/\/www.hgi-cgs.hr\/en\/projekt-responsa-bilten-br-1\/","title":{"rendered":"Projekt RESPONSa \u2013 Bilten br. 1"},"content":{"rendered":"<p>[et_pb_section fb_built=&#8221;1&#8243; fullwidth=&#8221;on&#8221; _builder_version=&#8221;4.4.1&#8243; custom_padding=&#8221;0px||0px|||&#8221;][et_pb_fullwidth_slider _builder_version=&#8221;4.4.2&#8243; min_height=&#8221;112px&#8221; height=&#8221;400px&#8221; custom_margin=&#8221;0px||||false|false&#8221; custom_padding=&#8221;0px||18px||false|false&#8221; auto=&#8221;on&#8221; auto_ignore_hover=&#8221;on&#8221; locked=&#8221;off&#8221;][et_pb_slide heading=&#8221;Hrvatski geolo\u0161ki institut&#8221; _builder_version=&#8221;4.4.1&#8243; header_font=&#8221;|||on|||||&#8221; background_image=&#8221;https:\/\/www.hgi-cgs.hr\/wp-content\/uploads\/2020\/03\/Br\u010di\u0107_Drvenik02-scaled.jpg&#8221; background_enable_image=&#8221;on&#8221; locked=&#8221;off&#8221; sticky_transition=&#8221;on&#8221;][\/et_pb_slide][et_pb_slide heading=&#8221;Hrvatski geolo\u0161ki institut&#8221; _builder_version=&#8221;4.4.1&#8243; header_font=&#8221;|||on|||||&#8221; background_image=&#8221;https:\/\/www.hgi-cgs.hr\/wp-content\/uploads\/2020\/03\/ban2-scaled.jpg&#8221; background_enable_image=&#8221;on&#8221; locked=&#8221;off&#8221; sticky_transition=&#8221;on&#8221;][\/et_pb_slide][et_pb_slide heading=&#8221;Hrvatski geolo\u0161ki institut&#8221; _builder_version=&#8221;4.4.1&#8243; header_font=&#8221;|||on|||||&#8221; background_image=&#8221;https:\/\/www.hgi-cgs.hr\/wp-content\/uploads\/2020\/03\/20190228_094232-scaled.jpg&#8221; background_enable_image=&#8221;on&#8221; locked=&#8221;off&#8221; sticky_transition=&#8221;on&#8221;][\/et_pb_slide][et_pb_slide heading=&#8221;Hrvatski geolo\u0161ki institut&#8221; _builder_version=&#8221;4.4.1&#8243; header_font=&#8221;|||on|||||&#8221; background_image=&#8221;https:\/\/www.hgi-cgs.hr\/wp-content\/uploads\/2020\/03\/ban3-scaled.jpg&#8221; background_enable_image=&#8221;on&#8221; locked=&#8221;off&#8221; sticky_transition=&#8221;on&#8221;][\/et_pb_slide][et_pb_slide heading=&#8221;Hrvatski geolo\u0161ki institut&#8221; _builder_version=&#8221;4.4.1&#8243; header_font=&#8221;|||on|||||&#8221; background_image=&#8221;https:\/\/www.hgi-cgs.hr\/wp-content\/uploads\/2020\/03\/Bijele_stijene-Gorski_kotar-scaled.jpg&#8221; background_enable_image=&#8221;on&#8221; locked=&#8221;off&#8221; sticky_transition=&#8221;on&#8221;][\/et_pb_slide][et_pb_slide heading=&#8221;Hrvatski geolo\u0161ki institut&#8221; _builder_version=&#8221;4.4.1&#8243; header_font=&#8221;|||on|||||&#8221; background_image=&#8221;https:\/\/www.hgi-cgs.hr\/wp-content\/uploads\/2020\/03\/ban4-scaled.jpg&#8221; background_enable_image=&#8221;on&#8221; locked=&#8221;off&#8221; sticky_transition=&#8221;on&#8221;][\/et_pb_slide][et_pb_slide heading=&#8221;Hrvatski geolo\u0161ki institut&#8221; _builder_version=&#8221;4.4.1&#8243; header_font=&#8221;|||on|||||&#8221; background_image=&#8221;https:\/\/www.hgi-cgs.hr\/wp-content\/uploads\/2020\/03\/ban5-scaled.jpg&#8221; background_enable_image=&#8221;on&#8221; locked=&#8221;off&#8221; sticky_transition=&#8221;on&#8221;][\/et_pb_slide][\/et_pb_fullwidth_slider][\/et_pb_section][et_pb_section fb_built=&#8221;1&#8243; _builder_version=&#8221;4.4.2&#8243; custom_padding=&#8221;||0px|||&#8221;][et_pb_row _builder_version=&#8221;4.4.2&#8243;][et_pb_column type=&#8221;4_4&#8243; _builder_version=&#8221;4.4.2&#8243;][et_pb_text _builder_version=&#8221;4.8.2&#8243; text_font_size=&#8221;32px&#8221; header_2_text_color=&#8221;#1e5096&#8243;]<\/p>\n<h2 style=\"text-align: center; color: #1e5096;\"><strong>RESPONSa &#8211; NOVOSTI &amp; OBAVIJESTI<br \/><\/strong><\/h2>\n<p>[\/et_pb_text][\/et_pb_column][\/et_pb_row][et_pb_row _builder_version=&#8221;4.4.2&#8243;][et_pb_column type=&#8221;4_4&#8243; _builder_version=&#8221;4.4.2&#8243;][et_pb_text _builder_version=&#8221;4.8.2&#8243; text_font_size=&#8221;32px&#8221; header_2_text_color=&#8221;#1e5096&#8243; header_2_line_height=&#8221;1.3em&#8221;]<\/p>\n<h2 style=\"text-align: center; color: #1e5096;\">Projekt RESPONSa \u2013 Bilten br. 1<\/h2>\n<p>[\/et_pb_text][\/et_pb_column][\/et_pb_row][\/et_pb_section][et_pb_section fb_built=&#8221;1&#8243; _builder_version=&#8221;4.4.2&#8243; custom_padding=&#8221;20px||41px|||&#8221;][et_pb_row _builder_version=&#8221;4.4.2&#8243; custom_padding=&#8221;0px|||||&#8221;][et_pb_column type=&#8221;4_4&#8243; _builder_version=&#8221;4.4.2&#8243;][et_pb_image src=&#8221;https:\/\/www.hgi-cgs.hr\/wp-content\/uploads\/2021\/02\/RESPONSa_color_cover_re.jpg&#8221; title_text=&#8221;RESPONSa_color_cover_re&#8221; align=&#8221;center&#8221; align_tablet=&#8221;center&#8221; align_phone=&#8221;&#8221; align_last_edited=&#8221;on|desktop&#8221; _builder_version=&#8221;4.8.2&#8243; max_width=&#8221;40%&#8221; module_alignment=&#8221;center&#8221;][\/et_pb_image][\/et_pb_column][\/et_pb_row][et_pb_row _builder_version=&#8221;4.6.1&#8243; min_height=&#8221;192px&#8221; custom_margin=&#8221;12px|auto||auto||&#8221; custom_padding=&#8221;0px||0px|||&#8221;][et_pb_column type=&#8221;4_4&#8243; _builder_version=&#8221;4.0.3&#8243;][et_pb_text _builder_version=&#8221;4.8.2&#8243; text_font=&#8221;||||||||&#8221; link_font=&#8221;||||||||&#8221; link_text_color=&#8221;#e09900&#8243; custom_margin=&#8221;8px|||||&#8221; custom_padding=&#8221;|10px||10px|false|true&#8221;]<\/p>\n<p>Izvje\u0161taj za 1. projektni period podnesen je 15.01.2021. Prikaz najva\u017enijih aktivnosti koje su provedene u sklopu ovog perioda prikazane su u 1. projektnom biltenu.<\/p>\n<p>Ve\u0107ina odra\u0111enih aktivnosti i isporuka provedeno je unutar radnog paketa Upravljanje, a odnose se na:<\/p>\n<p>&#8211; potpisivanje Ugovora o subvencioniranju izme\u0111u Ministarstva regionalnog razvoja i fondova Europske unije (Upravlja\u010dkog tijela Programa INTERREG IPA prekograni\u010dna suradnja Hrvatska \u2013 Bosna i Hercegovina \u2013 Crna Gora 2014-2020) i Hrvatskog geolo\u0161kog instituta (vode\u0107eg projektnog partnera);<\/p>\n<p>&#8211;\u00a0 potpisivanje Sporazuma o partnerstvu izme\u0111u projektnih partnera;<\/p>\n<p>&#8211; izradu projektnih planova \u2013 projektnog plana upravljanja, plana javnih nabava, sustava financijskog nadzora;<\/p>\n<p>&#8211; odr\u017eavanje 1. projektnog sastanka i sastanka upravnog odbora.<\/p>\n<p>U sklopu radnog paketa Komunikacije izra\u0111en je vizualni identitet projekta i Strategija komunikacije, te su kreirani profili projekta na dru\u0161tvenim mre\u017eama.<\/p>\n<p>Unutar radnog paketa Implementacija u ovom periodu, aktivnosti su bile usmjerene na osiguranje odr\u017eivosti web portala \u201ePrijavi klizi\u0161te\u201c, koji je uspostavljen tijekom prija\u0161njeg projekta safEarth i bit \u0107e aktivan za vrijeme cijelog trajanja projekta RESPONSa, s ciljem prikupljanja podataka o klizi\u0161tima i a\u017euriranju katastra klizi\u0161ta na dr\u017eavnoj razini.<\/p>\n<p>RESPONSa tim<\/p>\n<p>Velja\u010da, 2021.<\/p>\n<p>[\/et_pb_text][\/et_pb_column][\/et_pb_row][et_pb_row _builder_version=&#8221;4.8.2&#8243; _module_preset=&#8221;default&#8221;][et_pb_column type=&#8221;4_4&#8243; _builder_version=&#8221;4.8.2&#8243; _module_preset=&#8221;default&#8221;][et_pb_image src=&#8221;https:\/\/www.hgi-cgs.hr\/wp-content\/uploads\/2021\/02\/RESPONSa_newsletter01_HRsm-scaled.jpg&#8221; title_text=&#8221;RESPONSa_newsletter01_HRsm&#8221; _builder_version=&#8221;4.8.2&#8243; _module_preset=&#8221;default&#8221;][\/et_pb_image][et_pb_text _builder_version=&#8221;4.8.2&#8243; _module_preset=&#8221;default&#8221; text_font_size=&#8221;13px&#8221; custom_margin=&#8221;-20px|||||&#8221; hover_enabled=&#8221;0&#8243; sticky_enabled=&#8221;0&#8243;]<\/p>\n<p style=\"text-align: center;\">RESPONSa Bilten br. 1<\/p>\n<p>[\/et_pb_text][\/et_pb_column][\/et_pb_row][\/et_pb_section]<\/p>\n","protected":false},"excerpt":{"rendered":"<p>RESPONSa &#8211; NOVOSTI &amp; OBAVIJESTIProjekt RESPONSa \u2013 Bilten br. 1Izvje\u0161taj za 1. projektni period podnesen je 15.01.2021. Prikaz najva\u017enijih aktivnosti koje su provedene u sklopu ovog perioda prikazane su u 1. projektnom biltenu. Ve\u0107ina odra\u0111enih aktivnosti i isporuka provedeno je unutar radnog paketa Upravljanje, a odnose se na: &#8211; potpisivanje Ugovora o subvencioniranju izme\u0111u Ministarstva [&hellip;]<\/p>\n","protected":false},"author":1,"featured_media":0,"parent":0,"menu_order":0,"comment_status":"closed","ping_status":"closed","template":"","meta":{"_et_pb_use_builder":"on","_et_pb_old_content":"","_et_gb_content_width":"","footnotes":""},"class_list":["post-38408","page","type-page","status-publish","hentry"],"aioseo_notices":[],"_links":{"self":[{"href":"https:\/\/www.hgi-cgs.hr\/en\/wp-json\/wp\/v2\/pages\/38408","targetHints":{"allow":["GET"]}}],"collection":[{"href":"https:\/\/www.hgi-cgs.hr\/en\/wp-json\/wp\/v2\/pages"}],"about":[{"href":"https:\/\/www.hgi-cgs.hr\/en\/wp-json\/wp\/v2\/types\/page"}],"author":[{"embeddable":true,"href":"https:\/\/www.hgi-cgs.hr\/en\/wp-json\/wp\/v2\/users\/1"}],"replies":[{"embeddable":true,"href":"https:\/\/www.hgi-cgs.hr\/en\/wp-json\/wp\/v2\/comments?post=38408"}],"version-history":[{"count":3,"href":"https:\/\/www.hgi-cgs.hr\/en\/wp-json\/wp\/v2\/pages\/38408\/revisions"}],"predecessor-version":[{"id":38416,"href":"https:\/\/www.hgi-cgs.hr\/en\/wp-json\/wp\/v2\/pages\/38408\/revisions\/38416"}],"wp:attachment":[{"href":"https:\/\/www.hgi-cgs.hr\/en\/wp-json\/wp\/v2\/media?parent=38408"}],"curies":[{"name":"wp","href":"https:\/\/api.w.org\/{rel}","templated":true}]}}