{"id":37737,"date":"2021-01-04T10:48:19","date_gmt":"2021-01-04T10:48:19","guid":{"rendered":"https:\/\/www.hgi-cgs.hr\/?page_id=37737"},"modified":"2021-01-04T10:53:53","modified_gmt":"2021-01-04T10:53:53","slug":"predstavljanje-simona-projekta-na-7-hrvatskoj-konferenciji-o-vodama-s-medunarodnim-sudjelovanjem","status":"publish","type":"page","link":"https:\/\/www.hgi-cgs.hr\/en\/predstavljanje-simona-projekta-na-7-hrvatskoj-konferenciji-o-vodama-s-medunarodnim-sudjelovanjem\/","title":{"rendered":"Predstavljanje SIMONA projekta na 7. hrvatskoj konferenciji o vodama s me\u0111unarodnim sudjelovanjem"},"content":{"rendered":"<p>[et_pb_section fb_built=&#8221;1&#8243; fullwidth=&#8221;on&#8221; _builder_version=&#8221;4.4.1&#8243; custom_padding=&#8221;0px||0px|||&#8221;][et_pb_fullwidth_slider _builder_version=&#8221;4.4.2&#8243; min_height=&#8221;112px&#8221; height=&#8221;400px&#8221; custom_margin=&#8221;0px||||false|false&#8221; custom_padding=&#8221;0px||18px||false|false&#8221; auto=&#8221;on&#8221; auto_ignore_hover=&#8221;on&#8221; locked=&#8221;off&#8221;][et_pb_slide heading=&#8221;Hrvatski geolo\u0161ki institut&#8221; _builder_version=&#8221;4.4.1&#8243; header_font=&#8221;|||on|||||&#8221; background_image=&#8221;http:\/\/www.hgi-cgs.hr\/wp-content\/uploads\/2020\/03\/Br\u010di\u0107_Drvenik02-scaled.jpg&#8221; background_enable_image=&#8221;on&#8221; locked=&#8221;off&#8221; sticky_transition=&#8221;on&#8221;][\/et_pb_slide][et_pb_slide heading=&#8221;Hrvatski geolo\u0161ki institut&#8221; _builder_version=&#8221;4.4.1&#8243; header_font=&#8221;|||on|||||&#8221; background_image=&#8221;http:\/\/www.hgi-cgs.hr\/wp-content\/uploads\/2020\/03\/ban2-scaled.jpg&#8221; background_enable_image=&#8221;on&#8221; locked=&#8221;off&#8221; sticky_transition=&#8221;on&#8221;][\/et_pb_slide][et_pb_slide heading=&#8221;Hrvatski geolo\u0161ki institut&#8221; _builder_version=&#8221;4.4.1&#8243; header_font=&#8221;|||on|||||&#8221; background_image=&#8221;http:\/\/www.hgi-cgs.hr\/wp-content\/uploads\/2020\/03\/20190228_094232-scaled.jpg&#8221; background_enable_image=&#8221;on&#8221; locked=&#8221;off&#8221; sticky_transition=&#8221;on&#8221;][\/et_pb_slide][et_pb_slide heading=&#8221;Hrvatski geolo\u0161ki institut&#8221; _builder_version=&#8221;4.4.1&#8243; header_font=&#8221;|||on|||||&#8221; background_image=&#8221;http:\/\/www.hgi-cgs.hr\/wp-content\/uploads\/2020\/03\/ban3-scaled.jpg&#8221; background_enable_image=&#8221;on&#8221; locked=&#8221;off&#8221; sticky_transition=&#8221;on&#8221;][\/et_pb_slide][et_pb_slide heading=&#8221;Hrvatski geolo\u0161ki institut&#8221; _builder_version=&#8221;4.4.1&#8243; header_font=&#8221;|||on|||||&#8221; background_image=&#8221;http:\/\/www.hgi-cgs.hr\/wp-content\/uploads\/2020\/03\/Bijele_stijene-Gorski_kotar-scaled.jpg&#8221; background_enable_image=&#8221;on&#8221; locked=&#8221;off&#8221; sticky_transition=&#8221;on&#8221;][\/et_pb_slide][et_pb_slide heading=&#8221;Hrvatski geolo\u0161ki institut&#8221; _builder_version=&#8221;4.4.1&#8243; header_font=&#8221;|||on|||||&#8221; background_image=&#8221;http:\/\/www.hgi-cgs.hr\/wp-content\/uploads\/2020\/03\/ban4-scaled.jpg&#8221; background_enable_image=&#8221;on&#8221; locked=&#8221;off&#8221; sticky_transition=&#8221;on&#8221;][\/et_pb_slide][et_pb_slide heading=&#8221;Hrvatski geolo\u0161ki institut&#8221; _builder_version=&#8221;4.4.1&#8243; header_font=&#8221;|||on|||||&#8221; background_image=&#8221;http:\/\/www.hgi-cgs.hr\/wp-content\/uploads\/2020\/03\/ban5-scaled.jpg&#8221; background_enable_image=&#8221;on&#8221; locked=&#8221;off&#8221; sticky_transition=&#8221;on&#8221;][\/et_pb_slide][\/et_pb_fullwidth_slider][\/et_pb_section][et_pb_section fb_built=&#8221;1&#8243; _builder_version=&#8221;4.4.2&#8243;][et_pb_row _builder_version=&#8221;4.4.2&#8243;][et_pb_column type=&#8221;4_4&#8243; _builder_version=&#8221;4.4.2&#8243;][et_pb_text _builder_version=&#8221;4.7.7&#8243; text_font_size=&#8221;32px&#8221; header_2_text_color=&#8221;#1e5096&#8243;]<\/p>\n<h2 style=\"text-align: center; color: #1e5096;\"><strong>ARHIVA NOVOSTI<\/strong><\/h2>\n<p>[\/et_pb_text][\/et_pb_column][\/et_pb_row][et_pb_row _builder_version=&#8221;4.4.2&#8243; custom_margin=&#8221;|auto|-9px|auto||&#8221;][et_pb_column type=&#8221;4_4&#8243; _builder_version=&#8221;4.4.2&#8243;][et_pb_text _builder_version=&#8221;4.7.7&#8243; text_font_size=&#8221;32px&#8221; header_2_text_color=&#8221;#1e5096&#8243; header_2_line_height=&#8221;1.3em&#8221; custom_margin=&#8221;||-10px|||&#8221; hover_enabled=&#8221;0&#8243; sticky_enabled=&#8221;0&#8243;]<\/p>\n<h2 style=\"text-align: center; color: #1e5096;\">Predstavljanje SIMONA projekta na 7. hrvatskoj konferenciji o vodama s me\u0111unarodnim sudjelovanjem<\/h2>\n<p>[\/et_pb_text][et_pb_image src=&#8221;https:\/\/www.hgi-cgs.hr\/wp-content\/uploads\/2019\/12\/simona.jpg&#8221; _builder_version=&#8221;4.7.7&#8243; _module_preset=&#8221;default&#8221; alt=&#8221;SIMONA logo&#8221; title_text=&#8221;simona&#8221; align=&#8221;center&#8221; width=&#8221;30%&#8221; hover_enabled=&#8221;0&#8243; sticky_enabled=&#8221;0&#8243;][\/et_pb_image][\/et_pb_column][\/et_pb_row][\/et_pb_section][et_pb_section fb_built=&#8221;1&#8243; _builder_version=&#8221;4.4.2&#8243; custom_padding=&#8221;20px||41px|||&#8221;][et_pb_row _builder_version=&#8221;4.0.3&#8243; min_height=&#8221;192px&#8221; custom_margin=&#8221;-4px|auto||auto||&#8221; custom_padding=&#8221;0px|||||&#8221;][et_pb_column type=&#8221;4_4&#8243; _builder_version=&#8221;4.0.3&#8243;][et_pb_text _builder_version=&#8221;4.7.7&#8243; text_font=&#8221;||||||||&#8221; link_font=&#8221;||||||||&#8221; link_text_color=&#8221;#e09900&#8243; custom_margin=&#8221;18px|||||&#8221; custom_padding=&#8221;|10px||10px|false|true&#8221; hover_enabled=&#8221;0&#8243; sticky_enabled=&#8221;0&#8243;]<\/p>\n<p>U razdoblju od 30. svibnja do 1. lipnja 2019. u Opatiji se odr\u017eala 7. hrvatska konferencija o vodama s me\u0111unarodnim sudjelovanjem. Moto konferencije bio je Hrvatske vode u za\u0161titi okoli\u0161a i prirode, a tematski je bila temeljena na provedbi europske Okvirne direktive o vodama, koja za cilj ima za\u0161titu i unaprije\u0111enje vodnih ekosustava na podru\u010dju Europske unije. Na Konferenciji je predstavljen velik broj znanstvenih i stru\u010dnih radova, od kojih je mno\u0161tvo proiza\u0161lo iz razli\u010ditih europskih projekata, ali je tako\u0111er ostalo jasno da ima mnogo prostora za bolje iskori\u0161tenje sredstava iz europskih fondova. Tako\u0111er, poseban naglasak stavljen je na me\u0111unarodnu suradnju, \u0161to je i u duhu Europske unije. U takav sadr\u017eaj konferencije projekt SIMONA izvrsno se uklopio, te je predstavljen u vidu rada i prezentacije u sklopu jedne od \u010detiri znanstveno-stru\u010dne teme konferencije, pod nazivom Vodna politika, obrazovanje, vodnogospodarsko planiranje, me\u0111unarodna suradnja i sudjelovanje javnosti. Tako\u0111er, rad grupe autora Hrvatskog geolo\u0161kog instituta, Hrvatskih voda i Javne ustanove Vode Srpske, naziva SIMONA \u2013 projekt uspostave sustava nadzora kakvo\u0107e drena\u017enog sedimenta dunavskog slijeva, objavljen je u Zborniku radova Konferencije (<a href=\"https:\/\/www.voda.hr\/hr\/zbornici-radova-hrvatskih-konferencija-o-vodama\">https:\/\/www.voda.hr\/hr\/zbornici-radova-hrvatskih-konferencija-o-vodama<\/a>). U radu i prezentaciji je naglasak stavljen na Okvirnu direktivu o vodama, me\u0111unarodnu suradnju, vertikalnu suradnju znanstvenih institucija i institucija zadu\u017eenih za upravljanje vodama na dr\u017eavnoj razini, na zna\u010daj drena\u017enog sedimenta kao medija uzorkovanja te na opis radnih paketa projekta SIMONA.<\/p>\n<p>[\/et_pb_text][et_pb_text _builder_version=&#8221;4.7.7&#8243; _module_preset=&#8221;default&#8221; hover_enabled=&#8221;0&#8243; sticky_enabled=&#8221;0&#8243;]<\/p>\n<p><a href=\"https:\/\/www.hgi-cgs.hr\/presentation-of-the-simona-project-on-the-7th-croatian-water-conference-with-international-participation\/\"><em>English version<\/em><\/a><\/p>\n<p>[\/et_pb_text][\/et_pb_column][\/et_pb_row][\/et_pb_section]<\/p>\n","protected":false},"excerpt":{"rendered":"<p>ARHIVA NOVOSTIPredstavljanje SIMONA projekta na 7. hrvatskoj konferenciji o vodama s me\u0111unarodnim sudjelovanjem U razdoblju od 30. svibnja do 1. lipnja 2019. u Opatiji se odr\u017eala 7. hrvatska konferencija o vodama s me\u0111unarodnim sudjelovanjem. Moto konferencije bio je Hrvatske vode u za\u0161titi okoli\u0161a i prirode, a tematski je bila temeljena na provedbi europske Okvirne direktive [&hellip;]<\/p>\n","protected":false},"author":1,"featured_media":0,"parent":0,"menu_order":0,"comment_status":"closed","ping_status":"closed","template":"","meta":{"_et_pb_use_builder":"on","_et_pb_old_content":"","_et_gb_content_width":"","footnotes":""},"class_list":["post-37737","page","type-page","status-publish","hentry"],"aioseo_notices":[],"_links":{"self":[{"href":"https:\/\/www.hgi-cgs.hr\/en\/wp-json\/wp\/v2\/pages\/37737","targetHints":{"allow":["GET"]}}],"collection":[{"href":"https:\/\/www.hgi-cgs.hr\/en\/wp-json\/wp\/v2\/pages"}],"about":[{"href":"https:\/\/www.hgi-cgs.hr\/en\/wp-json\/wp\/v2\/types\/page"}],"author":[{"embeddable":true,"href":"https:\/\/www.hgi-cgs.hr\/en\/wp-json\/wp\/v2\/users\/1"}],"replies":[{"embeddable":true,"href":"https:\/\/www.hgi-cgs.hr\/en\/wp-json\/wp\/v2\/comments?post=37737"}],"version-history":[{"count":3,"href":"https:\/\/www.hgi-cgs.hr\/en\/wp-json\/wp\/v2\/pages\/37737\/revisions"}],"predecessor-version":[{"id":37745,"href":"https:\/\/www.hgi-cgs.hr\/en\/wp-json\/wp\/v2\/pages\/37737\/revisions\/37745"}],"wp:attachment":[{"href":"https:\/\/www.hgi-cgs.hr\/en\/wp-json\/wp\/v2\/media?parent=37737"}],"curies":[{"name":"wp","href":"https:\/\/api.w.org\/{rel}","templated":true}]}}