{"id":37259,"date":"2020-12-03T13:37:27","date_gmt":"2020-12-03T13:37:27","guid":{"rendered":"https:\/\/www.hgi-cgs.hr\/?page_id=37259"},"modified":"2020-12-04T13:59:47","modified_gmt":"2020-12-04T13:59:47","slug":"dodijeljene-godisnje-nagrade-hrvatskog-geoloskog-instituta-povodom-blagana-sv-barbare-i-dana-instituta","status":"publish","type":"page","link":"https:\/\/www.hgi-cgs.hr\/en\/dodijeljene-godisnje-nagrade-hrvatskog-geoloskog-instituta-povodom-blagana-sv-barbare-i-dana-instituta\/","title":{"rendered":"Dodijeljene godi\u0161nje nagrade Hrvatskog geolo\u0161kog instituta povodom blagana sv. Barbare i dana Instituta"},"content":{"rendered":"<p>[et_pb_section fb_built=&#8221;1&#8243; fullwidth=&#8221;on&#8221; _builder_version=&#8221;4.4.1&#8243; custom_padding=&#8221;0px||0px|||&#8221;][et_pb_fullwidth_slider _builder_version=&#8221;4.4.2&#8243; min_height=&#8221;112px&#8221; height=&#8221;400px&#8221; custom_margin=&#8221;0px||||false|false&#8221; custom_padding=&#8221;0px||18px||false|false&#8221; auto=&#8221;on&#8221; auto_ignore_hover=&#8221;on&#8221; locked=&#8221;off&#8221;][et_pb_slide heading=&#8221;Hrvatski geolo\u0161ki institut&#8221; _builder_version=&#8221;4.4.1&#8243; header_font=&#8221;|||on|||||&#8221; background_image=&#8221;https:\/\/www.hgi-cgs.hr\/wp-content\/uploads\/2020\/03\/Br\u010di\u0107_Drvenik02-scaled.jpg&#8221; background_enable_image=&#8221;on&#8221; locked=&#8221;off&#8221; sticky_transition=&#8221;on&#8221;][\/et_pb_slide][et_pb_slide heading=&#8221;Hrvatski geolo\u0161ki institut&#8221; _builder_version=&#8221;4.4.1&#8243; header_font=&#8221;|||on|||||&#8221; background_image=&#8221;https:\/\/www.hgi-cgs.hr\/wp-content\/uploads\/2020\/03\/ban2-scaled.jpg&#8221; background_enable_image=&#8221;on&#8221; locked=&#8221;off&#8221; sticky_transition=&#8221;on&#8221;][\/et_pb_slide][et_pb_slide heading=&#8221;Hrvatski geolo\u0161ki institut&#8221; _builder_version=&#8221;4.4.1&#8243; header_font=&#8221;|||on|||||&#8221; background_image=&#8221;https:\/\/www.hgi-cgs.hr\/wp-content\/uploads\/2020\/03\/20190228_094232-scaled.jpg&#8221; background_enable_image=&#8221;on&#8221; locked=&#8221;off&#8221; sticky_transition=&#8221;on&#8221;][\/et_pb_slide][et_pb_slide heading=&#8221;Hrvatski geolo\u0161ki institut&#8221; _builder_version=&#8221;4.4.1&#8243; header_font=&#8221;|||on|||||&#8221; background_image=&#8221;https:\/\/www.hgi-cgs.hr\/wp-content\/uploads\/2020\/03\/ban3-scaled.jpg&#8221; background_enable_image=&#8221;on&#8221; locked=&#8221;off&#8221; sticky_transition=&#8221;on&#8221;][\/et_pb_slide][et_pb_slide heading=&#8221;Hrvatski geolo\u0161ki institut&#8221; _builder_version=&#8221;4.4.1&#8243; header_font=&#8221;|||on|||||&#8221; background_image=&#8221;https:\/\/www.hgi-cgs.hr\/wp-content\/uploads\/2020\/03\/Bijele_stijene-Gorski_kotar-scaled.jpg&#8221; background_enable_image=&#8221;on&#8221; locked=&#8221;off&#8221; sticky_transition=&#8221;on&#8221;][\/et_pb_slide][et_pb_slide heading=&#8221;Hrvatski geolo\u0161ki institut&#8221; _builder_version=&#8221;4.4.1&#8243; header_font=&#8221;|||on|||||&#8221; background_image=&#8221;https:\/\/www.hgi-cgs.hr\/wp-content\/uploads\/2020\/03\/ban4-scaled.jpg&#8221; background_enable_image=&#8221;on&#8221; locked=&#8221;off&#8221; sticky_transition=&#8221;on&#8221;][\/et_pb_slide][et_pb_slide heading=&#8221;Hrvatski geolo\u0161ki institut&#8221; _builder_version=&#8221;4.4.1&#8243; header_font=&#8221;|||on|||||&#8221; background_image=&#8221;https:\/\/www.hgi-cgs.hr\/wp-content\/uploads\/2020\/03\/ban5-scaled.jpg&#8221; background_enable_image=&#8221;on&#8221; locked=&#8221;off&#8221; sticky_transition=&#8221;on&#8221;][\/et_pb_slide][\/et_pb_fullwidth_slider][\/et_pb_section][et_pb_section fb_built=&#8221;1&#8243; _builder_version=&#8221;4.4.2&#8243;][et_pb_row _builder_version=&#8221;4.4.2&#8243;][et_pb_column type=&#8221;4_4&#8243; _builder_version=&#8221;4.4.2&#8243;][et_pb_text _builder_version=&#8221;4.6.1&#8243; text_font_size=&#8221;32px&#8221; header_2_text_color=&#8221;#1e5096&#8243;]<\/p>\n<h2 style=\"text-align: center; color: #1e5096;\"><strong>NOVOSTI<\/strong><\/h2>\n<p>[\/et_pb_text][\/et_pb_column][\/et_pb_row][et_pb_row _builder_version=&#8221;4.4.2&#8243; custom_margin=&#8221;|auto|-9px|auto||&#8221;][et_pb_column type=&#8221;4_4&#8243; _builder_version=&#8221;4.4.2&#8243;][et_pb_text _builder_version=&#8221;4.7.4&#8243; text_font_size=&#8221;32px&#8221; header_2_text_color=&#8221;#1e5096&#8243; header_2_line_height=&#8221;1.3em&#8221; custom_margin=&#8221;||-10px|||&#8221;]<\/p>\n<h2 style=\"text-align: center; color: #1e5096;\">Dodijeljene godi\u0161nje nagrade Hrvatskog geolo\u0161kog instituta povodom blagana sv. Barbare i dana Instituta<\/h2>\n<p>[\/et_pb_text][\/et_pb_column][\/et_pb_row][\/et_pb_section][et_pb_section fb_built=&#8221;1&#8243; _builder_version=&#8221;4.4.2&#8243; custom_padding=&#8221;20px||41px|||&#8221;][et_pb_row _builder_version=&#8221;4.4.2&#8243; custom_padding=&#8221;0px|||||&#8221;][et_pb_column type=&#8221;4_4&#8243; _builder_version=&#8221;4.4.2&#8243;][et_pb_image src=&#8221;https:\/\/www.hgi-cgs.hr\/wp-content\/uploads\/2020\/12\/svbarabara.jpg&#8221; title_text=&#8221;svbarabara&#8221; align=&#8221;center&#8221; align_tablet=&#8221;center&#8221; align_phone=&#8221;&#8221; align_last_edited=&#8221;on|desktop&#8221; _builder_version=&#8221;4.7.4&#8243; width=&#8221;55%&#8221; max_width=&#8221;100%&#8221; module_alignment=&#8221;center&#8221; border_radii=&#8221;on|5px|5px|5px|5px&#8221; box_shadow_style=&#8221;preset1&#8243; box_shadow_blur=&#8221;15px&#8221;][\/et_pb_image][\/et_pb_column][\/et_pb_row][et_pb_row _builder_version=&#8221;4.0.3&#8243; min_height=&#8221;192px&#8221; custom_margin=&#8221;-4px|auto||auto||&#8221; custom_padding=&#8221;0px|||||&#8221;][et_pb_column type=&#8221;4_4&#8243; _builder_version=&#8221;4.0.3&#8243;][et_pb_text _builder_version=&#8221;4.7.4&#8243; text_font=&#8221;||||||||&#8221; link_font=&#8221;||||||||&#8221; link_text_color=&#8221;#e09900&#8243; custom_margin=&#8221;18px|||||&#8221; custom_padding=&#8221;|10px||10px|false|true&#8221; hover_enabled=&#8221;0&#8243; sticky_enabled=&#8221;0&#8243;]<\/p>\n<p>Povjerenstvo za dodjelu nagrada i priznanja sukladno Pravilniku o nagradama i priznanjima Hrvatskog geolo\u0161kog instituta dodijelilo je sljede\u0107e godi\u0161nje nagrade za 2019. godinu:<\/p>\n<p>&nbsp;<\/p>\n<p><em><strong>Godi\u0161nja nagrada za znanstvena postignu\u0107a<\/strong><\/em><\/p>\n<p>Godi\u0161nja nagrada za znanstvena postignu\u0107a dodjeljuje se djelatniku Instituta za najve\u0107i broj preglednih, izvornih znanstvenih i stru\u010dnih radova objavljenih u 2019. godini.<\/p>\n<p>Nagrada se dodjeljuje <strong>Dr.sc. Sta\u0161i Borovi\u0107<\/strong> za podru\u010dje tehni\u010dkih znanosti, polje geolo\u0161ko in\u017eenjerstvo.<\/p>\n<p>Nagrada za podru\u010dje prirodnih znanosti, polje geologije za 2019. godinu<strong> temeljem Pravilnika se ne dodjeljuje. <\/strong><\/p>\n<p>Posebnom godi\u0161njom nagradom ravnatelja za izuzetan doprinos Hrvatskom geolo\u0161kom institutu na temelju broja objavljenih izvornih znanstvenih radova dodjeljuju se nagrade <strong>dr.sc. Viktoriji Baranyi, dr.sc. Ajki \u0160or\u0161i, i dr.sc. Petri Bajo.<\/strong><\/p>\n<p><strong><\/strong><\/p>\n<p><strong><\/strong><\/p>\n<p><em><strong>Godi\u0161nja nagrada mladom znanstveniku za znanstvena postignu\u0107a<\/strong><\/em><\/p>\n<p>Godi\u0161nja nagrada mladom znanstveniku za znanstvena postignu\u0107a za 2019. godinu se <strong>ne dodjeljuje.<\/strong><\/p>\n<p><strong><\/strong><\/p>\n<p><strong><\/strong><\/p>\n<p><strong><em>Godi\u0161nja nagrada za znanstveni rad objavljen u \u010dasopisu s najve\u0107im odjekom.<\/em> <\/strong><\/p>\n<p>Godi\u0161nja nagrada za rad s najve\u0107im znanstvenim odjekom dodjeljuje se za znanstveni rad objavljen u \u010dasopisu s najve\u0107im odjekom (faktorom odjeka prema WOS-u).<\/p>\n<p>Nagrada se dodjeljuje <strong>dr.sc. Ajki \u0160or\u0161i<\/strong> u podru\u010dju <strong>prirodnih znanosti polje geologije<\/strong>.<\/p>\n<p>Nagrada se dodjeljuje dr.sc. <strong>\u017deljki Brki\u0107<\/strong>, <strong>Maldenu Kuhti<\/strong>, dipl. ing. geol., i dr.sc. <strong>Ozrenu Larvi<\/strong> u podru\u010dju<strong> tehni\u010dkih znanosti, polje geolo\u0161ko in\u017eenjerstvo.<\/strong><\/p>\n<p>&nbsp;<\/p>\n<p><strong><em>Godi\u0161nja nagrada za rad s najve\u0107im znanstvenim odjekom<\/em> <\/strong><\/p>\n<p>Godi\u0161nja nagrada za rad s najve\u0107im znanstvenim odjekom dodjeljuje se za znanstveni rad, pregledni rad ili stru\u010dni rad koji je do 31. prosinca prethodne kalendarske godine citiran najmanje 15 puta.<\/p>\n<p>Nagrada se dodjeljuje <strong>dr.sc. Tvrtku Korbaru.<\/strong><\/p>\n<p>&nbsp;<\/p>\n<p><em><strong>Godi\u0161nja nagrada za rad objavljen u \u201eGeologia Croatica\u201c s najve\u0107im znanstvenim odjekom<\/strong><\/em><\/p>\n<p>Godi\u0161nja nagrada za rad objavljen u \u201eGeologia Croatica\u201c s najve\u0107im znanstvenim odjekom dodjeljuje se za znanstveni ili stru\u010dni rad, \u010diji je glavni autor djelatnik Instituta te koji je do 31.prosinca prethodne kalendarske godine najvi\u0161e citiran u citatnim bazama podataka <em>Web of Science <\/em>ili <em>SCOPUS<\/em>.<\/p>\n<p>Nagrada se dodjeljuje <strong>dr.sc. Radovanu Avani\u0107u.<\/strong><\/p>\n<p>&nbsp;<\/p>\n<p><strong><em>Godi\u0161nja nagrada za izuzetan doprinos geolo\u0161koj struci<\/em> <\/strong><\/p>\n<p>Godi\u0161nja nagrada za izuzetan doprinos geolo\u0161koj struci, nagrada za izuzetan doprinos geolo\u0161koj struci stru\u010dnih suradnika; autorstvo i vo\u0111enje listova geolo\u0161kih karata, broja elaborata i studija, vo\u0111enje financijski zna\u010dajnih projekata drugi izuzetan doprinos unaprje\u0111enju rada Instituta.<\/p>\n<p>Nagrada se dodjeljuje grupi zaposlenika za rad na izradi aplikacije GeoCro:<\/p>\n<p><strong>Marku Budi\u0107u, dipl. ing. geol., dr.sc. Ivanu Mi\u0161uru, dr.sc.Tomislavu Kure\u010di\u0107u, Kre\u0161imiru Petrinjaku, dipl.ing.geol., i dr.sc. Duji Kuko\u010du.<\/strong><\/p>\n<p><strong>\u00a0<\/strong><\/p>\n<p><em><strong>Godi\u0161nja nagrada za izuzetno zalaganje tehni\u010dkom i administrativnom osoblju<\/strong><\/em><\/p>\n<p>Godi\u0161nja nagrada dodjeljuje se <strong>Jasminki Martinjak<\/strong>, dipl. ing geol. i <strong>Tei Fluksi<\/strong> za rad na organizaciji 6. Hrvatskog geolo\u0161kog kongresa i proslave 110. godi\u0161njice HGI-a.<\/p>\n<p>&nbsp;<\/p>\n<p>Zbog epidemiolo\u0161kih prilika sve\u010dano obilje\u017eavanje sv. Barbare i dana HGI-a ne\u0107e se odr\u017eati.<\/p>\n<p>[\/et_pb_text][\/et_pb_column][\/et_pb_row][\/et_pb_section]<\/p>\n","protected":false},"excerpt":{"rendered":"<p>NOVOSTIDodijeljene godi\u0161nje nagrade Hrvatskog geolo\u0161kog instituta povodom blagana sv. Barbare i dana InstitutaPovjerenstvo za dodjelu nagrada i priznanja sukladno Pravilniku o nagradama i priznanjima Hrvatskog geolo\u0161kog instituta dodijelilo je sljede\u0107e godi\u0161nje nagrade za 2019. godinu: &nbsp; Godi\u0161nja nagrada za znanstvena postignu\u0107a Godi\u0161nja nagrada za znanstvena postignu\u0107a dodjeljuje se djelatniku Instituta za najve\u0107i broj preglednih, izvornih [&hellip;]<\/p>\n","protected":false},"author":1,"featured_media":0,"parent":0,"menu_order":0,"comment_status":"closed","ping_status":"closed","template":"","meta":{"_et_pb_use_builder":"on","_et_pb_old_content":"","_et_gb_content_width":"","footnotes":""},"class_list":["post-37259","page","type-page","status-publish","hentry"],"aioseo_notices":[],"_links":{"self":[{"href":"https:\/\/www.hgi-cgs.hr\/en\/wp-json\/wp\/v2\/pages\/37259","targetHints":{"allow":["GET"]}}],"collection":[{"href":"https:\/\/www.hgi-cgs.hr\/en\/wp-json\/wp\/v2\/pages"}],"about":[{"href":"https:\/\/www.hgi-cgs.hr\/en\/wp-json\/wp\/v2\/types\/page"}],"author":[{"embeddable":true,"href":"https:\/\/www.hgi-cgs.hr\/en\/wp-json\/wp\/v2\/users\/1"}],"replies":[{"embeddable":true,"href":"https:\/\/www.hgi-cgs.hr\/en\/wp-json\/wp\/v2\/comments?post=37259"}],"version-history":[{"count":5,"href":"https:\/\/www.hgi-cgs.hr\/en\/wp-json\/wp\/v2\/pages\/37259\/revisions"}],"predecessor-version":[{"id":37311,"href":"https:\/\/www.hgi-cgs.hr\/en\/wp-json\/wp\/v2\/pages\/37259\/revisions\/37311"}],"wp:attachment":[{"href":"https:\/\/www.hgi-cgs.hr\/en\/wp-json\/wp\/v2\/media?parent=37259"}],"curies":[{"name":"wp","href":"https:\/\/api.w.org\/{rel}","templated":true}]}}