{"id":37118,"date":"2020-11-30T08:20:25","date_gmt":"2020-11-30T08:20:25","guid":{"rendered":"https:\/\/www.hgi-cgs.hr\/?page_id=37118"},"modified":"2020-12-18T08:27:26","modified_gmt":"2020-12-18T08:27:26","slug":"active-tectonics-in-the-kvarner-region-external-dinarides-croatia-an-alternative-approach-based-on-focused-geological-mapping-3d-seismological-and-shallow-seismic-imaging-data","status":"publish","type":"page","link":"https:\/\/www.hgi-cgs.hr\/en\/active-tectonics-in-the-kvarner-region-external-dinarides-croatia-an-alternative-approach-based-on-focused-geological-mapping-3d-seismological-and-shallow-seismic-imaging-data\/","title":{"rendered":"Active tectonics in the Kvarner region (External Dinarides, Croatia) \u2013 an alternative approach based on focused geological mapping, 3D seismological and shallow seismic imaging data"},"content":{"rendered":"<p>[et_pb_section fb_built=&#8221;1&#8243; fullwidth=&#8221;on&#8221; _builder_version=&#8221;4.4.1&#8243; custom_padding=&#8221;0px||0px|||&#8221;][et_pb_fullwidth_slider _builder_version=&#8221;4.4.2&#8243; min_height=&#8221;112px&#8221; height=&#8221;400px&#8221; custom_margin=&#8221;0px||||false|false&#8221; custom_padding=&#8221;0px||18px||false|false&#8221; auto=&#8221;on&#8221; auto_ignore_hover=&#8221;on&#8221; locked=&#8221;off&#8221;][et_pb_slide heading=&#8221;Hrvatski geolo\u0161ki institut&#8221; _builder_version=&#8221;4.4.1&#8243; header_font=&#8221;|||on|||||&#8221; background_image=&#8221;https:\/\/www.hgi-cgs.hr\/wp-content\/uploads\/2020\/03\/Br\u010di\u0107_Drvenik02-scaled.jpg&#8221; background_enable_image=&#8221;on&#8221; locked=&#8221;off&#8221; sticky_transition=&#8221;on&#8221;][\/et_pb_slide][et_pb_slide heading=&#8221;Hrvatski geolo\u0161ki institut&#8221; _builder_version=&#8221;4.4.1&#8243; header_font=&#8221;|||on|||||&#8221; background_image=&#8221;https:\/\/www.hgi-cgs.hr\/wp-content\/uploads\/2020\/03\/ban2-scaled.jpg&#8221; background_enable_image=&#8221;on&#8221; locked=&#8221;off&#8221; sticky_transition=&#8221;on&#8221;][\/et_pb_slide][et_pb_slide heading=&#8221;Hrvatski geolo\u0161ki institut&#8221; _builder_version=&#8221;4.4.1&#8243; header_font=&#8221;|||on|||||&#8221; background_image=&#8221;https:\/\/www.hgi-cgs.hr\/wp-content\/uploads\/2020\/03\/20190228_094232-scaled.jpg&#8221; background_enable_image=&#8221;on&#8221; locked=&#8221;off&#8221; sticky_transition=&#8221;on&#8221;][\/et_pb_slide][et_pb_slide heading=&#8221;Hrvatski geolo\u0161ki institut&#8221; _builder_version=&#8221;4.4.1&#8243; header_font=&#8221;|||on|||||&#8221; background_image=&#8221;https:\/\/www.hgi-cgs.hr\/wp-content\/uploads\/2020\/03\/ban3-scaled.jpg&#8221; background_enable_image=&#8221;on&#8221; locked=&#8221;off&#8221; sticky_transition=&#8221;on&#8221;][\/et_pb_slide][et_pb_slide heading=&#8221;Hrvatski geolo\u0161ki institut&#8221; _builder_version=&#8221;4.4.1&#8243; header_font=&#8221;|||on|||||&#8221; background_image=&#8221;https:\/\/www.hgi-cgs.hr\/wp-content\/uploads\/2020\/03\/Bijele_stijene-Gorski_kotar-scaled.jpg&#8221; background_enable_image=&#8221;on&#8221; locked=&#8221;off&#8221; sticky_transition=&#8221;on&#8221;][\/et_pb_slide][et_pb_slide heading=&#8221;Hrvatski geolo\u0161ki institut&#8221; _builder_version=&#8221;4.4.1&#8243; header_font=&#8221;|||on|||||&#8221; background_image=&#8221;https:\/\/www.hgi-cgs.hr\/wp-content\/uploads\/2020\/03\/ban4-scaled.jpg&#8221; background_enable_image=&#8221;on&#8221; locked=&#8221;off&#8221; sticky_transition=&#8221;on&#8221;][\/et_pb_slide][et_pb_slide heading=&#8221;Hrvatski geolo\u0161ki institut&#8221; _builder_version=&#8221;4.4.1&#8243; header_font=&#8221;|||on|||||&#8221; background_image=&#8221;https:\/\/www.hgi-cgs.hr\/wp-content\/uploads\/2020\/03\/ban5-scaled.jpg&#8221; background_enable_image=&#8221;on&#8221; locked=&#8221;off&#8221; sticky_transition=&#8221;on&#8221;][\/et_pb_slide][\/et_pb_fullwidth_slider][\/et_pb_section][et_pb_section fb_built=&#8221;1&#8243; _builder_version=&#8221;4.4.2&#8243;][et_pb_row _builder_version=&#8221;4.4.2&#8243;][et_pb_column type=&#8221;4_4&#8243; _builder_version=&#8221;4.4.2&#8243;][et_pb_text _builder_version=&#8221;4.6.6&#8243; text_font_size=&#8221;32px&#8221; header_2_text_color=&#8221;#1e5096&#8243;]<\/p>\n<h2 style=\"text-align: center; color: #1e5096;\"><strong>NAJNOVIJI OBJAVLJENI RADOVI<\/strong><\/h2>\n<p>[\/et_pb_text][\/et_pb_column][\/et_pb_row][et_pb_row _builder_version=&#8221;4.4.2&#8243;][et_pb_column type=&#8221;4_4&#8243; _builder_version=&#8221;4.4.2&#8243;][et_pb_text _builder_version=&#8221;4.7.4&#8243; text_font_size=&#8221;32px&#8221; header_2_text_color=&#8221;#1e5096&#8243; header_2_line_height=&#8221;1.3em&#8221;]<\/p>\n<h2 style=\"text-align: center; color: #1e5096;\">Active tectonics in the Kvarner region (External Dinarides, Croatia) \u2013 an alternative approach based on focused geological mapping, 3D seismological and shallow seismic imaging data<\/h2>\n<p>[\/et_pb_text][\/et_pb_column][\/et_pb_row][\/et_pb_section][et_pb_section fb_built=&#8221;1&#8243; _builder_version=&#8221;4.4.2&#8243; custom_padding=&#8221;20px||41px|||&#8221;][et_pb_row _builder_version=&#8221;4.7.4&#8243; custom_padding=&#8221;0px|||||&#8221;][et_pb_column type=&#8221;4_4&#8243; _builder_version=&#8221;4.7.4&#8243;][et_pb_image src=&#8221;https:\/\/www.hgi-cgs.hr\/wp-content\/uploads\/2020\/11\/Frontiers_naslovnica.png&#8221; alt=&#8221;Frontiers naslovnica&#8221; title_text=&#8221;Frontiers_naslovnica&#8221; align=&#8221;center&#8221; align_tablet=&#8221;center&#8221; align_phone=&#8221;&#8221; align_last_edited=&#8221;on|desktop&#8221; _builder_version=&#8221;4.7.4&#8243; width=&#8221;100%&#8221; max_width=&#8221;85%&#8221; module_alignment=&#8221;center&#8221; border_radii=&#8221;on|5px|5px|5px|5px&#8221; box_shadow_style=&#8221;preset1&#8243; box_shadow_blur=&#8221;15px&#8221;][\/et_pb_image][\/et_pb_column][\/et_pb_row][et_pb_row _builder_version=&#8221;4.0.3&#8243; min_height=&#8221;192px&#8221; custom_margin=&#8221;12px|auto||auto||&#8221; custom_padding=&#8221;0px|||||&#8221;][et_pb_column type=&#8221;4_4&#8243; _builder_version=&#8221;4.0.3&#8243;][et_pb_text _builder_version=&#8221;4.7.4&#8243; text_font=&#8221;||||||||&#8221; link_font=&#8221;||||||||&#8221; link_text_color=&#8221;#e09900&#8243; custom_margin=&#8221;18px|||||&#8221; custom_padding=&#8221;|10px||10px|false|true&#8221;]<\/p>\n<p>Rezultati dijela dosada\u0161njih multidisciplinarnih geolo\u0161kih i seizmolo\u0161kih istra\u017eivanja Kvarnera, provedenih u okviru HRZZ projekta <em><a href=\"https:\/\/www.hgi-cgs.hr\/nacionalni-kompetativni-projekti-geosekva\/\">GEOSEKVA (https:\/\/www.hgi-cgs.hr\/nacionalni-kompetativni-projekti-geosekva\/)<\/a><\/em>, objavljeni su u <em>Open Access<\/em> \u010dasopisu Frontiers in Earth Science (<em><a href=\"https:\/\/www.frontiersin.org\/journals\/earth-science\">https:\/\/www.frontiersin.org\/journals\/earth-science<\/a><\/em>).<\/p>\n<p>U znanstvenom radu Tvrtka Korbara i suradnika pod naslovom \u201e<em>Active tectonics in the Kvarner region (External Dinarides, Croatia) \u2013 an alternative approach based on focused geological mapping, 3D seismological and shallow seismic imaging data\u201c<\/em>, objavljeni su rezultati istra\u017eivanja dijela epicentralnog podru\u010dja Rijeke, koje je poznato po umjerenoj seizmi\u010dkoj aktivnosti, ali i po povijesnim lokalno razornim potresima. Zaklju\u010deno je da na kopnu u istra\u017eivanom podru\u010dju Bakar \u2013 Krk nema jasnih manifestacija u dubini aktivnih rasjeda, koji su definirani pomo\u0107u 3D analize instrumentalno zabilje\u017eenih novijih potresa. Me\u0111utim, podatci dobiveni plitkim geoakusti\u010dnim snimanjem podmorja upu\u0107uju na postsedimentacijske deformacije kasnopleistocenskih naslaga du\u017e pojedinih zona.<\/p>\n<p>[\/et_pb_text][et_pb_image src=&#8221;https:\/\/www.hgi-cgs.hr\/wp-content\/uploads\/2020\/11\/Frontiers_web_HGI_Korbar.jpg&#8221; title_text=&#8221;Frontiers_web_HGI_Korbar&#8221; _builder_version=&#8221;4.7.4&#8243; _module_preset=&#8221;default&#8221; width=&#8221;70%&#8221; module_alignment=&#8221;center&#8221;][\/et_pb_image][et_pb_text _builder_version=&#8221;4.7.4&#8243; _module_preset=&#8221;default&#8221; text_font_size=&#8221;13px&#8221; max_width=&#8221;80%&#8221; module_alignment=&#8221;center&#8221;]<\/p>\n<p style=\"text-align: center;\">Usporedba konceptualnih modela dana\u0161njih kasno-orogenetskih faza ekshumacije dva konvergentna borano-navla\u010dna pojasa nastala na sjeveroisto\u010dnom odnosno jugozapadnom rubu Adrije: starijeg Dinaridskog i mla\u0111eg Apeninskog.<\/p>\n<p>[\/et_pb_text][et_pb_text _builder_version=&#8221;4.7.7&#8243; _module_preset=&#8221;default&#8221; hover_enabled=&#8221;0&#8243; sticky_enabled=&#8221;0&#8243;]<\/p>\n<p>Pretpostavlja se da su seizmolo\u0161ki definirani aktivni rasjedi uglavnom slijepi, odnosno da se tektonski pomaci du\u017e tih rasjeda u dubljim dijelovima kore vjerojatno nepravilno redistribuiraju du\u017e pripovr\u0161inskih kompleksnih tektonskih struktura formiranih tijekom ranijih faza Dinaridske orogeneze. S obzirom na zapa\u017eene lokalne deformacije kvartarnih naslaga te na povijesne, lokalno razorne potrese, a na temelju usporedbe s daleko bolje istra\u017eenim i evolucijski mla\u0111im Apeninima, zaklju\u010deno je da postoji mogu\u0107nost aktiviranja prikrivenih seizmogenih rasjeda, od kojih bi neki mogli imati i razorne posljedice. Ti rezultati upu\u0107uju na potrebu daljnjih usmjerenih istra\u017eivanja \u0161to bi trebalo doprinjeti boljoj procjeni seizmi\u010dkog hazarda u ovom relativno gusto naseljenom podru\u010dju koje je premre\u017eeno s va\u017enom nacionalnom i europskom infrastrukturom.<\/p>\n<p>Rad je slobodno dostupan na poveznici: <a href=\"https:\/\/doi.org\/10.3389\/feart.2020.582797\"><em><\/em><em>https:\/\/doi.org\/10.3389\/feart.2020.582797<\/em><\/a><\/p>\n<p><a href=\"https:\/\/radio.hrt.hr\/ep\/aktivna-tektonika-kvarnera\/364640\/\"><em>Intervju na Hrvatskom radiju<\/em><\/a><\/p>\n<p><a href=\"https:\/\/radio.hrt.hr\/radio-rijeka\/clanak\/prva-3d-analiza-novijih-potresa-zabiljezenih-na-kvarneru\/253939\/\" role=\"link\"><em><strong><\/strong>Prva 3D analiza novijih potresa zabilje\u017eenih na Kvarneru &#8211; Radio Rijeka<\/em><\/a><\/p>\n<p>[\/et_pb_text][\/et_pb_column][\/et_pb_row][\/et_pb_section]<\/p>\n","protected":false},"excerpt":{"rendered":"<p>NAJNOVIJI OBJAVLJENI RADOVIActive tectonics in the Kvarner region (External Dinarides, Croatia) \u2013 an alternative approach based on focused geological mapping, 3D seismological and shallow seismic imaging dataRezultati dijela dosada\u0161njih multidisciplinarnih geolo\u0161kih i seizmolo\u0161kih istra\u017eivanja Kvarnera, provedenih u okviru HRZZ projekta GEOSEKVA (https:\/\/www.hgi-cgs.hr\/nacionalni-kompetativni-projekti-geosekva\/), objavljeni su u Open Access \u010dasopisu Frontiers in Earth Science (https:\/\/www.frontiersin.org\/journals\/earth-science). U znanstvenom [&hellip;]<\/p>\n","protected":false},"author":1,"featured_media":0,"parent":0,"menu_order":0,"comment_status":"closed","ping_status":"closed","template":"","meta":{"_et_pb_use_builder":"on","_et_pb_old_content":"","_et_gb_content_width":"","footnotes":""},"class_list":["post-37118","page","type-page","status-publish","hentry"],"aioseo_notices":[],"_links":{"self":[{"href":"https:\/\/www.hgi-cgs.hr\/en\/wp-json\/wp\/v2\/pages\/37118","targetHints":{"allow":["GET"]}}],"collection":[{"href":"https:\/\/www.hgi-cgs.hr\/en\/wp-json\/wp\/v2\/pages"}],"about":[{"href":"https:\/\/www.hgi-cgs.hr\/en\/wp-json\/wp\/v2\/types\/page"}],"author":[{"embeddable":true,"href":"https:\/\/www.hgi-cgs.hr\/en\/wp-json\/wp\/v2\/users\/1"}],"replies":[{"embeddable":true,"href":"https:\/\/www.hgi-cgs.hr\/en\/wp-json\/wp\/v2\/comments?post=37118"}],"version-history":[{"count":8,"href":"https:\/\/www.hgi-cgs.hr\/en\/wp-json\/wp\/v2\/pages\/37118\/revisions"}],"predecessor-version":[{"id":37444,"href":"https:\/\/www.hgi-cgs.hr\/en\/wp-json\/wp\/v2\/pages\/37118\/revisions\/37444"}],"wp:attachment":[{"href":"https:\/\/www.hgi-cgs.hr\/en\/wp-json\/wp\/v2\/media?parent=37118"}],"curies":[{"name":"wp","href":"https:\/\/api.w.org\/{rel}","templated":true}]}}