{"id":37064,"date":"2020-11-24T13:16:45","date_gmt":"2020-11-24T13:16:45","guid":{"rendered":"https:\/\/www.hgi-cgs.hr\/?page_id=37064"},"modified":"2022-02-17T12:53:53","modified_gmt":"2022-02-17T12:53:53","slug":"prijava-klizista","status":"publish","type":"page","link":"https:\/\/www.hgi-cgs.hr\/en\/prijava-klizista\/","title":{"rendered":"Landslade registration"},"content":{"rendered":"<p>[et_pb_section fb_built=&#8221;1&#8243; fullwidth=&#8221;on&#8221; _builder_version=&#8221;4.4.1&#8243; custom_padding=&#8221;0px||0px|||&#8221; global_colors_info=&#8221;{}&#8221;][et_pb_fullwidth_slider _builder_version=&#8221;4.4.2&#8243; min_height=&#8221;112px&#8221; height=&#8221;400px&#8221; custom_margin=&#8221;0px||||false|false&#8221; custom_padding=&#8221;0px||18px||false|false&#8221; auto=&#8221;on&#8221; auto_ignore_hover=&#8221;on&#8221; locked=&#8221;off&#8221; global_colors_info=&#8221;{}&#8221;][et_pb_slide heading=&#8221;Hrvatski geolo\u0161ki institut&#8221; _builder_version=&#8221;4.4.1&#8243; header_font=&#8221;|||on|||||&#8221; background_image=&#8221;https:\/\/www.hgi-cgs.hr\/wp-content\/uploads\/2020\/03\/Br\u010di\u0107_Drvenik02-scaled.jpg&#8221; background_enable_image=&#8221;on&#8221; locked=&#8221;off&#8221; global_colors_info=&#8221;{}&#8221; sticky_transition=&#8221;on&#8221;][\/et_pb_slide][et_pb_slide heading=&#8221;Hrvatski geolo\u0161ki institut&#8221; _builder_version=&#8221;4.4.1&#8243; header_font=&#8221;|||on|||||&#8221; background_image=&#8221;https:\/\/www.hgi-cgs.hr\/wp-content\/uploads\/2020\/03\/ban2-scaled.jpg&#8221; background_enable_image=&#8221;on&#8221; locked=&#8221;off&#8221; global_colors_info=&#8221;{}&#8221; sticky_transition=&#8221;on&#8221;][\/et_pb_slide][et_pb_slide heading=&#8221;Hrvatski geolo\u0161ki institut&#8221; _builder_version=&#8221;4.4.1&#8243; header_font=&#8221;|||on|||||&#8221; background_image=&#8221;https:\/\/www.hgi-cgs.hr\/wp-content\/uploads\/2020\/03\/20190228_094232-scaled.jpg&#8221; background_enable_image=&#8221;on&#8221; locked=&#8221;off&#8221; global_colors_info=&#8221;{}&#8221; sticky_transition=&#8221;on&#8221;][\/et_pb_slide][et_pb_slide heading=&#8221;Hrvatski geolo\u0161ki institut&#8221; _builder_version=&#8221;4.4.1&#8243; header_font=&#8221;|||on|||||&#8221; background_image=&#8221;https:\/\/www.hgi-cgs.hr\/wp-content\/uploads\/2020\/03\/ban3-scaled.jpg&#8221; background_enable_image=&#8221;on&#8221; locked=&#8221;off&#8221; global_colors_info=&#8221;{}&#8221; sticky_transition=&#8221;on&#8221;][\/et_pb_slide][et_pb_slide heading=&#8221;Hrvatski geolo\u0161ki institut&#8221; _builder_version=&#8221;4.4.1&#8243; header_font=&#8221;|||on|||||&#8221; background_image=&#8221;https:\/\/www.hgi-cgs.hr\/wp-content\/uploads\/2020\/03\/Bijele_stijene-Gorski_kotar-scaled.jpg&#8221; background_enable_image=&#8221;on&#8221; locked=&#8221;off&#8221; global_colors_info=&#8221;{}&#8221; sticky_transition=&#8221;on&#8221;][\/et_pb_slide][et_pb_slide heading=&#8221;Hrvatski geolo\u0161ki institut&#8221; _builder_version=&#8221;4.4.1&#8243; header_font=&#8221;|||on|||||&#8221; background_image=&#8221;https:\/\/www.hgi-cgs.hr\/wp-content\/uploads\/2020\/03\/ban4-scaled.jpg&#8221; background_enable_image=&#8221;on&#8221; locked=&#8221;off&#8221; global_colors_info=&#8221;{}&#8221; sticky_transition=&#8221;on&#8221;][\/et_pb_slide][et_pb_slide heading=&#8221;Hrvatski geolo\u0161ki institut&#8221; _builder_version=&#8221;4.4.1&#8243; header_font=&#8221;|||on|||||&#8221; background_image=&#8221;https:\/\/www.hgi-cgs.hr\/wp-content\/uploads\/2020\/03\/ban5-scaled.jpg&#8221; background_enable_image=&#8221;on&#8221; locked=&#8221;off&#8221; global_colors_info=&#8221;{}&#8221; sticky_transition=&#8221;on&#8221;][\/et_pb_slide][\/et_pb_fullwidth_slider][\/et_pb_section][et_pb_section fb_built=&#8221;1&#8243; _builder_version=&#8221;4.4.2&#8243; global_colors_info=&#8221;{}&#8221;][et_pb_row _builder_version=&#8221;4.7.3&#8243; link_option_url=&#8221;https:\/\/gdidemo.maps.arcgis.com\/apps\/StoryMapCrowdsource\/index.html?appid=c8c4a5e754634f2db465fe08e09f6d81&#8243; global_colors_info=&#8221;{}&#8221;][et_pb_column type=&#8221;4_4&#8243; _builder_version=&#8221;4.4.2&#8243; global_colors_info=&#8221;{}&#8221;][et_pb_text _builder_version=&#8221;4.9.7&#8243; text_font_size=&#8221;22px&#8221; text_line_height=&#8221;2em&#8221; header_2_text_color=&#8221;#1e5096&#8243; header_4_text_color=&#8221;#545454&#8243; header_4_line_height=&#8221;2.1em&#8221; custom_margin=&#8221;||25px|||&#8221; link_option_url=&#8221;https:\/\/gdidemo.maps.arcgis.com\/apps\/StoryMapCrowdsource\/index.html?appid=c8c4a5e754634f2db465fe08e09f6d81&#8243; global_colors_info=&#8221;{}&#8221;]<\/p>\n<h2 style=\"text-align: center; color: #1e5096;\"><strong>PORTAL ZA PRIJAVU KLIZI\u0160TA<\/strong><\/h2>\n<h4 style=\"text-align: center;\"><strong>RESPONSa &#8211; Response to landslide and flash flood risk with early warning system design<\/strong><strong><a href=\"https:\/\/gdidemo.maps.arcgis.com\/apps\/StoryMapCrowdsource\/index.html?appid=c8c4a5e754634f2db465fe08e09f6d81\"><em><\/em><\/a><\/strong><\/h4>\n<p>[\/et_pb_text][et_pb_image src=&#8221;https:\/\/www.hgi-cgs.hr\/wp-content\/uploads\/2021\/02\/RESPONSa_color_cover_re.jpg&#8221; title_text=&#8221;RESPONSa_color_cover_re&#8221; align=&#8221;center&#8221; _builder_version=&#8221;4.9.7&#8243; _module_preset=&#8221;default&#8221; width=&#8221;40%&#8221; custom_margin=&#8221;-9px||15px|||&#8221; global_colors_info=&#8221;{}&#8221;][\/et_pb_image][et_pb_text _builder_version=&#8221;4.14.2&#8243; _module_preset=&#8221;default&#8221; text_font_size=&#8221;22px&#8221; global_colors_info=&#8221;{}&#8221;]<\/p>\n<p style=\"text-align: center;\"><strong><a href=\"https:\/\/hgi.maps.arcgis.com\/apps\/webappviewer\/index.html?id=6a80501268e64e7ca403493b369c2c04\"><em>Ovdje<\/em> <\/a>mo\u017eete prijaviti klizi\u0161te.<\/strong><\/p>\n<p>[\/et_pb_text][et_pb_text _builder_version=&#8221;4.14.7&#8243; _module_preset=&#8221;default&#8221; text_font_size=&#8221;22px&#8221; hover_enabled=&#8221;0&#8243; global_colors_info=&#8221;{}&#8221; link_text_color=&#8221;#E09900&#8243; sticky_enabled=&#8221;0&#8243;]<\/p>\n<h5 style=\"text-align: center;\"><em><a href=\"https:\/\/www.hgi-cgs.hr\/wp-content\/uploads\/2022\/02\/safEarth_brosura-klizista.pdf\"><strong>Klizi\u0161ta &#8211; kako umanjiti rizik (Naputak za ku\u0107evlasnike)<\/strong><\/a><\/em><\/h5>\n<p>[\/et_pb_text][\/et_pb_column][\/et_pb_row][\/et_pb_section][et_pb_section fb_built=&#8221;1&#8243; _builder_version=&#8221;4.7.3&#8243; _module_preset=&#8221;default&#8221; global_colors_info=&#8221;{}&#8221;][et_pb_row _builder_version=&#8221;4.7.3&#8243; _module_preset=&#8221;default&#8221; global_colors_info=&#8221;{}&#8221;][et_pb_column type=&#8221;4_4&#8243; _builder_version=&#8221;4.7.3&#8243; _module_preset=&#8221;default&#8221; global_colors_info=&#8221;{}&#8221;][et_pb_text _builder_version=&#8221;4.9.7&#8243; _module_preset=&#8221;default&#8221; hover_enabled=&#8221;0&#8243; global_colors_info=&#8221;{}&#8221; sticky_enabled=&#8221;0&#8243;]<\/p>\n<p style=\"text-align: left;\">Projekt <em><strong>RESPONSa<\/strong><\/em> usmjeren je prema ja\u010danju programskog cilja 2.1, koji se odnosi na promicanje i unaprje\u0111enje za\u0161tite okoli\u0161a i prirode i sustava upravljanja za prevenciju rizika. Prekograni\u010dna suradnja uklju\u010dit \u0107e zajedni\u010dki rad svih projektnih partnera na uspostavi sustava ranog upozoravanja od pojava klizi\u0161ta i buji\u010dnih poplava, koje u naseljenim podru\u010djima predstavljaju direktnu prijetnju za stanovni\u0161tvo i njihovu imovinu. Kao posljedica klimatskih promjena, u posljednje vrijeme sve vi\u0161e svjedo\u010dimo pojavama klizi\u0161ta i buji\u010dnih tokova pokrenutih ekstremnim vremenskim uvjetima (npr. intenzivnim ili dugotrajnim oborinama). U tom smislu, u sklopu projekta RESPONSa u fokusu su istra\u017eivanja vezana uz pra\u0107enje klizi\u0161ta kori\u0161tenjem metoda daljinskih istra\u017eivanja i pra\u0107enje meteorolo\u0161kih uvjeta te odre\u0111ivanje grani\u010dnih vrijednosti pokreta\u010da kod kojih dolazi do aktiviranja \u0161tetnog doga\u0111aja. Aktivno sudjelovanje klju\u010dnih dionika (predstavnika lokalne zajednice, civilne za\u0161tite, meteorolo\u0161kih slu\u017ebi) omogu\u0107it \u0107e procjenu kapaciteta lokalne zajednice i izradu operativnih procesa za razli\u010dite geohazardne\u00a0 scenarije. Njihovim objedinjavanjem u zajedni\u010dki sustav, u slu\u010daju pojave rizi\u010dnog doga\u0111aja, lokalna zajednica mo\u0107i \u0107e valjano i pravovremeno odgovoriti.<\/p>\n<p style=\"text-align: left;\"><strong><em>Projekt je sufinanciran sredstvima EFRR i IPA II fondova Europske unije.<\/em><\/strong><\/p>\n<p style=\"text-align: left;\"><strong><em><\/em><\/strong><\/p>\n<p style=\"text-align: left;\"><strong><em>Ukupan prora\u010dun projekta i EU sufinanciranje:<\/em><\/strong> 935.168,30 EUR \/ 794.893,04 EUR<\/p>\n<p style=\"text-align: left;\"><strong><em>Trajanje projekta:<\/em><\/strong> 01\/10\/2020 \u2013 31\/03\/2023<\/p>\n<p style=\"text-align: left;\"><strong><em>Partneri:<\/em><\/strong><\/p>\n<p style=\"text-align: left;\">Hrvatski geolo\u0161ki institut, Zagreb &#8211; <em>vode\u0107i partner<\/em><\/p>\n<p style=\"text-align: left;\">Rudarsko geolo\u0161ko gra\u0111evinski fakultet iz Tuzle<\/p>\n<p style=\"text-align: left;\">JU Zavod za geolo\u0161ka istra\u017eivanja iz Podgorice.<\/p>\n<p style=\"text-align: left;\"><em><strong>Prioritetna os 2:\u00a0<\/strong> Okoli\u0161, prevencija rizika i energetska u\u010dinkovitost<\/em><\/p>\n<p style=\"text-align: left;\">\u201ePrioritetna os 2 izravno odgovara na izazove vezane uz za\u0161titu prirode i okoli\u0161a, potrebe za pobolj\u0161anjem prevencije rizika (u smislu sposobnosti reakcije na katastrofe) te ima za cilj napredak u kori\u0161tenju obnovljivih izvora energije te na taj na\u010din pobolj\u0161anje energetske u\u010dinkovitosti.\u201c<\/p>\n<p style=\"text-align: left;\">\n<p style=\"text-align: left;\"><em>\u201ePortal za prijavu klizi\u0161ta izra\u0111en je uz pomo\u0107 Europske unije. Sadr\u017eaj ove publikacije isklju\u010diva je odgovornost Hrvatskog geolo\u0161kog instituta te ne odra\u017eava stavove Europske unije. &#8220;<\/em><\/p>\n<p>[\/et_pb_text][\/et_pb_column][\/et_pb_row][\/et_pb_section][et_pb_section fb_built=&#8221;1&#8243; fullwidth=&#8221;on&#8221; _builder_version=&#8221;4.7.3&#8243; _module_preset=&#8221;default&#8221; link_option_url=&#8221;https:\/\/gdidemo.maps.arcgis.com\/apps\/StoryMapCrowdsource\/index.html?appid=c8c4a5e754634f2db465fe08e09f6d81&#8243; global_colors_info=&#8221;{}&#8221;][et_pb_fullwidth_slider _builder_version=&#8221;4.9.7&#8243; _module_preset=&#8221;default&#8221; body_link_text_color=&#8221;#FFFFFF&#8221; max_height=&#8221;450px&#8221; custom_margin=&#8221;||||false|false&#8221; custom_padding=&#8221;100px|||200px|false|false&#8221; link_option_url=&#8221;https:\/\/gdidemo.maps.arcgis.com\/apps\/StoryMapCrowdsource\/index.html?appid=c8c4a5e754634f2db465fe08e09f6d81&#8243; global_colors_info=&#8221;{}&#8221;][et_pb_slide _builder_version=&#8221;4.9.7&#8243; _module_preset=&#8221;default&#8221; background_image=&#8221;https:\/\/www.hgi-cgs.hr\/wp-content\/uploads\/2020\/11\/prijava-klizista.jpg&#8221; background_enable_image=&#8221;on&#8221; global_colors_info=&#8221;{}&#8221; sticky_transition=&#8221;on&#8221;]<\/p>\n<p style=\"text-align: left;\"><strong>Facebook: <a href=\"https:\/\/www.facebook.com\/InterregRESPONSa\"><em>https:\/\/www.facebook.com\/InterregRESPONSa<\/em><\/a><\/strong><\/p>\n<p style=\"text-align: left;\"><strong>Instagram: <em><a href=\"https:\/\/www.instagram.com\/responsa_interreg\">https:\/\/www.instagram.com\/responsa_interreg<\/a><\/em><\/strong><\/p>\n<p style=\"text-align: left;\"><strong>Twitter: <em><a href=\"https:\/\/twitter.com\/RESPONS_a\">https:\/\/twitter.com\/RESPONS_a<\/a><\/em><\/strong><\/p>\n<p style=\"text-align: left;\"><strong>YouTube: <a href=\"https:\/\/www.youtube.com\/channel\/UCNo4sh_d2xMQSOo9EIiZOhA\"><em>https:\/\/www.youtube.com\/channel\/UCNo4sh_d2xMQSOo9EIiZOhA<\/em><\/a><\/strong><\/p>\n<p>[\/et_pb_slide][\/et_pb_fullwidth_slider][\/et_pb_section]<\/p>\n","protected":false},"excerpt":{"rendered":"<p>PORTAL ZA PRIJAVU KLIZI\u0160TA RESPONSa &#8211; Response to landslide and flash flood risk with early warning system designOvdje mo\u017eete prijaviti klizi\u0161te.Klizi\u0161ta &#8211; kako umanjiti rizik (Naputak za ku\u0107evlasnike)Projekt RESPONSa usmjeren je prema ja\u010danju programskog cilja 2.1, koji se odnosi na promicanje i unaprje\u0111enje za\u0161tite okoli\u0161a i prirode i sustava upravljanja za prevenciju rizika. Prekograni\u010dna suradnja [&hellip;]<\/p>\n","protected":false},"author":1,"featured_media":0,"parent":0,"menu_order":0,"comment_status":"closed","ping_status":"closed","template":"","meta":{"_et_pb_use_builder":"on","_et_pb_old_content":"","_et_gb_content_width":"","footnotes":""},"class_list":["post-37064","page","type-page","status-publish","hentry"],"aioseo_notices":[],"_links":{"self":[{"href":"https:\/\/www.hgi-cgs.hr\/en\/wp-json\/wp\/v2\/pages\/37064","targetHints":{"allow":["GET"]}}],"collection":[{"href":"https:\/\/www.hgi-cgs.hr\/en\/wp-json\/wp\/v2\/pages"}],"about":[{"href":"https:\/\/www.hgi-cgs.hr\/en\/wp-json\/wp\/v2\/types\/page"}],"author":[{"embeddable":true,"href":"https:\/\/www.hgi-cgs.hr\/en\/wp-json\/wp\/v2\/users\/1"}],"replies":[{"embeddable":true,"href":"https:\/\/www.hgi-cgs.hr\/en\/wp-json\/wp\/v2\/comments?post=37064"}],"version-history":[{"count":13,"href":"https:\/\/www.hgi-cgs.hr\/en\/wp-json\/wp\/v2\/pages\/37064\/revisions"}],"predecessor-version":[{"id":40713,"href":"https:\/\/www.hgi-cgs.hr\/en\/wp-json\/wp\/v2\/pages\/37064\/revisions\/40713"}],"wp:attachment":[{"href":"https:\/\/www.hgi-cgs.hr\/en\/wp-json\/wp\/v2\/media?parent=37064"}],"curies":[{"name":"wp","href":"https:\/\/api.w.org\/{rel}","templated":true}]}}