{"id":36800,"date":"2020-11-16T12:28:55","date_gmt":"2020-11-16T12:28:55","guid":{"rendered":"https:\/\/www.hgi-cgs.hr\/?page_id=36800"},"modified":"2020-11-16T12:40:35","modified_gmt":"2020-11-16T12:40:35","slug":"odrzana-1-projektna-radionica-projekta-responsa","status":"publish","type":"page","link":"https:\/\/www.hgi-cgs.hr\/en\/odrzana-1-projektna-radionica-projekta-responsa\/","title":{"rendered":"Odr\u017eana 1. projektna radionica projekta RESPONSa"},"content":{"rendered":"\n[et_pb_section fb_built=&#8221;1&#8243; fullwidth=&#8221;on&#8221; _builder_version=&#8221;4.4.1&#8243; custom_padding=&#8221;0px||0px|||&#8221;][et_pb_fullwidth_slider _builder_version=&#8221;4.4.2&#8243; min_height=&#8221;112px&#8221; height=&#8221;400px&#8221; custom_margin=&#8221;0px||||false|false&#8221; custom_padding=&#8221;0px||18px||false|false&#8221; auto=&#8221;on&#8221; auto_ignore_hover=&#8221;on&#8221; locked=&#8221;off&#8221;][et_pb_slide heading=&#8221;Hrvatski geolo\u0161ki institut&#8221; _builder_version=&#8221;4.4.1&#8243; header_font=&#8221;|||on|||||&#8221; background_image=&#8221;http:\/\/www.hgi-cgs.hr\/wp-content\/uploads\/2020\/03\/Br\u010di\u0107_Drvenik02-scaled.jpg&#8221; background_enable_image=&#8221;on&#8221; locked=&#8221;off&#8221; sticky_transition=&#8221;on&#8221;][\/et_pb_slide][et_pb_slide heading=&#8221;Hrvatski geolo\u0161ki institut&#8221; _builder_version=&#8221;4.4.1&#8243; header_font=&#8221;|||on|||||&#8221; background_image=&#8221;http:\/\/www.hgi-cgs.hr\/wp-content\/uploads\/2020\/03\/ban2-scaled.jpg&#8221; background_enable_image=&#8221;on&#8221; locked=&#8221;off&#8221; sticky_transition=&#8221;on&#8221;][\/et_pb_slide][et_pb_slide heading=&#8221;Hrvatski geolo\u0161ki institut&#8221; _builder_version=&#8221;4.4.1&#8243; header_font=&#8221;|||on|||||&#8221; background_image=&#8221;http:\/\/www.hgi-cgs.hr\/wp-content\/uploads\/2020\/03\/20190228_094232-scaled.jpg&#8221; background_enable_image=&#8221;on&#8221; locked=&#8221;off&#8221; sticky_transition=&#8221;on&#8221;][\/et_pb_slide][et_pb_slide heading=&#8221;Hrvatski geolo\u0161ki institut&#8221; _builder_version=&#8221;4.4.1&#8243; header_font=&#8221;|||on|||||&#8221; background_image=&#8221;http:\/\/www.hgi-cgs.hr\/wp-content\/uploads\/2020\/03\/ban3-scaled.jpg&#8221; background_enable_image=&#8221;on&#8221; locked=&#8221;off&#8221; sticky_transition=&#8221;on&#8221;][\/et_pb_slide][et_pb_slide heading=&#8221;Hrvatski geolo\u0161ki institut&#8221; _builder_version=&#8221;4.4.1&#8243; header_font=&#8221;|||on|||||&#8221; background_image=&#8221;http:\/\/www.hgi-cgs.hr\/wp-content\/uploads\/2020\/03\/Bijele_stijene-Gorski_kotar-scaled.jpg&#8221; background_enable_image=&#8221;on&#8221; locked=&#8221;off&#8221; sticky_transition=&#8221;on&#8221;][\/et_pb_slide][et_pb_slide heading=&#8221;Hrvatski geolo\u0161ki institut&#8221; _builder_version=&#8221;4.4.1&#8243; header_font=&#8221;|||on|||||&#8221; background_image=&#8221;http:\/\/www.hgi-cgs.hr\/wp-content\/uploads\/2020\/03\/ban4-scaled.jpg&#8221; background_enable_image=&#8221;on&#8221; locked=&#8221;off&#8221; sticky_transition=&#8221;on&#8221;][\/et_pb_slide][et_pb_slide heading=&#8221;Hrvatski geolo\u0161ki institut&#8221; _builder_version=&#8221;4.4.1&#8243; header_font=&#8221;|||on|||||&#8221; background_image=&#8221;http:\/\/www.hgi-cgs.hr\/wp-content\/uploads\/2020\/03\/ban5-scaled.jpg&#8221; background_enable_image=&#8221;on&#8221; locked=&#8221;off&#8221; sticky_transition=&#8221;on&#8221;][\/et_pb_slide][\/et_pb_fullwidth_slider][\/et_pb_section][et_pb_section fb_built=&#8221;1&#8243; _builder_version=&#8221;4.4.2&#8243;][et_pb_row _builder_version=&#8221;4.4.2&#8243;][et_pb_column type=&#8221;4_4&#8243; _builder_version=&#8221;4.4.2&#8243;][et_pb_text _builder_version=&#8221;4.7.0&#8243; text_font_size=&#8221;32px&#8221; header_2_text_color=&#8221;#1e5096&#8243; hover_enabled=&#8221;0&#8243; sticky_enabled=&#8221;0&#8243;]<h2 style=\"text-align: center; color: #1e5096;\"><strong>RESPONSa &#8211; NOVOSTI &amp; OBAVIJESTI<br \/><\/strong><\/h2>\n[\/et_pb_text][\/et_pb_column][\/et_pb_row][et_pb_row _builder_version=&#8221;4.4.2&#8243; custom_margin=&#8221;-14px|auto||auto||&#8221;][et_pb_column type=&#8221;4_4&#8243; _builder_version=&#8221;4.4.2&#8243;][et_pb_text _builder_version=&#8221;4.7.0&#8243; text_font_size=&#8221;32px&#8221; header_2_text_color=&#8221;#1e5096&#8243; header_2_line_height=&#8221;1.3em&#8221; hover_enabled=&#8221;0&#8243; sticky_enabled=&#8221;0&#8243;]<h2 style=\"text-align: center; color: #1e5096;\"><strong>Odr\u017eana 1. projektna radionica projekta RESPONSa<\/strong><\/h2>\n[\/et_pb_text][\/et_pb_column][\/et_pb_row][\/et_pb_section][et_pb_section fb_built=&#8221;1&#8243; _builder_version=&#8221;4.4.2&#8243; custom_padding=&#8221;20px||41px|||&#8221; custom_margin=&#8221;-9px|||||&#8221;][et_pb_row _builder_version=&#8221;4.0.3&#8243; min_height=&#8221;192px&#8221; custom_margin=&#8221;-14px|auto||auto||&#8221; custom_padding=&#8221;0px|||||&#8221;][et_pb_column type=&#8221;4_4&#8243; _builder_version=&#8221;4.0.3&#8243;][et_pb_text _builder_version=&#8221;4.7.0&#8243; text_font=&#8221;||||||||&#8221; link_font=&#8221;||||||||&#8221; link_text_color=&#8221;#e09900&#8243; custom_margin=&#8221;18px|||||&#8221; custom_padding=&#8221;|10px||10px|false|true&#8221; hover_enabled=&#8221;0&#8243; sticky_enabled=&#8221;0&#8243;]<p>\u201eGodina 2020. \u0107e po mnogo\u010demu ostati u lo\u0161em sje\u0107anju. Po\u010detak projekta <em><strong>RESPONSa<\/strong><\/em> daje protute\u017eu svim tim nemilim doga\u0111ajima.<\/p>\n<p>Ovaj projekt je nastavak uspje\u0161nog <strong><em>SafEarth<\/em><\/strong> projekta koji je izme\u0111u ostalog, priznat te prikazan na EURegionsWeek2019 kao primjer dobre prakse.<\/p>\n<p>Aktivnosti projekta RESPONSa slu\u017ebeno su zapo\u010dele ovih dana (12. i 13. studenog) s kick off projektnim sastankom sva tri projektna partnera. Sukladno aktualnim smjernicama zavoda za javno zdravstvo odr\u017eana je videokonferecija u (za nas) novom okru\u017eenju Microsoft Teams-a, uz tehni\u010dku podr\u0161ku voditelja informati\u010dke slu\u017ebe HGI-a, g.Ivana Soka\u010da.<\/p>\n<p>Moderator sastanka bio je voditelj projekta dr.sc. Vlatko Gulam.<\/p>\n<p>Krajnji ciljevi radionice definirani su kroz tri to\u010dke:<\/p>\n<p>1) Definiranje komunikacijskih kanala<\/p>\n<p>2) Prezentacija radnih paketa<\/p>\n<p>3) Definiranje projektnog plan<\/p>\n<p>Prvog dana sastanka odr\u017eane su prezentacije iz paketa &#8220;Upravljanja&#8221; (Managementa) i &#8220;Komunikacija&#8221;<\/p>\n<p>Paket Upravljanja prezentiran je u tri to\u010dke:<\/p>\n<ul>\n<li>Sustav upravljanja na projektu &#8211; nadogradnja na upravljanje SafEarth-om te upoznavanje s novom platformom (OneDrive)<\/li>\n<li>Aktivnosti i isporuke &#8211; pregled, du\u017enosti i vremenski okviri<\/li>\n<li>Financije i javna nabava &#8211; naglasci, nedoumice i nepoznanice <\/li>\n<\/ul>\n<p>U paketu &#8220;Komunikacije&#8221; predstavljene su Start-up aktivnosti, vremenski okviri i zadu\u017eenja, te je napravljen osvrt na smjernice o vizualnim sadr\u017eajima (Visibility Guideline 2.0).<\/p>\n<p>Drugog dana sastanka odr\u017eana je prezentacija iz paketa &#8220;Implementacije&#8221; u kojoj su projektni partneri upoznati s izazovima koji \u0107e uslijediti. Aktivnosti predstavljene u ovom paketu uklju\u010duju precizno definiranje zona daljinskih istra\u017eivanja \u0161to predstavlja poseban izazov sa tehni\u010dkog, stru\u010dnog i legislativnog stajali\u0161ta.<\/p>\n<p>Zanimljive teme, dobar odaziv na kick-off te zainteresirani i znati\u017eeljni u\u010desnici su odli\u010dan predznak da bi i ovaj projekt mogao rezultirati s puno kvalitetnih podataka, radova i zaklju\u010daka dugo nakon svoga zavr\u0161etka, bez obzira na \u010dinjenicu da krajnji cilj ovoga projekta uvelike ovisi o \u00a0podr\u0161ci lokalne i stru\u010dne zajednice. Obzirom da sustav\u00a0 ranog upozoravanje od pojava klizi\u0161ta i buji\u010dnih poplava trenutno ne postoji ni u jednoj od partnerskih zemalja, o\u010dekujemo da \u0107e krajnji rezultat ovog projekta biti prepoznat kao temelj budu\u0107ih sustava upozoravanja na lokalnim razinama upravljanja.\u201c<\/p>\n[\/et_pb_text][\/et_pb_column][\/et_pb_row][et_pb_row _builder_version=&#8221;4.7.0&#8243; _module_preset=&#8221;default&#8221; column_structure=&#8221;1_3,1_3,1_3&#8243;][et_pb_column _builder_version=&#8221;4.7.0&#8243; _module_preset=&#8221;default&#8221; type=&#8221;1_3&#8243;][et_pb_image src=&#8221;https:\/\/www.hgi-cgs.hr\/wp-content\/uploads\/2020\/11\/1stProjektnaRadiona4.jpg&#8221; _builder_version=&#8221;4.7.0&#8243; _module_preset=&#8221;default&#8221; title_text=&#8221;1stProjektnaRadiona4&#8243; border_radii=&#8221;on|5px|5px|5px|5px&#8221; box_shadow_style=&#8221;preset1&#8243; box_shadow_blur=&#8221;15px&#8221; hover_enabled=&#8221;0&#8243; sticky_enabled=&#8221;0&#8243; align=&#8221;center&#8221;][\/et_pb_image][\/et_pb_column][et_pb_column _builder_version=&#8221;4.7.0&#8243; _module_preset=&#8221;default&#8221; type=&#8221;1_3&#8243;][et_pb_image src=&#8221;https:\/\/www.hgi-cgs.hr\/wp-content\/uploads\/2020\/11\/1stProjektnaRadiona3.jpg&#8221; _builder_version=&#8221;4.7.0&#8243; _module_preset=&#8221;default&#8221; title_text=&#8221;1stProjektnaRadiona3&#8243; border_radii=&#8221;on|5px|5px|5px|5px&#8221; box_shadow_style=&#8221;preset1&#8243; hover_enabled=&#8221;0&#8243; sticky_enabled=&#8221;0&#8243; align=&#8221;center&#8221;][\/et_pb_image][\/et_pb_column][et_pb_column _builder_version=&#8221;4.7.0&#8243; _module_preset=&#8221;default&#8221; type=&#8221;1_3&#8243;][et_pb_image src=&#8221;https:\/\/www.hgi-cgs.hr\/wp-content\/uploads\/2020\/11\/1stProjektnaRadiona8.jpg&#8221; _builder_version=&#8221;4.7.0&#8243; _module_preset=&#8221;default&#8221; title_text=&#8221;1stProjektnaRadiona8&#8243; width=&#8221;75%&#8221; border_radii=&#8221;on|5px|5px|5px|5px&#8221; box_shadow_style=&#8221;preset1&#8243; box_shadow_blur=&#8221;15px&#8221; hover_enabled=&#8221;0&#8243; sticky_enabled=&#8221;0&#8243;][\/et_pb_image][\/et_pb_column][\/et_pb_row][\/et_pb_section]\n","protected":false},"excerpt":{"rendered":"<p>RESPONSa &#8211; NOVOSTI &amp; OBAVIJESTI Odr\u017eana 1. projektna radionica projekta RESPONSa \u201eGodina 2020. \u0107e po mnogo\u010demu ostati u lo\u0161em sje\u0107anju. Po\u010detak projekta RESPONSa daje protute\u017eu svim tim nemilim doga\u0111ajima. Ovaj projekt je nastavak uspje\u0161nog SafEarth projekta koji je izme\u0111u ostalog, priznat te prikazan na EURegionsWeek2019 kao primjer dobre prakse. Aktivnosti projekta RESPONSa slu\u017ebeno su zapo\u010dele [&hellip;]<\/p>\n","protected":false},"author":1,"featured_media":0,"parent":0,"menu_order":0,"comment_status":"closed","ping_status":"closed","template":"","meta":{"_et_pb_use_builder":"on","_et_pb_old_content":"","_et_gb_content_width":"","footnotes":""},"class_list":["post-36800","page","type-page","status-publish","hentry"],"aioseo_notices":[],"_links":{"self":[{"href":"https:\/\/www.hgi-cgs.hr\/en\/wp-json\/wp\/v2\/pages\/36800","targetHints":{"allow":["GET"]}}],"collection":[{"href":"https:\/\/www.hgi-cgs.hr\/en\/wp-json\/wp\/v2\/pages"}],"about":[{"href":"https:\/\/www.hgi-cgs.hr\/en\/wp-json\/wp\/v2\/types\/page"}],"author":[{"embeddable":true,"href":"https:\/\/www.hgi-cgs.hr\/en\/wp-json\/wp\/v2\/users\/1"}],"replies":[{"embeddable":true,"href":"https:\/\/www.hgi-cgs.hr\/en\/wp-json\/wp\/v2\/comments?post=36800"}],"version-history":[{"count":3,"href":"https:\/\/www.hgi-cgs.hr\/en\/wp-json\/wp\/v2\/pages\/36800\/revisions"}],"predecessor-version":[{"id":36809,"href":"https:\/\/www.hgi-cgs.hr\/en\/wp-json\/wp\/v2\/pages\/36800\/revisions\/36809"}],"wp:attachment":[{"href":"https:\/\/www.hgi-cgs.hr\/en\/wp-json\/wp\/v2\/media?parent=36800"}],"curies":[{"name":"wp","href":"https:\/\/api.w.org\/{rel}","templated":true}]}}