{"id":36536,"date":"2020-11-11T09:29:32","date_gmt":"2020-11-11T09:29:32","guid":{"rendered":"https:\/\/www.hgi-cgs.hr\/?page_id=36536"},"modified":"2024-09-30T09:42:14","modified_gmt":"2024-09-30T09:42:14","slug":"responsa","status":"publish","type":"page","link":"https:\/\/www.hgi-cgs.hr\/en\/responsa\/","title":{"rendered":"RESPONSa"},"content":{"rendered":"<p>[et_pb_section fb_built=&#8221;1&#8243; fullwidth=&#8221;on&#8221; _builder_version=&#8221;4.16&#8243; custom_padding=&#8221;0px||0px|||&#8221; global_colors_info=&#8221;{}&#8221;][et_pb_fullwidth_slider _builder_version=&#8221;4.16&#8243; min_height=&#8221;112px&#8221; height=&#8221;400px&#8221; custom_margin=&#8221;0px||||false|false&#8221; custom_padding=&#8221;0px||18px||false|false&#8221; auto=&#8221;on&#8221; auto_ignore_hover=&#8221;on&#8221; locked=&#8221;off&#8221; global_colors_info=&#8221;{}&#8221;][et_pb_slide heading=&#8221;Hrvatski geolo\u0161ki institut&#8221; _builder_version=&#8221;4.16&#8243; header_font=&#8221;|||on|||||&#8221; background_image=&#8221;https:\/\/www.hgi-cgs.hr\/wp-content\/uploads\/2020\/03\/Br\u010di\u0107_Drvenik02-scaled.jpg&#8221; background_enable_image=&#8221;on&#8221; locked=&#8221;off&#8221; global_colors_info=&#8221;{}&#8221; sticky_transition=&#8221;on&#8221;][\/et_pb_slide][et_pb_slide heading=&#8221;Hrvatski geolo\u0161ki institut&#8221; _builder_version=&#8221;4.16&#8243; header_font=&#8221;|||on|||||&#8221; background_image=&#8221;https:\/\/www.hgi-cgs.hr\/wp-content\/uploads\/2020\/03\/ban2-scaled.jpg&#8221; background_enable_image=&#8221;on&#8221; locked=&#8221;off&#8221; global_colors_info=&#8221;{}&#8221; sticky_transition=&#8221;on&#8221;][\/et_pb_slide][et_pb_slide heading=&#8221;Hrvatski geolo\u0161ki institut&#8221; _builder_version=&#8221;4.16&#8243; header_font=&#8221;|||on|||||&#8221; background_image=&#8221;https:\/\/www.hgi-cgs.hr\/wp-content\/uploads\/2020\/03\/20190228_094232-scaled.jpg&#8221; background_enable_image=&#8221;on&#8221; locked=&#8221;off&#8221; global_colors_info=&#8221;{}&#8221; sticky_transition=&#8221;on&#8221;][\/et_pb_slide][et_pb_slide heading=&#8221;Hrvatski geolo\u0161ki institut&#8221; _builder_version=&#8221;4.16&#8243; header_font=&#8221;|||on|||||&#8221; background_image=&#8221;https:\/\/www.hgi-cgs.hr\/wp-content\/uploads\/2020\/03\/ban3-scaled.jpg&#8221; background_enable_image=&#8221;on&#8221; locked=&#8221;off&#8221; global_colors_info=&#8221;{}&#8221; sticky_transition=&#8221;on&#8221;][\/et_pb_slide][et_pb_slide heading=&#8221;Hrvatski geolo\u0161ki institut&#8221; _builder_version=&#8221;4.16&#8243; header_font=&#8221;|||on|||||&#8221; background_image=&#8221;https:\/\/www.hgi-cgs.hr\/wp-content\/uploads\/2020\/03\/Bijele_stijene-Gorski_kotar-scaled.jpg&#8221; background_enable_image=&#8221;on&#8221; locked=&#8221;off&#8221; global_colors_info=&#8221;{}&#8221; sticky_transition=&#8221;on&#8221;][\/et_pb_slide][et_pb_slide heading=&#8221;Hrvatski geolo\u0161ki institut&#8221; _builder_version=&#8221;4.16&#8243; header_font=&#8221;|||on|||||&#8221; background_image=&#8221;https:\/\/www.hgi-cgs.hr\/wp-content\/uploads\/2020\/03\/ban4-scaled.jpg&#8221; background_enable_image=&#8221;on&#8221; locked=&#8221;off&#8221; global_colors_info=&#8221;{}&#8221; sticky_transition=&#8221;on&#8221;][\/et_pb_slide][et_pb_slide heading=&#8221;Hrvatski geolo\u0161ki institut&#8221; _builder_version=&#8221;4.16&#8243; header_font=&#8221;|||on|||||&#8221; background_image=&#8221;https:\/\/www.hgi-cgs.hr\/wp-content\/uploads\/2020\/03\/ban5-scaled.jpg&#8221; background_enable_image=&#8221;on&#8221; locked=&#8221;off&#8221; global_colors_info=&#8221;{}&#8221; sticky_transition=&#8221;on&#8221;][\/et_pb_slide][\/et_pb_fullwidth_slider][\/et_pb_section][et_pb_section fb_built=&#8221;1&#8243; _builder_version=&#8221;4.16&#8243; global_colors_info=&#8221;{}&#8221;][et_pb_row _builder_version=&#8221;4.16&#8243; global_colors_info=&#8221;{}&#8221;][et_pb_column type=&#8221;4_4&#8243; _builder_version=&#8221;4.16&#8243; global_colors_info=&#8221;{}&#8221;][et_pb_text _builder_version=&#8221;4.16&#8243; text_font_size=&#8221;32px&#8221; header_2_text_color=&#8221;#1e5096&#8243; global_colors_info=&#8221;{}&#8221;]<\/p>\n<h2 style=\"text-align: center; color: #1e5096;\"><strong>ZAVOD ZA HIDROGEOLOGIJU I IN\u017dENJERSKU GEOLOGIJU<br \/><\/strong><\/h2>\n<h2 style=\"text-align: center; color: #1e5096;\"><strong>Projekti EU fondova<\/strong><\/h2>\n<p>[\/et_pb_text][\/et_pb_column][\/et_pb_row][et_pb_row _builder_version=&#8221;4.16&#8243; custom_padding=&#8221;5px||50px|||&#8221; global_colors_info=&#8221;{}&#8221;][et_pb_column type=&#8221;4_4&#8243; _builder_version=&#8221;4.16&#8243; custom_padding=&#8221;|||&#8221; global_colors_info=&#8221;{}&#8221; custom_padding__hover=&#8221;|||&#8221;][et_pb_text _builder_version=&#8221;4.16&#8243; text_font=&#8221;|300|||||||&#8221; ul_font=&#8221;||||||||&#8221; header_font=&#8221;||||||||&#8221; header_text_align=&#8221;center&#8221; header_2_font=&#8221;|800|||||||&#8221; header_2_text_align=&#8221;center&#8221; header_2_text_color=&#8221;#1e5096&#8243; header_2_font_size=&#8221;54px&#8221; header_3_font=&#8221;|300|||||||&#8221; header_3_line_height=&#8221;1.3em&#8221; text_orientation=&#8221;center&#8221; min_height=&#8221;76px&#8221; custom_margin=&#8221;6px||-30px|||&#8221; custom_padding=&#8221;||0px|||&#8221; animation_direction=&#8221;bottom&#8221; header_2_font_size_tablet=&#8221;&#8221; header_2_font_size_phone=&#8221;30px&#8221; header_2_font_size_last_edited=&#8221;on|phone&#8221; header_2_text_shadow_style=&#8221;preset1&#8243; header_2_text_shadow_horizontal_length=&#8221;0.03em&#8221; header_2_text_shadow_vertical_length=&#8221;0.03em&#8221; header_2_text_shadow_blur_strength=&#8221;0.05em&#8221; header_2_text_shadow_color=&#8221;rgba(0,0,0,0.3)&#8221; global_colors_info=&#8221;{}&#8221;]<\/p>\n<h3><strong><\/strong><strong>Response to landslide and flash flood risk with Early Warning System design (RESPONSa)<\/strong><\/h3>\n<p>[\/et_pb_text][et_pb_image src=&#8221;https:\/\/www.hgi-cgs.hr\/wp-content\/uploads\/2020\/11\/RESPONSa_color.jpg&#8221; title_text=&#8221;RESPONSA_color&#8221; _builder_version=&#8221;4.16&#8243; width=&#8221;35%&#8221; module_alignment=&#8221;center&#8221; custom_margin=&#8221;29px|||||&#8221; global_colors_info=&#8221;{}&#8221;][\/et_pb_image][et_pb_tabs _builder_version=&#8221;4.27.0&#8243; custom_margin=&#8221;13px|||||&#8221; hover_enabled=&#8221;0&#8243; global_colors_info=&#8221;{}&#8221; sticky_enabled=&#8221;0&#8243;][et_pb_tab title=&#8221;O projektu&#8221; _builder_version=&#8221;4.16&#8243; global_colors_info=&#8221;{}&#8221;]<\/p>\n<p>U sklopu 2. poziva EU programa INTERREG IPA CBC Hrvatska-Bosna i Hercegovina-Crna Gora 2014-2020, u listopadu 2020. zapo\u010deo je projekt RESPONSa. Ukupan prora\u010dun projekta je 935.168,30 EUR, od \u010dega EU sufinancira 85%, a projektni partneri 15%.<\/p>\n<p>Predvi\u0111eno trajanje projekta od dvije i pol godine osigurat \u0107e nastavak uspje\u0161ne suradnje projektnih partnera koja je zapo\u010dela tijekom provedbe safEarth projekta u sklopu istog EU programa u periodu 2017-2019. Ulogu vode\u0107eg partnera projekta RESPONSa preuzeo je\u00a0 Hrvatski geolo\u0161ki institut iz Zagreba, dok su kao projektni partneri u projekt uklju\u010deni Rudarsko geolo\u0161ko gra\u0111evinski fakultet iz Tuzle i JU Zavod za geolo\u0161ka istra\u017eivanja iz Podgorice.<\/p>\n<p>Projekt RESPONSa usmjeren je prema ja\u010danju programskog cilja 2.1, koji se odnosi na promicanje i unaprje\u0111enje za\u0161tite okoli\u0161a i prirode i sustava upravljanja za prevenciju rizika. Prekograni\u010dna suradnja uklju\u010dit \u0107e zajedni\u010dki rad svih projektnih partnera na uspostavi sustava ranog upozoravanja od pojava klizi\u0161ta i buji\u010dnih poplava, koje u naseljenim podru\u010djima predstavljaju direktnu prijetnju za stanovni\u0161tvo i njihovu imovinu. Kao posljedica klimatskih promjena, u posljednje vrijeme sve vi\u0161e svjedo\u010dimo pojavama klizi\u0161ta i buji\u010dnih tokova pokrenutih ekstremnim vremenskim uvjetima (npr. intenzivnim ili dugotrajnim oborinama). U tom smislu, u sklopu projekta RESPONSa u fokusu su istra\u017eivanja vezana uz pra\u0107enje klizi\u0161ta kori\u0161tenjem metoda daljinskih istra\u017eivanja i pra\u0107enje meteorolo\u0161kih uvjeta te odre\u0111ivanje grani\u010dnih vrijednosti pokreta\u010da kod kojih dolazi do aktiviranja \u0161tetnog doga\u0111aja. Aktivno sudjelovanje klju\u010dnih dionika (predstavnika lokalne zajednice, civilne za\u0161tite, meteorolo\u0161kih slu\u017ebi) omogu\u0107it \u0107e procjenu kapaciteta lokalne zajednice i izradu operativnih procesa za razli\u010dite geohazardne \u00a0scenarije. Njihovim objedinjavanjem u zajedni\u010dki sustav, u slu\u010daju pojave rizi\u010dnog doga\u0111aja, lokalna zajednica mo\u0107i \u0107e valjano i pravovremeno odgovoriti.<\/p>\n<p>Za pilot podru\u010dja za koja \u0107e se izraditi struktura sustava ranog upozoravanja odabrani su sljede\u0107i gradovi\/op\u0107ine: Grad Kutina (Hrvatska), Grad Tuzla i Br\u010dko Distrikt (Bosna i Hercegovina) te Op\u0107ina Budva (Crna Gora).<\/p>\n<p><em><strong><a href=\"https:\/\/www.hgi-cgs.hr\/responsa-novosti-obavijesti\/\">RESPONSa &#8211;\u00a0 Novosti &amp; Obavijesti<\/a><\/strong><\/em><\/p>\n<p>[\/et_pb_tab][et_pb_tab title=&#8221;Voditelj&#8221; _builder_version=&#8221;4.16&#8243; global_colors_info=&#8221;{}&#8221;]<\/p>\n<p style=\"text-align: left;\"><strong><em><span>Glavni istra\u017eiva\u010d \/ voditelj: <\/span><\/em><\/strong><em>dr. sc. Vlatko Gulam<\/em><em><\/em><strong><em><br \/> <\/em><\/strong><\/p>\n<p>[\/et_pb_tab][et_pb_tab title=&#8221;Suradnici&#8221; _builder_version=&#8221;4.16&#8243; global_colors_info=&#8221;{}&#8221;]<\/p>\n<p><strong>Hrvatski geolo\u0161ki institut:<\/strong><\/p>\n<p>Iris Bostjan\u010di\u0107<\/p>\n<p>Mario Doli\u0107<\/p>\n<p>Tihomir Frangen<\/p>\n<p>Tanja Funtek<\/p>\n<p>Vlatko Gulam<\/p>\n<p>Tomislav Kure\u010di\u0107<\/p>\n<p>Ivan Markoti\u0107<\/p>\n<p>Jasminka Martinjak<\/p>\n<p>Tomislav Novosel<\/p>\n<p>Kre\u0161imir Petrinjak<\/p>\n<p>Laszlo Podolszki<\/p>\n<p>Davor Pollak<\/p>\n<p>Nata\u0161a Pomper<\/p>\n<p>Ivan Soka\u010d<\/p>\n<p><strong>Rudarsko geolo\u0161ko gra\u0111evinski fakultet, Tuzla:<\/strong><\/p>\n<p>Elvir Babaji\u0107<\/p>\n<p>Kemal Guti\u0107<\/p>\n<p>Kenan Guti\u0107<\/p>\n<p>Hasan Had\u017ei\u0107<\/p>\n<p>Mersudin Hod\u017ei\u0107<\/p>\n<p>Adnan Ibrahimovi\u0107<\/p>\n<p>Aj\u0161a Jaganjac<\/p>\n<p>Fikreta Jahi\u0107<\/p>\n<p>Nedreta Kikanovi\u0107<\/p>\n<p>Enver Mand\u017ei\u0107<\/p>\n<p>Kenan Mand\u017ei\u0107<\/p>\n<p>Edisa Nuki\u0107<\/p>\n<p>Enida Omerhod\u017ei\u0107<\/p>\n<p>Ned\u017ead Ribi\u0107<\/p>\n<p>Mirsad Topalovi\u0107<\/p>\n<p>Sabid Zekan<\/p>\n<p><strong>JU Zavod za geolo\u0161ka istra\u017eivanja, Podgorica<\/strong><\/p>\n<p>Neda Devi\u0107<\/p>\n<p>Peko Jokovi\u0107<\/p>\n<p>Dragan Radojevi\u0107<\/p>\n<p>Katarina Rai\u010dkovi\u0107<\/p>\n<p>Ivana Ra\u017enatovi\u0107<\/p>\n<p>Milica Stojadinovi\u0107 Mil\u010di\u0107<\/p>\n<p>Milorad Vojvodi\u0107<\/p>\n<p>[\/et_pb_tab][et_pb_tab title=&#8221;Trajanje projekta&#8221; _builder_version=&#8221;4.16&#8243; global_colors_info=&#8221;{}&#8221;]<\/p>\n<p style=\"text-align: left;\"><span><strong><em>Datum po\u010detka i kraja projekta:<\/em><\/strong> <em>10\/2020 \u2013 3\/2023<\/em><br \/> <\/span><\/p>\n<p><span>\u00a0<\/span><\/p>\n<p>[\/et_pb_tab][et_pb_tab title=&#8221;Kategorija&#8221; _builder_version=&#8221;4.16&#8243; global_colors_info=&#8221;{}&#8221;]<\/p>\n<p style=\"text-align: left;\"><span><strong><em>Kategorija projekta:<\/em><\/strong> <em>EU Interreg projekt<\/em><br \/> <\/span><\/p>\n<p>[\/et_pb_tab][et_pb_tab title=&#8221;Iznos financiranja&#8221; _builder_version=&#8221;4.16&#8243; global_colors_info=&#8221;{}&#8221;]<\/p>\n<p style=\"text-align: left;\"><span><strong><em>Ugovoreni iznos financiranja: <\/em><\/strong><em>935.168,30 EUR<\/em><br \/><\/span><\/p>\n<p style=\"text-align: left;\"><span><em>\u201eProjekt je sufinanciran sredstvima EFRR i IPA II fondova Europske unije.\u201c<\/em><\/span><\/p>\n<p>[\/et_pb_tab][et_pb_tab title=&#8221;Status&#8221; _builder_version=&#8221;4.27.0&#8243; hover_enabled=&#8221;0&#8243; global_colors_info=&#8221;{}&#8221; sticky_enabled=&#8221;0&#8243;]<\/p>\n<p style=\"text-align: left;\"><span><em><strong>Status:<\/strong><\/em> Zavr\u0161en<\/span><\/p>\n<p>[\/et_pb_tab][\/et_pb_tabs][\/et_pb_column][\/et_pb_row][\/et_pb_section]<\/p>\n","protected":false},"excerpt":{"rendered":"<p>ZAVOD ZA HIDROGEOLOGIJU I IN\u017dENJERSKU GEOLOGIJU Projekti EU fondovaResponse to landslide and flash flood risk with Early Warning System design (RESPONSa)U sklopu 2. poziva EU programa INTERREG IPA CBC Hrvatska-Bosna i Hercegovina-Crna Gora 2014-2020, u listopadu 2020. zapo\u010deo je projekt RESPONSa. Ukupan prora\u010dun projekta je 935.168,30 EUR, od \u010dega EU sufinancira 85%, a projektni partneri [&hellip;]<\/p>\n","protected":false},"author":1,"featured_media":0,"parent":0,"menu_order":0,"comment_status":"closed","ping_status":"closed","template":"","meta":{"_et_pb_use_builder":"on","_et_pb_old_content":"","_et_gb_content_width":"","footnotes":""},"class_list":["post-36536","page","type-page","status-publish","hentry"],"aioseo_notices":[],"_links":{"self":[{"href":"https:\/\/www.hgi-cgs.hr\/en\/wp-json\/wp\/v2\/pages\/36536","targetHints":{"allow":["GET"]}}],"collection":[{"href":"https:\/\/www.hgi-cgs.hr\/en\/wp-json\/wp\/v2\/pages"}],"about":[{"href":"https:\/\/www.hgi-cgs.hr\/en\/wp-json\/wp\/v2\/types\/page"}],"author":[{"embeddable":true,"href":"https:\/\/www.hgi-cgs.hr\/en\/wp-json\/wp\/v2\/users\/1"}],"replies":[{"embeddable":true,"href":"https:\/\/www.hgi-cgs.hr\/en\/wp-json\/wp\/v2\/comments?post=36536"}],"version-history":[{"count":7,"href":"https:\/\/www.hgi-cgs.hr\/en\/wp-json\/wp\/v2\/pages\/36536\/revisions"}],"predecessor-version":[{"id":44046,"href":"https:\/\/www.hgi-cgs.hr\/en\/wp-json\/wp\/v2\/pages\/36536\/revisions\/44046"}],"wp:attachment":[{"href":"https:\/\/www.hgi-cgs.hr\/en\/wp-json\/wp\/v2\/media?parent=36536"}],"curies":[{"name":"wp","href":"https:\/\/api.w.org\/{rel}","templated":true}]}}