{"id":36465,"date":"2020-11-09T14:40:24","date_gmt":"2020-11-09T14:40:24","guid":{"rendered":"https:\/\/www.hgi-cgs.hr\/?page_id=36465"},"modified":"2021-01-04T10:40:57","modified_gmt":"2021-01-04T10:40:57","slug":"osnovna-geoloska-karta-republike-hrvatske-np-kornati-m-150-000-na-medunarodnoj-kartografskoj-izlozbi-u-tokiju","status":"publish","type":"page","link":"https:\/\/www.hgi-cgs.hr\/en\/osnovna-geoloska-karta-republike-hrvatske-np-kornati-m-150-000-na-medunarodnoj-kartografskoj-izlozbi-u-tokiju\/","title":{"rendered":"Osnovna geolo\u0161ka karta Republike Hrvatske NP Kornati M 1:50 000 na me\u0111unarodnoj kartografskoj izlo\u017ebi u Tokiju"},"content":{"rendered":"<p>[et_pb_section fb_built=&#8221;1&#8243; fullwidth=&#8221;on&#8221; _builder_version=&#8221;4.4.1&#8243; custom_padding=&#8221;0px||0px|||&#8221;][et_pb_fullwidth_slider _builder_version=&#8221;4.7.7&#8243; min_height=&#8221;112px&#8221; height=&#8221;400px&#8221; custom_margin=&#8221;0px||||false|false&#8221; custom_padding=&#8221;0px||18px||false|false&#8221; auto=&#8221;on&#8221; auto_ignore_hover=&#8221;on&#8221; locked=&#8221;off&#8221;][et_pb_slide heading=&#8221;Hrvatski geolo\u0161ki institut&#8221; _builder_version=&#8221;4.4.1&#8243; header_font=&#8221;|||on|||||&#8221; background_image=&#8221;https:\/\/www.hgi-cgs.hr\/wp-content\/uploads\/2020\/03\/Br\u010di\u0107_Drvenik02-scaled.jpg&#8221; background_enable_image=&#8221;on&#8221; locked=&#8221;off&#8221; sticky_transition=&#8221;on&#8221;][\/et_pb_slide][et_pb_slide heading=&#8221;Hrvatski geolo\u0161ki institut&#8221; _builder_version=&#8221;4.4.1&#8243; header_font=&#8221;|||on|||||&#8221; background_image=&#8221;https:\/\/www.hgi-cgs.hr\/wp-content\/uploads\/2020\/03\/ban2-scaled.jpg&#8221; background_enable_image=&#8221;on&#8221; locked=&#8221;off&#8221; sticky_transition=&#8221;on&#8221;][\/et_pb_slide][et_pb_slide heading=&#8221;Hrvatski geolo\u0161ki institut&#8221; _builder_version=&#8221;4.4.1&#8243; header_font=&#8221;|||on|||||&#8221; background_image=&#8221;https:\/\/www.hgi-cgs.hr\/wp-content\/uploads\/2020\/03\/20190228_094232-scaled.jpg&#8221; background_enable_image=&#8221;on&#8221; locked=&#8221;off&#8221; sticky_transition=&#8221;on&#8221;][\/et_pb_slide][et_pb_slide heading=&#8221;Hrvatski geolo\u0161ki institut&#8221; _builder_version=&#8221;4.4.1&#8243; header_font=&#8221;|||on|||||&#8221; background_image=&#8221;https:\/\/www.hgi-cgs.hr\/wp-content\/uploads\/2020\/03\/ban3-scaled.jpg&#8221; background_enable_image=&#8221;on&#8221; locked=&#8221;off&#8221; sticky_transition=&#8221;on&#8221;][\/et_pb_slide][et_pb_slide heading=&#8221;Hrvatski geolo\u0161ki institut&#8221; _builder_version=&#8221;4.4.1&#8243; header_font=&#8221;|||on|||||&#8221; background_image=&#8221;https:\/\/www.hgi-cgs.hr\/wp-content\/uploads\/2020\/03\/Bijele_stijene-Gorski_kotar-scaled.jpg&#8221; background_enable_image=&#8221;on&#8221; locked=&#8221;off&#8221; sticky_transition=&#8221;on&#8221;][\/et_pb_slide][et_pb_slide heading=&#8221;Hrvatski geolo\u0161ki institut&#8221; _builder_version=&#8221;4.4.1&#8243; header_font=&#8221;|||on|||||&#8221; background_image=&#8221;https:\/\/www.hgi-cgs.hr\/wp-content\/uploads\/2020\/03\/ban4-scaled.jpg&#8221; background_enable_image=&#8221;on&#8221; locked=&#8221;off&#8221; sticky_transition=&#8221;on&#8221;][\/et_pb_slide][et_pb_slide heading=&#8221;Hrvatski geolo\u0161ki institut&#8221; _builder_version=&#8221;4.4.1&#8243; header_font=&#8221;|||on|||||&#8221; background_image=&#8221;https:\/\/www.hgi-cgs.hr\/wp-content\/uploads\/2020\/03\/ban5-scaled.jpg&#8221; background_enable_image=&#8221;on&#8221; locked=&#8221;off&#8221; sticky_transition=&#8221;on&#8221;][\/et_pb_slide][et_pb_slide heading=&#8221;Hrvatski geolo\u0161ki institut&#8221; _builder_version=&#8221;4.7.7&#8243; header_font=&#8221;|||on|||||&#8221; background_image=&#8221;https:\/\/www.hgi-cgs.hr\/wp-content\/uploads\/2020\/04\/20191015_142016a-scaled.jpg&#8221; background_enable_image=&#8221;on&#8221; locked=&#8221;off&#8221; sticky_transition=&#8221;on&#8221;][\/et_pb_slide][et_pb_slide heading=&#8221;Hrvatski geolo\u0161ki institut&#8221; _builder_version=&#8221;4.7.7&#8243; header_font=&#8221;|||on|||||&#8221; background_image=&#8221;https:\/\/www.hgi-cgs.hr\/wp-content\/uploads\/2020\/04\/20191014_133538-scaled.jpg&#8221; background_enable_image=&#8221;on&#8221; locked=&#8221;off&#8221; sticky_transition=&#8221;on&#8221;][\/et_pb_slide][\/et_pb_fullwidth_slider][\/et_pb_section][et_pb_section fb_built=&#8221;1&#8243; _builder_version=&#8221;4.4.2&#8243;][et_pb_row _builder_version=&#8221;4.4.2&#8243;][et_pb_column type=&#8221;4_4&#8243; _builder_version=&#8221;4.4.2&#8243;][et_pb_text _builder_version=&#8221;4.7.7&#8243; text_font_size=&#8221;32px&#8221; header_2_text_color=&#8221;#1e5096&#8243; hover_enabled=&#8221;0&#8243; sticky_enabled=&#8221;0&#8243;]<\/p>\n<h2 style=\"text-align: center; color: #1e5096;\"><strong>ARHIVA NOVOSTI<\/strong><\/h2>\n<p>[\/et_pb_text][\/et_pb_column][\/et_pb_row][et_pb_row _builder_version=&#8221;4.4.2&#8243; custom_padding=&#8221;||0px|||&#8221;][et_pb_column type=&#8221;4_4&#8243; _builder_version=&#8221;4.4.2&#8243;][et_pb_text _builder_version=&#8221;4.6.6&#8243; text_font_size=&#8221;32px&#8221; header_2_text_color=&#8221;#1e5096&#8243; header_2_line_height=&#8221;1.3em&#8221;]<\/p>\n<h2 style=\"text-align: center; color: #1e5096;\">Osnovna geolo\u0161ka karta Republike Hrvatske NP Kornati M 1:50 000 na me\u0111unarodnoj kartografskoj izlo\u017ebi u Tokiju<\/h2>\n<p>[\/et_pb_text][\/et_pb_column][\/et_pb_row][\/et_pb_section][et_pb_section fb_built=&#8221;1&#8243; _builder_version=&#8221;4.4.2&#8243; custom_margin=&#8221;-22px|||||&#8221; custom_padding=&#8221;20px||41px|||&#8221;][et_pb_row _builder_version=&#8221;4.0.3&#8243; min_height=&#8221;192px&#8221; custom_margin=&#8221;-9px|auto||auto||&#8221; custom_padding=&#8221;0px|||||&#8221;][et_pb_column type=&#8221;4_4&#8243; _builder_version=&#8221;4.0.3&#8243;][et_pb_text _builder_version=&#8221;4.6.6&#8243; text_font=&#8221;||||||||&#8221; link_font=&#8221;||||||||&#8221; link_text_color=&#8221;#e09900&#8243; custom_margin=&#8221;18px|||||&#8221; custom_padding=&#8221;|10px||10px|false|true&#8221;]<\/p>\n<p>U Tokiju je razdoblju od 15. &#8211; 20. srpnja odr\u017eana 29. me\u0111unarodna kartografska konferencija u organizaciji me\u0111unarodnog kartografskog dru\u0161tva (<em><a href=\"http:\/\/www.icc2019.org\">http:\/\/www.icc2019.org<\/a><\/em>). Na konferenciji je sudjelovalo tridesetak zemalja i nekoliko organizacija i tvrtki (npr. IGN, USGS i ESRI) koje su prezentirale svoju djelatnost. Hrvatsku je predstavljalo Hrvatsko kartografsko dru\u0161tvo koje okuplja organizacije i tvrtke koje se bave kartografijom u Hrvatskoj, uklju\u010duju\u0107i i Hrvatski geolo\u0161ki institut. Nacionalni izvje\u0161taj o kartografiji u Hrvatskoj 2015-2019 dostupan je na internetskoj stranici Hrvatskog kartografskog dru\u0161tva (<a href=\"https:\/\/www.kartografija.hr\/\">www.kartografija.hr<\/a>). <\/p>\n<p> U sklopu konferencije bila je postavljena i kartografska izlo\u017eba na kojoj je, zajedno s jo\u0161 dvije karte iz Hrvatske, bila izlo\u017eena i Osnovna geolo\u0161ka karta Republike Hrvatske NP Kornati M 1:50 000 (V. Br\u010di\u0107 i sur., 2019.). Kartu je izradio Zavod za geologiju tijekom 2018. i 2019. god. uz potporu JU NP Kornati. Cjelokupni katalog izlo\u017ebe dostupan je na adresi: <a href=\"http:\/\/www.icc2019.org\/data\/cartographic_exhibition\/icc2019_cartographic_exhibition_catalogue.pdf\"><em>http:\/\/www.icc2019.org\/data\/cartographic_exhibition\/icc2019_cartographic_exhibition_catalogue.pdf<\/em><\/a>.<\/p>\n<p>[\/et_pb_text][\/et_pb_column][\/et_pb_row][et_pb_row _builder_version=&#8221;4.6.5&#8243; _module_preset=&#8221;default&#8221;][et_pb_column type=&#8221;4_4&#8243; _builder_version=&#8221;4.6.5&#8243; _module_preset=&#8221;default&#8221;][et_pb_image src=&#8221;https:\/\/www.hgi-cgs.hr\/wp-content\/uploads\/2020\/11\/izlozba_Tokyo2019-scaled.jpg&#8221; alt=&#8221;Osnovna geolo\u0161ka karta Republike Hrvatske NP Kornati M 1:50 000 na me\u0111unarodnoj kartografskoj izlo\u017ebi uTokiju&#8221; title_text=&#8221;izlozba_Tokyo2019&#8243; align=&#8221;center&#8221; _builder_version=&#8221;4.6.6&#8243; _module_preset=&#8221;default&#8221; width=&#8221;45%&#8221; border_radii=&#8221;on|5px|5px|5px|5px&#8221; box_shadow_style=&#8221;preset1&#8243; box_shadow_blur=&#8221;15px&#8221;][\/et_pb_image][et_pb_text _builder_version=&#8221;4.6.6&#8243; _module_preset=&#8221;default&#8221; text_font_size=&#8221;13px&#8221; custom_margin=&#8221;-30px||||false|false&#8221; custom_padding=&#8221;|||0px|false|false&#8221;]<\/p>\n<p style=\"text-align: center;\">Osnovna geolo\u0161ka karta Republike Hrvatske NP Kornati M 1:50 000 na me\u0111unarodnoj kartografskoj izlo\u017ebi uTokiju<\/p>\n<p>[\/et_pb_text][\/et_pb_column][\/et_pb_row][\/et_pb_section]<\/p>\n","protected":false},"excerpt":{"rendered":"<p>ARHIVA NOVOSTI Osnovna geolo\u0161ka karta Republike Hrvatske NP Kornati M 1:50 000 na me\u0111unarodnoj kartografskoj izlo\u017ebi u TokijuU Tokiju je razdoblju od 15. &#8211; 20. srpnja odr\u017eana 29. me\u0111unarodna kartografska konferencija u organizaciji me\u0111unarodnog kartografskog dru\u0161tva (http:\/\/www.icc2019.org). Na konferenciji je sudjelovalo tridesetak zemalja i nekoliko organizacija i tvrtki (npr. IGN, USGS i ESRI) koje su [&hellip;]<\/p>\n","protected":false},"author":1,"featured_media":0,"parent":0,"menu_order":0,"comment_status":"closed","ping_status":"closed","template":"","meta":{"_et_pb_use_builder":"on","_et_pb_old_content":"","_et_gb_content_width":"","footnotes":""},"class_list":["post-36465","page","type-page","status-publish","hentry"],"aioseo_notices":[],"_links":{"self":[{"href":"https:\/\/www.hgi-cgs.hr\/en\/wp-json\/wp\/v2\/pages\/36465","targetHints":{"allow":["GET"]}}],"collection":[{"href":"https:\/\/www.hgi-cgs.hr\/en\/wp-json\/wp\/v2\/pages"}],"about":[{"href":"https:\/\/www.hgi-cgs.hr\/en\/wp-json\/wp\/v2\/types\/page"}],"author":[{"embeddable":true,"href":"https:\/\/www.hgi-cgs.hr\/en\/wp-json\/wp\/v2\/users\/1"}],"replies":[{"embeddable":true,"href":"https:\/\/www.hgi-cgs.hr\/en\/wp-json\/wp\/v2\/comments?post=36465"}],"version-history":[{"count":3,"href":"https:\/\/www.hgi-cgs.hr\/en\/wp-json\/wp\/v2\/pages\/36465\/revisions"}],"predecessor-version":[{"id":37733,"href":"https:\/\/www.hgi-cgs.hr\/en\/wp-json\/wp\/v2\/pages\/36465\/revisions\/37733"}],"wp:attachment":[{"href":"https:\/\/www.hgi-cgs.hr\/en\/wp-json\/wp\/v2\/media?parent=36465"}],"curies":[{"name":"wp","href":"https:\/\/api.w.org\/{rel}","templated":true}]}}