{"id":36402,"date":"2020-11-09T13:32:52","date_gmt":"2020-11-09T13:32:52","guid":{"rendered":"https:\/\/www.hgi-cgs.hr\/?page_id=36402"},"modified":"2020-11-09T13:42:13","modified_gmt":"2020-11-09T13:42:13","slug":"prezentacija-rezultata-geoloskih-istrazivanja-plocastih-vapnenaca-i-odabranih-vrsta-ag-kamena-na-podrucju-zadarske-zupanije","status":"publish","type":"page","link":"https:\/\/www.hgi-cgs.hr\/en\/prezentacija-rezultata-geoloskih-istrazivanja-plocastih-vapnenaca-i-odabranih-vrsta-ag-kamena-na-podrucju-zadarske-zupanije\/","title":{"rendered":"Prezentacija rezultata geolo\u0161kih istra\u017eivanja plo\u010dastih vapnenaca i odabranih vrsta ag-kamena na podru\u010dju Zadarske \u017eupanije"},"content":{"rendered":"<p>[et_pb_section fb_built=&#8221;1&#8243; fullwidth=&#8221;on&#8221; _builder_version=&#8221;4.4.1&#8243; custom_padding=&#8221;0px||0px|||&#8221;][et_pb_fullwidth_slider _builder_version=&#8221;4.4.2&#8243; min_height=&#8221;112px&#8221; height=&#8221;400px&#8221; custom_margin=&#8221;0px||||false|false&#8221; custom_padding=&#8221;0px||18px||false|false&#8221; auto=&#8221;on&#8221; auto_ignore_hover=&#8221;on&#8221; locked=&#8221;off&#8221;][et_pb_slide heading=&#8221;Hrvatski geolo\u0161ki institut&#8221; _builder_version=&#8221;4.4.1&#8243; header_font=&#8221;|||on|||||&#8221; background_image=&#8221;https:\/\/www.hgi-cgs.hr\/wp-content\/uploads\/2020\/03\/Br\u010di\u0107_Drvenik02-scaled.jpg&#8221; background_enable_image=&#8221;on&#8221; locked=&#8221;off&#8221; sticky_transition=&#8221;on&#8221;][\/et_pb_slide][et_pb_slide heading=&#8221;Hrvatski geolo\u0161ki institut&#8221; _builder_version=&#8221;4.4.1&#8243; header_font=&#8221;|||on|||||&#8221; background_image=&#8221;https:\/\/www.hgi-cgs.hr\/wp-content\/uploads\/2020\/03\/ban2-scaled.jpg&#8221; background_enable_image=&#8221;on&#8221; locked=&#8221;off&#8221; sticky_transition=&#8221;on&#8221;][\/et_pb_slide][et_pb_slide heading=&#8221;Hrvatski geolo\u0161ki institut&#8221; _builder_version=&#8221;4.4.1&#8243; header_font=&#8221;|||on|||||&#8221; background_image=&#8221;https:\/\/www.hgi-cgs.hr\/wp-content\/uploads\/2020\/03\/20190228_094232-scaled.jpg&#8221; background_enable_image=&#8221;on&#8221; locked=&#8221;off&#8221; sticky_transition=&#8221;on&#8221;][\/et_pb_slide][et_pb_slide heading=&#8221;Hrvatski geolo\u0161ki institut&#8221; _builder_version=&#8221;4.4.1&#8243; header_font=&#8221;|||on|||||&#8221; background_image=&#8221;https:\/\/www.hgi-cgs.hr\/wp-content\/uploads\/2020\/03\/ban3-scaled.jpg&#8221; background_enable_image=&#8221;on&#8221; locked=&#8221;off&#8221; sticky_transition=&#8221;on&#8221;][\/et_pb_slide][et_pb_slide heading=&#8221;Hrvatski geolo\u0161ki institut&#8221; _builder_version=&#8221;4.4.1&#8243; header_font=&#8221;|||on|||||&#8221; background_image=&#8221;https:\/\/www.hgi-cgs.hr\/wp-content\/uploads\/2020\/03\/Bijele_stijene-Gorski_kotar-scaled.jpg&#8221; background_enable_image=&#8221;on&#8221; locked=&#8221;off&#8221; sticky_transition=&#8221;on&#8221;][\/et_pb_slide][et_pb_slide heading=&#8221;Hrvatski geolo\u0161ki institut&#8221; _builder_version=&#8221;4.4.1&#8243; header_font=&#8221;|||on|||||&#8221; background_image=&#8221;https:\/\/www.hgi-cgs.hr\/wp-content\/uploads\/2020\/03\/ban4-scaled.jpg&#8221; background_enable_image=&#8221;on&#8221; locked=&#8221;off&#8221; sticky_transition=&#8221;on&#8221;][\/et_pb_slide][et_pb_slide heading=&#8221;Hrvatski geolo\u0161ki institut&#8221; _builder_version=&#8221;4.4.1&#8243; header_font=&#8221;|||on|||||&#8221; background_image=&#8221;https:\/\/www.hgi-cgs.hr\/wp-content\/uploads\/2020\/03\/ban5-scaled.jpg&#8221; background_enable_image=&#8221;on&#8221; locked=&#8221;off&#8221; sticky_transition=&#8221;on&#8221;][\/et_pb_slide][\/et_pb_fullwidth_slider][\/et_pb_section][et_pb_section fb_built=&#8221;1&#8243; _builder_version=&#8221;4.4.2&#8243;][et_pb_row _builder_version=&#8221;4.4.2&#8243;][et_pb_column type=&#8221;4_4&#8243; _builder_version=&#8221;4.4.2&#8243;][et_pb_text _builder_version=&#8221;4.6.1&#8243; text_font_size=&#8221;32px&#8221; header_2_text_color=&#8221;#1e5096&#8243;]<\/p>\n<h2 style=\"text-align: center; color: #1e5096;\"><strong>NOVOSTI<\/strong><\/h2>\n<p>[\/et_pb_text][\/et_pb_column][\/et_pb_row][et_pb_row _builder_version=&#8221;4.4.2&#8243; custom_padding=&#8221;||0px|||&#8221;][et_pb_column type=&#8221;4_4&#8243; _builder_version=&#8221;4.4.2&#8243;][et_pb_text _builder_version=&#8221;4.6.6&#8243; text_font_size=&#8221;32px&#8221; header_2_text_color=&#8221;#1e5096&#8243; header_2_line_height=&#8221;1.3em&#8221; hover_enabled=&#8221;0&#8243; sticky_enabled=&#8221;0&#8243;]<\/p>\n<h2 style=\"text-align: center; color: #1e5096;\">Prezentacija rezultata geolo\u0161kih istra\u017eivanja plo\u010dastih vapnenaca i odabranih vrsta ag-kamena na podru\u010dju Zadarske \u017eupanije<\/h2>\n<p>[\/et_pb_text][\/et_pb_column][\/et_pb_row][\/et_pb_section][et_pb_section fb_built=&#8221;1&#8243; _builder_version=&#8221;4.4.2&#8243; custom_margin=&#8221;-22px|||||&#8221; custom_padding=&#8221;20px||41px|||&#8221;][et_pb_row _builder_version=&#8221;4.0.3&#8243; min_height=&#8221;192px&#8221; custom_margin=&#8221;-9px|auto||auto||&#8221; custom_padding=&#8221;0px|||||&#8221;][et_pb_column type=&#8221;4_4&#8243; _builder_version=&#8221;4.0.3&#8243;][et_pb_text _builder_version=&#8221;4.6.6&#8243; text_font=&#8221;||||||||&#8221; link_font=&#8221;||||||||&#8221; link_text_color=&#8221;#e09900&#8243; custom_margin=&#8221;18px|||||&#8221; custom_padding=&#8221;|10px||10px|false|true&#8221; hover_enabled=&#8221;0&#8243; sticky_enabled=&#8221;0&#8243;]<\/p>\n<p>Zavr\u0161na prezentacija ostvarenih rezultata u okviru projekta \u201eRoofOfRock\u201c <a href=\"http:\/\/www.roofofrock.eu\/\">(http:\/\/www.roofofrock.eu\/)<\/a> za podru\u010dje Zadarske \u017eupanije odr\u017eana je u 15. lipnja 2015. u Zadru, u organizaciji Razvojne agencije Zadarske \u017eupanije \u2013 ZADRA NOVA. Hrvatski geolo\u0161ki institut (HGI) bio je anga\u017eiran na projektu kao vanjski ekspert za izvo\u0111enje geolo\u0161kog dijela projekta na \u010ditavom projektnom podru\u010dju Republike Hrvatske, na temelju ugovora sa sva 4 hrvatska projektna partnera &#8211; \u017eupanijskim razvojnim agencijama Zadarske (ZADRA-NOVA), Splitsko-dalmatinske (RERA SD), Dubrova\u010dko-neretvanske (DUNEA) i Istarske \u017eupanije (IDA), a u suradnji s vode\u0107im partnerom Geolo\u0161kim zavodom Slovenije (GeoZS). Istra\u017eivanja su trajala 2 godine (2013-2014.), a finalno izvje\u0161\u0107e zavr\u0161eno je u o\u017eujku 2015.<\/p>\n<p>[\/et_pb_text][et_pb_image src=&#8221;https:\/\/www.hgi-cgs.hr\/wp-content\/uploads\/2020\/11\/Slika_1ag-kamen.jpg&#8221; alt=&#8221;Ladislav Fu\u010dek, stru\u010dni savjetnik (u sredini, voditelj HGI tima za Zadarsku \u017eupaniju) i dr. sc. Tvrtko Korbar, vi\u0161i znanstveni suradnik (lijevo, voditelj RoofOfRock HGI tima), te dr. sc. Milo\u0161 Bavec (voditelj projekta RoofOfRock, GeoZS)&#8221; title_text=&#8221;Slika_1ag kamen&#8221; _builder_version=&#8221;4.6.6&#8243; _module_preset=&#8221;default&#8221; hover_enabled=&#8221;0&#8243; border_radii=&#8221;on|5px|5px|5px|5px&#8221; box_shadow_style=&#8221;preset1&#8243; box_shadow_blur=&#8221;15px&#8221; align=&#8221;center&#8221; width=&#8221;45%&#8221; sticky_enabled=&#8221;0&#8243;][\/et_pb_image][et_pb_text _builder_version=&#8221;4.6.6&#8243; _module_preset=&#8221;default&#8221; text_font_size=&#8221;13px&#8221; custom_margin=&#8221;-30px||14px||false|false&#8221; custom_padding=&#8221;|||0px|false|false&#8221; hover_enabled=&#8221;0&#8243; width=&#8221;55%&#8221; module_alignment=&#8221;center&#8221; sticky_enabled=&#8221;0&#8243;]<\/p>\n<p style=\"text-align: center;\">Ladislav Fu\u010dek, stru\u010dni savjetnik (u sredini, voditelj HGI tima za Zadarsku \u017eupaniju) i dr. sc. Tvrtko Korbar, vi\u0161i znanstveni suradnik (lijevo, voditelj RoofOfRock HGI tima), te dr. sc. Milo\u0161 Bavec (voditelj projekta RoofOfRock, GeoZS)<\/p>\n<p>[\/et_pb_text][et_pb_text _builder_version=&#8221;4.6.6&#8243; _module_preset=&#8221;default&#8221; hover_enabled=&#8221;0&#8243; sticky_enabled=&#8221;0&#8243; custom_margin=&#8221;||20px|||&#8221;]<\/p>\n<p>Glavni cilj geolo\u0161kog dijela projekta bio je definiranje pojava i potencijala plo\u010dastih vapnenaca kao potencijalnog ag-kamena, s ciljem promocije njegove uporabe ali i za\u0161tite zajedni\u010dke prirodne i kulturne ba\u0161tine na projektnom podru\u010dju koje obuhva\u0107a Jadranski pojas Dinarskog kr\u0161a. Osim toga, napravljena je pregledna karta svih va\u017enijih vrsta ag-kamena na projektnom podru\u010dju u mjerilu 1:250000 te baza reprezentativnih povijesnih i aktivnih kamenoloma u GIS okru\u017eenju.<\/p>\n<p>[\/et_pb_text][et_pb_image src=&#8221;https:\/\/www.hgi-cgs.hr\/wp-content\/uploads\/2020\/11\/Slika_2_pregledne-geoloske-karte.jpg&#8221; alt=&#8221;Pregledna geolo\u0161ka karta projektnog podru\u010dja RH i karta potencijalnosti ag-kamena na projektnom podru\u010dju izra\u0111ene su u mjerilu 1:250000.&#8221; title_text=&#8221;Slika_2_pregledne geolo\u0161ke karte&#8221; _builder_version=&#8221;4.6.6&#8243; _module_preset=&#8221;default&#8221; hover_enabled=&#8221;0&#8243; border_radii=&#8221;on|5px|5px|5px|5px&#8221; box_shadow_style=&#8221;preset1&#8243; box_shadow_blur=&#8221;15px&#8221; align=&#8221;center&#8221; width=&#8221;45%&#8221; sticky_enabled=&#8221;0&#8243; url=&#8221;https:\/\/www.hgi-cgs.hr\/wp-content\/uploads\/2020\/11\/Slika_2_pregledne-geoloske-karte.jpg&#8221;][\/et_pb_image][et_pb_text _builder_version=&#8221;4.6.6&#8243; _module_preset=&#8221;default&#8221; text_font_size=&#8221;13px&#8221; custom_margin=&#8221;-30px||14px||false|false&#8221; custom_padding=&#8221;|||0px|false|false&#8221; hover_enabled=&#8221;0&#8243; width=&#8221;55%&#8221; module_alignment=&#8221;center&#8221; sticky_enabled=&#8221;0&#8243;]<\/p>\n<p style=\"text-align: center;\">Pregledna geolo\u0161ka karta projektnog podru\u010dja RH i karta potencijalnosti ag-kamena na projektnom podru\u010dju izra\u0111ene su u mjerilu 1:250000.<\/p>\n<p>[\/et_pb_text][et_pb_text _builder_version=&#8221;4.6.6&#8243; _module_preset=&#8221;default&#8221; hover_enabled=&#8221;0&#8243; sticky_enabled=&#8221;0&#8243; custom_margin=&#8221;||24px|||&#8221;]<\/p>\n<p>Tijekom opse\u017enih terenskih, laboratorijskih i kabinetskih istra\u017eivanja definirane su temeljne stratigrafske, sedimentolo\u0161ke i paleontolo\u0161ke zna\u010dajke raznih tipova plo\u010dastih vapnenaca. Prostorno pojavljivanje plo\u010dastih vapnenaca prikazano je na topografskim podlogama u mjerilu 1:50000 (otvorena web GIS aplikacija za \u010ditavo projektno podru\u010dje je u izradi na GeoZS), pri \u010demu je na podru\u010dju Zadarske \u017eupanije najdetaljnije istra\u017eeno podru\u010dje pojavljivanja Benkova\u010dkog kamena, gdje su izdvojena visokopotencijalna i potencijalna podru\u010dja kao temelj za daljnja istra\u017eivanja s ciljem u\u010dinkovitije eksploatacije i\/ili za\u0161titu prirodnih i kulturnih vrijednosti povezanih s plo\u010dastim vapnencima.<\/p>\n<p>[\/et_pb_text][et_pb_image src=&#8221;https:\/\/www.hgi-cgs.hr\/wp-content\/uploads\/2020\/11\/Slika_3_nova-litostratigrafska-karta-Benkovackog-podrucja.jpg&#8221; alt=&#8221; Nova litostratigrafska geolo\u0161ka karta Benkova\u010dkog podru\u010dja u mjerilu 1:25000 bila je temelj za izdvajanje potencijalnih i visokopotencijalnih poligona plo\u010dastih vapnenaca.   &#8221; title_text=&#8221;Slika_3_nova litostratigrafska karta Benkova\u010dkog podru\u010dja&#8221; _builder_version=&#8221;4.6.6&#8243; _module_preset=&#8221;default&#8221; hover_enabled=&#8221;0&#8243; border_radii=&#8221;on|5px|5px|5px|5px&#8221; box_shadow_style=&#8221;preset1&#8243; box_shadow_blur=&#8221;15px&#8221; align=&#8221;center&#8221; width=&#8221;45%&#8221; sticky_enabled=&#8221;0&#8243; url=&#8221;https:\/\/www.hgi-cgs.hr\/wp-content\/uploads\/2020\/11\/Slika_3_nova-litostratigrafska-karta-Benkovackog-podrucja.jpg&#8221;][\/et_pb_image][et_pb_text _builder_version=&#8221;4.6.6&#8243; _module_preset=&#8221;default&#8221; text_font_size=&#8221;13px&#8221; custom_margin=&#8221;-30px||14px||false|false&#8221; custom_padding=&#8221;|||0px|false|false&#8221; hover_enabled=&#8221;0&#8243; width=&#8221;55%&#8221; module_alignment=&#8221;center&#8221; sticky_enabled=&#8221;0&#8243;]<\/p>\n<div class=\"foto9\">\n<p style=\"text-align: center;\">Nova litostratigrafska geolo\u0161ka karta Benkova\u010dkog podru\u010dja u mjerilu 1:25000 bila je temelj za izdvajanje potencijalnih i visokopotencijalnih poligona plo\u010dastih vapnenaca.<\/p>\n<\/div>\n<p style=\"clear: both;\">\n[\/et_pb_text][et_pb_text _builder_version=&#8221;4.6.6&#8243; _module_preset=&#8221;default&#8221; hover_enabled=&#8221;0&#8243; sticky_enabled=&#8221;0&#8243;]<\/p>\n<p>U istra\u017eivanom podru\u010dju Benkovca plo\u010dasti vapnenci debljine nekoliko desetaka metara stratigrafski su smje\u0161teni unutar sredi\u0161njeg (karbonatnog) dijela naslaga paleogenskog predgorskog bazena (Promina grupa), pa ih na povr\u0161ini nalazimo unutar nekoliko desetaka kilometara duga\u010dkih i oko 1 km \u0161irokih zona izdanaka genetski srodnih litostratigrafskih jedinica. Na drugim podru\u010djima Zadarske \u017eupanije (npr. Dugi otok&#8230;), plo\u010dasti vapnenci pojavljuju se uglavnom kao metarski ulo\u0161ci unutar krednog slijeda naslaga karbonatne platforme.<br \/> Osim plo\u010dastih vapnenaca, detaljno je istra\u017eeno i 5 odabranih tradicionalnih odnosno kulturno-povijesnih pokaznih objekata (show-case objects) izgra\u0111enih od raznih vrsta vapnenca, pri \u010demu je na kartama 1:50000 definirano podru\u010dje pojavljivanja tih litostratigrafskih jedinica u prirodi.<\/p>\n<p style=\"clear: both;\">\n<p>O prezentaciji su izvijestili i lokalni mediji:<br \/> <em><a href=\"http:\/\/www.ezadar.hr\/clanak\/prezentacija-rezultata-projekta-roof-of-rock\">http:\/\/www.ezadar.hr\/clanak\/prezentacija-rezultata-projekta-roof-of-rock<\/a><\/em><br \/> <a href=\"http:\/\/www.057info.hr\/vijesti\/2015-06-16\/izradena-mapa-vapnenackih-nalazista-u-projektu-roof-of-rock\"><em>http:\/\/www.057info.hr\/vijesti\/2015-06-16\/izradena-mapa-vapnenackih-nalazista-u-projektu-roof-of-rock<\/em><\/a><\/p>\n<p>[\/et_pb_text][\/et_pb_column][\/et_pb_row][\/et_pb_section]<\/p>\n","protected":false},"excerpt":{"rendered":"<p>NOVOSTIPrezentacija rezultata geolo\u0161kih istra\u017eivanja plo\u010dastih vapnenaca i odabranih vrsta ag-kamena na podru\u010dju Zadarske \u017eupanije Zavr\u0161na prezentacija ostvarenih rezultata u okviru projekta \u201eRoofOfRock\u201c (http:\/\/www.roofofrock.eu\/) za podru\u010dje Zadarske \u017eupanije odr\u017eana je u 15. lipnja 2015. u Zadru, u organizaciji Razvojne agencije Zadarske \u017eupanije \u2013 ZADRA NOVA. Hrvatski geolo\u0161ki institut (HGI) bio je anga\u017eiran na projektu kao vanjski [&hellip;]<\/p>\n","protected":false},"author":1,"featured_media":0,"parent":0,"menu_order":0,"comment_status":"closed","ping_status":"closed","template":"","meta":{"_et_pb_use_builder":"on","_et_pb_old_content":"","_et_gb_content_width":"","footnotes":""},"class_list":["post-36402","page","type-page","status-publish","hentry"],"aioseo_notices":[],"_links":{"self":[{"href":"https:\/\/www.hgi-cgs.hr\/en\/wp-json\/wp\/v2\/pages\/36402","targetHints":{"allow":["GET"]}}],"collection":[{"href":"https:\/\/www.hgi-cgs.hr\/en\/wp-json\/wp\/v2\/pages"}],"about":[{"href":"https:\/\/www.hgi-cgs.hr\/en\/wp-json\/wp\/v2\/types\/page"}],"author":[{"embeddable":true,"href":"https:\/\/www.hgi-cgs.hr\/en\/wp-json\/wp\/v2\/users\/1"}],"replies":[{"embeddable":true,"href":"https:\/\/www.hgi-cgs.hr\/en\/wp-json\/wp\/v2\/comments?post=36402"}],"version-history":[{"count":3,"href":"https:\/\/www.hgi-cgs.hr\/en\/wp-json\/wp\/v2\/pages\/36402\/revisions"}],"predecessor-version":[{"id":36409,"href":"https:\/\/www.hgi-cgs.hr\/en\/wp-json\/wp\/v2\/pages\/36402\/revisions\/36409"}],"wp:attachment":[{"href":"https:\/\/www.hgi-cgs.hr\/en\/wp-json\/wp\/v2\/media?parent=36402"}],"curies":[{"name":"wp","href":"https:\/\/api.w.org\/{rel}","templated":true}]}}