{"id":36385,"date":"2020-11-09T13:09:45","date_gmt":"2020-11-09T13:09:45","guid":{"rendered":"https:\/\/www.hgi-cgs.hr\/?page_id=36385"},"modified":"2020-11-09T13:26:40","modified_gmt":"2020-11-09T13:26:40","slug":"katastrofalni-tsunami-pogodio-jadransko-podrucje-prije-66-milijuna-godina","status":"publish","type":"page","link":"https:\/\/www.hgi-cgs.hr\/en\/katastrofalni-tsunami-pogodio-jadransko-podrucje-prije-66-milijuna-godina\/","title":{"rendered":"Katastrofalni tsunami pogodio jadransko podru\u010dje prije 66 milijuna godina"},"content":{"rendered":"<p>[et_pb_section fb_built=&#8221;1&#8243; fullwidth=&#8221;on&#8221; _builder_version=&#8221;4.4.1&#8243; custom_padding=&#8221;0px||0px|||&#8221;][et_pb_fullwidth_slider _builder_version=&#8221;4.4.2&#8243; min_height=&#8221;112px&#8221; height=&#8221;400px&#8221; custom_margin=&#8221;0px||||false|false&#8221; custom_padding=&#8221;0px||18px||false|false&#8221; auto=&#8221;on&#8221; auto_ignore_hover=&#8221;on&#8221; locked=&#8221;off&#8221;][et_pb_slide heading=&#8221;Hrvatski geolo\u0161ki institut&#8221; _builder_version=&#8221;4.4.1&#8243; header_font=&#8221;|||on|||||&#8221; background_image=&#8221;https:\/\/www.hgi-cgs.hr\/wp-content\/uploads\/2020\/03\/Br\u010di\u0107_Drvenik02-scaled.jpg&#8221; background_enable_image=&#8221;on&#8221; locked=&#8221;off&#8221; sticky_transition=&#8221;on&#8221;][\/et_pb_slide][et_pb_slide heading=&#8221;Hrvatski geolo\u0161ki institut&#8221; _builder_version=&#8221;4.4.1&#8243; header_font=&#8221;|||on|||||&#8221; background_image=&#8221;https:\/\/www.hgi-cgs.hr\/wp-content\/uploads\/2020\/03\/ban2-scaled.jpg&#8221; background_enable_image=&#8221;on&#8221; locked=&#8221;off&#8221; sticky_transition=&#8221;on&#8221;][\/et_pb_slide][et_pb_slide heading=&#8221;Hrvatski geolo\u0161ki institut&#8221; _builder_version=&#8221;4.4.1&#8243; header_font=&#8221;|||on|||||&#8221; background_image=&#8221;https:\/\/www.hgi-cgs.hr\/wp-content\/uploads\/2020\/03\/20190228_094232-scaled.jpg&#8221; background_enable_image=&#8221;on&#8221; locked=&#8221;off&#8221; sticky_transition=&#8221;on&#8221;][\/et_pb_slide][et_pb_slide heading=&#8221;Hrvatski geolo\u0161ki institut&#8221; _builder_version=&#8221;4.4.1&#8243; header_font=&#8221;|||on|||||&#8221; background_image=&#8221;https:\/\/www.hgi-cgs.hr\/wp-content\/uploads\/2020\/03\/ban3-scaled.jpg&#8221; background_enable_image=&#8221;on&#8221; locked=&#8221;off&#8221; sticky_transition=&#8221;on&#8221;][\/et_pb_slide][et_pb_slide heading=&#8221;Hrvatski geolo\u0161ki institut&#8221; _builder_version=&#8221;4.4.1&#8243; header_font=&#8221;|||on|||||&#8221; background_image=&#8221;https:\/\/www.hgi-cgs.hr\/wp-content\/uploads\/2020\/03\/Bijele_stijene-Gorski_kotar-scaled.jpg&#8221; background_enable_image=&#8221;on&#8221; locked=&#8221;off&#8221; sticky_transition=&#8221;on&#8221;][\/et_pb_slide][et_pb_slide heading=&#8221;Hrvatski geolo\u0161ki institut&#8221; _builder_version=&#8221;4.4.1&#8243; header_font=&#8221;|||on|||||&#8221; background_image=&#8221;https:\/\/www.hgi-cgs.hr\/wp-content\/uploads\/2020\/03\/ban4-scaled.jpg&#8221; background_enable_image=&#8221;on&#8221; locked=&#8221;off&#8221; sticky_transition=&#8221;on&#8221;][\/et_pb_slide][et_pb_slide heading=&#8221;Hrvatski geolo\u0161ki institut&#8221; _builder_version=&#8221;4.4.1&#8243; header_font=&#8221;|||on|||||&#8221; background_image=&#8221;https:\/\/www.hgi-cgs.hr\/wp-content\/uploads\/2020\/03\/ban5-scaled.jpg&#8221; background_enable_image=&#8221;on&#8221; locked=&#8221;off&#8221; sticky_transition=&#8221;on&#8221;][\/et_pb_slide][\/et_pb_fullwidth_slider][\/et_pb_section][et_pb_section fb_built=&#8221;1&#8243; _builder_version=&#8221;4.4.2&#8243;][et_pb_row _builder_version=&#8221;4.4.2&#8243;][et_pb_column type=&#8221;4_4&#8243; _builder_version=&#8221;4.4.2&#8243;][et_pb_text _builder_version=&#8221;4.6.1&#8243; text_font_size=&#8221;32px&#8221; header_2_text_color=&#8221;#1e5096&#8243;]<\/p>\n<h2 style=\"text-align: center; color: #1e5096;\"><strong>NOVOSTI<\/strong><\/h2>\n<p>[\/et_pb_text][\/et_pb_column][\/et_pb_row][et_pb_row _builder_version=&#8221;4.4.2&#8243; custom_padding=&#8221;||0px|||&#8221;][et_pb_column type=&#8221;4_4&#8243; _builder_version=&#8221;4.4.2&#8243;][et_pb_text _builder_version=&#8221;4.6.6&#8243; text_font_size=&#8221;32px&#8221; header_2_text_color=&#8221;#1e5096&#8243; header_2_line_height=&#8221;1.3em&#8221; hover_enabled=&#8221;0&#8243; sticky_enabled=&#8221;0&#8243;]<\/p>\n<h2 style=\"text-align: center; color: #1e5096;\">Katastrofalni tsunami pogodio jadransko podru\u010dje prije 66 milijuna godina<\/h2>\n<p>[\/et_pb_text][\/et_pb_column][\/et_pb_row][\/et_pb_section][et_pb_section fb_built=&#8221;1&#8243; _builder_version=&#8221;4.4.2&#8243; custom_padding=&#8221;20px||41px|||&#8221; custom_margin=&#8221;-22px|||||&#8221;][et_pb_row _builder_version=&#8221;4.0.3&#8243; min_height=&#8221;192px&#8221; custom_margin=&#8221;-9px|auto||auto||&#8221; custom_padding=&#8221;0px|||||&#8221;][et_pb_column type=&#8221;4_4&#8243; _builder_version=&#8221;4.0.3&#8243;][et_pb_image src=&#8221;https:\/\/www.hgi-cgs.hr\/wp-content\/uploads\/2020\/11\/Korbar_web_slika1.jpg&#8221; alt=&#8221;asteroid&#8221; title_text=&#8221;Korbar_web_slika1&#8243; _builder_version=&#8221;4.6.6&#8243; _module_preset=&#8221;default&#8221; width=&#8221;50%&#8221; module_alignment=&#8221;center&#8221; hover_enabled=&#8221;0&#8243; border_radii=&#8221;on|5px|5px|5px|5px&#8221; box_shadow_style=&#8221;preset1&#8243; box_shadow_blur=&#8221;15px&#8221; sticky_enabled=&#8221;0&#8243;][\/et_pb_image][et_pb_text _builder_version=&#8221;4.6.6&#8243; _module_preset=&#8221;default&#8221; text_font_size=&#8221;13px&#8221; width=&#8221;52%&#8221; custom_margin=&#8221;-30px||16px||false|false&#8221; custom_padding=&#8221;|0px|||false|false&#8221; hover_enabled=&#8221;0&#8243; module_alignment=&#8221;center&#8221; sticky_enabled=&#8221;0&#8243;]<\/p>\n<p style=\"text-align: center;\">Prikaz katastrofalne eksplozije uslijed udara asteroida na podru\u010dju dana\u0161njeg Yucatana (Chicxulub, Meksiko) prije 66 milijuna godina (<a href=\"http:\/\/the-wanderling.com\/chicxulub.html\">http:\/\/the-wanderling.com\/chicxulub.html<\/a>).<\/p>\n<p>[\/et_pb_text][et_pb_text _builder_version=&#8221;4.6.6&#8243; text_font=&#8221;||||||||&#8221; link_font=&#8221;||||||||&#8221; link_text_color=&#8221;#e09900&#8243; custom_margin=&#8221;18px|||||&#8221; custom_padding=&#8221;|10px||10px|false|true&#8221; hover_enabled=&#8221;0&#8243; sticky_enabled=&#8221;0&#8243;]<\/p>\n<p>Iako zvu\u010di senzacionalisti\u010dki, ovaj naslov zapravo ima znanstvene temelje, budu\u0107i da je originalni znanstveni rad na tu temu netom objavljen u presti\u017enom ameri\u010dkom i me\u0111unarodnom geoznanstvenom \u010dasopisu Geological Society of America Bulletin: <br \/> <a href=\"http:\/\/gsabulletin.gsapubs.org\/content\/early\/2015\/05\/19\/B31084.1.abstract\"><em>http:\/\/gsabulletin.gsapubs.org\/content\/early\/2015\/05\/19\/B31084.1.abstract<\/em><\/a> <br \/> KORBAR, T., MONTANARI, A., PREMEC FU\u010cEK, V., FU\u010cEK, L., COCCIONI, R., McDONALD, I., CLAEYS, P., SCHULZ, T., KOEBERL, C. (2015): Potential Cretaceous-Paleogene boundary tsunami deposit in the intra-Tethyan Adriatic Carbonate Platform section of Hvar (Dalmatia, Croatia), DOI:10.1130\/B31084.1<\/p>\n<p style=\"clear: both;\">\n<p>Naime, nakon vi\u0161egodi\u0161njih specijalisti\u010dkih geolo\u0161kih istra\u017eivanja i sofisticiranih analiza malih uzoraka stijena (vapnenca) prikupljenih na jednom od najatraktivnijih obalnih lokaliteta na podru\u010dju grada Hvara, me\u0111unarodni tim znanstvenika, predvo\u0111en Hrvatskim geolo\u0161kim institutom, odnosno projektom kojeg je ve\u0107im dijelom financiralo Ministarstvo znanosti obrazovanja i sporta, prona\u0161ao je znanstvene dokaze za prije 13 godina postavljenu hipotezu: da se na tom lokalitetu nalazi vrlo va\u017ean i <strong>PLANETARNO jedinstveni zapis jedne globalne katastrofe, poznatije kao izumiranje dinosaura na na\u0161em planetu, koje se dogodilo na granici krede i paleogena (K-Pg, nekada K-T). Ta granica obilje\u017eava kraj mezozoika (doba gmazova), odnosno po\u010detak kenozoika (doba sisavaca), a sam doga\u0111aj i uz njega vezane drasti\u010dne promjene klime na Zemlji, istrijebili su do tada najopasnije grabe\u017eljivce (predatore) \u2013 dinosaure, \u0161to je pak omogu\u0107ilo razvoj sisavaca, pa tako i ljudske vrste.<\/strong><\/p>\n<p> <a href=\"https:\/\/www.youtube.com\/watch?v=Y8Ij9xboreA\"><em>https:\/\/www.youtube.com\/watch?v=Y8Ij9xboreA<\/em><\/a><\/p>\n<p> Ovaj va\u017ean nalaz poti\u010de na pro\u0161ireno sagledavanje izravnih posljedica jednog od najrazornijih doga\u0111aja u geolo\u0161koj pro\u0161losti Zemlje koji je u velikoj mjeri utjecao i na razvoj \u017eivih bi\u0107a, ali i na reinterpretaciju paleogeografije podru\u010dja Jadrana i nekada\u0161njeg oceana Tetisa (na podru\u010dju dana\u0161njeg Mediterana) te njegove povezanosti s Atlantskim oceanom (na podru\u010dju Gibraltara).<\/p>\n<p> <a href=\"https:\/\/www.google.hr\/?gws_rd=ssl#q=Chicxulub\"><em>https:\/\/www.google.hr\/?gws_rd=ssl#q=Chicxulub<\/em><\/a><\/p>\n<p> Gotovo je nevjerojatna (vi\u0161estruka) slu\u010dajnost da se upravo u gradu Hvaru, biseru hrvatskog turizma, nalazi zasad jedinstvena karbonatna sedimentna stijena, u kojoj smo prona\u0161li dokaze da je istalo\u017eena iz KATASTROFALNOG TSUNAMIJA, najvjerojatnije izazvanog udarom asteroida na podru\u010dju dana\u0161njeg Yucatana (Meksiko), koji je ostavio specifi\u010dne zapise u plitkovodnim karbonatnim naslagama \u010dak i na ovom, oko 10.000 km udaljenom podru\u010dju od udarnog kratera, na tada\u0161njoj Jadranskoj karbonatnoj platformi. <br \/> Ovaj rad pridru\u017eio se grupi od nekoliko ovih dana objavljenih radova o jednom od najve\u0107ih globalnih izumiranja u geolo\u0161koj pro\u0161losti, \u0161to svjedo\u010di o jo\u0161 uvijek velikom interesu znanstvenika (ali i \u0161ire javnosti) na tu temu. U istom \u010dasopisu nedavno je objavljeno i mogu\u0107e rje\u0161enje 30-ak godina stare dileme o \u201eodgovornom krivcu\u201c za tu globalnu katastrofu &#8211; asteroid ili katastrofalni vulkanizam:<br \/> <em><a href=\"http:\/\/www.geosociety.org\/news\/pr\/2015\/15-30.htm\">http:\/\/www.geosociety.org\/news\/pr\/2015\/15-30.htm<\/a><\/em><\/p>\n<p><em> <a href=\"http:\/\/www.cbsnews.com\/news\/asteroid-lava-combo-may-have-killed-the-dinosaurs\/\">http:\/\/www.cbsnews.com\/news\/asteroid-lava-combo-may-have-killed-the-dinosaurs\/<\/a><\/em><\/p>\n<p> <strong>OOBJAVA ZA MEDIJE <em>(press conference)<\/em><\/strong> odr\u017eana je <strong>20.05.2015.<\/strong> u gradu Hvaru, na samom lokalitetu u uvali Majerovica:<\/p>\n<p>[\/et_pb_text][\/et_pb_column][\/et_pb_row][et_pb_row column_structure=&#8221;1_2,1_2&#8243; _builder_version=&#8221;4.6.5&#8243; _module_preset=&#8221;default&#8221;][et_pb_column type=&#8221;1_2&#8243; _builder_version=&#8221;4.6.5&#8243; _module_preset=&#8221;default&#8221;][et_pb_image src=&#8221;https:\/\/www.hgi-cgs.hr\/wp-content\/uploads\/2020\/11\/Korbar_web_slika2.jpg&#8221; _builder_version=&#8221;4.6.6&#8243; _module_preset=&#8221;default&#8221; alt=&#8221;Uvala Majerovica&#8221; title_text=&#8221;Korbar_web_slika2&#8243; hover_enabled=&#8221;0&#8243; sticky_enabled=&#8221;0&#8243; border_radii=&#8221;on|5px|5px|5px|5px&#8221; box_shadow_style=&#8221;preset1&#8243; box_shadow_blur=&#8221;15px&#8221;][\/et_pb_image][et_pb_text _builder_version=&#8221;4.6.6&#8243; _module_preset=&#8221;default&#8221; text_font_size=&#8221;13px&#8221; custom_margin=&#8221;-30px||||false|false&#8221; custom_padding=&#8221;|||0px|false|false&#8221; hover_enabled=&#8221;0&#8243; sticky_enabled=&#8221;0&#8243;]<\/p>\n<p style=\"text-align: center;\">Uvala Majerovica jedan je od najatraktivnijih obalnih lokaliteta u gradu Hvaru.<br \/> <a href=\"http:\/\/www.visit-hvar.com\/images\/headers\/en\/04.jpg\">http:\/\/www.visit-hvar.com\/images\/headers\/en\/04.jpg<\/a><\/p>\n<p>[\/et_pb_text][\/et_pb_column][et_pb_column type=&#8221;1_2&#8243; _builder_version=&#8221;4.6.5&#8243; _module_preset=&#8221;default&#8221;][et_pb_image src=&#8221;https:\/\/www.hgi-cgs.hr\/wp-content\/uploads\/2020\/11\/GKRH300000-HGI-Hvar.jpg&#8221; alt=&#8221;Gradona\u010delnik grada Cresa g. Kristijan Jurjako pozdravlja nazo\u010dne na prezentaciji u prostorima Zajednice Talijana Cresa&#8221; title_text=&#8221;Fig-1_localgeomap_curves&#8221; url=&#8221;https:\/\/www.hgi-cgs.hr\/wp-content\/uploads\/2020\/11\/GKRH300000-HGI-Hvar.jpg&#8221; align=&#8221;center&#8221; _builder_version=&#8221;4.6.6&#8243; _module_preset=&#8221;default&#8221; width=&#8221;30%&#8221; module_alignment=&#8221;left&#8221; hover_enabled=&#8221;0&#8243; border_radii=&#8221;on|5px|5px|5px|5px&#8221; box_shadow_style=&#8221;preset1&#8243; box_shadow_blur=&#8221;15px&#8221; sticky_enabled=&#8221;0&#8243;][\/et_pb_image][et_pb_text _builder_version=&#8221;4.6.6&#8243; _module_preset=&#8221;default&#8221; text_font_size=&#8221;13px&#8221; width=&#8221;29%&#8221; module_alignment=&#8221;left&#8221; custom_margin=&#8221;-30px||||false|false&#8221; custom_padding=&#8221;|0px|||false|false&#8221; hover_enabled=&#8221;0&#8243; sticky_enabled=&#8221;0&#8243;]<\/p>\n<p style=\"text-align: center;\">Geolo\u0161ka karta Republike Hrvatske 1:300 000 <\/p>\n<p>[\/et_pb_text][\/et_pb_column][\/et_pb_row][et_pb_row _builder_version=&#8221;4.6.6&#8243; _module_preset=&#8221;default&#8221;][et_pb_column type=&#8221;4_4&#8243; _builder_version=&#8221;4.6.6&#8243; _module_preset=&#8221;default&#8221;][et_pb_text _builder_version=&#8221;4.6.6&#8243; _module_preset=&#8221;default&#8221; hover_enabled=&#8221;0&#8243; sticky_enabled=&#8221;0&#8243;]<\/p>\n<p>Znanstveni profili dr.sc. Tvrtko Korbar:<\/p>\n<p><a href=\"http:\/\/tkojetko.irb.hr\/znanstvenikDetalji.php?sifznan=7754\"><span size=\"-1\"><em><a>http:\/\/tkojetko.irb.hr\/znanstvenikDetalji.php?sifznan=7754<\/a><\/em><\/span><\/a><\/p>\n<p> <a href=\"http:\/\/www.researchgate.net\/profile\/Tvrtko_Korbar\"><span size=\"-1\"><em>http:\/\/www.researchgate.net\/profile\/Tvrtko_Korbar<\/em><\/span><\/a><\/p>\n<p style=\"clear: both;\">\n[\/et_pb_text][et_pb_text _builder_version=&#8221;4.6.6&#8243; _module_preset=&#8221;default&#8221; custom_margin=&#8221;-23px|||||&#8221; hover_enabled=&#8221;0&#8243; sticky_enabled=&#8221;0&#8243;]<\/p>\n<p>Vijest je objavljena i na drugim portalima:<br \/> <span size=\"-1\"> <a href=\"http:\/\/www.hrt.hr\/enz\/more\/285848\/\"><em>http:\/\/www.hrt.hr\/enz\/more\/285848\/<\/em><\/a><br \/><em> <a href=\"http:\/\/www.vecernji.hr\/zanimljivosti\/veliki-val-ciji-je-trag-otkriven-u-uvali-na-hvaru-bio-je-katastrofa-zbog-koje-su-izumrli-dinosauri-1008554\"> http:\/\/www.vecernji.hr\/zanimljivosti\/veliki-val-ciji-je-trag-otkriven-u-uvali-na-hvaru-bio-je-katastrofa-zbog-koje-su-izumrli-dinosauri-1008554<\/a><\/em><br \/><em> <a href=\"http:\/\/m.tportal.hr\/vijesti\/382180\/Na-Hvaru-otkriveni-tragovi-cunamija-od-udara-asteroida.html\">http:\/\/m.tportal.hr\/vijesti\/382180\/Na-Hvaru-otkriveni-tragovi-cunamija-od-udara-asteroida.html<\/a><\/em><br \/><em> <a href=\"http:\/\/www.vecernji.hr\/znanost\/na-hvaru-otkriveni-tragovi-cunamija-koji-je-pogodio-jadran-prije-66-milijuna-godina-1006438\">http:\/\/www.vecernji.hr\/znanost\/na-hvaru-otkriveni-tragovi-cunamija-koji-je-pogodio-jadran-prije-66-milijuna-godina-1006438<\/a><\/em><br \/><em> <a href=\"http:\/\/m.24sata.hr\/tech\/na-hvaru-pronasli-dokaz-da-je-jadran-pogodio-veliki-tsunami-420094\">http:\/\/m.24sata.hr\/tech\/na-hvaru-pronasli-dokaz-da-je-jadran-pogodio-veliki-tsunami-420094<\/a><\/em><br \/><em> <a href=\"http:\/\/www.index.hr\/black\/clanak\/na-hvaru-nasli-dokaz-da-je-jadran-pogodio-katastrofalni-tsunami-izazvan-udarom-asteroida\/820951.aspx\">http:\/\/www.index.hr\/black\/clanak\/na-hvaru-nasli-dokaz-da-je-jadran-pogodio-katastrofalni-tsunami-izazvan-udarom-asteroida\/820951.aspx<\/a><\/em><br \/><em> <a href=\"http:\/\/www.avaz.ba\/clanak\/178873\/spektakularno-otkrice-jadran-je-nakon-udara-asteroida-pogodio-cunami\">http:\/\/www.avaz.ba\/clanak\/178873\/spektakularno-otkrice-jadran-je-nakon-udara-asteroida-pogodio-cunami<\/a><\/em><br \/><em> <a href=\"http:\/\/www.blic.rs\/Slobodno-vreme\/Vesti\/560643\/Na-Balkanu-otkriveni-tragovi-cunamija-od-udara-asteroida-koji-je-pokosio-dinosauruse\">http:\/\/www.blic.rs\/Slobodno-vreme\/Vesti\/560643\/Na-Balkanu-otkriveni-tragovi-cunamija-od-udara-asteroida-koji-je-pokosio-dinosauruse<\/a><\/em><br \/><em> <a href=\"http:\/\/www.croatiaweek.com\/traces-of-66-million-year-old-tsunami-which-led-to-extinction-of-dinosaurs-discovered-on-croatian-island-of-hvar\/\">http:\/\/www.croatiaweek.com\/traces-of-66-million-year-old-tsunami-which-led-to-extinction-of-dinosaurs-discovered-on-croatian-island-of-hvar\/<\/a><\/em><br \/><em> <a href=\"http:\/\/www.dalmacijanews.hr\/clanak\/cfo5-tvrtko-korbar-postoji-opasnost-da-nas-pogodi-tsunami-visine-desetak-metara\">http:\/\/www.dalmacijanews.hr\/clanak\/cfo5-tvrtko-korbar-postoji-opasnost-da-nas-pogodi-tsunami-visine-desetak-metara<\/a><\/em><br \/><em> <a href=\"http:\/\/www.slobodnadalmacija.hr\/Mozaik\/tabid\/80\/articleType\/ArticleView\/articleId\/286349\/Default.aspx\">http:\/\/www.slobodnadalmacija.hr\/Mozaik\/tabid\/80\/articleType\/ArticleView\/articleId\/286349\/Default.aspx<\/a><\/em><br \/><em> <a href=\"http:\/\/www.antenazadar.hr\/clanak\/2015\/05\/na-hvaru-pronasli-dokaz-da-je-jadran-pogodio-veliki-tsunami\/\">http:\/\/www.antenazadar.hr\/clanak\/2015\/05\/na-hvaru-pronasli-dokaz-da-je-jadran-pogodio-veliki-tsunami\/<\/a><\/em><br \/><em> <a href=\"http:\/\/croexpress.eu\/vijest.php?vijest=4074\">http:\/\/croexpress.eu\/vijest.php?vijest=4074<\/a><\/em><br \/><em> <a href=\"http:\/\/prvi.tv\/vijesti\/hrvatska\/u-jadranu-je-moguc-tsunami-visok-10-metara\/24990\">http:\/\/prvi.tv\/vijesti\/hrvatska\/u-jadranu-je-moguc-tsunami-visok-10-metara\/24990<\/a><\/em><br \/><em> <a href=\"http:\/\/www.hrt.hr\/285638\/magazin\/jadranski-tsunami\">http:\/\/www.hrt.hr\/285638\/magazin\/jadranski-tsunami<\/a><\/em><br \/><em> <a href=\"http:\/\/www.dalmacijanews.hr\/clanak\/cfo5-tvrtko-korbar-postoji-opasnost-da-nas-pogodi-tsunami-visine-desetak-metara\">http:\/\/www.dalmacijanews.hr\/clanak\/cfo5-tvrtko-korbar-postoji-opasnost-da-nas-pogodi-tsunami-visine-desetak-metara<\/a><\/em><br \/><em> <a href=\"http:\/\/www.slobodnadalmacija.hr\/Mozaik\/tabid\/80\/articleType\/ArticleView\/articleId\/286349\/Default.aspx\">http:\/\/www.slobodnadalmacija.hr\/Mozaik\/tabid\/80\/articleType\/ArticleView\/articleId\/286349\/Default.aspx<\/a><\/em><br \/><em> <a href=\"http:\/\/www.antenazadar.hr\/clanak\/2015\/05\/na-hvaru-pronasli-dokaz-da-je-jadran-pogodio-veliki-tsunami\/\">http:\/\/www.antenazadar.hr\/clanak\/2015\/05\/na-hvaru-pronasli-dokaz-da-je-jadran-pogodio-veliki-tsunami\/<\/a><\/em><br \/><em> <a href=\"http:\/\/croexpress.eu\/vijest.php?vijest=4074\">http:\/\/croexpress.eu\/vijest.php?vijest=4074<\/a><\/em><br \/><em> <a href=\"http:\/\/prvi.tv\/vijesti\/hrvatska\/u-jadranu-je-moguc-tsunami-visok-10-metara\/24990\">http:\/\/prvi.tv\/vijesti\/hrvatska\/u-jadranu-je-moguc-tsunami-visok-10-metara\/24990<\/a><\/em><br \/><em> <a href=\"http:\/\/www.hrt.hr\/285638\/magazin\/jadranski-tsunami\">http:\/\/www.hrt.hr\/285638\/magazin\/jadranski-tsunami<\/a><\/em><br \/><em> <a href=\"http:\/\/www.hrt.hr\/enz\/znanstveni-krugovi\/303558\/\"> http:\/\/www.hrt.hr\/enz\/znanstveni-krugovi\/303558\/<\/a><\/em><\/span><\/p>\n<p>[\/et_pb_text][\/et_pb_column][\/et_pb_row][\/et_pb_section]<\/p>\n","protected":false},"excerpt":{"rendered":"<p>NOVOSTIKatastrofalni tsunami pogodio jadransko podru\u010dje prije 66 milijuna godina Prikaz katastrofalne eksplozije uslijed udara asteroida na podru\u010dju dana\u0161njeg Yucatana (Chicxulub, Meksiko) prije 66 milijuna godina (http:\/\/the-wanderling.com\/chicxulub.html). Iako zvu\u010di senzacionalisti\u010dki, ovaj naslov zapravo ima znanstvene temelje, budu\u0107i da je originalni znanstveni rad na tu temu netom objavljen u presti\u017enom ameri\u010dkom i me\u0111unarodnom geoznanstvenom \u010dasopisu Geological Society [&hellip;]<\/p>\n","protected":false},"author":1,"featured_media":0,"parent":0,"menu_order":0,"comment_status":"closed","ping_status":"closed","template":"","meta":{"_et_pb_use_builder":"on","_et_pb_old_content":"","_et_gb_content_width":"","footnotes":""},"class_list":["post-36385","page","type-page","status-publish","hentry"],"aioseo_notices":[],"_links":{"self":[{"href":"https:\/\/www.hgi-cgs.hr\/en\/wp-json\/wp\/v2\/pages\/36385","targetHints":{"allow":["GET"]}}],"collection":[{"href":"https:\/\/www.hgi-cgs.hr\/en\/wp-json\/wp\/v2\/pages"}],"about":[{"href":"https:\/\/www.hgi-cgs.hr\/en\/wp-json\/wp\/v2\/types\/page"}],"author":[{"embeddable":true,"href":"https:\/\/www.hgi-cgs.hr\/en\/wp-json\/wp\/v2\/users\/1"}],"replies":[{"embeddable":true,"href":"https:\/\/www.hgi-cgs.hr\/en\/wp-json\/wp\/v2\/comments?post=36385"}],"version-history":[{"count":2,"href":"https:\/\/www.hgi-cgs.hr\/en\/wp-json\/wp\/v2\/pages\/36385\/revisions"}],"predecessor-version":[{"id":36391,"href":"https:\/\/www.hgi-cgs.hr\/en\/wp-json\/wp\/v2\/pages\/36385\/revisions\/36391"}],"wp:attachment":[{"href":"https:\/\/www.hgi-cgs.hr\/en\/wp-json\/wp\/v2\/media?parent=36385"}],"curies":[{"name":"wp","href":"https:\/\/api.w.org\/{rel}","templated":true}]}}