{"id":36358,"date":"2020-11-09T12:42:30","date_gmt":"2020-11-09T12:42:30","guid":{"rendered":"https:\/\/www.hgi-cgs.hr\/?page_id=36358"},"modified":"2020-11-19T07:21:25","modified_gmt":"2020-11-19T07:21:25","slug":"nova-osnovna-geoloska-karta-otoka-braca","status":"publish","type":"page","link":"https:\/\/www.hgi-cgs.hr\/en\/nova-osnovna-geoloska-karta-otoka-braca\/","title":{"rendered":"Nova Osnovna geolo\u0161ka karta otoka Bra\u010da"},"content":{"rendered":"<p>[et_pb_section fb_built=&#8221;1&#8243; fullwidth=&#8221;on&#8221; _builder_version=&#8221;4.4.1&#8243; custom_padding=&#8221;0px||0px|||&#8221;][et_pb_fullwidth_slider _builder_version=&#8221;4.4.2&#8243; min_height=&#8221;112px&#8221; height=&#8221;400px&#8221; custom_margin=&#8221;0px||||false|false&#8221; custom_padding=&#8221;0px||18px||false|false&#8221; auto=&#8221;on&#8221; auto_ignore_hover=&#8221;on&#8221; locked=&#8221;off&#8221;][et_pb_slide heading=&#8221;Hrvatski geolo\u0161ki institut&#8221; _builder_version=&#8221;4.4.1&#8243; header_font=&#8221;|||on|||||&#8221; background_image=&#8221;https:\/\/www.hgi-cgs.hr\/wp-content\/uploads\/2020\/03\/Br\u010di\u0107_Drvenik02-scaled.jpg&#8221; background_enable_image=&#8221;on&#8221; locked=&#8221;off&#8221; sticky_transition=&#8221;on&#8221;][\/et_pb_slide][et_pb_slide heading=&#8221;Hrvatski geolo\u0161ki institut&#8221; _builder_version=&#8221;4.4.1&#8243; header_font=&#8221;|||on|||||&#8221; background_image=&#8221;https:\/\/www.hgi-cgs.hr\/wp-content\/uploads\/2020\/03\/ban2-scaled.jpg&#8221; background_enable_image=&#8221;on&#8221; locked=&#8221;off&#8221; sticky_transition=&#8221;on&#8221;][\/et_pb_slide][et_pb_slide heading=&#8221;Hrvatski geolo\u0161ki institut&#8221; _builder_version=&#8221;4.4.1&#8243; header_font=&#8221;|||on|||||&#8221; background_image=&#8221;https:\/\/www.hgi-cgs.hr\/wp-content\/uploads\/2020\/03\/20190228_094232-scaled.jpg&#8221; background_enable_image=&#8221;on&#8221; locked=&#8221;off&#8221; sticky_transition=&#8221;on&#8221;][\/et_pb_slide][et_pb_slide heading=&#8221;Hrvatski geolo\u0161ki institut&#8221; _builder_version=&#8221;4.4.1&#8243; header_font=&#8221;|||on|||||&#8221; background_image=&#8221;https:\/\/www.hgi-cgs.hr\/wp-content\/uploads\/2020\/03\/ban3-scaled.jpg&#8221; background_enable_image=&#8221;on&#8221; locked=&#8221;off&#8221; sticky_transition=&#8221;on&#8221;][\/et_pb_slide][et_pb_slide heading=&#8221;Hrvatski geolo\u0161ki institut&#8221; _builder_version=&#8221;4.4.1&#8243; header_font=&#8221;|||on|||||&#8221; background_image=&#8221;https:\/\/www.hgi-cgs.hr\/wp-content\/uploads\/2020\/03\/Bijele_stijene-Gorski_kotar-scaled.jpg&#8221; background_enable_image=&#8221;on&#8221; locked=&#8221;off&#8221; sticky_transition=&#8221;on&#8221;][\/et_pb_slide][et_pb_slide heading=&#8221;Hrvatski geolo\u0161ki institut&#8221; _builder_version=&#8221;4.4.1&#8243; header_font=&#8221;|||on|||||&#8221; background_image=&#8221;https:\/\/www.hgi-cgs.hr\/wp-content\/uploads\/2020\/03\/ban4-scaled.jpg&#8221; background_enable_image=&#8221;on&#8221; locked=&#8221;off&#8221; sticky_transition=&#8221;on&#8221;][\/et_pb_slide][et_pb_slide heading=&#8221;Hrvatski geolo\u0161ki institut&#8221; _builder_version=&#8221;4.4.1&#8243; header_font=&#8221;|||on|||||&#8221; background_image=&#8221;https:\/\/www.hgi-cgs.hr\/wp-content\/uploads\/2020\/03\/ban5-scaled.jpg&#8221; background_enable_image=&#8221;on&#8221; locked=&#8221;off&#8221; sticky_transition=&#8221;on&#8221;][\/et_pb_slide][\/et_pb_fullwidth_slider][\/et_pb_section][et_pb_section fb_built=&#8221;1&#8243; _builder_version=&#8221;4.4.2&#8243;][et_pb_row _builder_version=&#8221;4.4.2&#8243;][et_pb_column type=&#8221;4_4&#8243; _builder_version=&#8221;4.4.2&#8243;][et_pb_text _builder_version=&#8221;4.6.1&#8243; text_font_size=&#8221;32px&#8221; header_2_text_color=&#8221;#1e5096&#8243;]<\/p>\n<h2 style=\"text-align: center; color: #1e5096;\"><strong>NOVOSTI<\/strong><\/h2>\n<p>[\/et_pb_text][\/et_pb_column][\/et_pb_row][et_pb_row _builder_version=&#8221;4.4.2&#8243; custom_padding=&#8221;||0px|||&#8221;][et_pb_column type=&#8221;4_4&#8243; _builder_version=&#8221;4.4.2&#8243;][et_pb_text _builder_version=&#8221;4.6.6&#8243; text_font_size=&#8221;32px&#8221; header_2_text_color=&#8221;#1e5096&#8243; header_2_line_height=&#8221;1.3em&#8221;]<\/p>\n<h2 style=\"text-align: center; color: #1e5096;\">Nova Osnovna geolo\u0161ka karta otoka Bra\u010da<\/h2>\n<p>[\/et_pb_text][\/et_pb_column][\/et_pb_row][\/et_pb_section][et_pb_section fb_built=&#8221;1&#8243; _builder_version=&#8221;4.4.2&#8243; custom_padding=&#8221;20px||41px|||&#8221;][et_pb_row _builder_version=&#8221;4.0.3&#8243; min_height=&#8221;192px&#8221; custom_margin=&#8221;-23px|auto||auto||&#8221; custom_padding=&#8221;0px|||||&#8221;][et_pb_column type=&#8221;4_4&#8243; _builder_version=&#8221;4.0.3&#8243;][et_pb_text _builder_version=&#8221;4.6.6&#8243; _module_preset=&#8221;default&#8221; custom_margin=&#8221;1px||8px|||&#8221;]<\/p>\n<p style=\"text-align: left;\">Javna<em> <a href=\"https:\/\/www.hgi-cgs.hr\/wp-content\/uploads\/2020\/11\/PREZENTACIJA_OGKRH_BRAC.pdf\" target=\"new\" rel=\"noopener noreferrer\">PREZENTACIJA<\/a><\/em> nove Osnovne geolo\u0161ke karte Republike Hrvatske u mjerilu 1:50 000 &#8211; \u201eOtok Bra\u010d\u201c (JELASKA i sur., 2015) odr\u017eana je 04. svibnja 2016. u gradu Supetru.<\/p>\n<p>[\/et_pb_text][et_pb_image src=&#8221;https:\/\/www.hgi-cgs.hr\/wp-content\/uploads\/2020\/11\/BRAC_SL-1.png&#8221; alt=&#8221;Novi list Osnovne geolo\u0161ke karte Republike Hrvatske mjerila 1:50.000 \u201eOtok Bra\u010d\u201c (Jelaska i sur., 2015). &#8221; title_text=&#8221;BRAC_SL-1&#8243; _builder_version=&#8221;4.6.6&#8243; _module_preset=&#8221;default&#8221; width=&#8221;50%&#8221; module_alignment=&#8221;center&#8221; custom_margin=&#8221;9px|||||&#8221; border_radii=&#8221;on|5px|5px|5px|5px&#8221; box_shadow_style=&#8221;preset1&#8243; box_shadow_blur=&#8221;15px&#8221;][\/et_pb_image][et_pb_text _builder_version=&#8221;4.6.6&#8243; _module_preset=&#8221;default&#8221; text_font_size=&#8221;13px&#8221; width=&#8221;100%&#8221; custom_margin=&#8221;-30px||16px||false|false&#8221; custom_padding=&#8221;|0px|||false|false&#8221;]<\/p>\n<p style=\"text-align: center;\">Novi list Osnovne geolo\u0161ke karte Republike Hrvatske mjerila 1:50.000 \u201eOtok Bra\u010d\u201c (Jelaska i sur., 2015).<\/p>\n<p>[\/et_pb_text][et_pb_text _builder_version=&#8221;4.7.1&#8243; text_font=&#8221;||||||||&#8221; link_font=&#8221;||||||||&#8221; link_text_color=&#8221;#e09900&#8243; custom_margin=&#8221;18px|||||&#8221; custom_padding=&#8221;|10px||10px|false|true&#8221; hover_enabled=&#8221;0&#8243; sticky_enabled=&#8221;0&#8243;]<\/p>\n<p>Ova karta \u010dini standardizirani prikaz geolo\u0161ko-geografske cjeline na kojoj je zapo\u010deto istra\u017eivanje i razvoj metodologije izrade litostratigrafske (formacijske) geolo\u0161ke karte na nacionalnom projektu kojeg je financiralo Ministarstvo znanosti, obrazovanja i sporta RH, a koji se kontinuirano provodi u Zavodu za geologiju Hrvatskoga geolo\u0161kog instituta.<\/p>\n<p>[\/et_pb_text][et_pb_image src=&#8221;https:\/\/www.hgi-cgs.hr\/wp-content\/uploads\/2020\/11\/BRAC_SL-2-scaled.jpg&#8221; alt=&#8221;Prezentacija OGK RH u gradskoj vije\u0107nici grada Supetra (FOTO: Ladislav Fu\u010dek).&#8221; title_text=&#8221;BRAC_SL-2&#8243; _builder_version=&#8221;4.6.6&#8243; _module_preset=&#8221;default&#8221; width=&#8221;45%&#8221; module_alignment=&#8221;center&#8221; custom_margin=&#8221;9px|||||&#8221; border_radii=&#8221;on|5px|5px|5px|5px&#8221; box_shadow_style=&#8221;preset1&#8243; box_shadow_blur=&#8221;15px&#8221;][\/et_pb_image][et_pb_text _builder_version=&#8221;4.6.6&#8243; _module_preset=&#8221;default&#8221; text_font_size=&#8221;13px&#8221; width=&#8221;100%&#8221; custom_margin=&#8221;-30px||16px||false|false&#8221; custom_padding=&#8221;|0px|||false|false&#8221;]<\/p>\n<p style=\"text-align: center;\">Prezentacija OGK RH u gradskoj vije\u0107nici grada Supetra (FOTO: Ladislav Fu\u010dek).<\/p>\n<p>[\/et_pb_text][et_pb_text _builder_version=&#8221;4.6.6&#8243; _module_preset=&#8221;default&#8221;]<\/p>\n<p>OGK RH je u izradi i za ostala podru\u010dja Splitsko-dalmatinske \u017eupanije, kao i za druga podru\u010dja RH, a \u010dini nezaobilaznu osnovu za: usmjerena i primijenjena istra\u017eivanja iz podru\u010dja pridobivanja mineralnih i energetskih sirovina te vode iz podzemlja, analizu i ponudu geoturisti\u010dkih potencijala, prostorno planiranje i za\u0161titu okoli\u0161a, planiranja u poljoprivredi i \u0161umarstvu, procjenu geohazarda, arheolo\u0161ka istra\u017eivanja, edukaciju na svim razinama te usmjerena znanstvena istra\u017eivanja. Tijekom prezentacije, svi zainteresirani bili su upoznati s procesom izrade lista, s novim spoznajama i sa sadr\u017eajem lista. Prvi primjerak nove geolo\u0161ke karte otoka Bra\u010da uru\u010den je predstavniku grada Supetra.<br \/>O tome je izvjestila i Slobodna Dalmacija u tiskanom izdanju od 05.05.2016.<\/p>\n<p>[\/et_pb_text][et_pb_image src=&#8221;https:\/\/www.hgi-cgs.hr\/wp-content\/uploads\/2020\/11\/BRAC_SL-3-scaled.jpg&#8221; alt=&#8221;Prilog iz tiskanog izdanja SLOBODNE DALMACIJE od 05.05.2016.&#8221; title_text=&#8221;BRAC_SL-3&#8243; url=&#8221;https:\/\/www.hgi-cgs.hr\/wp-content\/uploads\/2020\/11\/BRAC_SL-3-scaled.jpg&#8221; _builder_version=&#8221;4.6.6&#8243; _module_preset=&#8221;default&#8221; width=&#8221;20%&#8221; module_alignment=&#8221;center&#8221; custom_margin=&#8221;-19px|||||&#8221; border_radii=&#8221;on|5px|5px|5px|5px&#8221; box_shadow_style=&#8221;preset1&#8243; box_shadow_blur=&#8221;15px&#8221;][\/et_pb_image][et_pb_text _builder_version=&#8221;4.6.6&#8243; _module_preset=&#8221;default&#8221; text_font_size=&#8221;13px&#8221; width=&#8221;100%&#8221; custom_margin=&#8221;-30px||16px||false|false&#8221; custom_padding=&#8221;|0px|||false|false&#8221;]<\/p>\n<p style=\"text-align: center;\">Prilog iz tiskanog izdanja SLOBODNE DALMACIJE od 05.05.2016.<\/p>\n<p>[\/et_pb_text][\/et_pb_column][\/et_pb_row][\/et_pb_section]<\/p>\n","protected":false},"excerpt":{"rendered":"<p>NOVOSTINova Osnovna geolo\u0161ka karta otoka Bra\u010daJavna PREZENTACIJA nove Osnovne geolo\u0161ke karte Republike Hrvatske u mjerilu 1:50 000 &#8211; \u201eOtok Bra\u010d\u201c (JELASKA i sur., 2015) odr\u017eana je 04. svibnja 2016. u gradu Supetru.Novi list Osnovne geolo\u0161ke karte Republike Hrvatske mjerila 1:50.000 \u201eOtok Bra\u010d\u201c (Jelaska i sur., 2015).Ova karta \u010dini standardizirani prikaz geolo\u0161ko-geografske cjeline na kojoj je [&hellip;]<\/p>\n","protected":false},"author":1,"featured_media":0,"parent":0,"menu_order":0,"comment_status":"closed","ping_status":"closed","template":"","meta":{"_et_pb_use_builder":"on","_et_pb_old_content":"","_et_gb_content_width":"","footnotes":""},"class_list":["post-36358","page","type-page","status-publish","hentry"],"aioseo_notices":[],"_links":{"self":[{"href":"https:\/\/www.hgi-cgs.hr\/en\/wp-json\/wp\/v2\/pages\/36358","targetHints":{"allow":["GET"]}}],"collection":[{"href":"https:\/\/www.hgi-cgs.hr\/en\/wp-json\/wp\/v2\/pages"}],"about":[{"href":"https:\/\/www.hgi-cgs.hr\/en\/wp-json\/wp\/v2\/types\/page"}],"author":[{"embeddable":true,"href":"https:\/\/www.hgi-cgs.hr\/en\/wp-json\/wp\/v2\/users\/1"}],"replies":[{"embeddable":true,"href":"https:\/\/www.hgi-cgs.hr\/en\/wp-json\/wp\/v2\/comments?post=36358"}],"version-history":[{"count":5,"href":"https:\/\/www.hgi-cgs.hr\/en\/wp-json\/wp\/v2\/pages\/36358\/revisions"}],"predecessor-version":[{"id":36946,"href":"https:\/\/www.hgi-cgs.hr\/en\/wp-json\/wp\/v2\/pages\/36358\/revisions\/36946"}],"wp:attachment":[{"href":"https:\/\/www.hgi-cgs.hr\/en\/wp-json\/wp\/v2\/media?parent=36358"}],"curies":[{"name":"wp","href":"https:\/\/api.w.org\/{rel}","templated":true}]}}