{"id":35951,"date":"2020-10-26T13:15:51","date_gmt":"2020-10-26T13:15:51","guid":{"rendered":"http:\/\/www.hgi-cgs.hr\/?page_id=35951"},"modified":"2020-10-26T13:18:07","modified_gmt":"2020-10-26T13:18:07","slug":"uspostava-geoloske-zbirke-u-osnovnoj-skoli-zrinskih-i-frankopana-u-otoccu","status":"publish","type":"page","link":"https:\/\/www.hgi-cgs.hr\/en\/uspostava-geoloske-zbirke-u-osnovnoj-skoli-zrinskih-i-frankopana-u-otoccu\/","title":{"rendered":"Uspostava geolo\u0161ke zbirke u Osnovnoj \u0161koli Zrinskih i Frankopana u Oto\u010dcu"},"content":{"rendered":"\n[et_pb_section fb_built=&#8221;1&#8243; fullwidth=&#8221;on&#8221; _builder_version=&#8221;4.4.1&#8243; custom_padding=&#8221;0px||0px|||&#8221;][et_pb_fullwidth_slider _builder_version=&#8221;4.4.2&#8243; min_height=&#8221;112px&#8221; height=&#8221;400px&#8221; custom_margin=&#8221;0px||||false|false&#8221; custom_padding=&#8221;0px||18px||false|false&#8221; auto=&#8221;on&#8221; auto_ignore_hover=&#8221;on&#8221; locked=&#8221;off&#8221;][et_pb_slide heading=&#8221;Hrvatski geolo\u0161ki institut&#8221; _builder_version=&#8221;4.4.1&#8243; header_font=&#8221;|||on|||||&#8221; background_image=&#8221;http:\/\/www.hgi-cgs.hr\/wp-content\/uploads\/2020\/03\/Br\u010di\u0107_Drvenik02-scaled.jpg&#8221; background_enable_image=&#8221;on&#8221; locked=&#8221;off&#8221; sticky_transition=&#8221;on&#8221;][\/et_pb_slide][et_pb_slide heading=&#8221;Hrvatski geolo\u0161ki institut&#8221; _builder_version=&#8221;4.4.1&#8243; header_font=&#8221;|||on|||||&#8221; background_image=&#8221;http:\/\/www.hgi-cgs.hr\/wp-content\/uploads\/2020\/03\/ban2-scaled.jpg&#8221; background_enable_image=&#8221;on&#8221; locked=&#8221;off&#8221; sticky_transition=&#8221;on&#8221;][\/et_pb_slide][et_pb_slide heading=&#8221;Hrvatski geolo\u0161ki institut&#8221; _builder_version=&#8221;4.4.1&#8243; header_font=&#8221;|||on|||||&#8221; background_image=&#8221;http:\/\/www.hgi-cgs.hr\/wp-content\/uploads\/2020\/03\/20190228_094232-scaled.jpg&#8221; background_enable_image=&#8221;on&#8221; locked=&#8221;off&#8221; sticky_transition=&#8221;on&#8221;][\/et_pb_slide][et_pb_slide heading=&#8221;Hrvatski geolo\u0161ki institut&#8221; _builder_version=&#8221;4.4.1&#8243; header_font=&#8221;|||on|||||&#8221; background_image=&#8221;http:\/\/www.hgi-cgs.hr\/wp-content\/uploads\/2020\/03\/ban3-scaled.jpg&#8221; background_enable_image=&#8221;on&#8221; locked=&#8221;off&#8221; sticky_transition=&#8221;on&#8221;][\/et_pb_slide][et_pb_slide heading=&#8221;Hrvatski geolo\u0161ki institut&#8221; _builder_version=&#8221;4.4.1&#8243; header_font=&#8221;|||on|||||&#8221; background_image=&#8221;http:\/\/www.hgi-cgs.hr\/wp-content\/uploads\/2020\/03\/Bijele_stijene-Gorski_kotar-scaled.jpg&#8221; background_enable_image=&#8221;on&#8221; locked=&#8221;off&#8221; sticky_transition=&#8221;on&#8221;][\/et_pb_slide][et_pb_slide heading=&#8221;Hrvatski geolo\u0161ki institut&#8221; _builder_version=&#8221;4.4.1&#8243; header_font=&#8221;|||on|||||&#8221; background_image=&#8221;http:\/\/www.hgi-cgs.hr\/wp-content\/uploads\/2020\/03\/ban4-scaled.jpg&#8221; background_enable_image=&#8221;on&#8221; locked=&#8221;off&#8221; sticky_transition=&#8221;on&#8221;][\/et_pb_slide][et_pb_slide heading=&#8221;Hrvatski geolo\u0161ki institut&#8221; _builder_version=&#8221;4.4.1&#8243; header_font=&#8221;|||on|||||&#8221; background_image=&#8221;http:\/\/www.hgi-cgs.hr\/wp-content\/uploads\/2020\/03\/ban5-scaled.jpg&#8221; background_enable_image=&#8221;on&#8221; locked=&#8221;off&#8221; sticky_transition=&#8221;on&#8221;][\/et_pb_slide][\/et_pb_fullwidth_slider][\/et_pb_section][et_pb_section fb_built=&#8221;1&#8243; _builder_version=&#8221;4.4.2&#8243;][et_pb_row _builder_version=&#8221;4.4.2&#8243;][et_pb_column type=&#8221;4_4&#8243; _builder_version=&#8221;4.4.2&#8243;][et_pb_text _builder_version=&#8221;4.6.6&#8243; text_font_size=&#8221;32px&#8221; header_2_text_color=&#8221;#1e5096&#8243; hover_enabled=&#8221;0&#8243; sticky_enabled=&#8221;0&#8243;]<h2 style=\"text-align: center; color: #1e5096;\"><strong>USPOSTAVA GEOLO\u0160KE ZBIRKE U OTO\u010cCU<\/strong><\/h2>\n[\/et_pb_text][\/et_pb_column][\/et_pb_row][\/et_pb_section][et_pb_section fb_built=&#8221;1&#8243; _builder_version=&#8221;4.4.2&#8243; custom_padding=&#8221;20px||41px|||&#8221;][et_pb_row _builder_version=&#8221;4.0.3&#8243; min_height=&#8221;192px&#8221; custom_margin=&#8221;-33px|auto||auto||&#8221; custom_padding=&#8221;0px||0px|||&#8221;][et_pb_column type=&#8221;4_4&#8243; _builder_version=&#8221;4.0.3&#8243;][et_pb_text _builder_version=&#8221;4.6.6&#8243; text_font=&#8221;||||||||&#8221; link_font=&#8221;||||||||&#8221; link_text_color=&#8221;#e09900&#8243; custom_margin=&#8221;18px||-3px|||&#8221; custom_padding=&#8221;|10px||10px|false|true&#8221; hover_enabled=&#8221;0&#8243; sticky_enabled=&#8221;0&#8243;]<p style=\"text-align: left;\">Osim znanstveno-istra\u017eiva\u010dkog rada u podru\u010dju geoznanosti i izrade geolo\u0161kih karata svih vrsta i namjena, zada\u0107a Hrvatskog geolo\u0161kog instituta (HGI), kao javnog znanstvenog instituta u sustavu znanosti R. Hrvatske, je i pribli\u017eavanje geologije kao jedne od \u010detiriju temeljnih grana prirodnih znanosti mla\u0111im nara\u0161tajima i javnosti uop\u0107e. <\/p>\n<p> Tako je 2009. godine u Hrvatskom geolo\u0161kom institutu osmi\u0161ljen i pokrenut projekt postavljanja \u017eupanijskih geolo\u0161kih zbirki u osnovnim i srednjim \u0161kolama diljem na\u0161e domovine. Zbirke se postavljaju temeljem iskazanog interesa pojedinih \u0161kola i osiguravanja vitrina, dok je terensko prikupljanje uzoraka, njihova obrada u laboratoriju i priprema za zbirku volonterski rad znanstvenika i tehni\u010dkog osoblja na\u0161e ku\u0107e. <a href=\"http:\/\/www.os-bkasica-zadar.skole.hr\/skola\/projekti\/geolo_ka_zbirka\" target=\"new\" rel=\"noopener noreferrer\">Prva takva zbirka<\/a> postavljena je u Zadarskoj \u017eupaniji u <a href=\"http:\/\/www.os-bkasica-zadar.skole.hr\/\" target=\"new\" rel=\"noopener noreferrer\">Osnovnoj \u0161koli Bartula Ka\u0161i\u0107a<\/a>.<\/p>\n<p> Pro\u0161li mjesec je u sklopu tog projekta postavljena i druga geolo\u0161ka zbirka u nizu za Li\u010dko-senjsku \u017eupaniju u <a href=\"http:\/\/os-zrinskihifrankopana-otocac.skole.hr\/\" target=\"new\" rel=\"noopener noreferrer\">Osnovnoj \u0161koli Zrinskih i Frankopana<\/a> u Oto\u010dcu. Inicijativu u ime \u0161kole pokrenula je ravnateljica profesorica Lucija Sekula. U ime HGI-a u izradi zbirke kao znanstvenici sudjelovali su Mirko Belak, Ton\u0107i Grgasovi\u0107, Ivan He\u0107imovi\u0107 i Ajka \u0160or\u0161a, a kao tehni\u010dko osoblje Damir Galovi\u0107 i Antun \u0160krti\u0107. Zbirka sadr\u017ei 49 geolo\u0161kih uzoraka raspore\u0111enih u 4 staklene vitrine, od \u010dega je 30 uzoraka prikupljeno s raznih nalazi\u0161nih lokaliteta u Li\u010dko-senjskoj \u017eupaniji, a ostalih 19 pokriva karakteristi\u010dne uzorke stijena iz cijele R. Hrvatske, koje ne izdanjuju na podru\u010dju te \u017eupanije. Uz zbirku je postavljena i Geolo\u0161ka karta Li\u010dko-senjske \u017eupanije, dok \u0107e Geolo\u0161ka karta R. Hrvatske M 1:300.000 biti nakandno donirana i postavljena u \u0161koli. Uz zbirku se tiska i prigodni vodi\u0107 kroz zbirku i geologiju \u017eupanije, ali na \u017ealost radi nedostatka nov\u010danih sredstava taj dio posla trebati \u0107e pri\u010dekati bolja vremena. Zbirka \u0107e prvenstveno poslu\u017eiti u nastavne svrhe i to kao dopuna u nastavi iz geografije koja obra\u0111uje i geolo\u0161ku gra\u0111u Zemlje. Nadalje, omogu\u0107iti \u0107e svim zainteresiranim gra\u0111anima upoznavanje s geolo\u0161kom gra\u0111om njihove \u017eupanije, \u0161to do sada nisu imali prilike nigdje vidjeti. Postavljanje zbirke 6. o\u017eujka 2013. godine bilo je popra\u0107eno i tekstovima u <a href=\"http:\/\/www.glasgacke.hr\/?ispis=detalji&amp;novost=1293&amp;kat=71\" target=\"new\" rel=\"noopener noreferrer\">lokalnom tisku<\/a> te na lokalnim radio postajama.<\/p>\n[\/et_pb_text][\/et_pb_column][\/et_pb_row][et_pb_row column_structure=&#8221;1_2,1_2&#8243; _builder_version=&#8221;4.6.6&#8243; _module_preset=&#8221;default&#8221; custom_margin=&#8221;6px|auto||auto|false|false&#8221; hover_enabled=&#8221;0&#8243; sticky_enabled=&#8221;0&#8243;][et_pb_column type=&#8221;1_2&#8243; _builder_version=&#8221;4.6.5&#8243; _module_preset=&#8221;default&#8221;][et_pb_image src=&#8221;http:\/\/www.hgi-cgs.hr\/wp-content\/uploads\/2020\/10\/Slika_1_Otocac.jpg&#8221; alt=&#8221;Po\u010deo je \u201enaporan\u201c rad uno\u0161enja uzoraka u \u0161kolu od kolega Mirka Belaka i Ton\u0107ija Grgasovi\u0107a&#8221; title_text=&#8221;OLYMPUS DIGITAL CAMERA&#8221; align=&#8221;center&#8221; _builder_version=&#8221;4.6.6&#8243; _module_preset=&#8221;default&#8221; width=&#8221;87%&#8221; module_alignment=&#8221;center&#8221; hover_enabled=&#8221;0&#8243; border_radii=&#8221;on|5px|5px|5px|5px&#8221; box_shadow_style=&#8221;preset1&#8243; box_shadow_blur=&#8221;15px&#8221; sticky_enabled=&#8221;0&#8243;][\/et_pb_image][et_pb_text _builder_version=&#8221;4.6.6&#8243; _module_preset=&#8221;default&#8221; text_font_size=&#8221;13px&#8221; custom_margin=&#8221;-30px||||false|false&#8221; custom_padding=&#8221;|||0px|false|false&#8221; hover_enabled=&#8221;0&#8243; sticky_enabled=&#8221;0&#8243;]<p style=\"text-align: center;\">Po\u010deo je \u201enaporan\u201c rad uno\u0161enja uzoraka u \u0161kolu od kolega Mirka Belaka i Ton\u0107ija Grgasovi\u0107a.<\/p>\n[\/et_pb_text][\/et_pb_column][et_pb_column type=&#8221;1_2&#8243; _builder_version=&#8221;4.6.5&#8243; _module_preset=&#8221;default&#8221;][et_pb_image src=&#8221;http:\/\/www.hgi-cgs.hr\/wp-content\/uploads\/2020\/10\/Slika_2_Otocac.jpg&#8221; alt=&#8221;Da se vidi da i ravnatelj Josip Halami\u0107 \u201enaporno\u201c radi.&#8221; title_text=&#8221;OLYMPUS DIGITAL CAMERA&#8221; align=&#8221;center&#8221; _builder_version=&#8221;4.6.6&#8243; _module_preset=&#8221;default&#8221; width=&#8221;88%&#8221; module_alignment=&#8221;center&#8221; hover_enabled=&#8221;0&#8243; border_radii=&#8221;on|5px|5px|5px|5px&#8221; box_shadow_style=&#8221;preset1&#8243; box_shadow_blur=&#8221;15px&#8221; sticky_enabled=&#8221;0&#8243;][\/et_pb_image][et_pb_text _builder_version=&#8221;4.6.6&#8243; _module_preset=&#8221;default&#8221; text_font_size=&#8221;13px&#8221; custom_margin=&#8221;-30px||||false|false&#8221; custom_padding=&#8221;|0px|||false|false&#8221; hover_enabled=&#8221;0&#8243; sticky_enabled=&#8221;0&#8243;]<p style=\"text-align: center;\">Da se vidi da i ravnatelj Josip Halami\u0107 \u201enaporno\u201c radi.<\/p>\n[\/et_pb_text][\/et_pb_column][\/et_pb_row][et_pb_row column_structure=&#8221;1_2,1_2&#8243; _builder_version=&#8221;4.6.6&#8243; _module_preset=&#8221;default&#8221; custom_margin=&#8221;6px|auto||auto|false|false&#8221; hover_enabled=&#8221;0&#8243; sticky_enabled=&#8221;0&#8243;][et_pb_column type=&#8221;1_2&#8243; _builder_version=&#8221;4.6.5&#8243; _module_preset=&#8221;default&#8221;][et_pb_image src=&#8221;http:\/\/www.hgi-cgs.hr\/wp-content\/uploads\/2020\/10\/Slika_3_Otocac.jpg&#8221; alt=&#8221;Radi spolne ravnopravnosti kolegica Ajka \u0160or\u0161a je tako\u0111er prionula poslu.&#8221; title_text=&#8221;OLYMPUS DIGITAL CAMERA&#8221; align=&#8221;center&#8221; _builder_version=&#8221;4.6.6&#8243; _module_preset=&#8221;default&#8221; width=&#8221;87%&#8221; module_alignment=&#8221;center&#8221; hover_enabled=&#8221;0&#8243; border_radii=&#8221;on|5px|5px|5px|5px&#8221; box_shadow_style=&#8221;preset1&#8243; box_shadow_blur=&#8221;15px&#8221; sticky_enabled=&#8221;0&#8243;][\/et_pb_image][et_pb_text _builder_version=&#8221;4.6.6&#8243; _module_preset=&#8221;default&#8221; text_font_size=&#8221;13px&#8221; custom_margin=&#8221;-30px||||false|false&#8221; custom_padding=&#8221;|||0px|false|false&#8221; hover_enabled=&#8221;0&#8243; sticky_enabled=&#8221;0&#8243;]<p style=\"text-align: center;\">Radi spolne ravnopravnosti kolegica Ajka \u0160or\u0161a je tako\u0111er prionula poslu.<\/p>\n[\/et_pb_text][\/et_pb_column][et_pb_column type=&#8221;1_2&#8243; _builder_version=&#8221;4.6.5&#8243; _module_preset=&#8221;default&#8221;][et_pb_image src=&#8221;http:\/\/www.hgi-cgs.hr\/wp-content\/uploads\/2020\/10\/Slika_4_Otocac.jpg&#8221; alt=&#8221;\u010citava ekipa HGI-a se s veseljem priprema za postavljanje zbirke.&#8221; title_text=&#8221;OLYMPUS DIGITAL CAMERA&#8221; align=&#8221;center&#8221; _builder_version=&#8221;4.6.6&#8243; _module_preset=&#8221;default&#8221; width=&#8221;88%&#8221; module_alignment=&#8221;center&#8221; hover_enabled=&#8221;0&#8243; border_radii=&#8221;on|5px|5px|5px|5px&#8221; box_shadow_style=&#8221;preset1&#8243; box_shadow_blur=&#8221;15px&#8221; sticky_enabled=&#8221;0&#8243;][\/et_pb_image][et_pb_text _builder_version=&#8221;4.6.6&#8243; _module_preset=&#8221;default&#8221; text_font_size=&#8221;13px&#8221; custom_margin=&#8221;-30px||||false|false&#8221; custom_padding=&#8221;|0px|||false|false&#8221; hover_enabled=&#8221;0&#8243; sticky_enabled=&#8221;0&#8243;]<p style=\"text-align: center;\">\u010citava ekipa HGI-a se s veseljem priprema za postavljanje zbirke.<\/p>\n[\/et_pb_text][\/et_pb_column][\/et_pb_row][et_pb_row column_structure=&#8221;1_2,1_2&#8243; _builder_version=&#8221;4.6.6&#8243; _module_preset=&#8221;default&#8221; custom_margin=&#8221;6px|auto||auto|false|false&#8221; hover_enabled=&#8221;0&#8243; sticky_enabled=&#8221;0&#8243;][et_pb_column type=&#8221;1_2&#8243; _builder_version=&#8221;4.6.5&#8243; _module_preset=&#8221;default&#8221;][et_pb_image src=&#8221;http:\/\/www.hgi-cgs.hr\/wp-content\/uploads\/2020\/10\/Slika_5_Otocac.jpg&#8221; alt=&#8221;Uzorci pomno spakirani od kolega Damira Galovi\u0107a i Antuna \u0160krti\u0107a nestrpljivo \u010dekaju da \u201ekrenu\u201c u vitrine.&#8221; title_text=&#8221;OLYMPUS DIGITAL CAMERA&#8221; align=&#8221;center&#8221; _builder_version=&#8221;4.6.6&#8243; _module_preset=&#8221;default&#8221; width=&#8221;60%&#8221; module_alignment=&#8221;center&#8221; hover_enabled=&#8221;0&#8243; border_radii=&#8221;on|5px|5px|5px|5px&#8221; box_shadow_style=&#8221;preset1&#8243; box_shadow_blur=&#8221;15px&#8221; sticky_enabled=&#8221;0&#8243;][\/et_pb_image][et_pb_text _builder_version=&#8221;4.6.6&#8243; _module_preset=&#8221;default&#8221; text_font_size=&#8221;13px&#8221; custom_margin=&#8221;-30px||||false|false&#8221; custom_padding=&#8221;|||0px|false|false&#8221; hover_enabled=&#8221;0&#8243; sticky_enabled=&#8221;0&#8243; width=&#8221;70%&#8221; module_alignment=&#8221;center&#8221;]<p style=\"text-align: center;\">Uzorci pomno spakirani od kolega Damira Galovi\u0107a i Antuna \u0160krti\u0107a nestrpljivo \u010dekaju da \u201ekrenu\u201c u vitrine.<\/p>\n[\/et_pb_text][\/et_pb_column][et_pb_column type=&#8221;1_2&#8243; _builder_version=&#8221;4.6.5&#8243; _module_preset=&#8221;default&#8221;][et_pb_image src=&#8221;http:\/\/www.hgi-cgs.hr\/wp-content\/uploads\/2020\/10\/Slika_6_Otocac.jpg&#8221; alt=&#8221;Kolega Mirko Belak uz stru\u010dnu raspravu pomno namje\u0161ta svaki pojedini izlo\u017eak.&#8221; title_text=&#8221;OLYMPUS DIGITAL CAMERA&#8221; align=&#8221;center&#8221; _builder_version=&#8221;4.6.6&#8243; _module_preset=&#8221;default&#8221; width=&#8221;60%&#8221; module_alignment=&#8221;center&#8221; hover_enabled=&#8221;0&#8243; border_radii=&#8221;on|5px|5px|5px|5px&#8221; box_shadow_style=&#8221;preset1&#8243; box_shadow_blur=&#8221;15px&#8221; sticky_enabled=&#8221;0&#8243;][\/et_pb_image][et_pb_text _builder_version=&#8221;4.6.6&#8243; _module_preset=&#8221;default&#8221; text_font_size=&#8221;13px&#8221; custom_margin=&#8221;-30px||||false|false&#8221; custom_padding=&#8221;|0px|||false|false&#8221; hover_enabled=&#8221;0&#8243; sticky_enabled=&#8221;0&#8243; width=&#8221;70%&#8221; module_alignment=&#8221;center&#8221;]<p style=\"text-align: center;\">Kolega Mirko Belak uz stru\u010dnu raspravu pomno namje\u0161ta svaki pojedini izlo\u017eak.<\/p>\n[\/et_pb_text][\/et_pb_column][\/et_pb_row][et_pb_row column_structure=&#8221;1_2,1_2&#8243; _builder_version=&#8221;4.6.6&#8243; _module_preset=&#8221;default&#8221; custom_margin=&#8221;6px|auto||auto|false|false&#8221; hover_enabled=&#8221;0&#8243; sticky_enabled=&#8221;0&#8243;][et_pb_column type=&#8221;1_2&#8243; _builder_version=&#8221;4.6.5&#8243; _module_preset=&#8221;default&#8221;][et_pb_image src=&#8221;http:\/\/www.hgi-cgs.hr\/wp-content\/uploads\/2020\/10\/Slika_7_Otocac.jpg&#8221; alt=&#8221;Postavljanje je pod budnim nadzorom ravanteljice Lucije Sekula i kolegice Ajke \u0160or\u0161a.   &#8221; title_text=&#8221;OLYMPUS DIGITAL CAMERA&#8221; align=&#8221;center&#8221; _builder_version=&#8221;4.6.6&#8243; _module_preset=&#8221;default&#8221; width=&#8221;100%&#8221; module_alignment=&#8221;center&#8221; hover_enabled=&#8221;0&#8243; border_radii=&#8221;on|5px|5px|5px|5px&#8221; box_shadow_style=&#8221;preset1&#8243; box_shadow_blur=&#8221;15px&#8221; sticky_enabled=&#8221;0&#8243;][\/et_pb_image][et_pb_text _builder_version=&#8221;4.6.6&#8243; _module_preset=&#8221;default&#8221; text_font_size=&#8221;13px&#8221; custom_margin=&#8221;-30px||||false|false&#8221; custom_padding=&#8221;|||0px|false|false&#8221; hover_enabled=&#8221;0&#8243; sticky_enabled=&#8221;0&#8243;]<div class=\"foto9\">\n<p style=\"text-align: center;\">Postavljanje je pod budnim nadzorom ravanteljice Lucije Sekula i kolegice Ajke \u0160or\u0161a.<\/p>\n<\/div>\n<p style=\"clear: both;\">\n[\/et_pb_text][\/et_pb_column][et_pb_column type=&#8221;1_2&#8243; _builder_version=&#8221;4.6.5&#8243; _module_preset=&#8221;default&#8221;][et_pb_image src=&#8221;http:\/\/www.hgi-cgs.hr\/wp-content\/uploads\/2020\/10\/Slika_8_Otocac.jpg&#8221; alt=&#8221;Sve je popra\u0107eno i detaljno zapisivano od strane sedme sile.&#8221; title_text=&#8221;OLYMPUS DIGITAL CAMERA&#8221; align=&#8221;center&#8221; _builder_version=&#8221;4.6.6&#8243; _module_preset=&#8221;default&#8221; width=&#8221;57%&#8221; module_alignment=&#8221;center&#8221; hover_enabled=&#8221;0&#8243; border_radii=&#8221;on|5px|5px|5px|5px&#8221; box_shadow_style=&#8221;preset1&#8243; box_shadow_blur=&#8221;15px&#8221; sticky_enabled=&#8221;0&#8243;][\/et_pb_image][et_pb_text _builder_version=&#8221;4.6.6&#8243; _module_preset=&#8221;default&#8221; text_font_size=&#8221;13px&#8221; custom_margin=&#8221;-30px||||false|false&#8221; custom_padding=&#8221;|0px|||false|false&#8221; hover_enabled=&#8221;0&#8243; sticky_enabled=&#8221;0&#8243;]<p style=\"text-align: center;\">Sve je popra\u0107eno i detaljno zapisivano od strane sedme sile.<\/p>\n[\/et_pb_text][\/et_pb_column][\/et_pb_row][et_pb_row column_structure=&#8221;1_2,1_2&#8243; _builder_version=&#8221;4.6.6&#8243; _module_preset=&#8221;default&#8221; custom_margin=&#8221;6px|auto||auto|false|false&#8221; hover_enabled=&#8221;0&#8243; sticky_enabled=&#8221;0&#8243;][et_pb_column type=&#8221;1_2&#8243; _builder_version=&#8221;4.6.5&#8243; _module_preset=&#8221;default&#8221;][et_pb_image src=&#8221;http:\/\/www.hgi-cgs.hr\/wp-content\/uploads\/2020\/10\/Slika_9_Otocac.jpg&#8221; alt=&#8221;\u201eStroga\u201c kontrola i od strane profesora geografije Ivana Gomer\u010di\u0107a. &#8221; title_text=&#8221;OLYMPUS DIGITAL CAMERA&#8221; align=&#8221;center&#8221; _builder_version=&#8221;4.6.6&#8243; _module_preset=&#8221;default&#8221; width=&#8221;87%&#8221; module_alignment=&#8221;center&#8221; hover_enabled=&#8221;0&#8243; border_radii=&#8221;on|5px|5px|5px|5px&#8221; box_shadow_style=&#8221;preset1&#8243; box_shadow_blur=&#8221;15px&#8221; sticky_enabled=&#8221;0&#8243;][\/et_pb_image][et_pb_text _builder_version=&#8221;4.6.6&#8243; _module_preset=&#8221;default&#8221; text_font_size=&#8221;13px&#8221; custom_margin=&#8221;-30px||||false|false&#8221; custom_padding=&#8221;|||0px|false|false&#8221; hover_enabled=&#8221;0&#8243; sticky_enabled=&#8221;0&#8243;]<p style=\"text-align: center;\">\u201eStroga\u201c kontrola i od strane profesora geografije Ivana Gomer\u010di\u0107a.<\/p>\n[\/et_pb_text][\/et_pb_column][et_pb_column type=&#8221;1_2&#8243; _builder_version=&#8221;4.6.5&#8243; _module_preset=&#8221;default&#8221;][et_pb_image src=&#8221;http:\/\/www.hgi-cgs.hr\/wp-content\/uploads\/2020\/10\/Slika_10_Otocac.jpg&#8221; alt=&#8221;\u010citava ekipa HGI-a se s veseljem priprema za postavljanje zbirke.&#8221; title_text=&#8221;OLYMPUS DIGITAL CAMERA&#8221; align=&#8221;center&#8221; _builder_version=&#8221;4.6.6&#8243; _module_preset=&#8221;default&#8221; width=&#8221;88%&#8221; module_alignment=&#8221;center&#8221; hover_enabled=&#8221;0&#8243; border_radii=&#8221;on|5px|5px|5px|5px&#8221; box_shadow_style=&#8221;preset1&#8243; box_shadow_blur=&#8221;15px&#8221; sticky_enabled=&#8221;0&#8243;][\/et_pb_image][et_pb_text _builder_version=&#8221;4.6.6&#8243; _module_preset=&#8221;default&#8221; text_font_size=&#8221;13px&#8221; custom_margin=&#8221;-30px||||false|false&#8221; custom_padding=&#8221;|0px|||false|false&#8221; hover_enabled=&#8221;0&#8243; sticky_enabled=&#8221;0&#8243;]<p style=\"text-align: center;\">Stijene su kona\u010dno u vitrinama i pod klju\u010dem \u010dekaju prve radoznalce.<\/p>\n[\/et_pb_text][\/et_pb_column][\/et_pb_row][et_pb_row column_structure=&#8221;1_3,1_3,1_3&#8243; _builder_version=&#8221;4.6.6&#8243; _module_preset=&#8221;default&#8221; custom_margin=&#8221;6px|auto||auto|false|false&#8221; hover_enabled=&#8221;0&#8243; sticky_enabled=&#8221;0&#8243;][et_pb_column type=&#8221;1_3&#8243; _builder_version=&#8221;4.6.5&#8243; _module_preset=&#8221;default&#8221;][et_pb_image src=&#8221;http:\/\/www.hgi-cgs.hr\/wp-content\/uploads\/2020\/10\/Slika_11_Otocac.jpg&#8221; alt=&#8221;Osmjeh na licima ekipe HGI-a kazuje da je sve pro\u0161lo u redu i da nijedan uzorak nije zaboravljen u Zagrebu.&#8221; title_text=&#8221;OLYMPUS DIGITAL CAMERA&#8221; align=&#8221;center&#8221; _builder_version=&#8221;4.6.6&#8243; _module_preset=&#8221;default&#8221; width=&#8221;100%&#8221; module_alignment=&#8221;center&#8221; hover_enabled=&#8221;0&#8243; border_radii=&#8221;on|5px|5px|5px|5px&#8221; box_shadow_style=&#8221;preset1&#8243; box_shadow_blur=&#8221;15px&#8221; sticky_enabled=&#8221;0&#8243;][\/et_pb_image][et_pb_text _builder_version=&#8221;4.6.6&#8243; _module_preset=&#8221;default&#8221; text_font_size=&#8221;13px&#8221; custom_margin=&#8221;-30px||||false|false&#8221; custom_padding=&#8221;|||0px|false|false&#8221; hover_enabled=&#8221;0&#8243; sticky_enabled=&#8221;0&#8243;]<p style=\"text-align: center;\">Osmjeh na licima ekipe HGI-a kazuje da je sve pro\u0161lo u redu i da nijedan uzorak nije zaboravljen u Zagrebu.<\/p>\n[\/et_pb_text][\/et_pb_column][et_pb_column type=&#8221;1_3&#8243; _builder_version=&#8221;4.6.5&#8243; _module_preset=&#8221;default&#8221;][et_pb_image src=&#8221;http:\/\/www.hgi-cgs.hr\/wp-content\/uploads\/2020\/10\/Slika_12_Otocac.jpg&#8221; alt=&#8221;I geolo\u0161ka karta Li\u010dko-senjske \u017eupanije na\u0161la je svoje mjesto \u201epod morem\u201c.&#8221; title_text=&#8221;OLYMPUS DIGITAL CAMERA&#8221; align=&#8221;center&#8221; _builder_version=&#8221;4.6.6&#8243; _module_preset=&#8221;default&#8221; width=&#8221;100%&#8221; module_alignment=&#8221;center&#8221; hover_enabled=&#8221;0&#8243; border_radii=&#8221;on|5px|5px|5px|5px&#8221; box_shadow_style=&#8221;preset1&#8243; box_shadow_blur=&#8221;15px&#8221; sticky_enabled=&#8221;0&#8243;][\/et_pb_image][et_pb_text _builder_version=&#8221;4.6.6&#8243; _module_preset=&#8221;default&#8221; text_font_size=&#8221;13px&#8221; custom_margin=&#8221;-30px||||false|false&#8221; custom_padding=&#8221;|0px|||false|false&#8221; hover_enabled=&#8221;0&#8243; sticky_enabled=&#8221;0&#8243;]<p style=\"text-align: center;\">I geolo\u0161ka karta Li\u010dko-senjske \u017eupanije na\u0161la je svoje mjesto \u201epod morem\u201c.<\/p>\n[\/et_pb_text][\/et_pb_column][et_pb_column type=&#8221;1_3&#8243; _builder_version=&#8221;4.6.5&#8243; _module_preset=&#8221;default&#8221;][et_pb_image src=&#8221;http:\/\/www.hgi-cgs.hr\/wp-content\/uploads\/2020\/10\/Slika_13_Otocac.jpg&#8221; alt=&#8221;Na kraju i slu\u017ebena primopredaja zbirke od strane ravnatelja HGI-a, Josipa Halami\u0107a, ravnateljici O\u0160 Zrinskih i Frankopana Luciji Sekula.&#8221; title_text=&#8221;OLYMPUS DIGITAL CAMERA&#8221; align=&#8221;center&#8221; _builder_version=&#8221;4.6.6&#8243; _module_preset=&#8221;default&#8221; width=&#8221;100%&#8221; module_alignment=&#8221;center&#8221; hover_enabled=&#8221;0&#8243; border_radii=&#8221;on|5px|5px|5px|5px&#8221; box_shadow_style=&#8221;preset1&#8243; box_shadow_blur=&#8221;15px&#8221; sticky_enabled=&#8221;0&#8243;][\/et_pb_image][et_pb_text _builder_version=&#8221;4.6.6&#8243; _module_preset=&#8221;default&#8221; text_font_size=&#8221;13px&#8221; custom_margin=&#8221;-30px||||false|false&#8221; custom_padding=&#8221;|0px|||false|false&#8221; hover_enabled=&#8221;0&#8243; sticky_enabled=&#8221;0&#8243;]<p style=\"text-align: center;\">Na kraju i slu\u017ebena primopredaja zbirke od strane ravnatelja HGI-a, Josipa Halami\u0107a, ravnateljici O\u0160 Zrinskih i Frankopana Luciji Sekula.<\/p>\n[\/et_pb_text][\/et_pb_column][\/et_pb_row][\/et_pb_section]\n","protected":false},"excerpt":{"rendered":"<p>USPOSTAVA GEOLO\u0160KE ZBIRKE U OTO\u010cCU Osim znanstveno-istra\u017eiva\u010dkog rada u podru\u010dju geoznanosti i izrade geolo\u0161kih karata svih vrsta i namjena, zada\u0107a Hrvatskog geolo\u0161kog instituta (HGI), kao javnog znanstvenog instituta u sustavu znanosti R. Hrvatske, je i pribli\u017eavanje geologije kao jedne od \u010detiriju temeljnih grana prirodnih znanosti mla\u0111im nara\u0161tajima i javnosti uop\u0107e. Tako je 2009. godine u [&hellip;]<\/p>\n","protected":false},"author":1,"featured_media":0,"parent":0,"menu_order":0,"comment_status":"closed","ping_status":"closed","template":"","meta":{"_et_pb_use_builder":"on","_et_pb_old_content":"","_et_gb_content_width":"","footnotes":""},"class_list":["post-35951","page","type-page","status-publish","hentry"],"aioseo_notices":[],"_links":{"self":[{"href":"https:\/\/www.hgi-cgs.hr\/en\/wp-json\/wp\/v2\/pages\/35951","targetHints":{"allow":["GET"]}}],"collection":[{"href":"https:\/\/www.hgi-cgs.hr\/en\/wp-json\/wp\/v2\/pages"}],"about":[{"href":"https:\/\/www.hgi-cgs.hr\/en\/wp-json\/wp\/v2\/types\/page"}],"author":[{"embeddable":true,"href":"https:\/\/www.hgi-cgs.hr\/en\/wp-json\/wp\/v2\/users\/1"}],"replies":[{"embeddable":true,"href":"https:\/\/www.hgi-cgs.hr\/en\/wp-json\/wp\/v2\/comments?post=35951"}],"version-history":[{"count":5,"href":"https:\/\/www.hgi-cgs.hr\/en\/wp-json\/wp\/v2\/pages\/35951\/revisions"}],"predecessor-version":[{"id":35973,"href":"https:\/\/www.hgi-cgs.hr\/en\/wp-json\/wp\/v2\/pages\/35951\/revisions\/35973"}],"wp:attachment":[{"href":"https:\/\/www.hgi-cgs.hr\/en\/wp-json\/wp\/v2\/media?parent=35951"}],"curies":[{"name":"wp","href":"https:\/\/api.w.org\/{rel}","templated":true}]}}