{"id":35706,"date":"2020-10-21T11:55:50","date_gmt":"2020-10-21T11:55:50","guid":{"rendered":"http:\/\/www.hgi-cgs.hr\/?page_id=35706"},"modified":"2020-10-28T09:34:01","modified_gmt":"2020-10-28T09:34:01","slug":"izjava-o-pristupacnosti","status":"publish","type":"page","link":"https:\/\/www.hgi-cgs.hr\/en\/izjava-o-pristupacnosti\/","title":{"rendered":"Accessibility statement"},"content":{"rendered":"<p>[et_pb_section fb_built=&#8221;1&#8243; fullwidth=&#8221;on&#8221; _builder_version=&#8221;4.4.1&#8243; custom_padding=&#8221;0px||0px|||&#8221;][et_pb_fullwidth_slider _builder_version=&#8221;4.4.2&#8243; min_height=&#8221;112px&#8221; height=&#8221;400px&#8221; custom_margin=&#8221;0px||||false|false&#8221; custom_padding=&#8221;0px||18px||false|false&#8221; auto=&#8221;on&#8221; auto_ignore_hover=&#8221;on&#8221; locked=&#8221;off&#8221;][et_pb_slide heading=&#8221;Hrvatski geolo\u0161ki institut&#8221; _builder_version=&#8221;4.4.1&#8243; header_font=&#8221;|||on|||||&#8221; background_image=&#8221;https:\/\/www.hgi-cgs.hr\/wp-content\/uploads\/2020\/03\/Br\u010di\u0107_Drvenik02-scaled.jpg&#8221; background_enable_image=&#8221;on&#8221; locked=&#8221;off&#8221; sticky_transition=&#8221;on&#8221;][\/et_pb_slide][et_pb_slide heading=&#8221;Hrvatski geolo\u0161ki institut&#8221; _builder_version=&#8221;4.4.1&#8243; header_font=&#8221;|||on|||||&#8221; background_image=&#8221;https:\/\/www.hgi-cgs.hr\/wp-content\/uploads\/2020\/03\/ban2-scaled.jpg&#8221; background_enable_image=&#8221;on&#8221; locked=&#8221;off&#8221; sticky_transition=&#8221;on&#8221;][\/et_pb_slide][et_pb_slide heading=&#8221;Hrvatski geolo\u0161ki institut&#8221; _builder_version=&#8221;4.4.1&#8243; header_font=&#8221;|||on|||||&#8221; background_image=&#8221;https:\/\/www.hgi-cgs.hr\/wp-content\/uploads\/2020\/03\/20190228_094232-scaled.jpg&#8221; background_enable_image=&#8221;on&#8221; locked=&#8221;off&#8221; sticky_transition=&#8221;on&#8221;][\/et_pb_slide][et_pb_slide heading=&#8221;Hrvatski geolo\u0161ki institut&#8221; _builder_version=&#8221;4.4.1&#8243; header_font=&#8221;|||on|||||&#8221; background_image=&#8221;https:\/\/www.hgi-cgs.hr\/wp-content\/uploads\/2020\/03\/ban3-scaled.jpg&#8221; background_enable_image=&#8221;on&#8221; locked=&#8221;off&#8221; sticky_transition=&#8221;on&#8221;][\/et_pb_slide][et_pb_slide heading=&#8221;Hrvatski geolo\u0161ki institut&#8221; _builder_version=&#8221;4.4.1&#8243; header_font=&#8221;|||on|||||&#8221; background_image=&#8221;https:\/\/www.hgi-cgs.hr\/wp-content\/uploads\/2020\/03\/Bijele_stijene-Gorski_kotar-scaled.jpg&#8221; background_enable_image=&#8221;on&#8221; locked=&#8221;off&#8221; sticky_transition=&#8221;on&#8221;][\/et_pb_slide][et_pb_slide heading=&#8221;Hrvatski geolo\u0161ki institut&#8221; _builder_version=&#8221;4.4.1&#8243; header_font=&#8221;|||on|||||&#8221; background_image=&#8221;https:\/\/www.hgi-cgs.hr\/wp-content\/uploads\/2020\/03\/ban4-scaled.jpg&#8221; background_enable_image=&#8221;on&#8221; locked=&#8221;off&#8221; sticky_transition=&#8221;on&#8221;][\/et_pb_slide][et_pb_slide heading=&#8221;Hrvatski geolo\u0161ki institut&#8221; _builder_version=&#8221;4.4.1&#8243; header_font=&#8221;|||on|||||&#8221; background_image=&#8221;https:\/\/www.hgi-cgs.hr\/wp-content\/uploads\/2020\/03\/ban5-scaled.jpg&#8221; background_enable_image=&#8221;on&#8221; locked=&#8221;off&#8221; sticky_transition=&#8221;on&#8221;][\/et_pb_slide][\/et_pb_fullwidth_slider][\/et_pb_section][et_pb_section fb_built=&#8221;1&#8243; _builder_version=&#8221;4.4.2&#8243; custom_padding=&#8221;20px||41px|||&#8221;][et_pb_row _builder_version=&#8221;4.4.2&#8243;][et_pb_column type=&#8221;4_4&#8243; _builder_version=&#8221;4.4.2&#8243;][et_pb_text _builder_version=&#8221;4.6.6&#8243; text_font_size=&#8221;32px&#8221; header_2_text_color=&#8221;#1e5096&#8243;]<\/p>\n<h2 style=\"text-align: center; color: #1e5096;\"><strong>IZJAVA O DIGITALNOJ PRISTUPA\u010cNOSTI<\/strong><\/h2>\n<p>[\/et_pb_text][\/et_pb_column][\/et_pb_row][et_pb_row _builder_version=&#8221;4.4.2&#8243;][et_pb_column type=&#8221;4_4&#8243; _builder_version=&#8221;4.4.2&#8243;][et_pb_text _builder_version=&#8221;4.6.6&#8243; _module_preset=&#8221;default&#8221; hover_enabled=&#8221;0&#8243; sticky_enabled=&#8221;0&#8243;]<\/p>\n<p style=\"text-align: left;\"><strong>Hrvatski geolo\u0161ki institut<\/strong> obvezan je osigurati pristupa\u010dnost svoje mre\u017ene stranice u skladu sa<em><a href=\"https:\/\/www.zakon.hr\/z\/1929\/Zakon-o-pristupa%C4%8Dnosti-mre%C5%BEnih-stranica-i-programskih-rje%C5%A1enja-za-pokretne-ure%C4%91aje-tijela-javnog-sektora\"> Zakonom o pristupa\u010dnosti mre\u017enih stranica i programskih rje\u0161enja za pokretne ure\u0111aje tijela javnog sektora Republike Hrvatske (NN 17\/19)<\/a><\/em> od 23. rujna 2019., kojim se u nacionalno zakonodavstvo preuzima Direktiva (EU) 2016\/2102 Europskog parlamenta i Vije\u0107a o pristupa\u010dnosti internetskih stranica i mobilnih aplikacija tijela javnog sektora. Ova Izjava o pristupa\u010dnosti odnosi se na mre\u017enu stranicu <a href=\"https:\/\/www.hgi-cgs.hr\"><em><\/em><\/a><em><a>www.hgi-cgs.hr<\/a> .<\/em><\/p>\n<p style=\"text-align: left;\"><strong>Stupanj uskla\u0111enosti<\/strong><\/p>\n<p style=\"text-align: left;\">Ova mre\u017ena lokacija je djelomi\u010dno uskla\u0111ena sa Zakonom o pristupa\u010dnosti mre\u017enih stranica i programskih rje\u0161enja za pokretne ure\u0111aje tijela javnog sektora.<\/p>\n<p style=\"text-align: left;\"><strong>Nepristupa\u010dni sadr\u017eaj<\/strong><\/p>\n<p style=\"text-align: left;\">Mre\u017ena stranica<a href=\"https:\/\/www.hgi-cgs.hr\"> <em>www.hgi-cgs.hr<\/em> <\/a>ve\u0107im je dijelom uskla\u0111ena sa Zakonom o pristupa\u010dnosti, a iznimke od uskla\u0111enosti o\u010dituju se u sljede\u0107em:<\/p>\n<ol style=\"text-align: left;\">\n<li>Ve\u0107ina dokumenata u .pdf obliku\u00a0 nije \u010ditljiva \u010dita\u010dima ekrana jer su ponu\u0111eni u preslikanom obliku koji \u010dita\u010di ekrana ne mogu pro\u010ditati.<\/li>\n<li>Dio slika i datoteka nema prikladan tekstualni opis (alt tekst).<\/li>\n<li>.doc i .ppt datoteke dostupne su isklju\u010divo kao datoteke za preuzimanje te dio prilo\u017eenih slika i datoteka nema prikladan tekstualni opis (alt tekst).<\/li>\n<li>Dio poveznica vezan je za vanjske poveznice koje nisu uskla\u0111ene sa Zakonom o pristupa\u010dnosti mre\u017enih stranica i programskih rje\u0161enja za pokretne ure\u0111aje tijela javnog sektora (NN 17\/19).<\/li>\n<li>Glavni izbornik se otvara prelaskom preko teksta.<\/li>\n<\/ol>\n<p style=\"text-align: left;\"><strong>\u00a0<\/strong><\/p>\n<p style=\"text-align: left;\"><strong>Podizanje razine pristupa\u010dnosti<\/strong><\/p>\n<p style=\"text-align: left;\"><strong>Hrvatski geolo\u0161ki institut<\/strong> nastavlja s konstantnim pobolj\u0161anjima dostupnosti svojih mre\u017enih stranica i usluga kako bi i osobe s odre\u0111enim invaliditetom, starije osobe ili osobe s odre\u0111enim smetnjama u percepciji mogle nesmetano koristiti mre\u017ene stranice.<\/p>\n<p style=\"text-align: left;\">Unato\u010d naporima da sve stranice i sadr\u017eaje na mre\u017enoj stranici <em><a href=\"https:\/\/www.hgi-cgs.hr\">www.hgi-cgs.hr<\/a> <\/em>u\u010dinimo dostupnima, neki se sadr\u017eaji mo\u017eda jo\u0161 nisu u potpunosti prilagodili najstro\u017eim standardima pristupa\u010dnosti. To mo\u017ee biti posljedica nepronalaska ili trenutnog nepostojanja najprikladnijeg i najoptimalnijeg tehnolo\u0161kog rje\u0161enja.<\/p>\n<p style=\"text-align: left;\">U daljnjoj nadogradnji mre\u017ene stranice <em><a href=\"https:\/\/www.hgi-cgs.hr\">www.hgi-cgs.hr<\/a> <\/em>implementirat \u0107e se preporuke za unaprje\u0111enje pristupa\u010dnosti i nastojati podi\u0107i razina pristupa\u010dnosti u najve\u0107oj mogu\u0107oj mjeri.<\/p>\n<p style=\"text-align: left;\"><strong>Priprema ove izjave o pristupa\u010dnosti<\/strong><\/p>\n<p style=\"text-align: left;\">Ova je izjava sastavljena je na temelju redizajnirane stranice Hrvatskog geolo\u0161kog instituta koja je pu\u0161tena u javnost 28. listopada 2020.godine temeljem samoprocjene koju je proveo Hrvatski geolo\u0161ki institut te uz automatiziranu provjeru pristupa\u010dnosti kori\u0161tenjem alata WAVE Web Accessibility Evaluation Tool.<\/p>\n<p style=\"text-align: left;\"><strong>Povratne informacije i podaci za kontakt<\/strong><\/p>\n<p style=\"text-align: left;\">Podno\u0161enjem zahtjeva Hrvatskom geolo\u0161kom institutu mo\u017eete dobiti povratne informacije i\/ili prijaviti uo\u010dene nepravilnosti u smislu Zakona o pristupa\u010dnosti mre\u017enih stranica i programskih rje\u0161enja za pokretne ure\u0111aje tijela javnog sektora (NN 17\/19) i Direktive (EU) 2016\/2012 Europskog parlamenta i Vije\u0107a.<\/p>\n<p style=\"text-align: left;\"><strong>Zahtjev mo\u017eete podnijeti:<\/strong><\/p>\n<p style=\"text-align: left;\">Telefonom na broj: +385 1 6160 888<\/p>\n<p style=\"text-align: left;\">Elektroni\u010dkom po\u0161tom: <em><a href=\"mailto:ured@hgi-cgs.hr\">ured@hgi-cgs.hr<\/a><\/em><\/p>\n<p style=\"text-align: left;\">Po\u0161tom na adresu: Hrvatski geolo\u0161ki institut, Sachsova 2, 10 000 Zagreb<\/p>\n<p style=\"text-align: left;\"><strong>Postupak pra\u0107enja provedbe propisa<\/strong><\/p>\n<p style=\"text-align: left;\">Nadzor nad provedbom Zakona o pristupa\u010dnosti mre\u017enih stranica i programskih rje\u0161enja za pokretne ure\u0111aje tijela javnog sektora (NN 17\/19) obavlja Povjerenik za informiranje Republike Hrvatske.<\/p>\n<p style=\"text-align: left;\">Inspekcijski nadzor nad provedbom Zakona o pristupa\u010dnosti mre\u017enih stranica i programskih rje\u0161enja za pokretne ure\u0111aje tijela javnog sektora (NN 17\/19) obavljaju inspektori i drugi ovla\u0161teni slu\u017ebenici Ureda povjerenika.<\/p>\n<p style=\"text-align: left;\">Na nadzor se primjenjuju odredbe Zakona o pravu na pristup informacijama (NN 25\/13 i 85\/15).<\/p>\n<p style=\"text-align: left;\"><em><strong>Kontakt:<\/strong><\/em><\/p>\n<p style=\"text-align: left;\">Povjerenik za informiranje<\/p>\n<p style=\"text-align: left;\">Trg \u017ertava fa\u0161izma 3, 10000 Zagreb<\/p>\n<p style=\"text-align: left;\">Telefon: 01 4609 041<\/p>\n<p style=\"text-align: left;\">Fax: 01 4609 096<\/p>\n<p style=\"text-align: left;\">E-mail: <em><a href=\"mailto:ppi@pristupinfo.hr\">ppi@pristupinfo.hr<\/a><\/em><\/p>\n<p style=\"text-align: left;\"><em><a href=\"http:\/\/www.pristupinfo.hr\">www.pristupinfo.hr<\/a><\/em><\/p>\n<p>[\/et_pb_text][\/et_pb_column][\/et_pb_row][et_pb_row column_structure=&#8221;2_5,3_5&#8243; _builder_version=&#8221;4.4.2&#8243;][et_pb_column type=&#8221;2_5&#8243; _builder_version=&#8221;4.4.2&#8243;][\/et_pb_column][et_pb_column type=&#8221;3_5&#8243; _builder_version=&#8221;4.4.2&#8243;][\/et_pb_column][\/et_pb_row][et_pb_row _builder_version=&#8221;4.4.6&#8243;][et_pb_column type=&#8221;4_4&#8243; _builder_version=&#8221;4.4.6&#8243;][\/et_pb_column][\/et_pb_row][\/et_pb_section]<\/p>\n","protected":false},"excerpt":{"rendered":"<p>IZJAVA O DIGITALNOJ PRISTUPA\u010cNOSTIHrvatski geolo\u0161ki institut obvezan je osigurati pristupa\u010dnost svoje mre\u017ene stranice u skladu sa Zakonom o pristupa\u010dnosti mre\u017enih stranica i programskih rje\u0161enja za pokretne ure\u0111aje tijela javnog sektora Republike Hrvatske (NN 17\/19) od 23. rujna 2019., kojim se u nacionalno zakonodavstvo preuzima Direktiva (EU) 2016\/2102 Europskog parlamenta i Vije\u0107a o pristupa\u010dnosti internetskih stranica [&hellip;]<\/p>\n","protected":false},"author":1,"featured_media":0,"parent":0,"menu_order":0,"comment_status":"closed","ping_status":"closed","template":"","meta":{"_et_pb_use_builder":"on","_et_pb_old_content":"","_et_gb_content_width":"","footnotes":""},"class_list":["post-35706","page","type-page","status-publish","hentry"],"aioseo_notices":[],"_links":{"self":[{"href":"https:\/\/www.hgi-cgs.hr\/en\/wp-json\/wp\/v2\/pages\/35706","targetHints":{"allow":["GET"]}}],"collection":[{"href":"https:\/\/www.hgi-cgs.hr\/en\/wp-json\/wp\/v2\/pages"}],"about":[{"href":"https:\/\/www.hgi-cgs.hr\/en\/wp-json\/wp\/v2\/types\/page"}],"author":[{"embeddable":true,"href":"https:\/\/www.hgi-cgs.hr\/en\/wp-json\/wp\/v2\/users\/1"}],"replies":[{"embeddable":true,"href":"https:\/\/www.hgi-cgs.hr\/en\/wp-json\/wp\/v2\/comments?post=35706"}],"version-history":[{"count":6,"href":"https:\/\/www.hgi-cgs.hr\/en\/wp-json\/wp\/v2\/pages\/35706\/revisions"}],"predecessor-version":[{"id":36145,"href":"https:\/\/www.hgi-cgs.hr\/en\/wp-json\/wp\/v2\/pages\/35706\/revisions\/36145"}],"wp:attachment":[{"href":"https:\/\/www.hgi-cgs.hr\/en\/wp-json\/wp\/v2\/media?parent=35706"}],"curies":[{"name":"wp","href":"https:\/\/api.w.org\/{rel}","templated":true}]}}