{"id":35226,"date":"2020-10-13T09:49:36","date_gmt":"2020-10-13T09:49:36","guid":{"rendered":"http:\/\/www.hgi-cgs.hr\/?page_id=35226"},"modified":"2024-01-24T08:40:10","modified_gmt":"2024-01-24T08:40:10","slug":"zavod-za-mineralne-sirovine-mineralosko-petrografski-laboratorij","status":"publish","type":"page","link":"https:\/\/www.hgi-cgs.hr\/en\/zavod-za-mineralne-sirovine-mineralosko-petrografski-laboratorij\/","title":{"rendered":"Zavod za  mineralne sirovine-Mineralo\u0161ko-petrografski laboratorij"},"content":{"rendered":"<p>[et_pb_section fb_built=&#8221;1&#8243; fullwidth=&#8221;on&#8221; _builder_version=&#8221;4.16&#8243; custom_padding=&#8221;0px||0px|||&#8221; global_colors_info=&#8221;{}&#8221;][et_pb_fullwidth_slider _builder_version=&#8221;4.16&#8243; min_height=&#8221;112px&#8221; height=&#8221;400px&#8221; custom_margin=&#8221;0px||||false|false&#8221; custom_padding=&#8221;0px||18px||false|false&#8221; auto=&#8221;on&#8221; auto_ignore_hover=&#8221;on&#8221; locked=&#8221;off&#8221; global_colors_info=&#8221;{}&#8221;][et_pb_slide heading=&#8221;Hrvatski geolo\u0161ki institut&#8221; _builder_version=&#8221;4.16&#8243; header_font=&#8221;|||on|||||&#8221; background_image=&#8221;https:\/\/www.hgi-cgs.hr\/wp-content\/uploads\/2020\/03\/Br\u010di\u0107_Drvenik02-scaled.jpg&#8221; background_enable_image=&#8221;on&#8221; locked=&#8221;off&#8221; global_colors_info=&#8221;{}&#8221; sticky_transition=&#8221;on&#8221;][\/et_pb_slide][et_pb_slide heading=&#8221;Hrvatski geolo\u0161ki institut&#8221; _builder_version=&#8221;4.16&#8243; header_font=&#8221;|||on|||||&#8221; background_image=&#8221;https:\/\/www.hgi-cgs.hr\/wp-content\/uploads\/2020\/03\/ban2-scaled.jpg&#8221; background_enable_image=&#8221;on&#8221; locked=&#8221;off&#8221; global_colors_info=&#8221;{}&#8221; sticky_transition=&#8221;on&#8221;][\/et_pb_slide][et_pb_slide heading=&#8221;Hrvatski geolo\u0161ki institut&#8221; _builder_version=&#8221;4.16&#8243; header_font=&#8221;|||on|||||&#8221; background_image=&#8221;https:\/\/www.hgi-cgs.hr\/wp-content\/uploads\/2020\/03\/20190228_094232-scaled.jpg&#8221; background_enable_image=&#8221;on&#8221; locked=&#8221;off&#8221; global_colors_info=&#8221;{}&#8221; sticky_transition=&#8221;on&#8221;][\/et_pb_slide][et_pb_slide heading=&#8221;Hrvatski geolo\u0161ki institut&#8221; _builder_version=&#8221;4.16&#8243; header_font=&#8221;|||on|||||&#8221; background_image=&#8221;https:\/\/www.hgi-cgs.hr\/wp-content\/uploads\/2020\/03\/ban3-scaled.jpg&#8221; background_enable_image=&#8221;on&#8221; locked=&#8221;off&#8221; global_colors_info=&#8221;{}&#8221; sticky_transition=&#8221;on&#8221;][\/et_pb_slide][et_pb_slide heading=&#8221;Hrvatski geolo\u0161ki institut&#8221; _builder_version=&#8221;4.16&#8243; header_font=&#8221;|||on|||||&#8221; background_image=&#8221;https:\/\/www.hgi-cgs.hr\/wp-content\/uploads\/2020\/03\/Bijele_stijene-Gorski_kotar-scaled.jpg&#8221; background_enable_image=&#8221;on&#8221; locked=&#8221;off&#8221; global_colors_info=&#8221;{}&#8221; sticky_transition=&#8221;on&#8221;][\/et_pb_slide][et_pb_slide heading=&#8221;Hrvatski geolo\u0161ki institut&#8221; _builder_version=&#8221;4.16&#8243; header_font=&#8221;|||on|||||&#8221; background_image=&#8221;https:\/\/www.hgi-cgs.hr\/wp-content\/uploads\/2020\/03\/ban4-scaled.jpg&#8221; background_enable_image=&#8221;on&#8221; locked=&#8221;off&#8221; global_colors_info=&#8221;{}&#8221; sticky_transition=&#8221;on&#8221;][\/et_pb_slide][et_pb_slide heading=&#8221;Hrvatski geolo\u0161ki institut&#8221; _builder_version=&#8221;4.16&#8243; header_font=&#8221;|||on|||||&#8221; background_image=&#8221;https:\/\/www.hgi-cgs.hr\/wp-content\/uploads\/2020\/03\/ban5-scaled.jpg&#8221; background_enable_image=&#8221;on&#8221; locked=&#8221;off&#8221; global_colors_info=&#8221;{}&#8221; sticky_transition=&#8221;on&#8221;][\/et_pb_slide][\/et_pb_fullwidth_slider][\/et_pb_section][et_pb_section fb_built=&#8221;1&#8243; _builder_version=&#8221;4.16&#8243; custom_padding=&#8221;20px||41px|||&#8221; global_colors_info=&#8221;{}&#8221;][et_pb_row _builder_version=&#8221;4.16&#8243; global_colors_info=&#8221;{}&#8221;][et_pb_column type=&#8221;4_4&#8243; _builder_version=&#8221;4.16&#8243; global_colors_info=&#8221;{}&#8221;][et_pb_text _builder_version=&#8221;4.23.4&#8243; text_font_size=&#8221;32px&#8221; header_2_text_color=&#8221;#1e5096&#8243; header_4_line_height=&#8221;1.3em&#8221; hover_enabled=&#8221;0&#8243; global_colors_info=&#8221;{}&#8221; sticky_enabled=&#8221;0&#8243;]<\/p>\n<h2 style=\"text-align: center; color: #1e5096;\"><strong>ZAVOD ZA MINERALNE SIROVINE I MARINSKU GEOLOGIJU<br \/><\/strong><\/h2>\n<p>&nbsp;<\/p>\n<h4 style=\"text-align: center;\"><strong><\/strong>Mineralo\u0161ko-petrografski laboratorij<\/h4>\n<h4 style=\"text-align: center;\"><strong>\u00a0<\/strong><\/h4>\n<p>[\/et_pb_text][et_pb_text _builder_version=&#8221;4.16&#8243; _module_preset=&#8221;default&#8221; custom_margin=&#8221;-58px|||||&#8221; global_colors_info=&#8221;{}&#8221;]<\/p>\n<p style=\"text-align: center;\"><em><strong>Kontakt: <\/strong><a href=\"mailto:jmartincevic@hgi-cgs.hr\">\u00a0\u00a0\u00a0\u00a0\u00a0\u00a0\u00a0\u00a0 Jasmina Martin\u010devi\u0107 Lazar, dipl. ing. geol.<\/a><\/em><strong> <em>(XRD analize)<\/em><\/strong><\/p>\n<p style=\"text-align: center;\"><strong>\u00a0\u00a0\u00a0 <\/strong><a href=\"mailto:agrizelj@hgi-cgs.hr\"><em>\u00a0\u00a0\u00a0\u00a0\u00a0\u00a0\u00a0\u00a0 Dr. sc. Anita Grizelj, dipl. ing. geol.<\/em><\/a> <strong><em>(XRD analize)<\/em><\/strong><\/p>\n<p style=\"text-align: center;\"><a href=\"mailto:nilijanic@hgi-cgs.hr\"><em>\u00a0\u00a0\u00a0\u00a0\u00a0\u00a0\u00a0\u00a0\u00a0\u00a0\u00a0\u00a0 Dr.sc. Nikolina Ilijani\u0107, dipl. ing. geol. <\/em><\/a><strong><em>(XRD i SEM)<\/em><\/strong><\/p>\n<p style=\"text-align: center;\"><a href=\"mailto:mhorvat@hgi-cgs.hr\"><em>Dr.sc. Marija Horvat, dipl. ing. geol.<\/em> <\/a><strong><em>(SEM)<\/em><\/strong><\/p>\n<p style=\"text-align: center;\"><a href=\"mailto:ohasan@hgi-cgs.hr\"><em>\u00a0\u00a0\u00a0\u00a0\u00a0\u00a0\u00a0\u00a0\u00a0\u00a0\u00a0\u00a0\u00a0\u00a0\u00a0\u00a0\u00a0\u00a0\u00a0\u00a0\u00a0\u00a0\u00a0\u00a0\u00a0\u00a0\u00a0\u00a0\u00a0\u00a0\u00a0\u00a0\u00a0\u00a0\u00a0\u00a0\u00a0\u00a0 Dr.sc. Ozren Hasan, dipl. ing. geol.<\/em> <\/a><strong><em>(SEM i laserski difraktometar)<\/em><\/strong><\/p>\n<p style=\"text-align: center;\"><strong><br \/><\/strong><strong><em><\/em><\/strong><\/p>\n<p>[\/et_pb_text][\/et_pb_column][\/et_pb_row][et_pb_row _builder_version=&#8221;4.16&#8243; global_colors_info=&#8221;{}&#8221;][et_pb_column type=&#8221;4_4&#8243; _builder_version=&#8221;4.16&#8243; custom_padding=&#8221;|||&#8221; global_colors_info=&#8221;{}&#8221; custom_padding__hover=&#8221;|||&#8221;][et_pb_text _builder_version=&#8221;4.16&#8243; custom_padding=&#8221;|10px||10px|false|true&#8221; global_colors_info=&#8221;{}&#8221;]<\/p>\n<p>Mineralo\u0161ko-petrografski laboratorij uspostavljen je u svrhu determinacije mineralnog sastava stijena (magmatskih, metamorfnih, vulkanoklasti\u010dnih i sedimentnih), paleotala i arheolo\u0161ke keramike. Za utvr\u0111ivane mineralo\u0161kog sastava koristi se rendgenski difraktometar na prahu (XRD analize), magnetometar, polarizacijski mikroskopi (modalne analize), skeniraju\u0107i elektronski mikroskop s BSE-om i EDS-om za utvr\u0111ivanje kemijskog sastava (SEM-EDS).\u00a0<\/p>\n<p>U sklopu ovog laboratorija provode se granulometrijske analize pomo\u0107u laserskog difraktometra i sijanjem pomo\u0107u sita\u00a0 te analize sferi\u010dnosti i zaobljenosti \u010destica.<\/p>\n<p>Oprema laboratorija:<\/p>\n<ul>\n<li>Rendgenski difraktometar PANAlytical X\u2019Pert Powder<\/li>\n<li>Skeniraju\u0107i elektronski mikroskop JEOL SEM s EDS-om i BSE-om<\/li>\n<li>Laserski difraktometar Shimadzu SALD 2300 raspona mjerenja od 17 nm do 2,5 mm<\/li>\n<li>Bartington magnetometar s detektorima (MS2C, MS2E, MS2B)<\/li>\n<li>Izodinamski magnetski separator (LB-1)<\/li>\n<li>TGA\/DSC 2 Star &#8211; Mettler Toledo<\/li>\n<li>Polarizacijski mikroskopi (Leitz &#8211; LABORLUX12POL S; Carl Zeiss &#8211; Axio Lab.A1 POL; Carl Zeiss Jenna \u2013 Amplival; Olympus &#8211; BX 51\u2026)<\/li>\n<li>Stereo mikroskopi (Olympus \u2013 SZH; BTC &#8211; STM8b)<\/li>\n<li>Mlin za fino usitnjavanje uzoraka (McCrone Micronising Mill)<\/li>\n<li>Vibraciona tresilica za sijanje<\/li>\n<li>aerometar<\/li>\n<\/ul>\n<p>[\/et_pb_text][\/et_pb_column][\/et_pb_row][et_pb_row column_structure=&#8221;1_3,1_3,1_3&#8243; _builder_version=&#8221;4.16&#8243; _module_preset=&#8221;default&#8221; custom_padding=&#8221;|||10px|false|false&#8221; global_colors_info=&#8221;{}&#8221;][et_pb_column type=&#8221;1_3&#8243; _builder_version=&#8221;4.16&#8243; _module_preset=&#8221;default&#8221; global_colors_info=&#8221;{}&#8221;][et_pb_image src=&#8221;https:\/\/www.hgi-cgs.hr\/wp-content\/uploads\/2018\/11\/IMG_9903.jpg&#8221; title_text=&#8221;IMG_9903&#8243; url=&#8221;https:\/\/www.hgi-cgs.hr\/wp-content\/uploads\/2018\/11\/IMG_9903.jpg&#8221; _builder_version=&#8221;4.16&#8243; _module_preset=&#8221;default&#8221; width=&#8221;95%&#8221; border_radii=&#8221;on|5px|5px|5px|5px&#8221; box_shadow_style=&#8221;preset1&#8243; box_shadow_blur=&#8221;15px&#8221; global_colors_info=&#8221;{}&#8221;][\/et_pb_image][et_pb_text _builder_version=&#8221;4.16&#8243; _module_preset=&#8221;default&#8221; text_font_size=&#8221;13px&#8221; custom_margin=&#8221;-30px||||false|false&#8221; custom_padding=&#8221;|10px|||false|false&#8221; global_colors_info=&#8221;{}&#8221;]<\/p>\n<p style=\"text-align: center;\">Rendgenski difraktometar PANalytical X\u2019Pert Powder.<\/p>\n<p>[\/et_pb_text][\/et_pb_column][et_pb_column type=&#8221;1_3&#8243; _builder_version=&#8221;4.16&#8243; _module_preset=&#8221;default&#8221; global_colors_info=&#8221;{}&#8221;][et_pb_image src=&#8221;https:\/\/www.hgi-cgs.hr\/wp-content\/uploads\/2018\/11\/IMG_0509.jpg&#8221; title_text=&#8221;IMG_0509&#8243; url=&#8221;https:\/\/www.hgi-cgs.hr\/wp-content\/uploads\/2018\/11\/IMG_0509.jpg&#8221; _builder_version=&#8221;4.16&#8243; _module_preset=&#8221;default&#8221; width=&#8221;95%&#8221; border_radii=&#8221;on|5px|5px|5px|5px&#8221; box_shadow_style=&#8221;preset1&#8243; box_shadow_blur=&#8221;15px&#8221; global_colors_info=&#8221;{}&#8221;][\/et_pb_image][et_pb_text _builder_version=&#8221;4.16&#8243; _module_preset=&#8221;default&#8221; text_font_size=&#8221;13px&#8221; max_width=&#8221;94%&#8221; custom_margin=&#8221;-30px||||false|false&#8221; global_colors_info=&#8221;{}&#8221;]<\/p>\n<p style=\"text-align: center;\">Mlin za fino usitnjavanje uzoraka (McCrone Micronising Mill)<\/p>\n<p>[\/et_pb_text][\/et_pb_column][et_pb_column type=&#8221;1_3&#8243; _builder_version=&#8221;4.16&#8243; _module_preset=&#8221;default&#8221; global_colors_info=&#8221;{}&#8221;][et_pb_image src=&#8221;https:\/\/www.hgi-cgs.hr\/wp-content\/uploads\/2018\/11\/IMG_7099.jpg&#8221; title_text=&#8221;IMG_7099&#8243; url=&#8221;https:\/\/www.hgi-cgs.hr\/wp-content\/uploads\/2018\/11\/IMG_7099.jpg&#8221; _builder_version=&#8221;4.16&#8243; _module_preset=&#8221;default&#8221; width=&#8221;95%&#8221; border_radii=&#8221;on|5px|5px|5px|5px&#8221; box_shadow_style=&#8221;preset1&#8243; box_shadow_blur=&#8221;15px&#8221; global_colors_info=&#8221;{}&#8221;][\/et_pb_image][et_pb_text _builder_version=&#8221;4.16&#8243; _module_preset=&#8221;default&#8221; text_font_size=&#8221;15px&#8221; custom_margin=&#8221;-30px||||false|false&#8221; global_colors_info=&#8221;{}&#8221;]<\/p>\n<p style=\"text-align: center;\">Laserski difraktometar Shimadzu<\/p>\n<p>[\/et_pb_text][\/et_pb_column][\/et_pb_row][\/et_pb_section]<\/p>\n","protected":false},"excerpt":{"rendered":"<p>ZAVOD ZA MINERALNE SIROVINE I MARINSKU GEOLOGIJU &nbsp; Mineralo\u0161ko-petrografski laboratorij \u00a0Kontakt: \u00a0\u00a0\u00a0\u00a0\u00a0\u00a0\u00a0\u00a0 Jasmina Martin\u010devi\u0107 Lazar, dipl. ing. geol. (XRD analize) \u00a0\u00a0\u00a0 \u00a0\u00a0\u00a0\u00a0\u00a0\u00a0\u00a0\u00a0 Dr. sc. Anita Grizelj, dipl. ing. geol. (XRD analize) \u00a0\u00a0\u00a0\u00a0\u00a0\u00a0\u00a0\u00a0\u00a0\u00a0\u00a0\u00a0 Dr.sc. Nikolina Ilijani\u0107, dipl. ing. geol. (XRD i SEM) Dr.sc. Marija Horvat, dipl. ing. geol. (SEM) \u00a0\u00a0\u00a0\u00a0\u00a0\u00a0\u00a0\u00a0\u00a0\u00a0\u00a0\u00a0\u00a0\u00a0\u00a0\u00a0\u00a0\u00a0\u00a0\u00a0\u00a0\u00a0\u00a0\u00a0\u00a0\u00a0\u00a0\u00a0\u00a0\u00a0\u00a0\u00a0\u00a0\u00a0\u00a0\u00a0\u00a0\u00a0 Dr.sc. Ozren Hasan, dipl. ing. geol. [&hellip;]<\/p>\n","protected":false},"author":1,"featured_media":0,"parent":0,"menu_order":0,"comment_status":"closed","ping_status":"closed","template":"","meta":{"_et_pb_use_builder":"on","_et_pb_old_content":"","_et_gb_content_width":"","footnotes":""},"class_list":["post-35226","page","type-page","status-publish","hentry"],"aioseo_notices":[],"_links":{"self":[{"href":"https:\/\/www.hgi-cgs.hr\/en\/wp-json\/wp\/v2\/pages\/35226","targetHints":{"allow":["GET"]}}],"collection":[{"href":"https:\/\/www.hgi-cgs.hr\/en\/wp-json\/wp\/v2\/pages"}],"about":[{"href":"https:\/\/www.hgi-cgs.hr\/en\/wp-json\/wp\/v2\/types\/page"}],"author":[{"embeddable":true,"href":"https:\/\/www.hgi-cgs.hr\/en\/wp-json\/wp\/v2\/users\/1"}],"replies":[{"embeddable":true,"href":"https:\/\/www.hgi-cgs.hr\/en\/wp-json\/wp\/v2\/comments?post=35226"}],"version-history":[{"count":5,"href":"https:\/\/www.hgi-cgs.hr\/en\/wp-json\/wp\/v2\/pages\/35226\/revisions"}],"predecessor-version":[{"id":42910,"href":"https:\/\/www.hgi-cgs.hr\/en\/wp-json\/wp\/v2\/pages\/35226\/revisions\/42910"}],"wp:attachment":[{"href":"https:\/\/www.hgi-cgs.hr\/en\/wp-json\/wp\/v2\/media?parent=35226"}],"curies":[{"name":"wp","href":"https:\/\/api.w.org\/{rel}","templated":true}]}}