{"id":35015,"date":"2020-10-08T13:22:58","date_gmt":"2020-10-08T13:22:58","guid":{"rendered":"http:\/\/www.hgi-cgs.hr\/?page_id=35015"},"modified":"2020-12-31T14:53:05","modified_gmt":"2020-12-31T14:53:05","slug":"geoloske-karte-o-kartama","status":"publish","type":"page","link":"https:\/\/www.hgi-cgs.hr\/en\/geoloske-karte-o-kartama\/","title":{"rendered":"Geological Maps"},"content":{"rendered":"<p>[et_pb_section fb_built=&#8221;1&#8243; fullwidth=&#8221;on&#8221; _builder_version=&#8221;4.4.1&#8243; custom_padding=&#8221;0px||0px|||&#8221;][et_pb_fullwidth_slider _builder_version=&#8221;4.7.7&#8243; min_height=&#8221;112px&#8221; height=&#8221;400px&#8221; custom_margin=&#8221;0px||||false|false&#8221; custom_padding=&#8221;0px||18px||false|false&#8221; auto=&#8221;on&#8221; auto_ignore_hover=&#8221;on&#8221; locked=&#8221;off&#8221;][et_pb_slide heading=&#8221;Hrvatski geolo\u0161ki institut&#8221; _builder_version=&#8221;4.4.1&#8243; header_font=&#8221;|||on|||||&#8221; background_image=&#8221;https:\/\/www.hgi-cgs.hr\/wp-content\/uploads\/2020\/03\/Br\u010di\u0107_Drvenik02-scaled.jpg&#8221; background_enable_image=&#8221;on&#8221; locked=&#8221;off&#8221; sticky_transition=&#8221;on&#8221;][\/et_pb_slide][et_pb_slide heading=&#8221;Hrvatski geolo\u0161ki institut&#8221; _builder_version=&#8221;4.4.1&#8243; header_font=&#8221;|||on|||||&#8221; background_image=&#8221;https:\/\/www.hgi-cgs.hr\/wp-content\/uploads\/2020\/03\/ban2-scaled.jpg&#8221; background_enable_image=&#8221;on&#8221; locked=&#8221;off&#8221; sticky_transition=&#8221;on&#8221;][\/et_pb_slide][et_pb_slide heading=&#8221;Hrvatski geolo\u0161ki institut&#8221; _builder_version=&#8221;4.4.1&#8243; header_font=&#8221;|||on|||||&#8221; background_image=&#8221;https:\/\/www.hgi-cgs.hr\/wp-content\/uploads\/2020\/03\/20190228_094232-scaled.jpg&#8221; background_enable_image=&#8221;on&#8221; locked=&#8221;off&#8221; sticky_transition=&#8221;on&#8221;][\/et_pb_slide][et_pb_slide heading=&#8221;Hrvatski geolo\u0161ki institut&#8221; _builder_version=&#8221;4.4.1&#8243; header_font=&#8221;|||on|||||&#8221; background_image=&#8221;https:\/\/www.hgi-cgs.hr\/wp-content\/uploads\/2020\/03\/ban3-scaled.jpg&#8221; background_enable_image=&#8221;on&#8221; locked=&#8221;off&#8221; sticky_transition=&#8221;on&#8221;][\/et_pb_slide][et_pb_slide heading=&#8221;Hrvatski geolo\u0161ki institut&#8221; _builder_version=&#8221;4.4.1&#8243; header_font=&#8221;|||on|||||&#8221; background_image=&#8221;https:\/\/www.hgi-cgs.hr\/wp-content\/uploads\/2020\/03\/Bijele_stijene-Gorski_kotar-scaled.jpg&#8221; background_enable_image=&#8221;on&#8221; locked=&#8221;off&#8221; sticky_transition=&#8221;on&#8221;][\/et_pb_slide][et_pb_slide heading=&#8221;Hrvatski geolo\u0161ki institut&#8221; _builder_version=&#8221;4.4.1&#8243; header_font=&#8221;|||on|||||&#8221; background_image=&#8221;https:\/\/www.hgi-cgs.hr\/wp-content\/uploads\/2020\/03\/ban4-scaled.jpg&#8221; background_enable_image=&#8221;on&#8221; locked=&#8221;off&#8221; sticky_transition=&#8221;on&#8221;][\/et_pb_slide][et_pb_slide heading=&#8221;Hrvatski geolo\u0161ki institut&#8221; _builder_version=&#8221;4.4.1&#8243; header_font=&#8221;|||on|||||&#8221; background_image=&#8221;https:\/\/www.hgi-cgs.hr\/wp-content\/uploads\/2020\/03\/ban5-scaled.jpg&#8221; background_enable_image=&#8221;on&#8221; locked=&#8221;off&#8221; sticky_transition=&#8221;on&#8221;][\/et_pb_slide][et_pb_slide heading=&#8221;Hrvatski geolo\u0161ki institut&#8221; _builder_version=&#8221;4.7.7&#8243; header_font=&#8221;|||on|||||&#8221; background_image=&#8221;https:\/\/www.hgi-cgs.hr\/wp-content\/uploads\/2020\/04\/20191015_142016a-scaled.jpg&#8221; background_enable_image=&#8221;on&#8221; locked=&#8221;off&#8221; sticky_transition=&#8221;on&#8221;][\/et_pb_slide][et_pb_slide heading=&#8221;Hrvatski geolo\u0161ki institut&#8221; _builder_version=&#8221;4.7.7&#8243; header_font=&#8221;|||on|||||&#8221; background_image=&#8221;https:\/\/www.hgi-cgs.hr\/wp-content\/uploads\/2020\/04\/20191014_133538-scaled.jpg&#8221; background_enable_image=&#8221;on&#8221; locked=&#8221;off&#8221; sticky_transition=&#8221;on&#8221;][\/et_pb_slide][\/et_pb_fullwidth_slider][\/et_pb_section][et_pb_section fb_built=&#8221;1&#8243; _builder_version=&#8221;4.4.2&#8243; custom_padding=&#8221;20px||41px|||&#8221;][et_pb_row _builder_version=&#8221;4.4.2&#8243;][et_pb_column type=&#8221;4_4&#8243; _builder_version=&#8221;4.4.2&#8243;][et_pb_text _builder_version=&#8221;4.6.5&#8243; text_font_size=&#8221;32px&#8221; header_2_text_color=&#8221;#1e5096&#8243; header_4_line_height=&#8221;1.3em&#8221; custom_margin=&#8221;||-20px|||&#8221;]<\/p>\n<h2 style=\"text-align: center; color: #1e5096;\"><strong>TEMELJNA GEOLO\u0160KA ISTRA\u017dIVANJA<\/strong><\/h2>\n<h4 style=\"text-align: center;\"><strong>Geolo\u0161ke karte<br \/> <\/strong><\/h4>\n<p>[\/et_pb_text][\/et_pb_column][\/et_pb_row][et_pb_row _builder_version=&#8221;3.25&#8243;][et_pb_column type=&#8221;4_4&#8243; _builder_version=&#8221;3.25&#8243; custom_padding=&#8221;|||&#8221; custom_padding__hover=&#8221;|||&#8221;][et_pb_text _builder_version=&#8221;4.6.5&#8243; custom_padding=&#8221;|10px||10px|false|true&#8221;]<\/p>\n<p>Geolo\u0161ka karta predstavlja grafi\u010dki prikaz geolo\u0161ke gra\u0111e (sastava, starosti i sklopa) terena na topografskoj podlozi.<\/p>\n<p>Izrada geolo\u0161kih karata koje je izvodio Hrvatski geolo\u0161ki institut od 1909. godine do danas mo\u017ee se tematski podijeliti u tri cjeline koje su u vremenskom kontinuitetu. To su <em><a href=\"https:\/\/www.hgi-cgs.hr\/arhivske-karte-austrougarske\/\">Prijegledna geolo\u0161ka karta u mjerilu 1:75.000<\/a><\/em>, koja je ra\u0111ena do II. svjetskog rata, te nakon toga <em><a href=\"https:\/\/www.hgi-cgs.hr\/osnovna-geoloska-karta-republike-hrvatske-1100-000\/\">Osnovna geolo\u0161ka karta 1:100.000<\/a><\/em> do 1989. godine i <em><a href=\"https:\/\/www.hgi-cgs.hr\/osnovna-geoloska-karta-150-000-shema-listova\/\">Osnovna geolo\u0161ka karta 1:50.000<\/a><\/em> nakon toga.<\/p>\n<p>Rad na karti zahtjeva interdisciplinarne i dobro osposobljene geolo\u0161ke ekipe, uvo\u0111enje novih znanstvenih metodologija istra\u017eivanja te suvremenu opremu. Izradom Osnovne geolo\u0161ke karte 1:100.000, Hrvatska je dobila temeljnu geolo\u0161ku kartu koja je neophodna kao osnova za daljnja istra\u017eivanja i planiranja u geolo\u0161kim, hidrogeolo\u0161kim, in\u017eenjerskogeolo\u0161kim radovima, zatim u istra\u017eivanju i boljem iskori\u0161tavanjm mineralnih resursa, u prostornom planiranju, za\u0161titi okoli\u0161a, kao osnova kod izgradnje velikih gra\u0111evinskih objekata i zahvata, u \u0161umarstvu, poljoprivredi i drugim djelatnostima. Kronostratigrafska podjela, na kojoj se temeljila izrada Osnovne geolo\u0161ke karte 1:100.000, \u010dinila je kartu ograni\u010denom i manjkavom u korelativnom smislu. To se odnosilo ponajprije na korelativnost s kartama susjednih zemalja, zatim u istra\u017eivanju le\u017ei\u0161ta mineralnih sirovina te u usporedbi s dubinskim podacima. Osim toga kronostratigrafska karta nije u cijelosti mogla odgovoriti na zahtjeve hidrogeolo\u0161kih i in\u017eenjerskogeolo\u0161kih istra\u017eivanja ili zahvata. Stoga se danas izra\u0111uje <em><a href=\"https:\/\/www.hgi-cgs.hr\/osnovna-geoloska-karta-republike-hrvatske-150-000\/\">Osnovna geolo\u0161ka karta 1:50.000<\/a> <\/em>na litostratigrafskom principu koja zadovoljava sve te zahtjeve.<\/p>\n<p>[\/et_pb_text][\/et_pb_column][\/et_pb_row][et_pb_row column_structure=&#8221;1_3,1_3,1_3&#8243; _builder_version=&#8221;4.6.5&#8243; _module_preset=&#8221;default&#8221; custom_padding=&#8221;|||10px|false|false&#8221;][et_pb_column type=&#8221;1_3&#8243; _builder_version=&#8221;4.6.5&#8243; _module_preset=&#8221;default&#8221;][et_pb_image src=&#8221;https:\/\/www.hgi-cgs.hr\/wp-content\/uploads\/2020\/09\/cherso_und_arbe_sm-1.jpg&#8221; title_text=&#8221;cherso_und_arbe_sm&#8221; url=&#8221;https:\/\/www.hgi-cgs.hr\/wp-content\/uploads\/2020\/09\/cherso_und_arbe_web-1.jpg&#8221; _builder_version=&#8221;4.6.5&#8243; _module_preset=&#8221;default&#8221; border_radii=&#8221;on|5px|5px|5px|5px&#8221; box_shadow_style=&#8221;preset1&#8243; box_shadow_blur=&#8221;15px&#8221;][\/et_pb_image][et_pb_text _builder_version=&#8221;4.6.5&#8243; _module_preset=&#8221;default&#8221; text_font_size=&#8221;13px&#8221; custom_margin=&#8221;-21px|||||&#8221;]<\/p>\n<p style=\"text-align: center;\">Prijegledna geolo\u0161ka karta u mjerilu 1:75.000<a href=\"http:\/\/hgiwebint\/hgi_testna\/arhivske-karte-austrougarske\/\"><\/a><\/p>\n<p>[\/et_pb_text][\/et_pb_column][et_pb_column type=&#8221;1_3&#8243; _builder_version=&#8221;4.6.5&#8243; _module_preset=&#8221;default&#8221;][et_pb_image src=&#8221;https:\/\/www.hgi-cgs.hr\/wp-content\/uploads\/2020\/07\/CRES.jpg&#8221; title_text=&#8221;CRES&#8221; url=&#8221;https:\/\/www.hgi-cgs.hr\/wp-content\/uploads\/2020\/10\/Cres.jpg&#8221; _builder_version=&#8221;4.6.5&#8243; _module_preset=&#8221;default&#8221; border_radii=&#8221;on|5px|5px|5px|5px&#8221; box_shadow_style=&#8221;preset1&#8243; box_shadow_blur=&#8221;15px&#8221;][\/et_pb_image][et_pb_text _builder_version=&#8221;4.6.5&#8243; _module_preset=&#8221;default&#8221; text_font_size=&#8221;13px&#8221; custom_margin=&#8221;-21px|||||&#8221;]<\/p>\n<p style=\"text-align: center;\"><a href=\"http:\/\/hgiwebint\/hgi_testna\/osnovna-geoloska-karta-republike-hrvatske-1100-000\/\"><\/a>Osnovna geolo\u0161ka karta 1:100.000<\/p>\n<p>[\/et_pb_text][\/et_pb_column][et_pb_column type=&#8221;1_3&#8243; _builder_version=&#8221;4.6.5&#8243; _module_preset=&#8221;default&#8221;][et_pb_image src=&#8221;https:\/\/www.hgi-cgs.hr\/wp-content\/uploads\/2020\/07\/OGKRH50_CRES_2_TUMAC_LIST_sm.jpg&#8221; title_text=&#8221;Model&#8221; url=&#8221;https:\/\/www.hgi-cgs.hr\/wp-content\/uploads\/2020\/10\/OGKRH50_CRES_2_TUMAC_LIST.jpg&#8221; _builder_version=&#8221;4.6.5&#8243; _module_preset=&#8221;default&#8221; width=&#8221;87%&#8221; border_radii=&#8221;on|5px|5px|5px|5px&#8221; box_shadow_style=&#8221;preset1&#8243; box_shadow_blur=&#8221;15px&#8221;][\/et_pb_image][et_pb_text _builder_version=&#8221;4.6.5&#8243; _module_preset=&#8221;default&#8221; text_font_size=&#8221;13px&#8221; custom_margin=&#8221;-21px|||||&#8221; custom_padding=&#8221;|10px|||false|false&#8221;]<\/p>\n<p style=\"text-align: center;\"><a href=\"http:\/\/hgiwebint\/hgi_testna\/osnovna-geoloska-karta-republike-hrvatske-1100-000\/\"><\/a>Osnovna geolo\u0161ka karta 1:50.000<\/p>\n<p>[\/et_pb_text][\/et_pb_column][\/et_pb_row][\/et_pb_section]<\/p>\n","protected":false},"excerpt":{"rendered":"<p>TEMELJNA GEOLO\u0160KA ISTRA\u017dIVANJA Geolo\u0161ke karte Geolo\u0161ka karta predstavlja grafi\u010dki prikaz geolo\u0161ke gra\u0111e (sastava, starosti i sklopa) terena na topografskoj podlozi. Izrada geolo\u0161kih karata koje je izvodio Hrvatski geolo\u0161ki institut od 1909. godine do danas mo\u017ee se tematski podijeliti u tri cjeline koje su u vremenskom kontinuitetu. To su Prijegledna geolo\u0161ka karta u mjerilu 1:75.000, koja [&hellip;]<\/p>\n","protected":false},"author":1,"featured_media":0,"parent":0,"menu_order":0,"comment_status":"closed","ping_status":"closed","template":"","meta":{"_et_pb_use_builder":"on","_et_pb_old_content":"","_et_gb_content_width":"","footnotes":""},"class_list":["post-35015","page","type-page","status-publish","hentry"],"aioseo_notices":[],"_links":{"self":[{"href":"https:\/\/www.hgi-cgs.hr\/en\/wp-json\/wp\/v2\/pages\/35015","targetHints":{"allow":["GET"]}}],"collection":[{"href":"https:\/\/www.hgi-cgs.hr\/en\/wp-json\/wp\/v2\/pages"}],"about":[{"href":"https:\/\/www.hgi-cgs.hr\/en\/wp-json\/wp\/v2\/types\/page"}],"author":[{"embeddable":true,"href":"https:\/\/www.hgi-cgs.hr\/en\/wp-json\/wp\/v2\/users\/1"}],"replies":[{"embeddable":true,"href":"https:\/\/www.hgi-cgs.hr\/en\/wp-json\/wp\/v2\/comments?post=35015"}],"version-history":[{"count":12,"href":"https:\/\/www.hgi-cgs.hr\/en\/wp-json\/wp\/v2\/pages\/35015\/revisions"}],"predecessor-version":[{"id":37575,"href":"https:\/\/www.hgi-cgs.hr\/en\/wp-json\/wp\/v2\/pages\/35015\/revisions\/37575"}],"wp:attachment":[{"href":"https:\/\/www.hgi-cgs.hr\/en\/wp-json\/wp\/v2\/media?parent=35015"}],"curies":[{"name":"wp","href":"https:\/\/api.w.org\/{rel}","templated":true}]}}