{"id":34573,"date":"2020-10-01T08:05:35","date_gmt":"2020-10-01T08:05:35","guid":{"rendered":"http:\/\/www.hgi-cgs.hr\/?page_id=34573"},"modified":"2021-10-22T13:51:55","modified_gmt":"2021-10-22T13:51:55","slug":"povijest","status":"publish","type":"page","link":"https:\/\/www.hgi-cgs.hr\/en\/povijest\/","title":{"rendered":"Our History"},"content":{"rendered":"<p>[et_pb_section fb_built=&#8221;1&#8243; _builder_version=&#8221;4.6.5&#8243; _module_preset=&#8221;default&#8221; global_colors_info=&#8221;{}&#8221;][\/et_pb_section][et_pb_section fb_built=&#8221;1&#8243; fullwidth=&#8221;on&#8221; _builder_version=&#8221;4.4.1&#8243; custom_padding=&#8221;0px||0px|||&#8221; global_colors_info=&#8221;{}&#8221;][et_pb_fullwidth_slider _builder_version=&#8221;4.7.7&#8243; min_height=&#8221;112px&#8221; height=&#8221;400px&#8221; custom_margin=&#8221;0px||||false|false&#8221; custom_padding=&#8221;0px||18px||false|false&#8221; auto=&#8221;on&#8221; auto_ignore_hover=&#8221;on&#8221; locked=&#8221;off&#8221; global_colors_info=&#8221;{}&#8221;][et_pb_slide heading=&#8221;Hrvatski geolo\u0161ki institut&#8221; _builder_version=&#8221;4.4.1&#8243; header_font=&#8221;|||on|||||&#8221; background_image=&#8221;https:\/\/www.hgi-cgs.hr\/wp-content\/uploads\/2020\/03\/Br\u010di\u0107_Drvenik02-scaled.jpg&#8221; background_enable_image=&#8221;on&#8221; locked=&#8221;off&#8221; global_colors_info=&#8221;{}&#8221; sticky_transition=&#8221;on&#8221;][\/et_pb_slide][et_pb_slide heading=&#8221;Hrvatski geolo\u0161ki institut&#8221; _builder_version=&#8221;4.4.1&#8243; header_font=&#8221;|||on|||||&#8221; background_image=&#8221;https:\/\/www.hgi-cgs.hr\/wp-content\/uploads\/2020\/03\/ban2-scaled.jpg&#8221; background_enable_image=&#8221;on&#8221; locked=&#8221;off&#8221; global_colors_info=&#8221;{}&#8221; sticky_transition=&#8221;on&#8221;][\/et_pb_slide][et_pb_slide heading=&#8221;Hrvatski geolo\u0161ki institut&#8221; _builder_version=&#8221;4.4.1&#8243; header_font=&#8221;|||on|||||&#8221; background_image=&#8221;https:\/\/www.hgi-cgs.hr\/wp-content\/uploads\/2020\/03\/20190228_094232-scaled.jpg&#8221; background_enable_image=&#8221;on&#8221; locked=&#8221;off&#8221; global_colors_info=&#8221;{}&#8221; sticky_transition=&#8221;on&#8221;][\/et_pb_slide][et_pb_slide heading=&#8221;Hrvatski geolo\u0161ki institut&#8221; _builder_version=&#8221;4.4.1&#8243; header_font=&#8221;|||on|||||&#8221; background_image=&#8221;https:\/\/www.hgi-cgs.hr\/wp-content\/uploads\/2020\/03\/ban3-scaled.jpg&#8221; background_enable_image=&#8221;on&#8221; locked=&#8221;off&#8221; global_colors_info=&#8221;{}&#8221; sticky_transition=&#8221;on&#8221;][\/et_pb_slide][et_pb_slide heading=&#8221;Hrvatski geolo\u0161ki institut&#8221; _builder_version=&#8221;4.4.1&#8243; header_font=&#8221;|||on|||||&#8221; background_image=&#8221;https:\/\/www.hgi-cgs.hr\/wp-content\/uploads\/2020\/03\/Bijele_stijene-Gorski_kotar-scaled.jpg&#8221; background_enable_image=&#8221;on&#8221; locked=&#8221;off&#8221; global_colors_info=&#8221;{}&#8221; sticky_transition=&#8221;on&#8221;][\/et_pb_slide][et_pb_slide heading=&#8221;Hrvatski geolo\u0161ki institut&#8221; _builder_version=&#8221;4.4.1&#8243; header_font=&#8221;|||on|||||&#8221; background_image=&#8221;https:\/\/www.hgi-cgs.hr\/wp-content\/uploads\/2020\/03\/ban4-scaled.jpg&#8221; background_enable_image=&#8221;on&#8221; locked=&#8221;off&#8221; global_colors_info=&#8221;{}&#8221; sticky_transition=&#8221;on&#8221;][\/et_pb_slide][et_pb_slide heading=&#8221;Hrvatski geolo\u0161ki institut&#8221; _builder_version=&#8221;4.4.1&#8243; header_font=&#8221;|||on|||||&#8221; background_image=&#8221;https:\/\/www.hgi-cgs.hr\/wp-content\/uploads\/2020\/03\/ban5-scaled.jpg&#8221; background_enable_image=&#8221;on&#8221; locked=&#8221;off&#8221; global_colors_info=&#8221;{}&#8221; sticky_transition=&#8221;on&#8221;][\/et_pb_slide][et_pb_slide heading=&#8221;Hrvatski geolo\u0161ki institut&#8221; _builder_version=&#8221;4.7.7&#8243; header_font=&#8221;|||on|||||&#8221; background_image=&#8221;https:\/\/www.hgi-cgs.hr\/wp-content\/uploads\/2020\/04\/20191015_142016a-scaled.jpg&#8221; background_enable_image=&#8221;on&#8221; locked=&#8221;off&#8221; global_colors_info=&#8221;{}&#8221; sticky_transition=&#8221;on&#8221;][\/et_pb_slide][et_pb_slide heading=&#8221;Hrvatski geolo\u0161ki institut&#8221; _builder_version=&#8221;4.7.7&#8243; header_font=&#8221;|||on|||||&#8221; background_image=&#8221;https:\/\/www.hgi-cgs.hr\/wp-content\/uploads\/2020\/04\/20191014_133538-scaled.jpg&#8221; background_enable_image=&#8221;on&#8221; locked=&#8221;off&#8221; global_colors_info=&#8221;{}&#8221; sticky_transition=&#8221;on&#8221;][\/et_pb_slide][\/et_pb_fullwidth_slider][\/et_pb_section][et_pb_section fb_built=&#8221;1&#8243; _builder_version=&#8221;4.6.1&#8243; _module_preset=&#8221;default&#8221; custom_padding=&#8221;||43px|||&#8221; global_colors_info=&#8221;{}&#8221;][et_pb_row _builder_version=&#8221;4.4.2&#8243; global_colors_info=&#8221;{}&#8221;][et_pb_column type=&#8221;4_4&#8243; _builder_version=&#8221;4.4.2&#8243; global_colors_info=&#8221;{}&#8221;][et_pb_text _builder_version=&#8221;4.6.1&#8243; text_font_size=&#8221;32px&#8221; header_2_text_color=&#8221;#1e5096&#8243; global_colors_info=&#8221;{}&#8221;]<\/p>\n<h2 style=\"text-align: center; color: #1e5096;\"><strong>POVIJEST<\/strong><\/h2>\n<p>[\/et_pb_text][\/et_pb_column][\/et_pb_row][et_pb_row _builder_version=&#8221;4.4.6&#8243; custom_padding=&#8221;||||false|false&#8221; global_colors_info=&#8221;{}&#8221;][et_pb_column type=&#8221;4_4&#8243; _builder_version=&#8221;4.4.2&#8243; global_colors_info=&#8221;{}&#8221;][et_pb_text _builder_version=&#8221;4.6.5&#8243; custom_padding=&#8221;|10px||10px|false|false&#8221; global_colors_info=&#8221;{}&#8221;]<\/p>\n<p style=\"text-align: left;\"><strong>Hrvatski geolo\u0161ki institut<\/strong>\u00a0utemeljen je 1909. godine kao Geologijsko povjerenstvo za kraljevine Hrvatsku i Slavoniju na inicijativu Dragutina Gorjanovi\u0107a Krambergera.<\/p>\n<p>[\/et_pb_text][\/et_pb_column][\/et_pb_row][et_pb_row column_structure=&#8221;1_3,2_3&#8243; _builder_version=&#8221;4.4.6&#8243; global_colors_info=&#8221;{}&#8221;][et_pb_column type=&#8221;1_3&#8243; _builder_version=&#8221;4.4.6&#8243; global_colors_info=&#8221;{}&#8221;][et_pb_image src=&#8221;https:\/\/www.hgi-cgs.hr\/wp-content\/uploads\/2019\/06\/kramberger.jpg&#8221; title_text=&#8221;kramberger&#8221; align=&#8221;right&#8221; _builder_version=&#8221;4.6.1&#8243; width=&#8221;50%&#8221; border_radii=&#8221;on|5px|5px|5px|5px&#8221; box_shadow_style=&#8221;preset1&#8243; box_shadow_blur=&#8221;15px&#8221; global_colors_info=&#8221;{}&#8221;][\/et_pb_image][et_pb_text _builder_version=&#8221;4.6.6&#8243; text_font_size=&#8221;13px&#8221; text_orientation=&#8221;center&#8221; module_alignment=&#8221;center&#8221; custom_margin=&#8221;-30px||||false|false&#8221; custom_padding=&#8221;|||180px|false|false&#8221; global_colors_info=&#8221;{}&#8221;]<\/p>\n<p style=\"text-align: center;\"><em>Dragutin Gorjanovi\u0107 Kramberger<\/em><\/p>\n<p>[\/et_pb_text][\/et_pb_column][et_pb_column type=&#8221;2_3&#8243; _builder_version=&#8221;4.4.6&#8243; global_colors_info=&#8221;{}&#8221;][et_pb_text _builder_version=&#8221;4.6.5&#8243; custom_margin=&#8221;40px||||false|false&#8221; global_colors_info=&#8221;{}&#8221;]<\/p>\n<p style=\"text-align: left;\">Dragutin GORJANOVI\u0106-KRAMBERGER i Gjuro PILAR smatraju se za\u010detnicima ustroja hrvatske geologije na kojem su radili u okrilju Dr\u017eavnog geolo\u0161kog instituta u Be\u010du. Na GORJANOVI\u0106EV prijedlog Kraljevskoj zemaljskoj vladi osnovano je GEOLOGIJSKO POVJERENSTVO ZA KRALJEVINE HRVATSKU I SLAVONIJU 03. srpnja 1909. god. koju je potpisao tada\u0161nji ban Pavao RAUCH. GORJANOVI\u0106 je imenovan predsjednikom povjerenstva te su ustrojena dva odsjeka 1. montangeologijska sekcija (voditelj Ferdo KOCH) i agrogeologijska sekcija (voditelj Franjo \u0160ANDOR). .<\/p>\n<p>[\/et_pb_text][\/et_pb_column][\/et_pb_row][et_pb_row _builder_version=&#8221;4.4.6&#8243; global_colors_info=&#8221;{}&#8221;][et_pb_column type=&#8221;4_4&#8243; _builder_version=&#8221;4.4.6&#8243; global_colors_info=&#8221;{}&#8221;][et_pb_text _builder_version=&#8221;4.6.5&#8243; width=&#8221;100%&#8221; global_colors_info=&#8221;{}&#8221;]<\/p>\n<p style=\"text-align: left;\">U razdoblju od 1909. do 1923. Kada je\u00a0 \u010delnik ustanove njen utemeljitelj D. GORJANOVI\u0106-KRAMBERGER,\u00a0 glavnina terenskih aktivnosti odvijala se na podru\u010dju Velebita, Like i Gorskog Kotara. Najanga\u017eiraniji geolog, prvenstveno na geolo\u0161kom kartiranju, je bio F. KOCH koji je autor tiskanih karta listova Knin-Ervenik, Pag i Gra\u010dac-Ermain (Rmanj) te pripadaju\u0107ih tuma\u010da. Povjerenstvo je formalno djelovalo do 1922. god., kada je uspostavljen Geolo\u0161ki zavod \u2013 <strong>Kraljevski geolo\u0161ki zavod u Zagrebu<\/strong>. Direktorom zavoda imenovan je GORJANOVI\u0106. On je izvr\u0161io ustroj zavoda, a ve\u0107 1923. direktorom je imenovan F. KOCH, koji ostaje na toj funkciji do 1928. Cijelo razdoblje karakterizira smanjeni obim geolo\u0161kih istra\u017eivanja kao posljedica nedostatne financijske potpore te je prakti\u010dno prestalo tiskanje geolo\u0161kih karata. Direktor zavoda KOCH objavljuje 1929. god. kartu Karlobag-Jablanac. 1:75.000 .<\/p>\n<p>[\/et_pb_text][\/et_pb_column][\/et_pb_row][et_pb_row column_structure=&#8221;1_2,1_2&#8243; _builder_version=&#8221;4.4.6&#8243; global_colors_info=&#8221;{}&#8221;][et_pb_column type=&#8221;1_2&#8243; _builder_version=&#8221;4.4.6&#8243; global_colors_info=&#8221;{}&#8221;][et_pb_text _builder_version=&#8221;4.6.5&#8243; global_colors_info=&#8221;{}&#8221;]<\/p>\n<p style=\"text-align: left;\">Zakon o Geolo\u0161kom institutu Kraljevine Jugoslavije (29. prosinca 1930. god.) najavljuje \u00a0prekid samostalnosti Geolo\u0161kog zavoda u Zagrebu. Nakon formiranja Banovine Hrvatske u Zagrebu ponovno osnovan Geolo\u0161ki zavod. \u00a0\u0160UKLJE 1939. godine ponovno osniva <strong>Geolo\u0161ki zavod Banovine Hrvatske<\/strong> sa sjedi\u0161tem u Zagrebu. \u00a0\u0160UKLJE vodi Zavod tijekom II svjetskog rata pod imenom <strong>Hrvatski dr\u017eavni geolo\u017eki zavod (<\/strong>1941-1945.) sve do 1947. god. Nakon zavr\u0161etka II svjetskog rata zavod je preimenovan u <strong>Dr\u017eavni geolo\u0161ki zavod<\/strong> a sredinom 1946. god. tada\u0161nja hrvatska vlada donosi uredbu kojom se osniva <strong>Geolo\u0161ko-rudarski institut Hrvatske<\/strong> sa sjedi\u0161tem u Zagrebu. 1947. god. je na \u010delo Geolo\u0161ko-rudarskog instituta do\u0161ao I. JURKOVI\u0106, tada je Institutu je pripojen\u00a0 i Zavod za rude, goriva i metalurgiju, \u010dime je znatno oja\u010dan kemijski odjel, odnosno laboratorij i rudarski odjel. Glavnina stru\u010dnog rada institutskih geologa u spomenutim godinama i neposredno nakon toga je bila vezana prvenstveno na istra\u017eivanje mineralnih sirovina u Hrvatskoj. \u00a0Rje\u0161enjem Vlade Narodne republike Hrvatske 21. listopada 1950. god. Geolo\u0161ko-rudarski institut mijenja ime u <strong>Zavod za geolo\u0161ka istra\u017eivanja NR Hrvatske<\/strong>, te je idu\u0107ih ne\u0161to vi\u0161e od \u010detiri godine financiran kao Republi\u010dka geolo\u0161ka slu\u017eba. Ustanova mijenja ime u <strong>Zavod za geolo\u0161ka istra\u017eivanja<\/strong> godine 1955. Iste godine J. OGULINEC imenovan direktorom Zavoda. Godina 1958. iznimno je zna\u010dajna za Zavod, ali i sveukupnu geologiju u Hrvatskoj. Naime, te godine zapo\u010dela je izrada Osnovne geolo\u0161ke karte, tada pod nazivom Kompleksna geolo\u0161ka karta ili A karta. Naziv Osnovna geolo\u0161ka karta slu\u017ebeno se rabio od 1960. god., pa do zavr\u0161etka projekta. To je, bez sumnje, kapitalni geolo\u0161ki projekt za hrvatsku geologiju, a izvodio se na teritoriju \u010ditave tada\u0161nje dr\u017eave. Teritorij Hrvatske obuhva\u0107en je sa 74 lista M 1:100.000. Zavod za geolo\u0161ka istra\u017eivanja mijenja naziv u <strong>Institut za geolo\u0161ka istra\u017eivanja <\/strong>1960. godine. Institut tada stje\u010de znanstveni status, a suosniva\u010di su fakulteti, INA Naftaplin, Zajednica elektroprivrednih poduze\u0107a i Komora. U Institutu su formirani odjeli i to: geolo\u0161ki, mineralo\u0161ko-petrografski i hidrogeolo\u0161ki. Obrisi strukture instituta koji su nastali su 1966. god. zadr\u017eani su do danas a zaslu\u017ean je za to direktor L. NIKLER. \u00a0Godine 1977. Institut mijenja ime u <strong>Geolo\u0161ki zavod<\/strong>, ali bez promjene unutarnje organizacije sve do 1988 godine kada se vra\u0107a naziv <strong>Institut za geolo\u0161ka istra\u017eivanja<\/strong>. Osamdesetih godina odvijale su se i aktivnosti za dono\u0161enje Zakona o geolo\u0161kim istra\u017eivanjima, a koordinator tih aktivnosti je bio direktor instituta D. BO\u0160KOVI\u0106. Zakon je donesen 1986. godine koji je predvi\u0111ao i funkcioniranje Instituta kao <strong>geolo\u0161ke slu\u017ebe<\/strong>. Znanstvena i stru\u010dna aktivnost Zavoda odvijala se u kontinuitetu uz usvajanje niza novih metodologija. U razdoblju od 1960 do 1991 obranjeno je 20 tak disertacija kako u prirodnim znanostima tako i u geolo\u0161kom in\u017eenjerstvu.<\/p>\n<p>[\/et_pb_text][\/et_pb_column][et_pb_column type=&#8221;1_2&#8243; _builder_version=&#8221;4.4.6&#8243; global_colors_info=&#8221;{}&#8221;][et_pb_text _builder_version=&#8221;4.11.3&#8243; hover_enabled=&#8221;0&#8243; global_colors_info=&#8221;{}&#8221; sticky_enabled=&#8221;0&#8243;]<\/p>\n<p style=\"text-align: left;\">Tijekom izrade osnovne geolo\u0161ke karte uo\u010dila se je potreba izrade standardiziranih karata vezanih na primijenjena geolo\u0161ka istra\u017eivanja. Tijekom ovog dijela razdoblja dopunjen je standard i nastavljena izrada Osnovne in\u017eenjerskogeolo\u0161ke karte M 1:100.000, te izrada Osnovne hidrogeolo\u0161ke karte istog mjerila.\u00a0Obavljene su pripreme i izra\u0111en program za izradu Karte mineralnih sirovina M 1:100.000, koja je uklju\u010divala i prognoznu kartu. Terenski dio projekta Osnovne geolo\u0161ke karte M 1:100.000 je slu\u017ebeno zavr\u0161en 1985. god., a u idu\u0107im godinama zavr\u0161avane su karte i tuma\u010di. Istovremeno sa tijekom sredine osamdesetih godina zapo\u010dete su pripreme za izradu geolo\u0161ke karte po principu litostratigrafske ra\u0161\u010dlambe naslaga mjerila 1:50.000, koja je radno nazvana Kompleksna geolo\u0161ka karta, a upotrebljavan je i naziv Osnovna geolo\u0161ka karta II (OGK II). Umjesto dotada\u0161njeg direktora instituta \u017d. BABI\u0106A, 1991. god.za direktora imenovan je \u0110. BEN\u010cEK, koji je tu du\u017enost obna\u0161ao do kraja 1996. god. Na temelju Zakona o znanstvenoistra\u017eiva\u010dkoj djelatnosti HGI je 1992. upisan u Registar znanstvenoistra\u017eiva\u010dkih organizacija i jedinica kao radna znanstvenoistra\u017eiva\u010dka organizacija \u2013 <strong>Institut za geolo\u0161ka istra\u017eivanja<\/strong> (IGI) a 1997. godine prestao njegov status dr\u017eavnog instituta koji je trajao 88 godina te postaje jedan od 25 javnih znanstvenih institutu u RH. Ravnatelji Instituta nisu vi\u0161e imenovani ve\u0107 se biraju javnim natje\u010dajem (B. BIONDI\u0106, 1997.-2001.; D. MATI\u010cEC, 2001.-2005.; J. HALAMI\u0106, 2005.-2017.; S. MIKO 2017-2021). Nakon 1997 financiranje programa izrade geolo\u0161kih karata nastavlja se putem znanstvenoistra\u017eiva\u010dkih projekata sve do 2014. godine, nakon koje se financiranje istra\u017eivanja vezanim za program geolo\u0161kog kartirana se nastavlja uglavnom vlastitim prihodima Instituta. Kao javni znanstveni institut veliki dio istra\u017eivanja je fokusiran na izradu znanstvenih istra\u017eiva\u010dkih\u00a0 kapaciteta (u razdoblju od 1997 do 2019 izra\u0111eno je 55 doktorskih disertacija) te je broj znanstvenika pove\u0107an sa 12 (1997) na 45 (2019). Pove\u0107anju broja znanstvenika doprinijela su i znatna ulaganja u laboratorijsku, terensku i informati\u010dku opremu naro\u010dito od 2005. god. Institut za geolo\u0161ka istra\u017eivanja 2005. god. mijenja ime u <strong>Hrvatski geolo\u0161ki institut,<\/strong> i naredne godine postaje \u010dlan europskog udru\u017eenja geolo\u0161kih slu\u017ebi EuroGeoSurveys. Kako bi se premostila promjena u na\u010dinu financiranja te generalno smanjeno financiranje istra\u017eivanja (2014) od Ministarstva znanosti intenzivira se prijavljivanje projekata na EU fondove te na natje\u010daje HRZZ-a. Od 2017. godine zaposlenici HGI-a istra\u017eivanja provode u prosjeku na 15-tak <a href=\"https:\/\/www.hgi-cgs.hr\/nacionalni-kompetitivni-projekti\/\">znanstvenih projekata<\/a> . Budu\u0107nost znanstvenoistra\u017eiva\u010dkog rada osigurana je putem projekata i vi\u0161e od deset doktoranata koji trenutno izra\u0111uju svoje disertacije. Program geolo\u0161kih karta i njegovo izvo\u0111enje u velikoj mjeri po\u010diva na izgledu budu\u0107eg financijskog razdoblja kroz programske ugovore.<\/p>\n<p>[\/et_pb_text][\/et_pb_column][\/et_pb_row][et_pb_row _builder_version=&#8221;4.6.1&#8243; _module_preset=&#8221;default&#8221; global_colors_info=&#8221;{}&#8221;][et_pb_column type=&#8221;4_4&#8243; _builder_version=&#8221;4.6.1&#8243; _module_preset=&#8221;default&#8221; global_colors_info=&#8221;{}&#8221;][et_pb_image src=&#8221;https:\/\/www.hgi-cgs.hr\/wp-content\/uploads\/2020\/10\/povijest-HGI.jpg&#8221; title_text=&#8221;povijest HGI&#8221; align=&#8221;center&#8221; _builder_version=&#8221;4.6.5&#8243; _module_preset=&#8221;default&#8221; width=&#8221;65%&#8221; max_width=&#8221;100%&#8221; border_radii=&#8221;on|5px|5px|5px|5px&#8221; box_shadow_style=&#8221;preset1&#8243; box_shadow_blur=&#8221;15px&#8221; global_colors_info=&#8221;{}&#8221;][\/et_pb_image][et_pb_text _builder_version=&#8221;4.6.6&#8243; _module_preset=&#8221;default&#8221; text_font_size=&#8221;13px&#8221; custom_margin=&#8221;-30px||||false|false&#8221; global_colors_info=&#8221;{}&#8221;]<\/p>\n<p style=\"text-align: center;\">Povijest Hrvatskog geolo\u0161kog instituta<\/p>\n<p>[\/et_pb_text][\/et_pb_column][\/et_pb_row][\/et_pb_section]<\/p>\n","protected":false},"excerpt":{"rendered":"<p>POVIJESTHrvatski geolo\u0161ki institut\u00a0utemeljen je 1909. godine kao Geologijsko povjerenstvo za kraljevine Hrvatsku i Slavoniju na inicijativu Dragutina Gorjanovi\u0107a Krambergera.Dragutin Gorjanovi\u0107 KrambergerDragutin GORJANOVI\u0106-KRAMBERGER i Gjuro PILAR smatraju se za\u010detnicima ustroja hrvatske geologije na kojem su radili u okrilju Dr\u017eavnog geolo\u0161kog instituta u Be\u010du. Na GORJANOVI\u0106EV prijedlog Kraljevskoj zemaljskoj vladi osnovano je GEOLOGIJSKO POVJERENSTVO ZA KRALJEVINE HRVATSKU [&hellip;]<\/p>\n","protected":false},"author":1,"featured_media":0,"parent":0,"menu_order":0,"comment_status":"closed","ping_status":"closed","template":"","meta":{"_et_pb_use_builder":"on","_et_pb_old_content":"","_et_gb_content_width":"","footnotes":""},"class_list":["post-34573","page","type-page","status-publish","hentry"],"aioseo_notices":[],"_links":{"self":[{"href":"https:\/\/www.hgi-cgs.hr\/en\/wp-json\/wp\/v2\/pages\/34573","targetHints":{"allow":["GET"]}}],"collection":[{"href":"https:\/\/www.hgi-cgs.hr\/en\/wp-json\/wp\/v2\/pages"}],"about":[{"href":"https:\/\/www.hgi-cgs.hr\/en\/wp-json\/wp\/v2\/types\/page"}],"author":[{"embeddable":true,"href":"https:\/\/www.hgi-cgs.hr\/en\/wp-json\/wp\/v2\/users\/1"}],"replies":[{"embeddable":true,"href":"https:\/\/www.hgi-cgs.hr\/en\/wp-json\/wp\/v2\/comments?post=34573"}],"version-history":[{"count":7,"href":"https:\/\/www.hgi-cgs.hr\/en\/wp-json\/wp\/v2\/pages\/34573\/revisions"}],"predecessor-version":[{"id":40394,"href":"https:\/\/www.hgi-cgs.hr\/en\/wp-json\/wp\/v2\/pages\/34573\/revisions\/40394"}],"wp:attachment":[{"href":"https:\/\/www.hgi-cgs.hr\/en\/wp-json\/wp\/v2\/media?parent=34573"}],"curies":[{"name":"wp","href":"https:\/\/api.w.org\/{rel}","templated":true}]}}