{"id":34146,"date":"2020-09-21T12:53:20","date_gmt":"2020-09-21T12:53:20","guid":{"rendered":"http:\/\/www.hgi-cgs.hr\/?page_id=34146"},"modified":"2020-10-13T12:45:59","modified_gmt":"2020-10-13T12:45:59","slug":"gdi-ensemble-floodsmart","status":"publish","type":"page","link":"https:\/\/www.hgi-cgs.hr\/en\/gdi-ensemble-floodsmart\/","title":{"rendered":"GDi Ensemble FloodSmart"},"content":{"rendered":"<p>[et_pb_section fb_built=&#8221;1&#8243; fullwidth=&#8221;on&#8221; _builder_version=&#8221;4.4.1&#8243; custom_padding=&#8221;0px||0px|||&#8221;][et_pb_fullwidth_slider _builder_version=&#8221;4.4.2&#8243; min_height=&#8221;112px&#8221; height=&#8221;400px&#8221; custom_margin=&#8221;0px||||false|false&#8221; custom_padding=&#8221;0px||18px||false|false&#8221; auto=&#8221;on&#8221; auto_ignore_hover=&#8221;on&#8221; locked=&#8221;off&#8221;][et_pb_slide heading=&#8221;Hrvatski geolo\u0161ki institut&#8221; _builder_version=&#8221;4.4.1&#8243; header_font=&#8221;|||on|||||&#8221; background_image=&#8221;http:\/\/www.hgi-cgs.hr\/wp-content\/uploads\/2020\/03\/Br\u010di\u0107_Drvenik02-scaled.jpg&#8221; background_enable_image=&#8221;on&#8221; locked=&#8221;off&#8221; sticky_transition=&#8221;on&#8221;][\/et_pb_slide][et_pb_slide heading=&#8221;Hrvatski geolo\u0161ki institut&#8221; _builder_version=&#8221;4.4.1&#8243; header_font=&#8221;|||on|||||&#8221; background_image=&#8221;http:\/\/www.hgi-cgs.hr\/wp-content\/uploads\/2020\/03\/ban2-scaled.jpg&#8221; background_enable_image=&#8221;on&#8221; locked=&#8221;off&#8221; sticky_transition=&#8221;on&#8221;][\/et_pb_slide][et_pb_slide heading=&#8221;Hrvatski geolo\u0161ki institut&#8221; _builder_version=&#8221;4.4.1&#8243; header_font=&#8221;|||on|||||&#8221; background_image=&#8221;http:\/\/www.hgi-cgs.hr\/wp-content\/uploads\/2020\/03\/20190228_094232-scaled.jpg&#8221; background_enable_image=&#8221;on&#8221; locked=&#8221;off&#8221; sticky_transition=&#8221;on&#8221;][\/et_pb_slide][et_pb_slide heading=&#8221;Hrvatski geolo\u0161ki institut&#8221; _builder_version=&#8221;4.4.1&#8243; header_font=&#8221;|||on|||||&#8221; background_image=&#8221;http:\/\/www.hgi-cgs.hr\/wp-content\/uploads\/2020\/03\/ban3-scaled.jpg&#8221; background_enable_image=&#8221;on&#8221; locked=&#8221;off&#8221; sticky_transition=&#8221;on&#8221;][\/et_pb_slide][et_pb_slide heading=&#8221;Hrvatski geolo\u0161ki institut&#8221; _builder_version=&#8221;4.4.1&#8243; header_font=&#8221;|||on|||||&#8221; background_image=&#8221;http:\/\/www.hgi-cgs.hr\/wp-content\/uploads\/2020\/03\/Bijele_stijene-Gorski_kotar-scaled.jpg&#8221; background_enable_image=&#8221;on&#8221; locked=&#8221;off&#8221; sticky_transition=&#8221;on&#8221;][\/et_pb_slide][et_pb_slide heading=&#8221;Hrvatski geolo\u0161ki institut&#8221; _builder_version=&#8221;4.4.1&#8243; header_font=&#8221;|||on|||||&#8221; background_image=&#8221;http:\/\/www.hgi-cgs.hr\/wp-content\/uploads\/2020\/03\/ban4-scaled.jpg&#8221; background_enable_image=&#8221;on&#8221; locked=&#8221;off&#8221; sticky_transition=&#8221;on&#8221;][\/et_pb_slide][et_pb_slide heading=&#8221;Hrvatski geolo\u0161ki institut&#8221; _builder_version=&#8221;4.4.1&#8243; header_font=&#8221;|||on|||||&#8221; background_image=&#8221;http:\/\/www.hgi-cgs.hr\/wp-content\/uploads\/2020\/03\/ban5-scaled.jpg&#8221; background_enable_image=&#8221;on&#8221; locked=&#8221;off&#8221; sticky_transition=&#8221;on&#8221;][\/et_pb_slide][\/et_pb_fullwidth_slider][\/et_pb_section][et_pb_section fb_built=&#8221;1&#8243; _builder_version=&#8221;4.4.2&#8243;][et_pb_row _builder_version=&#8221;4.4.2&#8243;][et_pb_column type=&#8221;4_4&#8243; _builder_version=&#8221;4.4.2&#8243;][et_pb_text _builder_version=&#8221;4.4.2&#8243; text_font_size=&#8221;32px&#8221; header_2_text_color=&#8221;#1e5096&#8243;]<\/p>\n<h2 style=\"text-align: center; color: #1e5096;\"><strong>ZAVOD ZA GEOLOGIJU I I IN\u017dENJERSKU GEOLOGIJU<\/strong><\/h2>\n<p>[\/et_pb_text][\/et_pb_column][\/et_pb_row][et_pb_row _builder_version=&#8221;4.4.2&#8243;][et_pb_column type=&#8221;4_4&#8243; _builder_version=&#8221;4.4.2&#8243;][et_pb_text _builder_version=&#8221;4.6.1&#8243; text_font_size=&#8221;32px&#8221; header_2_text_color=&#8221;#1e5096&#8243; header_2_line_height=&#8221;1.3em&#8221;]<\/p>\n<h2 style=\"text-align: center; color: #1e5096;\"><strong><\/strong>GDi Ensemble FloodSmart &#8211; Razvoj IT platforme za upravljanje rizicima od poplava i ubla\u017eavanje \u0161tetnih posljedica po okoli\u0161<\/h2>\n<p>[\/et_pb_text][et_pb_text _builder_version=&#8221;4.6.1&#8243; header_4_line_height=&#8221;1.3em&#8221;]<\/p>\n<p style=\"text-align: center;\"><strong><em>Voditelj projekta za HGI: dr.sc. Tihomir Frangen<br \/> <\/em><\/strong><\/p>\n<p>[\/et_pb_text][\/et_pb_column][\/et_pb_row][\/et_pb_section][et_pb_section fb_built=&#8221;1&#8243; _builder_version=&#8221;4.4.2&#8243; custom_padding=&#8221;20px||41px|||&#8221;][et_pb_row _builder_version=&#8221;4.4.2&#8243; custom_padding=&#8221;0px|||||&#8221;][et_pb_column type=&#8221;4_4&#8243; _builder_version=&#8221;4.4.2&#8243;][et_pb_image src=&#8221;http:\/\/www.hgi-cgs.hr\/wp-content\/uploads\/2018\/08\/gdi.jpg&#8221; title_text=&#8221;gdi&#8221; align=&#8221;center&#8221; align_tablet=&#8221;center&#8221; align_phone=&#8221;&#8221; align_last_edited=&#8221;on|desktop&#8221; _builder_version=&#8221;4.6.1&#8243; max_width=&#8221;30%&#8221; module_alignment=&#8221;center&#8221; border_radii=&#8221;on|5px|5px|5px|5px&#8221; box_shadow_style=&#8221;preset1&#8243; box_shadow_blur=&#8221;15px&#8221;][\/et_pb_image][\/et_pb_column][\/et_pb_row][et_pb_row _builder_version=&#8221;4.0.3&#8243; min_height=&#8221;192px&#8221; custom_margin=&#8221;12px|auto||auto||&#8221; custom_padding=&#8221;0px|||||&#8221;][et_pb_column type=&#8221;4_4&#8243; _builder_version=&#8221;4.0.3&#8243;][et_pb_text _builder_version=&#8221;4.6.5&#8243; text_font=&#8221;||||||||&#8221; link_font=&#8221;||||||||&#8221; link_text_color=&#8221;#e09900&#8243; custom_margin=&#8221;18px|||||&#8221; custom_padding=&#8221;|10px||10px|false|true&#8221; hover_enabled=&#8221;0&#8243; sticky_enabled=&#8221;0&#8243;]<\/p>\n<p style=\"text-align: justify;\"><strong>INFORMACIJA<\/strong><br \/> Projekt se financira dodjelom bespovratnih sredstava iz europskih strukturnih i investicijskih fondova u financijskom razdoblju 2014.-2020.<\/p>\n<p><strong>Ukupna vrijednost projekta i iznos koji sufinancira EU (u HRK)<\/strong><br \/> Ukupna vrijednost projekta: 9.351.595,57 kn<br \/> Odobrena bespovratna sredstva: 4.660.209,82 kn<br \/> Potpora za GDi (50% ukupnih tro\u0161kova): 3.989.187,05 kn<br \/> Potpora za HGI (65.82% ukupnih tro\u0161kova): 671.022,77 kn<\/p>\n<p style=\"text-align: justify;\"><strong>Kratki opis projekta<\/strong><\/p>\n<p style=\"text-align: justify;\"><em>GDi i Hrvatski geolo\u0161ki institut (HGI)<\/em> su kao Partneri prijavili projektni prijedlog i kandidirali se za sufinanciranje provedbe projekta <strong><em>\u201eRazvoj IT platforme za prevenciju poplava i ubla\u017eavanje \u0161tetnih posljedica po okoli\u0161 \u2013 GDi Ensemble FloodSmart\u201c<\/em><\/strong>, u okviru instrumenta \u201ePove\u0107anje razvoja novih proizvoda i usluga koji proizlaze iz aktivnosti istra\u017eivanja i razvoja\u201c, u kojem je Ministarstvo regionalnoga razvoja i fondova Europske unije Upravlja\u010dko tijelo odgovorno za upravljanje i provedbu Operativnog programa Konkurentnost i kohezija (OPKK) 2014.-2020., Ministarstvo gospodarstva (MINGO) je Posredni\u010dko tijelo razine 1, a Posredni\u010dko tijelo razine 2 je Hrvatska agencija za malo gospodarstvo, inovacije i investicije (HAMAG-BICRO).<br \/> Financijska se potpora provodi u okviru OPKK, Prioritetne osi 1. \u201cJa\u010danje gospodarstva primjenom istra\u017eivanja i inovacija\u201c Specifi\u010dnog cilja 1.b.1. \u201eNovi proizvodi i usluge kao rezultat djelatnosti istra\u017eivanja, razvoja i inovacija (IRI)\u201c Operacije 1.b.1.1. \u201ePove\u0107anje razvoja novih proizvoda i usluga koji proizlaze iz aktivnosti istra\u017eivanja i razvoja\u201c.<br \/> Projektom razvoja IT platforme za upravljanje rizicima od poplava i ubla\u017eavanje \u0161tetnih posljedica po okoli\u0161 pod nazivom GDi Ensemble FloodSmart, GDi d.o.o. \u017eeli u svijetu razviti jedinstveni sustav \u010dija \u0107e programska rje\u0161enja objediniti sve segmente relevantne za dono\u0161enje odluka u upravljanju rizicima od poplave.<\/p>\n<p><strong>Ciljevi i o\u010dekivani rezultati projekta<\/strong><\/p>\n<p>Cilj je projekta razviti inovativnu IT Platformu GDi Ensemble FloodSmart koja predstavlja inovaciju na globalnoj razini s obzirom na to da odgovara na svakodnevnu potrebu za integriranim sustavima u sektoru odr\u017eivog okoli\u0161a i sigurnosti koji se odnose na predikaciju, prevenciju, detekciju i ubla\u017eavanje posljedica koje donosi poplava.<\/p>\n<p><strong>Rezultat<\/strong><\/p>\n<p>Rezultat projekta \u0107e biti GIS aplikacija koja objedinjuje alate za pripremu potrebnih podataka, alate za prostorne analize, alate za kona\u010dno oblikovanje i upravljanje rezultatima te Web Portal za\u0161tite od \u0161tetnog djelovanja s hijerarhijski organiziranim informacijama o podacima, alarmnim sustavom i prikazom rezultata u vidu web GIS preglednika.<br \/> Svi \u0107e moduli biti integrirani u jedinstvenu GDi Ensemble FloodSmart platformu spremnu za kori\u0161tenje u stvarnom okru\u017eenju.<\/p>\n<p><strong>Kontakt osoba za vi\u0161e informacija:<\/strong><\/p>\n<p>Dr.sc. Tihomir Frangen<br \/> E-mail:<a href=\"mailto:tihomir.frangen@hgi-cgs.hr\"><em> tfrangen@hgi-cgs.hr<\/em><\/a><br \/> Tel: +385 1 6160 812<\/p>\n<p>[\/et_pb_text][\/et_pb_column][\/et_pb_row][\/et_pb_section]<\/p>\n","protected":false},"excerpt":{"rendered":"<p>ZAVOD ZA GEOLOGIJU I I IN\u017dENJERSKU GEOLOGIJUGDi Ensemble FloodSmart &#8211; Razvoj IT platforme za upravljanje rizicima od poplava i ubla\u017eavanje \u0161tetnih posljedica po okoli\u0161Voditelj projekta za HGI: dr.sc. Tihomir Frangen INFORMACIJA Projekt se financira dodjelom bespovratnih sredstava iz europskih strukturnih i investicijskih fondova u financijskom razdoblju 2014.-2020. Ukupna vrijednost projekta i iznos koji sufinancira EU [&hellip;]<\/p>\n","protected":false},"author":1,"featured_media":0,"parent":0,"menu_order":0,"comment_status":"closed","ping_status":"closed","template":"","meta":{"_et_pb_use_builder":"on","_et_pb_old_content":"","_et_gb_content_width":"","footnotes":""},"class_list":["post-34146","page","type-page","status-publish","hentry"],"aioseo_notices":[],"_links":{"self":[{"href":"https:\/\/www.hgi-cgs.hr\/en\/wp-json\/wp\/v2\/pages\/34146","targetHints":{"allow":["GET"]}}],"collection":[{"href":"https:\/\/www.hgi-cgs.hr\/en\/wp-json\/wp\/v2\/pages"}],"about":[{"href":"https:\/\/www.hgi-cgs.hr\/en\/wp-json\/wp\/v2\/types\/page"}],"author":[{"embeddable":true,"href":"https:\/\/www.hgi-cgs.hr\/en\/wp-json\/wp\/v2\/users\/1"}],"replies":[{"embeddable":true,"href":"https:\/\/www.hgi-cgs.hr\/en\/wp-json\/wp\/v2\/comments?post=34146"}],"version-history":[{"count":3,"href":"https:\/\/www.hgi-cgs.hr\/en\/wp-json\/wp\/v2\/pages\/34146\/revisions"}],"predecessor-version":[{"id":35295,"href":"https:\/\/www.hgi-cgs.hr\/en\/wp-json\/wp\/v2\/pages\/34146\/revisions\/35295"}],"wp:attachment":[{"href":"https:\/\/www.hgi-cgs.hr\/en\/wp-json\/wp\/v2\/media?parent=34146"}],"curies":[{"name":"wp","href":"https:\/\/api.w.org\/{rel}","templated":true}]}}