{"id":33927,"date":"2020-09-18T12:11:32","date_gmt":"2020-09-18T12:11:32","guid":{"rendered":"http:\/\/www.hgi-cgs.hr\/?page_id=33927"},"modified":"2020-10-13T13:25:49","modified_gmt":"2020-10-13T13:25:49","slug":"geomapping61-ipa","status":"publish","type":"page","link":"https:\/\/www.hgi-cgs.hr\/en\/geomapping61-ipa\/","title":{"rendered":"GeoMapping61-IPA"},"content":{"rendered":"<p>[et_pb_section fb_built=&#8221;1&#8243; fullwidth=&#8221;on&#8221; _builder_version=&#8221;4.4.1&#8243; custom_padding=&#8221;0px||0px|||&#8221;][et_pb_fullwidth_slider _builder_version=&#8221;4.4.2&#8243; min_height=&#8221;112px&#8221; height=&#8221;400px&#8221; custom_margin=&#8221;0px||||false|false&#8221; custom_padding=&#8221;0px||18px||false|false&#8221; auto=&#8221;on&#8221; auto_ignore_hover=&#8221;on&#8221; locked=&#8221;off&#8221;][et_pb_slide heading=&#8221;Hrvatski geolo\u0161ki institut&#8221; _builder_version=&#8221;4.4.1&#8243; header_font=&#8221;|||on|||||&#8221; background_image=&#8221;http:\/\/www.hgi-cgs.hr\/wp-content\/uploads\/2020\/03\/Br\u010di\u0107_Drvenik02-scaled.jpg&#8221; background_enable_image=&#8221;on&#8221; locked=&#8221;off&#8221; sticky_transition=&#8221;on&#8221;][\/et_pb_slide][et_pb_slide heading=&#8221;Hrvatski geolo\u0161ki institut&#8221; _builder_version=&#8221;4.4.1&#8243; header_font=&#8221;|||on|||||&#8221; background_image=&#8221;http:\/\/www.hgi-cgs.hr\/wp-content\/uploads\/2020\/03\/ban2-scaled.jpg&#8221; background_enable_image=&#8221;on&#8221; locked=&#8221;off&#8221; sticky_transition=&#8221;on&#8221;][\/et_pb_slide][et_pb_slide heading=&#8221;Hrvatski geolo\u0161ki institut&#8221; _builder_version=&#8221;4.4.1&#8243; header_font=&#8221;|||on|||||&#8221; background_image=&#8221;http:\/\/www.hgi-cgs.hr\/wp-content\/uploads\/2020\/03\/20190228_094232-scaled.jpg&#8221; background_enable_image=&#8221;on&#8221; locked=&#8221;off&#8221; sticky_transition=&#8221;on&#8221;][\/et_pb_slide][et_pb_slide heading=&#8221;Hrvatski geolo\u0161ki institut&#8221; _builder_version=&#8221;4.4.1&#8243; header_font=&#8221;|||on|||||&#8221; background_image=&#8221;http:\/\/www.hgi-cgs.hr\/wp-content\/uploads\/2020\/03\/ban3-scaled.jpg&#8221; background_enable_image=&#8221;on&#8221; locked=&#8221;off&#8221; sticky_transition=&#8221;on&#8221;][\/et_pb_slide][et_pb_slide heading=&#8221;Hrvatski geolo\u0161ki institut&#8221; _builder_version=&#8221;4.4.1&#8243; header_font=&#8221;|||on|||||&#8221; background_image=&#8221;http:\/\/www.hgi-cgs.hr\/wp-content\/uploads\/2020\/03\/Bijele_stijene-Gorski_kotar-scaled.jpg&#8221; background_enable_image=&#8221;on&#8221; locked=&#8221;off&#8221; sticky_transition=&#8221;on&#8221;][\/et_pb_slide][et_pb_slide heading=&#8221;Hrvatski geolo\u0161ki institut&#8221; _builder_version=&#8221;4.4.1&#8243; header_font=&#8221;|||on|||||&#8221; background_image=&#8221;http:\/\/www.hgi-cgs.hr\/wp-content\/uploads\/2020\/03\/ban4-scaled.jpg&#8221; background_enable_image=&#8221;on&#8221; locked=&#8221;off&#8221; sticky_transition=&#8221;on&#8221;][\/et_pb_slide][et_pb_slide heading=&#8221;Hrvatski geolo\u0161ki institut&#8221; _builder_version=&#8221;4.4.1&#8243; header_font=&#8221;|||on|||||&#8221; background_image=&#8221;http:\/\/www.hgi-cgs.hr\/wp-content\/uploads\/2020\/03\/ban5-scaled.jpg&#8221; background_enable_image=&#8221;on&#8221; locked=&#8221;off&#8221; sticky_transition=&#8221;on&#8221;][\/et_pb_slide][\/et_pb_fullwidth_slider][\/et_pb_section][et_pb_section fb_built=&#8221;1&#8243; _builder_version=&#8221;4.4.2&#8243; custom_padding=&#8221;20px||41px|||&#8221;][et_pb_row _builder_version=&#8221;4.4.2&#8243;][et_pb_column type=&#8221;4_4&#8243; _builder_version=&#8221;4.4.2&#8243;][et_pb_text _builder_version=&#8221;4.4.2&#8243; text_font_size=&#8221;32px&#8221; header_2_text_color=&#8221;#1e5096&#8243;]<\/p>\n<h2 style=\"text-align: center; color: #1e5096;\"><strong>ZAVOD ZA GEOLOGIJU I I IN\u017dENJERSKU GEOLOGIJU<\/strong><\/h2>\n<p>[\/et_pb_text][\/et_pb_column][\/et_pb_row][et_pb_row _builder_version=&#8221;4.4.2&#8243; custom_padding=&#8221;8px|||||&#8221;][et_pb_column type=&#8221;4_4&#8243; _builder_version=&#8221;4.4.2&#8243;][et_pb_text _builder_version=&#8221;4.4.4&#8243; text_font_size=&#8221;32px&#8221; header_2_text_color=&#8221;#1e5096&#8243; header_2_line_height=&#8221;1.3em&#8221; custom_margin=&#8221;||-13px|||&#8221;]<\/p>\n<h2 style=\"text-align: center; color: #1e5096;\"><strong>GeoMapping<\/strong><\/h2>\n<p>[\/et_pb_text][\/et_pb_column][\/et_pb_row][et_pb_row _builder_version=&#8221;4.0.3&#8243; min_height=&#8221;192px&#8221; custom_margin=&#8221;1px|auto||auto||&#8221; custom_padding=&#8221;0px|||||&#8221;][et_pb_column type=&#8221;4_4&#8243; _builder_version=&#8221;4.0.3&#8243;][et_pb_text _builder_version=&#8221;4.6.5&#8243; text_font=&#8221;||||||||&#8221; link_font=&#8221;||||||||&#8221; link_text_color=&#8221;#e09900&#8243; custom_margin=&#8221;18px|||||&#8221; custom_padding=&#8221;|10px||10px|false|true&#8221; hover_enabled=&#8221;0&#8243; sticky_enabled=&#8221;0&#8243;]<\/p>\n<p style=\"text-align: left;\">Projekt <strong>GeoMapping \u2013 Istra\u017eivanje i promocija plitkog geotermalnog potencijala u Republici Hrvatskoj<\/strong> bavi se istra\u017eivanjem geotermalnih karakteristika plitkog podzemlja (do 100 m) na osam karakteristi\u010dnih lokacija diljem Hrvatske za potrebe grijanja i hla\u0111enja dizalicama topline. Projekt se provodi pod vodstvom znanstvenika Fakulteta strojarstva i brodogradnje Sveu\u010dili\u0161ta u Zagrebu, a Hrvatski geolo\u0161ki institut sudjeluje kao partner. Glavni zadatak istra\u017eiva\u010da na\u0161e institucije je utvr\u0111ivanje hidrogeolo\u0161kih i geotermijskih parametara tla i stijena (Zavod za hidrogeologiju i in\u017eenjersku geologiju) te litolo\u0161ke i stratigrafske pripadnosti nabu\u0161enih naslaga (Zavod za geologiju). Isto tako, mjerit \u0107e se toplinski odziv tla TRT ure\u0111ajem (engl. Thermal Response Test) te \u0107e se uspore\u0111ivati geolo\u0161ka predikcija svojstava s mjerenim podatcima. Po zavr\u0161etku svih osam bu\u0161otina izradit \u0107e se kartografski prikazi varijacije plitkog geotermalnog potencijala na teritoriju RH.<\/p>\n<p style=\"text-align: left;\">Na svim istra\u017enim lokacijama ugradit \u0107e se oprema (bu\u0161otinski izmjenjiva\u010di topline i dizalice topline) koja \u0107e ostati suradni\u010dkim institucijama za kori\u0161tenje, kao i daljnju edukaciju u\u010denika i studenata o ovoj tehnologiji kori\u0161tenja obnovljivog izvora energije, budu\u0107i da se radi o \u0161kolskim i istra\u017eiva\u010dkim ustanovama.<\/p>\n<p style=\"clear: both; text-align: left;\">Vi\u0161e o projektu mo\u017eete doznati na web stranici <em><a href=\"http:\/\/geothermalmapping.fsb.hr\/\" target=\"new\" rel=\"noopener noreferrer\">www.geothermalmapping.fsb.hr<\/a><\/em><\/p>\n<p style=\"clear: both;\">\n[\/et_pb_text][\/et_pb_column][\/et_pb_row][et_pb_row column_structure=&#8221;1_2,1_2&#8243; _builder_version=&#8221;4.4.4&#8243; custom_padding=&#8221;||9px|||&#8221;][et_pb_column type=&#8221;1_2&#8243; _builder_version=&#8221;4.4.4&#8243;][et_pb_image src=&#8221;http:\/\/www.hgi-cgs.hr\/wp-content\/uploads\/2020\/05\/gm1-1.jpg&#8221; title_text=&#8221;OLYMPUS DIGITAL CAMERA&#8221; align=&#8221;center&#8221; _builder_version=&#8221;4.4.4&#8243; width=&#8221;80%&#8221; custom_margin=&#8221;||7px|||&#8221; border_radii=&#8221;on|5px|5px|5px|5px&#8221; box_shadow_style=&#8221;preset1&#8243;][\/et_pb_image][et_pb_text _builder_version=&#8221;4.6.5&#8243; text_font_size=&#8221;13px&#8221; hover_enabled=&#8221;0&#8243; custom_margin=&#8221;-5px||||false|false&#8221; sticky_enabled=&#8221;0&#8243;]<\/p>\n<p style=\"text-align: center;\">Bu\u0161enje na lokaciji \u010cakovec<\/p>\n<p>[\/et_pb_text][\/et_pb_column][et_pb_column type=&#8221;1_2&#8243; _builder_version=&#8221;4.4.4&#8243;][et_pb_image src=&#8221;http:\/\/www.hgi-cgs.hr\/wp-content\/uploads\/2020\/05\/gm2.jpg&#8221; title_text=&#8221;OLYMPUS DIGITAL CAMERA&#8221; align=&#8221;center&#8221; _builder_version=&#8221;4.4.4&#8243; width=&#8221;80%&#8221; custom_margin=&#8221;||10px|||&#8221; border_radii=&#8221;on|5px|5px|5px|5px&#8221; box_shadow_style=&#8221;preset1&#8243;][\/et_pb_image][et_pb_text _builder_version=&#8221;4.6.5&#8243; text_font_size=&#8221;13px&#8221; hover_enabled=&#8221;0&#8243; custom_margin=&#8221;-5px||||false|false&#8221; sticky_enabled=&#8221;0&#8243;]<\/p>\n<p style=\"text-align: center;\">Determinacija jezgre u \u010cakovcu<\/p>\n<p>[\/et_pb_text][\/et_pb_column][\/et_pb_row][et_pb_row _builder_version=&#8221;4.4.4&#8243;][et_pb_column type=&#8221;4_4&#8243; _builder_version=&#8221;4.4.4&#8243;][et_pb_image src=&#8221;http:\/\/www.hgi-cgs.hr\/wp-content\/uploads\/2020\/05\/gm3.jpg&#8221; title_text=&#8221;gm3&#8243; align=&#8221;center&#8221; _builder_version=&#8221;4.4.4&#8243; width=&#8221;45%&#8221; custom_margin=&#8221;||9px|||&#8221; border_radii=&#8221;on|5px|5px|5px|5px&#8221; box_shadow_style=&#8221;preset1&#8243; box_shadow_blur=&#8221;19px&#8221;][\/et_pb_image][et_pb_text _builder_version=&#8221;4.6.5&#8243; text_font_size=&#8221;13px&#8221; hover_enabled=&#8221;0&#8243; custom_margin=&#8221;-5px||||false|false&#8221; sticky_enabled=&#8221;0&#8243;]<\/p>\n<p style=\"text-align: center;\">Determinacija jezgre u Osijeku<\/p>\n<p>[\/et_pb_text][\/et_pb_column][\/et_pb_row][\/et_pb_section]<\/p>\n","protected":false},"excerpt":{"rendered":"<p>ZAVOD ZA GEOLOGIJU I I IN\u017dENJERSKU GEOLOGIJUGeoMappingProjekt GeoMapping \u2013 Istra\u017eivanje i promocija plitkog geotermalnog potencijala u Republici Hrvatskoj bavi se istra\u017eivanjem geotermalnih karakteristika plitkog podzemlja (do 100 m) na osam karakteristi\u010dnih lokacija diljem Hrvatske za potrebe grijanja i hla\u0111enja dizalicama topline. Projekt se provodi pod vodstvom znanstvenika Fakulteta strojarstva i brodogradnje Sveu\u010dili\u0161ta u Zagrebu, a [&hellip;]<\/p>\n","protected":false},"author":1,"featured_media":0,"parent":0,"menu_order":0,"comment_status":"closed","ping_status":"closed","template":"","meta":{"_et_pb_use_builder":"on","_et_pb_old_content":"","_et_gb_content_width":"","footnotes":""},"class_list":["post-33927","page","type-page","status-publish","hentry"],"aioseo_notices":[],"_links":{"self":[{"href":"https:\/\/www.hgi-cgs.hr\/en\/wp-json\/wp\/v2\/pages\/33927","targetHints":{"allow":["GET"]}}],"collection":[{"href":"https:\/\/www.hgi-cgs.hr\/en\/wp-json\/wp\/v2\/pages"}],"about":[{"href":"https:\/\/www.hgi-cgs.hr\/en\/wp-json\/wp\/v2\/types\/page"}],"author":[{"embeddable":true,"href":"https:\/\/www.hgi-cgs.hr\/en\/wp-json\/wp\/v2\/users\/1"}],"replies":[{"embeddable":true,"href":"https:\/\/www.hgi-cgs.hr\/en\/wp-json\/wp\/v2\/comments?post=33927"}],"version-history":[{"count":4,"href":"https:\/\/www.hgi-cgs.hr\/en\/wp-json\/wp\/v2\/pages\/33927\/revisions"}],"predecessor-version":[{"id":35318,"href":"https:\/\/www.hgi-cgs.hr\/en\/wp-json\/wp\/v2\/pages\/33927\/revisions\/35318"}],"wp:attachment":[{"href":"https:\/\/www.hgi-cgs.hr\/en\/wp-json\/wp\/v2\/media?parent=33927"}],"curies":[{"name":"wp","href":"https:\/\/api.w.org\/{rel}","templated":true}]}}