{"id":33905,"date":"2020-09-18T11:51:21","date_gmt":"2020-09-18T11:51:21","guid":{"rendered":"http:\/\/www.hgi-cgs.hr\/?page_id=33905"},"modified":"2020-10-13T12:26:36","modified_gmt":"2020-10-13T12:26:36","slug":"boderec-ce","status":"publish","type":"page","link":"https:\/\/www.hgi-cgs.hr\/en\/boderec-ce\/","title":{"rendered":"boDEREC-CE"},"content":{"rendered":"<p>[et_pb_section fb_built=&#8221;1&#8243; fullwidth=&#8221;on&#8221; _builder_version=&#8221;4.4.1&#8243; custom_padding=&#8221;0px||0px|||&#8221;][et_pb_fullwidth_slider _builder_version=&#8221;4.4.2&#8243; min_height=&#8221;112px&#8221; height=&#8221;400px&#8221; custom_margin=&#8221;0px||||false|false&#8221; custom_padding=&#8221;0px||18px||false|false&#8221; auto=&#8221;on&#8221; auto_ignore_hover=&#8221;on&#8221; locked=&#8221;off&#8221;][et_pb_slide heading=&#8221;Hrvatski geolo\u0161ki institut&#8221; _builder_version=&#8221;4.4.1&#8243; header_font=&#8221;|||on|||||&#8221; background_image=&#8221;http:\/\/www.hgi-cgs.hr\/wp-content\/uploads\/2020\/03\/Br\u010di\u0107_Drvenik02-scaled.jpg&#8221; background_enable_image=&#8221;on&#8221; locked=&#8221;off&#8221; sticky_transition=&#8221;on&#8221;][\/et_pb_slide][et_pb_slide heading=&#8221;Hrvatski geolo\u0161ki institut&#8221; _builder_version=&#8221;4.4.1&#8243; header_font=&#8221;|||on|||||&#8221; background_image=&#8221;http:\/\/www.hgi-cgs.hr\/wp-content\/uploads\/2020\/03\/ban2-scaled.jpg&#8221; background_enable_image=&#8221;on&#8221; locked=&#8221;off&#8221; sticky_transition=&#8221;on&#8221;][\/et_pb_slide][et_pb_slide heading=&#8221;Hrvatski geolo\u0161ki institut&#8221; _builder_version=&#8221;4.4.1&#8243; header_font=&#8221;|||on|||||&#8221; background_image=&#8221;http:\/\/www.hgi-cgs.hr\/wp-content\/uploads\/2020\/03\/20190228_094232-scaled.jpg&#8221; background_enable_image=&#8221;on&#8221; locked=&#8221;off&#8221; sticky_transition=&#8221;on&#8221;][\/et_pb_slide][et_pb_slide heading=&#8221;Hrvatski geolo\u0161ki institut&#8221; _builder_version=&#8221;4.4.1&#8243; header_font=&#8221;|||on|||||&#8221; background_image=&#8221;http:\/\/www.hgi-cgs.hr\/wp-content\/uploads\/2020\/03\/ban3-scaled.jpg&#8221; background_enable_image=&#8221;on&#8221; locked=&#8221;off&#8221; sticky_transition=&#8221;on&#8221;][\/et_pb_slide][et_pb_slide heading=&#8221;Hrvatski geolo\u0161ki institut&#8221; _builder_version=&#8221;4.4.1&#8243; header_font=&#8221;|||on|||||&#8221; background_image=&#8221;http:\/\/www.hgi-cgs.hr\/wp-content\/uploads\/2020\/03\/Bijele_stijene-Gorski_kotar-scaled.jpg&#8221; background_enable_image=&#8221;on&#8221; locked=&#8221;off&#8221; sticky_transition=&#8221;on&#8221;][\/et_pb_slide][et_pb_slide heading=&#8221;Hrvatski geolo\u0161ki institut&#8221; _builder_version=&#8221;4.4.1&#8243; header_font=&#8221;|||on|||||&#8221; background_image=&#8221;http:\/\/www.hgi-cgs.hr\/wp-content\/uploads\/2020\/03\/ban4-scaled.jpg&#8221; background_enable_image=&#8221;on&#8221; locked=&#8221;off&#8221; sticky_transition=&#8221;on&#8221;][\/et_pb_slide][et_pb_slide heading=&#8221;Hrvatski geolo\u0161ki institut&#8221; _builder_version=&#8221;4.4.1&#8243; header_font=&#8221;|||on|||||&#8221; background_image=&#8221;http:\/\/www.hgi-cgs.hr\/wp-content\/uploads\/2020\/03\/ban5-scaled.jpg&#8221; background_enable_image=&#8221;on&#8221; locked=&#8221;off&#8221; sticky_transition=&#8221;on&#8221;][\/et_pb_slide][\/et_pb_fullwidth_slider][\/et_pb_section][et_pb_section fb_built=&#8221;1&#8243; _builder_version=&#8221;4.4.2&#8243; custom_padding=&#8221;20px||41px|||&#8221;][et_pb_row _builder_version=&#8221;4.4.2&#8243;][et_pb_column type=&#8221;4_4&#8243; _builder_version=&#8221;4.4.2&#8243;][et_pb_text _builder_version=&#8221;4.6.5&#8243; text_font_size=&#8221;32px&#8221; header_2_text_color=&#8221;#1e5096&#8243;]<\/p>\n<h2 style=\"text-align: center; color: #1e5096;\"><strong>ZAVOD ZA HIDROGEOLOGIJU I IN\u017dENJERSKU GEOLOGIJU<\/strong><\/h2>\n<p>[\/et_pb_text][et_pb_text _builder_version=&#8221;4.4.2&#8243; text_font_size=&#8221;32px&#8221; header_2_text_color=&#8221;#1e5096&#8243; header_2_line_height=&#8221;1.3em&#8221;]<\/p>\n<h2 style=\"text-align: center; color: #1e5096;\"><strong>boDEREC-CE &#8211; Board for Detection and Assessment of Pharmaceutical Drug Residues in Drinking Water &#8211; Capacity Building for Water Management in Central Europe<\/strong><\/h2>\n<p>[\/et_pb_text][et_pb_text _builder_version=&#8221;4.4.2&#8243; header_4_line_height=&#8221;1.3em&#8221; custom_margin=&#8221;-22px|||||&#8221;]<\/p>\n<p style=\"text-align: center;\"><strong><em>Voditelj projekta: dr.sc. Josip Terzi\u0107<\/em><\/strong><\/p>\n<p>[\/et_pb_text][\/et_pb_column][\/et_pb_row][et_pb_row _builder_version=&#8221;4.4.2&#8243; custom_padding=&#8221;0px|||||&#8221;][et_pb_column type=&#8221;4_4&#8243; _builder_version=&#8221;4.4.2&#8243;][et_pb_image src=&#8221;http:\/\/www.hgi-cgs.hr\/wp-content\/uploads\/2019\/11\/boDEREC_logo.jpg&#8221; align=&#8221;center&#8221; align_tablet=&#8221;center&#8221; align_phone=&#8221;&#8221; align_last_edited=&#8221;on|desktop&#8221; _builder_version=&#8221;4.6.1&#8243; width=&#8221;73%&#8221; max_width=&#8221;25%&#8221; module_alignment=&#8221;center&#8221; custom_margin=&#8221;||-15px|||&#8221;][\/et_pb_image][\/et_pb_column][\/et_pb_row][et_pb_row column_structure=&#8221;1_2,1_2&#8243; _builder_version=&#8221;4.0.3&#8243; min_height=&#8221;192px&#8221; custom_margin=&#8221;-5px|auto||auto||&#8221; custom_padding=&#8221;0px|||||&#8221;][et_pb_column type=&#8221;1_2&#8243; _builder_version=&#8221;4.0.3&#8243;][et_pb_text _builder_version=&#8221;4.6.5&#8243; text_font=&#8221;||||||||&#8221; text_line_height=&#8221;1.9em&#8221; link_font=&#8221;||||||||&#8221; link_text_color=&#8221;#e09900&#8243; custom_margin=&#8221;18px|||||&#8221; custom_padding=&#8221;|10px||10px|false|true&#8221; hover_enabled=&#8221;0&#8243; sticky_enabled=&#8221;0&#8243;]<\/p>\n<p style=\"text-align: left;\">U sklopu EU programa Interreg Central Europe 2014-2020, prioritetne osi 3. Suradnja u podru\u010dju prirodnih i kulturnih resursa za odr\u017eivi rast u Sredi\u0161njoj Europi, odobreno je sufinanciranje projekta <strong>boDEREC-CE<\/strong> (engl. <em>Board for Detection and Assessment of Pharmaceutical Drug Residues in Drinking Water \u2013 Capacity Building for Water Management in Central Europe<\/em>) vrijednog 2.328.140,81 \u20ac. Trogodi\u0161nje trajanje projekta predvi\u0111eno je do 2022. godine, tijekom kojeg \u0107e suradnju ostvariti 12 partnera iz sedam dr\u017eava Europske Unije (Austrija, \u010ce\u0161ka, Italija, Njema\u010dka, Poljska, Slovenija i Hrvatska). Zavod za hidrogeologiju i in\u017eenjersku geologiju Hrvatskog geolo\u0161kog instituta ima ulogu vode\u0107eg partnera na projektu, dok \u0107e Vodovod i kanalizacija d.o.o. Split sudjelovati kao projektni partner.<\/p>\n<p style=\"text-align: left;\">Voda, iako jedan od najvrednijih prirodnih resursa, pod sve ve\u0107im je pritiskom ubrzanog tehnolo\u0161kog razvoja. Novija istra\u017eivanja pokazuju kako vodeni okoli\u0161 sadr\u017ei tvari antropogenog podrijetla \u010dija prisutnost do prije nekoliko godina nije bila istra\u017eivana zbog ograni\u010denja postoje\u0107ih analiti\u010dkih metoda.<\/p>\n<p style=\"text-align: left;\">Zaga\u0111enje farmaceutskim proizvodima i proizvodima za osobnu njegu (engl. <em>Pharmaceuticals and personal care products &#8211; PPCP<\/em>) dospijeva u okoli\u0161 kroz izlu\u010divanje \u017eivih organizama, otpad iz ku\u0107anstva i industrije, kanalizaciju, otpadne vode iz \u017eivotinjskih farmi te izravnim odlaganjem tih proizvoda. Premda se dio tih spojeva razgra\u0111uje i degradira, mnogi \u0107e ostati u tlu i vodi te stvoriti potencijalni rizik za okoli\u0161 i zdravlje. Ve\u0107ina postrojenja za pro\u010di\u0161\u0107avanje otpadnih voda ih ne mo\u017ee eliminirati. Problematici pra\u0107enja i uklanjanja PPCP-ova u vodi, projekt boDEREC-CE pristupit \u0107e razvijanjem zajedni\u010dkog smjera djelovanja i politike na razini EU-a.<\/p>\n<p style=\"text-align: left;\">Ciljevi projektnih aktivnosti su unaprijediti znanja o identifikaciji, pra\u0107enju pona\u0161anja, modeliranju pronosa i tehnolo\u0161kim mogu\u0107nostima uklanjanja PPCP-ova u vodnim resursima kori\u0161tenim u vodoopskrbi.<\/p>\n<p>&nbsp;<\/p>\n<p>[\/et_pb_text][\/et_pb_column][et_pb_column type=&#8221;1_2&#8243; _builder_version=&#8221;4.0.3&#8243;][et_pb_text _builder_version=&#8221;4.6.5&#8243; custom_margin=&#8221;19px||||false|false&#8221; custom_padding=&#8221;|10px||10px|false|true&#8221; hover_enabled=&#8221;0&#8243; sticky_enabled=&#8221;0&#8243;]<\/p>\n<p style=\"text-align: left;\">Me\u0111u osam pilot podru\u010dja uspostavljenih u sedam dr\u017eava Europske Unije, nalazi se i hrvatsko pilot podru\u010dje slijeva rijeke Jadro, koji se koristi za vodoopskrbu grada Splita. U projektne aktivnosti planira se uklju\u010diti sve relevantne dionike kroz konferencije, webinare, panel diskusije te radionice za stru\u010dnjake i \u0161iru javnost.<\/p>\n<p style=\"text-align: left;\">Trogodi\u0161nje trajanje projekta predvi\u0111eno je od 01.04.2019. do 31.03.2022. godine, tijekom kojeg \u0107e suradnju ostvariti 12 partnera iz sedam dr\u017eava Europske Unije (Austrija, \u010ce\u0161ka, Italija, Njema\u010dka, Poljska, Slovenija i Hrvatska).<\/p>\n<p>[\/et_pb_text][et_pb_image src=&#8221;http:\/\/www.hgi-cgs.hr\/wp-content\/uploads\/2019\/11\/pp_logos.jpg&#8221; align=&#8221;center&#8221; align_tablet=&#8221;center&#8221; align_phone=&#8221;&#8221; align_last_edited=&#8221;on|desktop&#8221; _builder_version=&#8221;4.6.1&#8243; max_width=&#8221;70%&#8221; module_alignment=&#8221;center&#8221; custom_margin=&#8221;20px||||false|false&#8221; custom_padding=&#8221;21px|||||&#8221; border_radii=&#8221;on|5px|5px|5px|5px&#8221; box_shadow_style=&#8221;preset1&#8243; box_shadow_blur=&#8221;15px&#8221;][\/et_pb_image][et_pb_text _builder_version=&#8221;4.6.5&#8243; text_font=&#8221;||||||||&#8221; text_font_size=&#8221;13px&#8221; text_orientation=&#8221;center&#8221; max_width=&#8221;85%&#8221; module_alignment=&#8221;center&#8221; custom_margin=&#8221;-30px||23px||false|false&#8221; custom_padding=&#8221;0px|||||&#8221; hover_enabled=&#8221;0&#8243; sticky_enabled=&#8221;0&#8243;]<\/p>\n<p>Projektni partneri<\/p>\n<p>[\/et_pb_text][et_pb_image src=&#8221;http:\/\/www.hgi-cgs.hr\/wp-content\/uploads\/2019\/11\/partners_map.jpg&#8221; align=&#8221;center&#8221; align_tablet=&#8221;center&#8221; align_phone=&#8221;&#8221; align_last_edited=&#8221;on|desktop&#8221; _builder_version=&#8221;4.6.1&#8243; width=&#8221;76%&#8221; max_width=&#8221;70%&#8221; module_alignment=&#8221;center&#8221; border_radii=&#8221;on|5px|5px|5px|5px&#8221; box_shadow_style=&#8221;preset1&#8243; box_shadow_blur=&#8221;15px&#8221;][\/et_pb_image][et_pb_text _builder_version=&#8221;4.6.5&#8243; text_font=&#8221;||||||||&#8221; text_font_size=&#8221;13px&#8221; text_orientation=&#8221;center&#8221; max_width=&#8221;85%&#8221; module_alignment=&#8221;center&#8221; custom_margin=&#8221;-30px||||false|false&#8221; custom_padding=&#8221;0px|||||&#8221; hover_enabled=&#8221;0&#8243; sticky_enabled=&#8221;0&#8243;]<\/p>\n<p>Geografski polo\u017eaj partnera<\/p>\n<p>[\/et_pb_text][\/et_pb_column][\/et_pb_row][\/et_pb_section]<\/p>\n","protected":false},"excerpt":{"rendered":"<p>ZAVOD ZA HIDROGEOLOGIJU I IN\u017dENJERSKU GEOLOGIJUboDEREC-CE &#8211; Board for Detection and Assessment of Pharmaceutical Drug Residues in Drinking Water &#8211; Capacity Building for Water Management in Central EuropeVoditelj projekta: dr.sc. Josip Terzi\u0107U sklopu EU programa Interreg Central Europe 2014-2020, prioritetne osi 3. Suradnja u podru\u010dju prirodnih i kulturnih resursa za odr\u017eivi rast u Sredi\u0161njoj Europi, [&hellip;]<\/p>\n","protected":false},"author":1,"featured_media":0,"parent":0,"menu_order":0,"comment_status":"closed","ping_status":"closed","template":"","meta":{"_et_pb_use_builder":"on","_et_pb_old_content":"","_et_gb_content_width":"","footnotes":""},"class_list":["post-33905","page","type-page","status-publish","hentry"],"aioseo_notices":[],"_links":{"self":[{"href":"https:\/\/www.hgi-cgs.hr\/en\/wp-json\/wp\/v2\/pages\/33905","targetHints":{"allow":["GET"]}}],"collection":[{"href":"https:\/\/www.hgi-cgs.hr\/en\/wp-json\/wp\/v2\/pages"}],"about":[{"href":"https:\/\/www.hgi-cgs.hr\/en\/wp-json\/wp\/v2\/types\/page"}],"author":[{"embeddable":true,"href":"https:\/\/www.hgi-cgs.hr\/en\/wp-json\/wp\/v2\/users\/1"}],"replies":[{"embeddable":true,"href":"https:\/\/www.hgi-cgs.hr\/en\/wp-json\/wp\/v2\/comments?post=33905"}],"version-history":[{"count":5,"href":"https:\/\/www.hgi-cgs.hr\/en\/wp-json\/wp\/v2\/pages\/33905\/revisions"}],"predecessor-version":[{"id":35282,"href":"https:\/\/www.hgi-cgs.hr\/en\/wp-json\/wp\/v2\/pages\/33905\/revisions\/35282"}],"wp:attachment":[{"href":"https:\/\/www.hgi-cgs.hr\/en\/wp-json\/wp\/v2\/media?parent=33905"}],"curies":[{"name":"wp","href":"https:\/\/api.w.org\/{rel}","templated":true}]}}