{"id":33898,"date":"2020-09-18T11:42:52","date_gmt":"2020-09-18T11:42:52","guid":{"rendered":"http:\/\/www.hgi-cgs.hr\/?page_id=33898"},"modified":"2024-03-14T06:02:01","modified_gmt":"2024-03-14T06:02:01","slug":"muse","status":"publish","type":"page","link":"https:\/\/www.hgi-cgs.hr\/en\/muse\/","title":{"rendered":"MUSE"},"content":{"rendered":"<p>[et_pb_section fb_built=&#8221;1&#8243; fullwidth=&#8221;on&#8221; _builder_version=&#8221;4.16&#8243; custom_padding=&#8221;0px||0px|||&#8221; global_colors_info=&#8221;{}&#8221;][et_pb_fullwidth_slider _builder_version=&#8221;4.16&#8243; min_height=&#8221;112px&#8221; height=&#8221;400px&#8221; custom_margin=&#8221;0px||||false|false&#8221; custom_padding=&#8221;0px||18px||false|false&#8221; auto=&#8221;on&#8221; auto_ignore_hover=&#8221;on&#8221; locked=&#8221;off&#8221; global_colors_info=&#8221;{}&#8221;][et_pb_slide heading=&#8221;Hrvatski geolo\u0161ki institut&#8221; _builder_version=&#8221;4.16&#8243; header_font=&#8221;|||on|||||&#8221; background_image=&#8221;https:\/\/www.hgi-cgs.hr\/wp-content\/uploads\/2020\/03\/Br\u010di\u0107_Drvenik02-scaled.jpg&#8221; background_enable_image=&#8221;on&#8221; locked=&#8221;off&#8221; global_colors_info=&#8221;{}&#8221; sticky_transition=&#8221;on&#8221;][\/et_pb_slide][et_pb_slide heading=&#8221;Hrvatski geolo\u0161ki institut&#8221; _builder_version=&#8221;4.16&#8243; header_font=&#8221;|||on|||||&#8221; background_image=&#8221;https:\/\/www.hgi-cgs.hr\/wp-content\/uploads\/2020\/03\/ban2-scaled.jpg&#8221; background_enable_image=&#8221;on&#8221; locked=&#8221;off&#8221; global_colors_info=&#8221;{}&#8221; sticky_transition=&#8221;on&#8221;][\/et_pb_slide][et_pb_slide heading=&#8221;Hrvatski geolo\u0161ki institut&#8221; _builder_version=&#8221;4.16&#8243; header_font=&#8221;|||on|||||&#8221; background_image=&#8221;https:\/\/www.hgi-cgs.hr\/wp-content\/uploads\/2020\/03\/20190228_094232-scaled.jpg&#8221; background_enable_image=&#8221;on&#8221; locked=&#8221;off&#8221; global_colors_info=&#8221;{}&#8221; sticky_transition=&#8221;on&#8221;][\/et_pb_slide][et_pb_slide heading=&#8221;Hrvatski geolo\u0161ki institut&#8221; _builder_version=&#8221;4.16&#8243; header_font=&#8221;|||on|||||&#8221; background_image=&#8221;https:\/\/www.hgi-cgs.hr\/wp-content\/uploads\/2020\/03\/ban3-scaled.jpg&#8221; background_enable_image=&#8221;on&#8221; locked=&#8221;off&#8221; global_colors_info=&#8221;{}&#8221; sticky_transition=&#8221;on&#8221;][\/et_pb_slide][et_pb_slide heading=&#8221;Hrvatski geolo\u0161ki institut&#8221; _builder_version=&#8221;4.16&#8243; header_font=&#8221;|||on|||||&#8221; background_image=&#8221;https:\/\/www.hgi-cgs.hr\/wp-content\/uploads\/2020\/03\/Bijele_stijene-Gorski_kotar-scaled.jpg&#8221; background_enable_image=&#8221;on&#8221; locked=&#8221;off&#8221; global_colors_info=&#8221;{}&#8221; sticky_transition=&#8221;on&#8221;][\/et_pb_slide][et_pb_slide heading=&#8221;Hrvatski geolo\u0161ki institut&#8221; _builder_version=&#8221;4.16&#8243; header_font=&#8221;|||on|||||&#8221; background_image=&#8221;https:\/\/www.hgi-cgs.hr\/wp-content\/uploads\/2020\/03\/ban4-scaled.jpg&#8221; background_enable_image=&#8221;on&#8221; locked=&#8221;off&#8221; global_colors_info=&#8221;{}&#8221; sticky_transition=&#8221;on&#8221;][\/et_pb_slide][et_pb_slide heading=&#8221;Hrvatski geolo\u0161ki institut&#8221; _builder_version=&#8221;4.16&#8243; header_font=&#8221;|||on|||||&#8221; background_image=&#8221;https:\/\/www.hgi-cgs.hr\/wp-content\/uploads\/2020\/03\/ban5-scaled.jpg&#8221; background_enable_image=&#8221;on&#8221; locked=&#8221;off&#8221; global_colors_info=&#8221;{}&#8221; sticky_transition=&#8221;on&#8221;][\/et_pb_slide][\/et_pb_fullwidth_slider][\/et_pb_section][et_pb_section fb_built=&#8221;1&#8243; _builder_version=&#8221;4.16&#8243; custom_padding=&#8221;20px||49px|||&#8221; global_colors_info=&#8221;{}&#8221;][et_pb_row _builder_version=&#8221;4.16&#8243; global_colors_info=&#8221;{}&#8221;][et_pb_column type=&#8221;4_4&#8243; _builder_version=&#8221;4.16&#8243; global_colors_info=&#8221;{}&#8221;][et_pb_text _builder_version=&#8221;4.16&#8243; text_font_size=&#8221;32px&#8221; header_2_text_color=&#8221;#1e5096&#8243; global_colors_info=&#8221;{}&#8221;]<\/p>\n<h2 style=\"text-align: center; color: #1e5096;\"><strong>ZAVOD ZA HIDROGEOLOGIJU I IN\u017dENJERSKU GEOLOGIJU<\/strong><\/h2>\n<p>[\/et_pb_text][\/et_pb_column][\/et_pb_row][et_pb_row _builder_version=&#8221;4.16&#8243; global_colors_info=&#8221;{}&#8221;][et_pb_column type=&#8221;4_4&#8243; _builder_version=&#8221;4.16&#8243; global_colors_info=&#8221;{}&#8221;][et_pb_text _builder_version=&#8221;4.16&#8243; text_font_size=&#8221;32px&#8221; header_2_text_color=&#8221;#1e5096&#8243; header_2_line_height=&#8221;1.3em&#8221; custom_margin=&#8221;||8px|||&#8221; global_colors_info=&#8221;{}&#8221;]<\/p>\n<h2 style=\"text-align: center; color: #1e5096;\"><strong><\/strong><strong>MUSE: Managing Urban Shallow Geothermal Energy <\/strong><\/h2>\n<p>[\/et_pb_text][\/et_pb_column][\/et_pb_row][et_pb_row _builder_version=&#8221;4.24.2&#8243; custom_padding=&#8221;0px|||||&#8221; hover_enabled=&#8221;0&#8243; global_colors_info=&#8221;{}&#8221; column_structure=&#8221;1_4,1_4,1_4,1_4&#8243; sticky_enabled=&#8221;0&#8243; height=&#8221;200px&#8221;][et_pb_column type=&#8221;1_4&#8243; _builder_version=&#8221;4.16&#8243; global_colors_info=&#8221;{}&#8221;][\/et_pb_column][et_pb_column type=&#8221;1_4&#8243; _builder_version=&#8221;4.16&#8243; global_colors_info=&#8221;{}&#8221;][et_pb_image src=&#8221;https:\/\/www.hgi-cgs.hr\/wp-content\/uploads\/2020\/09\/1a.jpg&#8221; title_text=&#8221;1a&#8221; align=&#8221;right&#8221; align_tablet=&#8221;center&#8221; align_phone=&#8221;&#8221; align_last_edited=&#8221;on|desktop&#8221; _builder_version=&#8221;4.24.2&#8243; width=&#8221;100%&#8221; max_width=&#8221;100%&#8221; module_alignment=&#8221;center&#8221; hover_enabled=&#8221;0&#8243; border_radii=&#8221;on|5px|5px|5px|5px&#8221; box_shadow_style=&#8221;preset1&#8243; box_shadow_blur=&#8221;15px&#8221; global_colors_info=&#8221;{}&#8221; sticky_enabled=&#8221;0&#8243; custom_margin=&#8221;30px||||false|false&#8221;][\/et_pb_image][\/et_pb_column][et_pb_column type=&#8221;1_4&#8243; _builder_version=&#8221;4.16&#8243; global_colors_info=&#8221;{}&#8221;][et_pb_image src=&#8221;https:\/\/www.hgi-cgs.hr\/wp-content\/uploads\/2024\/03\/gseu.png&#8221; _builder_version=&#8221;4.24.2&#8243; _module_preset=&#8221;default&#8221; title_text=&#8221;gseu&#8221; width=&#8221;90%&#8221; custom_margin=&#8221;20px||||false|false&#8221; hover_enabled=&#8221;0&#8243; sticky_enabled=&#8221;0&#8243;][\/et_pb_image][\/et_pb_column][et_pb_column type=&#8221;1_4&#8243; _builder_version=&#8221;4.16&#8243; global_colors_info=&#8221;{}&#8221;][\/et_pb_column][\/et_pb_row][et_pb_row _builder_version=&#8221;4.16&#8243; min_height=&#8221;192px&#8221; custom_margin=&#8221;12px|auto||auto||&#8221; custom_padding=&#8221;0px|||||&#8221; global_colors_info=&#8221;{}&#8221;][et_pb_column type=&#8221;4_4&#8243; _builder_version=&#8221;4.16&#8243; global_colors_info=&#8221;{}&#8221;][et_pb_text _builder_version=&#8221;4.16&#8243; text_font=&#8221;||||||||&#8221; link_font=&#8221;||||||||&#8221; link_text_color=&#8221;#e09900&#8243; custom_margin=&#8221;18px|||||&#8221; custom_padding=&#8221;|10px||10px|false|true&#8221; global_colors_info=&#8221;{}&#8221;]<\/p>\n<p style=\"text-align: left;\"><strong><em>Naslov: <\/em><\/strong>Managing Urban Shallow Geothermal Energy (MUSE)<\/p>\n<p style=\"text-align: left;\"><strong><em>Trajanje:<\/em><\/strong> 2018. \u2013 2021.<\/p>\n<p style=\"text-align: left;\"><strong>Voditeljica komunikacije:<\/strong> dr. sc. Sta\u0161a Borovi\u0107, Hrvatski geolo\u0161ki institut, <a href=\"mailto:sborovic@hgi-cgs.hr\"><em>sborovic@hgi-cgs.hr<\/em><\/a><\/p>\n<p style=\"text-align: left;\">Projekt MUSE (2018. &#8211; 2021.) istra\u017euje resurse i mogu\u0107e sukobe interesa povezane s kori\u0161tenjem plitke geotermalne energije u europskim urbanim podru\u010djima i dostavlja geoznanstvene podatke o podzemlju dionicima putem korisni\u010dke internetske informacijske platforme programa GeoERA.<\/p>\n<p style=\"text-align: left;\"><strong>KLJU\u010cNE PORUKE<\/strong><\/p>\n<ul style=\"text-align: left;\">\n<li>kori\u0161tenje plitkog geotermalnog potencijala mo\u017ee zna\u010dajno ubrzati prijelaz europskih gradova prema samodostatnoj i dekarboniziranoj ekonomiji<\/li>\n<li>u\u010dinkovito i odr\u017eivo kori\u0161tenje plitke geotermalne energije zahtijeva integrativne koncepte upravljanja i politike<\/li>\n<li>potrebno je prikupiti i uskladiti postoje\u0107a znanje i strategije za prijenos u druge urbane regije<\/li>\n<\/ul>\n<p style=\"text-align: left;\"><strong>O\u010cEKIVANI REZULTATI<\/strong><\/p>\n<ul style=\"text-align: left;\">\n<li>MUSE pru\u017ea sveobuhvatnu bazu znanja o kartiranju, upravljanju resursima i mogu\u0107im sukobima oko kori\u0161tenja koji se odnose na plitku geotermalnu energiju u urbanim podru\u010djima. Ovo tako\u0111er uklju\u010duje setove prostornih podataka koji \u0107e biti objavljeni na informacijskoj platformi programa GeoERA kao ogledni primjeri za moderne internetske informacijske sustave o upotrebi plitke geotermalne energije.<\/li>\n<li>MUSE tako\u0111er razvija strategije upravljanja koje bi osigurale u\u010dinkovito i odr\u017eivo kori\u0161tenje plitke geotermalne energije te minimizirale utjecaj na okoli\u0161. Ovi rezultati mogu slu\u017eiti kao podr\u0161ka strategijama gradova poput akcijskih planova za kori\u0161tenje obnovljivih izvora energije i odr\u017eivi razvoj.<\/li>\n<\/ul>\n<p style=\"text-align: left;\"><strong>PRIMJERI IZ PRAKSE<\/strong><\/p>\n<ul style=\"text-align: left;\">\n<li>Razvijene metode i pristupi testirat \u0107e se i vrjednovati, uz doprinos lokalnih dionika, u 14 urbanih pilot podru\u010dja \u0161irom Europe koja su reprezentativna za razli\u010dite klimatske i geolo\u0161ke uvjete.<\/li>\n<li>Rezultati projekta predstavljat \u0107e sveobuhvatnu zbirku metoda, pristupa i alata koji se mogu prenijeti u razli\u010dita urbanizirana podru\u010dja u Europi i usvojiti od strane drugih organizacija.<\/li>\n<\/ul>\n<p style=\"text-align: left;\"><strong>PARTNERSTVO<\/strong><\/p>\n<p style=\"text-align: left;\">Geolo\u0161ki instituti i slu\u017ebe iz 16 europskih zemalja sura\u0111uju u sklopu projekta MUSE s ciljem poticanju kori\u0161tenja plitke geotermalne energije u urbanim podru\u010djima.<\/p>\n<p style=\"text-align: left;\"><strong>FINANCIRANJE<br \/><\/strong><\/p>\n<p style=\"text-align: left;\">MUSE je financiran iz programa GeoERA, u sklopu istra\u017eiva\u010dkog programa EU Horizon 2020, \u010diji je glavni cilj pridonijeti optimalnoj upotrebi resursa i kvalitetnom upravljanju podzemljem. Program GeoERA obuhva\u0107a projekte iz primijenjenih geoznanosti kojima se pristupa kroz \u010detiri teme: geoenergija, podzemne vode, sirovine i informacijska platforma.<\/p>\n<p style=\"text-align: left;\"><strong>VI\u0160E INFORMACIJA<\/strong><\/p>\n<p style=\"text-align: left;\">Mre\u017ena stranica projekta: <a href=\"https:\/\/geoera.eu\/projects\/muse3\/\"><strong><em>https:\/\/geoera.eu\/projects\/muse3\/<\/em><\/strong><\/a><\/p>\n<p style=\"text-align: left;\">Osnovne informacije o hrvatskom pilot podru\u010dju: <em><a href=\"https:\/\/geoera.eu\/wp-content\/uploads\/2019\/06\/MUSE_Factsheet_04_Zagreb.pdf\">https:\/\/geoera.eu\/wp-content\/uploads\/2019\/06\/MUSE_Factsheet_04_Zagreb.pdf<\/a><\/em><\/p>\n<p style=\"text-align: left;\">[\/et_pb_text][\/et_pb_column][\/et_pb_row][et_pb_row column_structure=&#8221;1_2,1_2&#8243; _builder_version=&#8221;4.16&#8243; _module_preset=&#8221;default&#8221; global_colors_info=&#8221;{}&#8221;][et_pb_column type=&#8221;1_2&#8243; _builder_version=&#8221;4.16&#8243; _module_preset=&#8221;default&#8221; global_colors_info=&#8221;{}&#8221;][et_pb_image src=&#8221;https:\/\/www.hgi-cgs.hr\/wp-content\/uploads\/2020\/09\/2-scaled.jpg&#8221; title_text=&#8221;2&#8243; _builder_version=&#8221;4.16&#8243; _module_preset=&#8221;default&#8221; width=&#8221;80%&#8221; module_alignment=&#8221;center&#8221; custom_padding=&#8221;|||10px|false|false&#8221; border_radii=&#8221;on|5px|5px|5px|5px&#8221; box_shadow_style=&#8221;preset1&#8243; box_shadow_blur=&#8221;15px&#8221; global_colors_info=&#8221;{}&#8221;][\/et_pb_image][et_pb_text _builder_version=&#8221;4.16&#8243; _module_preset=&#8221;default&#8221; text_font_size=&#8221;13px&#8221; width=&#8221;90%&#8221; module_alignment=&#8221;center&#8221; custom_margin=&#8221;-32px|||||&#8221; global_colors_info=&#8221;{}&#8221;]<\/p>\n<p style=\"text-align: center;\">Poster &#8211; najava radionice razmjene znanja projekata MUSE i HotLime, odr\u017eane u HGI-CGS-u<\/p>\n<p>[\/et_pb_text][\/et_pb_column][et_pb_column type=&#8221;1_2&#8243; _builder_version=&#8221;4.16&#8243; _module_preset=&#8221;default&#8221; global_colors_info=&#8221;{}&#8221;][et_pb_image src=&#8221;https:\/\/www.hgi-cgs.hr\/wp-content\/uploads\/2020\/09\/3a-scaled.jpg&#8221; title_text=&#8221;3a&#8221; _builder_version=&#8221;4.16&#8243; _module_preset=&#8221;default&#8221; width=&#8221;75%&#8221; module_alignment=&#8221;left&#8221; custom_padding=&#8221;|10px|||false|false&#8221; border_radii=&#8221;on|5px|5px|5px|5px&#8221; box_shadow_style=&#8221;preset1&#8243; box_shadow_blur=&#8221;15px&#8221; global_colors_info=&#8221;{}&#8221;][\/et_pb_image][et_pb_text _builder_version=&#8221;4.16&#8243; _module_preset=&#8221;default&#8221; text_font_size=&#8221;13px&#8221; width=&#8221;90%&#8221; module_alignment=&#8221;left&#8221; custom_margin=&#8221;-27px|||||&#8221; custom_padding=&#8221;|50px|||false|false&#8221; global_colors_info=&#8221;{}&#8221;]<\/p>\n<p style=\"text-align: center;\">Projektni sastanak u dvorcu u Cardiffu<\/p>\n<p>[\/et_pb_text][\/et_pb_column][\/et_pb_row][et_pb_row _builder_version=&#8221;4.16&#8243; _module_preset=&#8221;default&#8221; global_colors_info=&#8221;{}&#8221;][et_pb_column type=&#8221;4_4&#8243; _builder_version=&#8221;4.16&#8243; _module_preset=&#8221;default&#8221; global_colors_info=&#8221;{}&#8221;][et_pb_image src=&#8221;https:\/\/www.hgi-cgs.hr\/wp-content\/uploads\/2020\/09\/3b.jpg&#8221; title_text=&#8221;3b&#8221; _builder_version=&#8221;4.16&#8243; _module_preset=&#8221;default&#8221; width=&#8221;50%&#8221; module_alignment=&#8221;center&#8221; custom_padding=&#8221;|10px||10px|false|true&#8221; border_radii=&#8221;on|5px|5px|5px|5px&#8221; box_shadow_style=&#8221;preset1&#8243; box_shadow_blur=&#8221;15px&#8221; global_colors_info=&#8221;{}&#8221;][\/et_pb_image][et_pb_text _builder_version=&#8221;4.16&#8243; _module_preset=&#8221;default&#8221; text_font_size=&#8221;13px&#8221; width=&#8221;90%&#8221; module_alignment=&#8221;center&#8221; custom_margin=&#8221;-27px|||||&#8221; custom_padding=&#8221;|0px|||false|false&#8221; global_colors_info=&#8221;{}&#8221;]<\/p>\n<p style=\"text-align: center;\">Projektni sastanak u dvorcu u Cardiffu<\/p>\n<p>[\/et_pb_text][et_pb_image src=&#8221;https:\/\/www.hgi-cgs.hr\/wp-content\/uploads\/2024\/03\/logo-projekti.png&#8221; _builder_version=&#8221;4.24.2&#8243; _module_preset=&#8221;default&#8221; title_text=&#8221;logo projekti&#8221; align=&#8221;center&#8221; hover_enabled=&#8221;0&#8243; sticky_enabled=&#8221;0&#8243;][\/et_pb_image][\/et_pb_column][\/et_pb_row][\/et_pb_section]<\/p>\n","protected":false},"excerpt":{"rendered":"<p>ZAVOD ZA HIDROGEOLOGIJU I IN\u017dENJERSKU GEOLOGIJUMUSE: Managing Urban Shallow Geothermal Energy Naslov: Managing Urban Shallow Geothermal Energy (MUSE) Trajanje: 2018. \u2013 2021. Voditeljica komunikacije: dr. sc. Sta\u0161a Borovi\u0107, Hrvatski geolo\u0161ki institut, sborovic@hgi-cgs.hr Projekt MUSE (2018. &#8211; 2021.) istra\u017euje resurse i mogu\u0107e sukobe interesa povezane s kori\u0161tenjem plitke geotermalne energije u europskim urbanim podru\u010djima i dostavlja [&hellip;]<\/p>\n","protected":false},"author":1,"featured_media":0,"parent":0,"menu_order":0,"comment_status":"closed","ping_status":"closed","template":"","meta":{"_et_pb_use_builder":"on","_et_pb_old_content":"","_et_gb_content_width":"","footnotes":""},"class_list":["post-33898","page","type-page","status-publish","hentry"],"aioseo_notices":[],"_links":{"self":[{"href":"https:\/\/www.hgi-cgs.hr\/en\/wp-json\/wp\/v2\/pages\/33898","targetHints":{"allow":["GET"]}}],"collection":[{"href":"https:\/\/www.hgi-cgs.hr\/en\/wp-json\/wp\/v2\/pages"}],"about":[{"href":"https:\/\/www.hgi-cgs.hr\/en\/wp-json\/wp\/v2\/types\/page"}],"author":[{"embeddable":true,"href":"https:\/\/www.hgi-cgs.hr\/en\/wp-json\/wp\/v2\/users\/1"}],"replies":[{"embeddable":true,"href":"https:\/\/www.hgi-cgs.hr\/en\/wp-json\/wp\/v2\/comments?post=33898"}],"version-history":[{"count":7,"href":"https:\/\/www.hgi-cgs.hr\/en\/wp-json\/wp\/v2\/pages\/33898\/revisions"}],"predecessor-version":[{"id":43339,"href":"https:\/\/www.hgi-cgs.hr\/en\/wp-json\/wp\/v2\/pages\/33898\/revisions\/43339"}],"wp:attachment":[{"href":"https:\/\/www.hgi-cgs.hr\/en\/wp-json\/wp\/v2\/media?parent=33898"}],"curies":[{"name":"wp","href":"https:\/\/api.w.org\/{rel}","templated":true}]}}