{"id":33884,"date":"2020-09-18T11:27:15","date_gmt":"2020-09-18T11:27:15","guid":{"rendered":"http:\/\/www.hgi-cgs.hr\/?page_id=33884"},"modified":"2020-10-13T13:15:32","modified_gmt":"2020-10-13T13:15:32","slug":"inzenjerskogeoloski-laboratorij","status":"publish","type":"page","link":"https:\/\/www.hgi-cgs.hr\/en\/inzenjerskogeoloski-laboratorij\/","title":{"rendered":"In\u017eenjerskogeolo\u0161ki laboratorij"},"content":{"rendered":"<p>[et_pb_section fb_built=&#8221;1&#8243; fullwidth=&#8221;on&#8221; _builder_version=&#8221;4.4.1&#8243; custom_padding=&#8221;0px||0px|||&#8221;][et_pb_fullwidth_slider _builder_version=&#8221;4.4.2&#8243; min_height=&#8221;112px&#8221; height=&#8221;400px&#8221; custom_margin=&#8221;0px||||false|false&#8221; custom_padding=&#8221;0px||18px||false|false&#8221; auto=&#8221;on&#8221; auto_ignore_hover=&#8221;on&#8221; locked=&#8221;off&#8221;][et_pb_slide heading=&#8221;Hrvatski geolo\u0161ki institut&#8221; _builder_version=&#8221;4.4.1&#8243; header_font=&#8221;|||on|||||&#8221; background_image=&#8221;http:\/\/www.hgi-cgs.hr\/wp-content\/uploads\/2020\/03\/Br\u010di\u0107_Drvenik02-scaled.jpg&#8221; background_enable_image=&#8221;on&#8221; locked=&#8221;off&#8221; sticky_transition=&#8221;on&#8221;][\/et_pb_slide][et_pb_slide heading=&#8221;Hrvatski geolo\u0161ki institut&#8221; _builder_version=&#8221;4.4.1&#8243; header_font=&#8221;|||on|||||&#8221; background_image=&#8221;http:\/\/www.hgi-cgs.hr\/wp-content\/uploads\/2020\/03\/ban2-scaled.jpg&#8221; background_enable_image=&#8221;on&#8221; locked=&#8221;off&#8221; sticky_transition=&#8221;on&#8221;][\/et_pb_slide][et_pb_slide heading=&#8221;Hrvatski geolo\u0161ki institut&#8221; _builder_version=&#8221;4.4.1&#8243; header_font=&#8221;|||on|||||&#8221; background_image=&#8221;http:\/\/www.hgi-cgs.hr\/wp-content\/uploads\/2020\/03\/20190228_094232-scaled.jpg&#8221; background_enable_image=&#8221;on&#8221; locked=&#8221;off&#8221; sticky_transition=&#8221;on&#8221;][\/et_pb_slide][et_pb_slide heading=&#8221;Hrvatski geolo\u0161ki institut&#8221; _builder_version=&#8221;4.4.1&#8243; header_font=&#8221;|||on|||||&#8221; background_image=&#8221;http:\/\/www.hgi-cgs.hr\/wp-content\/uploads\/2020\/03\/ban3-scaled.jpg&#8221; background_enable_image=&#8221;on&#8221; locked=&#8221;off&#8221; sticky_transition=&#8221;on&#8221;][\/et_pb_slide][et_pb_slide heading=&#8221;Hrvatski geolo\u0161ki institut&#8221; _builder_version=&#8221;4.4.1&#8243; header_font=&#8221;|||on|||||&#8221; background_image=&#8221;http:\/\/www.hgi-cgs.hr\/wp-content\/uploads\/2020\/03\/Bijele_stijene-Gorski_kotar-scaled.jpg&#8221; background_enable_image=&#8221;on&#8221; locked=&#8221;off&#8221; sticky_transition=&#8221;on&#8221;][\/et_pb_slide][et_pb_slide heading=&#8221;Hrvatski geolo\u0161ki institut&#8221; _builder_version=&#8221;4.4.1&#8243; header_font=&#8221;|||on|||||&#8221; background_image=&#8221;http:\/\/www.hgi-cgs.hr\/wp-content\/uploads\/2020\/03\/ban4-scaled.jpg&#8221; background_enable_image=&#8221;on&#8221; locked=&#8221;off&#8221; sticky_transition=&#8221;on&#8221;][\/et_pb_slide][et_pb_slide heading=&#8221;Hrvatski geolo\u0161ki institut&#8221; _builder_version=&#8221;4.4.1&#8243; header_font=&#8221;|||on|||||&#8221; background_image=&#8221;http:\/\/www.hgi-cgs.hr\/wp-content\/uploads\/2020\/03\/ban5-scaled.jpg&#8221; background_enable_image=&#8221;on&#8221; locked=&#8221;off&#8221; sticky_transition=&#8221;on&#8221;][\/et_pb_slide][\/et_pb_fullwidth_slider][\/et_pb_section][et_pb_section fb_built=&#8221;1&#8243; _builder_version=&#8221;4.4.2&#8243; custom_padding=&#8221;20px||41px|||&#8221;][et_pb_row _builder_version=&#8221;4.4.2&#8243;][et_pb_column type=&#8221;4_4&#8243; _builder_version=&#8221;4.4.2&#8243;][et_pb_text _builder_version=&#8221;4.4.2&#8243; text_font_size=&#8221;32px&#8221; header_2_text_color=&#8221;#1e5096&#8243; custom_margin=&#8221;||6px|||&#8221;]<\/p>\n<h2 style=\"text-align: center; color: #1e5096;\"><strong>IN\u017dENJERSKOGEOLO\u0160KI LABORATORIJ<\/strong><\/h2>\n<p>[\/et_pb_text][et_pb_text _builder_version=&#8221;4.4.2&#8243; text_font=&#8221;|300|||||||&#8221; ul_font=&#8221;||||||||&#8221; header_font=&#8221;||||||||&#8221; header_text_align=&#8221;center&#8221; header_2_font=&#8221;|800|||||||&#8221; header_2_text_align=&#8221;center&#8221; header_2_text_color=&#8221;#1e5096&#8243; header_2_font_size=&#8221;54px&#8221; header_3_font=&#8221;|300|||||||&#8221; text_orientation=&#8221;center&#8221; custom_margin=&#8221;7px||20px|||&#8221; custom_padding=&#8221;5px|||||&#8221; animation_direction=&#8221;bottom&#8221; header_2_font_size_tablet=&#8221;&#8221; header_2_font_size_phone=&#8221;30px&#8221; header_2_font_size_last_edited=&#8221;on|phone&#8221; header_2_text_shadow_style=&#8221;preset1&#8243; header_2_text_shadow_horizontal_length=&#8221;0.03em&#8221; header_2_text_shadow_vertical_length=&#8221;0.03em&#8221; header_2_text_shadow_blur_strength=&#8221;0.05em&#8221; header_2_text_shadow_color=&#8221;rgba(0,0,0,0.3)&#8221;]<\/p>\n<p><strong>Voditelj laboratorija: Tomislav Novosel, dipl. ing. geol.<\/strong><\/p>\n<p>[\/et_pb_text][\/et_pb_column][\/et_pb_row][et_pb_row column_structure=&#8221;1_2,1_2&#8243; use_custom_gutter=&#8221;on&#8221; gutter_width=&#8221;1&#8243; make_equal=&#8221;on&#8221; disabled_on=&#8221;off|off|off&#8221; _builder_version=&#8221;3.25&#8243; background_color=&#8221;#ffffff&#8221; background_size=&#8221;initial&#8221; background_position=&#8221;top_left&#8221; background_repeat=&#8221;repeat&#8221; custom_margin=&#8221;-3px|auto||auto||&#8221; custom_padding=&#8221;3px|0px|16px|0px||&#8221; animation_direction=&#8221;right&#8221;][et_pb_column type=&#8221;1_2&#8243; _builder_version=&#8221;3.25&#8243; background_color=&#8221;#ffffff&#8221; custom_padding=&#8221;|||&#8221; custom_padding__hover=&#8221;|||&#8221;][et_pb_text _builder_version=&#8221;4.6.5&#8243; text_font=&#8221;||||||||&#8221; custom_margin=&#8221;12px|||||&#8221; custom_padding=&#8221;0px|10px||10px|false|false&#8221; hover_enabled=&#8221;0&#8243; sticky_enabled=&#8221;0&#8243;]<\/p>\n<p style=\"text-align: left;\">In\u017eenjerskogeolo\u0161ki laboratorij Zavoda za hidrogeologiju i in\u017eenjersku geologiju Hrvatskog geolo\u0161kog instituta formiran je 2009. U laboratoriju se odre\u0111uju petrografske, fizi\u010dke i mehani\u010dke zna\u010dajke stijena i tala.<br \/> Laboratorij je u mogu\u0107nosti obavljati sljede\u0107a testiranja:<br \/> Stijene:<br \/> a) Jednoosna tla\u010dna \u010dvrsto\u0107a;<br \/> b) Indirektna vla\u010dna \u010dvrsto\u0107a (Brazilski test);<br \/> c) Odre\u0111ivanje \u010dvrsto\u0107e u to\u010dki (PLT)<br \/> d) Odre\u0111ivanje Schmidtovog odskoka.<br \/> e) Odre\u0111ivanje poroznosti<\/p>\n<p>[\/et_pb_text][et_pb_image src=&#8221;http:\/\/www.hgi-cgs.hr\/wp-content\/uploads\/2018\/08\/inlab1.jpg&#8221; align=&#8221;center&#8221; align_tablet=&#8221;center&#8221; align_phone=&#8221;&#8221; align_last_edited=&#8221;on|desktop&#8221; _builder_version=&#8221;4.6.1&#8243; width=&#8221;90%&#8221; module_alignment=&#8221;center&#8221; custom_margin=&#8221;8px|||||&#8221; custom_padding=&#8221;|10px||10px|false|false&#8221; border_radii=&#8221;on|5px|5px|5px|5px&#8221; box_shadow_style=&#8221;preset1&#8243; box_shadow_blur=&#8221;15px&#8221;][\/et_pb_image][et_pb_text _builder_version=&#8221;4.6.5&#8243; text_font=&#8221;||||||||&#8221; custom_margin=&#8221;20px|||||&#8221; custom_padding=&#8221;|10px||10px|false|false&#8221; hover_enabled=&#8221;0&#8243; sticky_enabled=&#8221;0&#8243;]<\/p>\n<p style=\"text-align: left;\">Tla:<br \/> a) Odre\u0111ivanje granulometrijskog sastava suhim sijanjem;<br \/> b) Odre\u0111ivanje granulometrijskog sastava areometriranjem;<br \/> c) Odre\u0111ivanje granice te\u010denja konusnim penetrometrom;<br \/> d) Odre\u0111ivanje granice plasti\u010dnosti;<br \/> e) Odre\u0111ivanje gusto\u0107e \u010dvrstih \u010destica.<\/p>\n<p>[\/et_pb_text][et_pb_image src=&#8221;http:\/\/www.hgi-cgs.hr\/wp-content\/uploads\/2018\/08\/inlab2.jpg&#8221; align=&#8221;center&#8221; align_tablet=&#8221;center&#8221; align_phone=&#8221;&#8221; align_last_edited=&#8221;on|desktop&#8221; _builder_version=&#8221;4.6.1&#8243; width=&#8221;90%&#8221; module_alignment=&#8221;center&#8221; custom_margin=&#8221;12px|||||&#8221; custom_padding=&#8221;|10px||10px|false|false&#8221; border_radii=&#8221;on|5px|5px|5px|5px&#8221;][\/et_pb_image][et_pb_text _builder_version=&#8221;4.6.5&#8243; text_font=&#8221;||||||||&#8221; custom_margin=&#8221;26px|||||&#8221; custom_padding=&#8221;|10px||10px|false|false&#8221; hover_enabled=&#8221;0&#8243; sticky_enabled=&#8221;0&#8243;]<\/p>\n<p style=\"text-align: left;\">Osim laboratorijskih testiranja obavljamo i terenska uzorkovanja stijena i tala koriste\u0107i standardne, ali i neke ure\u0111aje i opremu dizajniranu u samom institutu.<br \/> Uzorkovanje stijena:<\/p>\n<p>[\/et_pb_text][et_pb_image src=&#8221;http:\/\/www.hgi-cgs.hr\/wp-content\/uploads\/2018\/08\/labos1.jpg&#8221; align=&#8221;center&#8221; align_tablet=&#8221;center&#8221; align_phone=&#8221;&#8221; align_last_edited=&#8221;on|desktop&#8221; _builder_version=&#8221;4.4.2&#8243; custom_margin=&#8221;7px|||||&#8221; custom_padding=&#8221;|10px||10px|false|false&#8221;][\/et_pb_image][et_pb_text _builder_version=&#8221;4.6.5&#8243; text_font=&#8221;||||||||&#8221; link_font=&#8221;||||||||&#8221; link_text_color=&#8221;#e09900&#8243; custom_margin=&#8221;24px|||||&#8221; custom_padding=&#8221;|10px||10px|false|false&#8221; hover_enabled=&#8221;0&#8243; sticky_enabled=&#8221;0&#8243;]<\/p>\n<p style=\"text-align: left;\">Uzorkovanje tala:<\/p>\n<p>[\/et_pb_text][et_pb_image src=&#8221;http:\/\/www.hgi-cgs.hr\/wp-content\/uploads\/2018\/08\/labos2-1.jpg&#8221; align=&#8221;center&#8221; align_tablet=&#8221;center&#8221; align_phone=&#8221;&#8221; align_last_edited=&#8221;on|desktop&#8221; _builder_version=&#8221;4.4.2&#8243; custom_margin=&#8221;3px|||||&#8221; custom_padding=&#8221;|10px||10px|false|false&#8221;][\/et_pb_image][\/et_pb_column][et_pb_column type=&#8221;1_2&#8243; _builder_version=&#8221;3.25&#8243; background_color=&#8221;#ffffff&#8221; custom_padding=&#8221;|||&#8221; custom_padding__hover=&#8221;|||&#8221;][et_pb_text _builder_version=&#8221;4.6.5&#8243; text_font=&#8221;||||||||&#8221; link_font=&#8221;||||||||&#8221; link_text_color=&#8221;#e09900&#8243; custom_margin=&#8221;14px|||0px|false|false&#8221; custom_padding=&#8221;|10px||40px|false|false&#8221; hover_enabled=&#8221;0&#8243; sticky_enabled=&#8221;0&#8243;]<\/p>\n<p style=\"text-align: left;\">In\u017eenjerskogeolo\u0161ki laboratorij raspola\u017ee sljede\u0107im ure\u0111ajima:<\/p>\n<ul style=\"text-align: left;\">\n<li>Hidrauli\u010dna pre\u0161a, model ADR 2000 (ELLE international)\n<ul>\n<li>Odre\u0111ivanje jednoosne tla\u010dne i indirektne vla\u010dne \u010dvrsto\u0107e<\/li>\n<\/ul>\n<\/li>\n<li>Ure\u0111aj za ispitivanje brzine prolaza ultrazvu\u010dnih valova (CNS-Farnell)\n<ul>\n<li>Mjerenje brzine prolaza ultrazvu\u010dnih P-valova.<\/li>\n<\/ul>\n<\/li>\n<li>SCMIDT \u010deki\u0107: N-tip, L-tip (Proceq)\n<ul>\n<li>Odre\u0111ivanje Schmidtove \u010dvrsto\u0107e stijena<\/li>\n<\/ul>\n<\/li>\n<li>Digitalne vage (KERN):\n<ul>\n<li>maksimalna te\u017eina 4200 g; minimalna te\u017eina 0.02 g; o\u010ditanje 0.001 g<\/li>\n<li>maksimalna te\u017eina 6200 g; minimalna te\u017eina 1 g; o\u010ditanje 0.01 g<\/li>\n<li>maksimalna te\u017eina 6000 g; minimalna te\u017eina 5 g; o\u010ditanje 0.1 g<\/li>\n<\/ul>\n<\/li>\n<li>Su\u0161ionik (ELLE international)\n<ul>\n<li>Su\u0161enje ve\u0107ih koli\u010dina uzoraka i odr\u017eavanje temperature u skladu sa BS 1377<\/li>\n<\/ul>\n<\/li>\n<li>Mije\u0161alica (ELLE international)\n<ul>\n<li>Raspr\u0161ivanje uzoraka tla u vodi za hidrometarske analize<\/li>\n<\/ul>\n<\/li>\n<li>Aparatura za sijanje (ELLE international)\n<ul>\n<li>Prosijavanje i ispiranje uzoraka tla<\/li>\n<\/ul>\n<\/li>\n<li>Casagrandeov ure\u0111aj (ELLE international)\n<ul>\n<li>Odre\u0111ivanje granice te\u010denja<\/li>\n<\/ul>\n<\/li>\n<li>Sto\u017easti penetrometar (ELLE international)\n<ul>\n<li>Odre\u0111ivanje granice te\u010denja<\/li>\n<\/ul>\n<\/li>\n<li>Ure\u0111aj za izravno smicanje (ELLE international)\n<ul>\n<li>Odre\u0111ivanje posmi\u010dne \u010dvrsto\u0107e tla<\/li>\n<\/ul>\n<\/li>\n<\/ul>\n<ul>\n<li style=\"text-align: left;\">Ure\u0111aj za troosno smicanje (ELLE international)\n<ul>\n<li>Troosna ispitivanja uzoraka tla promjera do 100 mm i du\u017eine 200 mm<\/li>\n<\/ul>\n<\/li>\n<li style=\"text-align: left;\">D\u017eepni penetrometar (ELLE international)\n<ul>\n<li>Pribli\u017eno odre\u0111ivanje tla\u010dne i posmi\u010dne \u010dvrsto\u0107e tla u laboratoriju i na terenu<\/li>\n<\/ul>\n<\/li>\n<li style=\"text-align: left;\">D\u017eepni mjera\u010d posmika (ELLE international)\n<ul>\n<li>Inicijalno odre\u0111ivanje posmi\u010dne \u010dvrsto\u0107e tla u laboratoriju i na terenu<\/li>\n<\/ul>\n<\/li>\n<li style=\"text-align: left;\">Laboratorijska krilna sonda (ELLE international)\n<ul>\n<li>In-situ odre\u0111ivanje nedrenirane posmi\u010de \u010dvrsto\u0107e tla<\/li>\n<\/ul>\n<\/li>\n<li style=\"text-align: left;\">Laboratorijska krilna sonda (ELLE international)\n<ul>\n<li>Laboratorijsko odre\u0111ivanje nedrenirane posmi\u010dne \u010dvrsto\u0107e tla<\/li>\n<\/ul>\n<\/li>\n<li style=\"text-align: left;\">Ure\u0111aj za odre\u0111ivanje \u010dvrsto\u0107e u to\u010dki (CONTROLS international)\n<ul>\n<li>Odre\u0111ivanje \u010dvrsto\u0107e stijene u to\u010dki<\/li>\n<\/ul>\n<\/li>\n<li style=\"text-align: left;\">Bu\u0161ilica za cilindri\u010dne uzorke (HILTI)\n<ul>\n<li>Priprema cilindri\u010dnih uzoraka stijena iz nepravilnih blokova ili direktno iz stijene<\/li>\n<\/ul>\n<\/li>\n<li style=\"text-align: left;\">Pila za uzorke (ELLE international)\n<ul>\n<li>Oblikovanje uzoraka stijena<\/li>\n<\/ul>\n<\/li>\n<li style=\"text-align: left;\">Areometar (ELLE international)\n<ul>\n<li>Odre\u0111ivanje granulometrijskog sastava tla<\/li>\n<\/ul>\n<\/li>\n<li>Ru\u010dni istiskiva\u010d (ELLE international)\n<ul>\n<li style=\"text-align: left;\">Za istiskivanje neporeme\u0107enih uzoraka tla iz cilindra<\/li>\n<\/ul>\n<\/li>\n<\/ul>\n<p>&nbsp;<\/p>\n<p>[\/et_pb_text][\/et_pb_column][\/et_pb_row][\/et_pb_section]<\/p>\n","protected":false},"excerpt":{"rendered":"<p>IN\u017dENJERSKOGEOLO\u0160KI LABORATORIJVoditelj laboratorija: Tomislav Novosel, dipl. ing. geol.In\u017eenjerskogeolo\u0161ki laboratorij Zavoda za hidrogeologiju i in\u017eenjersku geologiju Hrvatskog geolo\u0161kog instituta formiran je 2009. U laboratoriju se odre\u0111uju petrografske, fizi\u010dke i mehani\u010dke zna\u010dajke stijena i tala. Laboratorij je u mogu\u0107nosti obavljati sljede\u0107a testiranja: Stijene: a) Jednoosna tla\u010dna \u010dvrsto\u0107a; b) Indirektna vla\u010dna \u010dvrsto\u0107a (Brazilski test); c) Odre\u0111ivanje \u010dvrsto\u0107e u [&hellip;]<\/p>\n","protected":false},"author":1,"featured_media":0,"parent":0,"menu_order":0,"comment_status":"closed","ping_status":"closed","template":"","meta":{"_et_pb_use_builder":"on","_et_pb_old_content":"","_et_gb_content_width":"","footnotes":""},"class_list":["post-33884","page","type-page","status-publish","hentry"],"aioseo_notices":[],"_links":{"self":[{"href":"https:\/\/www.hgi-cgs.hr\/en\/wp-json\/wp\/v2\/pages\/33884","targetHints":{"allow":["GET"]}}],"collection":[{"href":"https:\/\/www.hgi-cgs.hr\/en\/wp-json\/wp\/v2\/pages"}],"about":[{"href":"https:\/\/www.hgi-cgs.hr\/en\/wp-json\/wp\/v2\/types\/page"}],"author":[{"embeddable":true,"href":"https:\/\/www.hgi-cgs.hr\/en\/wp-json\/wp\/v2\/users\/1"}],"replies":[{"embeddable":true,"href":"https:\/\/www.hgi-cgs.hr\/en\/wp-json\/wp\/v2\/comments?post=33884"}],"version-history":[{"count":4,"href":"https:\/\/www.hgi-cgs.hr\/en\/wp-json\/wp\/v2\/pages\/33884\/revisions"}],"predecessor-version":[{"id":35307,"href":"https:\/\/www.hgi-cgs.hr\/en\/wp-json\/wp\/v2\/pages\/33884\/revisions\/35307"}],"wp:attachment":[{"href":"https:\/\/www.hgi-cgs.hr\/en\/wp-json\/wp\/v2\/media?parent=33884"}],"curies":[{"name":"wp","href":"https:\/\/api.w.org\/{rel}","templated":true}]}}