{"id":33863,"date":"2020-09-18T11:05:24","date_gmt":"2020-09-18T11:05:24","guid":{"rendered":"http:\/\/www.hgi-cgs.hr\/?page_id=33863"},"modified":"2020-10-21T12:36:12","modified_gmt":"2020-10-21T12:36:12","slug":"nacionalni-kompetativni-projekti-geosekva","status":"publish","type":"page","link":"https:\/\/www.hgi-cgs.hr\/en\/nacionalni-kompetativni-projekti-geosekva\/","title":{"rendered":"Nacionalni kompetativni projekti &#8211; GEOSEKVA"},"content":{"rendered":"<p>[et_pb_section fb_built=&#8221;1&#8243; fullwidth=&#8221;on&#8221; _builder_version=&#8221;4.4.1&#8243; custom_padding=&#8221;0px||0px|||&#8221;][et_pb_fullwidth_slider _builder_version=&#8221;4.4.2&#8243; min_height=&#8221;112px&#8221; height=&#8221;400px&#8221; custom_margin=&#8221;0px||||false|false&#8221; custom_padding=&#8221;0px||18px||false|false&#8221; auto=&#8221;on&#8221; auto_ignore_hover=&#8221;on&#8221; locked=&#8221;off&#8221;][et_pb_slide heading=&#8221;Hrvatski geolo\u0161ki institut&#8221; _builder_version=&#8221;4.4.1&#8243; header_font=&#8221;|||on|||||&#8221; background_image=&#8221;http:\/\/www.hgi-cgs.hr\/wp-content\/uploads\/2020\/03\/Br\u010di\u0107_Drvenik02-scaled.jpg&#8221; background_enable_image=&#8221;on&#8221; locked=&#8221;off&#8221; sticky_transition=&#8221;on&#8221;][\/et_pb_slide][et_pb_slide heading=&#8221;Hrvatski geolo\u0161ki institut&#8221; _builder_version=&#8221;4.4.1&#8243; header_font=&#8221;|||on|||||&#8221; background_image=&#8221;http:\/\/www.hgi-cgs.hr\/wp-content\/uploads\/2020\/03\/ban2-scaled.jpg&#8221; background_enable_image=&#8221;on&#8221; locked=&#8221;off&#8221; sticky_transition=&#8221;on&#8221;][\/et_pb_slide][et_pb_slide heading=&#8221;Hrvatski geolo\u0161ki institut&#8221; _builder_version=&#8221;4.4.1&#8243; header_font=&#8221;|||on|||||&#8221; background_image=&#8221;http:\/\/www.hgi-cgs.hr\/wp-content\/uploads\/2020\/03\/20190228_094232-scaled.jpg&#8221; background_enable_image=&#8221;on&#8221; locked=&#8221;off&#8221; sticky_transition=&#8221;on&#8221;][\/et_pb_slide][et_pb_slide heading=&#8221;Hrvatski geolo\u0161ki institut&#8221; _builder_version=&#8221;4.4.1&#8243; header_font=&#8221;|||on|||||&#8221; background_image=&#8221;http:\/\/www.hgi-cgs.hr\/wp-content\/uploads\/2020\/03\/ban3-scaled.jpg&#8221; background_enable_image=&#8221;on&#8221; locked=&#8221;off&#8221; sticky_transition=&#8221;on&#8221;][\/et_pb_slide][et_pb_slide heading=&#8221;Hrvatski geolo\u0161ki institut&#8221; _builder_version=&#8221;4.4.1&#8243; header_font=&#8221;|||on|||||&#8221; background_image=&#8221;http:\/\/www.hgi-cgs.hr\/wp-content\/uploads\/2020\/03\/Bijele_stijene-Gorski_kotar-scaled.jpg&#8221; background_enable_image=&#8221;on&#8221; locked=&#8221;off&#8221; sticky_transition=&#8221;on&#8221;][\/et_pb_slide][et_pb_slide heading=&#8221;Hrvatski geolo\u0161ki institut&#8221; _builder_version=&#8221;4.4.1&#8243; header_font=&#8221;|||on|||||&#8221; background_image=&#8221;http:\/\/www.hgi-cgs.hr\/wp-content\/uploads\/2020\/03\/ban4-scaled.jpg&#8221; background_enable_image=&#8221;on&#8221; locked=&#8221;off&#8221; sticky_transition=&#8221;on&#8221;][\/et_pb_slide][et_pb_slide heading=&#8221;Hrvatski geolo\u0161ki institut&#8221; _builder_version=&#8221;4.4.1&#8243; header_font=&#8221;|||on|||||&#8221; background_image=&#8221;http:\/\/www.hgi-cgs.hr\/wp-content\/uploads\/2020\/03\/ban5-scaled.jpg&#8221; background_enable_image=&#8221;on&#8221; locked=&#8221;off&#8221; sticky_transition=&#8221;on&#8221;][\/et_pb_slide][\/et_pb_fullwidth_slider][\/et_pb_section][et_pb_section fb_built=&#8221;1&#8243; _builder_version=&#8221;4.4.2&#8243;][et_pb_row _builder_version=&#8221;4.4.2&#8243;][et_pb_column type=&#8221;4_4&#8243; _builder_version=&#8221;4.4.2&#8243;][et_pb_text _builder_version=&#8221;4.4.7&#8243; text_font_size=&#8221;32px&#8221; header_2_text_color=&#8221;#1e5096&#8243;]<\/p>\n<h2 style=\"text-align: center; color: #1e5096;\"><strong>ZAVOD ZA GEOLOGIJU<\/strong><\/h2>\n<h2 style=\"text-align: center; color: #1e5096;\"><strong>Nacionalni kompetativni projekti<\/strong><\/h2>\n<p>[\/et_pb_text][et_pb_image src=&#8221;http:\/\/www.hgi-cgs.hr\/wp-content\/uploads\/2018\/08\/HRZZ_Logo.jpg&#8221; title_text=&#8221;HRZZ_Logo&#8221; align=&#8221;center&#8221; _builder_version=&#8221;4.4.7&#8243; width=&#8221;20%&#8221;][\/et_pb_image][\/et_pb_column][\/et_pb_row][et_pb_row _builder_version=&#8221;3.25&#8243; custom_padding=&#8221;5px||50px|||&#8221;][et_pb_column type=&#8221;4_4&#8243; _builder_version=&#8221;3.25&#8243; custom_padding=&#8221;|||&#8221; custom_padding__hover=&#8221;|||&#8221;][et_pb_text _builder_version=&#8221;4.0.6&#8243; text_font=&#8221;|300|||||||&#8221; ul_font=&#8221;||||||||&#8221; header_font=&#8221;||||||||&#8221; header_text_align=&#8221;center&#8221; header_2_font=&#8221;|800|||||||&#8221; header_2_text_align=&#8221;center&#8221; header_2_text_color=&#8221;#1e5096&#8243; header_2_font_size=&#8221;54px&#8221; header_3_font=&#8221;|300|||||||&#8221; header_3_line_height=&#8221;1.3em&#8221; text_orientation=&#8221;center&#8221; min_height=&#8221;76px&#8221; custom_margin=&#8221;6px||-30px|||&#8221; custom_padding=&#8221;||65px|||&#8221; animation_direction=&#8221;bottom&#8221; header_2_font_size_tablet=&#8221;&#8221; header_2_font_size_phone=&#8221;30px&#8221; header_2_font_size_last_edited=&#8221;on|phone&#8221; header_2_text_shadow_style=&#8221;preset1&#8243; header_2_text_shadow_horizontal_length=&#8221;0.03em&#8221; header_2_text_shadow_vertical_length=&#8221;0.03em&#8221; header_2_text_shadow_blur_strength=&#8221;0.05em&#8221; header_2_text_shadow_color=&#8221;rgba(0,0,0,0.3)&#8221;]<\/p>\n<h3><strong>GEOSEKVA: Geological and seismological aspect of geodynamics in Kvarner area \u2013 unveiling of the Kvarner fault <br \/> <\/strong><\/h3>\n<p>[\/et_pb_text][et_pb_image src=&#8221;http:\/\/www.hgi-cgs.hr\/wp-content\/uploads\/2019\/11\/Logo_Geosekva05.jpg&#8221; _builder_version=&#8221;4.0.6&#8243; width=&#8221;25%&#8221; module_alignment=&#8221;center&#8221;][\/et_pb_image][et_pb_tabs _builder_version=&#8221;4.6.6&#8243; custom_margin=&#8221;13px|||||&#8221; hover_enabled=&#8221;0&#8243; sticky_enabled=&#8221;0&#8243;][et_pb_tab title=&#8221;O projektu&#8221; _builder_version=&#8221;4.6.5&#8243;]<\/p>\n<p style=\"text-align: left;\"><span><em> <\/em>\u0160ire podru\u010dje Kvarnera se urbanisti\u010dki i infrastrukturno ubrzano razvija, \u0161to u kombinaciji s kompleksnom geolo\u0161kom gra\u0111om i geodinamikom tog prostora pove\u0107ava ranjivost od geohazardnih doga\u0111aja, a posljedi\u010dno i rizik. Epicentralno podru\u010dje Rijeke obilje\u017eava pojava u\u010destalih i relativno blagih potresa uz sporadi\u010dnu pojavu umjerenih i jakih potresa, koji su prema povijesnim podatcima uzrokovali i znatnija lokalna razaranja. Vjerojatni uzrok tih potresa je desno horizontalno kretanje du\u017e jedne od glavnih rasjednih zona dinaridskog pru\u017eanja, koja je vjerojatno isprekidana jo\u0161 uvijek nejasno definiranom zonom popre\u010dnih kvarnerskih rasjeda, \u0161to uz pretpostavljeno gravitacijsko klizanje starijih dinaridskih navlaka, mogu\u0107e rezultira kompleksnim transpresijsko-transtenzijskim re\u017eimom u podru\u010dju Kvarnera. S ciljem \u0161to kvalitetnije procjene mehanizama potresa, nu\u017eni su geolo\u0161ki 3D modeli izra\u0111eni na temelju suvremenih formacijskih (litostratigrafskih) karata, bu\u0161otinskih podataka, te interpretiranih seizmi\u010dkih profila. Neotektonika se mo\u017ee detektirati putem analize najmla\u0111ih naslaga iz plitkog podmorja (geo-akusti\u010dna snimanja), daljinskih i izravnih istra\u017eivanja geomorfolo\u0161kih formi te putem (re)interpretacije i datiranja kvartarnih naslaga na kopnu. Objedinjavanjem svih navedenih podataka u seizmotektonski model napravila bi se kvalitetna podloga za daljnja interdisciplinarna istra\u017eivanja i integraciju novih geolo\u0161kih i seizmolo\u0161kih podataka te uklju\u010divanje geodetski definiranih pomaka, s ciljem izrade relevantnog geodinamskog modela.<\/span><\/p>\n<p style=\"text-align: left;\"><em><strong>Web stranica projekta:<\/strong> <a href=\"https:\/\/geosekva.wordpress.com\/\"><strong>https:\/\/geosekva.wordpress.com\/<\/strong><\/a><\/em><\/p>\n<p>[\/et_pb_tab][et_pb_tab title=&#8221;Voditelj&#8221; _builder_version=&#8221;4.6.6&#8243; hover_enabled=&#8221;0&#8243; sticky_enabled=&#8221;0&#8243;]<\/p>\n<p style=\"text-align: left;\"><strong><em><span>Glavni istra\u017eiva\u010d \/ voditelj: <\/span><\/em><\/strong>dr.sc.Tvrtko Korbar<strong><em><br \/> <\/em><\/strong><\/p>\n<p>[\/et_pb_tab][et_pb_tab title=&#8221;Suradnici&#8221; _builder_version=&#8221;4.6.5&#8243;]<\/p>\n<p style=\"text-align: left;\"><span>Ladislav Fu\u010dek<\/span><span><\/span><\/p>\n<p style=\"text-align: left;\"><span>Damir Palenik<\/span><\/p>\n<p style=\"text-align: left;\"><span>Stanislav Bergant<\/span><span><\/span><\/p>\n<p style=\"text-align: left;\"><span>Nikola Beli\u0107<\/span><span><\/span><\/p>\n<p style=\"text-align: left;\"><span>Vlatko Br\u010di\u0107<\/span><\/p>\n<p style=\"text-align: left;\"><span>Marko \u0160peli\u0107<\/span><\/p>\n<p style=\"text-align: left;\"><span>Dea Brunovi\u0107<\/span><\/p>\n<p style=\"text-align: left;\"><span>Lara Wacha <\/span><\/p>\n<p style=\"text-align: left;\">Ma\u0161a Suri\u0107<\/p>\n<p style=\"text-align: left;\">Snje\u017eana Marku\u0161i\u0107<\/p>\n<p style=\"text-align: left;\">Tomislav Fiket<\/p>\n<p style=\"text-align: left;\">Anna Del Ben<span><\/span><\/p>\n<p style=\"text-align: left;\">Vanja Kastelic<span><\/span><\/p>\n<p style=\"text-align: left;\">Kre\u0161imir Petrinjak<\/p>\n<p style=\"text-align: left;\">Marko Budi\u0107<\/p>\n<p>[\/et_pb_tab][et_pb_tab title=&#8221;Trajanje projekta&#8221; _builder_version=&#8221;4.6.5&#8243;]<\/p>\n<p style=\"text-align: left;\"><span><strong><em>Datum po\u010detka i kraja projekta:<\/em><\/strong> 20.03.2017. \u2013 19.03.2021.<\/span><\/p>\n<p><span>\u00a0<\/span><\/p>\n<p>[\/et_pb_tab][et_pb_tab title=&#8221;Kategorija&#8221; _builder_version=&#8221;4.6.5&#8243;]<\/p>\n<p style=\"text-align: left;\"><span><strong><em>Kategorija projekta:<\/em><\/strong> HRZZ istra\u017eiva\u010dki projekt (1854)<\/span><\/p>\n<p>[\/et_pb_tab][et_pb_tab title=&#8221;Iznos financiranja&#8221; _builder_version=&#8221;4.6.5&#8243;]<\/p>\n<p style=\"text-align: left;\"><span><strong><em>Ugovoreni iznos financiranja:<\/em><\/strong> 983.500,00 Kn<\/span><\/p>\n<p>[\/et_pb_tab][et_pb_tab title=&#8221;Status&#8221; _builder_version=&#8221;4.6.5&#8243;]<\/p>\n<p style=\"text-align: left;\"><span><em><strong>Status:<\/strong><\/em> Aktivan<\/span><\/p>\n<p>[\/et_pb_tab][\/et_pb_tabs][\/et_pb_column][\/et_pb_row][\/et_pb_section]<\/p>\n","protected":false},"excerpt":{"rendered":"<p>ZAVOD ZA GEOLOGIJU Nacionalni kompetativni projektiGEOSEKVA: Geological and seismological aspect of geodynamics in Kvarner area \u2013 unveiling of the Kvarner fault \u0160ire podru\u010dje Kvarnera se urbanisti\u010dki i infrastrukturno ubrzano razvija, \u0161to u kombinaciji s kompleksnom geolo\u0161kom gra\u0111om i geodinamikom tog prostora pove\u0107ava ranjivost od geohazardnih doga\u0111aja, a posljedi\u010dno i rizik. Epicentralno podru\u010dje Rijeke obilje\u017eava pojava [&hellip;]<\/p>\n","protected":false},"author":1,"featured_media":0,"parent":0,"menu_order":0,"comment_status":"closed","ping_status":"closed","template":"","meta":{"_et_pb_use_builder":"on","_et_pb_old_content":"","_et_gb_content_width":"","footnotes":""},"class_list":["post-33863","page","type-page","status-publish","hentry"],"aioseo_notices":[],"_links":{"self":[{"href":"https:\/\/www.hgi-cgs.hr\/en\/wp-json\/wp\/v2\/pages\/33863","targetHints":{"allow":["GET"]}}],"collection":[{"href":"https:\/\/www.hgi-cgs.hr\/en\/wp-json\/wp\/v2\/pages"}],"about":[{"href":"https:\/\/www.hgi-cgs.hr\/en\/wp-json\/wp\/v2\/types\/page"}],"author":[{"embeddable":true,"href":"https:\/\/www.hgi-cgs.hr\/en\/wp-json\/wp\/v2\/users\/1"}],"replies":[{"embeddable":true,"href":"https:\/\/www.hgi-cgs.hr\/en\/wp-json\/wp\/v2\/comments?post=33863"}],"version-history":[{"count":7,"href":"https:\/\/www.hgi-cgs.hr\/en\/wp-json\/wp\/v2\/pages\/33863\/revisions"}],"predecessor-version":[{"id":35728,"href":"https:\/\/www.hgi-cgs.hr\/en\/wp-json\/wp\/v2\/pages\/33863\/revisions\/35728"}],"wp:attachment":[{"href":"https:\/\/www.hgi-cgs.hr\/en\/wp-json\/wp\/v2\/media?parent=33863"}],"curies":[{"name":"wp","href":"https:\/\/api.w.org\/{rel}","templated":true}]}}