{"id":33840,"date":"2020-09-18T10:40:30","date_gmt":"2020-09-18T10:40:30","guid":{"rendered":"http:\/\/www.hgi-cgs.hr\/?page_id=33840"},"modified":"2020-12-31T14:54:34","modified_gmt":"2020-12-31T14:54:34","slug":"geolosko-modeliranje","status":"publish","type":"page","link":"https:\/\/www.hgi-cgs.hr\/en\/geolosko-modeliranje\/","title":{"rendered":"Geological Modeling"},"content":{"rendered":"<p>[et_pb_section fb_built=&#8221;1&#8243; fullwidth=&#8221;on&#8221; _builder_version=&#8221;4.4.1&#8243; custom_padding=&#8221;0px||0px|||&#8221;][et_pb_fullwidth_slider _builder_version=&#8221;4.7.7&#8243; min_height=&#8221;112px&#8221; height=&#8221;400px&#8221; custom_margin=&#8221;0px||||false|false&#8221; custom_padding=&#8221;0px||18px||false|false&#8221; auto=&#8221;on&#8221; auto_ignore_hover=&#8221;on&#8221; locked=&#8221;off&#8221;][et_pb_slide heading=&#8221;Hrvatski geolo\u0161ki institut&#8221; _builder_version=&#8221;4.4.1&#8243; header_font=&#8221;|||on|||||&#8221; background_image=&#8221;https:\/\/www.hgi-cgs.hr\/wp-content\/uploads\/2020\/03\/Br\u010di\u0107_Drvenik02-scaled.jpg&#8221; background_enable_image=&#8221;on&#8221; locked=&#8221;off&#8221; sticky_transition=&#8221;on&#8221;][\/et_pb_slide][et_pb_slide heading=&#8221;Hrvatski geolo\u0161ki institut&#8221; _builder_version=&#8221;4.4.1&#8243; header_font=&#8221;|||on|||||&#8221; background_image=&#8221;https:\/\/www.hgi-cgs.hr\/wp-content\/uploads\/2020\/03\/ban2-scaled.jpg&#8221; background_enable_image=&#8221;on&#8221; locked=&#8221;off&#8221; sticky_transition=&#8221;on&#8221;][\/et_pb_slide][et_pb_slide heading=&#8221;Hrvatski geolo\u0161ki institut&#8221; _builder_version=&#8221;4.4.1&#8243; header_font=&#8221;|||on|||||&#8221; background_image=&#8221;https:\/\/www.hgi-cgs.hr\/wp-content\/uploads\/2020\/03\/20190228_094232-scaled.jpg&#8221; background_enable_image=&#8221;on&#8221; locked=&#8221;off&#8221; sticky_transition=&#8221;on&#8221;][\/et_pb_slide][et_pb_slide heading=&#8221;Hrvatski geolo\u0161ki institut&#8221; _builder_version=&#8221;4.4.1&#8243; header_font=&#8221;|||on|||||&#8221; background_image=&#8221;https:\/\/www.hgi-cgs.hr\/wp-content\/uploads\/2020\/03\/ban3-scaled.jpg&#8221; background_enable_image=&#8221;on&#8221; locked=&#8221;off&#8221; sticky_transition=&#8221;on&#8221;][\/et_pb_slide][et_pb_slide heading=&#8221;Hrvatski geolo\u0161ki institut&#8221; _builder_version=&#8221;4.4.1&#8243; header_font=&#8221;|||on|||||&#8221; background_image=&#8221;https:\/\/www.hgi-cgs.hr\/wp-content\/uploads\/2020\/03\/Bijele_stijene-Gorski_kotar-scaled.jpg&#8221; background_enable_image=&#8221;on&#8221; locked=&#8221;off&#8221; sticky_transition=&#8221;on&#8221;][\/et_pb_slide][et_pb_slide heading=&#8221;Hrvatski geolo\u0161ki institut&#8221; _builder_version=&#8221;4.4.1&#8243; header_font=&#8221;|||on|||||&#8221; background_image=&#8221;https:\/\/www.hgi-cgs.hr\/wp-content\/uploads\/2020\/03\/ban4-scaled.jpg&#8221; background_enable_image=&#8221;on&#8221; locked=&#8221;off&#8221; sticky_transition=&#8221;on&#8221;][\/et_pb_slide][et_pb_slide heading=&#8221;Hrvatski geolo\u0161ki institut&#8221; _builder_version=&#8221;4.4.1&#8243; header_font=&#8221;|||on|||||&#8221; background_image=&#8221;https:\/\/www.hgi-cgs.hr\/wp-content\/uploads\/2020\/03\/ban5-scaled.jpg&#8221; background_enable_image=&#8221;on&#8221; locked=&#8221;off&#8221; sticky_transition=&#8221;on&#8221;][\/et_pb_slide][et_pb_slide heading=&#8221;Hrvatski geolo\u0161ki institut&#8221; _builder_version=&#8221;4.7.7&#8243; header_font=&#8221;|||on|||||&#8221; background_image=&#8221;https:\/\/www.hgi-cgs.hr\/wp-content\/uploads\/2020\/04\/20191015_142016a-scaled.jpg&#8221; background_enable_image=&#8221;on&#8221; locked=&#8221;off&#8221; sticky_transition=&#8221;on&#8221;][\/et_pb_slide][et_pb_slide heading=&#8221;Hrvatski geolo\u0161ki institut&#8221; _builder_version=&#8221;4.7.7&#8243; header_font=&#8221;|||on|||||&#8221; background_image=&#8221;https:\/\/www.hgi-cgs.hr\/wp-content\/uploads\/2020\/04\/20191014_133538-scaled.jpg&#8221; background_enable_image=&#8221;on&#8221; locked=&#8221;off&#8221; sticky_transition=&#8221;on&#8221;][\/et_pb_slide][\/et_pb_fullwidth_slider][\/et_pb_section][et_pb_section fb_built=&#8221;1&#8243; _builder_version=&#8221;4.4.2&#8243; custom_padding=&#8221;20px||41px|||&#8221;][et_pb_row _builder_version=&#8221;4.4.2&#8243;][et_pb_column type=&#8221;4_4&#8243; _builder_version=&#8221;4.4.2&#8243;][et_pb_text _builder_version=&#8221;4.6.5&#8243; text_font_size=&#8221;32px&#8221; header_2_text_color=&#8221;#1e5096&#8243; header_4_line_height=&#8221;1.3em&#8221;]<\/p>\n<h2 style=\"text-align: center; color: #1e5096;\"><strong>TEMELJNA GEOLO\u0160KA ISTRA\u017dIVANJA<\/strong><\/h2>\n<h4 style=\"text-align: center;\"><strong>Geolo\u0161ko modeliranje<br \/> <\/strong><\/h4>\n<p>[\/et_pb_text][\/et_pb_column][\/et_pb_row][et_pb_row _builder_version=&#8221;3.25&#8243;][et_pb_column type=&#8221;4_4&#8243; _builder_version=&#8221;3.25&#8243; custom_padding=&#8221;|||&#8221; custom_padding__hover=&#8221;|||&#8221;][et_pb_text _builder_version=&#8221;4.6.6&#8243; custom_margin=&#8221;-14px|||||&#8221; custom_padding=&#8221;|10px||10px|false|true&#8221;]<\/p>\n<p>Geolo\u0161ko modeliranje je metoda koja obuhva\u0107a prikupljanje geolo\u0161kih podataka istra\u017eivanog podru\u010dja, njihovu interpretaciju i obradu te u kona\u010dnici izradu geolo\u0161kog modela.<\/p>\n<p>Geolo\u0161ki model je numeri\u010dka parametrizacija povr\u0161ine i podzemlja istra\u017eivanog podru\u010dja, koji se prikazuje trodimenzionalnim vizualizacijama.<\/p>\n<p>Ulazni podaci uklju\u010duju sve vrste prostornih podataka u rasterskom i vektorskom obliku te geolo\u0161ke, geofizi\u010dke i geotehni\u010dke podatke. Geolo\u0161ko modeliranje je proces koji podrazumijeva slo\u017eenu obradu i interpretaciju navedenih podataka u specijaliziranim ra\u010dunalnim programskim paketima, koji rezultira izradom 3D geolo\u0161kog modela. Modeli se koriste za dobivanje detaljnog uvida u geolo\u0161ke odnose i procese, kao \u0161to su prostorni raspored i orijentacija struktura, polo\u017eaj i arhitektura litofacijesa (stratigrafskih i litolo\u0161kih jedinica) te prostorno-vremenskih odnosa mehanizama i uvjeta talo\u017eenja (podaci o geodinamskim procesima) i drugo. Geolo\u0161ko modeliranje stoga zahtjeva interdisciplinarni pristup i znanja iz podru\u010dja geofizike, strukturne geologije, sedimentologije, stratigrafije, sekvencijalne stratigrafije, ali i iz ostalih polja geologije. Na Hrvatskom geolo\u0161kom institutu, geolo\u0161ko modeliranje provodi se na cjelokupnom podru\u010dju Republike Hrvatske, kao sastavni dio regionalnih i lokalnih temeljnih geolo\u0161kih istra\u017eivanja Zemljine kore. Uz \u010destu primjenu u znanstveno usmjerenim istra\u017eivanjima, geolo\u0161ki modeli su nezaobilazni i u primijenjenim istra\u017eivanjima:<\/p>\n<ul>\n<li>plitkih vodonosnika<\/li>\n<li>dubljih vodonosnika s geotermalnom vodom<\/li>\n<li>le\u017ei\u0161ta ugljikovodika<\/li>\n<li>podzemnih skladi\u0161ta energije, plinova i sli\u010dno.<\/li>\n<\/ul>\n<p>Naj\u010de\u0161\u0107e kori\u0161teni ulazni podaci u geolo\u0161kom modeliranju:<\/p>\n<ul>\n<li>geofizi\u010dki podaci (2D refleksijska i refrakcijska seizmika, 3D refleksijska seizmika, karota\u017ena mjerenja u bu\u0161otinama, gravimetrijski i seizmolo\u0161ki podaci),<\/li>\n<li>bu\u0161otinski podaci (geolo\u0161ke i geotehni\u010dke interpretacije jezgre, \u201eMaster log\u201c),<\/li>\n<li>povr\u0161inski podaci (geolo\u0161ke karte, geolo\u0161ki profili, geolo\u0161ki stupovi, povr\u0161inska mjerenja itd.),<\/li>\n<li>prostorni podaci (GIS) u rasterskom (DEM, DMR, DTM, topografske karte, geolo\u0161ke i druge tematske karte, satelitske i avio snimke) i vektorskom obliku (geolo\u0161ke jedinice i granice, ceste, vodotoci),<\/li>\n<li>podaci prikupljeni daljinskim istra\u017eivanjima (obra\u0111eni fotogrametrijski, multispektralni, laserski i radarski podaci).<\/li>\n<\/ul>\n<p>Programski paketi kori\u0161teni za geolo\u0161ko modeliranje: PetEx Move, akademska licenca Schlumberger Petrel, akademska licenca SKUA-GOCAD, akademska licenca Landmark DecisionSpace Geosciences.<\/p>\n<p>Programski paketi kori\u0161teni za obradu podataka: ESRI ArcGIS, QuantumGIS, Adobe Illustrator, Corel.<\/p>\n<p>[\/et_pb_text][et_pb_image src=&#8221;https:\/\/www.hgi-cgs.hr\/wp-content\/uploads\/2020\/10\/geoterm-model.jpg&#8221; alt=&#8221;Geolo\u0161ki model zagreba\u010dkog geotermalnog vodonosnika (u izradi)&#8221; title_text=&#8221;geoterm model&#8221; url=&#8221;https:\/\/www.hgi-cgs.hr\/wp-content\/uploads\/2020\/10\/geoterm-model.jpg&#8221; align=&#8221;center&#8221; _builder_version=&#8221;4.6.6&#8243; _module_preset=&#8221;default&#8221; width=&#8221;50%&#8221; border_radii=&#8221;on|5px|5px|5px|5px&#8221; box_shadow_style=&#8221;preset1&#8243; box_shadow_blur=&#8221;15px&#8221;][\/et_pb_image][et_pb_text _builder_version=&#8221;4.6.6&#8243; _module_preset=&#8221;default&#8221; text_font_size=&#8221;13px&#8221; width=&#8221;55%&#8221; module_alignment=&#8221;center&#8221; custom_margin=&#8221;-30px||||false|false&#8221;]<\/p>\n<p style=\"text-align: center;\">Geolo\u0161ki model zagreba\u010dkog geotermalnog vodonosnika (u izradi), s prikazanim povr\u0161inama krovine i podine vodonosnika te putanjama kanala bu\u0161otina, rezultat Radnog paketa 1 (WP1), projekta GeoTwinn.<\/p>\n<p>[\/et_pb_text][\/et_pb_column][\/et_pb_row][et_pb_row column_structure=&#8221;1_2,1_2&#8243; _builder_version=&#8221;3.25&#8243; custom_padding=&#8221;15px|0px|1px|0px|false|false&#8221;][et_pb_column type=&#8221;1_2&#8243; _builder_version=&#8221;3.25&#8243; custom_padding=&#8221;|||&#8221; custom_padding__hover=&#8221;|||&#8221;][et_pb_image src=&#8221;https:\/\/www.hgi-cgs.hr\/wp-content\/uploads\/2020\/10\/cicarija.jpg&#8221; alt=&#8221;geolo\u0161ki model \u0106i\u0107arije&#8221; title_text=&#8221;geolo\u0161ki model \u0106i\u0107arije&#8221; url=&#8221;https:\/\/www.hgi-cgs.hr\/wp-content\/uploads\/2020\/10\/cicarija.jpg&#8221; align=&#8221;right&#8221; align_tablet=&#8221;center&#8221; align_phone=&#8221;&#8221; align_last_edited=&#8221;on|desktop&#8221; _builder_version=&#8221;4.6.6&#8243; max_width=&#8221;89%&#8221; module_alignment=&#8221;right&#8221; border_radii=&#8221;on|5px|5px|5px|5px&#8221; box_shadow_style=&#8221;preset1&#8243; box_shadow_blur=&#8221;15px&#8221;][\/et_pb_image][\/et_pb_column][et_pb_column type=&#8221;1_2&#8243; _builder_version=&#8221;3.25&#8243; custom_padding=&#8221;|||&#8221; custom_padding__hover=&#8221;|||&#8221;][et_pb_image src=&#8221;https:\/\/www.hgi-cgs.hr\/wp-content\/uploads\/2020\/10\/cicarija2.jpg&#8221; alt=&#8221;geolo\u0161ki model \u0107i\u0107arije&#8221; title_text=&#8221;cicarija2&#8243; url=&#8221;https:\/\/www.hgi-cgs.hr\/wp-content\/uploads\/2020\/10\/cicarija2.jpg&#8221; align_tablet=&#8221;center&#8221; align_phone=&#8221;&#8221; align_last_edited=&#8221;on|desktop&#8221; _builder_version=&#8221;4.6.6&#8243; width=&#8221;88%&#8221; max_width=&#8221;99%&#8221; module_alignment=&#8221;left&#8221; border_radii=&#8221;on|5px|5px|5px|5px&#8221; box_shadow_style=&#8221;preset1&#8243; box_shadow_blur=&#8221;15px&#8221;][\/et_pb_image][\/et_pb_column][\/et_pb_row][et_pb_row _builder_version=&#8221;4.6.6&#8243; _module_preset=&#8221;default&#8221; custom_padding=&#8221;||10px|||&#8221;][et_pb_column type=&#8221;4_4&#8243; _builder_version=&#8221;4.6.6&#8243; _module_preset=&#8221;default&#8221;][et_pb_text _builder_version=&#8221;4.6.6&#8243; _module_preset=&#8221;default&#8221; text_font_size=&#8221;13px&#8221; custom_margin=&#8221;-10px||||false|false&#8221;]<\/p>\n<p style=\"text-align: center;\">Geolo\u0161ki model \u0106i\u0107arije s prikazanom tipi\u010dnom navla\u010dnom strukturom krednih i paleogenskih naslaga vanjskih Dinarida (u izradi), rezultat Radnog paketa 1 (WP1), projekta GeoTwinn.<\/p>\n<p>[\/et_pb_text][\/et_pb_column][\/et_pb_row][et_pb_row column_structure=&#8221;1_2,1_2&#8243; _builder_version=&#8221;3.25&#8243; custom_padding=&#8221;15px|0px|40px|0px|false|false&#8221;][et_pb_column type=&#8221;1_2&#8243; _builder_version=&#8221;3.25&#8243; custom_padding=&#8221;|||&#8221; custom_padding__hover=&#8221;|||&#8221;][et_pb_image src=&#8221;https:\/\/www.hgi-cgs.hr\/wp-content\/uploads\/2020\/10\/zagreb.jpg&#8221; alt=&#8221;geolo\u0161ki model zagreba\u010dkog vodonosnika podzemen vode&#8221; title_text=&#8221;zagreb&#8221; url=&#8221;https:\/\/www.hgi-cgs.hr\/wp-content\/uploads\/2020\/10\/zagreb.jpg&#8221; align=&#8221;right&#8221; align_tablet=&#8221;center&#8221; align_phone=&#8221;&#8221; align_last_edited=&#8221;on|desktop&#8221; _builder_version=&#8221;4.6.6&#8243; max_width=&#8221;89%&#8221; module_alignment=&#8221;right&#8221; border_radii=&#8221;on|5px|5px|5px|5px&#8221; box_shadow_style=&#8221;preset1&#8243; box_shadow_blur=&#8221;15px&#8221;][\/et_pb_image][et_pb_text _builder_version=&#8221;4.6.6&#8243; _module_preset=&#8221;default&#8221; text_font_size=&#8221;13px&#8221; width=&#8221;100%&#8221; module_alignment=&#8221;center&#8221; custom_margin=&#8221;-30px||||false|false&#8221; custom_padding=&#8221;|||50px|false|false&#8221;]<\/p>\n<p style=\"text-align: center;\">Geolo\u0161ki model zagreba\u010dkog vodonosnika podzemne vode, s prikazanim klasti\u010dnim aluvijalnim naslagama vodonosnika i neogenskim stijenama u podlozi, rezultat Radnog paketa 1 (WP1), projekta GeoTwinn.<\/p>\n<p>[\/et_pb_text][\/et_pb_column][et_pb_column type=&#8221;1_2&#8243; _builder_version=&#8221;3.25&#8243; custom_padding=&#8221;|||&#8221; custom_padding__hover=&#8221;|||&#8221;][et_pb_image src=&#8221;https:\/\/www.hgi-cgs.hr\/wp-content\/uploads\/2020\/10\/rms.png&#8221; alt=&#8221;Prikaz razdiobe okoli\u0161a talo\u017eenja kori\u0161tenjem RMS atributnih analiza refleksijskih seizmi\u010dkih podataka &#8221; title_text=&#8221;rms&#8221; url=&#8221;https:\/\/www.hgi-cgs.hr\/wp-content\/uploads\/2020\/10\/rms.png&#8221; align_tablet=&#8221;center&#8221; align_phone=&#8221;&#8221; align_last_edited=&#8221;on|desktop&#8221; _builder_version=&#8221;4.6.6&#8243; width=&#8221;94%&#8221; max_width=&#8221;99%&#8221; module_alignment=&#8221;left&#8221; border_radii=&#8221;on|5px|5px|5px|5px&#8221; box_shadow_style=&#8221;preset1&#8243; box_shadow_blur=&#8221;15px&#8221;][\/et_pb_image][et_pb_text _builder_version=&#8221;4.6.6&#8243; _module_preset=&#8221;default&#8221; text_font_size=&#8221;13px&#8221; custom_margin=&#8221;-30px||||false|false&#8221; custom_padding=&#8221;|30px|||false|false&#8221;]<\/p>\n<p style=\"text-align: center;\">Prikaz razdiobe okoli\u0161a talo\u017eenja kori\u0161tenjem RMS atributnih analiza refleksijskih seizmi\u010dkih podataka na kartiranim stratigrafskim povr\u0161inama (kori\u0161teni program &#8211; Sclumberger Petrel u svrhu doktorskog istra\u017eivanja).<\/p>\n<p>[\/et_pb_text][\/et_pb_column][\/et_pb_row][et_pb_row column_structure=&#8221;1_2,1_2&#8243; _builder_version=&#8221;3.25&#8243; custom_padding=&#8221;15px|0px|40px|0px|false|false&#8221;][et_pb_column type=&#8221;1_2&#8243; _builder_version=&#8221;3.25&#8243; custom_padding=&#8221;|||&#8221; custom_padding__hover=&#8221;|||&#8221;][et_pb_image src=&#8221;https:\/\/www.hgi-cgs.hr\/wp-content\/uploads\/2020\/10\/potres.png&#8221; alt=&#8221;Geolo\u0161ki model dvije rasjedne plohe du\u017e kojih se nalaze hipocentri glavnog i popratnih potresa zabilje\u017eenih na \u0161irem zagreba\u010dkom podru\u010dju 22. o\u017eujka 2020.&#8221; title_text=&#8221;potres&#8221; url=&#8221;https:\/\/www.hgi-cgs.hr\/wp-content\/uploads\/2020\/10\/potres.png&#8221; align=&#8221;right&#8221; align_tablet=&#8221;center&#8221; align_phone=&#8221;&#8221; align_last_edited=&#8221;on|desktop&#8221; _builder_version=&#8221;4.6.6&#8243; width=&#8221;81%&#8221; max_width=&#8221;89%&#8221; module_alignment=&#8221;right&#8221; border_radii=&#8221;on|5px|5px|5px|5px&#8221; box_shadow_style=&#8221;preset1&#8243; box_shadow_blur=&#8221;15px&#8221;][\/et_pb_image][et_pb_text _builder_version=&#8221;4.6.6&#8243; _module_preset=&#8221;default&#8221; text_font_size=&#8221;13px&#8221; width=&#8221;100%&#8221; module_alignment=&#8221;center&#8221; custom_margin=&#8221;-30px||||false|false&#8221; custom_padding=&#8221;|||80px|false|false&#8221;]<\/p>\n<p style=\"text-align: center;\">Geolo\u0161ki model dvije rasjedne plohe du\u017e kojih se nalaze hipocentri glavnog i popratnih potresa zabilje\u017eenih na \u0161irem zagreba\u010dkom podru\u010dju 22. o\u017eujka 2020., izra\u0111en metodologijom razvijenom na projektu Geosekva.<\/p>\n<p>[\/et_pb_text][\/et_pb_column][et_pb_column type=&#8221;1_2&#8243; _builder_version=&#8221;3.25&#8243; custom_padding=&#8221;|||&#8221; custom_padding__hover=&#8221;|||&#8221;][et_pb_image src=&#8221;https:\/\/www.hgi-cgs.hr\/wp-content\/uploads\/2020\/10\/3D-GEOSEKVA.gif&#8221; title_text=&#8221;3D GEOSEKVA&#8221; url=&#8221;https:\/\/www.hgi-cgs.hr\/wp-content\/uploads\/2020\/10\/3D-GEOSEKVA.gif&#8221; align_tablet=&#8221;center&#8221; align_phone=&#8221;&#8221; align_last_edited=&#8221;on|desktop&#8221; _builder_version=&#8221;4.6.6&#8243; max_width=&#8221;99%&#8221; module_alignment=&#8221;left&#8221; border_radii=&#8221;on|5px|5px|5px|5px&#8221; box_shadow_style=&#8221;preset1&#8243; box_shadow_blur=&#8221;15px&#8221;][\/et_pb_image][et_pb_text _builder_version=&#8221;4.6.6&#8243; _module_preset=&#8221;default&#8221; text_font_size=&#8221;13px&#8221; custom_margin=&#8221;-30px||||false|false&#8221;]<\/p>\n<p style=\"text-align: center;\">Prikaz kartirane povr\u0161ine na podru\u010dju sjevernog Jadrana (projekt GEOSEKVA, HRZZ).<\/p>\n<p>[\/et_pb_text][\/et_pb_column][\/et_pb_row][\/et_pb_section]<\/p>\n","protected":false},"excerpt":{"rendered":"<p>TEMELJNA GEOLO\u0160KA ISTRA\u017dIVANJA Geolo\u0161ko modeliranje Geolo\u0161ko modeliranje je metoda koja obuhva\u0107a prikupljanje geolo\u0161kih podataka istra\u017eivanog podru\u010dja, njihovu interpretaciju i obradu te u kona\u010dnici izradu geolo\u0161kog modela. Geolo\u0161ki model je numeri\u010dka parametrizacija povr\u0161ine i podzemlja istra\u017eivanog podru\u010dja, koji se prikazuje trodimenzionalnim vizualizacijama. Ulazni podaci uklju\u010duju sve vrste prostornih podataka u rasterskom i vektorskom obliku te geolo\u0161ke, [&hellip;]<\/p>\n","protected":false},"author":1,"featured_media":0,"parent":0,"menu_order":0,"comment_status":"closed","ping_status":"closed","template":"","meta":{"_et_pb_use_builder":"on","_et_pb_old_content":"","_et_gb_content_width":"","footnotes":""},"class_list":["post-33840","page","type-page","status-publish","hentry"],"aioseo_notices":[],"_links":{"self":[{"href":"https:\/\/www.hgi-cgs.hr\/en\/wp-json\/wp\/v2\/pages\/33840","targetHints":{"allow":["GET"]}}],"collection":[{"href":"https:\/\/www.hgi-cgs.hr\/en\/wp-json\/wp\/v2\/pages"}],"about":[{"href":"https:\/\/www.hgi-cgs.hr\/en\/wp-json\/wp\/v2\/types\/page"}],"author":[{"embeddable":true,"href":"https:\/\/www.hgi-cgs.hr\/en\/wp-json\/wp\/v2\/users\/1"}],"replies":[{"embeddable":true,"href":"https:\/\/www.hgi-cgs.hr\/en\/wp-json\/wp\/v2\/comments?post=33840"}],"version-history":[{"count":14,"href":"https:\/\/www.hgi-cgs.hr\/en\/wp-json\/wp\/v2\/pages\/33840\/revisions"}],"predecessor-version":[{"id":37577,"href":"https:\/\/www.hgi-cgs.hr\/en\/wp-json\/wp\/v2\/pages\/33840\/revisions\/37577"}],"wp:attachment":[{"href":"https:\/\/www.hgi-cgs.hr\/en\/wp-json\/wp\/v2\/media?parent=33840"}],"curies":[{"name":"wp","href":"https:\/\/api.w.org\/{rel}","templated":true}]}}