{"id":33807,"date":"2020-09-18T10:14:18","date_gmt":"2020-09-18T10:14:18","guid":{"rendered":"http:\/\/www.hgi-cgs.hr\/?page_id=33807"},"modified":"2020-12-31T11:53:08","modified_gmt":"2020-12-31T11:53:08","slug":"o-nama","status":"publish","type":"page","link":"https:\/\/www.hgi-cgs.hr\/en\/o-nama\/","title":{"rendered":"About us"},"content":{"rendered":"<p>[et_pb_section fb_built=&#8221;1&#8243; fullwidth=&#8221;on&#8221; _builder_version=&#8221;4.4.1&#8243; custom_padding=&#8221;0px||0px|||&#8221;][et_pb_fullwidth_slider _builder_version=&#8221;4.7.7&#8243; min_height=&#8221;112px&#8221; height=&#8221;400px&#8221; custom_margin=&#8221;0px||||false|false&#8221; custom_padding=&#8221;0px||18px||false|false&#8221; auto=&#8221;on&#8221; auto_ignore_hover=&#8221;on&#8221; locked=&#8221;off&#8221;][et_pb_slide heading=&#8221;Hrvatski geolo\u0161ki institut&#8221; _builder_version=&#8221;4.4.1&#8243; header_font=&#8221;|||on|||||&#8221; background_image=&#8221;https:\/\/www.hgi-cgs.hr\/wp-content\/uploads\/2020\/03\/Br\u010di\u0107_Drvenik02-scaled.jpg&#8221; background_enable_image=&#8221;on&#8221; locked=&#8221;off&#8221; sticky_transition=&#8221;on&#8221;][\/et_pb_slide][et_pb_slide heading=&#8221;Hrvatski geolo\u0161ki institut&#8221; _builder_version=&#8221;4.4.1&#8243; header_font=&#8221;|||on|||||&#8221; background_image=&#8221;https:\/\/www.hgi-cgs.hr\/wp-content\/uploads\/2020\/03\/ban2-scaled.jpg&#8221; background_enable_image=&#8221;on&#8221; locked=&#8221;off&#8221; sticky_transition=&#8221;on&#8221;][\/et_pb_slide][et_pb_slide heading=&#8221;Hrvatski geolo\u0161ki institut&#8221; _builder_version=&#8221;4.4.1&#8243; header_font=&#8221;|||on|||||&#8221; background_image=&#8221;https:\/\/www.hgi-cgs.hr\/wp-content\/uploads\/2020\/03\/20190228_094232-scaled.jpg&#8221; background_enable_image=&#8221;on&#8221; locked=&#8221;off&#8221; sticky_transition=&#8221;on&#8221;][\/et_pb_slide][et_pb_slide heading=&#8221;Hrvatski geolo\u0161ki institut&#8221; _builder_version=&#8221;4.4.1&#8243; header_font=&#8221;|||on|||||&#8221; background_image=&#8221;https:\/\/www.hgi-cgs.hr\/wp-content\/uploads\/2020\/03\/ban3-scaled.jpg&#8221; background_enable_image=&#8221;on&#8221; locked=&#8221;off&#8221; sticky_transition=&#8221;on&#8221;][\/et_pb_slide][et_pb_slide heading=&#8221;Hrvatski geolo\u0161ki institut&#8221; _builder_version=&#8221;4.4.1&#8243; header_font=&#8221;|||on|||||&#8221; background_image=&#8221;https:\/\/www.hgi-cgs.hr\/wp-content\/uploads\/2020\/03\/Bijele_stijene-Gorski_kotar-scaled.jpg&#8221; background_enable_image=&#8221;on&#8221; locked=&#8221;off&#8221; sticky_transition=&#8221;on&#8221;][\/et_pb_slide][et_pb_slide heading=&#8221;Hrvatski geolo\u0161ki institut&#8221; _builder_version=&#8221;4.4.1&#8243; header_font=&#8221;|||on|||||&#8221; background_image=&#8221;https:\/\/www.hgi-cgs.hr\/wp-content\/uploads\/2020\/03\/ban4-scaled.jpg&#8221; background_enable_image=&#8221;on&#8221; locked=&#8221;off&#8221; sticky_transition=&#8221;on&#8221;][\/et_pb_slide][et_pb_slide heading=&#8221;Hrvatski geolo\u0161ki institut&#8221; _builder_version=&#8221;4.4.1&#8243; header_font=&#8221;|||on|||||&#8221; background_image=&#8221;https:\/\/www.hgi-cgs.hr\/wp-content\/uploads\/2020\/03\/ban5-scaled.jpg&#8221; background_enable_image=&#8221;on&#8221; locked=&#8221;off&#8221; sticky_transition=&#8221;on&#8221;][\/et_pb_slide][et_pb_slide heading=&#8221;Hrvatski geolo\u0161ki institut&#8221; _builder_version=&#8221;4.7.7&#8243; header_font=&#8221;|||on|||||&#8221; background_image=&#8221;https:\/\/www.hgi-cgs.hr\/wp-content\/uploads\/2020\/04\/20191015_142016a-scaled.jpg&#8221; background_enable_image=&#8221;on&#8221; locked=&#8221;off&#8221; sticky_transition=&#8221;on&#8221;][\/et_pb_slide][et_pb_slide heading=&#8221;Hrvatski geolo\u0161ki institut&#8221; _builder_version=&#8221;4.7.7&#8243; header_font=&#8221;|||on|||||&#8221; background_image=&#8221;https:\/\/www.hgi-cgs.hr\/wp-content\/uploads\/2020\/04\/20191014_133538-scaled.jpg&#8221; background_enable_image=&#8221;on&#8221; locked=&#8221;off&#8221; sticky_transition=&#8221;on&#8221;][\/et_pb_slide][\/et_pb_fullwidth_slider][\/et_pb_section][et_pb_section fb_built=&#8221;1&#8243; _builder_version=&#8221;4.4.2&#8243; custom_padding=&#8221;20px||41px|||&#8221;][et_pb_row _builder_version=&#8221;4.4.2&#8243;][et_pb_column type=&#8221;4_4&#8243; _builder_version=&#8221;4.4.2&#8243;][et_pb_text _builder_version=&#8221;4.6.1&#8243; text_font_size=&#8221;32px&#8221; header_2_text_color=&#8221;#1e5096&#8243;]<\/p>\n<h2 style=\"text-align: center; color: #1e5096;\"><strong>O NAMA<\/strong><\/h2>\n<p>[\/et_pb_text][\/et_pb_column][\/et_pb_row][et_pb_row _builder_version=&#8221;4.4.2&#8243;][et_pb_column type=&#8221;4_4&#8243; _builder_version=&#8221;4.4.2&#8243;][et_pb_text _builder_version=&#8221;4.6.5&#8243; custom_padding=&#8221;|10px||10px|false|false&#8221;]<\/p>\n<p style=\"text-align: left;\"><strong>Hrvatski geolo\u0161ki institut<\/strong> najve\u0107i je istra\u017eiva\u010dki institut u podru\u010dju geoznanosti i geolo\u0161kog in\u017eenjerstva u Republici Hrvatskoj. Geolo\u0161ki podaci predstavljaju temelj za rje\u0161avanje mnogih projekata od nacionalnog zna\u010daja kao \u0161to su opskrba pitkom vodom, za\u0161tita voda i tala, izgradnja prometne infrastrukture, urbanisti\u010dko planiranje, definiranje rezervi mineralnih sirovina i za\u0161tite okoli\u0161a.<\/p>\n<p>[\/et_pb_text][\/et_pb_column][\/et_pb_row][et_pb_row column_structure=&#8221;2_5,3_5&#8243; _builder_version=&#8221;4.4.2&#8243;][et_pb_column type=&#8221;2_5&#8243; _builder_version=&#8221;4.4.2&#8243;][et_pb_image src=&#8221;https:\/\/www.hgi-cgs.hr\/wp-content\/uploads\/2020\/10\/DSC_1812a.jpg&#8221; title_text=&#8221;DSC_1812a&#8221; _builder_version=&#8221;4.6.6&#8243; custom_padding=&#8221;40px|||10px|false|false&#8221; border_radii=&#8221;on|5px|5px|5px|5px&#8221; box_shadow_style=&#8221;preset1&#8243; box_shadow_blur=&#8221;15px&#8221;][\/et_pb_image][et_pb_text _builder_version=&#8221;4.6.6&#8243; _module_preset=&#8221;default&#8221; text_font_size=&#8221;13px&#8221; custom_margin=&#8221;-30px||||false|false&#8221;]<\/p>\n<p style=\"text-align: center;\">Hrvatski geolo\u0161ki institut<\/p>\n<p>[\/et_pb_text][\/et_pb_column][et_pb_column type=&#8221;3_5&#8243; _builder_version=&#8221;4.4.2&#8243;][et_pb_text _builder_version=&#8221;4.6.5&#8243; custom_padding=&#8221;|10px|||false|false&#8221;]<\/p>\n<p style=\"text-align: left;\">Ljudski potencijali su ukupna znanja, vje\u0161tine, sposobnosti, kreativne mogu\u0107nosti, motivacija, odanost kojima raspola\u017ee neka organizacija (ili dru\u0161tvo). Upravljanje ljudskim resursima tako podrazumijeva brigu o ljudima unutar neke organizacije, \u0161to zna\u010di pronala\u017eenje odgovaraju\u0107ih zaposlenika koji posjeduju dovoljno vje\u0161tina za obavljanje odre\u0111ene poslovne funkcije, zatim obu\u010davanja i razvoja zaposlenih. Nakon 1997. kada HGI postaje javni znanstveni institut, intenzitet znanstvenog rada i istra\u017eivanja pove\u0107ao se u toj mjeri da je od 1997. godine do 2019. godine vi\u0161e od 55 istra\u017eiva\u010da izradilo svoje doktorske disertacije te je ukupni broj doktora znanosti s 12 porastao na 45. Geolo\u0161ka istra\u017eivanja zahtijevaju i velik broj stru\u010dnih zaposlenika vezanih za terenski rad, u laboratorijima te informati\u010dkim djelatnostima. Broj djelatnika u razdoblju od 2014. godine do 2019. godine kre\u0107e se u rasponu od 113-117. Ukupno 45 djelatnika imaju doktorat znanosti, a 35 djelatnika je zaposleno na znanstvenim radnim mjestima.<\/p>\n<p>[\/et_pb_text][\/et_pb_column][\/et_pb_row][et_pb_row _builder_version=&#8221;4.4.6&#8243;][et_pb_column type=&#8221;4_4&#8243; _builder_version=&#8221;4.4.6&#8243;][et_pb_text _builder_version=&#8221;4.6.6&#8243;]<\/p>\n<p style=\"text-align: left;\">Hrvatski geolo\u0161ki institut sura\u0111uje s mnogim srodnim institucijama, organizacijama i fakultetima u zemlji, a kao takav prepoznat je i u me\u0111unarodnoj akademskoj zajednici o \u010demu svjedo\u010de mnogi me\u0111unarodni istra\u017eiva\u010dki projekti koji se izvode u Institutu.<\/p>\n<p style=\"text-align: left;\"><em><strong>OIB:<\/strong><\/em> <strong>43733878539<\/strong><\/p>\n<p>&nbsp;<\/p>\n<p>[\/et_pb_text][\/et_pb_column][\/et_pb_row][\/et_pb_section]<\/p>\n","protected":false},"excerpt":{"rendered":"<p>O NAMAHrvatski geolo\u0161ki institut najve\u0107i je istra\u017eiva\u010dki institut u podru\u010dju geoznanosti i geolo\u0161kog in\u017eenjerstva u Republici Hrvatskoj. Geolo\u0161ki podaci predstavljaju temelj za rje\u0161avanje mnogih projekata od nacionalnog zna\u010daja kao \u0161to su opskrba pitkom vodom, za\u0161tita voda i tala, izgradnja prometne infrastrukture, urbanisti\u010dko planiranje, definiranje rezervi mineralnih sirovina i za\u0161tite okoli\u0161a.Hrvatski geolo\u0161ki institutLjudski potencijali su ukupna [&hellip;]<\/p>\n","protected":false},"author":1,"featured_media":0,"parent":0,"menu_order":0,"comment_status":"closed","ping_status":"closed","template":"","meta":{"_et_pb_use_builder":"on","_et_pb_old_content":"","_et_gb_content_width":"","footnotes":""},"class_list":["post-33807","page","type-page","status-publish","hentry"],"aioseo_notices":[],"_links":{"self":[{"href":"https:\/\/www.hgi-cgs.hr\/en\/wp-json\/wp\/v2\/pages\/33807","targetHints":{"allow":["GET"]}}],"collection":[{"href":"https:\/\/www.hgi-cgs.hr\/en\/wp-json\/wp\/v2\/pages"}],"about":[{"href":"https:\/\/www.hgi-cgs.hr\/en\/wp-json\/wp\/v2\/types\/page"}],"author":[{"embeddable":true,"href":"https:\/\/www.hgi-cgs.hr\/en\/wp-json\/wp\/v2\/users\/1"}],"replies":[{"embeddable":true,"href":"https:\/\/www.hgi-cgs.hr\/en\/wp-json\/wp\/v2\/comments?post=33807"}],"version-history":[{"count":9,"href":"https:\/\/www.hgi-cgs.hr\/en\/wp-json\/wp\/v2\/pages\/33807\/revisions"}],"predecessor-version":[{"id":37537,"href":"https:\/\/www.hgi-cgs.hr\/en\/wp-json\/wp\/v2\/pages\/33807\/revisions\/37537"}],"wp:attachment":[{"href":"https:\/\/www.hgi-cgs.hr\/en\/wp-json\/wp\/v2\/media?parent=33807"}],"curies":[{"name":"wp","href":"https:\/\/api.w.org\/{rel}","templated":true}]}}