{"id":33684,"date":"2020-09-18T09:36:49","date_gmt":"2020-09-18T09:36:49","guid":{"rendered":"http:\/\/www.hgi-cgs.hr\/?page_id=33684"},"modified":"2020-12-31T14:42:22","modified_gmt":"2020-12-31T14:42:22","slug":"publikacije-i-izdanja-hgi-a","status":"publish","type":"page","link":"https:\/\/www.hgi-cgs.hr\/en\/publikacije-i-izdanja-hgi-a\/","title":{"rendered":"Publications"},"content":{"rendered":"<p>[et_pb_section fb_built=&#8221;1&#8243; fullwidth=&#8221;on&#8221; _builder_version=&#8221;4.4.1&#8243; custom_padding=&#8221;0px||0px|||&#8221;][et_pb_fullwidth_slider _builder_version=&#8221;4.7.7&#8243; min_height=&#8221;112px&#8221; height=&#8221;400px&#8221; custom_margin=&#8221;0px||||false|false&#8221; custom_padding=&#8221;0px||18px||false|false&#8221; auto=&#8221;on&#8221; auto_ignore_hover=&#8221;on&#8221; locked=&#8221;off&#8221;][et_pb_slide heading=&#8221;Hrvatski geolo\u0161ki institut&#8221; _builder_version=&#8221;4.4.1&#8243; header_font=&#8221;|||on|||||&#8221; background_image=&#8221;https:\/\/www.hgi-cgs.hr\/wp-content\/uploads\/2020\/03\/Br\u010di\u0107_Drvenik02-scaled.jpg&#8221; background_enable_image=&#8221;on&#8221; locked=&#8221;off&#8221; sticky_transition=&#8221;on&#8221;][\/et_pb_slide][et_pb_slide heading=&#8221;Hrvatski geolo\u0161ki institut&#8221; _builder_version=&#8221;4.4.1&#8243; header_font=&#8221;|||on|||||&#8221; background_image=&#8221;https:\/\/www.hgi-cgs.hr\/wp-content\/uploads\/2020\/03\/ban2-scaled.jpg&#8221; background_enable_image=&#8221;on&#8221; locked=&#8221;off&#8221; sticky_transition=&#8221;on&#8221;][\/et_pb_slide][et_pb_slide heading=&#8221;Hrvatski geolo\u0161ki institut&#8221; _builder_version=&#8221;4.4.1&#8243; header_font=&#8221;|||on|||||&#8221; background_image=&#8221;https:\/\/www.hgi-cgs.hr\/wp-content\/uploads\/2020\/03\/20190228_094232-scaled.jpg&#8221; background_enable_image=&#8221;on&#8221; locked=&#8221;off&#8221; sticky_transition=&#8221;on&#8221;][\/et_pb_slide][et_pb_slide heading=&#8221;Hrvatski geolo\u0161ki institut&#8221; _builder_version=&#8221;4.4.1&#8243; header_font=&#8221;|||on|||||&#8221; background_image=&#8221;https:\/\/www.hgi-cgs.hr\/wp-content\/uploads\/2020\/03\/ban3-scaled.jpg&#8221; background_enable_image=&#8221;on&#8221; locked=&#8221;off&#8221; sticky_transition=&#8221;on&#8221;][\/et_pb_slide][et_pb_slide heading=&#8221;Hrvatski geolo\u0161ki institut&#8221; _builder_version=&#8221;4.4.1&#8243; header_font=&#8221;|||on|||||&#8221; background_image=&#8221;https:\/\/www.hgi-cgs.hr\/wp-content\/uploads\/2020\/03\/Bijele_stijene-Gorski_kotar-scaled.jpg&#8221; background_enable_image=&#8221;on&#8221; locked=&#8221;off&#8221; sticky_transition=&#8221;on&#8221;][\/et_pb_slide][et_pb_slide heading=&#8221;Hrvatski geolo\u0161ki institut&#8221; _builder_version=&#8221;4.4.1&#8243; header_font=&#8221;|||on|||||&#8221; background_image=&#8221;https:\/\/www.hgi-cgs.hr\/wp-content\/uploads\/2020\/03\/ban4-scaled.jpg&#8221; background_enable_image=&#8221;on&#8221; locked=&#8221;off&#8221; sticky_transition=&#8221;on&#8221;][\/et_pb_slide][et_pb_slide heading=&#8221;Hrvatski geolo\u0161ki institut&#8221; _builder_version=&#8221;4.4.1&#8243; header_font=&#8221;|||on|||||&#8221; background_image=&#8221;https:\/\/www.hgi-cgs.hr\/wp-content\/uploads\/2020\/03\/ban5-scaled.jpg&#8221; background_enable_image=&#8221;on&#8221; locked=&#8221;off&#8221; sticky_transition=&#8221;on&#8221;][\/et_pb_slide][et_pb_slide heading=&#8221;Hrvatski geolo\u0161ki institut&#8221; _builder_version=&#8221;4.7.7&#8243; header_font=&#8221;|||on|||||&#8221; background_image=&#8221;https:\/\/www.hgi-cgs.hr\/wp-content\/uploads\/2020\/04\/20191015_142016a-scaled.jpg&#8221; background_enable_image=&#8221;on&#8221; locked=&#8221;off&#8221; sticky_transition=&#8221;on&#8221;][\/et_pb_slide][et_pb_slide heading=&#8221;Hrvatski geolo\u0161ki institut&#8221; _builder_version=&#8221;4.7.7&#8243; header_font=&#8221;|||on|||||&#8221; background_image=&#8221;https:\/\/www.hgi-cgs.hr\/wp-content\/uploads\/2020\/04\/20191014_133538-scaled.jpg&#8221; background_enable_image=&#8221;on&#8221; locked=&#8221;off&#8221; sticky_transition=&#8221;on&#8221;][\/et_pb_slide][\/et_pb_fullwidth_slider][\/et_pb_section][et_pb_section fb_built=&#8221;1&#8243; _builder_version=&#8221;4.6.6&#8243; _module_preset=&#8221;default&#8221; background_color=&#8221;#ffffff&#8221;][et_pb_row _builder_version=&#8221;4.4.2&#8243;][et_pb_column type=&#8221;4_4&#8243; _builder_version=&#8221;4.4.2&#8243;][et_pb_text _builder_version=&#8221;4.4.2&#8243; text_font_size=&#8221;32px&#8221; header_2_text_color=&#8221;#1e5096&#8243;]<\/p>\n<h2 style=\"text-align: center; color: #1e5096;\"><strong>PUBLIKACIJE I IZDANJA HGI<\/strong><\/h2>\n<p>[\/et_pb_text][\/et_pb_column][\/et_pb_row][et_pb_row column_structure=&#8221;1_3,1_3,1_3&#8243; use_custom_gutter=&#8221;on&#8221; gutter_width=&#8221;1&#8243; make_equal=&#8221;on&#8221; padding_top_bottom_link_2=&#8221;true&#8221; padding_left_right_link_2=&#8221;true&#8221; _builder_version=&#8221;4.6.6&#8243; background_color=&#8221;#ffffff&#8221; width=&#8221;55%&#8221; max_width=&#8221;1930px&#8221; max_height=&#8221;450px&#8221; custom_margin=&#8221;21px|auto|49px|auto||&#8221; custom_padding=&#8221;1px|0px|0px|0px|false|false&#8221; link_option_url=&#8221;http:\/\/webgis.hgi-cgs.hr\/gk300\/default.aspx&#8221;][et_pb_column type=&#8221;1_3&#8243; _builder_version=&#8221;4.6.1&#8243; background_image=&#8221;https:\/\/www.hgi-cgs.hr\/wp-content\/uploads\/2020\/07\/vodic.jpg&#8221; custom_padding=&#8221;|||&#8221; link_option_url=&#8221;https:\/\/www.hgi-cgs.hr\/knjige-i-casopisi-u-nakladi-hgi\/&#8221; border_radii=&#8221;off|5px|||5px&#8221; box_shadow_style=&#8221;preset1&#8243; custom_padding__hover=&#8221;|||&#8221;][et_pb_text _builder_version=&#8221;4.6.6&#8243; _module_preset=&#8221;default&#8221; header_5_text_color=&#8221;#ffffff&#8221; header_5_font_size=&#8221;20px&#8221; custom_padding=&#8221;30px||||false|false&#8221; link_option_url=&#8221;https:\/\/www.hgi-cgs.hr\/knjige-i-casopisi-u-nakladi-hgi\/&#8221;]<\/p>\n<h5 style=\"text-align: center;\">Knjige i \u010dasopisi u nakladi HGI-a<\/h5>\n<p>[\/et_pb_text][et_pb_text _builder_version=&#8221;4.6.1&#8243; header_font=&#8221;||||||||&#8221; header_3_font=&#8221;|800|||||||&#8221; header_3_font_size=&#8221;26px&#8221; width=&#8221;100%&#8221; module_alignment=&#8221;right&#8221; custom_margin=&#8221;378px||0px||false|false&#8221; custom_padding=&#8221;0px|||230px|false|false&#8221; animation_direction=&#8221;left&#8221; link_option_url_new_window=&#8221;on&#8221;][\/et_pb_text][\/et_pb_column][et_pb_column type=&#8221;1_3&#8243; _builder_version=&#8221;4.6.6&#8243; background_color=&#8221;#ffffff&#8221; background_image=&#8221;https:\/\/www.hgi-cgs.hr\/wp-content\/uploads\/2020\/07\/HGI-godisnjak_2019_sm-scaled.jpg&#8221; custom_padding=&#8221;50px|50px|50px|50px&#8221; link_option_url=&#8221;https:\/\/www.hgi-cgs.hr\/godisnjaci-hgi\/&#8221; box_shadow_style=&#8221;preset1&#8243; custom_padding__hover=&#8221;|||&#8221;][et_pb_text _builder_version=&#8221;4.6.6&#8243; _module_preset=&#8221;default&#8221; header_5_text_color=&#8221;#ffffff&#8221; header_5_font_size=&#8221;20px&#8221; custom_margin=&#8221;-25px||||false|false&#8221; custom_padding=&#8221;0px||||false|false&#8221; link_option_url=&#8221;https:\/\/www.hgi-cgs.hr\/godisnjaci-hgi\/&#8221;]<\/p>\n<h5 style=\"text-align: center;\">Godi\u0161nja izvje\u0161\u0107a (Annual Reports)<\/h5>\n<p>[\/et_pb_text][\/et_pb_column][et_pb_column type=&#8221;1_3&#8243; _builder_version=&#8221;4.6.1&#8243; background_image=&#8221;https:\/\/www.hgi-cgs.hr\/wp-content\/uploads\/2020\/09\/crosbi2.jpg&#8221; custom_padding=&#8221;|||&#8221; link_option_url=&#8221;https:\/\/www.bib.irb.hr\/pregled\/ustanove\/181?sif_ust=181&#8243; border_radii=&#8221;off||5px|5px|&#8221; box_shadow_style=&#8221;preset1&#8243; custom_padding__hover=&#8221;|||&#8221;][et_pb_text _builder_version=&#8221;4.6.6&#8243; _module_preset=&#8221;default&#8221; header_line_height=&#8221;1.1em&#8221; header_5_text_color=&#8221;#1e5096&#8243; header_5_font_size=&#8221;20px&#8221; custom_padding=&#8221;30px||||false|false&#8221; link_option_url=&#8221;https:\/\/www.bib.irb.hr\/pregled\/ustanove\/181?sif_ust=181&#8243;]<\/p>\n<h5 style=\"text-align: center;\">Objavljeni radovi<\/h5>\n<p>[\/et_pb_text][et_pb_text _builder_version=&#8221;4.6.1&#8243; header_font=&#8221;||||||||&#8221; header_3_font=&#8221;|800|||||||&#8221; header_3_font_size=&#8221;26px&#8221; header_4_text_color=&#8221;#ffffff&#8221; header_4_font_size=&#8221;23px&#8221; width=&#8221;100%&#8221; module_alignment=&#8221;right&#8221; custom_margin=&#8221;310px||-4px||false|false&#8221; custom_padding=&#8221;|||50px|false|false&#8221; animation_style=&#8221;slide&#8221; animation_direction=&#8221;left&#8221; animation_duration=&#8221;2000ms&#8221; animation_intensity_slide=&#8221;8%&#8221; link_option_url=&#8221;https:\/\/www.bib.irb.hr\/pregled\/ustanove\/181?sif_ust=181&#8243; link_option_url_new_window=&#8221;on&#8221; header_4_text_shadow_style=&#8221;preset1&#8243;][\/et_pb_text][\/et_pb_column][\/et_pb_row][\/et_pb_section]<\/p>\n","protected":false},"excerpt":{"rendered":"<p>PUBLIKACIJE I IZDANJA HGIKnjige i \u010dasopisi u nakladi HGI-aGodi\u0161nja izvje\u0161\u0107a (Annual Reports)Objavljeni radovi<\/p>","protected":false},"author":1,"featured_media":0,"parent":0,"menu_order":0,"comment_status":"closed","ping_status":"closed","template":"","meta":{"_et_pb_use_builder":"on","_et_pb_old_content":"","_et_gb_content_width":"","footnotes":""},"class_list":["post-33684","page","type-page","status-publish","hentry"],"aioseo_notices":[],"_links":{"self":[{"href":"https:\/\/www.hgi-cgs.hr\/en\/wp-json\/wp\/v2\/pages\/33684","targetHints":{"allow":["GET"]}}],"collection":[{"href":"https:\/\/www.hgi-cgs.hr\/en\/wp-json\/wp\/v2\/pages"}],"about":[{"href":"https:\/\/www.hgi-cgs.hr\/en\/wp-json\/wp\/v2\/types\/page"}],"author":[{"embeddable":true,"href":"https:\/\/www.hgi-cgs.hr\/en\/wp-json\/wp\/v2\/users\/1"}],"replies":[{"embeddable":true,"href":"https:\/\/www.hgi-cgs.hr\/en\/wp-json\/wp\/v2\/comments?post=33684"}],"version-history":[{"count":9,"href":"https:\/\/www.hgi-cgs.hr\/en\/wp-json\/wp\/v2\/pages\/33684\/revisions"}],"predecessor-version":[{"id":37561,"href":"https:\/\/www.hgi-cgs.hr\/en\/wp-json\/wp\/v2\/pages\/33684\/revisions\/37561"}],"wp:attachment":[{"href":"https:\/\/www.hgi-cgs.hr\/en\/wp-json\/wp\/v2\/media?parent=33684"}],"curies":[{"name":"wp","href":"https:\/\/api.w.org\/{rel}","templated":true}]}}