{"id":33389,"date":"2020-09-15T11:21:48","date_gmt":"2020-09-15T11:21:48","guid":{"rendered":"http:\/\/www.hgi-cgs.hr\/?page_id=33389"},"modified":"2020-10-13T13:18:13","modified_gmt":"2020-10-13T13:18:13","slug":"safearth","status":"publish","type":"page","link":"https:\/\/www.hgi-cgs.hr\/en\/safearth\/","title":{"rendered":"safEarth"},"content":{"rendered":"<p>[et_pb_section fb_built=&#8221;1&#8243; fullwidth=&#8221;on&#8221; _builder_version=&#8221;4.4.1&#8243; custom_padding=&#8221;0px||0px|||&#8221;][et_pb_fullwidth_slider _builder_version=&#8221;4.4.2&#8243; min_height=&#8221;112px&#8221; height=&#8221;400px&#8221; custom_margin=&#8221;0px||||false|false&#8221; custom_padding=&#8221;0px||18px||false|false&#8221; auto=&#8221;on&#8221; auto_ignore_hover=&#8221;on&#8221; locked=&#8221;off&#8221;][et_pb_slide heading=&#8221;Hrvatski geolo\u0161ki institut&#8221; _builder_version=&#8221;4.4.1&#8243; header_font=&#8221;|||on|||||&#8221; background_image=&#8221;http:\/\/www.hgi-cgs.hr\/wp-content\/uploads\/2020\/03\/Br\u010di\u0107_Drvenik02-scaled.jpg&#8221; background_enable_image=&#8221;on&#8221; locked=&#8221;off&#8221; sticky_transition=&#8221;on&#8221;][\/et_pb_slide][et_pb_slide heading=&#8221;Hrvatski geolo\u0161ki institut&#8221; _builder_version=&#8221;4.4.1&#8243; header_font=&#8221;|||on|||||&#8221; background_image=&#8221;http:\/\/www.hgi-cgs.hr\/wp-content\/uploads\/2020\/03\/ban2-scaled.jpg&#8221; background_enable_image=&#8221;on&#8221; locked=&#8221;off&#8221; sticky_transition=&#8221;on&#8221;][\/et_pb_slide][et_pb_slide heading=&#8221;Hrvatski geolo\u0161ki institut&#8221; _builder_version=&#8221;4.4.1&#8243; header_font=&#8221;|||on|||||&#8221; background_image=&#8221;http:\/\/www.hgi-cgs.hr\/wp-content\/uploads\/2020\/03\/20190228_094232-scaled.jpg&#8221; background_enable_image=&#8221;on&#8221; locked=&#8221;off&#8221; sticky_transition=&#8221;on&#8221;][\/et_pb_slide][et_pb_slide heading=&#8221;Hrvatski geolo\u0161ki institut&#8221; _builder_version=&#8221;4.4.1&#8243; header_font=&#8221;|||on|||||&#8221; background_image=&#8221;http:\/\/www.hgi-cgs.hr\/wp-content\/uploads\/2020\/03\/ban3-scaled.jpg&#8221; background_enable_image=&#8221;on&#8221; locked=&#8221;off&#8221; sticky_transition=&#8221;on&#8221;][\/et_pb_slide][et_pb_slide heading=&#8221;Hrvatski geolo\u0161ki institut&#8221; _builder_version=&#8221;4.4.1&#8243; header_font=&#8221;|||on|||||&#8221; background_image=&#8221;http:\/\/www.hgi-cgs.hr\/wp-content\/uploads\/2020\/03\/Bijele_stijene-Gorski_kotar-scaled.jpg&#8221; background_enable_image=&#8221;on&#8221; locked=&#8221;off&#8221; sticky_transition=&#8221;on&#8221;][\/et_pb_slide][et_pb_slide heading=&#8221;Hrvatski geolo\u0161ki institut&#8221; _builder_version=&#8221;4.4.1&#8243; header_font=&#8221;|||on|||||&#8221; background_image=&#8221;http:\/\/www.hgi-cgs.hr\/wp-content\/uploads\/2020\/03\/ban4-scaled.jpg&#8221; background_enable_image=&#8221;on&#8221; locked=&#8221;off&#8221; sticky_transition=&#8221;on&#8221;][\/et_pb_slide][et_pb_slide heading=&#8221;Hrvatski geolo\u0161ki institut&#8221; _builder_version=&#8221;4.4.1&#8243; header_font=&#8221;|||on|||||&#8221; background_image=&#8221;http:\/\/www.hgi-cgs.hr\/wp-content\/uploads\/2020\/03\/ban5-scaled.jpg&#8221; background_enable_image=&#8221;on&#8221; locked=&#8221;off&#8221; sticky_transition=&#8221;on&#8221;][\/et_pb_slide][\/et_pb_fullwidth_slider][\/et_pb_section][et_pb_section fb_built=&#8221;1&#8243; _builder_version=&#8221;4.4.2&#8243;][et_pb_row _builder_version=&#8221;4.4.2&#8243;][et_pb_column type=&#8221;4_4&#8243; _builder_version=&#8221;4.4.2&#8243;][et_pb_text _builder_version=&#8221;4.4.2&#8243; text_font_size=&#8221;32px&#8221; header_2_text_color=&#8221;#1e5096&#8243;]<\/p>\n<h2 style=\"text-align: center; color: #1e5096;\"><strong>ZAVOD ZA GEOLOGIJU I I IN\u017dENJERSKU GEOLOGIJU<\/strong><\/h2>\n<p>[\/et_pb_text][\/et_pb_column][\/et_pb_row][et_pb_row _builder_version=&#8221;4.4.2&#8243;][et_pb_column type=&#8221;4_4&#8243; _builder_version=&#8221;4.4.2&#8243;][et_pb_text _builder_version=&#8221;4.6.1&#8243; text_font_size=&#8221;32px&#8221; header_2_text_color=&#8221;#1e5096&#8243; header_2_line_height=&#8221;1.3em&#8221;]<\/p>\n<h2 style=\"text-align: center; color: #1e5096;\">safEarth \u2013 Transnational advanced management of land use risk through landslide suscepibility maps design (Upravljanje rizikom kori\u0161tenja zemlji\u0161ta izradom karata podlo\u017enosti na klizanje)<\/h2>\n<p>[\/et_pb_text][et_pb_text _builder_version=&#8221;4.6.1&#8243; header_4_line_height=&#8221;1.3em&#8221; custom_margin=&#8221;-12px|||||&#8221;]<\/p>\n<p style=\"text-align: center;\"><strong><em>Voditelj projekta: dr.sc. Vlatko Gulam<br \/><\/em><\/strong><\/p>\n<p>[\/et_pb_text][\/et_pb_column][\/et_pb_row][\/et_pb_section][et_pb_section fb_built=&#8221;1&#8243; _builder_version=&#8221;4.4.2&#8243; custom_padding=&#8221;20px||41px|||&#8221;][et_pb_row _builder_version=&#8221;4.4.2&#8243; custom_padding=&#8221;0px|||||&#8221;][et_pb_column type=&#8221;4_4&#8243; _builder_version=&#8221;4.4.2&#8243;][et_pb_image src=&#8221;http:\/\/www.hgi-cgs.hr\/wp-content\/uploads\/2018\/08\/Interreg-Croatia-BiH-CG_english_CMYK.png&#8221; title_text=&#8221;Interreg-Croatia-BiH-CG_english_CMYK&#8221; align=&#8221;center&#8221; align_tablet=&#8221;center&#8221; align_phone=&#8221;&#8221; align_last_edited=&#8221;on|desktop&#8221; _builder_version=&#8221;4.6.1&#8243; max_width=&#8221;30%&#8221; module_alignment=&#8221;center&#8221;][\/et_pb_image][\/et_pb_column][\/et_pb_row][et_pb_row _builder_version=&#8221;4.0.3&#8243; min_height=&#8221;192px&#8221; custom_margin=&#8221;12px|auto||auto||&#8221; custom_padding=&#8221;0px|||||&#8221;][et_pb_column type=&#8221;4_4&#8243; _builder_version=&#8221;4.0.3&#8243;][et_pb_text _builder_version=&#8221;4.6.5&#8243; text_font=&#8221;||||||||&#8221; link_font=&#8221;||||||||&#8221; link_text_color=&#8221;#e09900&#8243; custom_margin=&#8221;18px|||||&#8221; custom_padding=&#8221;|10px||10px|false|true&#8221; hover_enabled=&#8221;0&#8243; sticky_enabled=&#8221;0&#8243;]<\/p>\n<p style=\"text-align: left;\"><strong>Akronim projekta:<\/strong> safEarth<\/p>\n<p style=\"text-align: left;\"><strong>ID projekta:<\/strong> HR-BA-ME59<\/p>\n<p style=\"text-align: left;\"><strong>Trajanje projekta:<\/strong> Lipanj, 2017 do studeni 2019. godine<\/p>\n<p style=\"text-align: left;\"><strong>Motivi<\/strong><\/p>\n<p style=\"text-align: left;\">Klizi\u0161ta kao veliki okoli\u0161ni problem, dodatno nagla\u0161en u uvjetima sve intenzivnijih klimatskih promjena, predstavljaju okosnicu safEarth projekta. Iako brojna klizi\u0161ta, kao i problemi vezani uz njih, ni u jednoj od partnerskih dr\u017eava nisu obuhva\u0107ena prostorno planerskim zakonskim aktima. Sustavno pra\u0107enje navedene pojave na dr\u017eavnoj razini od strane geolo\u0161ke struke tako\u0111er izostaje.<\/p>\n<p style=\"text-align: left;\"><strong>Ciljevi<\/strong><\/p>\n<p style=\"text-align: left;\">Sukladno tome glavni ciljevi safEarth projekta su razrada metodologije izrade karata podlo\u017enosti na klizanje, te izrada strategije implementacije razra\u0111enih metodologija definiranja prostornog rizika od klizi\u0161ta u zakone o prostornom planiranju.<\/p>\n<p style=\"text-align: left;\">Druga prioritetna os programa (Protecting the environment and nature, improving risk prevention and promoting sustainable energy and energy efficiency), a posebno specifi\u010dni cilj 2.1 (To promote and improve environment and nature protection and management systems for risk prevention) prepoznaju potrebu pobolj\u0161anja o\u010duvanja okoli\u0161a i sustava prevencije od prirodnih katastrofa.<\/p>\n<p style=\"text-align: left;\">Sve izneseno upu\u0107uje na jaku vezu izme\u0111u glavnih ciljeva safEarth projekta i Interreg IPA prekograni\u010dnog programa (Hrvatska-Bosna i Hercegovina-Crna Gora 2014-2020). Hrvatski geolo\u0161ki institut (kao vode\u0107i partner) je prepoznao priliku da svoje i partnerske intelektualne kapacitete usmjeri u razradu metodologije prostornog definiranja rizika od pojave klizi\u0161ta, te na taj na\u010din doprinese pobolj\u0161anju sustava prevencije od prirodnih katastrofa.<\/p>\n<p style=\"text-align: left;\"><strong>Partneri\u00a0<\/strong><\/p>\n<p style=\"text-align: left;\">safEarth projektni partneri redom dolaze iz centara geolo\u0161ke izvrsnosti jugoisto\u010dne Europe (Hrvatski geolo\u0161ki institut, Zavod za geolo\u0161ka istra\u017eivanja Crne Gore te Rudarsko geolo\u0161ko gra\u0111evinski fakultet \u2013 Tuzla), a stru\u010dnjaci navedenih centara posjeduju znanje i iskustvo potrebno za dosezanje glavnih ciljeva projekta. Suradnjom, razmjenom iskustava te prihva\u0107anjem dobrih europskih praksa vezanih za upravljanje okoli\u0161em ne samo da \u0107e se pobolj\u0161ati stru\u010dni potencijali partnerskih institucija, ve\u0107 je realno za o\u010dekivati i pobolj\u0161anje njihovih znanstveno-istra\u017eiva\u010dkih kapaciteta.<\/p>\n<p style=\"text-align: left;\">Razvojna agencija \u017dep\u010de je, kao ambiciozna i u pogledu EU projekata iskusna institucija, prepoznata kao partner koji \u0107e rezultate safEarth projekta lako implementirati u pobolj\u0161anje \u017eivotne sredine stanovni\u0161tva op\u0107ine \u017dep\u010de, te\u0161ko pogo\u0111ene katastrofalnim pojavama klizi\u0161ta 2014. godine.<\/p>\n<p>[\/et_pb_text][et_pb_image src=&#8221;http:\/\/www.hgi-cgs.hr\/wp-content\/uploads\/2018\/08\/safearth-partneri.jpg&#8221; title_text=&#8221;safearth partneri&#8221; align=&#8221;center&#8221; _builder_version=&#8221;4.6.1&#8243; _module_preset=&#8221;default&#8221; width=&#8221;50%&#8221; border_radii=&#8221;on|5px|5px|5px|5px&#8221; box_shadow_style=&#8221;preset1&#8243; box_shadow_blur=&#8221;15px&#8221;][\/et_pb_image][et_pb_text _builder_version=&#8221;4.6.5&#8243; text_font=&#8221;||||||||&#8221; link_font=&#8221;||||||||&#8221; link_text_color=&#8221;#e09900&#8243; custom_margin=&#8221;18px|||||&#8221; custom_padding=&#8221;|10px||10px|false|true&#8221; hover_enabled=&#8221;0&#8243; sticky_enabled=&#8221;0&#8243;]<\/p>\n<p style=\"text-align: left;\"><strong>Budu\u0107i planovi<\/strong><\/p>\n<p style=\"text-align: left;\">Odabrana pilot podru\u010dja projekta safEarth se nalaze na terenima koji zbog geolo\u0161ke gra\u0111a uvjetuju nastanak klizi\u0161ta. Velike dijelove partnerskih dr\u017eava (generalno govore\u0107i ju\u017eno od transverzale Karlovac \u2013 Sarajevo) pokrivaju tereni koji svojom geolo\u0161kom gra\u0111om uvjetuju pojavu odrona s pone\u0161to razli\u010ditim mehanizmima nastanka (ju\u017eni dijelovi RH i BiH). Stoga metodologija definiranja prostornog rizika od pojavljivanja klizi\u0161ta razra\u0111ena u okviru safEarth projekta ne\u0107e biti primjenjiva na terene ozna\u010dene velikim rizikom od pojave odrona. Razrada metodologije definiranja prostornog rizika od pojave odrona svakako mora biti predmet prijava na budu\u0107e sli\u010dne EU programe. Razmjena iskustava \u0107e i na ovim podru\u010djima biti klju\u010d uspje\u0161noj realizaciji projekata.<\/p>\n<p>[\/et_pb_text][et_pb_image src=&#8221;http:\/\/www.hgi-cgs.hr\/wp-content\/uploads\/2018\/08\/safearth1_re.jpg&#8221; title_text=&#8221;safearth1_re&#8221; align=&#8221;center&#8221; _builder_version=&#8221;4.6.1&#8243; _module_preset=&#8221;default&#8221; width=&#8221;50%&#8221; border_radii=&#8221;on|5px|5px|5px|5px&#8221; box_shadow_style=&#8221;preset1&#8243; box_shadow_blur=&#8221;15px&#8221;][\/et_pb_image][et_pb_text _builder_version=&#8221;4.6.5&#8243; _module_preset=&#8221;default&#8221; text_font_size=&#8221;13px&#8221; custom_margin=&#8221;-30px||||false|false&#8221; hover_enabled=&#8221;0&#8243; sticky_enabled=&#8221;0&#8243;]<\/p>\n<p style=\"text-align: center;\">Zajedni\u010dka fotografija sudionika prve radionice safEarth projekta (3.-7.07.2017., Ribnik, Hrvatska)<\/p>\n<p>[\/et_pb_text][\/et_pb_column][\/et_pb_row][\/et_pb_section]<\/p>\n","protected":false},"excerpt":{"rendered":"<p>ZAVOD ZA GEOLOGIJU I I IN\u017dENJERSKU GEOLOGIJUsafEarth \u2013 Transnational advanced management of land use risk through landslide suscepibility maps design (Upravljanje rizikom kori\u0161tenja zemlji\u0161ta izradom karata podlo\u017enosti na klizanje)Voditelj projekta: dr.sc. Vlatko GulamAkronim projekta: safEarth ID projekta: HR-BA-ME59 Trajanje projekta: Lipanj, 2017 do studeni 2019. godine Motivi Klizi\u0161ta kao veliki okoli\u0161ni problem, dodatno nagla\u0161en u [&hellip;]<\/p>\n","protected":false},"author":1,"featured_media":0,"parent":0,"menu_order":0,"comment_status":"closed","ping_status":"closed","template":"","meta":{"_et_pb_use_builder":"on","_et_pb_old_content":"","_et_gb_content_width":"","footnotes":""},"class_list":["post-33389","page","type-page","status-publish","hentry"],"aioseo_notices":[],"_links":{"self":[{"href":"https:\/\/www.hgi-cgs.hr\/en\/wp-json\/wp\/v2\/pages\/33389","targetHints":{"allow":["GET"]}}],"collection":[{"href":"https:\/\/www.hgi-cgs.hr\/en\/wp-json\/wp\/v2\/pages"}],"about":[{"href":"https:\/\/www.hgi-cgs.hr\/en\/wp-json\/wp\/v2\/types\/page"}],"author":[{"embeddable":true,"href":"https:\/\/www.hgi-cgs.hr\/en\/wp-json\/wp\/v2\/users\/1"}],"replies":[{"embeddable":true,"href":"https:\/\/www.hgi-cgs.hr\/en\/wp-json\/wp\/v2\/comments?post=33389"}],"version-history":[{"count":6,"href":"https:\/\/www.hgi-cgs.hr\/en\/wp-json\/wp\/v2\/pages\/33389\/revisions"}],"predecessor-version":[{"id":35312,"href":"https:\/\/www.hgi-cgs.hr\/en\/wp-json\/wp\/v2\/pages\/33389\/revisions\/35312"}],"wp:attachment":[{"href":"https:\/\/www.hgi-cgs.hr\/en\/wp-json\/wp\/v2\/media?parent=33389"}],"curies":[{"name":"wp","href":"https:\/\/api.w.org\/{rel}","templated":true}]}}