{"id":33369,"date":"2020-09-15T10:17:51","date_gmt":"2020-09-15T10:17:51","guid":{"rendered":"http:\/\/www.hgi-cgs.hr\/?page_id=33369"},"modified":"2020-10-13T12:43:10","modified_gmt":"2020-10-13T12:43:10","slug":"camaro-d","status":"publish","type":"page","link":"https:\/\/www.hgi-cgs.hr\/en\/camaro-d\/","title":{"rendered":"CAMARO-D"},"content":{"rendered":"<p>[et_pb_section fb_built=&#8221;1&#8243; fullwidth=&#8221;on&#8221; _builder_version=&#8221;4.4.1&#8243; custom_padding=&#8221;0px||0px|||&#8221;][et_pb_fullwidth_slider _builder_version=&#8221;4.4.2&#8243; min_height=&#8221;112px&#8221; height=&#8221;400px&#8221; custom_margin=&#8221;0px||||false|false&#8221; custom_padding=&#8221;0px||18px||false|false&#8221; auto=&#8221;on&#8221; auto_ignore_hover=&#8221;on&#8221; locked=&#8221;off&#8221;][et_pb_slide heading=&#8221;Hrvatski geolo\u0161ki institut&#8221; _builder_version=&#8221;4.4.1&#8243; header_font=&#8221;|||on|||||&#8221; background_image=&#8221;http:\/\/www.hgi-cgs.hr\/wp-content\/uploads\/2020\/03\/Br\u010di\u0107_Drvenik02-scaled.jpg&#8221; background_enable_image=&#8221;on&#8221; locked=&#8221;off&#8221; sticky_transition=&#8221;on&#8221;][\/et_pb_slide][et_pb_slide heading=&#8221;Hrvatski geolo\u0161ki institut&#8221; _builder_version=&#8221;4.4.1&#8243; header_font=&#8221;|||on|||||&#8221; background_image=&#8221;http:\/\/www.hgi-cgs.hr\/wp-content\/uploads\/2020\/03\/ban2-scaled.jpg&#8221; background_enable_image=&#8221;on&#8221; locked=&#8221;off&#8221; sticky_transition=&#8221;on&#8221;][\/et_pb_slide][et_pb_slide heading=&#8221;Hrvatski geolo\u0161ki institut&#8221; _builder_version=&#8221;4.4.1&#8243; header_font=&#8221;|||on|||||&#8221; background_image=&#8221;http:\/\/www.hgi-cgs.hr\/wp-content\/uploads\/2020\/03\/20190228_094232-scaled.jpg&#8221; background_enable_image=&#8221;on&#8221; locked=&#8221;off&#8221; sticky_transition=&#8221;on&#8221;][\/et_pb_slide][et_pb_slide heading=&#8221;Hrvatski geolo\u0161ki institut&#8221; _builder_version=&#8221;4.4.1&#8243; header_font=&#8221;|||on|||||&#8221; background_image=&#8221;http:\/\/www.hgi-cgs.hr\/wp-content\/uploads\/2020\/03\/ban3-scaled.jpg&#8221; background_enable_image=&#8221;on&#8221; locked=&#8221;off&#8221; sticky_transition=&#8221;on&#8221;][\/et_pb_slide][et_pb_slide heading=&#8221;Hrvatski geolo\u0161ki institut&#8221; _builder_version=&#8221;4.4.1&#8243; header_font=&#8221;|||on|||||&#8221; background_image=&#8221;http:\/\/www.hgi-cgs.hr\/wp-content\/uploads\/2020\/03\/Bijele_stijene-Gorski_kotar-scaled.jpg&#8221; background_enable_image=&#8221;on&#8221; locked=&#8221;off&#8221; sticky_transition=&#8221;on&#8221;][\/et_pb_slide][et_pb_slide heading=&#8221;Hrvatski geolo\u0161ki institut&#8221; _builder_version=&#8221;4.4.1&#8243; header_font=&#8221;|||on|||||&#8221; background_image=&#8221;http:\/\/www.hgi-cgs.hr\/wp-content\/uploads\/2020\/03\/ban4-scaled.jpg&#8221; background_enable_image=&#8221;on&#8221; locked=&#8221;off&#8221; sticky_transition=&#8221;on&#8221;][\/et_pb_slide][et_pb_slide heading=&#8221;Hrvatski geolo\u0161ki institut&#8221; _builder_version=&#8221;4.4.1&#8243; header_font=&#8221;|||on|||||&#8221; background_image=&#8221;http:\/\/www.hgi-cgs.hr\/wp-content\/uploads\/2020\/03\/ban5-scaled.jpg&#8221; background_enable_image=&#8221;on&#8221; locked=&#8221;off&#8221; sticky_transition=&#8221;on&#8221;][\/et_pb_slide][\/et_pb_fullwidth_slider][\/et_pb_section][et_pb_section fb_built=&#8221;1&#8243; _builder_version=&#8221;4.4.2&#8243;][et_pb_row _builder_version=&#8221;4.4.2&#8243;][et_pb_column type=&#8221;4_4&#8243; _builder_version=&#8221;4.4.2&#8243;][et_pb_text _builder_version=&#8221;4.4.2&#8243; text_font_size=&#8221;32px&#8221; header_2_text_color=&#8221;#1e5096&#8243;]<\/p>\n<h2 style=\"text-align: center; color: #1e5096;\"><strong>ZAVOD ZA GEOLOGIJU I I IN\u017dENJERSKU GEOLOGIJU<\/strong><\/h2>\n<p>[\/et_pb_text][\/et_pb_column][\/et_pb_row][et_pb_row _builder_version=&#8221;4.4.2&#8243;][et_pb_column type=&#8221;4_4&#8243; _builder_version=&#8221;4.4.2&#8243;][et_pb_text _builder_version=&#8221;4.6.1&#8243; text_font_size=&#8221;32px&#8221; header_2_text_color=&#8221;#1e5096&#8243; header_2_line_height=&#8221;1.3em&#8221;]<\/p>\n<h2 style=\"text-align: center; color: #1e5096;\">CAMARO-D &#8211; Cooperating towards Advanced MAnagement Routines for land use impacts on the water regime in the Danube river basin<\/h2>\n<p>[\/et_pb_text][et_pb_text _builder_version=&#8221;4.6.1&#8243; header_4_line_height=&#8221;1.3em&#8221; custom_margin=&#8221;-18px|||||&#8221;]<\/p>\n<p style=\"text-align: center;\"><strong><em>Voditeljica projekta: dr.sc. Jasmina Luka\u010d Reberski<br \/><\/em><\/strong><\/p>\n<p>[\/et_pb_text][\/et_pb_column][\/et_pb_row][\/et_pb_section][et_pb_section fb_built=&#8221;1&#8243; _builder_version=&#8221;4.4.2&#8243; custom_padding=&#8221;20px||41px|||&#8221;][et_pb_row _builder_version=&#8221;4.4.2&#8243; custom_padding=&#8221;0px|||||&#8221;][et_pb_column type=&#8221;4_4&#8243; _builder_version=&#8221;4.4.2&#8243;][et_pb_image src=&#8221;http:\/\/www.hgi-cgs.hr\/wp-content\/uploads\/2018\/08\/camaro.jpg&#8221; title_text=&#8221;camaro&#8221; align=&#8221;center&#8221; align_tablet=&#8221;center&#8221; align_phone=&#8221;&#8221; align_last_edited=&#8221;on|desktop&#8221; _builder_version=&#8221;4.6.1&#8243; max_width=&#8221;30%&#8221; module_alignment=&#8221;center&#8221;][\/et_pb_image][\/et_pb_column][\/et_pb_row][et_pb_row _builder_version=&#8221;4.0.3&#8243; min_height=&#8221;192px&#8221; custom_margin=&#8221;12px|auto||auto||&#8221; custom_padding=&#8221;0px|||||&#8221;][et_pb_column type=&#8221;4_4&#8243; _builder_version=&#8221;4.0.3&#8243;][et_pb_text _builder_version=&#8221;4.6.5&#8243; text_font=&#8221;||||||||&#8221; text_line_height=&#8221;1.9em&#8221; link_font=&#8221;||||||||&#8221; link_text_color=&#8221;#e09900&#8243; custom_margin=&#8221;18px|||||&#8221; custom_padding=&#8221;|10px||10px|false|true&#8221; hover_enabled=&#8221;0&#8243; sticky_enabled=&#8221;0&#8243;]<\/p>\n<p>Projekt CAMARO-D zapo\u010deo je u sije\u010dnju 2017. godine te \u0107e tijekom dvije i pol godine razviti sveobuhvatne smjernice strate\u0161kih politika za primjenu inovativnih me\u0111unarodnih \u201eRazvojnih planova kori\u0161tenja zemlji\u0161ta\u201c temeljenih na sljevnom podru\u010dju. Projekt je sufinanciran iz europskog fonda Program transnacionalne suradnje Interreg Dunav 2014-2020.<\/p>\n<p>[\/et_pb_text][et_pb_image src=&#8221;http:\/\/www.hgi-cgs.hr\/wp-content\/uploads\/2018\/08\/Zemlje-partneri.jpg&#8221; title_text=&#8221;Zemlje partneri&#8221; align=&#8221;center&#8221; _builder_version=&#8221;4.6.1&#8243; _module_preset=&#8221;default&#8221; width=&#8221;40%&#8221; border_radii=&#8221;on|5px|5px|5px|5px&#8221; box_shadow_style=&#8221;preset1&#8243; box_shadow_blur=&#8221;15px&#8221;][\/et_pb_image][et_pb_text _builder_version=&#8221;4.6.5&#8243; text_font=&#8221;||||||||&#8221; text_font_size=&#8221;13px&#8221; text_orientation=&#8221;center&#8221; max_width=&#8221;85%&#8221; module_alignment=&#8221;center&#8221; custom_margin=&#8221;-30px||25px||false|false&#8221; custom_padding=&#8221;0px|||||&#8221; hover_enabled=&#8221;0&#8243; sticky_enabled=&#8221;0&#8243;]<\/p>\n<p>Geografski smje\u0161taj projektnih partnera<\/p>\n<p>[\/et_pb_text][et_pb_text _builder_version=&#8221;4.6.1&#8243; text_font=&#8221;||||||||&#8221; text_line_height=&#8221;1.9em&#8221; link_font=&#8221;||||||||&#8221; link_text_color=&#8221;#e09900&#8243; custom_margin=&#8221;18px|||||&#8221; custom_padding=&#8221;|10px||10px|false|true&#8221;]<\/p>\n<p style=\"text-align: justify;\"><strong>Ciljevi<\/strong><\/p>\n<p> Intenzivno kori\u0161tenje zemlji\u0161ta \u010desto rezultira zna\u010dajnim negativnim utjecajima na resurse podzemne vode kao i na povr\u0161inske vode (vodotoke i buji\u010dne tokove) u vidu poja\u010danih erozijskih procesa, poplava, kompakcije tla, povr\u0161inskog otjecanja, uno\u0161enja invazivnih biljnih vrsta i zaga\u0111enja vode. Odr\u017eiva za\u0161tita vodnih resursa kao i unaprije\u0111ena prevencija rizika od poplava omogu\u0107it \u0107e se novim, me\u0111unarodnim, primjenjivim smjernicama za sve relevantne dionike i donositelje odluka. Ovime \u0107e se potaknuti interdisciplinarna i me\u0111unarodna suradnja na podru\u010dju upravljanja vodama, \u0161umarstva, poljoprivrede, prostornog planiranja i za\u0161tite prirode.<\/p>\n<p>[\/et_pb_text][et_pb_image src=&#8221;http:\/\/www.hgi-cgs.hr\/wp-content\/uploads\/2018\/08\/IMG_6659.jpg&#8221; title_text=&#8221;IMG_6659&#8243; align=&#8221;center&#8221; _builder_version=&#8221;4.6.1&#8243; _module_preset=&#8221;default&#8221; width=&#8221;50%&#8221; border_radii=&#8221;on|5px|5px|5px|5px&#8221; box_shadow_style=&#8221;preset1&#8243; box_shadow_blur=&#8221;15px&#8221;][\/et_pb_image][et_pb_text _builder_version=&#8221;4.6.5&#8243; text_font=&#8221;||||||||&#8221; text_font_size=&#8221;13px&#8221; text_orientation=&#8221;center&#8221; max_width=&#8221;85%&#8221; module_alignment=&#8221;center&#8221; custom_margin=&#8221;-30px||||false|false&#8221; custom_padding=&#8221;0px|||||&#8221; hover_enabled=&#8221;0&#8243; sticky_enabled=&#8221;0&#8243;]<\/p>\n<p>Sudionici Kick-off sastanka u Budimpe\u0161ti<\/p>\n<p>[\/et_pb_text][et_pb_text _builder_version=&#8221;4.6.5&#8243; text_font=&#8221;||||||||&#8221; text_line_height=&#8221;1.9em&#8221; link_font=&#8221;||||||||&#8221; link_text_color=&#8221;#e09900&#8243; custom_margin=&#8221;18px|||||&#8221; custom_padding=&#8221;|10px||10px|false|true&#8221; hover_enabled=&#8221;0&#8243; sticky_enabled=&#8221;0&#8243;]<\/p>\n<p style=\"text-align: left;\">Nove mjere funkcionalnog i odr\u017eivog upravljanja zemlji\u0161ta testirat \u0107e se i dokumentirati u sklopu razli\u010ditih pilot akcija, uzimaju\u0107i u obzir klimatske promjene. Inicijalna primjena smjernica provesti \u0107e se na odabranim pilot podru\u010djima uz aktivni dijalog s dionicima. Odbrano pilot podru\u010dje koje \u0107e se obra\u0111ivati u Hrvatskoj je sliv rijeke Kupe.<\/p>\n<p style=\"text-align: left;\">Kako bi se osigurao \u0161iroki pristup razli\u010ditih geografskih, znanstvenih i odlu\u010duju\u0107ih aspekata, partnerstvo se sastoji od 14 projektnih partnera i 9 pridru\u017eenih partnera koji predstavljaju dr\u017eavna tijela, opskrbljiva\u010de vode, istra\u017eiva\u010dke i obrazovne ustanove, poljoprivredne i meteorolo\u0161ke ustanove, okoli\u0161ne agencije i ustanove za prostorno planiranje koje djeluju na lokalnim, regionalnim i nacionalnim razinama gotovo svih dr\u017eava dunavskog slivnog podru\u010dja (Austrija, Slovenija, Bugarska, Hrvatska, \u010ce\u0161ka, Njema\u010dka, Ma\u0111arska, Rumunjska i Srbija). Vode\u0107i partner projekta je Zavod za \u0161umarstvo austrijskog Ministarstva poljoprivrede, \u0161umarstva, okoli\u0161a i upravljanje vodama.<\/p>\n<p style=\"text-align: left;\">Projekt je zapo\u010deo sastankom u Budimpe\u0161ti u o\u017eujku ove godine. Doga\u0111aj je nagovijestio veliki potencijal za uspje\u0161nu me\u0111usobnu suradnju i efikasnu implementaciju ideja \u0161to \u0107e u kombinaciji biti vrlo korisno iskustvo za sve sudionike. Daljnje radionice su u pripremi.<\/p>\n<p>[\/et_pb_text][et_pb_image src=&#8221;http:\/\/www.hgi-cgs.hr\/wp-content\/uploads\/2018\/08\/IMG_6612.jpg&#8221; title_text=&#8221;IMG_6612&#8243; align=&#8221;center&#8221; _builder_version=&#8221;4.6.1&#8243; _module_preset=&#8221;default&#8221; max_width=&#8221;50%&#8221; border_radii=&#8221;on|5px|5px|5px|5px&#8221; box_shadow_style=&#8221;preset1&#8243; box_shadow_blur=&#8221;15px&#8221;][\/et_pb_image][et_pb_text _builder_version=&#8221;4.6.5&#8243; _module_preset=&#8221;default&#8221; text_font_size=&#8221;13px&#8221; custom_margin=&#8221;-30px||||false|false&#8221; hover_enabled=&#8221;0&#8243; sticky_enabled=&#8221;0&#8243;]<\/p>\n<p style=\"text-align: center;\">Interaktivni dijalog dionika na Kick-off sastanku u Budimpe\u0161ti<\/p>\n<p>[\/et_pb_text][et_pb_text _builder_version=&#8221;4.6.5&#8243; _module_preset=&#8221;default&#8221; hover_enabled=&#8221;0&#8243; text_line_height=&#8221;1.9em&#8221; sticky_enabled=&#8221;0&#8243;]<\/p>\n<p style=\"text-align: left;\">Rezultati projekta CAMARO-D predstavljat \u0107e va\u017ene ulazne podatke za daljnji razvoj EUSDR (Strategije za Dunavsku regiju) i ostalih relevantnih europskih politika poput Okvirne direktive o vodama i Direktive o poplavama kao i Planova upravljanja dunavskim slivnim podru\u010djem. Kako bi se istaknula va\u017enost implementacije me\u0111unarodnog \u201ePlana upravljanja kori\u0161tenjem zemlji\u0161ta\u201c na slivnom podru\u010dju, istaknuti predstavnici zemalja partnera potpisat \u0107e se Memorandum o razumijevanju na zavr\u0161noj konferenciji koja \u0107e se odr\u017eati u lipnju 2019. godine u Be\u010du.<\/p>\n<p>[\/et_pb_text][et_pb_image src=&#8221;http:\/\/www.hgi-cgs.hr\/wp-content\/uploads\/2018\/08\/Camaro-D-partneri.jpg&#8221; title_text=&#8221;Print&#8221; align=&#8221;center&#8221; _builder_version=&#8221;4.6.1&#8243; _module_preset=&#8221;default&#8221; width=&#8221;50%&#8221; border_radii=&#8221;on|5px|5px|5px|5px&#8221; box_shadow_style=&#8221;preset1&#8243; box_shadow_blur=&#8221;15px&#8221;][\/et_pb_image][et_pb_text _builder_version=&#8221;4.6.5&#8243; _module_preset=&#8221;default&#8221; text_font_size=&#8221;13px&#8221; custom_margin=&#8221;-30px||||false|false&#8221; hover_enabled=&#8221;0&#8243; sticky_enabled=&#8221;0&#8243;]<\/p>\n<p style=\"text-align: center;\">Projektni partneri<\/p>\n<p>[\/et_pb_text][\/et_pb_column][\/et_pb_row][\/et_pb_section]<\/p>\n","protected":false},"excerpt":{"rendered":"<p>ZAVOD ZA GEOLOGIJU I I IN\u017dENJERSKU GEOLOGIJUCAMARO-D &#8211; Cooperating towards Advanced MAnagement Routines for land use impacts on the water regime in the Danube river basinVoditeljica projekta: dr.sc. Jasmina Luka\u010d ReberskiProjekt CAMARO-D zapo\u010deo je u sije\u010dnju 2017. godine te \u0107e tijekom dvije i pol godine razviti sveobuhvatne smjernice strate\u0161kih politika za primjenu inovativnih me\u0111unarodnih \u201eRazvojnih [&hellip;]<\/p>\n","protected":false},"author":1,"featured_media":0,"parent":0,"menu_order":0,"comment_status":"closed","ping_status":"closed","template":"","meta":{"_et_pb_use_builder":"on","_et_pb_old_content":"","_et_gb_content_width":"","footnotes":""},"class_list":["post-33369","page","type-page","status-publish","hentry"],"aioseo_notices":[],"_links":{"self":[{"href":"https:\/\/www.hgi-cgs.hr\/en\/wp-json\/wp\/v2\/pages\/33369","targetHints":{"allow":["GET"]}}],"collection":[{"href":"https:\/\/www.hgi-cgs.hr\/en\/wp-json\/wp\/v2\/pages"}],"about":[{"href":"https:\/\/www.hgi-cgs.hr\/en\/wp-json\/wp\/v2\/types\/page"}],"author":[{"embeddable":true,"href":"https:\/\/www.hgi-cgs.hr\/en\/wp-json\/wp\/v2\/users\/1"}],"replies":[{"embeddable":true,"href":"https:\/\/www.hgi-cgs.hr\/en\/wp-json\/wp\/v2\/comments?post=33369"}],"version-history":[{"count":5,"href":"https:\/\/www.hgi-cgs.hr\/en\/wp-json\/wp\/v2\/pages\/33369\/revisions"}],"predecessor-version":[{"id":35291,"href":"https:\/\/www.hgi-cgs.hr\/en\/wp-json\/wp\/v2\/pages\/33369\/revisions\/35291"}],"wp:attachment":[{"href":"https:\/\/www.hgi-cgs.hr\/en\/wp-json\/wp\/v2\/media?parent=33369"}],"curies":[{"name":"wp","href":"https:\/\/api.w.org\/{rel}","templated":true}]}}