{"id":33298,"date":"2020-09-11T09:57:14","date_gmt":"2020-09-11T09:57:14","guid":{"rendered":"http:\/\/www.hgi-cgs.hr\/?page_id=33298"},"modified":"2020-12-31T15:01:31","modified_gmt":"2020-12-31T15:01:31","slug":"geotermalna-istrazivanja","status":"publish","type":"page","link":"https:\/\/www.hgi-cgs.hr\/en\/geotermalna-istrazivanja\/","title":{"rendered":"Geothermal Research"},"content":{"rendered":"<p>[et_pb_section fb_built=&#8221;1&#8243; fullwidth=&#8221;on&#8221; _builder_version=&#8221;4.4.1&#8243; custom_padding=&#8221;0px||0px|||&#8221;][et_pb_fullwidth_slider _builder_version=&#8221;4.7.7&#8243; min_height=&#8221;112px&#8221; height=&#8221;400px&#8221; custom_margin=&#8221;0px||||false|false&#8221; custom_padding=&#8221;0px||18px||false|false&#8221; auto=&#8221;on&#8221; auto_ignore_hover=&#8221;on&#8221; locked=&#8221;off&#8221;][et_pb_slide heading=&#8221;Hrvatski geolo\u0161ki institut&#8221; _builder_version=&#8221;4.4.1&#8243; header_font=&#8221;|||on|||||&#8221; background_image=&#8221;https:\/\/www.hgi-cgs.hr\/wp-content\/uploads\/2020\/03\/Br\u010di\u0107_Drvenik02-scaled.jpg&#8221; background_enable_image=&#8221;on&#8221; locked=&#8221;off&#8221; sticky_transition=&#8221;on&#8221;][\/et_pb_slide][et_pb_slide heading=&#8221;Hrvatski geolo\u0161ki institut&#8221; _builder_version=&#8221;4.4.1&#8243; header_font=&#8221;|||on|||||&#8221; background_image=&#8221;https:\/\/www.hgi-cgs.hr\/wp-content\/uploads\/2020\/03\/ban2-scaled.jpg&#8221; background_enable_image=&#8221;on&#8221; locked=&#8221;off&#8221; sticky_transition=&#8221;on&#8221;][\/et_pb_slide][et_pb_slide heading=&#8221;Hrvatski geolo\u0161ki institut&#8221; _builder_version=&#8221;4.4.1&#8243; header_font=&#8221;|||on|||||&#8221; background_image=&#8221;https:\/\/www.hgi-cgs.hr\/wp-content\/uploads\/2020\/03\/20190228_094232-scaled.jpg&#8221; background_enable_image=&#8221;on&#8221; locked=&#8221;off&#8221; sticky_transition=&#8221;on&#8221;][\/et_pb_slide][et_pb_slide heading=&#8221;Hrvatski geolo\u0161ki institut&#8221; _builder_version=&#8221;4.4.1&#8243; header_font=&#8221;|||on|||||&#8221; background_image=&#8221;https:\/\/www.hgi-cgs.hr\/wp-content\/uploads\/2020\/03\/ban3-scaled.jpg&#8221; background_enable_image=&#8221;on&#8221; locked=&#8221;off&#8221; sticky_transition=&#8221;on&#8221;][\/et_pb_slide][et_pb_slide heading=&#8221;Hrvatski geolo\u0161ki institut&#8221; _builder_version=&#8221;4.4.1&#8243; header_font=&#8221;|||on|||||&#8221; background_image=&#8221;https:\/\/www.hgi-cgs.hr\/wp-content\/uploads\/2020\/03\/Bijele_stijene-Gorski_kotar-scaled.jpg&#8221; background_enable_image=&#8221;on&#8221; locked=&#8221;off&#8221; sticky_transition=&#8221;on&#8221;][\/et_pb_slide][et_pb_slide heading=&#8221;Hrvatski geolo\u0161ki institut&#8221; _builder_version=&#8221;4.4.1&#8243; header_font=&#8221;|||on|||||&#8221; background_image=&#8221;https:\/\/www.hgi-cgs.hr\/wp-content\/uploads\/2020\/03\/ban4-scaled.jpg&#8221; background_enable_image=&#8221;on&#8221; locked=&#8221;off&#8221; sticky_transition=&#8221;on&#8221;][\/et_pb_slide][et_pb_slide heading=&#8221;Hrvatski geolo\u0161ki institut&#8221; _builder_version=&#8221;4.4.1&#8243; header_font=&#8221;|||on|||||&#8221; background_image=&#8221;https:\/\/www.hgi-cgs.hr\/wp-content\/uploads\/2020\/03\/ban5-scaled.jpg&#8221; background_enable_image=&#8221;on&#8221; locked=&#8221;off&#8221; sticky_transition=&#8221;on&#8221;][\/et_pb_slide][et_pb_slide heading=&#8221;Hrvatski geolo\u0161ki institut&#8221; _builder_version=&#8221;4.7.7&#8243; header_font=&#8221;|||on|||||&#8221; background_image=&#8221;https:\/\/www.hgi-cgs.hr\/wp-content\/uploads\/2020\/04\/20191015_142016a-scaled.jpg&#8221; background_enable_image=&#8221;on&#8221; locked=&#8221;off&#8221; sticky_transition=&#8221;on&#8221;][\/et_pb_slide][et_pb_slide heading=&#8221;Hrvatski geolo\u0161ki institut&#8221; _builder_version=&#8221;4.7.7&#8243; header_font=&#8221;|||on|||||&#8221; background_image=&#8221;https:\/\/www.hgi-cgs.hr\/wp-content\/uploads\/2020\/04\/20191014_133538-scaled.jpg&#8221; background_enable_image=&#8221;on&#8221; locked=&#8221;off&#8221; sticky_transition=&#8221;on&#8221;][\/et_pb_slide][\/et_pb_fullwidth_slider][\/et_pb_section][et_pb_section fb_built=&#8221;1&#8243; _builder_version=&#8221;4.6.1&#8243; _module_preset=&#8221;default&#8221;][et_pb_row _builder_version=&#8221;4.4.2&#8243; custom_padding=&#8221;||0px|||&#8221;][et_pb_column type=&#8221;4_4&#8243; _builder_version=&#8221;4.4.2&#8243;][et_pb_text _builder_version=&#8221;4.4.2&#8243; text_font_size=&#8221;32px&#8221; header_2_text_color=&#8221;#1e5096&#8243; custom_margin=&#8221;||9px|||&#8221;]<\/p>\n<h2 style=\"text-align: center; color: #1e5096;\"><strong>ZAVOD ZA GEOLOGIJU I I IN\u017dENJERSKU GEOLOGIJU<\/strong><\/h2>\n<p>[\/et_pb_text][et_pb_text _builder_version=&#8221;4.6.1&#8243; text_font=&#8221;|300|||||||&#8221; ul_font=&#8221;||||||||&#8221; header_font=&#8221;||||||||&#8221; header_text_align=&#8221;center&#8221; header_2_font=&#8221;|800|||||||&#8221; header_2_text_align=&#8221;center&#8221; header_2_text_color=&#8221;#1e5096&#8243; header_2_font_size=&#8221;54px&#8221; header_3_font=&#8221;|300|||||||&#8221; text_orientation=&#8221;center&#8221; custom_margin=&#8221;18px||-5px|||&#8221; custom_padding=&#8221;||5px|||&#8221; animation_direction=&#8221;bottom&#8221; header_2_font_size_tablet=&#8221;&#8221; header_2_font_size_phone=&#8221;30px&#8221; header_2_font_size_last_edited=&#8221;on|phone&#8221; header_2_text_shadow_style=&#8221;preset1&#8243; header_2_text_shadow_horizontal_length=&#8221;0.03em&#8221; header_2_text_shadow_vertical_length=&#8221;0.03em&#8221; header_2_text_shadow_blur_strength=&#8221;0.05em&#8221; header_2_text_shadow_color=&#8221;rgba(0,0,0,0.3)&#8221;]<\/p>\n<h3><strong>Geotermalna istra\u017eivanja<br \/> <\/strong><\/h3>\n<p>[\/et_pb_text][\/et_pb_column][\/et_pb_row][et_pb_row column_structure=&#8221;1_2,1_2&#8243; _builder_version=&#8221;4.6.1&#8243; _module_preset=&#8221;default&#8221;][et_pb_column type=&#8221;1_2&#8243; _builder_version=&#8221;4.6.1&#8243; _module_preset=&#8221;default&#8221;][et_pb_text _builder_version=&#8221;4.6.5&#8243; _module_preset=&#8221;default&#8221;]<\/p>\n<p style=\"text-align: left;\">U HGI geotermalna istra\u017eivanja imaju dugu tradiciju i obavljaju se od osnutka do danas. Svestrani geolog <u>dr. Dragutin Gorjanovi\u0107-Kramberger<\/u>\u00a0 bavio se geotermalnom problematikom i prije nego je osnovao Geologijsko povjerenstvo za Kraljevinu Hrvatsku i Slavoniju koje je prethodnik HGI. Iz tog doba osobito je poznat njegov rad (1894) u kojem spominje kasnije \u010desto citirane geotermalne linije u podru\u010dju sjeverozapadne Hrvatske.<\/p>\n<p>[\/et_pb_text][et_pb_image src=&#8221;https:\/\/www.hgi-cgs.hr\/wp-content\/uploads\/2018\/08\/sl1-1.jpg&#8221; title_text=&#8221;sl1&#8243; align=&#8221;center&#8221; _builder_version=&#8221;4.6.1&#8243; _module_preset=&#8221;default&#8221; border_radii=&#8221;on|5px|5px|5px|5px&#8221; box_shadow_style=&#8221;preset1&#8243; box_shadow_blur=&#8221;15px&#8221;][\/et_pb_image][et_pb_text _builder_version=&#8221;4.6.5&#8243; _module_preset=&#8221;default&#8221; text_font_size=&#8221;13px&#8221; custom_margin=&#8221;-30px||25px||false|false&#8221;]<\/p>\n<p style=\"text-align: center;\">Krambergerove \u201etermalne linije\u201c (Rad JAZU, Zagreb, 1894)<\/p>\n<p>[\/et_pb_text][et_pb_text _builder_version=&#8221;4.6.5&#8243; _module_preset=&#8221;default&#8221;]<\/p>\n<p style=\"text-align: left;\">Danas se u HGI geotermalna istra\u017eivanja obavljaju u zavodu HGIG u sklopu znanstvenih (<em><a href=\"https:\/\/www.hgi-cgs.hr\/hythec\/\">HyTheC<\/a><\/em>) , europskih (<a href=\"https:\/\/www.hgi-cgs.hr\/darlinge\/\"><em>DARLINGe<\/em><\/a>) i tr\u017ei\u0161nih projekata, \u0161to u provedbi, \u0161to u planu.<\/p>\n<ul style=\"text-align: left;\">\n<li>Prvenstveno znanstvene teme:<\/li>\n<\/ul>\n<p style=\"text-align: left;\">Zbog raznovrsne geotermijske problematike koja je trenutno jedna od najva\u017enijih u brojnim programima kako na nacionalnoj, tako i Europskoj razni, znanstvena istra\u017eivanja su usmjerena na nekoliko pravaca:<\/p>\n<p style=\"text-align: left;\">1. <u>izrada karata<\/u> geotermalnih gradijenata i toplinskog toka RH<\/p>\n<p style=\"text-align: left;\">&#8211; izrada karata <u>geotermalnih gradijenata<\/u> i toplinskog toka RH na bazi bu\u0161otinskih podataka<\/p>\n<p style=\"text-align: left;\">&#8211; delineacija najperspektivnijih podru\u010dja na temelju analize toplinskog toka i struktura povoljnih za pritjecanje voda bli\u017ee povr\u0161ini<\/p>\n<p style=\"text-align: left;\">2. istra\u017eivanja <u>geotermalnih voda\u00a0<\/u><\/p>\n<p style=\"text-align: left;\">&#8211; istra\u017eivanja geotermalnih voda uz izradu karte pojavnosti, prou\u010davanje hidrogeokemijskih facijesa, promjena voda pri hidrotermalnoj cirkulaciji te kemijska geotermometrija. Katalog kemijskih i balneolo\u0161kih karakteristika voda<\/p>\n<p>[\/et_pb_text][et_pb_image src=&#8221;https:\/\/www.hgi-cgs.hr\/wp-content\/uploads\/2018\/08\/sl2.jpg&#8221; title_text=&#8221;sl2&#8243; align=&#8221;center&#8221; _builder_version=&#8221;4.6.1&#8243; _module_preset=&#8221;default&#8221; border_radii=&#8221;on|5px|5px|5px|5px&#8221; box_shadow_style=&#8221;preset1&#8243; box_shadow_blur=&#8221;15px&#8221;][\/et_pb_image][et_pb_text _builder_version=&#8221;4.6.5&#8243; _module_preset=&#8221;default&#8221; text_font_size=&#8221;13px&#8221; custom_margin=&#8221;-30px||22px||false|false&#8221;]<\/p>\n<p style=\"text-align: center;\">Lokacije geotermalnih objekata u eksploataciji<\/p>\n<p>[\/et_pb_text][et_pb_text _builder_version=&#8221;4.6.5&#8243; _module_preset=&#8221;default&#8221;]<\/p>\n<p style=\"text-align: left;\">3. prekograni\u010dni geotermalni vodonosnici &#8211; suradnja sa srodnim ustanovama susjednih dr\u017eava s ciljem odre\u0111ivanja prekograni\u010dnih geotermalnih vodonosnika na temelju litologije, geotermalnih gradijenata, hidrogeokemijskih facijesa i regionalnih numeri\u010dkih modela, te planiranje monitoringa i za\u0161tite istih.<\/p>\n<p>[\/et_pb_text][et_pb_image src=&#8221;https:\/\/www.hgi-cgs.hr\/wp-content\/uploads\/2018\/08\/sl3.jpg&#8221; title_text=&#8221;sl3&#8243; align=&#8221;center&#8221; _builder_version=&#8221;4.6.1&#8243; _module_preset=&#8221;default&#8221; border_radii=&#8221;on|5px|5px|5px|5px&#8221; box_shadow_style=&#8221;preset1&#8243; box_shadow_blur=&#8221;15px&#8221;][\/et_pb_image][et_pb_text _builder_version=&#8221;4.6.5&#8243; _module_preset=&#8221;default&#8221; text_font_size=&#8221;13px&#8221; custom_margin=&#8221;-30px||||false|false&#8221;]<\/p>\n<p style=\"text-align: center;\">Pretpostavljeni prekograni\u010dni geotermalni vodonosnici u Me\u0111imurskoj \u017eupaniji<\/p>\n<p>[\/et_pb_text][et_pb_text _builder_version=&#8221;4.6.5&#8243; _module_preset=&#8221;default&#8221;]<\/p>\n<p>4. termogeologija\/<em><a href=\"http:\/\/geothermalmapping.fsb.hr\/?page_id=8\"><\/a><a href=\"http:\/\/geothermalmapping.fsb.hr\/?page_id=8\">plitka geotermija<\/a><\/em><\/p>\n<p>&#8211; katalog termi\u010dkih svojstava sedimenata i stijena u zoni primjene dizalica topline (do 100 m)<\/p>\n<p>&#8211; utvr\u0111ivanje funkcijskih zavisnosti termi\u010dkih parametara sedimenata od hidrogeolo\u0161kih\/geomehani\u010dkih parametara<\/p>\n<p>[\/et_pb_text][et_pb_image src=&#8221;https:\/\/www.hgi-cgs.hr\/wp-content\/uploads\/2018\/08\/sl4.jpg&#8221; title_text=&#8221;OLYMPUS DIGITAL CAMERA&#8221; align=&#8221;center&#8221; _builder_version=&#8221;4.6.1&#8243; _module_preset=&#8221;default&#8221; border_radii=&#8221;on|5px|5px|5px|5px&#8221; box_shadow_style=&#8221;preset1&#8243; box_shadow_blur=&#8221;15px&#8221;][\/et_pb_image][et_pb_text _builder_version=&#8221;4.6.5&#8243; _module_preset=&#8221;default&#8221; text_font_size=&#8221;13px&#8221; custom_margin=&#8221;-30px||||false|false&#8221;]<\/p>\n<p style=\"text-align: center;\">Determinacija jezgre i mjerenje termi\u010dkih parametara sedimenata<\/p>\n<p>[\/et_pb_text][et_pb_text _builder_version=&#8221;4.6.5&#8243; _module_preset=&#8221;default&#8221;]<\/p>\n<ul>\n<li style=\"text-align: left;\">delineacija najpovoljnijih lokacija za izradu <u>ATES sustava<\/u><\/li>\n<\/ul>\n<p style=\"text-align: left;\"><u><\/u>&#8211; delineacija najpovoljnijih lokacija za izradu ATES sustava (engl. Aquifer Thermal Energy Storage) na temelju geolo\u0161kih i hidrogeolo\u0161kih zna\u010dajki (visoka poroznost i hidrauli\u010dka vodljivost, ali mala brzina toka vode)<\/p>\n<p>[\/et_pb_text][et_pb_text _builder_version=&#8221;4.6.5&#8243; _module_preset=&#8221;default&#8221;]<\/p>\n<p style=\"text-align: left;\">5.\u00a0 studije geotermalne potencijalnosti<\/p>\n<p style=\"text-align: left;\">&#8211; Studije geotermalne potencijalnosti izra\u0111uju se na temelju ranije prikupljenih podataka o geotermalnim zna\u010dajkama istra\u017eivanog prostora i dodatnim istra\u017eivanjima kojima se utvr\u0111uje kakav geotermalni potencijal istra\u017eivano podru\u010dje ima. Studije o geotermalnoj potencijalnosti zadanih podru\u010dja sadr\u017ee: podatke o poznatim objektima s geotermalnom vodom, prosje\u010dni geotermalni gradijent i mogu\u0107a odstupanja od te vrijednosti, prosje\u010dne vrijednosti toplinske vodljivosti i toplinskog kapaciteta pojedinih litostratigrafskih jedinica, prosje\u010dne vrijednosti gusto\u0107e povr\u0161inskog toplinskog toka i mogu\u0107a odstupanja, mogu\u0107nost postojanja vodonosnika s geotermalnom vodom, u\u017ea podru\u010dja perspektivna za daljnja istra\u017eivanja, preporuke o tehnologijama za kori\u0161tenje geotermalne energije u istra\u017eivanom podru\u010dju. Studije geotermalne potencijalnosti izra\u0111uju se za ve\u0107e regije, \u017eupanije i gradove, kao i op\u0107ine. Za povr\u0161inom manja podru\u010dja izra\u0111uju se Ekspertna mi\u0161ljenja.<\/p>\n<p>[\/et_pb_text][et_pb_image src=&#8221;https:\/\/www.hgi-cgs.hr\/wp-content\/uploads\/2018\/08\/sl6.jpg&#8221; title_text=&#8221;sl6&#8243; align=&#8221;center&#8221; _builder_version=&#8221;4.6.1&#8243; _module_preset=&#8221;default&#8221; width=&#8221;90%&#8221; module_alignment=&#8221;center&#8221; border_radii=&#8221;on|5px|5px|5px|5px&#8221; box_shadow_style=&#8221;preset1&#8243; box_shadow_blur=&#8221;15px&#8221;][\/et_pb_image][et_pb_text _builder_version=&#8221;4.6.5&#8243; _module_preset=&#8221;default&#8221; text_font_size=&#8221;13px&#8221; custom_margin=&#8221;-30px||25px||false|false&#8221;]<\/p>\n<p style=\"text-align: center;\">Prirodno izvori\u0161te geotermalne vode u Daruvaru<\/p>\n<p>[\/et_pb_text][\/et_pb_column][et_pb_column type=&#8221;1_2&#8243; _builder_version=&#8221;4.6.1&#8243; _module_preset=&#8221;default&#8221;][et_pb_text _builder_version=&#8221;4.6.5&#8243; _module_preset=&#8221;default&#8221;]<\/p>\n<p style=\"text-align: left;\">6. projekti optimizacije kori\u0161tenja geotermalnih izvora<\/p>\n<p style=\"text-align: left;\">&#8211; Na lokacijama gdje se koristi geotermalna voda \u010desto se pojavljuje problem da vode ima premalo ili je njena temperatura ni\u017ea od \u017eeljene. U takvim slu\u010dajevima obavljaju se istra\u017eivanja s ciljem da se utvrde raspolo\u017eive koli\u010dine vode i, ako je mogu\u0107e, dobije potrebna koli\u010dina vode \u017eeljene temperature. Takva istra\u017eivanja, s obzirom na tip problematike, mogu biti razli\u010ditog sadr\u017eaja, opsega i metodologija, kao \u0161to su primjerice: geolo\u0161ko kartiranje i modeliranje strukturno tektonskog sklopa, geofizi\u010dka istra\u017eivanja, pokusno crpljenje geotermalnih voda, mjerenja protoka, mjerenje razine podzemnih voda, prora\u010duni vrijednosti toplinske provodljivosti i toplinskog kapaciteta pojedinih litostratigrafskih jedinica, izra\u010duni geotermalnog gradijenta i gusto\u0107e toplinskog toka, hidrogeokemijske i izotopne analize, numeri\u010dko modeliranje i dr.<\/p>\n<p>[\/et_pb_text][et_pb_image src=&#8221;https:\/\/www.hgi-cgs.hr\/wp-content\/uploads\/2018\/08\/sl7.jpg&#8221; title_text=&#8221;sl7&#8243; align=&#8221;center&#8221; _builder_version=&#8221;4.6.1&#8243; _module_preset=&#8221;default&#8221; border_radii=&#8221;on|5px|5px|5px|5px&#8221; box_shadow_style=&#8221;preset1&#8243; box_shadow_blur=&#8221;15px&#8221;][\/et_pb_image][et_pb_text _builder_version=&#8221;4.6.5&#8243; _module_preset=&#8221;default&#8221; text_font_size=&#8221;13px&#8221; custom_margin=&#8221;-30px||25px||false|false&#8221;]<\/p>\n<p style=\"text-align: center;\">Uzorkovanje geotermalne vode, <em>in situ<\/em> analize i mjerenja<\/p>\n<p>[\/et_pb_text][et_pb_image src=&#8221;https:\/\/www.hgi-cgs.hr\/wp-content\/uploads\/2018\/08\/sl8.bmp&#8221; title_text=&#8221;sl8&#8243; align=&#8221;center&#8221; _builder_version=&#8221;4.6.1&#8243; _module_preset=&#8221;default&#8221; border_radii=&#8221;on|5px|5px|5px|5px&#8221; box_shadow_style=&#8221;preset1&#8243; box_shadow_blur=&#8221;15px&#8221;][\/et_pb_image][et_pb_text _builder_version=&#8221;4.6.5&#8243; _module_preset=&#8221;default&#8221; text_font_size=&#8221;13px&#8221; custom_margin=&#8221;-30px||||false|false&#8221;]<\/p>\n<p style=\"text-align: center;\">Numeri\u010dka simulacija funkcioniranja daruvarskog hidrotermalnog sustava<\/p>\n<p>[\/et_pb_text][et_pb_text _builder_version=&#8221;4.6.5&#8243; _module_preset=&#8221;default&#8221;]<\/p>\n<p style=\"text-align: left;\">7.\u00a0 studije za\u0161tite izvori\u0161ta geotermalnih voda<\/p>\n<p style=\"text-align: left;\">&#8211; Opse\u017eni gra\u0111evinski radovi u blizini izvori\u0161ta geotermalne vode, pretjerano crpljenje, blizina industrijskih pogona koji zaga\u0111uju okoli\u0161, blizina prometnica i drugo, mogu utjecati na izvori\u0161ta geotermalne vode. Utjecaj djelovanja ljudi na okoli\u0161 koji bi mogao \u0161tetnu utjecati na geotermalne vode mogu\u0107e je utvrditi istra\u017eivanjem te predlo\u017eiti mjere za za\u0161titu izvori\u0161ta. Primjerice, na nekim lokalitetima dolazi do pojave da se koli\u010dina geotermalne vode smanjuje, a tamo gdje je nekad voda sama izvirala danas se mo\u017ee eksploatirati isklju\u010divo pomo\u0107u bu\u0161otina jer se razina geotermalne vode spustila s povr\u0161ine na ve\u0107u dubinu. Istra\u017eivanjima je potrebno ustanoviti koji su uzroci spu\u0161tanja razine geotermalne vode i preporu\u010diti \u0161to treba poduzeti da bi se izvori\u0161te za\u0161titilo od daljnjeg spu\u0161tanja nivoa vode.<\/p>\n<p style=\"text-align: left;\">8. geolo\u0161ki projekti bu\u0161otina na geotermalnu vodu<\/p>\n<p style=\"text-align: left;\">&#8211; Geolo\u0161ki projekti bu\u0161otina na geotermalnu vodu izra\u0111uju se na temelju prethodnih istra\u017eivanja. Projekt sadr\u017ei prognozni profil bu\u0161otine, mogu\u0107e vodonosnike geotermalne vode te o\u010dekivane geotermalne i hidrogeolo\u0161ke parametre.<\/p>\n<p>[\/et_pb_text][et_pb_image src=&#8221;https:\/\/www.hgi-cgs.hr\/wp-content\/uploads\/2018\/08\/sl9.jpg&#8221; title_text=&#8221;OLYMPUS DIGITAL CAMERA&#8221; align=&#8221;center&#8221; _builder_version=&#8221;4.6.1&#8243; _module_preset=&#8221;default&#8221; width=&#8221;90%&#8221; module_alignment=&#8221;center&#8221; border_radii=&#8221;on|5px|5px|5px|5px&#8221; box_shadow_style=&#8221;preset1&#8243; box_shadow_blur=&#8221;15px&#8221;][\/et_pb_image][et_pb_text _builder_version=&#8221;4.6.5&#8243; _module_preset=&#8221;default&#8221; text_font_size=&#8221;13px&#8221; custom_margin=&#8221;-30px||||false|false&#8221;]<\/p>\n<p style=\"text-align: center;\">Bu\u0161enje geotermalne bu\u0161otine u Daruvaru<\/p>\n<p>[\/et_pb_text][et_pb_text _builder_version=&#8221;4.6.5&#8243; _module_preset=&#8221;default&#8221;]<\/p>\n<p style=\"text-align: left;\">9. ekspertna mi\u0161ljenja<\/p>\n<p style=\"text-align: left;\">&#8211; Istra\u017eivanja geotermalnih resursa kao i druga geolo\u0161ka istra\u017eivanja su istra\u017eivanja koja ne mogu uvijek dati jednozna\u010dne rezultate pa su ulaganja u istra\u017eivanja i eksploataciju vrlo riskantna, dok izradom ekspertnog mi\u0161ljenja kao prvog koraka investitor mo\u017ee smanjiti rizike na najmanju mogu\u0107u mjeru. U sklopu izrade ekspertnih mi\u0161ljenja investitoru se mo\u017ee pru\u017eiti pomo\u0107 pri izradi tendera \u2013 projektnog zadatka za javne natje\u010daje, a tako\u0111er i pomo\u0107 pri ocjenjivanju ponuda odnosno projekata za izvo\u0111enje istra\u017enih i eksploatacijskih radova za kori\u0161tenje geotermalne vode i geotermalne energije. Osim toga, ekspertna mi\u0161ljenja izra\u0111uju se o geotermalnoj potencijalnosti povr\u0161inom manjih podru\u010dja.<\/p>\n<p style=\"text-align: left;\">10. geolo\u0161ki nadzor radova<\/p>\n<p style=\"text-align: left;\">&#8211; Pru\u017eamo usluge geolo\u0161kog nadzora nad obavljanjem radova s ciljem pridobivanja geotermalnih voda i geotermalne energije. Poma\u017eemo investitoru u ocjeni izvedenih radova i savjetujemo o potrebitosti i korisnosti dodatnih radova.<\/p>\n<p style=\"text-align: left;\">11) mjerenje termi\u010dkih svojstava materijala<\/p>\n<p style=\"text-align: left;\">&#8211; Geotermalna istra\u017eivanja su nezamisliva bez poznavanja termi\u010dkih svojstava materijala kroz koje prolazi toplina na putu iz unutra\u0161njost ka povr\u0161ini Zemlje. Zbog toga se obavljaju mjerenja na uzorcima stijena s istra\u017eivanih podru\u010dja.<\/p>\n<p style=\"text-align: left;\">Osim na uzorcima stijena i sedimenata, obavljamo i mjerenja termi\u010dkih parametara na uzorcima drugih materijala (npr. gra\u0111evinskih, izolacijskih). Toplinska vodljivost &#8211; raspon mjerenja iglenom sondom 0,015-2,0 W\/mK te 0,04-6 W\/mK povr\u0161inskom sondom. Volumni toplinski kapacitet &#8211; raspon mjerenja 4,0&#215;10<sup>4<\/sup>-3,0&#215;10<sup>6<\/sup> J\/m<sup>3<\/sup>K.<\/p>\n<p>[\/et_pb_text][et_pb_image src=&#8221;https:\/\/www.hgi-cgs.hr\/wp-content\/uploads\/2018\/08\/sl10.jpg&#8221; title_text=&#8221;sl10&#8243; align=&#8221;center&#8221; _builder_version=&#8221;4.6.1&#8243; _module_preset=&#8221;default&#8221; width=&#8221;90%&#8221; border_radii=&#8221;on|5px|5px|5px|5px&#8221; box_shadow_style=&#8221;preset1&#8243; box_shadow_blur=&#8221;15px&#8221;][\/et_pb_image][et_pb_text _builder_version=&#8221;4.6.5&#8243; _module_preset=&#8221;default&#8221; text_font_size=&#8221;13px&#8221; custom_margin=&#8221;-25px||||false|false&#8221;]<\/p>\n<p style=\"line-height: 150%; text-align: center;\">Mjerenje termi\u010dkih parametara stijene<o:p><\/o:p><\/p>\n<p>[\/et_pb_text][\/et_pb_column][\/et_pb_row][\/et_pb_section]<\/p>\n","protected":false},"excerpt":{"rendered":"<p>ZAVOD ZA GEOLOGIJU I I IN\u017dENJERSKU GEOLOGIJUGeotermalna istra\u017eivanja U HGI geotermalna istra\u017eivanja imaju dugu tradiciju i obavljaju se od osnutka do danas. Svestrani geolog dr. Dragutin Gorjanovi\u0107-Kramberger\u00a0 bavio se geotermalnom problematikom i prije nego je osnovao Geologijsko povjerenstvo za Kraljevinu Hrvatsku i Slavoniju koje je prethodnik HGI. Iz tog doba osobito je poznat njegov rad [&hellip;]<\/p>\n","protected":false},"author":1,"featured_media":0,"parent":0,"menu_order":0,"comment_status":"closed","ping_status":"closed","template":"","meta":{"_et_pb_use_builder":"on","_et_pb_old_content":"","_et_gb_content_width":"","footnotes":""},"class_list":["post-33298","page","type-page","status-publish","hentry"],"aioseo_notices":[],"_links":{"self":[{"href":"https:\/\/www.hgi-cgs.hr\/en\/wp-json\/wp\/v2\/pages\/33298","targetHints":{"allow":["GET"]}}],"collection":[{"href":"https:\/\/www.hgi-cgs.hr\/en\/wp-json\/wp\/v2\/pages"}],"about":[{"href":"https:\/\/www.hgi-cgs.hr\/en\/wp-json\/wp\/v2\/types\/page"}],"author":[{"embeddable":true,"href":"https:\/\/www.hgi-cgs.hr\/en\/wp-json\/wp\/v2\/users\/1"}],"replies":[{"embeddable":true,"href":"https:\/\/www.hgi-cgs.hr\/en\/wp-json\/wp\/v2\/comments?post=33298"}],"version-history":[{"count":14,"href":"https:\/\/www.hgi-cgs.hr\/en\/wp-json\/wp\/v2\/pages\/33298\/revisions"}],"predecessor-version":[{"id":37581,"href":"https:\/\/www.hgi-cgs.hr\/en\/wp-json\/wp\/v2\/pages\/33298\/revisions\/37581"}],"wp:attachment":[{"href":"https:\/\/www.hgi-cgs.hr\/en\/wp-json\/wp\/v2\/media?parent=33298"}],"curies":[{"name":"wp","href":"https:\/\/api.w.org\/{rel}","templated":true}]}}