{"id":33261,"date":"2020-09-09T13:06:49","date_gmt":"2020-09-09T13:06:49","guid":{"rendered":"http:\/\/www.hgi-cgs.hr\/?page_id=33261"},"modified":"2020-11-30T09:51:23","modified_gmt":"2020-11-30T09:51:23","slug":"petra-bajo-objavila-je-rad-u-prestiznom-casopisu-science","status":"publish","type":"page","link":"https:\/\/www.hgi-cgs.hr\/en\/petra-bajo-objavila-je-rad-u-prestiznom-casopisu-science\/","title":{"rendered":"Petra Bajo objavila je rad u presti\u017enom \u010dasopisu Science"},"content":{"rendered":"<p>[et_pb_section fb_built=&#8221;1&#8243; fullwidth=&#8221;on&#8221; _builder_version=&#8221;4.4.1&#8243; custom_padding=&#8221;0px||0px|||&#8221;][et_pb_fullwidth_slider _builder_version=&#8221;4.4.2&#8243; min_height=&#8221;112px&#8221; height=&#8221;400px&#8221; custom_margin=&#8221;0px||||false|false&#8221; custom_padding=&#8221;0px||18px||false|false&#8221; auto=&#8221;on&#8221; auto_ignore_hover=&#8221;on&#8221; locked=&#8221;off&#8221;][et_pb_slide heading=&#8221;Hrvatski geolo\u0161ki institut&#8221; _builder_version=&#8221;4.4.1&#8243; header_font=&#8221;|||on|||||&#8221; background_image=&#8221;https:\/\/www.hgi-cgs.hr\/wp-content\/uploads\/2020\/03\/Br\u010di\u0107_Drvenik02-scaled.jpg&#8221; background_enable_image=&#8221;on&#8221; locked=&#8221;off&#8221; sticky_transition=&#8221;on&#8221;][\/et_pb_slide][et_pb_slide heading=&#8221;Hrvatski geolo\u0161ki institut&#8221; _builder_version=&#8221;4.4.1&#8243; header_font=&#8221;|||on|||||&#8221; background_image=&#8221;https:\/\/www.hgi-cgs.hr\/wp-content\/uploads\/2020\/03\/ban2-scaled.jpg&#8221; background_enable_image=&#8221;on&#8221; locked=&#8221;off&#8221; sticky_transition=&#8221;on&#8221;][\/et_pb_slide][et_pb_slide heading=&#8221;Hrvatski geolo\u0161ki institut&#8221; _builder_version=&#8221;4.4.1&#8243; header_font=&#8221;|||on|||||&#8221; background_image=&#8221;https:\/\/www.hgi-cgs.hr\/wp-content\/uploads\/2020\/03\/20190228_094232-scaled.jpg&#8221; background_enable_image=&#8221;on&#8221; locked=&#8221;off&#8221; sticky_transition=&#8221;on&#8221;][\/et_pb_slide][et_pb_slide heading=&#8221;Hrvatski geolo\u0161ki institut&#8221; _builder_version=&#8221;4.4.1&#8243; header_font=&#8221;|||on|||||&#8221; background_image=&#8221;https:\/\/www.hgi-cgs.hr\/wp-content\/uploads\/2020\/03\/ban3-scaled.jpg&#8221; background_enable_image=&#8221;on&#8221; locked=&#8221;off&#8221; sticky_transition=&#8221;on&#8221;][\/et_pb_slide][et_pb_slide heading=&#8221;Hrvatski geolo\u0161ki institut&#8221; _builder_version=&#8221;4.4.1&#8243; header_font=&#8221;|||on|||||&#8221; background_image=&#8221;https:\/\/www.hgi-cgs.hr\/wp-content\/uploads\/2020\/03\/Bijele_stijene-Gorski_kotar-scaled.jpg&#8221; background_enable_image=&#8221;on&#8221; locked=&#8221;off&#8221; sticky_transition=&#8221;on&#8221;][\/et_pb_slide][et_pb_slide heading=&#8221;Hrvatski geolo\u0161ki institut&#8221; _builder_version=&#8221;4.4.1&#8243; header_font=&#8221;|||on|||||&#8221; background_image=&#8221;https:\/\/www.hgi-cgs.hr\/wp-content\/uploads\/2020\/03\/ban4-scaled.jpg&#8221; background_enable_image=&#8221;on&#8221; locked=&#8221;off&#8221; sticky_transition=&#8221;on&#8221;][\/et_pb_slide][et_pb_slide heading=&#8221;Hrvatski geolo\u0161ki institut&#8221; _builder_version=&#8221;4.4.1&#8243; header_font=&#8221;|||on|||||&#8221; background_image=&#8221;https:\/\/www.hgi-cgs.hr\/wp-content\/uploads\/2020\/03\/ban5-scaled.jpg&#8221; background_enable_image=&#8221;on&#8221; locked=&#8221;off&#8221; sticky_transition=&#8221;on&#8221;][\/et_pb_slide][\/et_pb_fullwidth_slider][\/et_pb_section][et_pb_section fb_built=&#8221;1&#8243; _builder_version=&#8221;4.4.2&#8243; custom_padding=&#8221;||0px|||&#8221;][et_pb_row _builder_version=&#8221;4.4.2&#8243;][et_pb_column type=&#8221;4_4&#8243; _builder_version=&#8221;4.4.2&#8243;][et_pb_text _builder_version=&#8221;4.6.1&#8243; text_font_size=&#8221;32px&#8221; header_2_text_color=&#8221;#1e5096&#8243;]<\/p>\n<h2 style=\"text-align: center; color: #1e5096;\"><strong>NOVOSTI<\/strong><\/h2>\n<p>[\/et_pb_text][\/et_pb_column][\/et_pb_row][et_pb_row _builder_version=&#8221;4.4.2&#8243;][et_pb_column type=&#8221;4_4&#8243; _builder_version=&#8221;4.4.2&#8243;][et_pb_text _builder_version=&#8221;4.7.4&#8243; text_font_size=&#8221;32px&#8221; header_2_text_color=&#8221;#1e5096&#8243; header_2_line_height=&#8221;1.3em&#8221; hover_enabled=&#8221;0&#8243; sticky_enabled=&#8221;0&#8243;]<\/p>\n<h2 style=\"text-align: center; color: #1e5096;\">Petra Bajo objavila je rad u presti\u017enom \u010dasopisu Science:<br \/> Persistent influence of obliquity on ice-age terminations since the Middle Pleistocene transition<\/h2>\n<p>[\/et_pb_text][\/et_pb_column][\/et_pb_row][\/et_pb_section][et_pb_section fb_built=&#8221;1&#8243; _builder_version=&#8221;4.4.2&#8243; custom_padding=&#8221;20px||41px|||&#8221;][et_pb_row _builder_version=&#8221;4.0.3&#8243; min_height=&#8221;192px&#8221; custom_margin=&#8221;-9px|auto||auto||&#8221; custom_padding=&#8221;0px|||||&#8221;][et_pb_column type=&#8221;4_4&#8243; _builder_version=&#8221;4.0.3&#8243;][et_pb_text _builder_version=&#8221;4.6.5&#8243; _module_preset=&#8221;default&#8221; text_orientation=&#8221;justified&#8221;]<\/p>\n<p style=\"text-align: left;\">Petra Bajo, vi\u0161a znanstvena suradnica Hrvatskog geolo\u0161kog instituta, objavila je rad u \u010dasopisu Science u suradnji s me\u0111unarodnim timom znanstvenika. Cilj rada bio je odrediti kada su se i za\u0161to dogodila dva prijelaza iz hladnog (glacijal) u toplo (inerglacijal) doba tijekom srednje pleistocenske tranzicije. Dvije glacijalne terminacije zabilje\u017eene su u izotopnom sastavu siga iz spilje Corchia u Italiji te su sige radiometrijski datirane U-Pb metodom. Usporedbom geokemijskih zna\u010dajki siga i sedimenata iz Sjevernog Atlantika kronologija siga je prenesena na benti\u010dki izotopni zapis dubokomorskih jezgri. Ovo je omogu\u0107ilo da se istra\u017ei odnos klimatskih podataka u dubokomorskim sedimentima i Zemljinih orbitalnih parametara. Studija dokazuje da nagib Zemljine osi utje\u010de na po\u010detak i duljinu ove dvije kao i devet mla\u0111ih glacijalnih terminacija.<\/p>\n<p style=\"text-align: left;\"><strong><em>Za\u0161to zavr\u0161avaju ledena doba?<\/em><\/strong><\/p>\n<p style=\"text-align: left;\">Izmjene hladnih (glacijali) i toplih (interglacijali) doba sastavni su dio klime na Zemlji u posljednjih nekoliko milijuna godina. Tijekom dugih glacijala velike povr\u0161ine sjeverne polutke bile su pokrivene debelim ledenim pokriva\u010dem. Prijelazi iz glacijala u interglacijale (glacijalne terminacije) bili su pra\u0107eni naglim porastom temperature, topljenjem velikih koli\u010dina leda, porastom razine mora te promjenom ekolo\u0161kih uvjeta na Zemlji. Glacijalne terminacije ve\u0107 dugo plijene pa\u017enju znanstvenika koji tra\u017ee odgovor na pitanje zbog \u010dega se ovi prijelazi doga\u0111aju.<\/p>\n<p style=\"text-align: left;\">Naj\u0161ire je prihva\u0107eno mi\u0161ljenje da su terminacije uzrokovane promjenama u geometriji Zemljine orbite \u0161to utje\u010de na koli\u010dinu Sun\u010deve energije koja dospijeva do Zemljine povr\u0161ine (insolacije). Dva glavna orbitalna parametra u ovom pogledu su promjene nagiba Zemljine osi i precesija. Koji je od ovih orbitalnih parametara odgovorniji za glacijalne terminacije jedna je od glavnih debata me\u0111u znanstvenicima koji istra\u017euju klimatske promjene u pro\u0161losti. Najjasniji dokazi o terminacijama u pro\u0161losti zapisani su u izotopnom sastavu dubokomorskih sedimenata. Vremenski okvir varijacija orbitalnih parametara u posljednjih nekoliko milijuna godina je dobro poznat, me\u0111utim dubokomorski sedimenti stariji od oko 50000 godina ne mogu se precizno datirati. Ako nije poznato kada su se terminacije dogodile, nemogu\u0107e je odgovoriti na pitanje za\u0161to su se dogodile. Sige su jo\u0161 jedan prirodni arhiv koji mo\u017ee sadr\u017eavati informacije o terminacijama. Za razliku od dubokomorskih sedimenata one mogu biti radiometrijski datirane \u0161to otvara mogu\u0107nost testiranja orbitalnih teorija.<\/p>\n<p style=\"text-align: left;\">Pro\u0161li tjedan je u \u010dasopisu Science objavljen rad Petre Bajo s Hrvatskog geolo\u0161kog instituta koja je na institutu zaposlena kao znanstvenik povratnik iz inozemstva. Rad je proiza\u0161ao iz Petrine doktorske disertacije koju je izradila na Sveu\u010dili\u0161tu Melbourne u Australiji. Studija je bila dio ve\u0107eg istra\u017eiva\u010dkog projekta koji je financiralo Australsko znanstveno vije\u0107e, dodijeljenog njenim mentorima dr. Russellu Drysdaleu, dr. Jonu Woodheadu i dr. Johnu Hellstromu te je u njoj sudjelovao me\u0111unarodni tim znanstvenika iz Australije, Velike Britanije, Portugala, Italije i Austrije.<\/p>\n<p style=\"text-align: left;\">Pod vodstvom svojih mentora Petra je primijenila novorazvijenu U-Pb metodu datiranja siga kako bi se po prvi puta precizno datirale dvije glacijalne terminacije koje su se dogodile prije otprilike 960000 i 875000 godina. Tim je kombinirao podatke siga iz spilje Corchia u Italiji s dubokomorskim sedimentima iz Sjevernog Atlantika kako bi istra\u017eili odnos klimatskih informacija u dubokomorskim sedimentima i orbitalnih parametara. Rezultati sugeriraju da je po\u010detak obje terminacije u skladu s promjenama u insolaciji vezanima za nagib Zemljine osi. Naime, za vrijeme ja\u010deg nagiba Zemljine osi ljeta su dulja i ljetna insolacija sna\u017enija \u0161to uzrokuje topljenje ledenih pokrova na sjevernoj polutci. Znanstvenici su tako\u0111er do\u0161li do zaklju\u010dka da ovo obja\u0161njenje vrijedi i za devet mla\u0111ih terminacija prethodno datiranih U-Th metodom. Nadalje, neke terminacije su trajale nekoliko tisu\u0107a dok su druge trajale i preko 10000 godina. Analizom rezultata znanstvenici su zaklju\u010dili da duljina terminacije ovisi o koli\u010dini ljetne insolacije na sjevernoj polutci iznad ledenih pokrova u vrijeme po\u010detka terminacije. \u0160to je razina ljetne insolacije na po\u010detku terminacije vi\u0161a, ledeni pokrovi se tope br\u017ee i terminacija traje kra\u0107e. Ova studija po prvi puta dokazuje da se sige ove starosti mogu pouzdano koristiti u paleoklimatskim rekonstrukcijama i otvara put sli\u010dnim istra\u017eivanjima u budu\u0107nosti koja \u0107e produljiti trenutni zapis i pobolj\u0161ati na\u0161e spoznaje o glacijalnim terminacijama.<\/p>\n<p style=\"text-align: left;\">Persistent influence of obliquity on ice age terminations since the Middle Pleistocene transition.<br \/> Petra Bajo, Russell Drysdale, Jon Woodhead, John Hellstrom, David Hodell, Patrizia Ferretti, Antje Voelker, Giovanni Zanchetta, Teresa Rodrigues, Eric Wolff, Jonathan Tyler, Silvia Frisia, Christoph Sp\u00f6tl, Anthony Fallick.<br \/> Science, Vol 367 Issue 6483, DOI: 10.1126\/science.aaw1114<br \/> <em><a href=\"https:\/\/doi.org\/10.1126\/science.aaw1114\">https:\/\/doi.org\/10.1126\/science.aaw1114<\/a><\/em><\/p>\n<p style=\"text-align: left;\">O uspjehu kolegice Petre Bajo izvjestio je i T-portal i Ve\u010dernji list. Vi\u0161e mo\u017eete pro\u010ditati na sljede\u0107im poveznicama:<\/p>\n<p style=\"text-align: left;\"><a href=\"https:\/\/www.tportal.hr\/tehno\/clanak\/rad-hrvatske-znanstvenice-petre-bajo-o-ledenom-dobu-objavljen-u-prestiznom-casopisu-science-20200318\"><em>https:\/\/www.tportal.hr\/tehno\/clanak\/rad-hrvatske-znanstvenice-petre-bajo-o-ledenom-dobu-objavljen-u-prestiznom-casopisu-science-20200318<\/em><\/a><\/p>\n<p style=\"text-align: left;\"><em><a href=\"https:\/\/www.vecernji.hr\/techsci\/rad-hrvatske-znanstvenice-objavljen-u-prestiznom-casopisu-science-1386606\">https:\/\/www.vecernji.hr\/techsci\/rad-hrvatske-znanstvenice-objavljen-u-prestiznom-casopisu-science-1386606<\/a><\/em><\/p>\n<p>[\/et_pb_text][\/et_pb_column][\/et_pb_row][et_pb_row column_structure=&#8221;1_2,1_2&#8243; _builder_version=&#8221;4.6.1&#8243; _module_preset=&#8221;default&#8221;][et_pb_column type=&#8221;1_2&#8243; _builder_version=&#8221;4.6.1&#8243; _module_preset=&#8221;default&#8221;][et_pb_image src=&#8221;https:\/\/www.hgi-cgs.hr\/wp-content\/uploads\/2020\/09\/1-Petra-Bajo_Corchia_1.jpg&#8221; title_text=&#8221;1 Petra Bajo_Corchia_1&#8243; align=&#8221;right&#8221; _builder_version=&#8221;4.6.1&#8243; _module_preset=&#8221;default&#8221; width=&#8221;60%&#8221; border_radii=&#8221;on|5px|5px|5px|5px&#8221; box_shadow_style=&#8221;preset1&#8243; box_shadow_blur=&#8221;15px&#8221;][\/et_pb_image][et_pb_text _builder_version=&#8221;4.6.5&#8243; _module_preset=&#8221;default&#8221; text_font_size=&#8221;13px&#8221; width=&#8221;100%&#8221; max_width=&#8221;100%&#8221; module_alignment=&#8221;center&#8221; custom_margin=&#8221;-30px||||false|false&#8221; custom_padding=&#8221;|||200px|false|false&#8221;]<\/p>\n<p style=\"text-align: center;\">Spilja Corchia, Italija<\/p>\n<p>[\/et_pb_text][\/et_pb_column][et_pb_column type=&#8221;1_2&#8243; _builder_version=&#8221;4.6.1&#8243; _module_preset=&#8221;default&#8221;][et_pb_image src=&#8221;https:\/\/www.hgi-cgs.hr\/wp-content\/uploads\/2020\/09\/2-Petra-Bajo_Corchia_2.jpg&#8221; title_text=&#8221;2 Petra Bajo_Corchia_2&#8243; _builder_version=&#8221;4.6.1&#8243; _module_preset=&#8221;default&#8221; width=&#8221;60%&#8221; border_radii=&#8221;on|5px|5px|5px|5px&#8221; box_shadow_style=&#8221;preset1&#8243; box_shadow_blur=&#8221;15px&#8221;][\/et_pb_image][et_pb_text _builder_version=&#8221;4.6.5&#8243; _module_preset=&#8221;default&#8221; text_font_size=&#8221;13px&#8221; width=&#8221;100%&#8221; max_width=&#8221;100%&#8221; module_alignment=&#8221;center&#8221; custom_margin=&#8221;-30px||||false|false&#8221; custom_padding=&#8221;|200px||0px|false|false&#8221;]<\/p>\n<p style=\"text-align: center;\">Spilja Corchia, Italija<\/p>\n<p>[\/et_pb_text][\/et_pb_column][\/et_pb_row][et_pb_row _builder_version=&#8221;4.6.1&#8243; _module_preset=&#8221;default&#8221;][et_pb_column type=&#8221;4_4&#8243; _builder_version=&#8221;4.6.1&#8243; _module_preset=&#8221;default&#8221;][et_pb_image src=&#8221;https:\/\/www.hgi-cgs.hr\/wp-content\/uploads\/2020\/09\/3-Petra-Bajo_Corchia_2.jpg&#8221; title_text=&#8221;3 Petra Bajo_Corchia_2&#8243; align=&#8221;center&#8221; _builder_version=&#8221;4.6.1&#8243; _module_preset=&#8221;default&#8221; width=&#8221;30%&#8221; border_radii=&#8221;on|5px|5px|5px|5px&#8221; box_shadow_style=&#8221;preset1&#8243; box_shadow_blur=&#8221;15px&#8221;][\/et_pb_image][et_pb_text _builder_version=&#8221;4.6.5&#8243; _module_preset=&#8221;default&#8221; text_font_size=&#8221;13px&#8221; width=&#8221;100%&#8221; max_width=&#8221;100%&#8221; module_alignment=&#8221;center&#8221; custom_margin=&#8221;-30px||||false|false&#8221; custom_padding=&#8221;|0px||0px|false|false&#8221;]<\/p>\n<p style=\"text-align: center;\">Spilja Corchia, Italija<\/p>\n<p>[\/et_pb_text][et_pb_text _builder_version=&#8221;4.6.1&#8243; _module_preset=&#8221;default&#8221;]<\/p>\n<p><em>Autor fotografija: Dr.sc. Petra Bajo<\/em><\/p>\n<p>[\/et_pb_text][\/et_pb_column][\/et_pb_row][\/et_pb_section]<\/p>\n","protected":false},"excerpt":{"rendered":"<p>NOVOSTIPetra Bajo objavila je rad u presti\u017enom \u010dasopisu Science: Persistent influence of obliquity on ice-age terminations since the Middle Pleistocene transition Petra Bajo, vi\u0161a znanstvena suradnica Hrvatskog geolo\u0161kog instituta, objavila je rad u \u010dasopisu Science u suradnji s me\u0111unarodnim timom znanstvenika. Cilj rada bio je odrediti kada su se i za\u0161to dogodila dva prijelaza iz [&hellip;]<\/p>\n","protected":false},"author":1,"featured_media":0,"parent":0,"menu_order":0,"comment_status":"closed","ping_status":"closed","template":"","meta":{"_et_pb_use_builder":"on","_et_pb_old_content":"","_et_gb_content_width":"","footnotes":""},"class_list":["post-33261","page","type-page","status-publish","hentry"],"aioseo_notices":[],"_links":{"self":[{"href":"https:\/\/www.hgi-cgs.hr\/en\/wp-json\/wp\/v2\/pages\/33261","targetHints":{"allow":["GET"]}}],"collection":[{"href":"https:\/\/www.hgi-cgs.hr\/en\/wp-json\/wp\/v2\/pages"}],"about":[{"href":"https:\/\/www.hgi-cgs.hr\/en\/wp-json\/wp\/v2\/types\/page"}],"author":[{"embeddable":true,"href":"https:\/\/www.hgi-cgs.hr\/en\/wp-json\/wp\/v2\/users\/1"}],"replies":[{"embeddable":true,"href":"https:\/\/www.hgi-cgs.hr\/en\/wp-json\/wp\/v2\/comments?post=33261"}],"version-history":[{"count":5,"href":"https:\/\/www.hgi-cgs.hr\/en\/wp-json\/wp\/v2\/pages\/33261\/revisions"}],"predecessor-version":[{"id":37163,"href":"https:\/\/www.hgi-cgs.hr\/en\/wp-json\/wp\/v2\/pages\/33261\/revisions\/37163"}],"wp:attachment":[{"href":"https:\/\/www.hgi-cgs.hr\/en\/wp-json\/wp\/v2\/media?parent=33261"}],"curies":[{"name":"wp","href":"https:\/\/api.w.org\/{rel}","templated":true}]}}