{"id":33231,"date":"2020-09-09T11:30:52","date_gmt":"2020-09-09T11:30:52","guid":{"rendered":"http:\/\/www.hgi-cgs.hr\/?page_id=33231"},"modified":"2020-10-15T11:34:39","modified_gmt":"2020-10-15T11:34:39","slug":"multidisciplinarni-pristup-izradi-konceptualnih-modela-hidrotermalnih-sustava","status":"publish","type":"page","link":"https:\/\/www.hgi-cgs.hr\/en\/multidisciplinarni-pristup-izradi-konceptualnih-modela-hidrotermalnih-sustava\/","title":{"rendered":"Multidisciplinarni pristup izradi konceptualnih modela hidrotermalnih sustava"},"content":{"rendered":"<p>[et_pb_section fb_built=&#8221;1&#8243; fullwidth=&#8221;on&#8221; _builder_version=&#8221;4.4.1&#8243; custom_padding=&#8221;0px||0px|||&#8221;][et_pb_fullwidth_slider _builder_version=&#8221;4.4.2&#8243; min_height=&#8221;112px&#8221; height=&#8221;400px&#8221; custom_margin=&#8221;0px||||false|false&#8221; custom_padding=&#8221;0px||18px||false|false&#8221; auto=&#8221;on&#8221; auto_ignore_hover=&#8221;on&#8221; locked=&#8221;off&#8221;][et_pb_slide heading=&#8221;Hrvatski geolo\u0161ki institut&#8221; _builder_version=&#8221;4.4.1&#8243; header_font=&#8221;|||on|||||&#8221; background_image=&#8221;http:\/\/www.hgi-cgs.hr\/wp-content\/uploads\/2020\/03\/Br\u010di\u0107_Drvenik02-scaled.jpg&#8221; background_enable_image=&#8221;on&#8221; locked=&#8221;off&#8221; sticky_transition=&#8221;on&#8221;][\/et_pb_slide][et_pb_slide heading=&#8221;Hrvatski geolo\u0161ki institut&#8221; _builder_version=&#8221;4.4.1&#8243; header_font=&#8221;|||on|||||&#8221; background_image=&#8221;http:\/\/www.hgi-cgs.hr\/wp-content\/uploads\/2020\/03\/ban2-scaled.jpg&#8221; background_enable_image=&#8221;on&#8221; locked=&#8221;off&#8221; sticky_transition=&#8221;on&#8221;][\/et_pb_slide][et_pb_slide heading=&#8221;Hrvatski geolo\u0161ki institut&#8221; _builder_version=&#8221;4.4.1&#8243; header_font=&#8221;|||on|||||&#8221; background_image=&#8221;http:\/\/www.hgi-cgs.hr\/wp-content\/uploads\/2020\/03\/20190228_094232-scaled.jpg&#8221; background_enable_image=&#8221;on&#8221; locked=&#8221;off&#8221; sticky_transition=&#8221;on&#8221;][\/et_pb_slide][et_pb_slide heading=&#8221;Hrvatski geolo\u0161ki institut&#8221; _builder_version=&#8221;4.4.1&#8243; header_font=&#8221;|||on|||||&#8221; background_image=&#8221;http:\/\/www.hgi-cgs.hr\/wp-content\/uploads\/2020\/03\/ban3-scaled.jpg&#8221; background_enable_image=&#8221;on&#8221; locked=&#8221;off&#8221; sticky_transition=&#8221;on&#8221;][\/et_pb_slide][et_pb_slide heading=&#8221;Hrvatski geolo\u0161ki institut&#8221; _builder_version=&#8221;4.4.1&#8243; header_font=&#8221;|||on|||||&#8221; background_image=&#8221;http:\/\/www.hgi-cgs.hr\/wp-content\/uploads\/2020\/03\/Bijele_stijene-Gorski_kotar-scaled.jpg&#8221; background_enable_image=&#8221;on&#8221; locked=&#8221;off&#8221; sticky_transition=&#8221;on&#8221;][\/et_pb_slide][et_pb_slide heading=&#8221;Hrvatski geolo\u0161ki institut&#8221; _builder_version=&#8221;4.4.1&#8243; header_font=&#8221;|||on|||||&#8221; background_image=&#8221;http:\/\/www.hgi-cgs.hr\/wp-content\/uploads\/2020\/03\/ban4-scaled.jpg&#8221; background_enable_image=&#8221;on&#8221; locked=&#8221;off&#8221; sticky_transition=&#8221;on&#8221;][\/et_pb_slide][et_pb_slide heading=&#8221;Hrvatski geolo\u0161ki institut&#8221; _builder_version=&#8221;4.4.1&#8243; header_font=&#8221;|||on|||||&#8221; background_image=&#8221;http:\/\/www.hgi-cgs.hr\/wp-content\/uploads\/2020\/03\/ban5-scaled.jpg&#8221; background_enable_image=&#8221;on&#8221; locked=&#8221;off&#8221; sticky_transition=&#8221;on&#8221;][\/et_pb_slide][\/et_pb_fullwidth_slider][\/et_pb_section][et_pb_section fb_built=&#8221;1&#8243; _builder_version=&#8221;4.4.2&#8243;][et_pb_row _builder_version=&#8221;4.4.2&#8243;][et_pb_column type=&#8221;4_4&#8243; _builder_version=&#8221;4.4.2&#8243;][et_pb_text _builder_version=&#8221;4.6.1&#8243; text_font_size=&#8221;32px&#8221; header_2_text_color=&#8221;#1e5096&#8243;]<\/p>\n<h2 style=\"text-align: center; color: #1e5096;\"><strong>NOVOSTI<\/strong><\/h2>\n<p>[\/et_pb_text][\/et_pb_column][\/et_pb_row][et_pb_row _builder_version=&#8221;4.4.2&#8243;][et_pb_column type=&#8221;4_4&#8243; _builder_version=&#8221;4.4.2&#8243;][et_pb_text _builder_version=&#8221;4.6.1&#8243; text_font_size=&#8221;32px&#8221; header_2_text_color=&#8221;#1e5096&#8243; header_2_line_height=&#8221;1.3em&#8221;]<\/p>\n<h2 style=\"text-align: center; color: #1e5096;\">Multidisciplinarni pristup izradi konceptualnih modela hidrotermalnih sustava (HyTheC)<\/h2>\n<p>[\/et_pb_text][\/et_pb_column][\/et_pb_row][\/et_pb_section][et_pb_section fb_built=&#8221;1&#8243; _builder_version=&#8221;4.4.2&#8243; custom_padding=&#8221;20px||41px|||&#8221; custom_margin=&#8221;-20px|||||&#8221;][et_pb_row _builder_version=&#8221;4.4.2&#8243; custom_padding=&#8221;0px|||||&#8221; custom_margin=&#8221;-22px|auto||auto||&#8221;][et_pb_column type=&#8221;4_4&#8243; _builder_version=&#8221;4.4.2&#8243;][et_pb_image src=&#8221;http:\/\/www.hgi-cgs.hr\/wp-content\/uploads\/2020\/04\/logo_hr.jpg&#8221; title_text=&#8221;logo_hr&#8221; align=&#8221;center&#8221; align_tablet=&#8221;center&#8221; align_phone=&#8221;&#8221; align_last_edited=&#8221;on|desktop&#8221; _builder_version=&#8221;4.6.1&#8243; max_width=&#8221;30%&#8221; module_alignment=&#8221;center&#8221;][\/et_pb_image][\/et_pb_column][\/et_pb_row][et_pb_row _builder_version=&#8221;4.0.3&#8243; min_height=&#8221;192px&#8221; custom_margin=&#8221;12px|auto||auto||&#8221; custom_padding=&#8221;0px|||||&#8221;][et_pb_column type=&#8221;4_4&#8243; _builder_version=&#8221;4.0.3&#8243;][et_pb_text _builder_version=&#8221;4.6.5&#8243; text_font=&#8221;||||||||&#8221; link_font=&#8221;||||||||&#8221; link_text_color=&#8221;#e09900&#8243; custom_margin=&#8221;5px|||||&#8221; custom_padding=&#8221;|10px||10px|false|true&#8221; hover_enabled=&#8221;0&#8243; sticky_enabled=&#8221;0&#8243;]<\/p>\n<p style=\"text-align: left;\"><strong><em>Financiranje:<\/em><\/strong> Hrvatska zaklada za znanost<br \/> <strong><em>Vrsta:<\/em><\/strong> Uspostavni istra\u017eiva\u010dki projekt<br \/> <strong><em>Trajanje:<\/em><\/strong> 5 godina<br \/> <strong><em>Po\u010detak:<\/em><\/strong> 17. velja\u010de 2020.<br \/> <strong><em>Vrijednost financiranja:<\/em><\/strong> 1.999.912,00 kn<br \/> <strong><em>Voditeljica:<\/em><\/strong> dr. sc. Sta\u0161a Borovi\u0107<\/p>\n<p style=\"text-align: left;\">Panonski dio Hrvatske ima povoljne geotermalne karakteristike, a prirodni izvori termalne vode temperatura do 65 \u00b0C pojavljuju se na dvadesetak lokacija. Te vode se koriste tisu\u0107lje\u0107ima, a u proteklih pedeset godina predstavljaju klju\u010dni resurs turisti\u010dkih i lje\u010dili\u0161nih centara. Pove\u0107anje potra\u017enje za termalnom vodom s vremenom je potaknulo crpljenje ve\u0107ih koli\u010dina. Me\u0111utim, termalna su izvori\u0161ta dio hidrotermalnih sustava koji uklju\u010duju: podru\u010dja prihranjivanja u planinskim zale\u0111ima izvora; geotermalne vodonosnike (uglavnom mezozojske karbonatne stijene) u kojima se voda zadr\u017eava i zagrijava zbog toplinskog toka iz Zemlje; i podru\u010dja istjecanja na mjestima povoljnih struktura ve\u0107e propusnosti. Kontinuirano funkcioniranje takvih sustava zavisi od osjetljive ravnote\u017ee izme\u0111u brzine toka podzemne vode, procesa talo\u017eenja \/ otapanja i tektonskih pokreta. Kako bi se ta ravnote\u017ea o\u010duvala i termalna izvori\u0161ta koristila na odr\u017eiv na\u010din, potrebno je razumijevanje na razini sustava te se opisana istra\u017eivanja predla\u017eu s tim ciljem.<\/p>\n<p style=\"text-align: left;\">Multidisciplinarna metodologija (strukturna geologija, hidrogeologija, geotermalna, hidrogeokemijska, geofizi\u010dka i daljinska istra\u017eivanja) koristit \u0107e se za izradu konceptualnih modela sustava, 3D geolo\u0161ku rekonstrukciju, hidrogeolo\u0161ku i termalnu parametrizaciju jedinica i provedbu numeri\u010dkih simulacija funkcioniranja sustava u neporeme\u0107enim uvjetima i s razli\u010ditim scenarijima crpljenja. Metodologija \u0107e se testirati na tri pilot podru\u010dja u Hrvatskoj gdje se koristi termalna voda: Daruvar, Hrvatsko zagorje i Topusko. Kvalitetni konceptualni i numeri\u010dki modeli omogu\u0107uju ocrtavanje i za\u0161titu podru\u010dja prihranjivanja i odre\u0111ivanje odr\u017eivih crpnih koli\u010dina, \u0161to je preduvjet za dugoro\u010dno odr\u017eivo kori\u0161tenje hidrotermalnih sustava, a trenutno nije adekvatno regulirano u hrvatskom zakonodavnom okviru.<\/p>\n<p style=\"text-align: left;\">Pove\u0107ano kori\u0161tenje termalne vode predvi\u0111eno je mnogim europskim i hrvatskim strate\u0161kim dokumentima iz podru\u010dja energetike, turizama i za\u0161tite okoli\u0161a. Stoga HGI-CGS \u017eeli uspostaviti multidisciplinarnu grupu za istra\u017eivanje hidrotermalnih sustava koja \u0107e doprinijeti odgovornom razvoju geotermalnih lokaliteta u na\u0161oj dr\u017eavi, te biti znanstveno produktivna i konkurentna u prijavama na natje\u010daje razli\u010ditih mehanizama financiranja.<\/p>\n<p>[\/et_pb_text][\/et_pb_column][\/et_pb_row][et_pb_row column_structure=&#8221;1_2,1_2&#8243; _builder_version=&#8221;4.6.1&#8243; _module_preset=&#8221;default&#8221;][et_pb_column type=&#8221;1_2&#8243; _builder_version=&#8221;4.6.1&#8243; _module_preset=&#8221;default&#8221;][et_pb_image src=&#8221;http:\/\/www.hgi-cgs.hr\/wp-content\/uploads\/2020\/09\/1-1.jpg&#8221; title_text=&#8221;1&#8243; align=&#8221;center&#8221; _builder_version=&#8221;4.6.1&#8243; _module_preset=&#8221;default&#8221; width=&#8221;64%&#8221; module_alignment=&#8221;center&#8221; border_radii=&#8221;on|5px|5px|5px|5px&#8221; box_shadow_style=&#8221;preset1&#8243; box_shadow_blur=&#8221;15px&#8221;][\/et_pb_image][et_pb_text _builder_version=&#8221;4.6.1&#8243; _module_preset=&#8221;default&#8221; text_font_size=&#8221;13px&#8221; custom_margin=&#8221;-22px|||||&#8221;]<\/p>\n<p style=\"text-align: center;\">Daruvar: Ivanovo vrelo<\/p>\n<p>[\/et_pb_text][et_pb_image src=&#8221;http:\/\/www.hgi-cgs.hr\/wp-content\/uploads\/2020\/09\/3.jpg&#8221; title_text=&#8221;3&#8243; _builder_version=&#8221;4.6.1&#8243; _module_preset=&#8221;default&#8221; width=&#8221;50%&#8221; module_alignment=&#8221;center&#8221; border_radii=&#8221;on|5px|5px|5px|5px&#8221; box_shadow_style=&#8221;preset1&#8243; box_shadow_blur=&#8221;15px&#8221;][\/et_pb_image][et_pb_text _builder_version=&#8221;4.6.1&#8243; _module_preset=&#8221;default&#8221; text_font_size=&#8221;13px&#8221; custom_margin=&#8221;-22px|||||&#8221;]<\/p>\n<div class=\"foto4a\">\n<p style=\"text-align: center;\">Tuhelj (Hrvatsko zagorje): stari bazen s termalnom vodom<\/p>\n<\/div>\n<p style=\"clear: both; text-align: center;\">[\/et_pb_text][\/et_pb_column][et_pb_column type=&#8221;1_2&#8243; _builder_version=&#8221;4.6.1&#8243; _module_preset=&#8221;default&#8221;][et_pb_image src=&#8221;http:\/\/www.hgi-cgs.hr\/wp-content\/uploads\/2020\/09\/2-1.jpg&#8221; title_text=&#8221;2&#8243; _builder_version=&#8221;4.6.1&#8243; _module_preset=&#8221;default&#8221; width=&#8221;99%&#8221; module_alignment=&#8221;left&#8221; custom_margin=&#8221;||||false|false&#8221; custom_padding=&#8221;|50px|||false|false&#8221; border_radii=&#8221;off|5px|5px|5px|5px&#8221; box_shadow_style=&#8221;preset1&#8243; box_shadow_blur=&#8221;15px&#8221;][\/et_pb_image][et_pb_text _builder_version=&#8221;4.6.1&#8243; _module_preset=&#8221;default&#8221; text_font_size=&#8221;13px&#8221; custom_margin=&#8221;-22px|||||&#8221;]<\/p>\n<p style=\"text-align: center;\">Tuhelj (Hrvatsko zagorje): Vrelo u bari<\/p>\n<p>[\/et_pb_text][et_pb_image src=&#8221;http:\/\/www.hgi-cgs.hr\/wp-content\/uploads\/2020\/09\/5.jpg&#8221; title_text=&#8221;5&#8243; _builder_version=&#8221;4.6.1&#8243; _module_preset=&#8221;default&#8221; width=&#8221;50%&#8221; module_alignment=&#8221;center&#8221; border_radii=&#8221;on|5px|5px|5px|5px&#8221; box_shadow_style=&#8221;preset1&#8243; box_shadow_blur=&#8221;15px&#8221;][\/et_pb_image][et_pb_text _builder_version=&#8221;4.6.1&#8243; _module_preset=&#8221;default&#8221; text_font_size=&#8221;13px&#8221; custom_margin=&#8221;-22px|||||&#8221;]<\/p>\n<p style=\"text-align: center;\">Topusko: Bistro vrelo<\/p>\n<p>[\/et_pb_text][\/et_pb_column][\/et_pb_row][et_pb_row _builder_version=&#8221;4.6.1&#8243; _module_preset=&#8221;default&#8221;][et_pb_column type=&#8221;4_4&#8243; _builder_version=&#8221;4.6.1&#8243; _module_preset=&#8221;default&#8221;][et_pb_image src=&#8221;http:\/\/www.hgi-cgs.hr\/wp-content\/uploads\/2020\/09\/4.jpg&#8221; title_text=&#8221;4&#8243; align=&#8221;center&#8221; _builder_version=&#8221;4.6.1&#8243; _module_preset=&#8221;default&#8221; width=&#8221;40%&#8221; module_alignment=&#8221;center&#8221; border_radii=&#8221;on|5px|5px|5px|5px&#8221; box_shadow_style=&#8221;preset1&#8243; box_shadow_blur=&#8221;15px&#8221;][\/et_pb_image][et_pb_text _builder_version=&#8221;4.6.1&#8243; _module_preset=&#8221;default&#8221; text_font_size=&#8221;13px&#8221; custom_margin=&#8221;-22px|||||&#8221;]<\/p>\n<div class=\"foto4a\">\n<p style=\"text-align: center;\">Krapinske Toplice (Hrvatsko zagorje): Jakobova kupelj<\/p>\n<\/div>\n<p style=\"clear: both; text-align: center;\">[\/et_pb_text][\/et_pb_column][\/et_pb_row][\/et_pb_section]<\/p>\n","protected":false},"excerpt":{"rendered":"<p>NOVOSTIMultidisciplinarni pristup izradi konceptualnih modela hidrotermalnih sustava (HyTheC)Financiranje: Hrvatska zaklada za znanost Vrsta: Uspostavni istra\u017eiva\u010dki projekt Trajanje: 5 godina Po\u010detak: 17. velja\u010de 2020. Vrijednost financiranja: 1.999.912,00 kn Voditeljica: dr. sc. Sta\u0161a Borovi\u0107 Panonski dio Hrvatske ima povoljne geotermalne karakteristike, a prirodni izvori termalne vode temperatura do 65 \u00b0C pojavljuju se na dvadesetak lokacija. Te vode [&hellip;]<\/p>\n","protected":false},"author":1,"featured_media":0,"parent":0,"menu_order":0,"comment_status":"closed","ping_status":"closed","template":"","meta":{"_et_pb_use_builder":"on","_et_pb_old_content":"","_et_gb_content_width":"","footnotes":""},"class_list":["post-33231","page","type-page","status-publish","hentry"],"aioseo_notices":[],"_links":{"self":[{"href":"https:\/\/www.hgi-cgs.hr\/en\/wp-json\/wp\/v2\/pages\/33231","targetHints":{"allow":["GET"]}}],"collection":[{"href":"https:\/\/www.hgi-cgs.hr\/en\/wp-json\/wp\/v2\/pages"}],"about":[{"href":"https:\/\/www.hgi-cgs.hr\/en\/wp-json\/wp\/v2\/types\/page"}],"author":[{"embeddable":true,"href":"https:\/\/www.hgi-cgs.hr\/en\/wp-json\/wp\/v2\/users\/1"}],"replies":[{"embeddable":true,"href":"https:\/\/www.hgi-cgs.hr\/en\/wp-json\/wp\/v2\/comments?post=33231"}],"version-history":[{"count":3,"href":"https:\/\/www.hgi-cgs.hr\/en\/wp-json\/wp\/v2\/pages\/33231\/revisions"}],"predecessor-version":[{"id":35539,"href":"https:\/\/www.hgi-cgs.hr\/en\/wp-json\/wp\/v2\/pages\/33231\/revisions\/35539"}],"wp:attachment":[{"href":"https:\/\/www.hgi-cgs.hr\/en\/wp-json\/wp\/v2\/media?parent=33231"}],"curies":[{"name":"wp","href":"https:\/\/api.w.org\/{rel}","templated":true}]}}