{"id":33209,"date":"2020-09-08T10:34:35","date_gmt":"2020-09-08T10:34:35","guid":{"rendered":"http:\/\/www.hgi-cgs.hr\/?page_id=33209"},"modified":"2020-10-15T11:26:23","modified_gmt":"2020-10-15T11:26:23","slug":"godisnje-izvjesce-2019","status":"publish","type":"page","link":"https:\/\/www.hgi-cgs.hr\/en\/godisnje-izvjesce-2019\/","title":{"rendered":"Annual Report 2019"},"content":{"rendered":"<p>[et_pb_section fb_built=&#8221;1&#8243; fullwidth=&#8221;on&#8221; _builder_version=&#8221;4.4.1&#8243; custom_padding=&#8221;0px||0px|||&#8221;][et_pb_fullwidth_slider _builder_version=&#8221;4.4.2&#8243; min_height=&#8221;112px&#8221; height=&#8221;400px&#8221; custom_margin=&#8221;0px||||false|false&#8221; custom_padding=&#8221;0px||18px||false|false&#8221; auto=&#8221;on&#8221; auto_ignore_hover=&#8221;on&#8221; locked=&#8221;off&#8221;][et_pb_slide heading=&#8221;Hrvatski geolo\u0161ki institut&#8221; _builder_version=&#8221;4.4.1&#8243; header_font=&#8221;|||on|||||&#8221; background_image=&#8221;http:\/\/www.hgi-cgs.hr\/wp-content\/uploads\/2020\/03\/Br\u010di\u0107_Drvenik02-scaled.jpg&#8221; background_enable_image=&#8221;on&#8221; locked=&#8221;off&#8221; sticky_transition=&#8221;on&#8221;][\/et_pb_slide][et_pb_slide heading=&#8221;Hrvatski geolo\u0161ki institut&#8221; _builder_version=&#8221;4.4.1&#8243; header_font=&#8221;|||on|||||&#8221; background_image=&#8221;http:\/\/www.hgi-cgs.hr\/wp-content\/uploads\/2020\/03\/ban2-scaled.jpg&#8221; background_enable_image=&#8221;on&#8221; locked=&#8221;off&#8221; sticky_transition=&#8221;on&#8221;][\/et_pb_slide][et_pb_slide heading=&#8221;Hrvatski geolo\u0161ki institut&#8221; _builder_version=&#8221;4.4.1&#8243; header_font=&#8221;|||on|||||&#8221; background_image=&#8221;http:\/\/www.hgi-cgs.hr\/wp-content\/uploads\/2020\/03\/20190228_094232-scaled.jpg&#8221; background_enable_image=&#8221;on&#8221; locked=&#8221;off&#8221; sticky_transition=&#8221;on&#8221;][\/et_pb_slide][et_pb_slide heading=&#8221;Hrvatski geolo\u0161ki institut&#8221; _builder_version=&#8221;4.4.1&#8243; header_font=&#8221;|||on|||||&#8221; background_image=&#8221;http:\/\/www.hgi-cgs.hr\/wp-content\/uploads\/2020\/03\/ban3-scaled.jpg&#8221; background_enable_image=&#8221;on&#8221; locked=&#8221;off&#8221; sticky_transition=&#8221;on&#8221;][\/et_pb_slide][et_pb_slide heading=&#8221;Hrvatski geolo\u0161ki institut&#8221; _builder_version=&#8221;4.4.1&#8243; header_font=&#8221;|||on|||||&#8221; background_image=&#8221;http:\/\/www.hgi-cgs.hr\/wp-content\/uploads\/2020\/03\/Bijele_stijene-Gorski_kotar-scaled.jpg&#8221; background_enable_image=&#8221;on&#8221; locked=&#8221;off&#8221; sticky_transition=&#8221;on&#8221;][\/et_pb_slide][et_pb_slide heading=&#8221;Hrvatski geolo\u0161ki institut&#8221; _builder_version=&#8221;4.4.1&#8243; header_font=&#8221;|||on|||||&#8221; background_image=&#8221;http:\/\/www.hgi-cgs.hr\/wp-content\/uploads\/2020\/03\/ban4-scaled.jpg&#8221; background_enable_image=&#8221;on&#8221; locked=&#8221;off&#8221; sticky_transition=&#8221;on&#8221;][\/et_pb_slide][et_pb_slide heading=&#8221;Hrvatski geolo\u0161ki institut&#8221; _builder_version=&#8221;4.4.1&#8243; header_font=&#8221;|||on|||||&#8221; background_image=&#8221;http:\/\/www.hgi-cgs.hr\/wp-content\/uploads\/2020\/03\/ban5-scaled.jpg&#8221; background_enable_image=&#8221;on&#8221; locked=&#8221;off&#8221; sticky_transition=&#8221;on&#8221;][\/et_pb_slide][\/et_pb_fullwidth_slider][\/et_pb_section][et_pb_section fb_built=&#8221;1&#8243; _builder_version=&#8221;4.4.2&#8243;][et_pb_row _builder_version=&#8221;4.4.2&#8243;][et_pb_column type=&#8221;4_4&#8243; _builder_version=&#8221;4.4.2&#8243;][et_pb_text _builder_version=&#8221;4.6.1&#8243; text_font_size=&#8221;32px&#8221; header_2_text_color=&#8221;#1e5096&#8243;]<\/p>\n<h2 style=\"text-align: center; color: #1e5096;\"><strong>NOVOSTI<\/strong><\/h2>\n<p>[\/et_pb_text][\/et_pb_column][\/et_pb_row][et_pb_row _builder_version=&#8221;4.4.2&#8243;][et_pb_column type=&#8221;4_4&#8243; _builder_version=&#8221;4.4.2&#8243;][et_pb_text _builder_version=&#8221;4.6.1&#8243; text_font_size=&#8221;32px&#8221; header_2_text_color=&#8221;#1e5096&#8243; header_2_line_height=&#8221;1.3em&#8221;]<\/p>\n<h2 style=\"text-align: center; color: #1e5096;\"><strong><em>Godi\u0161nje izvje\u0161\u0107e 2019<br \/><\/em><\/strong><\/h2>\n<p>[\/et_pb_text][\/et_pb_column][\/et_pb_row][\/et_pb_section][et_pb_section fb_built=&#8221;1&#8243; _builder_version=&#8221;4.4.2&#8243; custom_padding=&#8221;20px||41px|||&#8221;][et_pb_row _builder_version=&#8221;4.4.2&#8243; custom_padding=&#8221;0px|||||&#8221;][et_pb_column type=&#8221;4_4&#8243; _builder_version=&#8221;4.4.2&#8243;][et_pb_image src=&#8221;http:\/\/www.hgi-cgs.hr\/wp-content\/uploads\/2020\/09\/HGI-godisnjak_2019-scaled.jpg&#8221; title_text=&#8221;HGI godisnjak_2019&#8243; align=&#8221;center&#8221; align_tablet=&#8221;center&#8221; align_phone=&#8221;&#8221; align_last_edited=&#8221;on|desktop&#8221; _builder_version=&#8221;4.6.1&#8243; width=&#8221;22%&#8221; max_width=&#8221;100%&#8221; module_alignment=&#8221;center&#8221; border_radii=&#8221;off|5px|5px|5px|5px&#8221; box_shadow_style=&#8221;preset1&#8243; box_shadow_blur=&#8221;15px&#8221;][\/et_pb_image][\/et_pb_column][\/et_pb_row][et_pb_row _builder_version=&#8221;4.0.3&#8243; min_height=&#8221;192px&#8221; custom_margin=&#8221;12px|auto||auto||&#8221; custom_padding=&#8221;0px|||||&#8221;][et_pb_column type=&#8221;4_4&#8243; _builder_version=&#8221;4.0.3&#8243;][et_pb_text _builder_version=&#8221;4.6.5&#8243; text_font=&#8221;||||||||&#8221; link_font=&#8221;||||||||&#8221; link_text_color=&#8221;#e09900&#8243; custom_margin=&#8221;18px|||||&#8221; custom_padding=&#8221;|10px||10px|false|true&#8221; hover_enabled=&#8221;0&#8243; sticky_enabled=&#8221;0&#8243;]<\/p>\n<div class=\"col1\">\n<p style=\"text-align: left;\">Godi\u0161nje izvje\u0161\u0107e Hrvatskoga geolo\u0161kog instituta za 2019. godinu iza\u0161lo je iz tiska i dostupno je na poveznici\u00a0<em><a href=\"http:\/\/www.hgi-cgs.hr\/godisnjaci-hgi\/\">http:\/\/www.hgi-cgs.hr\/godisnjaci-hgi\/<\/a> .<\/em><br \/> Koncept izvje\u0161\u0107a nastavlja vi\u0161egodi\u0161nju tradiciju, predstavljaju\u0107i djelatnost u prethodnoj godini kroz \u0161est tematskih cjelina, uz uvodnik ravnatelja.<\/p>\n<p style=\"text-align: left;\">Cjelina <strong>HGI-CGS: organizacija, brojke i \u010dinjenice<\/strong> obuhva\u0107a podatke o organizacijskoj strukturi, zaposlenicima, prora\u010dunu, mre\u017enoj stranici, zavodima HGI-CGS-a i Geolo\u0161koj slu\u017ebi. Tako\u0111er, ovdje se predstavlja i Strategija HGI-CGS-a koja \u0107e usmjeravati djelatnost u razdoblju od 2019. do 2023. godine. Cjelina <strong>Geolo\u0161ke karte \u2013 temeljna djelatnost<\/strong>, daje informacije o \u0161est vrsta geolo\u0161kih karata koje se izra\u0111uju, radovima u okviru tih projekata tijekom 2019. godine te planovima za 2020. U cjelini <strong>Odabrani projekti<\/strong> opisani su zna\u010dajniji me\u0111unarodni i doma\u0107i znanstveni, europski i privredni projekti, po dva iz svakog od zavoda. U \u010detvrtoj cjelini, Publikacije, predstavljen je rad Knji\u017enice HGI-CGS-a, izdanja HGI-CGS-a te bibliografija znanstvenih radova koje su djelatnici instituta objavili tijekom 2019. godine, kao i popis u toj godini izra\u0111enih stru\u010dnih publikacija. U cjelini <strong>Novi doktori znanosti<\/strong> predstavljen je doktorat kolegice D. Brunovi\u0107. Cjelina <strong>Doga\u0111anja<\/strong> prikazuje bitne doga\u0111aje koji su obilje\u017eili pro\u0161lu godinu u HGI-CGS-u: proslava 110. obljetnice postojanja Hrvatskoga geolo\u0161kog instituta te organizacija i odr\u017eavanje 6. hrvatskoga geolo\u0161kog kongresa u Zagrebu.<\/p>\n<p style=\"text-align: left;\">Nadamo se da \u0107ete u\u017eivati u \u010ditanju te nam se javiti ukoliko vas interesiraju dodatne informacije o na\u0161em radu.<\/p>\n<\/div>\n<p>[\/et_pb_text][\/et_pb_column][\/et_pb_row][\/et_pb_section]<\/p>\n","protected":false},"excerpt":{"rendered":"<p>NOVOSTIGodi\u0161nje izvje\u0161\u0107e 2019 Godi\u0161nje izvje\u0161\u0107e Hrvatskoga geolo\u0161kog instituta za 2019. godinu iza\u0161lo je iz tiska i dostupno je na poveznici\u00a0http:\/\/www.hgi-cgs.hr\/godisnjaci-hgi\/ . Koncept izvje\u0161\u0107a nastavlja vi\u0161egodi\u0161nju tradiciju, predstavljaju\u0107i djelatnost u prethodnoj godini kroz \u0161est tematskih cjelina, uz uvodnik ravnatelja. Cjelina HGI-CGS: organizacija, brojke i \u010dinjenice obuhva\u0107a podatke o organizacijskoj strukturi, zaposlenicima, prora\u010dunu, mre\u017enoj stranici, zavodima HGI-CGS-a [&hellip;]<\/p>\n","protected":false},"author":1,"featured_media":0,"parent":0,"menu_order":0,"comment_status":"closed","ping_status":"closed","template":"","meta":{"_et_pb_use_builder":"on","_et_pb_old_content":"","_et_gb_content_width":"","footnotes":""},"class_list":["post-33209","page","type-page","status-publish","hentry"],"aioseo_notices":[],"_links":{"self":[{"href":"https:\/\/www.hgi-cgs.hr\/en\/wp-json\/wp\/v2\/pages\/33209","targetHints":{"allow":["GET"]}}],"collection":[{"href":"https:\/\/www.hgi-cgs.hr\/en\/wp-json\/wp\/v2\/pages"}],"about":[{"href":"https:\/\/www.hgi-cgs.hr\/en\/wp-json\/wp\/v2\/types\/page"}],"author":[{"embeddable":true,"href":"https:\/\/www.hgi-cgs.hr\/en\/wp-json\/wp\/v2\/users\/1"}],"replies":[{"embeddable":true,"href":"https:\/\/www.hgi-cgs.hr\/en\/wp-json\/wp\/v2\/comments?post=33209"}],"version-history":[{"count":4,"href":"https:\/\/www.hgi-cgs.hr\/en\/wp-json\/wp\/v2\/pages\/33209\/revisions"}],"predecessor-version":[{"id":35533,"href":"https:\/\/www.hgi-cgs.hr\/en\/wp-json\/wp\/v2\/pages\/33209\/revisions\/35533"}],"wp:attachment":[{"href":"https:\/\/www.hgi-cgs.hr\/en\/wp-json\/wp\/v2\/media?parent=33209"}],"curies":[{"name":"wp","href":"https:\/\/api.w.org\/{rel}","templated":true}]}}