{"id":33142,"date":"2020-09-07T11:40:19","date_gmt":"2020-09-07T11:40:19","guid":{"rendered":"http:\/\/www.hgi-cgs.hr\/?page_id=33142"},"modified":"2020-10-26T13:22:36","modified_gmt":"2020-10-26T13:22:36","slug":"geoloske-zbirke-i-radionice-u-skolama","status":"publish","type":"page","link":"https:\/\/www.hgi-cgs.hr\/en\/geoloske-zbirke-i-radionice-u-skolama\/","title":{"rendered":"Geological Collections and workshops in schools"},"content":{"rendered":"<p>[et_pb_section fb_built=&#8221;1&#8243; fullwidth=&#8221;on&#8221; _builder_version=&#8221;4.4.1&#8243; custom_padding=&#8221;0px||0px|||&#8221;][et_pb_fullwidth_slider _builder_version=&#8221;4.4.2&#8243; min_height=&#8221;112px&#8221; height=&#8221;400px&#8221; custom_margin=&#8221;0px||||false|false&#8221; custom_padding=&#8221;0px||18px||false|false&#8221; auto=&#8221;on&#8221; auto_ignore_hover=&#8221;on&#8221; locked=&#8221;off&#8221;][et_pb_slide heading=&#8221;Hrvatski geolo\u0161ki institut&#8221; _builder_version=&#8221;4.4.1&#8243; header_font=&#8221;|||on|||||&#8221; background_image=&#8221;http:\/\/www.hgi-cgs.hr\/wp-content\/uploads\/2020\/03\/Br\u010di\u0107_Drvenik02-scaled.jpg&#8221; background_enable_image=&#8221;on&#8221; locked=&#8221;off&#8221; sticky_transition=&#8221;on&#8221;][\/et_pb_slide][et_pb_slide heading=&#8221;Hrvatski geolo\u0161ki institut&#8221; _builder_version=&#8221;4.4.1&#8243; header_font=&#8221;|||on|||||&#8221; background_image=&#8221;http:\/\/www.hgi-cgs.hr\/wp-content\/uploads\/2020\/03\/ban2-scaled.jpg&#8221; background_enable_image=&#8221;on&#8221; locked=&#8221;off&#8221; sticky_transition=&#8221;on&#8221;][\/et_pb_slide][et_pb_slide heading=&#8221;Hrvatski geolo\u0161ki institut&#8221; _builder_version=&#8221;4.4.1&#8243; header_font=&#8221;|||on|||||&#8221; background_image=&#8221;http:\/\/www.hgi-cgs.hr\/wp-content\/uploads\/2020\/03\/20190228_094232-scaled.jpg&#8221; background_enable_image=&#8221;on&#8221; locked=&#8221;off&#8221; sticky_transition=&#8221;on&#8221;][\/et_pb_slide][et_pb_slide heading=&#8221;Hrvatski geolo\u0161ki institut&#8221; _builder_version=&#8221;4.4.1&#8243; header_font=&#8221;|||on|||||&#8221; background_image=&#8221;http:\/\/www.hgi-cgs.hr\/wp-content\/uploads\/2020\/03\/ban3-scaled.jpg&#8221; background_enable_image=&#8221;on&#8221; locked=&#8221;off&#8221; sticky_transition=&#8221;on&#8221;][\/et_pb_slide][et_pb_slide heading=&#8221;Hrvatski geolo\u0161ki institut&#8221; _builder_version=&#8221;4.4.1&#8243; header_font=&#8221;|||on|||||&#8221; background_image=&#8221;http:\/\/www.hgi-cgs.hr\/wp-content\/uploads\/2020\/03\/Bijele_stijene-Gorski_kotar-scaled.jpg&#8221; background_enable_image=&#8221;on&#8221; locked=&#8221;off&#8221; sticky_transition=&#8221;on&#8221;][\/et_pb_slide][et_pb_slide heading=&#8221;Hrvatski geolo\u0161ki institut&#8221; _builder_version=&#8221;4.4.1&#8243; header_font=&#8221;|||on|||||&#8221; background_image=&#8221;http:\/\/www.hgi-cgs.hr\/wp-content\/uploads\/2020\/03\/ban4-scaled.jpg&#8221; background_enable_image=&#8221;on&#8221; locked=&#8221;off&#8221; sticky_transition=&#8221;on&#8221;][\/et_pb_slide][et_pb_slide heading=&#8221;Hrvatski geolo\u0161ki institut&#8221; _builder_version=&#8221;4.4.1&#8243; header_font=&#8221;|||on|||||&#8221; background_image=&#8221;http:\/\/www.hgi-cgs.hr\/wp-content\/uploads\/2020\/03\/ban5-scaled.jpg&#8221; background_enable_image=&#8221;on&#8221; locked=&#8221;off&#8221; sticky_transition=&#8221;on&#8221;][\/et_pb_slide][\/et_pb_fullwidth_slider][\/et_pb_section][et_pb_section fb_built=&#8221;1&#8243; _builder_version=&#8221;4.6.1&#8243; _module_preset=&#8221;default&#8221;][et_pb_row _builder_version=&#8221;4.4.2&#8243; custom_margin=&#8221;15px|auto|19px|auto||&#8221;][et_pb_column type=&#8221;4_4&#8243; _builder_version=&#8221;4.4.2&#8243;][et_pb_text _builder_version=&#8221;4.4.2&#8243; text_font_size=&#8221;32px&#8221; header_2_text_color=&#8221;#1e5096&#8243;]<\/p>\n<h2 style=\"text-align: center; color: #1e5096;\"><strong>GEOLO\u0160KE ZBIRKE I RADIONICE U \u0160KOLAMA<\/strong><\/h2>\n<p>[\/et_pb_text][\/et_pb_column][\/et_pb_row][et_pb_row column_structure=&#8221;1_5,1_5,1_5,1_5,1_5&#8243; use_custom_gutter=&#8221;on&#8221; gutter_width=&#8221;1&#8243; make_equal=&#8221;on&#8221; padding_top_bottom_link_2=&#8221;true&#8221; padding_left_right_link_2=&#8221;true&#8221; _builder_version=&#8221;4.6.6&#8243; width=&#8221;100%&#8221; max_width=&#8221;1500px&#8221; custom_margin=&#8221;-8px|auto|40px|auto||&#8221; custom_padding=&#8221;27px|0px|0|0px|false|false&#8221; hover_enabled=&#8221;0&#8243; sticky_enabled=&#8221;0&#8243;][et_pb_column type=&#8221;1_5&#8243; _builder_version=&#8221;4.6.6&#8243; background_image=&#8221;http:\/\/www.hgi-cgs.hr\/wp-content\/uploads\/2018\/08\/Slika-1.jpg&#8221; custom_padding=&#8221;|||&#8221; link_option_url=&#8221;http:\/\/www.hgi-cgs.hr\/osnovna-skola-ivan-mazuranic\/&#8221; hover_enabled=&#8221;0&#8243; border_radii=&#8221;off|5px|||5px&#8221; box_shadow_style=&#8221;preset1&#8243; custom_padding__hover=&#8221;|||&#8221; sticky_enabled=&#8221;0&#8243;][et_pb_text _builder_version=&#8221;4.6.6&#8243; header_font=&#8221;||||||||&#8221; header_3_font=&#8221;|800|||||||&#8221; header_3_text_color=&#8221;#ffffff&#8221; header_3_font_size=&#8221;26px&#8221; custom_margin=&#8221;250px||2px||false|false&#8221; custom_padding=&#8221;||0px|20px|false|false&#8221; animation_direction=&#8221;left&#8221; link_option_url=&#8221;http:\/\/www.hgi-cgs.hr\/osnovna-skola-ivan-mazuranic\/&#8221; link_option_url_new_window=&#8221;on&#8221; hover_enabled=&#8221;0&#8243; sticky_enabled=&#8221;0&#8243;]<\/p>\n<h3>Osnovna \u0161kola Ivan Ma\u017eurani\u0107<\/h3>\n<p>[\/et_pb_text][\/et_pb_column][et_pb_column type=&#8221;1_5&#8243; _builder_version=&#8221;4.6.6&#8243; background_color=&#8221;#ffffff&#8221; background_image=&#8221;http:\/\/www.hgi-cgs.hr\/wp-content\/uploads\/2018\/08\/slika5-1.jpg&#8221; custom_padding=&#8221;50px|50px|50px|50px&#8221; link_option_url=&#8221;http:\/\/www.hgi-cgs.hr\/skola-mladih-rijeckih-geologa\/&#8221; hover_enabled=&#8221;0&#8243; box_shadow_style=&#8221;preset1&#8243; custom_padding__hover=&#8221;|||&#8221; sticky_enabled=&#8221;0&#8243;][et_pb_text _builder_version=&#8221;4.6.6&#8243; header_font=&#8221;||||||||&#8221; header_3_font=&#8221;|800|||||||&#8221; header_3_text_color=&#8221;#ffffff&#8221; header_3_font_size=&#8221;26px&#8221; custom_margin=&#8221;||0px||false|false&#8221; custom_padding=&#8221;180px||||false|false&#8221; animation_direction=&#8221;left&#8221; link_option_url=&#8221;http:\/\/www.hgi-cgs.hr\/skola-mladih-rijeckih-geologa\/&#8221; link_option_url_new_window=&#8221;on&#8221; hover_enabled=&#8221;0&#8243; sticky_enabled=&#8221;0&#8243;]<\/p>\n<h3>\u0160kola mladih rije\u010dkih geologa<\/h3>\n<p>[\/et_pb_text][\/et_pb_column][et_pb_column type=&#8221;1_5&#8243; _builder_version=&#8221;4.6.6&#8243; background_image=&#8221;http:\/\/www.hgi-cgs.hr\/wp-content\/uploads\/2018\/08\/P1050271.jpg&#8221; custom_padding=&#8221;|||&#8221; link_option_url=&#8221;http:\/\/www.hgi-cgs.hr\/geoloska-radionica-u-eko-vrticu-sisak-stari\/&#8221; hover_enabled=&#8221;0&#8243; border_radii=&#8221;off||5px|5px|&#8221; box_shadow_style=&#8221;preset1&#8243; custom_padding__hover=&#8221;|||&#8221; sticky_enabled=&#8221;0&#8243;][et_pb_text _builder_version=&#8221;4.6.6&#8243; header_font=&#8221;||||||||&#8221; header_3_font=&#8221;|800|||||||&#8221; header_3_text_color=&#8221;#ffffff&#8221; header_3_font_size=&#8221;26px&#8221; width=&#8221;100%&#8221; module_alignment=&#8221;right&#8221; custom_margin=&#8221;250px||-4px||false|false&#8221; custom_padding=&#8221;|||20px|false|false&#8221; animation_direction=&#8221;left&#8221; link_option_url=&#8221;http:\/\/www.hgi-cgs.hr\/geoloska-radionica-u-eko-vrticu-sisak-stari\/&#8221; link_option_url_new_window=&#8221;on&#8221; hover_enabled=&#8221;0&#8243; sticky_enabled=&#8221;0&#8243;]<\/p>\n<h3>Geolo\u0161ka radionica u Eko-vrti\u0107u Sisak Stari<\/h3>\n<p>[\/et_pb_text][\/et_pb_column][et_pb_column type=&#8221;1_5&#8243; _builder_version=&#8221;4.6.6&#8243; background_image=&#8221;http:\/\/www.hgi-cgs.hr\/wp-content\/uploads\/2018\/08\/Slika_12_Otocac.jpg&#8221; custom_padding=&#8221;|||&#8221; link_option_url=&#8221;http:\/\/www.hgi-cgs.hr\/uspostava-geoloske-zbirke-u-osnovnoj-skoli-zrinskih-i-frankopana-u-otoccu\/&#8221; hover_enabled=&#8221;0&#8243; border_radii=&#8221;off||5px|5px|&#8221; box_shadow_style=&#8221;preset1&#8243; custom_padding__hover=&#8221;|||&#8221; sticky_enabled=&#8221;0&#8243;][et_pb_text _builder_version=&#8221;4.6.6&#8243; header_font=&#8221;||||||||&#8221; header_3_font=&#8221;|800|||||||&#8221; header_3_text_color=&#8221;#ffffff&#8221; header_3_font_size=&#8221;26px&#8221; width=&#8221;100%&#8221; module_alignment=&#8221;right&#8221; custom_margin=&#8221;250px||-4px||false|false&#8221; custom_padding=&#8221;|||20px|false|false&#8221; animation_direction=&#8221;left&#8221; link_option_url=&#8221;http:\/\/www.hgi-cgs.hr\/uspostava-geoloske-zbirke-u-osnovnoj-skoli-zrinskih-i-frankopana-u-otoccu\/&#8221; link_option_url_new_window=&#8221;on&#8221; hover_enabled=&#8221;0&#8243; sticky_enabled=&#8221;0&#8243;]<\/p>\n<h3>Osnovna \u0161kola Zrinskih i Frankopana (Oto\u010dac)<\/h3>\n<p>[\/et_pb_text][\/et_pb_column][et_pb_column type=&#8221;1_5&#8243; _builder_version=&#8221;4.6.1&#8243; background_image=&#8221;http:\/\/www.hgi-cgs.hr\/wp-content\/uploads\/2018\/08\/zadar.jpg&#8221; custom_padding=&#8221;|||&#8221; link_option_url=&#8221;http:\/\/www.os-bkasica-zadar.skole.hr\/skola\/projekti\/geolo_ka_zbirka&#8221; border_radii=&#8221;off||5px|5px|&#8221; box_shadow_style=&#8221;preset1&#8243; custom_padding__hover=&#8221;|||&#8221;][et_pb_text _builder_version=&#8221;4.6.1&#8243; header_font=&#8221;||||||||&#8221; header_3_font=&#8221;|800|||||||&#8221; header_3_text_color=&#8221;#ffffff&#8221; header_3_font_size=&#8221;26px&#8221; width=&#8221;100%&#8221; module_alignment=&#8221;right&#8221; custom_margin=&#8221;250px||-4px||false|false&#8221; custom_padding=&#8221;|||20px|false|false&#8221; animation_direction=&#8221;left&#8221; link_option_url=&#8221;http:\/\/www.os-bkasica-zadar.skole.hr\/skola\/projekti\/geolo_ka_zbirka&#8221; link_option_url_new_window=&#8221;on&#8221;]<\/p>\n<h3>Osnovna \u0161kola Bartula Ka\u0161i\u0107a (Zadar)<\/h3>\n<p>[\/et_pb_text][\/et_pb_column][\/et_pb_row][\/et_pb_section]<\/p>\n","protected":false},"excerpt":{"rendered":"<p>GEOLO\u0160KE ZBIRKE I RADIONICE U \u0160KOLAMAOsnovna \u0161kola Ivan Ma\u017eurani\u0107\u0160kola mladih rije\u010dkih geologaGeolo\u0161ka radionica u Eko-vrti\u0107u Sisak StariOsnovna \u0161kola Zrinskih i Frankopana (Oto\u010dac)Osnovna \u0161kola Bartula Ka\u0161i\u0107a (Zadar)<\/p>","protected":false},"author":1,"featured_media":0,"parent":0,"menu_order":0,"comment_status":"closed","ping_status":"closed","template":"","meta":{"_et_pb_use_builder":"on","_et_pb_old_content":"","_et_gb_content_width":"","footnotes":""},"class_list":["post-33142","page","type-page","status-publish","hentry"],"aioseo_notices":[],"_links":{"self":[{"href":"https:\/\/www.hgi-cgs.hr\/en\/wp-json\/wp\/v2\/pages\/33142","targetHints":{"allow":["GET"]}}],"collection":[{"href":"https:\/\/www.hgi-cgs.hr\/en\/wp-json\/wp\/v2\/pages"}],"about":[{"href":"https:\/\/www.hgi-cgs.hr\/en\/wp-json\/wp\/v2\/types\/page"}],"author":[{"embeddable":true,"href":"https:\/\/www.hgi-cgs.hr\/en\/wp-json\/wp\/v2\/users\/1"}],"replies":[{"embeddable":true,"href":"https:\/\/www.hgi-cgs.hr\/en\/wp-json\/wp\/v2\/comments?post=33142"}],"version-history":[{"count":11,"href":"https:\/\/www.hgi-cgs.hr\/en\/wp-json\/wp\/v2\/pages\/33142\/revisions"}],"predecessor-version":[{"id":35974,"href":"https:\/\/www.hgi-cgs.hr\/en\/wp-json\/wp\/v2\/pages\/33142\/revisions\/35974"}],"wp:attachment":[{"href":"https:\/\/www.hgi-cgs.hr\/en\/wp-json\/wp\/v2\/media?parent=33142"}],"curies":[{"name":"wp","href":"https:\/\/api.w.org\/{rel}","templated":true}]}}