{"id":32870,"date":"2020-09-04T12:23:54","date_gmt":"2020-09-04T12:23:54","guid":{"rendered":"http:\/\/www.hgi-cgs.hr\/?page_id=32870"},"modified":"2020-10-13T13:21:53","modified_gmt":"2020-10-13T13:21:53","slug":"cc-waters-2","status":"publish","type":"page","link":"https:\/\/www.hgi-cgs.hr\/en\/cc-waters-2\/","title":{"rendered":"CC-WaterS"},"content":{"rendered":"<p>[et_pb_section fb_built=&#8221;1&#8243; fullwidth=&#8221;on&#8221; _builder_version=&#8221;4.4.1&#8243; custom_padding=&#8221;0px||0px|||&#8221;][et_pb_fullwidth_slider _builder_version=&#8221;4.4.2&#8243; min_height=&#8221;112px&#8221; height=&#8221;400px&#8221; custom_margin=&#8221;0px||||false|false&#8221; custom_padding=&#8221;0px||18px||false|false&#8221; auto=&#8221;on&#8221; auto_ignore_hover=&#8221;on&#8221; locked=&#8221;off&#8221;][et_pb_slide heading=&#8221;Hrvatski geolo\u0161ki institut&#8221; _builder_version=&#8221;4.4.1&#8243; header_font=&#8221;|||on|||||&#8221; background_image=&#8221;http:\/\/www.hgi-cgs.hr\/wp-content\/uploads\/2020\/03\/Br\u010di\u0107_Drvenik02-scaled.jpg&#8221; background_enable_image=&#8221;on&#8221; locked=&#8221;off&#8221; sticky_transition=&#8221;on&#8221;][\/et_pb_slide][et_pb_slide heading=&#8221;Hrvatski geolo\u0161ki institut&#8221; _builder_version=&#8221;4.4.1&#8243; header_font=&#8221;|||on|||||&#8221; background_image=&#8221;http:\/\/www.hgi-cgs.hr\/wp-content\/uploads\/2020\/03\/ban2-scaled.jpg&#8221; background_enable_image=&#8221;on&#8221; locked=&#8221;off&#8221; sticky_transition=&#8221;on&#8221;][\/et_pb_slide][et_pb_slide heading=&#8221;Hrvatski geolo\u0161ki institut&#8221; _builder_version=&#8221;4.4.1&#8243; header_font=&#8221;|||on|||||&#8221; background_image=&#8221;http:\/\/www.hgi-cgs.hr\/wp-content\/uploads\/2020\/03\/20190228_094232-scaled.jpg&#8221; background_enable_image=&#8221;on&#8221; locked=&#8221;off&#8221; sticky_transition=&#8221;on&#8221;][\/et_pb_slide][et_pb_slide heading=&#8221;Hrvatski geolo\u0161ki institut&#8221; _builder_version=&#8221;4.4.1&#8243; header_font=&#8221;|||on|||||&#8221; background_image=&#8221;http:\/\/www.hgi-cgs.hr\/wp-content\/uploads\/2020\/03\/ban3-scaled.jpg&#8221; background_enable_image=&#8221;on&#8221; locked=&#8221;off&#8221; sticky_transition=&#8221;on&#8221;][\/et_pb_slide][et_pb_slide heading=&#8221;Hrvatski geolo\u0161ki institut&#8221; _builder_version=&#8221;4.4.1&#8243; header_font=&#8221;|||on|||||&#8221; background_image=&#8221;http:\/\/www.hgi-cgs.hr\/wp-content\/uploads\/2020\/03\/Bijele_stijene-Gorski_kotar-scaled.jpg&#8221; background_enable_image=&#8221;on&#8221; locked=&#8221;off&#8221; sticky_transition=&#8221;on&#8221;][\/et_pb_slide][et_pb_slide heading=&#8221;Hrvatski geolo\u0161ki institut&#8221; _builder_version=&#8221;4.4.1&#8243; header_font=&#8221;|||on|||||&#8221; background_image=&#8221;http:\/\/www.hgi-cgs.hr\/wp-content\/uploads\/2020\/03\/ban4-scaled.jpg&#8221; background_enable_image=&#8221;on&#8221; locked=&#8221;off&#8221; sticky_transition=&#8221;on&#8221;][\/et_pb_slide][et_pb_slide heading=&#8221;Hrvatski geolo\u0161ki institut&#8221; _builder_version=&#8221;4.4.1&#8243; header_font=&#8221;|||on|||||&#8221; background_image=&#8221;http:\/\/www.hgi-cgs.hr\/wp-content\/uploads\/2020\/03\/ban5-scaled.jpg&#8221; background_enable_image=&#8221;on&#8221; locked=&#8221;off&#8221; sticky_transition=&#8221;on&#8221;][\/et_pb_slide][\/et_pb_fullwidth_slider][\/et_pb_section][et_pb_section fb_built=&#8221;1&#8243; _builder_version=&#8221;4.4.2&#8243;][et_pb_row _builder_version=&#8221;4.4.2&#8243;][et_pb_column type=&#8221;4_4&#8243; _builder_version=&#8221;4.4.2&#8243;][et_pb_text _builder_version=&#8221;4.4.2&#8243; text_font_size=&#8221;32px&#8221; header_2_text_color=&#8221;#1e5096&#8243;]<\/p>\n<h2 style=\"text-align: center; color: #1e5096;\"><strong>ZAVOD ZA GEOLOGIJU I I IN\u017dENJERSKU GEOLOGIJU<\/strong><\/h2>\n<p>[\/et_pb_text][\/et_pb_column][\/et_pb_row][et_pb_row _builder_version=&#8221;4.4.2&#8243;][et_pb_column type=&#8221;4_4&#8243; _builder_version=&#8221;4.4.2&#8243;][et_pb_text _builder_version=&#8221;4.6.1&#8243; text_font_size=&#8221;32px&#8221; header_2_text_color=&#8221;#1e5096&#8243; header_2_line_height=&#8221;1.3em&#8221;]<\/p>\n<h2 style=\"text-align: center; color: #1e5096;\"><strong><\/strong><strong>CC-WaterS &#8211; Klimatske promjene i utjecaj na vodoopskrbu<\/strong><\/h2>\n<p>[\/et_pb_text][et_pb_text _builder_version=&#8221;4.6.5&#8243; header_4_line_height=&#8221;1.3em&#8221;]<\/p>\n<p style=\"text-align: center;\"><strong><em>Koordinator za Hrvatske vode i HGI-CGS: Dr.sc. Josip Terzi\u0107, dipl. ing. geol<\/em><\/strong><\/p>\n<p>[\/et_pb_text][\/et_pb_column][\/et_pb_row][\/et_pb_section][et_pb_section fb_built=&#8221;1&#8243; _builder_version=&#8221;4.4.2&#8243; custom_padding=&#8221;20px||41px|||&#8221;][et_pb_row use_custom_gutter=&#8221;on&#8221; gutter_width=&#8221;1&#8243; make_equal=&#8221;on&#8221; disabled_on=&#8221;off|off|off&#8221; _builder_version=&#8221;4.6.1&#8243; background_color=&#8221;#ffffff&#8221; background_size=&#8221;initial&#8221; background_position=&#8221;top_left&#8221; background_repeat=&#8221;repeat&#8221; custom_padding=&#8221;0px|0px|0px|0px&#8221; animation_direction=&#8221;right&#8221;][et_pb_column type=&#8221;4_4&#8243; _builder_version=&#8221;3.25&#8243; background_color=&#8221;#ffffff&#8221; custom_padding=&#8221;|||&#8221; custom_padding__hover=&#8221;|||&#8221;][et_pb_image src=&#8221;http:\/\/www.hgi-cgs.hr\/wp-content\/uploads\/2018\/08\/cc.jpg&#8221; align=&#8221;center&#8221; align_tablet=&#8221;center&#8221; align_phone=&#8221;&#8221; align_last_edited=&#8221;on|desktop&#8221; _builder_version=&#8221;4.6.1&#8243; max_width=&#8221;45%&#8221; module_alignment=&#8221;center&#8221;][\/et_pb_image][et_pb_text _builder_version=&#8221;4.6.5&#8243; text_font=&#8221;||||||||&#8221; link_font=&#8221;||||||||&#8221; link_text_color=&#8221;#e09900&#8243; custom_margin=&#8221;35px||22px|||&#8221; custom_padding=&#8221;|||&#8221; hover_enabled=&#8221;0&#8243; sticky_enabled=&#8221;0&#8243;]<\/p>\n<p style=\"text-align: left;\">Projekt poznat pod akronimom CC WaterS financira Europska Unija, a rije\u010d je o projektu iz programa transnacionalne suradnje jugoisto\u010dne Europe (South East Europe, Transnational cooperation programme; SEE-TC). Vode\u0107i partner u projektu je Be\u010dki vodovod iz Austrije. U projektu sudjeluje 18 partnerskih institucija iz 9 zemalja regije, a to su: Austrija (3 partnera), Slovenija (3), Ma\u0111arska (1), Italija (1), Rumunjska (3), Bugarska (1), Gr\u010dka (3), Hrvatska (1) i Srbija (2). Partner u hrvatskom dijelu projekta su Hrvatske vode (HV), a HGI-CGS za njihove potrebe izvodi istra\u017eivanja.<\/p>\n<p>[\/et_pb_text][et_pb_image src=&#8221;http:\/\/www.hgi-cgs.hr\/wp-content\/uploads\/2018\/08\/see-map.jpg&#8221; align=&#8221;center&#8221; align_tablet=&#8221;center&#8221; align_phone=&#8221;&#8221; align_last_edited=&#8221;on|desktop&#8221; _builder_version=&#8221;4.6.5&#8243; module_alignment=&#8221;center&#8221; hover_enabled=&#8221;0&#8243; border_radii=&#8221;on|5px|5px|5px|5px&#8221; box_shadow_style=&#8221;preset1&#8243; box_shadow_blur=&#8221;15px&#8221; sticky_enabled=&#8221;0&#8243;][\/et_pb_image][et_pb_text _builder_version=&#8221;4.6.5&#8243; text_font=&#8221;||||||||&#8221; text_font_size=&#8221;13px&#8221; text_orientation=&#8221;center&#8221; max_width=&#8221;85%&#8221; module_alignment=&#8221;center&#8221; hover_enabled=&#8221;0&#8243; sticky_enabled=&#8221;0&#8243;]Prostor SEE s lokacijama partnera uklju\u010denih u CC-WaterS. [\/et_pb_text][et_pb_text _builder_version=&#8221;4.6.5&#8243; text_font=&#8221;||||||||&#8221; custom_margin=&#8221;28px||18px|||&#8221; custom_padding=&#8221;|||&#8221; hover_enabled=&#8221;0&#8243; sticky_enabled=&#8221;0&#8243;]<\/p>\n<p style=\"text-align: left;\">Projekt se bavi istra\u017eivanjem utjecaja klimatskih promjena na vodoopskrbu. U projektu sudjeluju stru\u010dnjaci HGI-CGS, stru\u010dnjaci HV i vanjski suradnici. Istra\u017eivanja su usmjerena na tri pokusne lokacije (Vransko jezero na otoku Cresu, Bokanja\u010dko blato kod Zadra i Blatsko polje na otoku Kor\u010duli). U priobalnim i oto\u010dkim kr\u0161kim sustavima najve\u0107u opasnost po kakvo\u0107u vode \u010dini podzemni prodor mora u vodonosnik, a ukoliko se zbog klimatskih promjena smanje dotoci slatke vode, intruzija mora \u0107e se pove\u0107ati. Stoga je opasnost od nepovoljnog utjecaja smanjenja oborina ili povi\u0161enja temperature zraka u ovakvim zonama ve\u0107a nego u kontinentalnim podru\u010djima. Stoga je istra\u017eivanje vodnih bilanci u postoje\u0107im uvjetima i u uvjetima nakon mogu\u0107ih klimatskih promjena najva\u017eniji dio projekta. Hrvatski istra\u017eiva\u010di \u0107e, osim navedenog istra\u017eivanja recentnih promjena, obaviti dodatno istra\u017eivanje klimatskih varijacija\/promjena kroz gotovo cijeli holocen. Na taj na\u010din mogu\u0107e je zaklju\u010diti jesu li se ovakve varijacije klime doga\u0111ale i u nedavnoj geolo\u0161koj pro\u0161losti, te je li mogu\u0107e recentne trendove tuma\u010diti kao dio dugotrajnijih klimatskih varijacija ili \u010dovjek doista te promjene uzrokuje i\/ili ubrzava.<\/p>\n<p>[\/et_pb_text][et_pb_image src=&#8221;http:\/\/www.hgi-cgs.hr\/wp-content\/uploads\/2018\/08\/see-project.jpg&#8221; align=&#8221;center&#8221; align_tablet=&#8221;center&#8221; align_phone=&#8221;&#8221; align_last_edited=&#8221;on|desktop&#8221; _builder_version=&#8221;4.6.5&#8243; max_width=&#8221;40%&#8221; module_alignment=&#8221;center&#8221; hover_enabled=&#8221;0&#8243; border_radii=&#8221;on|5px|5px|5px|5px&#8221; box_shadow_style=&#8221;preset1&#8243; box_shadow_blur=&#8221;15px&#8221; sticky_enabled=&#8221;0&#8243;][\/et_pb_image][et_pb_text _builder_version=&#8221;4.6.5&#8243; text_font=&#8221;||||||||&#8221; custom_margin=&#8221;35px|||&#8221; custom_padding=&#8221;|||&#8221; hover_enabled=&#8221;0&#8243; sticky_enabled=&#8221;0&#8243;]<\/p>\n<p style=\"text-align: left;\">Koordinator projekta je dr. sc. Gerhard Kuschnig iz Be\u010dkog vodovoda. Koordinator projekta u Hrvatskoj je dr. sc. Josip Terzi\u0107 (HGI-CGS; postavljen od HV), predstavnici u znanstvenom odboru su dr. sc. Sini\u0161a \u0160irac (HV) i dr. sc. \u017deljka Brki\u0107 (HGI-CGS), a u upravlja\u010dkom odboru Mojca Luk\u0161i\u0107 (HV). Pojedine radne pakete u kojima sudjeluje hrvatski partner koordiniraju dr. sc. Slobodan Miko, dr. sc. Josip Terzi\u0107, mr. sc. Ozren Hasan i dr. sc. Tamara Markovi\u0107. Osim njih na projektu sudjeluje vi\u0161e istra\u017eiva\u010da iz HGI-CGS, od kojih va\u017eniju ulogu imaju jo\u0161: Mladen Kuhta, dr. sc. Koraljka Bakra\u010d, mr. sc. Martina \u0160parica Miko, mr. sc. Jasmina Reberski Luka\u010d, Nikolina Ilijani\u0107 i Mario Doli\u0107. Va\u017eno je napomenuti kako u izvedbi ovog projekta sudjeluju istra\u017eiva\u010di svih triju zavoda HGI-CGS.<\/p>\n<p>[\/et_pb_text][et_pb_text _builder_version=&#8221;4.6.5&#8243; text_font=&#8221;||||||||&#8221; link_font=&#8221;||||||||&#8221; link_text_color=&#8221;#e09900&#8243; custom_margin=&#8221;35px||22px|||&#8221; custom_padding=&#8221;|||&#8221; hover_enabled=&#8221;0&#8243; sticky_enabled=&#8221;0&#8243;]<\/p>\n<p style=\"text-align: left;\"><strong>Partneri :<\/strong><\/p>\n<p style=\"text-align: left;\"><em>Partneri financirani od strane Europskog fonda za regionalni razvitak:<\/em><br \/> <em><a href=\"https:\/\/www.wien.gv.at\/wienwasser\/\"><strong>Lead Partner:<\/strong><\/a><\/em> Municipality of the City of Vienna, Waterworks, Austria<br \/> <a href=\"https:\/\/www.bmnt.gv.at\/\"><em>Partner 1:<\/em><\/a> Federal Ministry for Agriculture, Forestry, Environment and Water Management, Vienna, Austria<br \/> <a href=\"https:\/\/waidhofen.at\/\"><em>Partner 2:<\/em><\/a> Municipality of Waidhofen an der Ybbs, Austria<br \/> Partner 3: Ministry of Spatial planning and Environment, Ljubljana, Slovenia<br \/> <a href=\"https:\/\/www.uni-lj.si\/eng\/\"><em>Partner 4:<\/em><\/a> University of Ljubljana, Slovenia<br \/> Partner 5: Public Company for Water Supply and Waste Water Disposal Ljubljana, Slovenia<br \/> <a href=\"http:\/\/www.vkki.hu\/\"><em>Partner 6:<\/em><\/a> Central Directorate for Water and Environment, Budapest, Hungary<br \/> <a href=\"http:\/\/www3.regione.molise.it\/flex\/cm\/pages\/ServeBLOB.php\/L\/IT\/IDPagina\/1\"><em>Partner 7:<\/em><\/a> Regional Administration of Molise, Campobasso, Italy<br \/> <a href=\"http:\/\/www.geoinst.ro\/\"><em>Partner 8:<\/em><\/a> Academy of Romania, Institute of Geography, Bucharest, Romania<br \/> <a href=\"http:\/\/www.meteoromania.ro\/anm2\/\"><em>Partner 9:<\/em><\/a> National Meteorological Administration, Bucharest, Romania<br \/> Partner 10: National Institute for Hydrology and Water Management, Bucharest, Romania<br \/> Partner 11: Executive Forest Agency of the Ministry of Agriculture and Food, Sofia, Bulgaria<br \/> Partner 12: Thessaloniki Water Supply &amp; Sewerage Co sa, Greece<br \/> <a href=\"http:\/\/www.adep.gr\/site\/\"><em>Partner 13:<\/em><\/a> Municipal Enterprise for Planning and Development of Patras s.a., Greece<br \/> <a href=\"http:\/\/www.auth.gr\/\">Partner 14:<\/a> Aristotle University of Thessaloniki, Department of Civil Engineering, Greece<br \/> <em><a href=\"http:\/\/www.voda.hr\/\">10% Partner<\/a><\/em>(financed by the Lead Partner): Croatian Waters, Zagreb, Croatia<\/p>\n<p style=\"text-align: left;\"><em>Partneri financirani od strane predpristupnih fondova:<\/em><br \/> <a href=\"http:\/\/www.rgf.bg.ac.rs\/\"><em>IPA Partner 1:<\/em><\/a> University of Belgrade, Faculty of Mining and Geology, Serbia<br \/> IPA Partner 2: Jaroslav Cerni Institute for Development of Water Resources, Belgrade, Serbia<\/p>\n<p>[\/et_pb_text][et_pb_image src=&#8221;http:\/\/www.hgi-cgs.hr\/wp-content\/uploads\/2018\/08\/bec.jpg&#8221; align=&#8221;center&#8221; align_tablet=&#8221;center&#8221; align_phone=&#8221;&#8221; align_last_edited=&#8221;on|desktop&#8221; _builder_version=&#8221;4.6.5&#8243; max_width=&#8221;50%&#8221; module_alignment=&#8221;center&#8221; hover_enabled=&#8221;0&#8243; border_radii=&#8221;on|5px|5px|5px|5px&#8221; box_shadow_style=&#8221;preset1&#8243; box_shadow_blur=&#8221;15px&#8221; sticky_enabled=&#8221;0&#8243;][\/et_pb_image][et_pb_text _builder_version=&#8221;4.6.1&#8243; text_font=&#8221;||||||||&#8221; text_font_size=&#8221;13px&#8221; text_orientation=&#8221;center&#8221; max_width=&#8221;85%&#8221; module_alignment=&#8221;center&#8221;]<\/p>\n<p>CC-WaterS radionica u Be\u010du<\/p>\n<p>[\/et_pb_text][\/et_pb_column][\/et_pb_row][\/et_pb_section]<\/p>\n","protected":false},"excerpt":{"rendered":"<p>ZAVOD ZA GEOLOGIJU I I IN\u017dENJERSKU GEOLOGIJUCC-WaterS &#8211; Klimatske promjene i utjecaj na vodoopskrbuKoordinator za Hrvatske vode i HGI-CGS: Dr.sc. Josip Terzi\u0107, dipl. ing. geolProjekt poznat pod akronimom CC WaterS financira Europska Unija, a rije\u010d je o projektu iz programa transnacionalne suradnje jugoisto\u010dne Europe (South East Europe, Transnational cooperation programme; SEE-TC). Vode\u0107i partner u projektu [&hellip;]<\/p>\n","protected":false},"author":1,"featured_media":0,"parent":0,"menu_order":0,"comment_status":"closed","ping_status":"closed","template":"","meta":{"_et_pb_use_builder":"on","_et_pb_old_content":"","_et_gb_content_width":"","footnotes":""},"class_list":["post-32870","page","type-page","status-publish","hentry"],"aioseo_notices":[],"_links":{"self":[{"href":"https:\/\/www.hgi-cgs.hr\/en\/wp-json\/wp\/v2\/pages\/32870","targetHints":{"allow":["GET"]}}],"collection":[{"href":"https:\/\/www.hgi-cgs.hr\/en\/wp-json\/wp\/v2\/pages"}],"about":[{"href":"https:\/\/www.hgi-cgs.hr\/en\/wp-json\/wp\/v2\/types\/page"}],"author":[{"embeddable":true,"href":"https:\/\/www.hgi-cgs.hr\/en\/wp-json\/wp\/v2\/users\/1"}],"replies":[{"embeddable":true,"href":"https:\/\/www.hgi-cgs.hr\/en\/wp-json\/wp\/v2\/comments?post=32870"}],"version-history":[{"count":6,"href":"https:\/\/www.hgi-cgs.hr\/en\/wp-json\/wp\/v2\/pages\/32870\/revisions"}],"predecessor-version":[{"id":35314,"href":"https:\/\/www.hgi-cgs.hr\/en\/wp-json\/wp\/v2\/pages\/32870\/revisions\/35314"}],"wp:attachment":[{"href":"https:\/\/www.hgi-cgs.hr\/en\/wp-json\/wp\/v2\/media?parent=32870"}],"curies":[{"name":"wp","href":"https:\/\/api.w.org\/{rel}","templated":true}]}}