{"id":31949,"date":"2020-06-10T10:43:25","date_gmt":"2020-06-10T10:43:25","guid":{"rendered":"http:\/\/www.hgi-cgs.hr\/?page_id=31949"},"modified":"2020-11-26T11:20:43","modified_gmt":"2020-11-26T11:20:43","slug":"osnovna-inzenjerskogeoloska-karta","status":"publish","type":"page","link":"https:\/\/www.hgi-cgs.hr\/en\/osnovna-inzenjerskogeoloska-karta\/","title":{"rendered":"Basic Engineering Geological Map"},"content":{"rendered":"<p>[et_pb_section fb_built=&#8221;1&#8243; fullwidth=&#8221;on&#8221; _builder_version=&#8221;4.4.1&#8243; custom_padding=&#8221;0px||0px|||&#8221;][et_pb_fullwidth_slider _builder_version=&#8221;4.4.2&#8243; min_height=&#8221;112px&#8221; height=&#8221;400px&#8221; custom_margin=&#8221;0px||||false|false&#8221; custom_padding=&#8221;0px||18px||false|false&#8221; auto=&#8221;on&#8221; auto_ignore_hover=&#8221;on&#8221; locked=&#8221;off&#8221;][et_pb_slide heading=&#8221;Hrvatski geolo\u0161ki institut&#8221; _builder_version=&#8221;4.4.1&#8243; header_font=&#8221;|||on|||||&#8221; background_image=&#8221;https:\/\/www.hgi-cgs.hr\/wp-content\/uploads\/2020\/03\/Br\u010di\u0107_Drvenik02-scaled.jpg&#8221; background_enable_image=&#8221;on&#8221; locked=&#8221;off&#8221; sticky_transition=&#8221;on&#8221;][\/et_pb_slide][et_pb_slide heading=&#8221;Hrvatski geolo\u0161ki institut&#8221; _builder_version=&#8221;4.4.1&#8243; header_font=&#8221;|||on|||||&#8221; background_image=&#8221;https:\/\/www.hgi-cgs.hr\/wp-content\/uploads\/2020\/03\/ban2-scaled.jpg&#8221; background_enable_image=&#8221;on&#8221; locked=&#8221;off&#8221; sticky_transition=&#8221;on&#8221;][\/et_pb_slide][et_pb_slide heading=&#8221;Hrvatski geolo\u0161ki institut&#8221; _builder_version=&#8221;4.4.1&#8243; header_font=&#8221;|||on|||||&#8221; background_image=&#8221;https:\/\/www.hgi-cgs.hr\/wp-content\/uploads\/2020\/03\/20190228_094232-scaled.jpg&#8221; background_enable_image=&#8221;on&#8221; locked=&#8221;off&#8221; sticky_transition=&#8221;on&#8221;][\/et_pb_slide][et_pb_slide heading=&#8221;Hrvatski geolo\u0161ki institut&#8221; _builder_version=&#8221;4.4.1&#8243; header_font=&#8221;|||on|||||&#8221; background_image=&#8221;https:\/\/www.hgi-cgs.hr\/wp-content\/uploads\/2020\/03\/ban3-scaled.jpg&#8221; background_enable_image=&#8221;on&#8221; locked=&#8221;off&#8221; sticky_transition=&#8221;on&#8221;][\/et_pb_slide][et_pb_slide heading=&#8221;Hrvatski geolo\u0161ki institut&#8221; _builder_version=&#8221;4.4.1&#8243; header_font=&#8221;|||on|||||&#8221; background_image=&#8221;https:\/\/www.hgi-cgs.hr\/wp-content\/uploads\/2020\/03\/Bijele_stijene-Gorski_kotar-scaled.jpg&#8221; background_enable_image=&#8221;on&#8221; locked=&#8221;off&#8221; sticky_transition=&#8221;on&#8221;][\/et_pb_slide][et_pb_slide heading=&#8221;Hrvatski geolo\u0161ki institut&#8221; _builder_version=&#8221;4.4.1&#8243; header_font=&#8221;|||on|||||&#8221; background_image=&#8221;https:\/\/www.hgi-cgs.hr\/wp-content\/uploads\/2020\/03\/ban4-scaled.jpg&#8221; background_enable_image=&#8221;on&#8221; locked=&#8221;off&#8221; sticky_transition=&#8221;on&#8221;][\/et_pb_slide][et_pb_slide heading=&#8221;Hrvatski geolo\u0161ki institut&#8221; _builder_version=&#8221;4.4.1&#8243; header_font=&#8221;|||on|||||&#8221; background_image=&#8221;https:\/\/www.hgi-cgs.hr\/wp-content\/uploads\/2020\/03\/ban5-scaled.jpg&#8221; background_enable_image=&#8221;on&#8221; locked=&#8221;off&#8221; sticky_transition=&#8221;on&#8221;][\/et_pb_slide][\/et_pb_fullwidth_slider][\/et_pb_section][et_pb_section fb_built=&#8221;1&#8243; _builder_version=&#8221;4.4.2&#8243; custom_padding=&#8221;26px||0px|||&#8221;][et_pb_row _builder_version=&#8221;4.4.2&#8243; custom_padding=&#8221;||2px|||&#8221;][et_pb_column type=&#8221;4_4&#8243; _builder_version=&#8221;4.4.2&#8243;][et_pb_text _builder_version=&#8221;4.6.5&#8243; text_font_size=&#8221;32px&#8221; header_2_text_color=&#8221;#1e5096&#8243; custom_margin=&#8221;||25px|||&#8221;]<\/p>\n<h2 style=\"text-align: center; color: #1e5096;\"><strong>ZAVOD ZA HIDROGEOLOGIJU I IN\u017dENJERSKU GEOLOGIJU<br \/><\/strong><\/h2>\n<h2 style=\"text-align: center; color: #1e5096;\"><strong>Program geolo\u0161kih karata<\/strong><\/h2>\n<p>[\/et_pb_text][et_pb_text _builder_version=&#8221;4.6.5&#8243; text_font_size=&#8221;32px&#8221; header_2_text_color=&#8221;#1e5096&#8243; header_2_line_height=&#8221;1.2em&#8221; header_4_line_height=&#8221;1.3em&#8221;]<\/p>\n<h4 style=\"text-align: center;\"><strong>Osnovna in\u017eenjerskogeolo\u0161ka karta<\/strong><\/h4>\n<p>[\/et_pb_text][\/et_pb_column][\/et_pb_row][\/et_pb_section][et_pb_section fb_built=&#8221;1&#8243; _builder_version=&#8221;4.4.2&#8243; custom_padding=&#8221;0px||41px|||&#8221;][et_pb_row use_custom_gutter=&#8221;on&#8221; gutter_width=&#8221;1&#8243; make_equal=&#8221;on&#8221; disabled_on=&#8221;off|off|off&#8221; _builder_version=&#8221;3.25&#8243; background_color=&#8221;#ffffff&#8221; background_size=&#8221;initial&#8221; background_position=&#8221;top_left&#8221; background_repeat=&#8221;repeat&#8221; custom_padding=&#8221;22px|0px|13px|0px|false|false&#8221; animation_direction=&#8221;right&#8221;][et_pb_column type=&#8221;4_4&#8243; _builder_version=&#8221;3.25&#8243; background_color=&#8221;#ffffff&#8221; custom_padding=&#8221;|||&#8221; custom_padding__hover=&#8221;|||&#8221;][et_pb_text _builder_version=&#8221;4.6.5&#8243; width=&#8221;90%&#8221; module_alignment=&#8221;center&#8221; custom_margin=&#8221;||||false|false&#8221; custom_padding=&#8221;||||false|false&#8221;]<\/p>\n<p style=\"text-align: left;\">Osnovne in\u017eenjerskogeolo\u0161ke karte (OIGK) su vi\u0161enamjenske sintetizirane in\u017eenjerskogeolo\u0161ke karte razli\u010ditih, uglavnom sitnih i srednjih mjerila (1:25 000 i sitnijih), koje omogu\u0107avaju razvoj i izgradnju Republike Hrvatske u skladu s geolo\u0161kom sredinom i na taj na\u010din osiguravaju sigurnost, trajnost i ekonomi\u010dnost objekata, a posebno za\u0161titu okoli\u0161a. Infrastrukturni razvoj Republike Hrvatske neminovno zahtijeva antropogene intervencije unutar prostora (stambena naselja, prometnice, povr\u0161inski i podzemni rudarski kopovi, odlagali\u0161ta otpada, akumulacije, retencije i dr.), pri \u010demu je va\u017ena primjena spoznaja o in\u017eenjerskogeolo\u0161kim zna\u010dajkama i procesima u istra\u017eivanom podru\u010dju.<\/p>\n<p style=\"text-align: left;\">U sklopu OIGK tako\u0111er se rade istra\u017eivanja i analize in\u017eenjerskogeolo\u0161kih pojava i procesa koji ugro\u017eavaju sigurnost ljudi imovine (geolo\u0161ki hazardi).<\/p>\n<p style=\"text-align: left;\">Rezultati istra\u017eivanja na OIGK mogu se koristiti u dru\u0161tvu i gospodarstvu pri izradi: dr\u017eavnih, \u017eupanijskih, gradskih i op\u0107inskih prostornih planova; karata podlo\u017enosti na IG procese; karata hazarda i rizika; mikroseizmi\u010dkih zonacija; idejnih projekata u gra\u0111evinarstvu, rudarstvu, elektroprivredi, vodoprivredi; izradi studija utjecaj na okoli\u0161; za\u0161titi okoli\u0161a te ocjeni pogodnosti terena za izgradnju kapitalnih infrastrukturnih objekata.<\/p>\n<p style=\"text-align: left;\">S obzirom da poku\u0161aj osiguravanja programskog financiranja OIGK nije uspio, aktivnosti na ovom temeljnom projektu financirane su isklju\u010divo iz vlastitih izvora. Aktivnosti se zbog toga uglavnom baziraju na prikupljanju i pohrani podataka koji \u0107e se nakon eventualnog dugotrajnog i stabilnog financiranja mo\u0107i koristiti za izradu osnovnih in\u017eenjerskogeolo\u0161kih karata.<\/p>\n<p style=\"text-align: left;\">Zbog toga se i dalje iz ostalih projekata prikupljaju i pohranjuju podaci o karakteristi\u010dnim i specifi\u010dnim IG zna\u010dajkama jedinica i kompleksa, i izra\u0111uju katastri in\u017eenjerskogeolo\u0161kih procesa i pojava koji mogu poslu\u017eiti za izradu OIGK. Tako je nastavljeno <strong>popunjavanje katastra klizi\u0161ta <\/strong>na web-portalu \u201ePrijavi klizi\u0161te\u201c (<em><a href=\"https:\/\/arcg.is\/1v41GD\">https:\/\/arcg.is\/1v41GD<\/a><\/em>), a izra\u0111uju se karte i upute za izradu karata podlo\u017enosti geohazardnim procesima u sitnom mjerilu.<\/p>\n<p>[\/et_pb_text][\/et_pb_column][\/et_pb_row][et_pb_row column_structure=&#8221;1_2,1_2&#8243; _builder_version=&#8221;4.4.8&#8243;][et_pb_column type=&#8221;1_2&#8243; _builder_version=&#8221;4.4.8&#8243;][et_pb_image src=&#8221;https:\/\/www.hgi-cgs.hr\/wp-content\/uploads\/2020\/06\/Baza-tocaka.jpg&#8221; title_text=&#8221;Baza-tocaka&#8221; align=&#8221;right&#8221; _builder_version=&#8221;4.4.8&#8243; width=&#8221;70%&#8221; module_alignment=&#8221;center&#8221; custom_padding=&#8221;||||false|false&#8221;][\/et_pb_image][\/et_pb_column][et_pb_column type=&#8221;1_2&#8243; _builder_version=&#8221;4.4.8&#8243;][et_pb_image src=&#8221;https:\/\/www.hgi-cgs.hr\/wp-content\/uploads\/2020\/06\/Prijavi-kliziste.jpg&#8221; title_text=&#8221;Prijavi-kliziste&#8221; _builder_version=&#8221;4.7.4&#8243; custom_padding=&#8221;|50px|||false|false&#8221; hover_enabled=&#8221;0&#8243; url=&#8221;https:\/\/gdidemo.maps.arcgis.com\/apps\/StoryMapCrowdsource\/index.html?appid=c8c4a5e754634f2db465fe08e09f6d81&#8243; sticky_enabled=&#8221;0&#8243;][\/et_pb_image][\/et_pb_column][\/et_pb_row][\/et_pb_section]<\/p>\n","protected":false},"excerpt":{"rendered":"<p>ZAVOD ZA HIDROGEOLOGIJU I IN\u017dENJERSKU GEOLOGIJU Program geolo\u0161kih karataOsnovna in\u017eenjerskogeolo\u0161ka kartaOsnovne in\u017eenjerskogeolo\u0161ke karte (OIGK) su vi\u0161enamjenske sintetizirane in\u017eenjerskogeolo\u0161ke karte razli\u010ditih, uglavnom sitnih i srednjih mjerila (1:25 000 i sitnijih), koje omogu\u0107avaju razvoj i izgradnju Republike Hrvatske u skladu s geolo\u0161kom sredinom i na taj na\u010din osiguravaju sigurnost, trajnost i ekonomi\u010dnost objekata, a posebno za\u0161titu okoli\u0161a. [&hellip;]<\/p>\n","protected":false},"author":1,"featured_media":0,"parent":0,"menu_order":0,"comment_status":"closed","ping_status":"closed","template":"","meta":{"_et_pb_use_builder":"on","_et_pb_old_content":"","_et_gb_content_width":"","footnotes":""},"class_list":["post-31949","page","type-page","status-publish","hentry"],"aioseo_notices":[],"_links":{"self":[{"href":"https:\/\/www.hgi-cgs.hr\/en\/wp-json\/wp\/v2\/pages\/31949","targetHints":{"allow":["GET"]}}],"collection":[{"href":"https:\/\/www.hgi-cgs.hr\/en\/wp-json\/wp\/v2\/pages"}],"about":[{"href":"https:\/\/www.hgi-cgs.hr\/en\/wp-json\/wp\/v2\/types\/page"}],"author":[{"embeddable":true,"href":"https:\/\/www.hgi-cgs.hr\/en\/wp-json\/wp\/v2\/users\/1"}],"replies":[{"embeddable":true,"href":"https:\/\/www.hgi-cgs.hr\/en\/wp-json\/wp\/v2\/comments?post=31949"}],"version-history":[{"count":9,"href":"https:\/\/www.hgi-cgs.hr\/en\/wp-json\/wp\/v2\/pages\/31949\/revisions"}],"predecessor-version":[{"id":37116,"href":"https:\/\/www.hgi-cgs.hr\/en\/wp-json\/wp\/v2\/pages\/31949\/revisions\/37116"}],"wp:attachment":[{"href":"https:\/\/www.hgi-cgs.hr\/en\/wp-json\/wp\/v2\/media?parent=31949"}],"curies":[{"name":"wp","href":"https:\/\/api.w.org\/{rel}","templated":true}]}}