{"id":31942,"date":"2020-06-10T09:56:38","date_gmt":"2020-06-10T09:56:38","guid":{"rendered":"http:\/\/www.hgi-cgs.hr\/?page_id=31942"},"modified":"2020-11-19T08:55:17","modified_gmt":"2020-11-19T08:55:17","slug":"osnovna-hidrogeoloska-karta-republike-hrvatske-1100-000","status":"publish","type":"page","link":"https:\/\/www.hgi-cgs.hr\/en\/osnovna-hidrogeoloska-karta-republike-hrvatske-1100-000\/","title":{"rendered":"Osnovna hidrogeolo\u0161ka karta Republike Hrvatske 1:100.000"},"content":{"rendered":"<p>[et_pb_section fb_built=&#8221;1&#8243; fullwidth=&#8221;on&#8221; _builder_version=&#8221;4.4.1&#8243; custom_padding=&#8221;0px||0px|||&#8221;][et_pb_fullwidth_slider _builder_version=&#8221;4.4.2&#8243; min_height=&#8221;112px&#8221; height=&#8221;400px&#8221; custom_margin=&#8221;0px||||false|false&#8221; custom_padding=&#8221;0px||18px||false|false&#8221; auto=&#8221;on&#8221; auto_ignore_hover=&#8221;on&#8221; locked=&#8221;off&#8221;][et_pb_slide heading=&#8221;Hrvatski geolo\u0161ki institut&#8221; _builder_version=&#8221;4.4.1&#8243; header_font=&#8221;|||on|||||&#8221; background_image=&#8221;https:\/\/www.hgi-cgs.hr\/wp-content\/uploads\/2020\/03\/Br\u010di\u0107_Drvenik02-scaled.jpg&#8221; background_enable_image=&#8221;on&#8221; locked=&#8221;off&#8221; sticky_transition=&#8221;on&#8221;][\/et_pb_slide][et_pb_slide heading=&#8221;Hrvatski geolo\u0161ki institut&#8221; _builder_version=&#8221;4.4.1&#8243; header_font=&#8221;|||on|||||&#8221; background_image=&#8221;https:\/\/www.hgi-cgs.hr\/wp-content\/uploads\/2020\/03\/ban2-scaled.jpg&#8221; background_enable_image=&#8221;on&#8221; locked=&#8221;off&#8221; sticky_transition=&#8221;on&#8221;][\/et_pb_slide][et_pb_slide heading=&#8221;Hrvatski geolo\u0161ki institut&#8221; _builder_version=&#8221;4.4.1&#8243; header_font=&#8221;|||on|||||&#8221; background_image=&#8221;https:\/\/www.hgi-cgs.hr\/wp-content\/uploads\/2020\/03\/20190228_094232-scaled.jpg&#8221; background_enable_image=&#8221;on&#8221; locked=&#8221;off&#8221; sticky_transition=&#8221;on&#8221;][\/et_pb_slide][et_pb_slide heading=&#8221;Hrvatski geolo\u0161ki institut&#8221; _builder_version=&#8221;4.4.1&#8243; header_font=&#8221;|||on|||||&#8221; background_image=&#8221;https:\/\/www.hgi-cgs.hr\/wp-content\/uploads\/2020\/03\/ban3-scaled.jpg&#8221; background_enable_image=&#8221;on&#8221; locked=&#8221;off&#8221; sticky_transition=&#8221;on&#8221;][\/et_pb_slide][et_pb_slide heading=&#8221;Hrvatski geolo\u0161ki institut&#8221; _builder_version=&#8221;4.4.1&#8243; header_font=&#8221;|||on|||||&#8221; background_image=&#8221;https:\/\/www.hgi-cgs.hr\/wp-content\/uploads\/2020\/03\/Bijele_stijene-Gorski_kotar-scaled.jpg&#8221; background_enable_image=&#8221;on&#8221; locked=&#8221;off&#8221; sticky_transition=&#8221;on&#8221;][\/et_pb_slide][et_pb_slide heading=&#8221;Hrvatski geolo\u0161ki institut&#8221; _builder_version=&#8221;4.4.1&#8243; header_font=&#8221;|||on|||||&#8221; background_image=&#8221;https:\/\/www.hgi-cgs.hr\/wp-content\/uploads\/2020\/03\/ban4-scaled.jpg&#8221; background_enable_image=&#8221;on&#8221; locked=&#8221;off&#8221; sticky_transition=&#8221;on&#8221;][\/et_pb_slide][et_pb_slide heading=&#8221;Hrvatski geolo\u0161ki institut&#8221; _builder_version=&#8221;4.4.1&#8243; header_font=&#8221;|||on|||||&#8221; background_image=&#8221;https:\/\/www.hgi-cgs.hr\/wp-content\/uploads\/2020\/03\/ban5-scaled.jpg&#8221; background_enable_image=&#8221;on&#8221; locked=&#8221;off&#8221; sticky_transition=&#8221;on&#8221;][\/et_pb_slide][\/et_pb_fullwidth_slider][\/et_pb_section][et_pb_section fb_built=&#8221;1&#8243; _builder_version=&#8221;4.4.2&#8243; custom_padding=&#8221;26px|||||&#8221;][et_pb_row _builder_version=&#8221;4.4.2&#8243;][et_pb_column type=&#8221;4_4&#8243; _builder_version=&#8221;4.4.2&#8243;][et_pb_text _builder_version=&#8221;4.6.5&#8243; text_font_size=&#8221;32px&#8221; header_2_text_color=&#8221;#1e5096&#8243; custom_margin=&#8221;||15px|||&#8221;]<\/p>\n<h2 style=\"text-align: center; color: #1e5096;\"><strong>ZAVOD ZA HIDROGEOLOGIJU I IN\u017dENJERSKU GEOLOGIJU<br \/><\/strong><\/h2>\n<h2 style=\"text-align: center; color: #1e5096;\"><strong>Program geolo\u0161kih karata<\/strong><\/h2>\n<p>[\/et_pb_text][et_pb_text _builder_version=&#8221;4.7.2&#8243; text_font_size=&#8221;32px&#8221; header_2_text_color=&#8221;#1e5096&#8243; header_2_line_height=&#8221;1.2em&#8221; header_4_line_height=&#8221;1.3em&#8221; custom_margin=&#8221;||-13px|||&#8221; hover_enabled=&#8221;0&#8243; sticky_enabled=&#8221;0&#8243;]<\/p>\n<h4 style=\"text-align: center;\"><strong>Osnovna hidrogeolo\u0161ka karta RH<br \/><\/strong><\/h4>\n<p>[\/et_pb_text][\/et_pb_column][\/et_pb_row][\/et_pb_section][et_pb_section fb_built=&#8221;1&#8243; _builder_version=&#8221;4.4.2&#8243; custom_padding=&#8221;4px||41px|||&#8221;][et_pb_row use_custom_gutter=&#8221;on&#8221; gutter_width=&#8221;1&#8243; make_equal=&#8221;on&#8221; disabled_on=&#8221;off|off|off&#8221; _builder_version=&#8221;3.25&#8243; background_color=&#8221;#ffffff&#8221; background_size=&#8221;initial&#8221; background_position=&#8221;top_left&#8221; background_repeat=&#8221;repeat&#8221; custom_padding=&#8221;22px|0px|13px|0px|false|false&#8221; animation_direction=&#8221;right&#8221;][et_pb_column type=&#8221;4_4&#8243; _builder_version=&#8221;3.25&#8243; background_color=&#8221;#ffffff&#8221; custom_padding=&#8221;|||&#8221; custom_padding__hover=&#8221;|||&#8221;][et_pb_text _builder_version=&#8221;4.6.5&#8243; width=&#8221;90%&#8221; module_alignment=&#8221;center&#8221; custom_margin=&#8221;||||false|false&#8221; custom_padding=&#8221;||||false|false&#8221;]<\/p>\n<p style=\"text-align: left;\"><strong>Voditelj projekta:<\/strong> dr. sc. Josip Terzi\u0107, dipl. ing. geol.<\/p>\n<p style=\"text-align: left;\">Projekt Osnovna hidrogeolo\u0161ka karta (OHGK), jedan od temeljnih projekata Hrvatskog geolo\u0161kog instituta. Prvenstveni zadatak ovog projekta jest regionalno prikazivanje hidrogeolo\u0161kih svojstava i odnosa, valorizacija pitkih podzemnih voda, kao i podzemnih voda kori\u0161tenih za druge namjene, te hidrotermalnih sustava. U projektu aktivno sudjeluje 12 stalno zaposlenih hidrogeologa, a provodi se u Zavodu za hidrogeologiju i in\u017eenjersku geologiju (ZHGIG). Osim istra\u017eiva\u010da, u radu na OHGK sudjeluju i tehni\u010dari, a \u010desto i kolege zaposleni na drugim projektima. Ve\u0107 du\u017ee vrijeme program osnovnih karata nema stabilno financiranje, no OHGK se i dalje izvodi u odre\u0111enom opsegu. Svi su istra\u017eiva\u010di usmjereni na prikupljanje podataka iz drugih projekata, koji \u0107e se uklopiti u regionalne prikaze OHGK. Naime, temeljno mjerilo projekta je 1:100.000, a rezultat \u2013 publikacija se sastoji od samog hidrogeolo\u0161kog zemljovida, baze podataka i kartografskog prikaza kori\u0161tenih objekata te tekstualnog tuma\u010da. Povremeno \u0107e se objavljivati regionalni hidrogeolo\u0161ki prikazi u drugim sitnim mjerilima. Dugoro\u010dni je plan izraditi OHGK cijele Republike Hrvatske u M 1:300.000.<\/p>\n<p style=\"text-align: left;\">Zbog nedostatnog izravnog financiranja u potpunosti je zavr\u0161en, tj. izra\u0111en, recenziran i tiskan samo jedan list OHGK \u2013 list Rab.<\/p>\n<p>[\/et_pb_text][et_pb_image src=&#8221;https:\/\/www.hgi-cgs.hr\/wp-content\/uploads\/2020\/06\/ohgk_rab.jpg&#8221; title_text=&#8221;ohgk_rab&#8221; align=&#8221;center&#8221; _builder_version=&#8221;4.6.5&#8243; width=&#8221;50%&#8221; module_alignment=&#8221;center&#8221; custom_margin=&#8221;24px|||||&#8221; custom_padding=&#8221;5px||||false|false&#8221; border_radii=&#8221;on|5px|5px|5px|5px&#8221; box_shadow_style=&#8221;preset1&#8243; box_shadow_blur=&#8221;15px&#8221;][\/et_pb_image][et_pb_text _builder_version=&#8221;4.4.8&#8243; text_font_size=&#8221;13px&#8221; custom_margin=&#8221;||16px|||&#8221;]<\/p>\n<p style=\"text-align: center;\">Osnovna hidrogeolo\u0161ka karta &#8211; List Rab<\/p>\n<p>[\/et_pb_text][et_pb_text _builder_version=&#8221;4.6.5&#8243; width=&#8221;90%&#8221; module_alignment=&#8221;center&#8221; custom_margin=&#8221;||||false|false&#8221; custom_padding=&#8221;||||false|false&#8221;]<\/p>\n<p style=\"text-align: left;\">Dva su lista (Krapina i Oto\u010dac) recenzirana i objavit \u0107e se o tro\u0161ku ZHGIG u nadolaze\u0107em razdoblju, a svi istra\u017eiva\u010di rade na dodijeljenim im podru\u010djima i\/ili listovima. Naime, namjera je prije\u0107i sa starog standarda, tj. formata lista Osnovne geolo\u0161ke karte 1:100.000, na novi \u2013 prirodno i hidrogeolo\u0161ki logi\u010dna podru\u010dja kao \u0161to su sljevovi, regije, porje\u010dja i sl.<\/p>\n<p style=\"text-align: left;\">Znanstvena komponenta rada na OHGK ja\u010da iz godine u godinu. Istra\u017eiva\u010di ovog temeljnog projekta stalno i aktivno prijavljuju i provode projekte s razli\u010ditim izvorima financiranja, te tako prikupljaju vrijedne baze podataka koje \u0107e se uklopiti u OHGK. Broj objavljenih znanstvenih radova ve\u0107 godinama konstantno raste, a u sklopu projekta izra\u0111uju se brojne doktorske disertacije.<\/p>\n<p style=\"text-align: left;\">Uz rad na OHGK i hidrogeolo\u0161kim istra\u017eivanjima op\u0107enito usko su povezani svi zavodski laboratoriji \u2013 <a href=\"https:\/\/www.hgi-cgs.hr\/hidrokemijski-laboratorij\/\">hidrokemijski<\/a>, laboratorij za daljinska istra\u017eivanja, geofizi\u010dki, a manjim dijelom i <a href=\"https:\/\/www.hgi-cgs.hr\/inzenjerskogeoloski-laboratorij\/\">in\u017eenjerskogeolo\u0161ki<\/a>. Potpuna integracija ovih radnih grupa u svakodnevne hidrogeolo\u0161ke zadatke dovodi do pobolj\u0161anja u oba smjera \u2013 istra\u017eivanja su sve kvalitetnija i lak\u0161e se objavljuju, a radom na projektima razli\u010ditih vrsta kontinuirano se nabavlja nova ili nadogra\u0111uje postoje\u0107a istra\u017eiva\u010dka oprema, kako terenska, tako i laboratorijska. Gotovo sva oprema svih ovih laboratorija nabavljena je izravno iz projekata (<a href=\"https:\/\/www.hgi-cgs.hr\/zavod-za-hidrogeologiju-i-inzenjersku-geologiju-nacionalni-kompetativni-projekti\/\">HRZZ<\/a> ili <a href=\"https:\/\/www.hgi-cgs.hr\/zavod-za-hidrogeologiju-i-inzenjersku-geologiju-projekti-eu-fondova\/\">Interreg EU<\/a>) ili kupljena sredstvima ZHGIG ostvarenima na tr\u017ei\u0161tu.<\/p>\n<p>[\/et_pb_text][\/et_pb_column][\/et_pb_row][\/et_pb_section]<\/p>\n","protected":false},"excerpt":{"rendered":"<p>ZAVOD ZA HIDROGEOLOGIJU I IN\u017dENJERSKU GEOLOGIJU Program geolo\u0161kih karataOsnovna hidrogeolo\u0161ka karta RH Voditelj projekta: dr. sc. Josip Terzi\u0107, dipl. ing. geol. Projekt Osnovna hidrogeolo\u0161ka karta (OHGK), jedan od temeljnih projekata Hrvatskog geolo\u0161kog instituta. Prvenstveni zadatak ovog projekta jest regionalno prikazivanje hidrogeolo\u0161kih svojstava i odnosa, valorizacija pitkih podzemnih voda, kao i podzemnih voda kori\u0161tenih za druge [&hellip;]<\/p>\n","protected":false},"author":1,"featured_media":0,"parent":0,"menu_order":0,"comment_status":"closed","ping_status":"closed","template":"","meta":{"_et_pb_use_builder":"on","_et_pb_old_content":"","_et_gb_content_width":"","footnotes":""},"class_list":["post-31942","page","type-page","status-publish","hentry"],"aioseo_notices":[],"_links":{"self":[{"href":"https:\/\/www.hgi-cgs.hr\/en\/wp-json\/wp\/v2\/pages\/31942","targetHints":{"allow":["GET"]}}],"collection":[{"href":"https:\/\/www.hgi-cgs.hr\/en\/wp-json\/wp\/v2\/pages"}],"about":[{"href":"https:\/\/www.hgi-cgs.hr\/en\/wp-json\/wp\/v2\/types\/page"}],"author":[{"embeddable":true,"href":"https:\/\/www.hgi-cgs.hr\/en\/wp-json\/wp\/v2\/users\/1"}],"replies":[{"embeddable":true,"href":"https:\/\/www.hgi-cgs.hr\/en\/wp-json\/wp\/v2\/comments?post=31942"}],"version-history":[{"count":5,"href":"https:\/\/www.hgi-cgs.hr\/en\/wp-json\/wp\/v2\/pages\/31942\/revisions"}],"predecessor-version":[{"id":36959,"href":"https:\/\/www.hgi-cgs.hr\/en\/wp-json\/wp\/v2\/pages\/31942\/revisions\/36959"}],"wp:attachment":[{"href":"https:\/\/www.hgi-cgs.hr\/en\/wp-json\/wp\/v2\/media?parent=31942"}],"curies":[{"name":"wp","href":"https:\/\/api.w.org\/{rel}","templated":true}]}}