{"id":31575,"date":"2020-05-21T10:45:38","date_gmt":"2020-05-21T10:45:38","guid":{"rendered":"http:\/\/www.hgi-cgs.hr\/?page_id=31575"},"modified":"2020-12-31T15:02:12","modified_gmt":"2020-12-31T15:02:12","slug":"hidrogeoloska-istrazivanja","status":"publish","type":"page","link":"https:\/\/www.hgi-cgs.hr\/en\/hidrogeoloska-istrazivanja\/","title":{"rendered":"Hydrogeological Research"},"content":{"rendered":"<p>[et_pb_section fb_built=&#8221;1&#8243; fullwidth=&#8221;on&#8221; _builder_version=&#8221;4.4.1&#8243; custom_padding=&#8221;0px||0px|||&#8221;][et_pb_fullwidth_slider _builder_version=&#8221;4.7.7&#8243; min_height=&#8221;112px&#8221; height=&#8221;400px&#8221; custom_margin=&#8221;0px||||false|false&#8221; custom_padding=&#8221;0px||18px||false|false&#8221; auto=&#8221;on&#8221; auto_ignore_hover=&#8221;on&#8221; locked=&#8221;off&#8221;][et_pb_slide heading=&#8221;Hrvatski geolo\u0161ki institut&#8221; _builder_version=&#8221;4.4.1&#8243; header_font=&#8221;|||on|||||&#8221; background_image=&#8221;https:\/\/www.hgi-cgs.hr\/wp-content\/uploads\/2020\/03\/Br\u010di\u0107_Drvenik02-scaled.jpg&#8221; background_enable_image=&#8221;on&#8221; locked=&#8221;off&#8221; sticky_transition=&#8221;on&#8221;][\/et_pb_slide][et_pb_slide heading=&#8221;Hrvatski geolo\u0161ki institut&#8221; _builder_version=&#8221;4.4.1&#8243; header_font=&#8221;|||on|||||&#8221; background_image=&#8221;https:\/\/www.hgi-cgs.hr\/wp-content\/uploads\/2020\/03\/ban2-scaled.jpg&#8221; background_enable_image=&#8221;on&#8221; locked=&#8221;off&#8221; sticky_transition=&#8221;on&#8221;][\/et_pb_slide][et_pb_slide heading=&#8221;Hrvatski geolo\u0161ki institut&#8221; _builder_version=&#8221;4.4.1&#8243; header_font=&#8221;|||on|||||&#8221; background_image=&#8221;https:\/\/www.hgi-cgs.hr\/wp-content\/uploads\/2020\/03\/20190228_094232-scaled.jpg&#8221; background_enable_image=&#8221;on&#8221; locked=&#8221;off&#8221; sticky_transition=&#8221;on&#8221;][\/et_pb_slide][et_pb_slide heading=&#8221;Hrvatski geolo\u0161ki institut&#8221; _builder_version=&#8221;4.4.1&#8243; header_font=&#8221;|||on|||||&#8221; background_image=&#8221;https:\/\/www.hgi-cgs.hr\/wp-content\/uploads\/2020\/03\/ban3-scaled.jpg&#8221; background_enable_image=&#8221;on&#8221; locked=&#8221;off&#8221; sticky_transition=&#8221;on&#8221;][\/et_pb_slide][et_pb_slide heading=&#8221;Hrvatski geolo\u0161ki institut&#8221; _builder_version=&#8221;4.4.1&#8243; header_font=&#8221;|||on|||||&#8221; background_image=&#8221;https:\/\/www.hgi-cgs.hr\/wp-content\/uploads\/2020\/03\/Bijele_stijene-Gorski_kotar-scaled.jpg&#8221; background_enable_image=&#8221;on&#8221; locked=&#8221;off&#8221; sticky_transition=&#8221;on&#8221;][\/et_pb_slide][et_pb_slide heading=&#8221;Hrvatski geolo\u0161ki institut&#8221; _builder_version=&#8221;4.4.1&#8243; header_font=&#8221;|||on|||||&#8221; background_image=&#8221;https:\/\/www.hgi-cgs.hr\/wp-content\/uploads\/2020\/03\/ban4-scaled.jpg&#8221; background_enable_image=&#8221;on&#8221; locked=&#8221;off&#8221; sticky_transition=&#8221;on&#8221;][\/et_pb_slide][et_pb_slide heading=&#8221;Hrvatski geolo\u0161ki institut&#8221; _builder_version=&#8221;4.4.1&#8243; header_font=&#8221;|||on|||||&#8221; background_image=&#8221;https:\/\/www.hgi-cgs.hr\/wp-content\/uploads\/2020\/03\/ban5-scaled.jpg&#8221; background_enable_image=&#8221;on&#8221; locked=&#8221;off&#8221; sticky_transition=&#8221;on&#8221;][\/et_pb_slide][et_pb_slide heading=&#8221;Hrvatski geolo\u0161ki institut&#8221; _builder_version=&#8221;4.7.7&#8243; header_font=&#8221;|||on|||||&#8221; background_image=&#8221;https:\/\/www.hgi-cgs.hr\/wp-content\/uploads\/2020\/04\/20191015_142016a-scaled.jpg&#8221; background_enable_image=&#8221;on&#8221; locked=&#8221;off&#8221; sticky_transition=&#8221;on&#8221;][\/et_pb_slide][et_pb_slide heading=&#8221;Hrvatski geolo\u0161ki institut&#8221; _builder_version=&#8221;4.7.7&#8243; header_font=&#8221;|||on|||||&#8221; background_image=&#8221;https:\/\/www.hgi-cgs.hr\/wp-content\/uploads\/2020\/04\/20191014_133538-scaled.jpg&#8221; background_enable_image=&#8221;on&#8221; locked=&#8221;off&#8221; sticky_transition=&#8221;on&#8221;][\/et_pb_slide][\/et_pb_fullwidth_slider][\/et_pb_section][et_pb_section fb_built=&#8221;1&#8243; _builder_version=&#8221;4.4.2&#8243;][et_pb_row _builder_version=&#8221;4.4.2&#8243;][et_pb_column type=&#8221;4_4&#8243; _builder_version=&#8221;4.4.2&#8243;][et_pb_text _builder_version=&#8221;4.4.7&#8243; text_font_size=&#8221;32px&#8221; header_2_text_color=&#8221;#1e5096&#8243; header_2_line_height=&#8221;1.2em&#8221; header_4_line_height=&#8221;1.3em&#8221; custom_margin=&#8221;||-18px|||&#8221; custom_padding=&#8221;||0px|||&#8221;]<\/p>\n<h2 style=\"text-align: center; color: #1e5096;\"><strong>HIDROGEOLO\u0160KA I IN\u017dENJERSKO GEOLO\u0160KA ISTRA\u017dIVANJA<\/strong><\/h2>\n<h4 style=\"text-align: center;\"><strong>Hidrogeolo\u0161ka istra\u017eivanja<\/strong><\/h4>\n<p>[\/et_pb_text][\/et_pb_column][\/et_pb_row][\/et_pb_section][et_pb_section fb_built=&#8221;1&#8243; _builder_version=&#8221;4.4.2&#8243; custom_margin=&#8221;-9px|||||&#8221; custom_padding=&#8221;20px||41px|||&#8221;][et_pb_row _builder_version=&#8221;4.4.3&#8243; custom_margin=&#8221;-11px|auto||auto||&#8221; custom_padding=&#8221;15px|0px|28px|0px|false|false&#8221;][et_pb_column type=&#8221;4_4&#8243; _builder_version=&#8221;3.25&#8243; custom_padding=&#8221;|||&#8221; custom_padding__hover=&#8221;|||&#8221;][et_pb_text _builder_version=&#8221;4.6.5&#8243; custom_margin=&#8221;-7px|||||&#8221; custom_padding=&#8221;||0px|||&#8221;]<\/p>\n<p style=\"text-align: left;\">Hidrogeolo\u0161ka istra\u017eivanja predstavljaju jednu od okosnica rada Zavoda za hidrogeologiju i in\u017eenjersku geologiju (ZGHGIG), te u njima sudjeluje najve\u0107i dio istra\u017eiva\u010da. Istra\u017eivanja su vezana uz temeljni projekt Hrvatskog geolo\u0161kog instituta (HGI), Osnovnu hidrogeolo\u0161ku kartu (OHGK), kao i veliki broj raznovrsnih projekata: znanstvenih, nacionalnih i me\u0111unarodnih. Cilj je svaki projekt bez obzira na izvor financiranja isplanirati i usmjeriti tako da se dobiju podatci koji se koriste za OHGK i za znanstveno publiciranje i\/ili izrade doktorskih disertacija.<\/p>\n<p style=\"text-align: left;\">Hidrogeologija, kao znanost koja izu\u010dava podzemne vode: njihovo porijeklo, pojavljivanje, dinamiku i kori\u0161tenje, u HGI tradicionalno postoji prakti\u010dki od njegovih po\u010detaka. Tijekom vremena mijenjala su se formalna ustrojstva, te brojnost grupe, no stalno su se usvajale nove metode i danas je mogu\u0107e ustvrditi kako se hidrogeolo\u0161ka istra\u017eivanja u ZHGIG provode na visokoj znanstvenoj i stru\u010dnoj razini.<\/p>\n<p style=\"text-align: left;\">Budu\u0107i je Republika Hrvatska otprilike popola podijeljena na kr\u0161ke Dinaride i panonski dio \u2013 dvije u hidrogeolo\u0161kom smislu potpuno druga\u010dije prirodne cjeline, ve\u0107ina se istra\u017eiva\u010da stru\u010dno specijalizirala za rad u jednoj od njih. Ovisno o vrstama projekata, razlikuju se mjerila izu\u010davanja, od regionalnih studijskih projekata do veoma detaljnih istra\u017eivanja u krupnim mjerilima. U posljednje vrijeme sve se vi\u0161e pa\u017enje daje sustavnim i dugoro\u010dnijim istra\u017eivanjima, uzorkovanjima podzemnih voda i uspostavama monitoringa.<em><a href=\"https:\/\/www.hgi-cgs.hr\/hidrokemijski-laboratorij\/\"> Laboratorij za hidrokemiju<\/a> <\/em>u potpunosti je integriran u svakodnevni rad svih hidrogeologa i koristi se gotovo u svim projektima. U hidrogeolo\u0161ka istra\u017eivanja sve se vi\u0161e integriraju i specijalizirane struke, kao \u0161to su<em> <a href=\"https:\/\/www.hgi-cgs.hr\/geofizicka-istrazivanja\/\">geofizi\u010dka istra\u017eivanja<\/a>, <a href=\"https:\/\/www.hgi-cgs.hr\/istrazivanja-na-nedostupnim-strminama\/\">istra\u017eivanja na nedostupnim padinama<\/a>, <a href=\"https:\/\/www.hgi-cgs.hr\/daljinska-istrazivanja-bespilotnim-letjelicama\/\">daljinska istra\u017eivanja bespilotnim letjelicama,<\/a><\/em> te <em><a href=\"https:\/\/www.hgi-cgs.hr\/speleoloska-istrazivanja\/\">speleolo\u0161ka istra\u017eivanja<\/a><\/em> \u010dija je va\u017enost velika u kr\u0161koj hidrogeologiji.<\/p>\n<p style=\"text-align: left;\">Me\u0111u raznovrsnim i specifi\u010dnim istra\u017eiva\u010dkim postupcima, hidrogeolozi ZHGIG \u010desto izra\u0111uju: elaborate zona sanitarne za\u0161tite, hidrogeolo\u0161ka mikrozoniranja, dijelove studija utjecaja na okoli\u0161, podloge vezane uz gra\u0111evinske projekte me\u0111u kojima se isti\u010de posebno veliko iskustvo rada na odvodnji linearnih infrastrukturnih objekata i hidrogeolo\u0161ki radpvi pri projektiranju hidroelektrana, trasiranja podzemnih tokova, istra\u017eivanja dubokih i plitkih hidrotermalnih bogatstava, pronala\u017eenje novih i prou\u010davanje postoje\u0107ih zaliha podzemne vode za pi\u0107e, navodnjavanja ili bilo koju namjenu, istra\u017eivanja kakvo\u0107e, hidrokemijskih i izotopnih svojstava voda, novih one\u010di\u0161\u0107ivala u podzemnim vodama, istra\u017eivanja geohazarda vezanih uz podzemne vode, istra\u017eivanja klizi\u0161ta i ostalih nestabilnosti, izrada GIS projekata i raznovrsnih kartografskih podloga.<\/p>\n<p>[\/et_pb_text][\/et_pb_column][\/et_pb_row][et_pb_row column_structure=&#8221;1_2,1_2&#8243; _builder_version=&#8221;4.4.3&#8243;][et_pb_column type=&#8221;1_2&#8243; _builder_version=&#8221;4.4.3&#8243;][et_pb_image src=&#8221;https:\/\/www.hgi-cgs.hr\/wp-content\/uploads\/2020\/05\/hidro1.jpg&#8221; title_text=&#8221;hidro1&#8243; align=&#8221;center&#8221; _builder_version=&#8221;4.4.7&#8243; width=&#8221;90%&#8221; module_alignment=&#8221;center&#8221; custom_padding=&#8221;|||10px|false|false&#8221; border_radii=&#8221;on|5px|5px|5px|5px&#8221; box_shadow_style=&#8221;preset1&#8243;][\/et_pb_image][et_pb_text _builder_version=&#8221;4.6.6&#8243; _module_preset=&#8221;default&#8221; text_font_size=&#8221;13px&#8221; custom_margin=&#8221;-30px||||false|false&#8221;]<\/p>\n<p style=\"text-align: center;\">Majerovo vrelo<\/p>\n<p>[\/et_pb_text][et_pb_image src=&#8221;https:\/\/www.hgi-cgs.hr\/wp-content\/uploads\/2020\/05\/hidro3.jpg&#8221; title_text=&#8221;hidro3&#8243; align=&#8221;center&#8221; _builder_version=&#8221;4.4.7&#8243; width=&#8221;90%&#8221; module_alignment=&#8221;center&#8221; custom_padding=&#8221;|||10px|false|false&#8221; border_radii=&#8221;on|5px|5px|5px|5px&#8221; box_shadow_style=&#8221;preset1&#8243;][\/et_pb_image][et_pb_text _builder_version=&#8221;4.6.6&#8243; _module_preset=&#8221;default&#8221; text_font_size=&#8221;13px&#8221; custom_margin=&#8221;-30px||||false|false&#8221;]<\/p>\n<p style=\"text-align: center;\">Trasiranje<\/p>\n<p>[\/et_pb_text][et_pb_image src=&#8221;https:\/\/www.hgi-cgs.hr\/wp-content\/uploads\/2020\/05\/hidro5.jpg&#8221; title_text=&#8221;hidro5&#8243; align=&#8221;center&#8221; _builder_version=&#8221;4.4.7&#8243; width=&#8221;90%&#8221; module_alignment=&#8221;center&#8221; custom_padding=&#8221;|||10px|false|false&#8221; border_radii=&#8221;on|5px|5px|5px|5px&#8221; box_shadow_style=&#8221;preset1&#8243;][\/et_pb_image][et_pb_text _builder_version=&#8221;4.6.6&#8243; _module_preset=&#8221;default&#8221; text_font_size=&#8221;13px&#8221; custom_margin=&#8221;-30px||||false|false&#8221;]<\/p>\n<p style=\"text-align: center;\">Uzorkovanje u bu\u0161otini na otoku Visu<\/p>\n<p>[\/et_pb_text][\/et_pb_column][et_pb_column type=&#8221;1_2&#8243; _builder_version=&#8221;4.4.3&#8243;][et_pb_image src=&#8221;https:\/\/www.hgi-cgs.hr\/wp-content\/uploads\/2020\/05\/hidro2.jpg&#8221; title_text=&#8221;hidro2&#8243; align=&#8221;center&#8221; _builder_version=&#8221;4.4.7&#8243; width=&#8221;90%&#8221; custom_padding=&#8221;|10px|||false|false&#8221; border_radii=&#8221;on|5px|5px|5px|5px&#8221; box_shadow_style=&#8221;preset1&#8243;][\/et_pb_image][et_pb_text _builder_version=&#8221;4.6.6&#8243; _module_preset=&#8221;default&#8221; text_font_size=&#8221;13px&#8221; custom_margin=&#8221;-30px||||false|false&#8221;]<\/p>\n<p style=\"text-align: center;\">Mjerenje protoka na izvorima Gacke<\/p>\n<p>[\/et_pb_text][et_pb_image src=&#8221;https:\/\/www.hgi-cgs.hr\/wp-content\/uploads\/2020\/05\/hidro6.jpg&#8221; title_text=&#8221;hidro6&#8243; _builder_version=&#8221;4.4.7&#8243; width=&#8221;81%&#8221; module_alignment=&#8221;center&#8221; custom_padding=&#8221;|10px|||false|false&#8221; border_radii=&#8221;on|5px|5px|5px|5px&#8221; box_shadow_style=&#8221;preset1&#8243;][\/et_pb_image][et_pb_text _builder_version=&#8221;4.6.6&#8243; _module_preset=&#8221;default&#8221; text_font_size=&#8221;13px&#8221; custom_margin=&#8221;-30px||||false|false&#8221;]<\/p>\n<p style=\"text-align: center;\">Mjerenje protoka<\/p>\n<p>[\/et_pb_text][et_pb_image src=&#8221;https:\/\/www.hgi-cgs.hr\/wp-content\/uploads\/2020\/05\/hidro4.jpg&#8221; title_text=&#8221;hidro4&#8243; _builder_version=&#8221;4.4.7&#8243; width=&#8221;90%&#8221; module_alignment=&#8221;center&#8221; custom_padding=&#8221;|10px|||false|false&#8221; border_radii=&#8221;on|5px|5px|5px|5px&#8221; box_shadow_style=&#8221;preset1&#8243;][\/et_pb_image][et_pb_text _builder_version=&#8221;4.6.6&#8243; _module_preset=&#8221;default&#8221; text_font_size=&#8221;13px&#8221; custom_margin=&#8221;-30px||||false|false&#8221;]<\/p>\n<p style=\"text-align: center;\">Uzorkovanje arte\u0161kog zdenca kod Slavonskog broda<\/p>\n<p>[\/et_pb_text][\/et_pb_column][\/et_pb_row][\/et_pb_section]<\/p>\n","protected":false},"excerpt":{"rendered":"<p>HIDROGEOLO\u0160KA I IN\u017dENJERSKO GEOLO\u0160KA ISTRA\u017dIVANJA Hidrogeolo\u0161ka istra\u017eivanjaHidrogeolo\u0161ka istra\u017eivanja predstavljaju jednu od okosnica rada Zavoda za hidrogeologiju i in\u017eenjersku geologiju (ZGHGIG), te u njima sudjeluje najve\u0107i dio istra\u017eiva\u010da. Istra\u017eivanja su vezana uz temeljni projekt Hrvatskog geolo\u0161kog instituta (HGI), Osnovnu hidrogeolo\u0161ku kartu (OHGK), kao i veliki broj raznovrsnih projekata: znanstvenih, nacionalnih i me\u0111unarodnih. Cilj je svaki projekt [&hellip;]<\/p>\n","protected":false},"author":1,"featured_media":0,"parent":0,"menu_order":0,"comment_status":"closed","ping_status":"closed","template":"","meta":{"_et_pb_use_builder":"on","_et_pb_old_content":"","_et_gb_content_width":"","footnotes":""},"class_list":["post-31575","page","type-page","status-publish","hentry"],"aioseo_notices":[],"_links":{"self":[{"href":"https:\/\/www.hgi-cgs.hr\/en\/wp-json\/wp\/v2\/pages\/31575","targetHints":{"allow":["GET"]}}],"collection":[{"href":"https:\/\/www.hgi-cgs.hr\/en\/wp-json\/wp\/v2\/pages"}],"about":[{"href":"https:\/\/www.hgi-cgs.hr\/en\/wp-json\/wp\/v2\/types\/page"}],"author":[{"embeddable":true,"href":"https:\/\/www.hgi-cgs.hr\/en\/wp-json\/wp\/v2\/users\/1"}],"replies":[{"embeddable":true,"href":"https:\/\/www.hgi-cgs.hr\/en\/wp-json\/wp\/v2\/comments?post=31575"}],"version-history":[{"count":8,"href":"https:\/\/www.hgi-cgs.hr\/en\/wp-json\/wp\/v2\/pages\/31575\/revisions"}],"predecessor-version":[{"id":37582,"href":"https:\/\/www.hgi-cgs.hr\/en\/wp-json\/wp\/v2\/pages\/31575\/revisions\/37582"}],"wp:attachment":[{"href":"https:\/\/www.hgi-cgs.hr\/en\/wp-json\/wp\/v2\/media?parent=31575"}],"curies":[{"name":"wp","href":"https:\/\/api.w.org\/{rel}","templated":true}]}}