{"id":31548,"date":"2020-05-21T10:14:40","date_gmt":"2020-05-21T10:14:40","guid":{"rendered":"http:\/\/www.hgi-cgs.hr\/?page_id=31548"},"modified":"2023-09-01T09:21:54","modified_gmt":"2023-09-01T09:21:54","slug":"istrazivanja-mineralnih-sirovina","status":"publish","type":"page","link":"https:\/\/www.hgi-cgs.hr\/en\/istrazivanja-mineralnih-sirovina\/","title":{"rendered":"Mineral Resources"},"content":{"rendered":"<p>[et_pb_section fb_built=&#8221;1&#8243; fullwidth=&#8221;on&#8221; _builder_version=&#8221;4.16&#8243; custom_padding=&#8221;0px||0px|||&#8221; global_colors_info=&#8221;{}&#8221;][et_pb_fullwidth_slider _builder_version=&#8221;4.16&#8243; min_height=&#8221;112px&#8221; height=&#8221;400px&#8221; custom_margin=&#8221;0px||||false|false&#8221; custom_padding=&#8221;0px||18px||false|false&#8221; auto=&#8221;on&#8221; auto_ignore_hover=&#8221;on&#8221; locked=&#8221;off&#8221; global_colors_info=&#8221;{}&#8221;][et_pb_slide heading=&#8221;Hrvatski geolo\u0161ki institut&#8221; _builder_version=&#8221;4.16&#8243; header_font=&#8221;|||on|||||&#8221; background_image=&#8221;https:\/\/www.hgi-cgs.hr\/wp-content\/uploads\/2020\/03\/Br\u010di\u0107_Drvenik02-scaled.jpg&#8221; background_enable_image=&#8221;on&#8221; locked=&#8221;off&#8221; global_colors_info=&#8221;{}&#8221; sticky_transition=&#8221;on&#8221;][\/et_pb_slide][et_pb_slide heading=&#8221;Hrvatski geolo\u0161ki institut&#8221; _builder_version=&#8221;4.16&#8243; header_font=&#8221;|||on|||||&#8221; background_image=&#8221;https:\/\/www.hgi-cgs.hr\/wp-content\/uploads\/2020\/03\/ban2-scaled.jpg&#8221; background_enable_image=&#8221;on&#8221; locked=&#8221;off&#8221; global_colors_info=&#8221;{}&#8221; sticky_transition=&#8221;on&#8221;][\/et_pb_slide][et_pb_slide heading=&#8221;Hrvatski geolo\u0161ki institut&#8221; _builder_version=&#8221;4.16&#8243; header_font=&#8221;|||on|||||&#8221; background_image=&#8221;https:\/\/www.hgi-cgs.hr\/wp-content\/uploads\/2020\/03\/20190228_094232-scaled.jpg&#8221; background_enable_image=&#8221;on&#8221; locked=&#8221;off&#8221; global_colors_info=&#8221;{}&#8221; sticky_transition=&#8221;on&#8221;][\/et_pb_slide][et_pb_slide heading=&#8221;Hrvatski geolo\u0161ki institut&#8221; _builder_version=&#8221;4.16&#8243; header_font=&#8221;|||on|||||&#8221; background_image=&#8221;https:\/\/www.hgi-cgs.hr\/wp-content\/uploads\/2020\/03\/ban3-scaled.jpg&#8221; background_enable_image=&#8221;on&#8221; locked=&#8221;off&#8221; global_colors_info=&#8221;{}&#8221; sticky_transition=&#8221;on&#8221;][\/et_pb_slide][et_pb_slide heading=&#8221;Hrvatski geolo\u0161ki institut&#8221; _builder_version=&#8221;4.16&#8243; header_font=&#8221;|||on|||||&#8221; background_image=&#8221;https:\/\/www.hgi-cgs.hr\/wp-content\/uploads\/2020\/03\/Bijele_stijene-Gorski_kotar-scaled.jpg&#8221; background_enable_image=&#8221;on&#8221; locked=&#8221;off&#8221; global_colors_info=&#8221;{}&#8221; sticky_transition=&#8221;on&#8221;][\/et_pb_slide][et_pb_slide heading=&#8221;Hrvatski geolo\u0161ki institut&#8221; _builder_version=&#8221;4.16&#8243; header_font=&#8221;|||on|||||&#8221; background_image=&#8221;https:\/\/www.hgi-cgs.hr\/wp-content\/uploads\/2020\/03\/ban4-scaled.jpg&#8221; background_enable_image=&#8221;on&#8221; locked=&#8221;off&#8221; global_colors_info=&#8221;{}&#8221; sticky_transition=&#8221;on&#8221;][\/et_pb_slide][et_pb_slide heading=&#8221;Hrvatski geolo\u0161ki institut&#8221; _builder_version=&#8221;4.16&#8243; header_font=&#8221;|||on|||||&#8221; background_image=&#8221;https:\/\/www.hgi-cgs.hr\/wp-content\/uploads\/2020\/03\/ban5-scaled.jpg&#8221; background_enable_image=&#8221;on&#8221; locked=&#8221;off&#8221; global_colors_info=&#8221;{}&#8221; sticky_transition=&#8221;on&#8221;][\/et_pb_slide][et_pb_slide heading=&#8221;Hrvatski geolo\u0161ki institut&#8221; _builder_version=&#8221;4.16&#8243; header_font=&#8221;|||on|||||&#8221; background_image=&#8221;https:\/\/www.hgi-cgs.hr\/wp-content\/uploads\/2020\/04\/20191015_142016a-scaled.jpg&#8221; background_enable_image=&#8221;on&#8221; locked=&#8221;off&#8221; global_colors_info=&#8221;{}&#8221; sticky_transition=&#8221;on&#8221;][\/et_pb_slide][et_pb_slide heading=&#8221;Hrvatski geolo\u0161ki institut&#8221; _builder_version=&#8221;4.16&#8243; header_font=&#8221;|||on|||||&#8221; background_image=&#8221;https:\/\/www.hgi-cgs.hr\/wp-content\/uploads\/2020\/04\/20191014_133538-scaled.jpg&#8221; background_enable_image=&#8221;on&#8221; locked=&#8221;off&#8221; global_colors_info=&#8221;{}&#8221; sticky_transition=&#8221;on&#8221;][\/et_pb_slide][\/et_pb_fullwidth_slider][\/et_pb_section][et_pb_section fb_built=&#8221;1&#8243; _builder_version=&#8221;4.16&#8243; custom_padding=&#8221;||4px|||&#8221; global_colors_info=&#8221;{}&#8221;][et_pb_row _builder_version=&#8221;4.16&#8243; custom_padding=&#8221;||2px|||&#8221; global_colors_info=&#8221;{}&#8221;][et_pb_column type=&#8221;4_4&#8243; _builder_version=&#8221;4.16&#8243; global_colors_info=&#8221;{}&#8221;][et_pb_text _builder_version=&#8221;4.16&#8243; text_font_size=&#8221;32px&#8221; header_2_text_color=&#8221;#1e5096&#8243; header_2_line_height=&#8221;1.2em&#8221; header_4_line_height=&#8221;1.3em&#8221; global_colors_info=&#8221;{}&#8221;]<\/p>\n<h2 style=\"text-align: center; color: #1e5096;\"><strong>ISTRA\u017dIVANJA MINERALNIH SIROVINA<br \/><\/strong><\/h2>\n<p>[\/et_pb_text][\/et_pb_column][\/et_pb_row][\/et_pb_section][et_pb_section fb_built=&#8221;1&#8243; _builder_version=&#8221;4.16&#8243; custom_padding=&#8221;20px||41px|||&#8221; global_colors_info=&#8221;{}&#8221;][et_pb_row _builder_version=&#8221;4.16&#8243; custom_margin=&#8221;-14px|auto||auto||&#8221; custom_padding=&#8221;15px|0px|28px|0px|false|false&#8221; global_colors_info=&#8221;{}&#8221;][et_pb_column type=&#8221;4_4&#8243; _builder_version=&#8221;4.16&#8243; custom_padding=&#8221;|||&#8221; global_colors_info=&#8221;{}&#8221; custom_padding__hover=&#8221;|||&#8221;][et_pb_text _builder_version=&#8221;4.22.1&#8243; custom_padding=&#8221;|10px||10px|false|true&#8221; hover_enabled=&#8221;0&#8243; global_colors_info=&#8221;{}&#8221; sticky_enabled=&#8221;0&#8243;]<\/p>\n<p>Djelatnici Instituta rade na kartama mineralnih sirovina i geolo\u0161ke potencijalnosti mineralnih sirovina Republike Hrvatske, te pru\u017eaju savjetovanje i informacije o prirodnom resursima u RH vezanim za mineralne sirovine u svrhu racionalnog i odr\u017eivog gospodarskog upravljanja mineralnim sirovinama. Karte mineralnih sirovina izra\u0111uju se na temelju litostratigrafskih podloga Osnovne geolo\u0161ke karte RH. Velika se va\u017enost pridaje odr\u017eivom upravljanju mineralnih sirovina i sistematizaciji baze podataka mineralnih sirovina u RH, na temelju izrade Rudarsko-geolo\u0161kih studija pojedinih \u017eupanija. Djelatnici utvr\u0111uju potencijalnost mineralnih sirovina za podru\u010dje RH te imaju veliku ulogu u provedbi strategije gospodarenja mineralnim sirovinama u RH. Djelatnici provode detaljna istra\u017eivanja le\u017ei\u0161ta nemetalnih mineralnih sirovina kao \u0161to su le\u017ei\u0161ta opekarskih glina, gra\u0111evno-tehni\u010dkog kamena i sirovine za cementnu industriju na temelju izrade elaborata o rezervama mineralnih sirovina i ostalih studija. Znanstveni cilj je razviti modele odre\u0111ivanja najpovoljnijih podru\u010dja za istra\u017eivanje i eksploataciju mineralnih sirovina te rje\u0161avanje postanka pojedinih tipova le\u017ei\u0161ta mineralnih sirovina. Uvode se daljinska istra\u017eivanja mineralnih sirovina koriste\u0107i satelitske snimke razli\u010ditih spektara (termalne infracrvene multispektralne i hiperspektralne metode) u kombinaciji s radarskim (LIDAR) podacima, u svrhu preciznijeg geolo\u0161kog kartiranja litologije i mineralogije u svrhu utvr\u0111ivanja mineralnih sirovina. Djelatnici su \u010dlanovi povjerenstava za utvr\u0111ivanje rezervi mineralnih sirovina unutar sektora za rudarstvo pri Ministarstvu gospodarstva, poduzetni\u0161tva i obrta, \u010dime su upoznati s politikama i legislativom mineralnih sirovina, kao i prostornim planiranjem vezanim za mineralne sirovine. Hrvatski geolo\u0161ki institut, kao \u010dlan organizacije udru\u017eenja Europskih geolo\u0161kih slu\u017ebi, sudjelovao je u posljednjih 10 godina u velikom broju OBZOR2020 projekata iz podru\u010dja istra\u017eivanja mineralnih sirovina (SARMA, SNAPSEE, Minerals4EU, MICA, GEO-CRADLE, ProSUM, FORAM, MINLAND), kojima je glavni cilj bio uskla\u0111ivanje podataka o mineralnim sirovinama Europe. Projekt GeoERA (2018-2021) pokrenut je s ciljem realizacije njene \u201cvizije prema Geolo\u0161kom servisu za Europu\u02dd odnosno predstavlja klju\u010dni korak prema uspostavljanju zajedni\u010dke europske baze znanja i zajedni\u010dkom pru\u017eanju geolo\u0161kih usluga za Europu. Geolo\u0161ka baza znanja europskim \u0107e dionicima pru\u017eit otvoren pristup objektivnim i cjelovitim podacima, informacijama, znanju i stru\u010dnosti o potpovr\u0161inskim resursima i njihovom odr\u017eivom kori\u0161tenju i gospodarenju. Hrvatski geolo\u0161ki institut i Sveu\u010dili\u0161te u Zagrebu \u010dlanovi su konzorcija Europskog instituta za inovacije i tehnologiju u podru\u010dju mineralnih sirovina (EIT RawMaterials). O\u010dekuje se zna\u010dajno povla\u010denje sredstava u istra\u017eivanju i obrazovanju u podru\u010dju mineralnih sirovina u Hrvatskoj, \u0161to \u0107e uvelike doprinijeti razvoju istra\u017eiva\u010dke i znanstvene djelatnosti, promociji i poticanju istra\u017eivanja i eksploatacije mineralnih sirovina, pove\u0107anoj produktivnosti s poticajnim radnim mjestima u dobrom radnom okru\u017eenju, unaprje\u0111enju trenutne radne snagu kako bi preuzeli nove radne odgovornosti te omogu\u0107ilo zapo\u0161ljavanje novih ljudi s pravim vje\u0161tinama.<\/p>\n<p>[\/et_pb_text][et_pb_image src=&#8221;https:\/\/www.hgi-cgs.hr\/wp-content\/uploads\/2020\/05\/karte_mineralnih_sirovina_i_geolo\u0161kih_potencijalnosti.jpg&#8221; title_text=&#8221;karte_mineralnih_sirovina_i_geolo\u0161kih_potencijalnosti&#8221; align=&#8221;center&#8221; _builder_version=&#8221;4.16&#8243; width=&#8221;70%&#8221; border_radii=&#8221;on|5px|5px|5px|5px&#8221; box_shadow_style=&#8221;preset1&#8243; global_colors_info=&#8221;{}&#8221;][\/et_pb_image][et_pb_text _builder_version=&#8221;4.16&#8243; text_font_size=&#8221;13px&#8221; custom_margin=&#8221;-30px||||false|false&#8221; global_colors_info=&#8221;{}&#8221;]<\/p>\n<p style=\"text-align: center;\">Primjer Karte mineralnih sirovina i geolo\u0161ke potencijalnosti (Sisa\u010dko-moslava\u010dka \u017eupanija).<\/p>\n<p>[\/et_pb_text][\/et_pb_column][\/et_pb_row][\/et_pb_section]<\/p>\n","protected":false},"excerpt":{"rendered":"<p>ISTRA\u017dIVANJA MINERALNIH SIROVINADjelatnici Instituta rade na kartama mineralnih sirovina i geolo\u0161ke potencijalnosti mineralnih sirovina Republike Hrvatske, te pru\u017eaju savjetovanje i informacije o prirodnom resursima u RH vezanim za mineralne sirovine u svrhu racionalnog i odr\u017eivog gospodarskog upravljanja mineralnim sirovinama. Karte mineralnih sirovina izra\u0111uju se na temelju litostratigrafskih podloga Osnovne geolo\u0161ke karte RH. Velika se va\u017enost [&hellip;]<\/p>\n","protected":false},"author":1,"featured_media":0,"parent":0,"menu_order":0,"comment_status":"closed","ping_status":"closed","template":"","meta":{"_et_pb_use_builder":"on","_et_pb_old_content":"","_et_gb_content_width":"","footnotes":""},"class_list":["post-31548","page","type-page","status-publish","hentry"],"aioseo_notices":[],"_links":{"self":[{"href":"https:\/\/www.hgi-cgs.hr\/en\/wp-json\/wp\/v2\/pages\/31548","targetHints":{"allow":["GET"]}}],"collection":[{"href":"https:\/\/www.hgi-cgs.hr\/en\/wp-json\/wp\/v2\/pages"}],"about":[{"href":"https:\/\/www.hgi-cgs.hr\/en\/wp-json\/wp\/v2\/types\/page"}],"author":[{"embeddable":true,"href":"https:\/\/www.hgi-cgs.hr\/en\/wp-json\/wp\/v2\/users\/1"}],"replies":[{"embeddable":true,"href":"https:\/\/www.hgi-cgs.hr\/en\/wp-json\/wp\/v2\/comments?post=31548"}],"version-history":[{"count":9,"href":"https:\/\/www.hgi-cgs.hr\/en\/wp-json\/wp\/v2\/pages\/31548\/revisions"}],"predecessor-version":[{"id":42343,"href":"https:\/\/www.hgi-cgs.hr\/en\/wp-json\/wp\/v2\/pages\/31548\/revisions\/42343"}],"wp:attachment":[{"href":"https:\/\/www.hgi-cgs.hr\/en\/wp-json\/wp\/v2\/media?parent=31548"}],"curies":[{"name":"wp","href":"https:\/\/api.w.org\/{rel}","templated":true}]}}