{"id":31540,"date":"2020-05-21T10:09:32","date_gmt":"2020-05-21T10:09:32","guid":{"rendered":"http:\/\/www.hgi-cgs.hr\/?page_id=31540"},"modified":"2024-01-24T06:53:54","modified_gmt":"2024-01-24T06:53:54","slug":"geokemijska-istrazivanja-okolisa","status":"publish","type":"page","link":"https:\/\/www.hgi-cgs.hr\/en\/geokemijska-istrazivanja-okolisa\/","title":{"rendered":"Geochemical Environmental"},"content":{"rendered":"<p>[et_pb_section fb_built=&#8221;1&#8243; fullwidth=&#8221;on&#8221; _builder_version=&#8221;4.16&#8243; custom_padding=&#8221;0px||0px|||&#8221; global_colors_info=&#8221;{}&#8221;][et_pb_fullwidth_slider _builder_version=&#8221;4.16&#8243; min_height=&#8221;112px&#8221; height=&#8221;400px&#8221; custom_margin=&#8221;0px||||false|false&#8221; custom_padding=&#8221;0px||18px||false|false&#8221; auto=&#8221;on&#8221; auto_ignore_hover=&#8221;on&#8221; locked=&#8221;off&#8221; global_colors_info=&#8221;{}&#8221;][et_pb_slide heading=&#8221;Hrvatski geolo\u0161ki institut&#8221; _builder_version=&#8221;4.16&#8243; header_font=&#8221;|||on|||||&#8221; background_image=&#8221;https:\/\/www.hgi-cgs.hr\/wp-content\/uploads\/2020\/03\/Br\u010di\u0107_Drvenik02-scaled.jpg&#8221; background_enable_image=&#8221;on&#8221; locked=&#8221;off&#8221; global_colors_info=&#8221;{}&#8221; sticky_transition=&#8221;on&#8221;][\/et_pb_slide][et_pb_slide heading=&#8221;Hrvatski geolo\u0161ki institut&#8221; _builder_version=&#8221;4.16&#8243; header_font=&#8221;|||on|||||&#8221; background_image=&#8221;https:\/\/www.hgi-cgs.hr\/wp-content\/uploads\/2020\/03\/ban2-scaled.jpg&#8221; background_enable_image=&#8221;on&#8221; locked=&#8221;off&#8221; global_colors_info=&#8221;{}&#8221; sticky_transition=&#8221;on&#8221;][\/et_pb_slide][et_pb_slide heading=&#8221;Hrvatski geolo\u0161ki institut&#8221; _builder_version=&#8221;4.16&#8243; header_font=&#8221;|||on|||||&#8221; background_image=&#8221;https:\/\/www.hgi-cgs.hr\/wp-content\/uploads\/2020\/03\/20190228_094232-scaled.jpg&#8221; background_enable_image=&#8221;on&#8221; locked=&#8221;off&#8221; global_colors_info=&#8221;{}&#8221; sticky_transition=&#8221;on&#8221;][\/et_pb_slide][et_pb_slide heading=&#8221;Hrvatski geolo\u0161ki institut&#8221; _builder_version=&#8221;4.16&#8243; header_font=&#8221;|||on|||||&#8221; background_image=&#8221;https:\/\/www.hgi-cgs.hr\/wp-content\/uploads\/2020\/03\/ban3-scaled.jpg&#8221; background_enable_image=&#8221;on&#8221; locked=&#8221;off&#8221; global_colors_info=&#8221;{}&#8221; sticky_transition=&#8221;on&#8221;][\/et_pb_slide][et_pb_slide heading=&#8221;Hrvatski geolo\u0161ki institut&#8221; _builder_version=&#8221;4.16&#8243; header_font=&#8221;|||on|||||&#8221; background_image=&#8221;https:\/\/www.hgi-cgs.hr\/wp-content\/uploads\/2020\/03\/Bijele_stijene-Gorski_kotar-scaled.jpg&#8221; background_enable_image=&#8221;on&#8221; locked=&#8221;off&#8221; global_colors_info=&#8221;{}&#8221; sticky_transition=&#8221;on&#8221;][\/et_pb_slide][et_pb_slide heading=&#8221;Hrvatski geolo\u0161ki institut&#8221; _builder_version=&#8221;4.16&#8243; header_font=&#8221;|||on|||||&#8221; background_image=&#8221;https:\/\/www.hgi-cgs.hr\/wp-content\/uploads\/2020\/03\/ban4-scaled.jpg&#8221; background_enable_image=&#8221;on&#8221; locked=&#8221;off&#8221; global_colors_info=&#8221;{}&#8221; sticky_transition=&#8221;on&#8221;][\/et_pb_slide][et_pb_slide heading=&#8221;Hrvatski geolo\u0161ki institut&#8221; _builder_version=&#8221;4.16&#8243; header_font=&#8221;|||on|||||&#8221; background_image=&#8221;https:\/\/www.hgi-cgs.hr\/wp-content\/uploads\/2020\/03\/ban5-scaled.jpg&#8221; background_enable_image=&#8221;on&#8221; locked=&#8221;off&#8221; global_colors_info=&#8221;{}&#8221; sticky_transition=&#8221;on&#8221;][\/et_pb_slide][et_pb_slide heading=&#8221;Hrvatski geolo\u0161ki institut&#8221; _builder_version=&#8221;4.16&#8243; header_font=&#8221;|||on|||||&#8221; background_image=&#8221;https:\/\/www.hgi-cgs.hr\/wp-content\/uploads\/2020\/04\/20191015_142016a-scaled.jpg&#8221; background_enable_image=&#8221;on&#8221; locked=&#8221;off&#8221; global_colors_info=&#8221;{}&#8221; sticky_transition=&#8221;on&#8221;][\/et_pb_slide][et_pb_slide heading=&#8221;Hrvatski geolo\u0161ki institut&#8221; _builder_version=&#8221;4.16&#8243; header_font=&#8221;|||on|||||&#8221; background_image=&#8221;https:\/\/www.hgi-cgs.hr\/wp-content\/uploads\/2020\/04\/20191014_133538-scaled.jpg&#8221; background_enable_image=&#8221;on&#8221; locked=&#8221;off&#8221; global_colors_info=&#8221;{}&#8221; sticky_transition=&#8221;on&#8221;][\/et_pb_slide][\/et_pb_fullwidth_slider][\/et_pb_section][et_pb_section fb_built=&#8221;1&#8243; _builder_version=&#8221;4.16&#8243; global_colors_info=&#8221;{}&#8221;][et_pb_row _builder_version=&#8221;4.16&#8243; custom_margin=&#8221;|auto|-9px|auto||&#8221; global_colors_info=&#8221;{}&#8221;][et_pb_column type=&#8221;4_4&#8243; _builder_version=&#8221;4.16&#8243; global_colors_info=&#8221;{}&#8221;][et_pb_text _builder_version=&#8221;4.16&#8243; text_font_size=&#8221;32px&#8221; header_2_text_color=&#8221;#1e5096&#8243; header_2_line_height=&#8221;1.2em&#8221; header_4_line_height=&#8221;1.3em&#8221; custom_margin=&#8221;||-9px|||&#8221; global_colors_info=&#8221;{}&#8221;]<\/p>\n<h2 style=\"text-align: center; color: #1e5096;\"><strong>GEOLO\u0160KA ISTRA\u017dIVANJA KVARTARA<br \/> <\/strong><\/h2>\n<h4 style=\"text-align: center;\"><strong>Geokemijska istra\u017eivanja okoli\u0161a<\/strong><\/h4>\n<p>[\/et_pb_text][\/et_pb_column][\/et_pb_row][\/et_pb_section][et_pb_section fb_built=&#8221;1&#8243; _builder_version=&#8221;4.16&#8243; custom_padding=&#8221;20px||41px|||&#8221; global_colors_info=&#8221;{}&#8221;][et_pb_row _builder_version=&#8221;4.16&#8243; custom_margin=&#8221;-10px|auto||auto||&#8221; custom_padding=&#8221;15px|0px|28px|0px|false|false&#8221; global_colors_info=&#8221;{}&#8221;][et_pb_column type=&#8221;4_4&#8243; _builder_version=&#8221;4.16&#8243; custom_padding=&#8221;|||&#8221; global_colors_info=&#8221;{}&#8221; custom_padding__hover=&#8221;|||&#8221;][et_pb_text _builder_version=&#8221;4.23.4&#8243; custom_padding=&#8221;|10px||10px|false|true&#8221; hover_enabled=&#8221;0&#8243; global_colors_info=&#8221;{}&#8221; sticky_enabled=&#8221;0&#8243;]<\/p>\n<p style=\"text-align: left;\">U dana\u0161nje vrijeme geokemijska se istra\u017eivanja sve vi\u0161e ve\u017eu za pra\u0107enje stanja i o\u010duvanje okoli\u0161a. U tu svrhu, prostorni se geokemijski podaci u geoinformacijskim sustavima (GIS) povezuju u baze podataka, iz \u010dega nastaju geokemijske karte i atlasi koji su potreba, a sve vi\u0161e i standard nacionalnih programa odr\u017eivog razvoja.<\/p>\n<p style=\"text-align: left;\">U Zavodu za geologiju su geokemijska istra\u017eivanja usmjerena na I) izradu geokemijskih atlasa <em><a href=\"https:\/\/www.hgi-cgs.hr\/wp-content\/uploads\/2020\/10\/Sl.-4.Tp-Drenazni-scaled.jpg\">drena\u017enih bazena<\/a><\/em> u kojima se izdvajaju geogeni i antropogeni utjecaji na tlo i procjenjuje njegovo eventualno one\u010di\u0161\u0107enje; II)<em><a href=\"https:\/\/www.hgi-cgs.hr\/projekti-eu-fondova-urge\/\"> urbano geokemijsko ispitivanje tala u naseljima i gradovima Republike Hrvatske<\/a><\/em> vezano za geokemijsku karakterizaciju tala u smislu detekcije povi\u0161enih sadr\u017eaja potencijalno toksi\u010dnih kemijskih elemenata \u0161to ima izniman zna\u010daj za dugoro\u010dno planiranje urbanizacije naselja i gradova, a bitno se odra\u017eava i na samu kvalitetu \u017eivota u njima.<\/p>\n<p style=\"text-align: left;\">U Zavodu za mineralne sirovine i marinsku geologiju provode se geokemijska istra\u017eivanja, koja uklju\u010duju geokemijsko kartiranje i rekonstrukcije kvartarnih okoli\u0161a na temelju jezerskih i morskih sedimenata te geolo\u0161ko istra\u017eivanje podmorja. Geokemijsko kartiranje RH rezultiralo je izradom geokemijskog atlasa RH (Halami\u0107 &amp; Miko, 2009) i omogu\u0107uje dugotrajniji monitoring geokemijskog stanja tala, te \u00a0pra\u0107enje organske tvari u tlima. Istra\u017eivanje geokemije okoli\u0161a uklju\u010duje i geokemiju urbanih podru\u010dja, u svrhu utvr\u0111ivanja antropogenog utjecaja na okoli\u0161. Geokemijska karakterizacija jezerskih i plitkomorskih sedimenata i njihovih slivnih podru\u010dja provodi se za rekonstrukciju kvartarnih okoli\u0161a, utvr\u0111ivanja porijekla materijala, stupnja one\u010di\u0161\u0107enja i zakiseljenosti odnosno eutrofikacije jezera, rijeka i mora, kao i \u0161umskih tala, uzrkovanih klimatskim ili antropogenim promjenama.<\/p>\n<p style=\"text-align: left;\">Geokemijska istra\u017eivanja okoli\u0161a provedena su u sklopu projekta <em><a href=\"https:\/\/www.hgi-cgs.hr\/promjena-zaliha-ugljika-u-tlu-i-izracun-trendova-ukupnog-dusika-i-organskog-ugljika-u-tlu-te-odnosa-cn\/\"><strong>\u201ePromjena zaliha ugljika u tlu i izra\u010dun trendova ukupnog du\u0161ika i organskog ugljika u tlu te odnosa C:N\u201c<\/strong><\/a><\/em>, tijekom kojeg se provelo uzorkovanje tala Hrvatske sa 720 lokacija i analiziralo ukupno 1880 uzoraka.\u00a0 Rezultati projekta su izra\u010duni organskog ugljika (Corg) u tlu, rekalkulacija zaliha ugljika (C) u tlu napravljenih 2012. godine s novim podacima za C i fizikalnim parametrima, izra\u010duni Corg u organskom sloju za \u0161umska tla, izra\u010duni ukupnog du\u0161ika (N) i odnosa C i N, definiranje i smanjenje naj\u010de\u0161\u0107ih izvora nesigurnosti pri procjeni zaliha Corg u tlu (gusto\u0107e tla i kamenitosti ili skeleta u tlu) te izrada i valorizacija regionalnih pedotransfernih funkcija radi bolje procjene gusto\u0107e tla i skeleta iz ostalih dostupnih podataka. Rezultati projekta dostupni su na ENVI portalu okoli\u0161a:<\/p>\n<p style=\"text-align: left;\"><a href=\"http:\/\/envi.azo.hr\/?topic=3\"><em>http:\/\/envi.azo.hr\/?topic=3<\/em><\/a><\/p>\n<p>[\/et_pb_text][\/et_pb_column][\/et_pb_row][et_pb_row column_structure=&#8221;1_2,1_2&#8243; _builder_version=&#8221;4.16&#8243; _module_preset=&#8221;default&#8221; global_colors_info=&#8221;{}&#8221;][et_pb_column type=&#8221;1_2&#8243; _builder_version=&#8221;4.16&#8243; _module_preset=&#8221;default&#8221; global_colors_info=&#8221;{}&#8221;][et_pb_image src=&#8221;https:\/\/www.hgi-cgs.hr\/wp-content\/uploads\/2020\/05\/karta-zaliha-organskog-ugljika.jpg&#8221; title_text=&#8221;karta zaliha organskog ugljika&#8221; align=&#8221;center&#8221; _builder_version=&#8221;4.16&#8243; width=&#8221;99%&#8221; module_alignment=&#8221;right&#8221; border_radii=&#8221;on|5px|5px|5px|5px&#8221; box_shadow_style=&#8221;preset1&#8243; global_colors_info=&#8221;{}&#8221;][\/et_pb_image][et_pb_text _builder_version=&#8221;4.16&#8243; text_font_size=&#8221;13px&#8221; custom_margin=&#8221;-14px|||||&#8221; global_colors_info=&#8221;{}&#8221;]<\/p>\n<p style=\"text-align: center;\">Karta zalihe organskog ugljika u tlu Republike Hrvatske.<\/p>\n<p>[\/et_pb_text][\/et_pb_column][et_pb_column type=&#8221;1_2&#8243; _builder_version=&#8221;4.16&#8243; _module_preset=&#8221;default&#8221; global_colors_info=&#8221;{}&#8221;][et_pb_image src=&#8221;https:\/\/www.hgi-cgs.hr\/wp-content\/uploads\/2020\/10\/Sl.-4.U-Prostorna-raspodjela-olova-u-tlu-na-podrucju-grada-Siska-scaled.jpg&#8221; title_text=&#8221;Sl. 4.U Prostorna raspodjela olova u tlu na podru\u010dju grada Siska&#8221; _builder_version=&#8221;4.16&#8243; _module_preset=&#8221;default&#8221; width=&#8221;74%&#8221; module_alignment=&#8221;left&#8221; border_radii=&#8221;on|5px|5px|5px|5px&#8221; box_shadow_style=&#8221;preset1&#8243; box_shadow_blur=&#8221;15px&#8221; global_colors_info=&#8221;{}&#8221;][\/et_pb_image][et_pb_text _builder_version=&#8221;4.16&#8243; text_font_size=&#8221;13px&#8221; custom_margin=&#8221;-14px|||||&#8221; custom_padding=&#8221;|140px|||false|false&#8221; global_colors_info=&#8221;{}&#8221;]<\/p>\n<p style=\"text-align: center;\">Prostorna raspodjela olova u tlu na podru\u010dju grada Siska<\/p>\n<p>[\/et_pb_text][\/et_pb_column][\/et_pb_row][\/et_pb_section]<\/p>\n","protected":false},"excerpt":{"rendered":"<p>GEOLO\u0160KA ISTRA\u017dIVANJA KVARTARA Geokemijska istra\u017eivanja okoli\u0161aU dana\u0161nje vrijeme geokemijska se istra\u017eivanja sve vi\u0161e ve\u017eu za pra\u0107enje stanja i o\u010duvanje okoli\u0161a. U tu svrhu, prostorni se geokemijski podaci u geoinformacijskim sustavima (GIS) povezuju u baze podataka, iz \u010dega nastaju geokemijske karte i atlasi koji su potreba, a sve vi\u0161e i standard nacionalnih programa odr\u017eivog razvoja. U [&hellip;]<\/p>\n","protected":false},"author":1,"featured_media":0,"parent":0,"menu_order":0,"comment_status":"closed","ping_status":"closed","template":"","meta":{"_et_pb_use_builder":"on","_et_pb_old_content":"","_et_gb_content_width":"","footnotes":""},"class_list":["post-31540","page","type-page","status-publish","hentry"],"aioseo_notices":[],"_links":{"self":[{"href":"https:\/\/www.hgi-cgs.hr\/en\/wp-json\/wp\/v2\/pages\/31540","targetHints":{"allow":["GET"]}}],"collection":[{"href":"https:\/\/www.hgi-cgs.hr\/en\/wp-json\/wp\/v2\/pages"}],"about":[{"href":"https:\/\/www.hgi-cgs.hr\/en\/wp-json\/wp\/v2\/types\/page"}],"author":[{"embeddable":true,"href":"https:\/\/www.hgi-cgs.hr\/en\/wp-json\/wp\/v2\/users\/1"}],"replies":[{"embeddable":true,"href":"https:\/\/www.hgi-cgs.hr\/en\/wp-json\/wp\/v2\/comments?post=31540"}],"version-history":[{"count":13,"href":"https:\/\/www.hgi-cgs.hr\/en\/wp-json\/wp\/v2\/pages\/31540\/revisions"}],"predecessor-version":[{"id":42869,"href":"https:\/\/www.hgi-cgs.hr\/en\/wp-json\/wp\/v2\/pages\/31540\/revisions\/42869"}],"wp:attachment":[{"href":"https:\/\/www.hgi-cgs.hr\/en\/wp-json\/wp\/v2\/media?parent=31540"}],"curies":[{"name":"wp","href":"https:\/\/api.w.org\/{rel}","templated":true}]}}