{"id":31530,"date":"2020-05-21T10:01:27","date_gmt":"2020-05-21T10:01:27","guid":{"rendered":"http:\/\/www.hgi-cgs.hr\/?page_id=31530"},"modified":"2024-01-24T06:55:43","modified_gmt":"2024-01-24T06:55:43","slug":"geoloska-karta-podmorja","status":"publish","type":"page","link":"https:\/\/www.hgi-cgs.hr\/en\/geoloska-karta-podmorja\/","title":{"rendered":"Geological map of  Croatian Adriatic Sea"},"content":{"rendered":"<p>[et_pb_section fb_built=&#8221;1&#8243; fullwidth=&#8221;on&#8221; _builder_version=&#8221;4.16&#8243; custom_padding=&#8221;0px||0px|||&#8221; global_colors_info=&#8221;{}&#8221;][et_pb_fullwidth_slider _builder_version=&#8221;4.16&#8243; min_height=&#8221;112px&#8221; height=&#8221;400px&#8221; custom_margin=&#8221;0px||||false|false&#8221; custom_padding=&#8221;0px||18px||false|false&#8221; auto=&#8221;on&#8221; auto_ignore_hover=&#8221;on&#8221; locked=&#8221;off&#8221; global_colors_info=&#8221;{}&#8221;][et_pb_slide heading=&#8221;Hrvatski geolo\u0161ki institut&#8221; _builder_version=&#8221;4.16&#8243; header_font=&#8221;|||on|||||&#8221; background_image=&#8221;https:\/\/www.hgi-cgs.hr\/wp-content\/uploads\/2020\/03\/Br\u010di\u0107_Drvenik02-scaled.jpg&#8221; background_enable_image=&#8221;on&#8221; locked=&#8221;off&#8221; global_colors_info=&#8221;{}&#8221; sticky_transition=&#8221;on&#8221;][\/et_pb_slide][et_pb_slide heading=&#8221;Hrvatski geolo\u0161ki institut&#8221; _builder_version=&#8221;4.16&#8243; header_font=&#8221;|||on|||||&#8221; background_image=&#8221;https:\/\/www.hgi-cgs.hr\/wp-content\/uploads\/2020\/03\/ban2-scaled.jpg&#8221; background_enable_image=&#8221;on&#8221; locked=&#8221;off&#8221; global_colors_info=&#8221;{}&#8221; sticky_transition=&#8221;on&#8221;][\/et_pb_slide][et_pb_slide heading=&#8221;Hrvatski geolo\u0161ki institut&#8221; _builder_version=&#8221;4.16&#8243; header_font=&#8221;|||on|||||&#8221; background_image=&#8221;https:\/\/www.hgi-cgs.hr\/wp-content\/uploads\/2020\/03\/20190228_094232-scaled.jpg&#8221; background_enable_image=&#8221;on&#8221; locked=&#8221;off&#8221; global_colors_info=&#8221;{}&#8221; sticky_transition=&#8221;on&#8221;][\/et_pb_slide][et_pb_slide heading=&#8221;Hrvatski geolo\u0161ki institut&#8221; _builder_version=&#8221;4.16&#8243; header_font=&#8221;|||on|||||&#8221; background_image=&#8221;https:\/\/www.hgi-cgs.hr\/wp-content\/uploads\/2020\/03\/ban3-scaled.jpg&#8221; background_enable_image=&#8221;on&#8221; locked=&#8221;off&#8221; global_colors_info=&#8221;{}&#8221; sticky_transition=&#8221;on&#8221;][\/et_pb_slide][et_pb_slide heading=&#8221;Hrvatski geolo\u0161ki institut&#8221; _builder_version=&#8221;4.16&#8243; header_font=&#8221;|||on|||||&#8221; background_image=&#8221;https:\/\/www.hgi-cgs.hr\/wp-content\/uploads\/2020\/03\/Bijele_stijene-Gorski_kotar-scaled.jpg&#8221; background_enable_image=&#8221;on&#8221; locked=&#8221;off&#8221; global_colors_info=&#8221;{}&#8221; sticky_transition=&#8221;on&#8221;][\/et_pb_slide][et_pb_slide heading=&#8221;Hrvatski geolo\u0161ki institut&#8221; _builder_version=&#8221;4.16&#8243; header_font=&#8221;|||on|||||&#8221; background_image=&#8221;https:\/\/www.hgi-cgs.hr\/wp-content\/uploads\/2020\/03\/ban4-scaled.jpg&#8221; background_enable_image=&#8221;on&#8221; locked=&#8221;off&#8221; global_colors_info=&#8221;{}&#8221; sticky_transition=&#8221;on&#8221;][\/et_pb_slide][et_pb_slide heading=&#8221;Hrvatski geolo\u0161ki institut&#8221; _builder_version=&#8221;4.16&#8243; header_font=&#8221;|||on|||||&#8221; background_image=&#8221;https:\/\/www.hgi-cgs.hr\/wp-content\/uploads\/2020\/03\/ban5-scaled.jpg&#8221; background_enable_image=&#8221;on&#8221; locked=&#8221;off&#8221; global_colors_info=&#8221;{}&#8221; sticky_transition=&#8221;on&#8221;][\/et_pb_slide][\/et_pb_fullwidth_slider][\/et_pb_section][et_pb_section fb_built=&#8221;1&#8243; _builder_version=&#8221;4.16&#8243; global_colors_info=&#8221;{}&#8221;][et_pb_row _builder_version=&#8221;4.16&#8243; global_colors_info=&#8221;{}&#8221;][et_pb_column type=&#8221;4_4&#8243; _builder_version=&#8221;4.16&#8243; global_colors_info=&#8221;{}&#8221;][et_pb_text _builder_version=&#8221;4.23.4&#8243; text_font_size=&#8221;32px&#8221; header_2_text_color=&#8221;#1e5096&#8243; hover_enabled=&#8221;0&#8243; global_colors_info=&#8221;{}&#8221; sticky_enabled=&#8221;0&#8243;]<\/p>\n<h2 style=\"text-align: center; color: #1e5096;\"><strong>ZAVOD ZA MINERALNE SIROVINE I MARINSKU GEOLOGIJU<br \/><\/strong><\/h2>\n<h2 style=\"text-align: center; color: #1e5096;\"><strong>Program geolo\u0161kih karata<\/strong><\/h2>\n<p>[\/et_pb_text][et_pb_text _builder_version=&#8221;4.16&#8243; text_font=&#8221;|300|||||||&#8221; ul_font=&#8221;||||||||&#8221; header_font=&#8221;||||||||&#8221; header_text_align=&#8221;center&#8221; header_2_font=&#8221;|800|||||||&#8221; header_2_text_align=&#8221;center&#8221; header_2_text_color=&#8221;#1e5096&#8243; header_2_font_size=&#8221;54px&#8221; header_3_font=&#8221;|300|||||||&#8221; text_orientation=&#8221;center&#8221; min_height=&#8221;45px&#8221; custom_margin=&#8221;20px||-30px|||&#8221; custom_padding=&#8221;||0px|||&#8221; animation_direction=&#8221;bottom&#8221; header_2_font_size_tablet=&#8221;&#8221; header_2_font_size_phone=&#8221;30px&#8221; header_2_font_size_last_edited=&#8221;on|phone&#8221; header_2_text_shadow_style=&#8221;preset1&#8243; header_2_text_shadow_horizontal_length=&#8221;0.03em&#8221; header_2_text_shadow_vertical_length=&#8221;0.03em&#8221; header_2_text_shadow_blur_strength=&#8221;0.05em&#8221; header_2_text_shadow_color=&#8221;rgba(0,0,0,0.3)&#8221; global_colors_info=&#8221;{}&#8221;]<\/p>\n<h3><strong>Geolo\u0161ka karta podmorja<br \/> <\/strong><\/h3>\n<p>[\/et_pb_text][\/et_pb_column][\/et_pb_row][\/et_pb_section][et_pb_section fb_built=&#8221;1&#8243; _builder_version=&#8221;4.16&#8243; custom_padding=&#8221;20px||41px|||&#8221; global_colors_info=&#8221;{}&#8221;][et_pb_row _builder_version=&#8221;4.16&#8243; custom_padding=&#8221;2px||50px|||&#8221; global_colors_info=&#8221;{}&#8221;][et_pb_column type=&#8221;4_4&#8243; _builder_version=&#8221;4.16&#8243; custom_padding=&#8221;|||&#8221; global_colors_info=&#8221;{}&#8221; custom_padding__hover=&#8221;|||&#8221;][et_pb_tabs _builder_version=&#8221;4.16&#8243; custom_margin=&#8221;16px|||||&#8221; global_colors_info=&#8221;{}&#8221;][et_pb_tab title=&#8221;O projektu&#8221; _builder_version=&#8221;4.16&#8243; global_colors_info=&#8221;{}&#8221;]<\/p>\n<p style=\"text-align: left;\">Kartiranje morskih okoli\u0161a jedan je od zna\u010dajnih komponenti u planiranju mre\u017ee za\u0161ti\u0107enih morskih podru\u010dja i okoli\u0161a te kartiranja stani\u0161ta. Podloga za ove projekte nalazi se u Uredbi o uspostavi okvira za djelovanje Republike Hrvatske u za\u0161titi morskog okoli\u0161a (NN 136\/11), a kojom su preuzete odredbe Direktive 2008\/56\/EZ Europskog parlamenta i Vije\u0107a od 17. lipnja 2008. godine kojom se uspostavlja okvir za djelovanje Zajednice u podru\u010dju politike morskoga okoli\u0161a (Okvirne direktive o morskoj strategiji). Cilj programske sastavnice je po\u010detak sistematskog geolo\u0161kog kartiranja morskog dna hrvatskog dijela jadranskog mora. Potreba za sistematskim geolo\u0161kim kartiranjem podmorja predstavlja izazov koji Hrvatski geolo\u0161ki institut mo\u017ee provesti u suradnji s institucijama koji posjeduju adekvatnu opremu terensku opremu (brodove i geofizi\u010dku opremu), ali ne i dovoljnu kadrovsku (geolo\u0161ku) i laboratorijsku opremljenost za izvo\u0111enje takvog projekta.<\/p>\n<p style=\"text-align: left;\">Geolo\u0161ka karta podmorja (GKP) izra\u0111ivat \u0107e se na temelju iskustava susjedne Italije koja je zavr\u0161ila i tiskala geolo\u0161ke karte talijanskog dijela jadranskog podmorja u mjerilu 1:250.000 u 2011. (Geolo\u0161ka slu\u017eba Italije-ISPRA). Prema njihovom primjeru koristit \u0107e se komplementarna mjerila za prikazivanje i istra\u017eivanje geologije podmorja: mjerilo od 1:25.0000 za preglednu kartografija i mjerilo 1:50.000 kao produ\u017eetak osnovne geolo\u0161ke kartografije na hrvatskom kopnu. Prvo mjerilo u cijelosti je posve\u0107ena podmorju i omogu\u0107uje da prikaz dubljih geolo\u0161kih formacija i strukturne elementa uklju\u010duju\u0107i i off-shore strukture dobivenih seizmi\u010dkim istra\u017eivanjem a kojima je mogu\u0107e definirati i istaknuti aktivne geolo\u0161ke strukture podru\u010dja potencijalnog rizika (seizmi\u010dka, vulkanske, podvodna klizi\u0161ta ) itd. Karta \u0107e se raditi u mjerilu 1:50.000 \u0161to \u0107e omogu\u0107iti bolje upravljanje obalnim podru\u010djima jer \u0107e se karte vezati na geolo\u0161ke karte i geolo\u0161ke formacije na kopnu.<\/p>\n<p>[\/et_pb_tab][et_pb_tab title=&#8221;Voditelj&#8221; _builder_version=&#8221;4.16&#8243; global_colors_info=&#8221;{}&#8221;]<\/p>\n<p><strong><em>Dr.sc. <span>Slobodan Miko <\/span><br \/> <\/em><\/strong><\/p>\n<p>[\/et_pb_tab][et_pb_tab title=&#8221;Suradnici&#8221; _builder_version=&#8221;4.16&#8243; global_colors_info=&#8221;{}&#8221;]<\/p>\n<p style=\"text-align: left;\">Ozren Hasan<\/p>\n<p style=\"text-align: left;\">Nikolina Ilijani\u0107<\/p>\n<p style=\"text-align: left;\">Dea Brunovi\u0107<\/p>\n<p style=\"text-align: left;\">Martina \u0160parica Miko<\/p>\n<p>[\/et_pb_tab][\/et_pb_tabs][et_pb_image src=&#8221;https:\/\/www.hgi-cgs.hr\/wp-content\/uploads\/2020\/05\/Geolo\u0161ka-karta-podmorja_Primjer-Novigradsko-more_1.jpg&#8221; title_text=&#8221;Geolo\u0161ka karta podmorja_Primjer Novigradsko more_1&#8243; align=&#8221;center&#8221; _builder_version=&#8221;4.16&#8243; width=&#8221;65%&#8221; module_alignment=&#8221;center&#8221; border_radii=&#8221;on|5px|5px|5px|5px&#8221; box_shadow_style=&#8221;preset1&#8243; global_colors_info=&#8221;{}&#8221;][\/et_pb_image][et_pb_text _builder_version=&#8221;4.16&#8243; text_font_size=&#8221;13px&#8221; custom_margin=&#8221;-30px||||false|false&#8221; global_colors_info=&#8221;{}&#8221;]<\/p>\n<p style=\"text-align: center;\">Primjeri geolo\u0161ke karte podmorja pojedinih podru\u010dja Republike Hrvatske.<\/p>\n<p>[\/et_pb_text][\/et_pb_column][\/et_pb_row][\/et_pb_section]<\/p>\n","protected":false},"excerpt":{"rendered":"<p>ZAVOD ZA MINERALNE SIROVINE I MARINSKU GEOLOGIJU Program geolo\u0161kih karataGeolo\u0161ka karta podmorja Kartiranje morskih okoli\u0161a jedan je od zna\u010dajnih komponenti u planiranju mre\u017ee za\u0161ti\u0107enih morskih podru\u010dja i okoli\u0161a te kartiranja stani\u0161ta. Podloga za ove projekte nalazi se u Uredbi o uspostavi okvira za djelovanje Republike Hrvatske u za\u0161titi morskog okoli\u0161a (NN 136\/11), a kojom su [&hellip;]<\/p>\n","protected":false},"author":1,"featured_media":0,"parent":0,"menu_order":0,"comment_status":"closed","ping_status":"closed","template":"","meta":{"_et_pb_use_builder":"on","_et_pb_old_content":"","_et_gb_content_width":"","footnotes":""},"class_list":["post-31530","page","type-page","status-publish","hentry"],"aioseo_notices":[],"_links":{"self":[{"href":"https:\/\/www.hgi-cgs.hr\/en\/wp-json\/wp\/v2\/pages\/31530","targetHints":{"allow":["GET"]}}],"collection":[{"href":"https:\/\/www.hgi-cgs.hr\/en\/wp-json\/wp\/v2\/pages"}],"about":[{"href":"https:\/\/www.hgi-cgs.hr\/en\/wp-json\/wp\/v2\/types\/page"}],"author":[{"embeddable":true,"href":"https:\/\/www.hgi-cgs.hr\/en\/wp-json\/wp\/v2\/users\/1"}],"replies":[{"embeddable":true,"href":"https:\/\/www.hgi-cgs.hr\/en\/wp-json\/wp\/v2\/comments?post=31530"}],"version-history":[{"count":5,"href":"https:\/\/www.hgi-cgs.hr\/en\/wp-json\/wp\/v2\/pages\/31530\/revisions"}],"predecessor-version":[{"id":42871,"href":"https:\/\/www.hgi-cgs.hr\/en\/wp-json\/wp\/v2\/pages\/31530\/revisions\/42871"}],"wp:attachment":[{"href":"https:\/\/www.hgi-cgs.hr\/en\/wp-json\/wp\/v2\/media?parent=31530"}],"curies":[{"name":"wp","href":"https:\/\/api.w.org\/{rel}","templated":true}]}}