{"id":31296,"date":"2020-05-14T11:57:47","date_gmt":"2020-05-14T11:57:47","guid":{"rendered":"http:\/\/www.hgi-cgs.hr\/?page_id=31296"},"modified":"2021-10-08T09:07:32","modified_gmt":"2021-10-08T09:07:32","slug":"nacionalni-kompetativni-projekti-issah","status":"publish","type":"page","link":"https:\/\/www.hgi-cgs.hr\/en\/nacionalni-kompetativni-projekti-issah\/","title":{"rendered":"Nacionalni kompetativni projekti-ISSAH"},"content":{"rendered":"<p>[et_pb_section fb_built=&#8221;1&#8243; fullwidth=&#8221;on&#8221; _builder_version=&#8221;4.4.1&#8243; custom_padding=&#8221;0px||0px|||&#8221; global_colors_info=&#8221;{}&#8221;][et_pb_fullwidth_slider _builder_version=&#8221;4.4.2&#8243; min_height=&#8221;112px&#8221; height=&#8221;400px&#8221; custom_margin=&#8221;0px||||false|false&#8221; custom_padding=&#8221;0px||18px||false|false&#8221; auto=&#8221;on&#8221; auto_ignore_hover=&#8221;on&#8221; locked=&#8221;off&#8221; global_colors_info=&#8221;{}&#8221;][et_pb_slide heading=&#8221;Hrvatski geolo\u0161ki institut&#8221; _builder_version=&#8221;4.4.1&#8243; header_font=&#8221;|||on|||||&#8221; background_image=&#8221;https:\/\/www.hgi-cgs.hr\/wp-content\/uploads\/2020\/03\/Br\u010di\u0107_Drvenik02-scaled.jpg&#8221; background_enable_image=&#8221;on&#8221; locked=&#8221;off&#8221; global_colors_info=&#8221;{}&#8221; sticky_transition=&#8221;on&#8221;][\/et_pb_slide][et_pb_slide heading=&#8221;Hrvatski geolo\u0161ki institut&#8221; _builder_version=&#8221;4.4.1&#8243; header_font=&#8221;|||on|||||&#8221; background_image=&#8221;https:\/\/www.hgi-cgs.hr\/wp-content\/uploads\/2020\/03\/ban2-scaled.jpg&#8221; background_enable_image=&#8221;on&#8221; locked=&#8221;off&#8221; global_colors_info=&#8221;{}&#8221; sticky_transition=&#8221;on&#8221;][\/et_pb_slide][et_pb_slide heading=&#8221;Hrvatski geolo\u0161ki institut&#8221; _builder_version=&#8221;4.4.1&#8243; header_font=&#8221;|||on|||||&#8221; background_image=&#8221;https:\/\/www.hgi-cgs.hr\/wp-content\/uploads\/2020\/03\/20190228_094232-scaled.jpg&#8221; background_enable_image=&#8221;on&#8221; locked=&#8221;off&#8221; global_colors_info=&#8221;{}&#8221; sticky_transition=&#8221;on&#8221;][\/et_pb_slide][et_pb_slide heading=&#8221;Hrvatski geolo\u0161ki institut&#8221; _builder_version=&#8221;4.4.1&#8243; header_font=&#8221;|||on|||||&#8221; background_image=&#8221;https:\/\/www.hgi-cgs.hr\/wp-content\/uploads\/2020\/03\/ban3-scaled.jpg&#8221; background_enable_image=&#8221;on&#8221; locked=&#8221;off&#8221; global_colors_info=&#8221;{}&#8221; sticky_transition=&#8221;on&#8221;][\/et_pb_slide][et_pb_slide heading=&#8221;Hrvatski geolo\u0161ki institut&#8221; _builder_version=&#8221;4.4.1&#8243; header_font=&#8221;|||on|||||&#8221; background_image=&#8221;https:\/\/www.hgi-cgs.hr\/wp-content\/uploads\/2020\/03\/Bijele_stijene-Gorski_kotar-scaled.jpg&#8221; background_enable_image=&#8221;on&#8221; locked=&#8221;off&#8221; global_colors_info=&#8221;{}&#8221; sticky_transition=&#8221;on&#8221;][\/et_pb_slide][et_pb_slide heading=&#8221;Hrvatski geolo\u0161ki institut&#8221; _builder_version=&#8221;4.4.1&#8243; header_font=&#8221;|||on|||||&#8221; background_image=&#8221;https:\/\/www.hgi-cgs.hr\/wp-content\/uploads\/2020\/03\/ban4-scaled.jpg&#8221; background_enable_image=&#8221;on&#8221; locked=&#8221;off&#8221; global_colors_info=&#8221;{}&#8221; sticky_transition=&#8221;on&#8221;][\/et_pb_slide][et_pb_slide heading=&#8221;Hrvatski geolo\u0161ki institut&#8221; _builder_version=&#8221;4.4.1&#8243; header_font=&#8221;|||on|||||&#8221; background_image=&#8221;https:\/\/www.hgi-cgs.hr\/wp-content\/uploads\/2020\/03\/ban5-scaled.jpg&#8221; background_enable_image=&#8221;on&#8221; locked=&#8221;off&#8221; global_colors_info=&#8221;{}&#8221; sticky_transition=&#8221;on&#8221;][\/et_pb_slide][\/et_pb_fullwidth_slider][\/et_pb_section][et_pb_section fb_built=&#8221;1&#8243; _builder_version=&#8221;4.4.2&#8243; custom_padding=&#8221;||5px|||&#8221; global_colors_info=&#8221;{}&#8221;][et_pb_row _builder_version=&#8221;4.4.2&#8243; global_colors_info=&#8221;{}&#8221;][et_pb_column type=&#8221;4_4&#8243; _builder_version=&#8221;4.4.2&#8243; global_colors_info=&#8221;{}&#8221;][et_pb_text _builder_version=&#8221;4.6.5&#8243; text_font_size=&#8221;32px&#8221; header_2_text_color=&#8221;#1e5096&#8243; global_colors_info=&#8221;{}&#8221;]<\/p>\n<h2 style=\"text-align: center; color: #1e5096;\"><strong>ZAVOD ZA HIDROGEOLOGIJU I IN\u017dENJERSKU GEOLOGIJU<br \/> <\/strong><\/h2>\n<h2 style=\"text-align: center; color: #1e5096;\"><strong>Nacionalni kompetitivni projekti<br \/> <\/strong><\/h2>\n<p>[\/et_pb_text][\/et_pb_column][\/et_pb_row][\/et_pb_section][et_pb_section fb_built=&#8221;1&#8243; _builder_version=&#8221;4.4.2&#8243; custom_padding=&#8221;20px||41px|||&#8221; global_colors_info=&#8221;{}&#8221;][et_pb_row _builder_version=&#8221;3.25&#8243; custom_margin=&#8221;-14px|auto||auto||&#8221; custom_padding=&#8221;0px||50px|||&#8221; global_colors_info=&#8221;{}&#8221;][et_pb_column type=&#8221;4_4&#8243; _builder_version=&#8221;3.25&#8243; custom_padding=&#8221;|||&#8221; global_colors_info=&#8221;{}&#8221; custom_padding__hover=&#8221;|||&#8221;][et_pb_text _builder_version=&#8221;4.6.5&#8243; text_font=&#8221;|300|||||||&#8221; ul_font=&#8221;||||||||&#8221; header_font=&#8221;||||||||&#8221; header_text_align=&#8221;center&#8221; header_2_font=&#8221;|800|||||||&#8221; header_2_text_align=&#8221;center&#8221; header_2_text_color=&#8221;#1e5096&#8243; header_2_font_size=&#8221;54px&#8221; header_3_font=&#8221;|300|||||||&#8221; header_3_line_height=&#8221;1.1em&#8221; text_orientation=&#8221;center&#8221; custom_margin=&#8221;3px||5px|||&#8221; custom_padding=&#8221;||0px|||&#8221; animation_direction=&#8221;bottom&#8221; header_2_font_size_tablet=&#8221;&#8221; header_2_font_size_phone=&#8221;30px&#8221; header_2_font_size_last_edited=&#8221;on|phone&#8221; header_2_text_shadow_style=&#8221;preset1&#8243; header_2_text_shadow_horizontal_length=&#8221;0.03em&#8221; header_2_text_shadow_vertical_length=&#8221;0.03em&#8221; header_2_text_shadow_blur_strength=&#8221;0.05em&#8221; header_2_text_shadow_color=&#8221;rgba(0,0,0,0.3)&#8221; global_colors_info=&#8221;{}&#8221;]<\/p>\n<h3><strong><\/strong><strong>ISSAH \u2013 Utjecaj specifi\u010dne povr\u0161ine oplo\u0161ja \u010destice na hidrogeolo\u0161ka svojstva prapora i na njima razvijenih tala isto\u010dne Hrvatske<\/strong><\/h3>\n<p>[\/et_pb_text][et_pb_image src=&#8221;https:\/\/www.hgi-cgs.hr\/wp-content\/uploads\/2018\/09\/issah.jpg&#8221; title_text=&#8221;issah&#8221; _builder_version=&#8221;4.6.5&#8243; width=&#8221;15%&#8221; module_alignment=&#8221;center&#8221; custom_margin=&#8221;0px||||false|false&#8221; global_colors_info=&#8221;{}&#8221;][\/et_pb_image][et_pb_tabs _builder_version=&#8221;4.11.1&#8243; custom_margin=&#8221;-11px|||||&#8221; hover_enabled=&#8221;0&#8243; global_colors_info=&#8221;{}&#8221; sticky_enabled=&#8221;0&#8243;][et_pb_tab title=&#8221;O projektu&#8221; _builder_version=&#8221;4.11.1&#8243; hover_enabled=&#8221;0&#8243; global_colors_info=&#8221;{}&#8221; sticky_enabled=&#8221;0&#8243;]<\/p>\n<p>Na natje\u010daju Hrvatske zaklade za znanost (HRZZ) 2017 godine za financiranje je odabran uspostavni projekt ISSAH. Istra\u017eivanja za potrebe projekta zapo\u010dela su 1. velja\u010de 2018. ukupan prora\u010dun projekta je 1.383.681,05 kn od \u010dega HRZZ financira 85%, a 15% financira HGI.<\/p>\n<p>Cilj projekta ISSAH bio je oformiti istra\u017eiva\u010dku grupu mladih hrvatskih znanstvenika sa raznih institucija i iz razli\u010ditih polja znanosti (hidrogeologija, geologija, agronomija, hidrotehnika) i usmjeriti ju u istra\u017eivanje sitnozrnastih klasti\u010dnih naslaga te proizvesti podlogu budu\u0107ih interdisciplinarnih istra\u017eivanja u svrhu za\u0161tite podzemnih voda i efikasnog kori\u0161tenja zemlji\u0161ta. Predvi\u0111eno trajanje projekta je pet godina. Istra\u017eivanja su regionalno usmjerena na prostor Baranje, Srijema i Isto\u010dne Slavonije gdje prapori i praporu sli\u010dne tvorevine prekrivaju velike povr\u0161ine. Projektni tim \u010dine stru\u010dnjaci iz Hrvatskog geolo\u0161kog instituta, Agronomskog fakulteta Sveu\u010dili\u0161ta u Zagrebu, Rudarsko geolo\u0161ko naftnog fakulteta Sveu\u010dili\u0161ta u Zagrebu i Gra\u0111evinskog fakulteta Sveu\u010dili\u0161ta u Osijeku. U sklopu projekta provode se opse\u017ena istra\u017eivanja prapora i praporolikih naslaga. Na odabranim lokacijama u Baranji (Beli Manastir), Srijemu (Rado\u0161, Ilok) i Vinkovcima formirana su pokusna polja na kojima si izvedene istra\u017ene bu\u0161otine, pedolo\u0161ki raskopi i lizimetarski monitoring te su postavljene meteorolo\u0161ke opa\u017ea\u010dke stanice za potrebe laboratorijskih istra\u017eivanja prisutnih naslaga i za potrebe dugotrajnog hidrogeolo\u0161kog, hidrokemijskog, meteorolo\u0161kog i pedolo\u0161kog monitoringa. Laboratorijske analize provode se u laboratorijima Hrvatskog geolo\u0161kog instituta, Agronomskog fakulteta Sveu\u010dili\u0161ta u Zagrebu i u vanjskim laboratorijima.<\/p>\n<p>Svrha projekta je definirati zna\u010dajke slabo propusnog prapora i\/ili praporolikih naslaga koje prekrivaju vodonosnike isto\u010dne Hrvatske iz kojih se crpi podzemna voda za vodoopskrbu cijeloga istra\u017eivanog podru\u010dja. Zna\u010dajke materijala krovine vodonosnih slojeva, u ovome slu\u010daju prapora i praporolikih naslaga, izuzetno su va\u017ene za za\u0161titu podzemne vode i one \u0107e se kvantificirati kroz multidisciplinarna istra\u017eivanja ovog projekta. Definiranje propusnosti u specifi\u010dne povr\u0161ine krovinskih naslaga, a time posredno i vremena potrebnog da se zaga\u0111ivalo procijedi do podzemne vode te definiranje prostorne raspodjele tih parametara rezultirati \u0107e kvalitetnom podlogom za prostorno planiranje. U smislu poljoprivrede kvantificirati \u0107e se kapacitet zadr\u017eavanja vode u smislu kori\u0161tenja poljoprivrednih zemlji\u0161ta. Time bi rezultati projekta osim za sigurnu vodoopskrbu bili izuzetno vrijedni i za poljoprivrednike u isto\u010dnoj Hrvatskoj.<\/p>\n<p style=\"text-align: left;\"><strong>Web stranica projekta:<a href=\"http:\/\/issah.org\/\" target=\"_blank\" rel=\"noopener noreferrer\"><em> http:\/\/issah.org\/<\/em><\/a><\/strong><\/p>\n<p>[\/et_pb_tab][et_pb_tab title=&#8221;Voditelj&#8221; _builder_version=&#8221;4.11.1&#8243; hover_enabled=&#8221;0&#8243; global_colors_info=&#8221;{}&#8221; sticky_enabled=&#8221;0&#8243;]<\/p>\n<p><strong><em><span>Glavni istra\u017eiva\u010d \/ voditelj:<\/span><\/em><\/strong><em> dr.sc. Kosta Urumovi\u0107<\/em><strong><em><br \/><\/em><\/strong><\/p>\n<p>[\/et_pb_tab][et_pb_tab title=&#8221;Suradnici&#8221; _builder_version=&#8221;4.11.1&#8243; hover_enabled=&#8221;0&#8243; global_colors_info=&#8221;{}&#8221; sticky_enabled=&#8221;0&#8243;]<\/p>\n<p style=\"text-align: left;\">Sta\u0161a Borovi\u0107<\/p>\n<p style=\"text-align: left;\">Jasmina Luka\u010d Reberski<\/p>\n<p style=\"text-align: left;\">Jasmina Martin\u010devi\u0107 Lazar,<\/p>\n<p style=\"text-align: left;\">Vedran Rubini\u0107 (Agronomski fakultet Sveu\u010dili\u0161ta u Zagrebu)<\/p>\n<p style=\"text-align: left;\">Marina Bubalo Kova\u010di\u0107 (Agronomski fakultet Sveu\u010dili\u0161ta u Zagrebu)<\/p>\n<p style=\"text-align: left;\">Ivica Pavi\u010di\u0107 (Rudarsko geolo\u0161ko naftni fakultet Sveu\u010dili\u0161ta u Zagrebu)<\/p>\n<p style=\"text-align: left;\">Tamara Dadi\u0107 (Gra\u0111evinski fakultet Sveu\u010dili\u0161ta u Osijeku)<\/p>\n<p>[\/et_pb_tab][et_pb_tab title=&#8221;Trajanje projekta&#8221; _builder_version=&#8221;4.11.1&#8243; hover_enabled=&#8221;0&#8243; global_colors_info=&#8221;{}&#8221; sticky_enabled=&#8221;0&#8243;]<\/p>\n<p style=\"text-align: left;\"><span><strong>Datum po\u010detka i kraja projekta:<\/strong> 01.02.2018.-31.01.2023.<br \/><\/span><\/p>\n<p><span>\u00a0<\/span><\/p>\n<p>[\/et_pb_tab][et_pb_tab title=&#8221;Kategorija&#8221; _builder_version=&#8221;4.6.5&#8243; global_colors_info=&#8221;{}&#8221;]<\/p>\n<p style=\"text-align: left;\"><span><strong>Kategorija projekta:<\/strong> Hrvatska zaklada za znanost<br \/> <\/span><\/p>\n<p>[\/et_pb_tab][et_pb_tab title=&#8221;Iznos financiranja&#8221; _builder_version=&#8221;4.11.1&#8243; hover_enabled=&#8221;0&#8243; global_colors_info=&#8221;{}&#8221; sticky_enabled=&#8221;0&#8243;]<\/p>\n<p style=\"text-align: left;\"><strong>Ugovoreni iznos financiranja: <\/strong>1.383.681,05 kn (projekt je 85% sufinanciran sredstvima Hrvatske zaklade za znanost)<\/p>\n<p style=\"text-align: left;\"><strong><\/strong><span><strong><em><\/em><\/strong><br \/><\/span><\/p>\n<p>[\/et_pb_tab][et_pb_tab title=&#8221;Status&#8221; _builder_version=&#8221;4.11.1&#8243; hover_enabled=&#8221;0&#8243; global_colors_info=&#8221;{}&#8221; sticky_enabled=&#8221;0&#8243;]<\/p>\n<p><span><strong>Status:<\/strong> Aktivan<em><br \/><\/em><\/span><\/p>\n<p>[\/et_pb_tab][\/et_pb_tabs][\/et_pb_column][\/et_pb_row][\/et_pb_section]<\/p>\n","protected":false},"excerpt":{"rendered":"<p>ZAVOD ZA HIDROGEOLOGIJU I IN\u017dENJERSKU GEOLOGIJU Nacionalni kompetitivni projekti ISSAH \u2013 Utjecaj specifi\u010dne povr\u0161ine oplo\u0161ja \u010destice na hidrogeolo\u0161ka svojstva prapora i na njima razvijenih tala isto\u010dne HrvatskeNa natje\u010daju Hrvatske zaklade za znanost (HRZZ) 2017 godine za financiranje je odabran uspostavni projekt ISSAH. Istra\u017eivanja za potrebe projekta zapo\u010dela su 1. velja\u010de 2018. ukupan prora\u010dun projekta je [&hellip;]<\/p>\n","protected":false},"author":1,"featured_media":0,"parent":0,"menu_order":0,"comment_status":"closed","ping_status":"closed","template":"","meta":{"_et_pb_use_builder":"on","_et_pb_old_content":"","_et_gb_content_width":"","footnotes":""},"class_list":["post-31296","page","type-page","status-publish","hentry"],"aioseo_notices":[],"_links":{"self":[{"href":"https:\/\/www.hgi-cgs.hr\/en\/wp-json\/wp\/v2\/pages\/31296","targetHints":{"allow":["GET"]}}],"collection":[{"href":"https:\/\/www.hgi-cgs.hr\/en\/wp-json\/wp\/v2\/pages"}],"about":[{"href":"https:\/\/www.hgi-cgs.hr\/en\/wp-json\/wp\/v2\/types\/page"}],"author":[{"embeddable":true,"href":"https:\/\/www.hgi-cgs.hr\/en\/wp-json\/wp\/v2\/users\/1"}],"replies":[{"embeddable":true,"href":"https:\/\/www.hgi-cgs.hr\/en\/wp-json\/wp\/v2\/comments?post=31296"}],"version-history":[{"count":8,"href":"https:\/\/www.hgi-cgs.hr\/en\/wp-json\/wp\/v2\/pages\/31296\/revisions"}],"predecessor-version":[{"id":40223,"href":"https:\/\/www.hgi-cgs.hr\/en\/wp-json\/wp\/v2\/pages\/31296\/revisions\/40223"}],"wp:attachment":[{"href":"https:\/\/www.hgi-cgs.hr\/en\/wp-json\/wp\/v2\/media?parent=31296"}],"curies":[{"name":"wp","href":"https:\/\/api.w.org\/{rel}","templated":true}]}}