{"id":31283,"date":"2020-05-14T11:45:22","date_gmt":"2020-05-14T11:45:22","guid":{"rendered":"http:\/\/www.hgi-cgs.hr\/?page_id=31283"},"modified":"2024-10-10T11:43:47","modified_gmt":"2024-10-10T11:43:47","slug":"nacionalni-kompetativni-projekti-tranital","status":"publish","type":"page","link":"https:\/\/www.hgi-cgs.hr\/en\/nacionalni-kompetativni-projekti-tranital\/","title":{"rendered":"Nacionalni kompetativni projekti-TRANITAL"},"content":{"rendered":"<p>[et_pb_section fb_built=&#8221;1&#8243; fullwidth=&#8221;on&#8221; _builder_version=&#8221;4.16&#8243; custom_padding=&#8221;0px||0px|||&#8221; global_colors_info=&#8221;{}&#8221;][et_pb_fullwidth_slider _builder_version=&#8221;4.16&#8243; min_height=&#8221;112px&#8221; height=&#8221;400px&#8221; custom_margin=&#8221;0px||||false|false&#8221; custom_padding=&#8221;0px||18px||false|false&#8221; auto=&#8221;on&#8221; auto_ignore_hover=&#8221;on&#8221; locked=&#8221;off&#8221; global_colors_info=&#8221;{}&#8221;][et_pb_slide heading=&#8221;Hrvatski geolo\u0161ki institut&#8221; _builder_version=&#8221;4.16&#8243; header_font=&#8221;|||on|||||&#8221; background_image=&#8221;https:\/\/www.hgi-cgs.hr\/wp-content\/uploads\/2020\/03\/Br\u010di\u0107_Drvenik02-scaled.jpg&#8221; background_enable_image=&#8221;on&#8221; locked=&#8221;off&#8221; global_colors_info=&#8221;{}&#8221; sticky_transition=&#8221;on&#8221;][\/et_pb_slide][et_pb_slide heading=&#8221;Hrvatski geolo\u0161ki institut&#8221; _builder_version=&#8221;4.16&#8243; header_font=&#8221;|||on|||||&#8221; background_image=&#8221;https:\/\/www.hgi-cgs.hr\/wp-content\/uploads\/2020\/03\/ban2-scaled.jpg&#8221; background_enable_image=&#8221;on&#8221; locked=&#8221;off&#8221; global_colors_info=&#8221;{}&#8221; sticky_transition=&#8221;on&#8221;][\/et_pb_slide][et_pb_slide heading=&#8221;Hrvatski geolo\u0161ki institut&#8221; _builder_version=&#8221;4.16&#8243; header_font=&#8221;|||on|||||&#8221; background_image=&#8221;https:\/\/www.hgi-cgs.hr\/wp-content\/uploads\/2020\/03\/20190228_094232-scaled.jpg&#8221; background_enable_image=&#8221;on&#8221; locked=&#8221;off&#8221; global_colors_info=&#8221;{}&#8221; sticky_transition=&#8221;on&#8221;][\/et_pb_slide][et_pb_slide heading=&#8221;Hrvatski geolo\u0161ki institut&#8221; _builder_version=&#8221;4.16&#8243; header_font=&#8221;|||on|||||&#8221; background_image=&#8221;https:\/\/www.hgi-cgs.hr\/wp-content\/uploads\/2020\/03\/ban3-scaled.jpg&#8221; background_enable_image=&#8221;on&#8221; locked=&#8221;off&#8221; global_colors_info=&#8221;{}&#8221; sticky_transition=&#8221;on&#8221;][\/et_pb_slide][et_pb_slide heading=&#8221;Hrvatski geolo\u0161ki institut&#8221; _builder_version=&#8221;4.16&#8243; header_font=&#8221;|||on|||||&#8221; background_image=&#8221;https:\/\/www.hgi-cgs.hr\/wp-content\/uploads\/2020\/03\/Bijele_stijene-Gorski_kotar-scaled.jpg&#8221; background_enable_image=&#8221;on&#8221; locked=&#8221;off&#8221; global_colors_info=&#8221;{}&#8221; sticky_transition=&#8221;on&#8221;][\/et_pb_slide][et_pb_slide heading=&#8221;Hrvatski geolo\u0161ki institut&#8221; _builder_version=&#8221;4.16&#8243; header_font=&#8221;|||on|||||&#8221; background_image=&#8221;https:\/\/www.hgi-cgs.hr\/wp-content\/uploads\/2020\/03\/ban4-scaled.jpg&#8221; background_enable_image=&#8221;on&#8221; locked=&#8221;off&#8221; global_colors_info=&#8221;{}&#8221; sticky_transition=&#8221;on&#8221;][\/et_pb_slide][et_pb_slide heading=&#8221;Hrvatski geolo\u0161ki institut&#8221; _builder_version=&#8221;4.16&#8243; header_font=&#8221;|||on|||||&#8221; background_image=&#8221;https:\/\/www.hgi-cgs.hr\/wp-content\/uploads\/2020\/03\/ban5-scaled.jpg&#8221; background_enable_image=&#8221;on&#8221; locked=&#8221;off&#8221; global_colors_info=&#8221;{}&#8221; sticky_transition=&#8221;on&#8221;][\/et_pb_slide][\/et_pb_fullwidth_slider][\/et_pb_section][et_pb_section fb_built=&#8221;1&#8243; _builder_version=&#8221;4.16&#8243; global_colors_info=&#8221;{}&#8221;][et_pb_row _builder_version=&#8221;4.16&#8243; global_colors_info=&#8221;{}&#8221;][et_pb_column type=&#8221;4_4&#8243; _builder_version=&#8221;4.16&#8243; global_colors_info=&#8221;{}&#8221;][et_pb_text _builder_version=&#8221;4.16&#8243; text_font_size=&#8221;32px&#8221; header_2_text_color=&#8221;#1e5096&#8243; global_colors_info=&#8221;{}&#8221;]<\/p>\n<h2 style=\"text-align: center; color: #1e5096;\"><strong>ZAVOD ZA HIDROGEOLOGIJU I IN\u017dENJERSKU GEOLOGIJU<br \/> <\/strong><\/h2>\n<h2 style=\"text-align: center; color: #1e5096;\"><strong>Nacionalni kompetitivni projekti<br \/> <\/strong><\/h2>\n<p>[\/et_pb_text][\/et_pb_column][\/et_pb_row][\/et_pb_section][et_pb_section fb_built=&#8221;1&#8243; _builder_version=&#8221;4.16&#8243; custom_padding=&#8221;20px||41px|||&#8221; global_colors_info=&#8221;{}&#8221;][et_pb_row _builder_version=&#8221;4.16&#8243; custom_margin=&#8221;-14px|auto||auto||&#8221; custom_padding=&#8221;0px||50px|||&#8221; global_colors_info=&#8221;{}&#8221;][et_pb_column type=&#8221;4_4&#8243; _builder_version=&#8221;4.16&#8243; custom_padding=&#8221;|||&#8221; global_colors_info=&#8221;{}&#8221; custom_padding__hover=&#8221;|||&#8221;][et_pb_text _builder_version=&#8221;4.16&#8243; text_font=&#8221;|300|||||||&#8221; ul_font=&#8221;||||||||&#8221; header_font=&#8221;||||||||&#8221; header_text_align=&#8221;center&#8221; header_2_font=&#8221;|800|||||||&#8221; header_2_text_align=&#8221;center&#8221; header_2_text_color=&#8221;#1e5096&#8243; header_2_font_size=&#8221;54px&#8221; header_3_font=&#8221;|300|||||||&#8221; header_3_line_height=&#8221;1.1em&#8221; text_orientation=&#8221;center&#8221; custom_margin=&#8221;1px||38px|||&#8221; custom_padding=&#8221;||0px|||&#8221; animation_direction=&#8221;bottom&#8221; header_2_font_size_tablet=&#8221;&#8221; header_2_font_size_phone=&#8221;30px&#8221; header_2_font_size_last_edited=&#8221;on|phone&#8221; header_2_text_shadow_style=&#8221;preset1&#8243; header_2_text_shadow_horizontal_length=&#8221;0.03em&#8221; header_2_text_shadow_vertical_length=&#8221;0.03em&#8221; header_2_text_shadow_blur_strength=&#8221;0.05em&#8221; header_2_text_shadow_color=&#8221;rgba(0,0,0,0.3)&#8221; global_colors_info=&#8221;{}&#8221;]<\/p>\n<h3><strong><\/strong><strong>TRANITAL &#8211; Podrijetlo, pona\u0161anje i modeliranje transporta nitrata u vara\u017edinskom aluvijalnom vodonosniku<\/strong><\/h3>\n<p>[\/et_pb_text][et_pb_image src=&#8221;https:\/\/www.hgi-cgs.hr\/wp-content\/uploads\/2018\/09\/Untitled-6.jpg&#8221; title_text=&#8221;Untitled-6&#8243; _builder_version=&#8221;4.16&#8243; width=&#8221;15%&#8221; module_alignment=&#8221;center&#8221; custom_margin=&#8221;-28px|||||&#8221; global_colors_info=&#8221;{}&#8221;][\/et_pb_image][et_pb_tabs _builder_version=&#8221;4.27.2&#8243; custom_margin=&#8221;-11px|||||&#8221; hover_enabled=&#8221;0&#8243; global_colors_info=&#8221;{}&#8221; sticky_enabled=&#8221;0&#8243;][et_pb_tab title=&#8221;O projektu&#8221; _builder_version=&#8221;4.27.2&#8243; hover_enabled=&#8221;0&#8243; global_colors_info=&#8221;{}&#8221; sticky_enabled=&#8221;0&#8243;]<\/p>\n<p style=\"text-align: left;\">Nitrat je spoj du\u0161ika koji se javlja u prirodni te se pojavljuje u umjerenim koncentracijama u brojnim vodenim sustavima. Antropogene aktivnosti, kao \u0161to su uporaba mineralnih gnojiva i\/ili gnojnice u poljoprivrednoj proizvodnji, kanalizacijski sustavi i druge otpadne vode uzrokuju porast koncentracije nitrata u podzemnim i povr\u0161inskim vodama. Visoke koncentracije nitrata zabilje\u017eene su diljem svijeta, te one dovode do naru\u0161avanja kakvo\u0107e podzemnih i povr\u0161inskih voda \u0161to predstavlja ozbiljan problem za zalihe pitke vode (npr. visoke koncentracije mogu izazvati zdravstvene probleme djeci i \u017eivotinjama) te pridonosi procesu eutrofikacija povr\u0161inskih voda. Budu\u0107i da je problem s visokim koncentracijama nitrata prisutan u svijetu i Europi, provode se intenzivna istra\u017eivanja podrijetla, raspodjele i pona\u0161anja nitrata i du\u0161ikovih srodnih spojeva. Razvijen je interdisciplinarni pristup za istra\u017eivanje prostorno-vremenske raspodjele koncentracija nitrata, pona\u0161anja i podrijetla nitrata u vodonosnim sustavima na razini slivnog podru\u010dja vodonosnika. Kao odgovor na probleme s visokim koncentracijama nitrata, Europska unija provodi politiku za\u0161tite okoli\u0161a, te u zakonodavstvo uklju\u010duje Nitratnu direktivu 91\/676\/EEC i Direktivu o podzemnim vodama 2006\/118\/EU kojima se zabranjuje da koncentracije nitrata u podzemnim vodama prelaze maksimalno dozvoljenu koncentraciju od 50 mg\/L i zahtijevaju da se poduzmu potrebite akcije kako bi se koncentracije nitrata smanjile te sprije\u010dilo naru\u0161avanje postoje\u0107eg stanja. Isti zakon vrijedi i u Hrvatskoj. U nekim dijelovima Hrvatske, intenzivna poljoprivredna proizvodnja uzrokuje one\u010di\u0161\u0107enje podzemnih voda sa nitratima. Primjer takvog podru\u010dja s visokim koncentracijama nitrata u podzemnim vodama je okolica grada Vara\u017edina. Ovo podru\u010dje je gusto naseljeno s intenzivnom industrijskom i poljoprivrednom proizvodnjom. Poljoprivrednici proizvode velike koli\u010dine poljoprivrednih proizvoda, kao \u0161to su kukuruz, kupus, krumpir i sl. Peradarska proizvodnja je tako\u0111er intenzivna, posebno tov pili\u0107a, prepelica i fazana, te je prisutan i uzgoj koko\u0161i nesilica. Zahtjevi za vodom za pi\u0107e i industriju je u porastu. Visoke koncentracije nitrata je uzrok ga\u0161enja crpili\u0161ta &#8221;Vara\u017edin&#8221;. Podru\u010dje istra\u017eivanja zahva\u0107a slivna podru\u010dja crpili\u0161ta &#8221;Vara\u017edin&#8221; i &#8221;Vinoko\u0161\u010dak&#8221;. Razmatrani vodonosnik je izgra\u0111en od \u0161ljunka i pijeska s izmjenama silta te se je formirao tijekom Pleistocena i Holocena kao rezultat procesa talo\u017eenja rijeke Drave. Prihranjivanje vodonosinka je putem infiltracije padalina i procje\u0111ivanjem povr\u0161inske vode. Smjer toka podzemne vode SZ-JI i paralelan je s rijekom Dravom. Pokrovne naslage vodonosnika nisu kontinuirano razvijene. Na podru\u010dju istra\u017eivanja, debljina pokrovnih nasla rijetko prelazi dva metra, a \u010desto u potpunosti nestaju. Takvi uvjeti su povoljni ako se promatra sa aspekta prihranjivanja vodonosnika, ali ako je pokrovni sloj tanak ili ne postaji kao \u0161to je u ovom slu\u010daju, ili se sastoji od \u010destica glina, silta i pijeska pomije\u0161anih s organskom tvari, tada vodonosnik postaje prili\u010dno ranjiv. Istra\u017eivanja koja su provedene na podru\u010dju istra\u017eivanja s obzirom na probleme nitrata, su ili iz hidrogeolo\u0161kog ili poljoprivrednog gledi\u0161ta. Na podru\u010dju istra\u017eivanja nikada nije provedeno sustavno interdisciplinarno istra\u017eivanje pona\u0161anja i raspodjele nitrata u vodonosniku koje bi uklju\u010divalo razli\u010dite istra\u017eiva\u010de iz razli\u010ditih disciplina, te razli\u010dite tehnike istra\u017eivanja denitrifikacijskih i nitrifikacijskih procesa u vodonosnom sustavu. \u0160est je glavnih ciljeva TRANITAL projekta:<\/p>\n<ol style=\"text-align: left;\">\n<li>Razviti multi-parametarski pristup za odre\u0111ivanje zna\u010dajki aluvijalnog vodonosnika pomo\u0107u hidrauli\u010dkih, kemijskih, izotopnih i mikrobiolo\u0161kih pokazatelja<\/li>\n<li>Odrediti ulogu povr\u0161inskih voda na napajanje\/dreniranje aluvijalnog vodonosnika i njihov utjecaj na koncentraciju du\u0161ika u aluvijalnom vodonosniku<\/li>\n<li>Odrediti mineralo\u0161ka i kemijska svojstva tla i njegov utjecaj na du\u0161ikov ciklus<\/li>\n<li>Odre\u0111ivanje podrijetla nitrata i procesa koji mogu dovesti do pobolj\u0161anja kakvo\u0107e podzemne vode<\/li>\n<li>Na\u010diniti model toka podzemne vode i transporta nitrata u aluvijalnom vodonosniku<\/li>\n<li>Prenijeti spoznaje o podrijetlu, pona\u0161anju i transportu nitrata u aluvijalnom vodonosniku<\/li>\n<\/ol>\n<p style=\"text-align: left;\">Glavni cilj TRANITAL projekta je osigurati znanstveno opravdani pristup i prijenos znanja izme\u0111u znanstvenika iz razli\u010ditih disciplina koji \u0107e istra\u017eivati vodonosnike \u010dija je kakvo\u0107a naru\u0161ena zbog visokih koncentracija nitrata te prenijeti znanje upravi, planerima, vodnim grupacijama na lokalnoj i dr\u017eavnoj razini kako bi se osiguralo ekolo\u0161ko odr\u017eivo upravljanje vodnim resursima i poljoprivrednom proizvodnjom.<\/p>\n<p style=\"text-align: left;\"><em><a href=\"http:\/\/tranital.eu\/\" target=\"_blank\" rel=\"noopener noreferrer\"><\/a><\/em><\/p>\n<p>[\/et_pb_tab][et_pb_tab title=&#8221;Voditelj&#8221; _builder_version=&#8221;4.16&#8243; global_colors_info=&#8221;{}&#8221;]<\/p>\n<p><strong><em><span>Glavni istra\u017eiva\u010d \/ voditelj: Dr.sc. Tamara Markovi\u0107<\/span><br \/> <\/em><\/strong><\/p>\n<p>[\/et_pb_tab][et_pb_tab title=&#8221;Suradnici&#8221; _builder_version=&#8221;4.16&#8243; global_colors_info=&#8221;{}&#8221;]<\/p>\n<p>Dr.sc. \u017deljka Brki\u0107<\/p>\n<p>Dr.sc. Ozren Larva<\/p>\n<p>Martina \u0160parica Miko, mr.sc.<\/p>\n<p>Jasmina Martin\u010devi\u0107 Lazar, dipl.ing.geol.<\/p>\n<p>Ana Maria Heski, mag.chem.<\/p>\n<p>Jasminka Martinjak, dipl.ing.geol.<\/p>\n<p>Mario Doli\u0107<\/p>\n<p>Dr.sc. Renato Buljan<\/p>\n<p>Igor Karlovi\u0107, mag.ing.geol.<\/p>\n<p>Kre\u0161imir Maldini, dipl.ing.kem. (Hrvatske vode)<\/p>\n<p>Simana Milovi\u0107 (Hrvatske vode),<\/p>\n<p>Marija Vrsalovi\u0107 (Hrvatske vode),<\/p>\n<p>Dr.sc. Maja Gligora Uvodi\u010d (Prirodoslovno matemati\u010dki fakultet, Biolo\u0161ki odsjek),<\/p>\n<p>Dr.sc. Sandi Orli\u0107 (Institut Ru\u0111er Bo\u0161kovi\u0107)<\/p>\n<p>[\/et_pb_tab][et_pb_tab title=&#8221;Trajanje projekta&#8221; _builder_version=&#8221;4.16&#8243; global_colors_info=&#8221;{}&#8221;]<\/p>\n<p style=\"text-align: left;\"><span><strong>Datum po\u010detka i kraja projekta: <\/strong>01.03.2017.-28.02.2021.<br \/> <\/span><\/p>\n<p><span>\u00a0<\/span><\/p>\n<p>[\/et_pb_tab][et_pb_tab title=&#8221;Kategorija&#8221; _builder_version=&#8221;4.16&#8243; global_colors_info=&#8221;{}&#8221;]<\/p>\n<p style=\"text-align: left;\"><span><strong>Kategorija projekta:<\/strong> Hrvatska zaklada za znanost, HRZZ-IP-2016-06-5365<br \/> <\/span><\/p>\n<p>[\/et_pb_tab][et_pb_tab title=&#8221;Iznos financiranja&#8221; _builder_version=&#8221;4.16&#8243; global_colors_info=&#8221;{}&#8221;]<\/p>\n<p><strong>Ugovoreni iznos financiranja: <\/strong>828.382,00 kn<span><br \/> <\/span><\/p>\n<p>[\/et_pb_tab][et_pb_tab title=&#8221;Status&#8221; _builder_version=&#8221;4.19.4&#8243; global_colors_info=&#8221;{}&#8221;]<\/p>\n<p><span><strong>Status:<\/strong> <em>Zavr\u0161en<br \/><\/em><\/span><\/p>\n<p>[\/et_pb_tab][\/et_pb_tabs][\/et_pb_column][\/et_pb_row][\/et_pb_section]<\/p>\n","protected":false},"excerpt":{"rendered":"<p>ZAVOD ZA HIDROGEOLOGIJU I IN\u017dENJERSKU GEOLOGIJU Nacionalni kompetitivni projekti TRANITAL &#8211; Podrijetlo, pona\u0161anje i modeliranje transporta nitrata u vara\u017edinskom aluvijalnom vodonosnikuNitrat je spoj du\u0161ika koji se javlja u prirodni te se pojavljuje u umjerenim koncentracijama u brojnim vodenim sustavima. Antropogene aktivnosti, kao \u0161to su uporaba mineralnih gnojiva i\/ili gnojnice u poljoprivrednoj proizvodnji, kanalizacijski sustavi i [&hellip;]<\/p>\n","protected":false},"author":1,"featured_media":0,"parent":0,"menu_order":0,"comment_status":"closed","ping_status":"closed","template":"","meta":{"_et_pb_use_builder":"on","_et_pb_old_content":"","_et_gb_content_width":"","footnotes":""},"class_list":["post-31283","page","type-page","status-publish","hentry"],"aioseo_notices":[],"_links":{"self":[{"href":"https:\/\/www.hgi-cgs.hr\/en\/wp-json\/wp\/v2\/pages\/31283","targetHints":{"allow":["GET"]}}],"collection":[{"href":"https:\/\/www.hgi-cgs.hr\/en\/wp-json\/wp\/v2\/pages"}],"about":[{"href":"https:\/\/www.hgi-cgs.hr\/en\/wp-json\/wp\/v2\/types\/page"}],"author":[{"embeddable":true,"href":"https:\/\/www.hgi-cgs.hr\/en\/wp-json\/wp\/v2\/users\/1"}],"replies":[{"embeddable":true,"href":"https:\/\/www.hgi-cgs.hr\/en\/wp-json\/wp\/v2\/comments?post=31283"}],"version-history":[{"count":9,"href":"https:\/\/www.hgi-cgs.hr\/en\/wp-json\/wp\/v2\/pages\/31283\/revisions"}],"predecessor-version":[{"id":44089,"href":"https:\/\/www.hgi-cgs.hr\/en\/wp-json\/wp\/v2\/pages\/31283\/revisions\/44089"}],"wp:attachment":[{"href":"https:\/\/www.hgi-cgs.hr\/en\/wp-json\/wp\/v2\/media?parent=31283"}],"curies":[{"name":"wp","href":"https:\/\/api.w.org\/{rel}","templated":true}]}}