{"id":31275,"date":"2020-05-14T11:53:33","date_gmt":"2020-05-14T11:53:33","guid":{"rendered":"http:\/\/www.hgi-cgs.hr\/?page_id=31275"},"modified":"2026-04-17T13:49:18","modified_gmt":"2026-04-17T13:49:18","slug":"zavod-za-hidrogeologiju-i-inzenjersku-geologiju-nacionalni-kompetativni-projekti","status":"publish","type":"page","link":"https:\/\/www.hgi-cgs.hr\/en\/zavod-za-hidrogeologiju-i-inzenjersku-geologiju-nacionalni-kompetativni-projekti\/","title":{"rendered":"Zavod za hidrogeologiju i in\u017eenjersku geologiju &#8211; Nacionalni kompetativni projekti"},"content":{"rendered":"<p>[et_pb_section fb_built=&#8221;1&#8243; fullwidth=&#8221;on&#8221; _builder_version=&#8221;4.16&#8243; custom_padding=&#8221;0px||0px|||&#8221; global_colors_info=&#8221;{}&#8221;][et_pb_fullwidth_slider _builder_version=&#8221;4.16&#8243; min_height=&#8221;112px&#8221; height=&#8221;400px&#8221; custom_margin=&#8221;0px||||false|false&#8221; custom_padding=&#8221;0px||18px||false|false&#8221; auto=&#8221;on&#8221; auto_ignore_hover=&#8221;on&#8221; locked=&#8221;off&#8221; global_colors_info=&#8221;{}&#8221;][et_pb_slide heading=&#8221;Hrvatski geolo\u0161ki institut&#8221; _builder_version=&#8221;4.16&#8243; header_font=&#8221;|||on|||||&#8221; background_image=&#8221;https:\/\/www.hgi-cgs.hr\/wp-content\/uploads\/2020\/03\/Br\u010di\u0107_Drvenik02-scaled.jpg&#8221; background_enable_image=&#8221;on&#8221; locked=&#8221;off&#8221; global_colors_info=&#8221;{}&#8221; sticky_transition=&#8221;on&#8221;][\/et_pb_slide][et_pb_slide heading=&#8221;Hrvatski geolo\u0161ki institut&#8221; _builder_version=&#8221;4.16&#8243; header_font=&#8221;|||on|||||&#8221; background_image=&#8221;https:\/\/www.hgi-cgs.hr\/wp-content\/uploads\/2020\/03\/ban2-scaled.jpg&#8221; background_enable_image=&#8221;on&#8221; locked=&#8221;off&#8221; global_colors_info=&#8221;{}&#8221; sticky_transition=&#8221;on&#8221;][\/et_pb_slide][et_pb_slide heading=&#8221;Hrvatski geolo\u0161ki institut&#8221; _builder_version=&#8221;4.16&#8243; header_font=&#8221;|||on|||||&#8221; background_image=&#8221;https:\/\/www.hgi-cgs.hr\/wp-content\/uploads\/2020\/03\/20190228_094232-scaled.jpg&#8221; background_enable_image=&#8221;on&#8221; locked=&#8221;off&#8221; global_colors_info=&#8221;{}&#8221; sticky_transition=&#8221;on&#8221;][\/et_pb_slide][et_pb_slide heading=&#8221;Hrvatski geolo\u0161ki institut&#8221; _builder_version=&#8221;4.16&#8243; header_font=&#8221;|||on|||||&#8221; background_image=&#8221;https:\/\/www.hgi-cgs.hr\/wp-content\/uploads\/2020\/03\/ban3-scaled.jpg&#8221; background_enable_image=&#8221;on&#8221; locked=&#8221;off&#8221; global_colors_info=&#8221;{}&#8221; sticky_transition=&#8221;on&#8221;][\/et_pb_slide][et_pb_slide heading=&#8221;Hrvatski geolo\u0161ki institut&#8221; _builder_version=&#8221;4.16&#8243; header_font=&#8221;|||on|||||&#8221; background_image=&#8221;https:\/\/www.hgi-cgs.hr\/wp-content\/uploads\/2020\/03\/Bijele_stijene-Gorski_kotar-scaled.jpg&#8221; background_enable_image=&#8221;on&#8221; locked=&#8221;off&#8221; global_colors_info=&#8221;{}&#8221; sticky_transition=&#8221;on&#8221;][\/et_pb_slide][et_pb_slide heading=&#8221;Hrvatski geolo\u0161ki institut&#8221; _builder_version=&#8221;4.16&#8243; header_font=&#8221;|||on|||||&#8221; background_image=&#8221;https:\/\/www.hgi-cgs.hr\/wp-content\/uploads\/2020\/03\/ban4-scaled.jpg&#8221; background_enable_image=&#8221;on&#8221; locked=&#8221;off&#8221; global_colors_info=&#8221;{}&#8221; sticky_transition=&#8221;on&#8221;][\/et_pb_slide][et_pb_slide heading=&#8221;Hrvatski geolo\u0161ki institut&#8221; _builder_version=&#8221;4.16&#8243; header_font=&#8221;|||on|||||&#8221; background_image=&#8221;https:\/\/www.hgi-cgs.hr\/wp-content\/uploads\/2020\/03\/ban5-scaled.jpg&#8221; background_enable_image=&#8221;on&#8221; locked=&#8221;off&#8221; global_colors_info=&#8221;{}&#8221; sticky_transition=&#8221;on&#8221;][\/et_pb_slide][\/et_pb_fullwidth_slider][\/et_pb_section][et_pb_section fb_built=&#8221;1&#8243; _builder_version=&#8221;4.16&#8243; global_colors_info=&#8221;{}&#8221;][et_pb_row _builder_version=&#8221;4.16&#8243; global_colors_info=&#8221;{}&#8221;][et_pb_column type=&#8221;4_4&#8243; _builder_version=&#8221;4.16&#8243; global_colors_info=&#8221;{}&#8221;][et_pb_text _builder_version=&#8221;4.16&#8243; text_font_size=&#8221;32px&#8221; header_2_text_color=&#8221;#1e5096&#8243; global_colors_info=&#8221;{}&#8221;]<\/p>\n<h2 style=\"text-align: center; color: #1e5096;\"><strong>ZAVOD ZA HIDROGEOLOGIJU I IN\u017dENJERSKU GEOLOGIJU<\/strong><\/h2>\n<h2 style=\"text-align: center; color: #1e5096;\"><strong>Nacionalni kompetitivni projekti<\/strong><\/h2>\n<p>[\/et_pb_text][et_pb_image src=&#8221;https:\/\/www.hgi-cgs.hr\/wp-content\/uploads\/2018\/08\/HRZZ_Logo.jpg&#8221; align=&#8221;center&#8221; _builder_version=&#8221;4.16&#8243; width=&#8221;30%&#8221; global_colors_info=&#8221;{}&#8221;][\/et_pb_image][\/et_pb_column][\/et_pb_row][\/et_pb_section][et_pb_section fb_built=&#8221;1&#8243; _builder_version=&#8221;4.16&#8243; custom_padding=&#8221;20px||41px|||&#8221; global_colors_info=&#8221;{}&#8221;][et_pb_row _builder_version=&#8221;4.16&#8243; width=&#8221;100%&#8221; max_width=&#8221;1250px&#8221; custom_margin=&#8221;||20px&#8221; custom_padding=&#8221;||50px&#8221; global_colors_info=&#8221;{}&#8221;][et_pb_column type=&#8221;4_4&#8243; _builder_version=&#8221;4.16&#8243; custom_padding=&#8221;|||&#8221; global_colors_info=&#8221;{}&#8221; custom_padding__hover=&#8221;|||&#8221;][et_pb_tabs _builder_version=&#8221;4.27.6&#8243; max_width=&#8221;100%&#8221; module_alignment=&#8221;center&#8221; hover_enabled=&#8221;0&#8243; global_colors_info=&#8221;{}&#8221; sticky_enabled=&#8221;0&#8243;][et_pb_tab title=&#8221;Nacionalni kompetitivni projekti&#8221; _builder_version=&#8221;4.27.6&#8243; global_colors_info=&#8221;{}&#8221;]<\/p>\n<p><a href=\"https:\/\/www.hgi-cgs.hr\/gwqualitypath2070\/\"><em><strong>GWQualityPath2070: Impact of climate change, land use and agricultural practice changes on the occurrence and fate of contaminants in the Sava transboundary aquifer (<\/strong><strong>Utjecaj klimatskih promjena, promjena kori\u0161tenja zemlji\u0161ta i poljoprivredne prakse na pojavu i sudbinu one\u010di\u0161\u0107ivala u savskom prekograni\u010dnom vodonosniku)<\/strong><\/em><\/a><\/p>\n<p>&nbsp;<\/p>\n<p>[\/et_pb_tab][et_pb_tab title=&#8221;Program geolo\u0161kih karata&#8221; _builder_version=&#8221;4.27.4&#8243; global_colors_info=&#8221;{}&#8221;]<\/p>\n<p><a href=\"https:\/\/www.hgi-cgs.hr\/osnovna-hidrogeoloska-karta-republike-hrvatske-1100-000\/\" target=\"_blank\" rel=\"noopener noreferrer\"><em><strong>Osnovna hidrogeolo\u0161ka karta Republike Hrvatske 1:100:000<\/strong><\/em><\/a><\/p>\n<p><em><strong><a href=\"https:\/\/www.hgi-cgs.hr\/osnovna-inzenjerskogeoloska-karta\/\" target=\"_blank\" rel=\"noopener noreferrer\">Osnovna in\u017eenjerskogeolo\u0161ka karta Republike Hrvatske 1:100:000<\/a><\/strong><\/em><\/p>\n<p>[\/et_pb_tab][et_pb_tab title=&#8221;Projekti EU fondova&#8221; _builder_version=&#8221;4.27.6&#8243; hover_enabled=&#8221;0&#8243; global_colors_info=&#8221;{}&#8221; sticky_enabled=&#8221;0&#8243;]<\/p>\n<p><em><strong><a href=\"https:\/\/www.hgi-cgs.hr\/innovative-water-retention-for-climate-change-mitigation-sustainable-agriculture-and-flood-protection-innowatcch\/\">InnoWATCCH<\/a><\/strong><\/em><\/p>\n<p><em><strong><a href=\"https:\/\/www.hgi-cgs.hr\/microdrink-capacity-building-for-management-and-governance-of-microplastics-in-drinking-water-resources-of-danube-region\/\">MicroDrink <\/a><\/strong><\/em><\/p>\n<p><a href=\"https:\/\/www.hgi-cgs.hr\/an-ai-iot-based-system-of-geosensor-networks-for-real-time-monitoring-of-unstable-terrain-and-artificial-structures\/\"><em><strong>GeoNetSee<\/strong><\/em><\/a><a href=\"https:\/\/www.hgi-cgs.hr\/responsa\/\"><strong><em><\/em><\/strong><\/a><\/p>\n<p><strong><em><a href=\"https:\/\/www.hgi-cgs.hr\/development-and-testing-of-a-shared-ai-based-predictive-model-for-a-coordinated-use-of-big-data-and-for-a-joint-monitoring-system-of-landslides-risk-in-the-adriatic-ionian-region-aims\/\">AIMS<\/a><\/em><\/strong><\/p>\n<p><strong><em><a href=\"https:\/\/www.hgi-cgs.hr\/a-cross-border-approach-to-improve-landslide-risk-assessment-using-lidar-based-landslide-inventory-lady\/\">LADY<\/a><\/em><\/strong><\/p>\n<p><a href=\"https:\/\/www.hgi-cgs.hr\/projekti-eu-fondova-ukv\/\"><strong><em><\/em><\/strong><\/a><\/p>\n<p>[\/et_pb_tab][et_pb_tab title=&#8221;Gospodarstveni (tr\u017ei\u0161ni) projekti&#8221; _builder_version=&#8221;4.27.4&#8243; global_colors_info=&#8221;{}&#8221;][\/et_pb_tab][et_pb_tab title=&#8221;Zavr\u0161eni projekti&#8221; _builder_version=&#8221;4.27.4&#8243; global_colors_info=&#8221;{}&#8221;]<\/p>\n<p><em><strong>KATER<\/strong><\/em><\/p>\n<p><em><strong>KATER II<\/strong><\/em><\/p>\n<p><a href=\"https:\/\/www.hgi-cgs.hr\/studija-seizmicka-i-geoloska-mikronizacija-dijela-grada-zagreba\/\"><em><strong>Studija seizmi\u010dka i geolo\u0161ka mikronizacija dijela grada Zagreba<\/strong><\/em><\/a><\/p>\n<p><a href=\"https:\/\/www.hgi-cgs.hr\/detaljna-inzenjerskogeoloska-karta-podsljemenske-urbanizirane-zone-fza-i-i-faza-ii\/\"><em><strong>Detaljna in\u017eenjerskogeolo\u0161ka karta podsljemenske urbanizirane zone &#8211; Fza I i\u00a0 Faza II<\/strong><\/em><\/a><\/p>\n<p><a href=\"https:\/\/www.hgi-cgs.hr\/cc-waters-2\/\"><em><strong>CC-WaterS:\u00a0<\/strong><strong><\/strong><strong>Klimatske promjene i utjecaj na vodoopskrbu<\/strong><\/em><\/a><\/p>\n<p><a href=\"https:\/\/www.hgi-cgs.hr\/camaro-d\/\"><em><strong>CAMARO-D:\u00a0<\/strong><strong>Cooperating towards Advanced MAnagement Routines for land use impacts on the water regime in the Danube river basin<\/strong><\/em><\/a><\/p>\n<p><a href=\"Danube%20Region Leading Geothermal Energy\"><em><strong>DARLINGe:\u00a0<\/strong><strong>Danube Region Leading Geothermal Energy<\/strong><\/em><\/a><\/p>\n<p><em><strong><\/strong><a href=\"https:\/\/www.hgi-cgs.hr\/gdi-ensemble-floodsmart\/\"><strong>GDi Ensemble FloodSmart: Razvoj IT platforme za upravljanje rizicima od poplava i ubla\u017eavanje \u0161tetnih posljedica po okoli\u0161<\/strong><\/a><\/em><\/p>\n<p><strong><em><a href=\"https:\/\/www.hgi-cgs.hr\/gdi-ensamble-floodsmart\/\"><\/a><\/em><\/strong><a href=\"https:\/\/www.hgi-cgs.hr\/proline-ce\/\"><em><strong>PROLINE-CE:<\/strong><strong>\u00a0Efficient Practices of Land Use Management Integrating Water Resources Protection and Non-structural Flood Mitigation Experiences<\/strong><\/em><\/a><\/p>\n<p><a href=\"https:\/\/www.hgi-cgs.hr\/safearth\/\"><em><strong>SafEarth:\u00a0Transnational advanced management of land use risk through landslide suscepibility maps design (Upravljanje rizikom kori\u0161tenja zemlji\u0161ta izradom karata podlo\u017enosti na klizanje)<\/strong><\/em><\/a><\/p>\n<p><em><strong>Karta ugro\u017eenosti podzemnih voda na podru\u010dju Pule<\/strong><\/em><\/p>\n<p><em><strong><\/strong><a href=\"https:\/\/www.hgi-cgs.hr\/hrvatsko-japanski-projekt\/\"><strong>Hrvatsko \u2013 Japanski projekt istra\u017eivanja klizi\u0161ta i nestabilnih padina<\/strong><\/a><\/em><\/p>\n<p><em><strong><a href=\"https:\/\/www.hgi-cgs.hr\/geomapping61-ipa\/\">GeoMapping61-IPA: Istra\u017eivanje i promocija plitkog geotermalnog potencijala u Republici Hrvatskoj<\/a><\/strong><\/em><\/p>\n<p><a href=\"https:\/\/www.hgi-cgs.hr\/drinkadria\/\"><em><strong>DRINKADRIA:<\/strong><strong>\u00a0Networking for Drinking Water Supply in the Adriatic Region<\/strong><\/em><\/a><\/p>\n<p><em><strong><a href=\"http:\/\/www.istra-hidro.eu\/web\/html\/index-2.html\">ISTRAHIDRO<\/a><\/strong><\/em><\/p>\n<p><a href=\"https:\/\/www.hgi-cgs.hr\/nacionalni-kompetativni-projekti-tranital\/\" target=\"_blank\" rel=\"noopener noreferrer\"><em><strong>TRANITAL:\u00a0<\/strong><\/em><em><strong>Podrijetlo, pona\u0161anje i modeliranje transporta nitrata u vara\u017edinskom aluvijalnom vodonosniku<\/strong><\/em><\/a><\/p>\n<p><a href=\"https:\/\/www.hgi-cgs.hr\/nacionalni-kompetativni-projekti-issah\/\" target=\"_blank\" rel=\"noopener noreferrer\"><strong><em>ISSAH:\u00a0<\/em><\/strong><em><strong>Utjecaj specifi\u010dne povr\u0161ine oplo\u0161ja \u010destice na hidrogeolo\u0161ka svojstva prapora i na njima razvijenih tala isto\u010dne Hrvatske<\/strong><\/em><\/a><\/p>\n<p><a href=\"https:\/\/www.hgi-cgs.hr\/projekti-eu-fondova-geotwinn\/\"><em><strong><\/strong><\/em><\/a><strong><em><a href=\"https:\/\/www.hgi-cgs.hr\/projekti-eu-fondova-geotwinn\/\">GeoTwin \u2013 Strengthening research in the Croatian Geological Survey: Geoscience-Twinning to develop state-of-the-art subsurface modelling capability and scientific impact<\/a> <\/em><\/strong><\/p>\n<p><a href=\"https:\/\/www.hgi-cgs.hr\/hotlime\/\"><strong><em>GeoERA \u2013 HotLime:\u00a0<\/em><\/strong><em><strong>Mapping and Assessment of Geothermal Plays in Deep Carbonate Rocks \u2013 Cross-domain Implications and Impacts <\/strong><\/em><\/a><\/p>\n<p><a href=\"https:\/\/www.hgi-cgs.hr\/muse\/\"><strong><em>GeoERA \u2013 MUSE:\u00a0<\/em><\/strong><strong><em>Managing Urban Shallow Geothermal Energy<\/em> <\/strong><\/a><\/p>\n<p><strong><em><a href=\"https:\/\/www.hgi-cgs.hr\/projekti-eu-fondova-geoera-hover\/\">GeoERA \u2013 HOVER:\u00a0\u00a0Hydrogeological processes and Geological settings over Europe controlling dissolved geogenic and anthropogenic elements in groundwater of relevance to human health and the status of dependent ecosystems<\/a><\/em><\/strong><\/p>\n<p><strong><em><a href=\"https:\/\/www.hgi-cgs.hr\/resource\/\">GeoERA \u2013 RESOURCE<\/a><\/em><\/strong><\/p>\n<p><strong><em><a href=\"https:\/\/www.hgi-cgs.hr\/tactic\/\">GeoERA -TACTIC<\/a><\/em><\/strong><\/p>\n<p><a href=\"https:\/\/www.hgi-cgs.hr\/projekti-eu-fondova-boderec-ce\/\"><strong><em>boDEREC-CE:\u00a0<\/em><\/strong><em><strong>Board for Detection and Assessment of Pharmaceutical Drug Residues in Drinking Water \u2013 Capacity Building for Water Management in Central Europe<\/strong><\/em><\/a><\/p>\n<p><em><strong><a href=\"https:\/\/www.hgi-cgs.hr\/projekti-eu-fondova-deltasal\/\">DeltaSal: Napredni sustav motrenja agroekosustava u riziku od zaslanjivanja i one\u010di\u0161\u0107enja\u00a0<\/a><\/strong><\/em><\/p>\n<p><strong><em><a href=\"https:\/\/www.hgi-cgs.hr\/projekti-eu-fondova-deepwater-ce\/\">DEEPWATER-CE:\u00a0Developing an integrated implementation framework for Managed Aquifer Recharge solutions to facilitate the protection of Central European water resources endangered by climate change and user conflict<\/a><\/em><\/strong><\/p>\n<p><a href=\"https:\/\/www.hgi-cgs.hr\/projekti-eu-fondova-mu-ha\/\"><strong><em>MU-HA:\u00a0Multihazard framework for water related risks management<\/em><\/strong><\/a><\/p>\n<p><strong><em><a href=\"https:\/\/www.hgi-cgs.hr\/projekti-eu-fondova-ukv\/\">UKV:\u00a0Upravljanje kr\u0161kim priobalnim vodonosnicima ugro\u017eenima klimatskim promjenama<\/a><\/em><\/strong><\/p>\n<p><a href=\"https:\/\/www.hgi-cgs.hr\/nacionalni-kompetativni-projekti-tranital\/\" target=\"\" rel=\"noopener noreferrer\" role=\"link\"><em><strong>TRANITAL:\u00a0<\/strong><\/em><em><strong>Podrijetlo, pona\u0161anje i modeliranje transporta nitrata u vara\u017edinskom aluvijalnom vodonosniku<\/strong><\/em><\/a><\/p>\n<p><a href=\"https:\/\/www.hgi-cgs.hr\/nacionalni-kompetativni-projekti-issah\/\" target=\"\" rel=\"noopener noreferrer\" role=\"link\"><strong><em>ISSAH:\u00a0<\/em><\/strong><em><strong>Utjecaj specifi\u010dne povr\u0161ine oplo\u0161ja \u010destice na hidrogeolo\u0161ka svojstva prapora i na njima razvijenih tala isto\u010dne Hrvatske<\/strong><\/em><\/a><\/p>\n<p><strong><em><a href=\"https:\/\/www.hgi-cgs.hr\/responsa\/\">RESPONSa<\/a><\/em><\/strong><\/p>\n<p><strong><em><a href=\"https:\/\/www.hgi-cgs.hr\/definiranje-bioloski-ekoloski-prihvatljivih-protoka-gacke-i-like-hidroloske-i-hidrogeoloske-podloge\/\">Definiranje biolo\u0161ki-ekolo\u0161ki prihvatljivih protoka Gacke i Like &#8211; hidrolo\u0161ke i hidrogeolo\u0161ke podloge<\/a><\/em><\/strong><\/p>\n<p><strong><em><a href=\"https:\/\/www.hgi-cgs.hr\/geothermal-dhc\/\">Geothermal-DHC<\/a><\/em><\/strong><\/p>\n<p><a href=\"https:\/\/www.hgi-cgs.hr\/visefazni-pristup-za-desifriranje-mikrobne-ekologije-i-biotehnoloskog-potencijala-mamebio\/\"><em><strong>MAMEBio: Vi\u0161efazni pristup za de\u0161ifriranje mikrobne ekologije i biotehnolo\u0161kog potencijala geotermalnih izvora u Hrvatskoj<\/strong><\/em><\/a><\/p>\n<p><em><strong><a href=\"https:\/\/www.hgi-cgs.hr\/nacionalni-kompetitivni-projekti-hythec\/\" target=\"_blank\" rel=\"noopener noreferrer\">HyTheC:\u00a0Multidisciplinarni pristup izradi konceptualnih modela hidrotermalnih sustava<\/a><\/strong><\/em><\/p>\n<p>[\/et_pb_tab][\/et_pb_tabs][\/et_pb_column][\/et_pb_row][\/et_pb_section]<\/p>\n","protected":false},"excerpt":{"rendered":"<p>ZAVOD ZA HIDROGEOLOGIJU I IN\u017dENJERSKU GEOLOGIJU Nacionalni kompetitivni projektiGWQualityPath2070: Impact of climate change, land use and agricultural practice changes on the occurrence and fate of contaminants in the Sava transboundary aquifer (Utjecaj klimatskih promjena, promjena kori\u0161tenja zemlji\u0161ta i poljoprivredne prakse na pojavu i sudbinu one\u010di\u0161\u0107ivala u savskom prekograni\u010dnom vodonosniku) &nbsp;Osnovna hidrogeolo\u0161ka karta Republike Hrvatske 1:100:000 [&hellip;]<\/p>\n","protected":false},"author":1,"featured_media":0,"parent":0,"menu_order":0,"comment_status":"closed","ping_status":"closed","template":"","meta":{"_et_pb_use_builder":"on","_et_pb_old_content":"","_et_gb_content_width":"","footnotes":""},"class_list":["post-31275","page","type-page","status-publish","hentry"],"aioseo_notices":[],"_links":{"self":[{"href":"https:\/\/www.hgi-cgs.hr\/en\/wp-json\/wp\/v2\/pages\/31275","targetHints":{"allow":["GET"]}}],"collection":[{"href":"https:\/\/www.hgi-cgs.hr\/en\/wp-json\/wp\/v2\/pages"}],"about":[{"href":"https:\/\/www.hgi-cgs.hr\/en\/wp-json\/wp\/v2\/types\/page"}],"author":[{"embeddable":true,"href":"https:\/\/www.hgi-cgs.hr\/en\/wp-json\/wp\/v2\/users\/1"}],"replies":[{"embeddable":true,"href":"https:\/\/www.hgi-cgs.hr\/en\/wp-json\/wp\/v2\/comments?post=31275"}],"version-history":[{"count":65,"href":"https:\/\/www.hgi-cgs.hr\/en\/wp-json\/wp\/v2\/pages\/31275\/revisions"}],"predecessor-version":[{"id":47916,"href":"https:\/\/www.hgi-cgs.hr\/en\/wp-json\/wp\/v2\/pages\/31275\/revisions\/47916"}],"wp:attachment":[{"href":"https:\/\/www.hgi-cgs.hr\/en\/wp-json\/wp\/v2\/media?parent=31275"}],"curies":[{"name":"wp","href":"https:\/\/api.w.org\/{rel}","templated":true}]}}