{"id":31091,"date":"2020-05-04T09:09:50","date_gmt":"2020-05-04T09:09:50","guid":{"rendered":"http:\/\/www.hgi-cgs.hr\/?page_id=31091"},"modified":"2020-12-31T15:00:09","modified_gmt":"2020-12-31T15:00:09","slug":"geofizicka-istrazivanja","status":"publish","type":"page","link":"https:\/\/www.hgi-cgs.hr\/en\/geofizicka-istrazivanja\/","title":{"rendered":"Geophysical Researches"},"content":{"rendered":"<p>[et_pb_section fb_built=&#8221;1&#8243; fullwidth=&#8221;on&#8221; _builder_version=&#8221;4.4.1&#8243; custom_padding=&#8221;0px||0px|||&#8221;][et_pb_fullwidth_slider _builder_version=&#8221;4.7.7&#8243; min_height=&#8221;112px&#8221; height=&#8221;400px&#8221; custom_margin=&#8221;0px||||false|false&#8221; custom_padding=&#8221;0px||18px||false|false&#8221; auto=&#8221;on&#8221; auto_ignore_hover=&#8221;on&#8221; hover_enabled=&#8221;0&#8243; locked=&#8221;off&#8221; sticky_enabled=&#8221;0&#8243;][et_pb_slide heading=&#8221;Hrvatski geolo\u0161ki institut&#8221; _builder_version=&#8221;4.4.1&#8243; header_font=&#8221;|||on|||||&#8221; background_image=&#8221;https:\/\/www.hgi-cgs.hr\/wp-content\/uploads\/2020\/03\/Br\u010di\u0107_Drvenik02-scaled.jpg&#8221; background_enable_image=&#8221;on&#8221; locked=&#8221;off&#8221; sticky_transition=&#8221;on&#8221;][\/et_pb_slide][et_pb_slide heading=&#8221;Hrvatski geolo\u0161ki institut&#8221; _builder_version=&#8221;4.4.1&#8243; header_font=&#8221;|||on|||||&#8221; background_image=&#8221;https:\/\/www.hgi-cgs.hr\/wp-content\/uploads\/2020\/03\/ban2-scaled.jpg&#8221; background_enable_image=&#8221;on&#8221; locked=&#8221;off&#8221; sticky_transition=&#8221;on&#8221;][\/et_pb_slide][et_pb_slide heading=&#8221;Hrvatski geolo\u0161ki institut&#8221; _builder_version=&#8221;4.4.1&#8243; header_font=&#8221;|||on|||||&#8221; background_image=&#8221;https:\/\/www.hgi-cgs.hr\/wp-content\/uploads\/2020\/03\/20190228_094232-scaled.jpg&#8221; background_enable_image=&#8221;on&#8221; locked=&#8221;off&#8221; sticky_transition=&#8221;on&#8221;][\/et_pb_slide][et_pb_slide heading=&#8221;Hrvatski geolo\u0161ki institut&#8221; _builder_version=&#8221;4.4.1&#8243; header_font=&#8221;|||on|||||&#8221; background_image=&#8221;https:\/\/www.hgi-cgs.hr\/wp-content\/uploads\/2020\/03\/ban3-scaled.jpg&#8221; background_enable_image=&#8221;on&#8221; locked=&#8221;off&#8221; sticky_transition=&#8221;on&#8221;][\/et_pb_slide][et_pb_slide heading=&#8221;Hrvatski geolo\u0161ki institut&#8221; _builder_version=&#8221;4.4.1&#8243; header_font=&#8221;|||on|||||&#8221; background_image=&#8221;https:\/\/www.hgi-cgs.hr\/wp-content\/uploads\/2020\/03\/Bijele_stijene-Gorski_kotar-scaled.jpg&#8221; background_enable_image=&#8221;on&#8221; locked=&#8221;off&#8221; sticky_transition=&#8221;on&#8221;][\/et_pb_slide][et_pb_slide heading=&#8221;Hrvatski geolo\u0161ki institut&#8221; _builder_version=&#8221;4.4.1&#8243; header_font=&#8221;|||on|||||&#8221; background_image=&#8221;https:\/\/www.hgi-cgs.hr\/wp-content\/uploads\/2020\/03\/ban4-scaled.jpg&#8221; background_enable_image=&#8221;on&#8221; locked=&#8221;off&#8221; sticky_transition=&#8221;on&#8221;][\/et_pb_slide][et_pb_slide heading=&#8221;Hrvatski geolo\u0161ki institut&#8221; _builder_version=&#8221;4.4.1&#8243; header_font=&#8221;|||on|||||&#8221; background_image=&#8221;https:\/\/www.hgi-cgs.hr\/wp-content\/uploads\/2020\/03\/ban5-scaled.jpg&#8221; background_enable_image=&#8221;on&#8221; locked=&#8221;off&#8221; sticky_transition=&#8221;on&#8221;][\/et_pb_slide][et_pb_slide heading=&#8221;Hrvatski geolo\u0161ki institut&#8221; _builder_version=&#8221;4.7.7&#8243; header_font=&#8221;|||on|||||&#8221; background_image=&#8221;https:\/\/www.hgi-cgs.hr\/wp-content\/uploads\/2020\/04\/20191015_142016a-scaled.jpg&#8221; background_enable_image=&#8221;on&#8221; locked=&#8221;off&#8221; sticky_transition=&#8221;on&#8221;][\/et_pb_slide][et_pb_slide heading=&#8221;Hrvatski geolo\u0161ki institut&#8221; _builder_version=&#8221;4.7.7&#8243; header_font=&#8221;|||on|||||&#8221; background_image=&#8221;https:\/\/www.hgi-cgs.hr\/wp-content\/uploads\/2020\/04\/20191014_133538-scaled.jpg&#8221; background_enable_image=&#8221;on&#8221; locked=&#8221;off&#8221; sticky_transition=&#8221;on&#8221;][\/et_pb_slide][\/et_pb_fullwidth_slider][\/et_pb_section][et_pb_section fb_built=&#8221;1&#8243; _builder_version=&#8221;4.4.4&#8243;][et_pb_row _builder_version=&#8221;4.4.4&#8243; custom_padding=&#8221;||6px|||&#8221;][et_pb_column type=&#8221;4_4&#8243; _builder_version=&#8221;4.4.4&#8243;][et_pb_text _builder_version=&#8221;4.4.4&#8243;]<\/p>\n<div class=\"et_pb_module et_pb_text et_pb_text_0  et_pb_text_align_left et_pb_bg_layout_light\">\n<div class=\"et_pb_text_inner\">\n<h2 style=\"text-align: center; color: #1e5096;\"><strong>HIDROGEOLO\u0160KA I IN\u017dENJERSKO GEOLO\u0160KA ISTRA\u017dIVANJA<\/strong><\/h2>\n<h4 style=\"text-align: center;\"><strong>Geofizi\u010dka istra\u017eivanja<\/strong><\/h4>\n<\/div>\n<\/div>\n<p>[\/et_pb_text][\/et_pb_column][\/et_pb_row][et_pb_row _builder_version=&#8221;4.4.4&#8243;][et_pb_column type=&#8221;4_4&#8243; _builder_version=&#8221;4.4.4&#8243;][et_pb_text _builder_version=&#8221;4.6.5&#8243; custom_padding=&#8221;|10px||10px|false|true&#8221;]<\/p>\n<p style=\"text-align: left;\">U Hrvatskom geolo\u0161kom institutu geofizi\u010dka istra\u017eivanja tradicionalno nisu bila prisutna, te su se u pojedinim ekspertizama koristili gotovi interpretirani podatci dobiveni od znanstvenih institucija ili tvrtki koje se time bave. U posljednjim je godinama zamije\u0107ene sve ve\u0107a va\u017enost kori\u0161tenja ovih metoda u geolo\u0161kom in\u017eenjerstvu, te je stoga odlu\u010deno da se krene s uspostavom tima za geofizi\u010dka istra\u017eivanja unutar Zavoda za hidrogeologiju i in\u017eenjersku geologiju. Tijekom 2016.-2017. nabavljena je oprema za seizmi\u010dko profiliranje i educirana skupina istra\u017eiva\u010da, koja je ste\u010dena znanja po prvi put i upotrijebila u prakti\u010dne svrhe. Tijekom 2018. nabavljena je oprema za elektri\u010dnu tomografiju i magnetotelursko sondiranje, te se po\u010delo s upotrebom u znanstvenim, europskim i tr\u017ei\u0161nim projektima. Svaka nabava opreme bila je popra\u0107ena edukacijom na\u0161ih istra\u017eiva\u010da u svim koracima rada, od terenskih prikupljanja podataka, preko specijalizirane softverske obrade, do interpretacije.<\/p>\n<p style=\"text-align: left;\">Geofizi\u010dke metode se temelje na opa\u017eanju fizi\u010dkih svojstava stijena ili tala, koja su povezana s geolo\u0161kim i petrolo\u0161kim svojstvima. Osnovni cilj geofizi\u010dkih istra\u017eivanja je otkriti geolo\u0161ki sastav i gra\u0111u terena zbog rje\u0161avanja konkretnog istra\u017eiva\u010dkog zadatka. Primjenjuju se u istra\u017eivanju vode, ugljikovodika, \u010dvrstih mineralnih sirovina, te za rje\u0161avanje in\u017eenjerskogeolo\u0161kih i geotehni\u010dkih problema. Geofizi\u010dka istra\u017eivanja se op\u0107enito sastoje od tri dijela: mjerenja, obrade podataka i interpretacije. Mjerenja se ponaj\u010de\u0161\u0107e izvode na terenu, rje\u0111e u laboratorijskim uvjetima, pa su fizi\u010dki i financijski najzahtjevniji dio istra\u017eivanja. Jedan od temeljnih razloga primjene geofizi\u010dkih istra\u017eivanja je odre\u0111ivanje optimalnih polo\u017eaja i koli\u010dine istra\u017enog bu\u0161enja, kako bi se ostvarile znatne u\u0161tede u ukupnim istra\u017enim radovima.<\/p>\n<p style=\"text-align: left;\">Od nabave prve opreme do danas, geofizi\u010dka su istra\u017eivanja primijenjena ili se primjenjuju u znanstvene svrhe (HRZZ projekti<em> <a href=\"https:\/\/www.hgi-cgs.hr\/issah\/\" target=\"_blank\" rel=\"noopener noreferrer\">ISSAH<\/a><\/em> i <a href=\"https:\/\/www.hgi-cgs.hr\/hythec\/\" target=\"_blank\" rel=\"noopener noreferrer\"><em>HyTheC<\/em><\/a>), europskim projektima (<a href=\"https:\/\/www.hgi-cgs.hr\/deepwater-ce\/\" target=\"_blank\" rel=\"noopener noreferrer\"><em>DEEPWATER-CE<\/em><\/a> i <a href=\"https:\/\/www.hgi-cgs.hr\/mu-ha\/\" target=\"_blank\" rel=\"noopener noreferrer\"><em>MU-HA<\/em><\/a>) te brojnim tr\u017ei\u0161nim projektima od projektiranja hidroelektrana, do istra\u017eivanja dubokih geotermalnih bogatstava na\u0161eg podzemlja, prvenstveno u Panonskom dijelu.<\/p>\n<p>[\/et_pb_text][\/et_pb_column][\/et_pb_row][et_pb_row _builder_version=&#8221;4.4.4&#8243;][et_pb_column type=&#8221;4_4&#8243; _builder_version=&#8221;4.4.4&#8243;][et_pb_image src=&#8221;https:\/\/www.hgi-cgs.hr\/wp-content\/uploads\/2020\/04\/1.png&#8221; title_text=&#8221;1&#8243; align=&#8221;center&#8221; _builder_version=&#8221;4.4.4&#8243; custom_margin=&#8221;||8px|||&#8221; border_radii=&#8221;on|5px|5px|5px|5px&#8221; box_shadow_style=&#8221;preset1&#8243;][\/et_pb_image][et_pb_text _builder_version=&#8221;4.4.4&#8243; text_font_size=&#8221;13px&#8221;]<\/p>\n<p style=\"text-align: center;\">Snimanje seizmi\u010dkih valova na Sljemenu<\/p>\n<p>[\/et_pb_text][\/et_pb_column][\/et_pb_row][et_pb_row _builder_version=&#8221;4.4.4&#8243;][et_pb_column type=&#8221;4_4&#8243; _builder_version=&#8221;4.4.4&#8243;][et_pb_image src=&#8221;https:\/\/www.hgi-cgs.hr\/wp-content\/uploads\/2020\/04\/2.jpg&#8221; title_text=&#8221;2&#8243; align=&#8221;center&#8221; _builder_version=&#8221;4.4.4&#8243; width=&#8221;75%&#8221; custom_margin=&#8221;||7px|||&#8221; border_radii=&#8221;on|5px|5px|5px|5px&#8221; box_shadow_style=&#8221;preset1&#8243;][\/et_pb_image][\/et_pb_column][\/et_pb_row][et_pb_row column_structure=&#8221;1_2,1_2&#8243; _builder_version=&#8221;4.6.5&#8243; _module_preset=&#8221;default&#8221; custom_margin=&#8221;-32px|auto||auto||&#8221;][et_pb_column type=&#8221;1_2&#8243; _builder_version=&#8221;4.6.5&#8243; _module_preset=&#8221;default&#8221;][et_pb_text _builder_version=&#8221;4.6.5&#8243; _module_preset=&#8221;default&#8221; text_font_size=&#8221;13px&#8221; width=&#8221;100%&#8221; max_width=&#8221;100%&#8221; module_alignment=&#8221;center&#8221; custom_margin=&#8221;-5px||||false|false&#8221; custom_padding=&#8221;|80px|||false|false&#8221;]<\/p>\n<p style=\"text-align: right;\">Seizmi\u010dka mjerenja na Sljemenu<\/p>\n<p>[\/et_pb_text][\/et_pb_column][et_pb_column type=&#8221;1_2&#8243; _builder_version=&#8221;4.6.5&#8243; _module_preset=&#8221;default&#8221;][et_pb_text _builder_version=&#8221;4.6.5&#8243; text_font_size=&#8221;13px&#8221; max_width=&#8221;70%&#8221; custom_margin=&#8221;-5px||||false|false&#8221;]<\/p>\n<p style=\"text-align: center;\">Magnetotelurska mjerenja u okolici Zadra<\/p>\n<p>[\/et_pb_text][\/et_pb_column][\/et_pb_row][et_pb_row _builder_version=&#8221;4.4.4&#8243; custom_margin=&#8221;|auto|35px|auto||&#8221;][et_pb_column type=&#8221;4_4&#8243; _builder_version=&#8221;4.4.4&#8243;][et_pb_image src=&#8221;https:\/\/www.hgi-cgs.hr\/wp-content\/uploads\/2020\/04\/3.jpg&#8221; title_text=&#8221;3&#8243; align=&#8221;center&#8221; _builder_version=&#8221;4.4.4&#8243; width=&#8221;75%&#8221; custom_margin=&#8221;||9px|||&#8221; border_radii=&#8221;on|5px|5px|5px|5px&#8221; box_shadow_style=&#8221;preset1&#8243;][\/et_pb_image][et_pb_text _builder_version=&#8221;4.6.5&#8243; text_font_size=&#8221;13px&#8221; custom_margin=&#8221;-5px||||false|false&#8221;]<\/p>\n<p style=\"text-align: center;\">Elektri\u010dna tomografija u Srijemu<\/p>\n<p>[\/et_pb_text][\/et_pb_column][\/et_pb_row][\/et_pb_section]<\/p>\n","protected":false},"excerpt":{"rendered":"<p>HIDROGEOLO\u0160KA I IN\u017dENJERSKO GEOLO\u0160KA ISTRA\u017dIVANJA Geofizi\u010dka istra\u017eivanja U Hrvatskom geolo\u0161kom institutu geofizi\u010dka istra\u017eivanja tradicionalno nisu bila prisutna, te su se u pojedinim ekspertizama koristili gotovi interpretirani podatci dobiveni od znanstvenih institucija ili tvrtki koje se time bave. U posljednjim je godinama zamije\u0107ene sve ve\u0107a va\u017enost kori\u0161tenja ovih metoda u geolo\u0161kom in\u017eenjerstvu, te je stoga odlu\u010deno [&hellip;]<\/p>\n","protected":false},"author":1,"featured_media":0,"parent":0,"menu_order":0,"comment_status":"closed","ping_status":"closed","template":"","meta":{"_et_pb_use_builder":"on","_et_pb_old_content":"","_et_gb_content_width":"","footnotes":""},"class_list":["post-31091","page","type-page","status-publish","hentry"],"aioseo_notices":[],"_links":{"self":[{"href":"https:\/\/www.hgi-cgs.hr\/en\/wp-json\/wp\/v2\/pages\/31091","targetHints":{"allow":["GET"]}}],"collection":[{"href":"https:\/\/www.hgi-cgs.hr\/en\/wp-json\/wp\/v2\/pages"}],"about":[{"href":"https:\/\/www.hgi-cgs.hr\/en\/wp-json\/wp\/v2\/types\/page"}],"author":[{"embeddable":true,"href":"https:\/\/www.hgi-cgs.hr\/en\/wp-json\/wp\/v2\/users\/1"}],"replies":[{"embeddable":true,"href":"https:\/\/www.hgi-cgs.hr\/en\/wp-json\/wp\/v2\/comments?post=31091"}],"version-history":[{"count":16,"href":"https:\/\/www.hgi-cgs.hr\/en\/wp-json\/wp\/v2\/pages\/31091\/revisions"}],"predecessor-version":[{"id":37579,"href":"https:\/\/www.hgi-cgs.hr\/en\/wp-json\/wp\/v2\/pages\/31091\/revisions\/37579"}],"wp:attachment":[{"href":"https:\/\/www.hgi-cgs.hr\/en\/wp-json\/wp\/v2\/media?parent=31091"}],"curies":[{"name":"wp","href":"https:\/\/api.w.org\/{rel}","templated":true}]}}