{"id":31034,"date":"2020-04-30T08:24:41","date_gmt":"2020-04-30T08:24:41","guid":{"rendered":"http:\/\/www.hgi-cgs.hr\/?page_id=31034"},"modified":"2021-10-28T12:46:59","modified_gmt":"2021-10-28T12:46:59","slug":"inzenjerskogeoloska-istrazivanja","status":"publish","type":"page","link":"https:\/\/www.hgi-cgs.hr\/en\/inzenjerskogeoloska-istrazivanja\/","title":{"rendered":"Engineering Geological Research"},"content":{"rendered":"<p>[et_pb_section fb_built=&#8221;1&#8243; fullwidth=&#8221;on&#8221; _builder_version=&#8221;4.4.1&#8243; custom_padding=&#8221;0px||0px|||&#8221; global_colors_info=&#8221;{}&#8221;][et_pb_fullwidth_slider _builder_version=&#8221;4.7.7&#8243; min_height=&#8221;112px&#8221; height=&#8221;400px&#8221; custom_margin=&#8221;0px||||false|false&#8221; custom_padding=&#8221;0px||18px||false|false&#8221; auto=&#8221;on&#8221; auto_ignore_hover=&#8221;on&#8221; locked=&#8221;off&#8221; global_colors_info=&#8221;{}&#8221;][et_pb_slide heading=&#8221;Hrvatski geolo\u0161ki institut&#8221; _builder_version=&#8221;4.4.1&#8243; header_font=&#8221;|||on|||||&#8221; background_image=&#8221;https:\/\/www.hgi-cgs.hr\/wp-content\/uploads\/2020\/03\/Br\u010di\u0107_Drvenik02-scaled.jpg&#8221; background_enable_image=&#8221;on&#8221; locked=&#8221;off&#8221; global_colors_info=&#8221;{}&#8221; sticky_transition=&#8221;on&#8221;][\/et_pb_slide][et_pb_slide heading=&#8221;Hrvatski geolo\u0161ki institut&#8221; _builder_version=&#8221;4.4.1&#8243; header_font=&#8221;|||on|||||&#8221; background_image=&#8221;https:\/\/www.hgi-cgs.hr\/wp-content\/uploads\/2020\/03\/ban2-scaled.jpg&#8221; background_enable_image=&#8221;on&#8221; locked=&#8221;off&#8221; global_colors_info=&#8221;{}&#8221; sticky_transition=&#8221;on&#8221;][\/et_pb_slide][et_pb_slide heading=&#8221;Hrvatski geolo\u0161ki institut&#8221; _builder_version=&#8221;4.4.1&#8243; header_font=&#8221;|||on|||||&#8221; background_image=&#8221;https:\/\/www.hgi-cgs.hr\/wp-content\/uploads\/2020\/03\/20190228_094232-scaled.jpg&#8221; background_enable_image=&#8221;on&#8221; locked=&#8221;off&#8221; global_colors_info=&#8221;{}&#8221; sticky_transition=&#8221;on&#8221;][\/et_pb_slide][et_pb_slide heading=&#8221;Hrvatski geolo\u0161ki institut&#8221; _builder_version=&#8221;4.4.1&#8243; header_font=&#8221;|||on|||||&#8221; background_image=&#8221;https:\/\/www.hgi-cgs.hr\/wp-content\/uploads\/2020\/03\/ban3-scaled.jpg&#8221; background_enable_image=&#8221;on&#8221; locked=&#8221;off&#8221; global_colors_info=&#8221;{}&#8221; sticky_transition=&#8221;on&#8221;][\/et_pb_slide][et_pb_slide heading=&#8221;Hrvatski geolo\u0161ki institut&#8221; _builder_version=&#8221;4.4.1&#8243; header_font=&#8221;|||on|||||&#8221; background_image=&#8221;https:\/\/www.hgi-cgs.hr\/wp-content\/uploads\/2020\/03\/Bijele_stijene-Gorski_kotar-scaled.jpg&#8221; background_enable_image=&#8221;on&#8221; locked=&#8221;off&#8221; global_colors_info=&#8221;{}&#8221; sticky_transition=&#8221;on&#8221;][\/et_pb_slide][et_pb_slide heading=&#8221;Hrvatski geolo\u0161ki institut&#8221; _builder_version=&#8221;4.4.1&#8243; header_font=&#8221;|||on|||||&#8221; background_image=&#8221;https:\/\/www.hgi-cgs.hr\/wp-content\/uploads\/2020\/03\/ban4-scaled.jpg&#8221; background_enable_image=&#8221;on&#8221; locked=&#8221;off&#8221; global_colors_info=&#8221;{}&#8221; sticky_transition=&#8221;on&#8221;][\/et_pb_slide][et_pb_slide heading=&#8221;Hrvatski geolo\u0161ki institut&#8221; _builder_version=&#8221;4.4.1&#8243; header_font=&#8221;|||on|||||&#8221; background_image=&#8221;https:\/\/www.hgi-cgs.hr\/wp-content\/uploads\/2020\/03\/ban5-scaled.jpg&#8221; background_enable_image=&#8221;on&#8221; locked=&#8221;off&#8221; global_colors_info=&#8221;{}&#8221; sticky_transition=&#8221;on&#8221;][\/et_pb_slide][et_pb_slide heading=&#8221;Hrvatski geolo\u0161ki institut&#8221; _builder_version=&#8221;4.7.7&#8243; header_font=&#8221;|||on|||||&#8221; background_image=&#8221;https:\/\/www.hgi-cgs.hr\/wp-content\/uploads\/2020\/04\/20191015_142016a-scaled.jpg&#8221; background_enable_image=&#8221;on&#8221; locked=&#8221;off&#8221; global_colors_info=&#8221;{}&#8221; sticky_transition=&#8221;on&#8221;][\/et_pb_slide][et_pb_slide heading=&#8221;Hrvatski geolo\u0161ki institut&#8221; _builder_version=&#8221;4.7.7&#8243; header_font=&#8221;|||on|||||&#8221; background_image=&#8221;https:\/\/www.hgi-cgs.hr\/wp-content\/uploads\/2020\/04\/20191014_133538-scaled.jpg&#8221; background_enable_image=&#8221;on&#8221; locked=&#8221;off&#8221; global_colors_info=&#8221;{}&#8221; sticky_transition=&#8221;on&#8221;][\/et_pb_slide][\/et_pb_fullwidth_slider][\/et_pb_section][et_pb_section fb_built=&#8221;1&#8243; _builder_version=&#8221;4.6.5&#8243; custom_padding=&#8221;||4px|||&#8221; global_colors_info=&#8221;{}&#8221;][et_pb_row _builder_version=&#8221;4.4.2&#8243; custom_padding=&#8221;||2px|||&#8221; global_colors_info=&#8221;{}&#8221;][et_pb_column type=&#8221;4_4&#8243; _builder_version=&#8221;4.4.2&#8243; global_colors_info=&#8221;{}&#8221;][et_pb_text _builder_version=&#8221;4.4.3&#8243; text_font_size=&#8221;32px&#8221; header_2_text_color=&#8221;#1e5096&#8243; header_2_line_height=&#8221;1.2em&#8221; header_4_line_height=&#8221;1.3em&#8221; global_colors_info=&#8221;{}&#8221;]<\/p>\n<h2 style=\"text-align: center; color: #1e5096;\"><strong>HIDROGEOLO\u0160KA I IN\u017dENJERSKO GEOLO\u0160KA ISTRA\u017dIVANJA<\/strong><\/h2>\n<h4 style=\"text-align: center;\"><strong>In\u017eenjerskogeolo\u0161ka istra\u017eivanja<\/strong><\/h4>\n<p>[\/et_pb_text][\/et_pb_column][\/et_pb_row][\/et_pb_section][et_pb_section fb_built=&#8221;1&#8243; _builder_version=&#8221;4.4.2&#8243; custom_padding=&#8221;20px||41px|||&#8221; global_colors_info=&#8221;{}&#8221;][et_pb_row _builder_version=&#8221;4.4.3&#8243; custom_margin=&#8221;-15px|auto||auto||&#8221; custom_padding=&#8221;15px|0px|28px|0px|false|false&#8221; global_colors_info=&#8221;{}&#8221;][et_pb_column type=&#8221;4_4&#8243; _builder_version=&#8221;3.25&#8243; custom_padding=&#8221;|||&#8221; global_colors_info=&#8221;{}&#8221; custom_padding__hover=&#8221;|||&#8221;][et_pb_text _builder_version=&#8221;4.6.5&#8243; text_font=&#8221;||||||||&#8221; width=&#8221;99%&#8221; module_alignment=&#8221;left&#8221; custom_margin=&#8221;0px||||false|false&#8221; custom_padding=&#8221;|10px|0px|10px|false|true&#8221; global_colors_info=&#8221;{}&#8221;]<\/p>\n<p style=\"text-align: left;\">In\u017eenjerska geologija je znanost posve\u0107ena istra\u017eivanju, prou\u010davanju i rje\u0161avanju in\u017eenjerskih i okoli\u0161nih problema koji mogu biti posljedica interakcije geologije i aktivnosti \u010dovjeka. In\u017eenjerska geologija (IG) se tako\u0111er bavi predvi\u0111anjem, razvojem preventivnih mjera i ubla\u017eavanjem posljedica geolo\u0161kih hazarda.<\/p>\n<p style=\"text-align: left;\">U sklopu in\u017eenjerskogeolo\u0161kog istra\u017eiva\u010dkog i stru\u010dnog rada u Institutu provodi se:<\/p>\n<ul>\n<li style=\"text-align: left;\">identifikacija geolo\u0161kih materijala i njihovo definiranje u prostoru<\/li>\n<li style=\"text-align: left;\">definiranje fizi\u010dkih i mehani\u010dkih svojstva geolo\u0161kih materijala i masa<\/li>\n<li style=\"text-align: left;\">analiza relevantnih geomorfolo\u0161kih, litolo\u0161kih, strukturnih i hidrogeolo\u0161kih zna\u010dajki podru\u010dja<\/li>\n<li style=\"text-align: left;\">odre\u0111ivanje parametara geolo\u0161kih materijala i in\u017eenjerskih zahvata koji utje\u010du na stabilnost padina, povr\u0161inskih ili podzemnih kopova<\/li>\n<li style=\"text-align: left;\">identifikacija i odre\u0111ivanje zna\u010dajki geolo\u0161kih hazardnih procesa (poput klizanja, odranjanja, te\u010denja materijala, razli\u010ditih oblika usijedanja)<\/li>\n<li style=\"text-align: left;\">definiranje geolo\u0161kih uvjeta i zna\u010dajki koji utje\u010du na spomenute geohazardne procese<\/li>\n<li style=\"text-align: left;\">definiranje svih geolo\u0161kih zna\u010dajki koje utje\u010du na izgradnju, eksploataciju objekata i kopova, ili djeluju na promjene u okoli\u0161u<\/li>\n<li style=\"text-align: left;\">izrada modela kojima se opisuju i definiraju in\u017eenjerskogeolo\u0161ke zna\u010dajke s ciljem definiranja pona\u0161anja u prirodnim uvjetima ili nakon izgradnje<\/li>\n<li style=\"text-align: left;\">predvi\u0111anje promjena svih navedenih svojstava tijekom vremena<\/li>\n<li style=\"text-align: left;\">izrada in\u017eenjerskogeolo\u0161kih karata razli\u010ditih mjerila i namjena<\/li>\n<li style=\"text-align: left;\">predlaganje preventivnih i sanacijskih mjera, ili mjera pobolj\u0161anja zna\u010dajki terena i o\u010duvanja okoli\u0161a<\/li>\n<\/ul>\n<p>[\/et_pb_text][\/et_pb_column][\/et_pb_row][et_pb_row column_structure=&#8221;1_2,1_2&#8243; _builder_version=&#8221;4.4.3&#8243; global_colors_info=&#8221;{}&#8221;][et_pb_column type=&#8221;1_2&#8243; _builder_version=&#8221;4.4.3&#8243; global_colors_info=&#8221;{}&#8221;][et_pb_image src=&#8221;https:\/\/www.hgi-cgs.hr\/wp-content\/uploads\/2020\/04\/IG_kartiranje1.jpg&#8221; align=&#8221;center&#8221; _builder_version=&#8221;4.4.3&#8243; width=&#8221;90%&#8221; module_alignment=&#8221;center&#8221; custom_padding=&#8221;|||10px|false|false&#8221; border_radii=&#8221;on|5px|5px|5px|5px&#8221; box_shadow_style=&#8221;preset1&#8243; global_colors_info=&#8221;{}&#8221;][\/et_pb_image][\/et_pb_column][et_pb_column type=&#8221;1_2&#8243; _builder_version=&#8221;4.4.3&#8243; global_colors_info=&#8221;{}&#8221;][et_pb_image src=&#8221;https:\/\/www.hgi-cgs.hr\/wp-content\/uploads\/2020\/04\/kartiranje_kliziste1.jpg&#8221; align=&#8221;center&#8221; _builder_version=&#8221;4.4.3&#8243; width=&#8221;90%&#8221; custom_padding=&#8221;|10px|||false|false&#8221; border_radii=&#8221;on|5px|5px|5px|5px&#8221; box_shadow_style=&#8221;preset1&#8243; global_colors_info=&#8221;{}&#8221;][\/et_pb_image][\/et_pb_column][\/et_pb_row][et_pb_row _builder_version=&#8221;4.4.3&#8243; global_colors_info=&#8221;{}&#8221;][et_pb_column type=&#8221;4_4&#8243; _builder_version=&#8221;4.4.3&#8243; global_colors_info=&#8221;{}&#8221;][et_pb_text _builder_version=&#8221;4.11.4&#8243; custom_padding=&#8221;|10px||10px|false|true&#8221; hover_enabled=&#8221;0&#8243; global_colors_info=&#8221;{}&#8221; sticky_enabled=&#8221;0&#8243;]<\/p>\n<p style=\"text-align: left;\">Do ovih spoznaja dolazi se kori\u0161tenjem: postoje\u0107e literature i podataka, dosada\u0161njih znanstvenih spoznaja i terenskih istra\u017eivanja. Terenska prospekcija, kartiranje i istra\u017eivanje provodi se uz pomo\u0107 opreme s kojom raspola\u017ee grupa za IG:<\/p>\n<ul>\n<li style=\"text-align: left;\">terenski mjerni instrumenti (Schmidt-ov \u010deki\u0107, PLT, profilomjer, d\u017eepni penetrometar, krilna sonda, precizan GPS, terenski tablet)<\/li>\n<li style=\"text-align: left;\"><a href=\"https:\/\/www.hgi-cgs.hr\/inzenjerskogeoloski-laboratorij\/\">laboratorijskia ispitivanja<\/a><\/li>\n<li style=\"text-align: left;\">bezkontaktna mjerenja (laserski daljinomjer, <a href=\"https:\/\/www.hgi-cgs.hr\/istrazivanja-na-nedostupnim-strminama\/\">sustav za bezkontaktno mjerenje diskontinuiteta<\/a>)<\/li>\n<li style=\"text-align: left;\"><a href=\"https:\/\/www.hgi-cgs.hr\/daljinska-istrazivanja-bespilotnim-letjelicama\/\">daljinska snimanja i mjerenja<\/a><\/li>\n<li style=\"text-align: left;\"><a href=\"https:\/\/www.hgi-cgs.hr\/geofizicka-istrazivanja\/\">geofizi\u010dka istra\u017eivanja<\/a><\/li>\n<li style=\"text-align: left;\">jezgrovanje na povr\u0161ini (terenski pribor za uzorkovanje u stijeni i tlu)<\/li>\n<li style=\"text-align: left;\">plitko bu\u0161enje i tlu s jezgrovanjem (Cobra)<\/li>\n<li style=\"text-align: left;\">specijalizirani software<\/li>\n<\/ul>\n<p>[\/et_pb_text][\/et_pb_column][\/et_pb_row][et_pb_row column_structure=&#8221;1_2,1_2&#8243; _builder_version=&#8221;4.4.3&#8243; global_colors_info=&#8221;{}&#8221;][et_pb_column type=&#8221;1_2&#8243; _builder_version=&#8221;4.4.3&#8243; global_colors_info=&#8221;{}&#8221;][et_pb_image src=&#8221;https:\/\/www.hgi-cgs.hr\/wp-content\/uploads\/2020\/04\/jezgra_analize1.jpg&#8221; align=&#8221;center&#8221; _builder_version=&#8221;4.4.3&#8243; width=&#8221;80%&#8221; module_alignment=&#8221;center&#8221; custom_padding=&#8221;|||10px|false|false&#8221; border_radii=&#8221;on|5px|5px|5px|5px&#8221; box_shadow_style=&#8221;preset1&#8243; global_colors_info=&#8221;{}&#8221;][\/et_pb_image][\/et_pb_column][et_pb_column type=&#8221;1_2&#8243; _builder_version=&#8221;4.4.3&#8243; global_colors_info=&#8221;{}&#8221;][et_pb_image src=&#8221;https:\/\/www.hgi-cgs.hr\/wp-content\/uploads\/2020\/04\/Schmidt-ov_cekic1.jpg&#8221; align=&#8221;center&#8221; _builder_version=&#8221;4.4.3&#8243; width=&#8221;71%&#8221; custom_padding=&#8221;|10px|||false|false&#8221; border_radii=&#8221;on|5px|5px|5px|5px&#8221; box_shadow_style=&#8221;preset1&#8243; global_colors_info=&#8221;{}&#8221;][\/et_pb_image][\/et_pb_column][\/et_pb_row][et_pb_row _builder_version=&#8221;4.4.3&#8243; global_colors_info=&#8221;{}&#8221;][et_pb_column type=&#8221;4_4&#8243; _builder_version=&#8221;4.4.3&#8243; global_colors_info=&#8221;{}&#8221;][et_pb_text _builder_version=&#8221;4.6.5&#8243; custom_padding=&#8221;|10px||10px|false|true&#8221; global_colors_info=&#8221;{}&#8221;]<\/p>\n<p style=\"text-align: left;\">Primjena rezultata in\u017eenjerskogeolo\u0161kih istra\u017eivanja:<\/p>\n<ul style=\"text-align: left;\">\n<li>prostorni i planovi razli\u010ditih mjerila<\/li>\n<li>ocjena pogodnosti i definiranje terena za izgradnju kapitalnih infrastrukturnih objekata (ceste, mostovi, vijadukti, podzemni prostori, \u017eeljezni\u010dki pravci, brane, skladi\u0161ta opasnog otpada)<\/li>\n<li>odabir varijantnih rje\u0161enja ili izgradnja u skladu s geolo\u0161kom sredinom s ciljem pobolj\u0161anja sigurnosti, trajnosti i ekonomi\u010dnosti objekata, a posebno za\u0161tite okoli\u0161a.<\/li>\n<li>podloge za geotehni\u010dko projektiranje raznih zahvata i gra\u0111evina<\/li>\n<li>in\u017eenjerskogeolo\u0161ki izvje\u0161taji, analize i studije razli\u010ditih namjena (gra\u0111evinarstvo, vodoprivreda, elektroprivreda, rudarstvo, \u0161umarstvo, agronomija i ostalo)<\/li>\n<li>evidencija, istra\u017eivanje i definiranje geodinami\u010dkih procesa i pojava<\/li>\n<li>izrada karata podlo\u017enosti geohazardnim i ostalim geolo\u0161kim procesima u prostoru, kao i procjena hazarda i rizika.<\/li>\n<\/ul>\n<p style=\"text-align: left;\">Tijekom in\u017eenjerskogeolo\u0161kih istra\u017eivanja nastoje se uvesti novi postupci i metode prikupljanja i obrade podataka. Sustavno se nabavljaju i suvremeniji instrumenti za in-situ mjerenja, uzorkovanja i ispitivanja, kao i noviji specijalizirani software i informati\u010dka oprema.<\/p>\n<p style=\"text-align: left;\">U ovoj istra\u017eiva\u010dkoj grupi trenutno djeluje osam in\u017eenjerskih geologa, od kojih je pet doktora znanosti. Trenutno je istra\u017eiva\u010dki i stru\u010dni rad usmjeren na nekoliko osnovnih tema:<\/p>\n<ul>\n<li style=\"text-align: left;\">Primjena teresti\u010dkih i zra\u010dnih metoda daljinskih istra\u017eivanja u in\u017eenjerskoj geologiji<\/li>\n<li style=\"text-align: left;\">Definiranje karakteristi\u010dnih in\u017eenjerskogeolo\u0161kih zna\u010dajki materijala u podru\u010djima ugro\u017eenim geohazardnim procesima<\/li>\n<li style=\"text-align: left;\">Izrada in\u017eenjerskogeolo\u0161kih karata, karata podlo\u017enosti i hazarda<\/li>\n<li style=\"text-align: left;\">Primjena statisti\u010dke obrada podataka<\/li>\n<li style=\"text-align: left;\">Istra\u017eivanje i monitoring klizi\u0161ta, odrona i ogolina<\/li>\n<li style=\"text-align: left;\">Istra\u017eiva\u010dki radovi za izgradnju i sanaciju gra\u0111evinskih objekata svih vrsta<\/li>\n<\/ul>\n<p>[\/et_pb_text][\/et_pb_column][\/et_pb_row][et_pb_row column_structure=&#8221;1_2,1_2&#8243; _builder_version=&#8221;4.4.3&#8243; global_colors_info=&#8221;{}&#8221;][et_pb_column type=&#8221;1_2&#8243; _builder_version=&#8221;4.4.3&#8243; global_colors_info=&#8221;{}&#8221;][et_pb_image src=&#8221;https:\/\/www.hgi-cgs.hr\/wp-content\/uploads\/2020\/04\/Sterna1.jpg&#8221; align=&#8221;center&#8221; _builder_version=&#8221;4.4.3&#8243; width=&#8221;90%&#8221; module_alignment=&#8221;center&#8221; custom_padding=&#8221;|||10px|false|false&#8221; border_radii=&#8221;on|5px|5px|5px|5px&#8221; box_shadow_style=&#8221;preset1&#8243; global_colors_info=&#8221;{}&#8221;][\/et_pb_image][\/et_pb_column][et_pb_column type=&#8221;1_2&#8243; _builder_version=&#8221;4.4.3&#8243; global_colors_info=&#8221;{}&#8221;][et_pb_image src=&#8221;https:\/\/www.hgi-cgs.hr\/wp-content\/uploads\/2020\/04\/MK_juzni_portal1.jpg&#8221; align=&#8221;center&#8221; _builder_version=&#8221;4.4.3&#8243; width=&#8221;90%&#8221; custom_padding=&#8221;|10px|||false|false&#8221; border_radii=&#8221;on|5px|5px|5px|5px&#8221; box_shadow_style=&#8221;preset1&#8243; global_colors_info=&#8221;{}&#8221;][\/et_pb_image][\/et_pb_column][\/et_pb_row][\/et_pb_section]<\/p>\n","protected":false},"excerpt":{"rendered":"<p>HIDROGEOLO\u0160KA I IN\u017dENJERSKO GEOLO\u0160KA ISTRA\u017dIVANJA In\u017eenjerskogeolo\u0161ka istra\u017eivanjaIn\u017eenjerska geologija je znanost posve\u0107ena istra\u017eivanju, prou\u010davanju i rje\u0161avanju in\u017eenjerskih i okoli\u0161nih problema koji mogu biti posljedica interakcije geologije i aktivnosti \u010dovjeka. In\u017eenjerska geologija (IG) se tako\u0111er bavi predvi\u0111anjem, razvojem preventivnih mjera i ubla\u017eavanjem posljedica geolo\u0161kih hazarda. U sklopu in\u017eenjerskogeolo\u0161kog istra\u017eiva\u010dkog i stru\u010dnog rada u Institutu provodi se: identifikacija [&hellip;]<\/p>\n","protected":false},"author":1,"featured_media":0,"parent":0,"menu_order":0,"comment_status":"closed","ping_status":"closed","template":"","meta":{"_et_pb_use_builder":"on","_et_pb_old_content":"","_et_gb_content_width":"","footnotes":""},"class_list":["post-31034","page","type-page","status-publish","hentry"],"aioseo_notices":[],"_links":{"self":[{"href":"https:\/\/www.hgi-cgs.hr\/en\/wp-json\/wp\/v2\/pages\/31034","targetHints":{"allow":["GET"]}}],"collection":[{"href":"https:\/\/www.hgi-cgs.hr\/en\/wp-json\/wp\/v2\/pages"}],"about":[{"href":"https:\/\/www.hgi-cgs.hr\/en\/wp-json\/wp\/v2\/types\/page"}],"author":[{"embeddable":true,"href":"https:\/\/www.hgi-cgs.hr\/en\/wp-json\/wp\/v2\/users\/1"}],"replies":[{"embeddable":true,"href":"https:\/\/www.hgi-cgs.hr\/en\/wp-json\/wp\/v2\/comments?post=31034"}],"version-history":[{"count":7,"href":"https:\/\/www.hgi-cgs.hr\/en\/wp-json\/wp\/v2\/pages\/31034\/revisions"}],"predecessor-version":[{"id":40414,"href":"https:\/\/www.hgi-cgs.hr\/en\/wp-json\/wp\/v2\/pages\/31034\/revisions\/40414"}],"wp:attachment":[{"href":"https:\/\/www.hgi-cgs.hr\/en\/wp-json\/wp\/v2\/media?parent=31034"}],"curies":[{"name":"wp","href":"https:\/\/api.w.org\/{rel}","templated":true}]}}