{"id":30817,"date":"2020-04-28T10:48:26","date_gmt":"2020-04-28T10:48:26","guid":{"rendered":"http:\/\/www.hgi-cgs.hr\/?page_id=30817"},"modified":"2024-01-24T06:50:01","modified_gmt":"2024-01-24T06:50:01","slug":"emodnet-geologija-4","status":"publish","type":"page","link":"https:\/\/www.hgi-cgs.hr\/en\/emodnet-geologija-4\/","title":{"rendered":"EMODnet Geologija-4"},"content":{"rendered":"<p>[et_pb_section fb_built=&#8221;1&#8243; fullwidth=&#8221;on&#8221; _builder_version=&#8221;4.16&#8243; custom_padding=&#8221;0px||0px|||&#8221; global_colors_info=&#8221;{}&#8221;][et_pb_fullwidth_slider _builder_version=&#8221;4.16&#8243; min_height=&#8221;112px&#8221; height=&#8221;400px&#8221; custom_margin=&#8221;0px||||false|false&#8221; custom_padding=&#8221;0px||18px||false|false&#8221; auto=&#8221;on&#8221; auto_ignore_hover=&#8221;on&#8221; locked=&#8221;off&#8221; global_colors_info=&#8221;{}&#8221;][et_pb_slide heading=&#8221;Hrvatski geolo\u0161ki institut&#8221; _builder_version=&#8221;4.16&#8243; header_font=&#8221;|||on|||||&#8221; background_image=&#8221;https:\/\/www.hgi-cgs.hr\/wp-content\/uploads\/2020\/03\/Br\u010di\u0107_Drvenik02-scaled.jpg&#8221; background_enable_image=&#8221;on&#8221; locked=&#8221;off&#8221; global_colors_info=&#8221;{}&#8221; sticky_transition=&#8221;on&#8221;][\/et_pb_slide][et_pb_slide heading=&#8221;Hrvatski geolo\u0161ki institut&#8221; _builder_version=&#8221;4.16&#8243; header_font=&#8221;|||on|||||&#8221; background_image=&#8221;https:\/\/www.hgi-cgs.hr\/wp-content\/uploads\/2020\/03\/ban2-scaled.jpg&#8221; background_enable_image=&#8221;on&#8221; locked=&#8221;off&#8221; global_colors_info=&#8221;{}&#8221; sticky_transition=&#8221;on&#8221;][\/et_pb_slide][et_pb_slide heading=&#8221;Hrvatski geolo\u0161ki institut&#8221; _builder_version=&#8221;4.16&#8243; header_font=&#8221;|||on|||||&#8221; background_image=&#8221;https:\/\/www.hgi-cgs.hr\/wp-content\/uploads\/2020\/03\/20190228_094232-scaled.jpg&#8221; background_enable_image=&#8221;on&#8221; locked=&#8221;off&#8221; global_colors_info=&#8221;{}&#8221; sticky_transition=&#8221;on&#8221;][\/et_pb_slide][et_pb_slide heading=&#8221;Hrvatski geolo\u0161ki institut&#8221; _builder_version=&#8221;4.16&#8243; header_font=&#8221;|||on|||||&#8221; background_image=&#8221;https:\/\/www.hgi-cgs.hr\/wp-content\/uploads\/2020\/03\/ban3-scaled.jpg&#8221; background_enable_image=&#8221;on&#8221; locked=&#8221;off&#8221; global_colors_info=&#8221;{}&#8221; sticky_transition=&#8221;on&#8221;][\/et_pb_slide][et_pb_slide heading=&#8221;Hrvatski geolo\u0161ki institut&#8221; _builder_version=&#8221;4.16&#8243; header_font=&#8221;|||on|||||&#8221; background_image=&#8221;https:\/\/www.hgi-cgs.hr\/wp-content\/uploads\/2020\/03\/Bijele_stijene-Gorski_kotar-scaled.jpg&#8221; background_enable_image=&#8221;on&#8221; locked=&#8221;off&#8221; global_colors_info=&#8221;{}&#8221; sticky_transition=&#8221;on&#8221;][\/et_pb_slide][et_pb_slide heading=&#8221;Hrvatski geolo\u0161ki institut&#8221; _builder_version=&#8221;4.16&#8243; header_font=&#8221;|||on|||||&#8221; background_image=&#8221;https:\/\/www.hgi-cgs.hr\/wp-content\/uploads\/2020\/03\/ban4-scaled.jpg&#8221; background_enable_image=&#8221;on&#8221; locked=&#8221;off&#8221; global_colors_info=&#8221;{}&#8221; sticky_transition=&#8221;on&#8221;][\/et_pb_slide][et_pb_slide heading=&#8221;Hrvatski geolo\u0161ki institut&#8221; _builder_version=&#8221;4.16&#8243; header_font=&#8221;|||on|||||&#8221; background_image=&#8221;https:\/\/www.hgi-cgs.hr\/wp-content\/uploads\/2020\/03\/ban5-scaled.jpg&#8221; background_enable_image=&#8221;on&#8221; locked=&#8221;off&#8221; global_colors_info=&#8221;{}&#8221; sticky_transition=&#8221;on&#8221;][\/et_pb_slide][\/et_pb_fullwidth_slider][\/et_pb_section][et_pb_section fb_built=&#8221;1&#8243; _builder_version=&#8221;4.16&#8243; global_colors_info=&#8221;{}&#8221;][et_pb_row _builder_version=&#8221;4.16&#8243; global_colors_info=&#8221;{}&#8221;][et_pb_column type=&#8221;4_4&#8243; _builder_version=&#8221;4.16&#8243; global_colors_info=&#8221;{}&#8221;][et_pb_text _builder_version=&#8221;4.23.4&#8243; text_font_size=&#8221;32px&#8221; header_2_text_color=&#8221;#1e5096&#8243; hover_enabled=&#8221;0&#8243; global_colors_info=&#8221;{}&#8221; sticky_enabled=&#8221;0&#8243;]<\/p>\n<h2 style=\"text-align: center; color: #1e5096;\"><strong>ZAVOD ZA MINERALNE SIROVINE I MARINSKU GEOLOGIJU<br \/><\/strong><\/h2>\n<h2 style=\"text-align: center; color: #1e5096;\"><strong>Projekti EU fondova<\/strong><\/h2>\n<p>[\/et_pb_text][\/et_pb_column][\/et_pb_row][\/et_pb_section][et_pb_section fb_built=&#8221;1&#8243; _builder_version=&#8221;4.16&#8243; custom_margin=&#8221;-7px|||||&#8221; custom_padding=&#8221;20px||41px|||&#8221; global_colors_info=&#8221;{}&#8221;][et_pb_row _builder_version=&#8221;4.16&#8243; custom_margin=&#8221;-13px|auto|20px|auto||&#8221; custom_padding=&#8221;||50px&#8221; global_colors_info=&#8221;{}&#8221;][et_pb_column type=&#8221;4_4&#8243; _builder_version=&#8221;4.16&#8243; custom_padding=&#8221;|||&#8221; global_colors_info=&#8221;{}&#8221; custom_padding__hover=&#8221;|||&#8221;][et_pb_text _builder_version=&#8221;4.16&#8243; text_font=&#8221;|300|||||||&#8221; ul_font=&#8221;||||||||&#8221; header_font=&#8221;||||||||&#8221; header_text_align=&#8221;center&#8221; header_2_font=&#8221;|800|||||||&#8221; header_2_text_align=&#8221;center&#8221; header_2_text_color=&#8221;#1e5096&#8243; header_2_font_size=&#8221;54px&#8221; header_3_font=&#8221;|300|||||||&#8221; text_orientation=&#8221;center&#8221; custom_margin=&#8221;-8px||18px|||&#8221; custom_padding=&#8221;||0px|||&#8221; animation_direction=&#8221;bottom&#8221; header_2_font_size_tablet=&#8221;&#8221; header_2_font_size_phone=&#8221;30px&#8221; header_2_font_size_last_edited=&#8221;on|phone&#8221; header_2_text_shadow_style=&#8221;preset1&#8243; header_2_text_shadow_horizontal_length=&#8221;0.03em&#8221; header_2_text_shadow_vertical_length=&#8221;0.03em&#8221; header_2_text_shadow_blur_strength=&#8221;0.05em&#8221; header_2_text_shadow_color=&#8221;rgba(0,0,0,0.3)&#8221; global_colors_info=&#8221;{}&#8221;]<\/p>\n<h3><strong>EMODnet Geology: Discover Europe\u2019s seabed geology<br \/> <\/strong><\/h3>\n<p>[\/et_pb_text][et_pb_image src=&#8221;https:\/\/www.hgi-cgs.hr\/wp-content\/uploads\/2020\/04\/EMODnet-logo-1.png&#8221; url=&#8221;https:\/\/www.emodnet-geology.eu\/&#8221; url_new_window=&#8221;on&#8221; align=&#8221;center&#8221; _builder_version=&#8221;4.16&#8243; global_colors_info=&#8221;{}&#8221;][\/et_pb_image][et_pb_tabs _builder_version=&#8221;4.19.4&#8243; global_colors_info=&#8221;{}&#8221;][et_pb_tab title=&#8221;O projektu&#8221; _builder_version=&#8221;4.16&#8243; global_colors_info=&#8221;{}&#8221;]<\/p>\n<p style=\"text-align: left;\"><span>Poznavanje na\u0161ih mora i oceana je bitno za razvoj plavog gospodarstva i pobolj\u0161anje upravljanja morskim okoli\u0161em. Stjecanje tog znanja zahtijeva sastavljanje podataka prikupljenih od vi\u0161e stotina tijela \u2013 istra\u017eiva\u010dkih instituta, geolo\u0161kih instituta, hidrografskih ureda, agencija za okoli\u0161 \u2013 u koherentnu sliku. U ostvarenju tih ciljeva definirana je integrirana pomorska politika EU-a koja je omogu\u0107ila tim organizacijama da uspostave europski marinski opservatorij i podatkovnu mre\u017eu EMODnet (European Marine Observation and Data Network). EMODnet je konzorcij organizacija unutar Europe koji okuplja podatke o morima, produkte tih podataka i metapodatke iz raznih izvora, kako bi podaci o morima postali dostupni svima. Rezultat takvog pristupa bit \u0107e stvaranje integriranih slojeva podataka za sva europska mora i njihova distribucija putem interneta. Osnovni cilj EMODnet projekta jest omogu\u0107avanje javne dostupnosti ve\u0107 postoje\u0107ih ali fragmentiranih i dosad nedostupnih podataka o morskom okoli\u0161u. Podaci su dostupni \u0161irokom spektru korisnika, uklju\u010duju\u0107i komercijalne organizacije, javne uprave, znanstvene zajednice i gra\u0111ane. Kroz EMODnet \u0107e se pove\u0107ati u\u010dinkovitost svih onih koji trebaju te podatke za planiranje i izgradnju novih off-shore objekata, procjenu rizika od erozije obale i pra\u0107enje morskih za\u0161ti\u0107enih podru\u010dja. <\/span><\/p>\n<p style=\"text-align: left;\"><span>Projekt EMODnet podijeljen je na vi\u0161e tematskih podru\u010dja istra\u017eivanja mora i morskog okoli\u0161a, kao \u0161to su podru\u010dja istra\u017eivanja batimetrija, biologija, kemija, geologija, ljudske aktivnosti, fizika i habitati morskog dna. Hrvatski geolo\u0161ki institut sudjeluje u EMODnet-Geologija projektima od 2013. godine, u projektu EMODnet Geologija-2 (2013-2016), EMODnet Geologija-3 (2017-2018), EMODnet Geologija-4 (2019-2021). Projekt EMODnet financira Odjel za pomorstvo i ribarstvo Europske komisije (DG Mare). Osnovni cilj EMODnet projekta jest omogu\u0107avanje javne dostupnosti ve\u0107 postoje\u0107ih, ali fragmentiranih i dosad nedostupnih podataka o morskom okoli\u0161u. Podaci \u0107e biti dostupnim \u0161irokom spektru korisnika, uklju\u010duju\u0107i komercijalne organizacije, javne uprave, znanstvene zajednice i gra\u0111ane. Kroz EMODnet \u0107e se pove\u0107ati u\u010dinkovitost svih onih koji trebaju te podatke za planiranje i izgradnju novih off-shore objekata, procjenu rizika od erozije obale i pra\u0107enje morskih za\u0161ti\u0107enih podru\u010dja. Teme koje obra\u0111uje projekt EMODnet Geologija-4 na temelju kojih se izra\u0111uju karte su sedimenti podmorja (<em>Seabed Substrate<\/em>), geolo\u0161ka karta podmorja (Sea-floor Geology), dinamika obale (Coastal Behavior), geolo\u0161ki doga\u0111aji i vjerojatnosti (Events &amp; Probabilities), morske mineralne sirovine (Marine Minerals), potopljeni okoli\u0161i (Submerged Landscapes). Podaci su dostupni na jednoj platformi (EMODnet portali), te su harmonizirani su i usporedivi. Voditelj i koordinator projekta EMODnet-Geologija je Henry Vallius iz Geolo\u0161ka slu\u017ebe Finske (GTK).<\/span><\/p>\n<p style=\"text-align: left;\"><span><strong>Web stranica projekta:<\/strong> <\/span><a href=\"https:\/\/www.emodnet-geology.eu\/\"><strong><em>https:\/\/www.emodnet-geology.eu\/<\/em><\/strong><\/a><\/p>\n<p style=\"text-align: left;\"><strong>EMODnet Geologija portal:<\/strong> <em><strong><a href=\"https:\/\/www.emodnet-geology.eu\/map-viewer\/\">https:\/\/www.emodnet-geology.eu\/map-viewer\/<\/a><\/strong><\/em><\/p>\n<p>[\/et_pb_tab][et_pb_tab title=&#8221;Voditelj&#8221; _builder_version=&#8221;4.16&#8243; global_colors_info=&#8221;{}&#8221;]<\/p>\n<p><strong><em><span>Glavni istra\u017eiva\u010d \/ voditelj iz Instituta: <\/span><\/em><\/strong><em>d<\/em><em>r.sc. Slobodan Miko<\/em><strong><em><br \/> <\/em><\/strong><\/p>\n<p>[\/et_pb_tab][et_pb_tab title=&#8221;Suradnici&#8221; _builder_version=&#8221;4.16&#8243; global_colors_info=&#8221;{}&#8221;]<\/p>\n<p><span>Nikolina Ilijani\u0107, <\/span><\/p>\n<p><span>Ozren Hasan, <\/span><\/p>\n<p><span>Dea Brunovi\u0107<\/span><\/p>\n<p>[\/et_pb_tab][et_pb_tab title=&#8221;Trajanje projekta&#8221; _builder_version=&#8221;4.16&#8243; global_colors_info=&#8221;{}&#8221;]<\/p>\n<p style=\"text-align: left;\"><span><strong>Datum po\u010detka i kraja projekta:<\/strong> <\/span><span>02.12.2019.-02.12.2021.<\/span><\/p>\n<p><span><br \/> <\/span><\/p>\n<p><span>\u00a0<\/span><\/p>\n<p>[\/et_pb_tab][et_pb_tab title=&#8221;Kategorija&#8221; _builder_version=&#8221;4.16&#8243; global_colors_info=&#8221;{}&#8221;]<\/p>\n<p style=\"text-align: left;\"><strong>Kategorija projekta: <\/strong><span><\/span><span>EU EASME DG Mare<\/span><\/p>\n<p><span><br \/> <\/span><\/p>\n<p>[\/et_pb_tab][et_pb_tab title=&#8221;Iznos financiranja&#8221; _builder_version=&#8221;4.16&#8243; global_colors_info=&#8221;{}&#8221;]<\/p>\n<p style=\"text-align: left;\"><span><strong>Ugovoreni iznos financiranja:<\/strong> 30.000,00 \u20ac<\/span><span><\/span><\/p>\n<p><span><br \/> <\/span><\/p>\n<p>[\/et_pb_tab][et_pb_tab title=&#8221;Status&#8221; _builder_version=&#8221;4.19.4&#8243; global_colors_info=&#8221;{}&#8221;]<\/p>\n<p><span><strong>Status:<\/strong> Zavr\u0161en<\/span><\/p>\n<p>[\/et_pb_tab][\/et_pb_tabs][\/et_pb_column][\/et_pb_row][\/et_pb_section]<\/p>\n","protected":false},"excerpt":{"rendered":"<p>ZAVOD ZA MINERALNE SIROVINE I MARINSKU GEOLOGIJU Projekti EU fondovaEMODnet Geology: Discover Europe\u2019s seabed geology Poznavanje na\u0161ih mora i oceana je bitno za razvoj plavog gospodarstva i pobolj\u0161anje upravljanja morskim okoli\u0161em. Stjecanje tog znanja zahtijeva sastavljanje podataka prikupljenih od vi\u0161e stotina tijela \u2013 istra\u017eiva\u010dkih instituta, geolo\u0161kih instituta, hidrografskih ureda, agencija za okoli\u0161 \u2013 u koherentnu [&hellip;]<\/p>\n","protected":false},"author":1,"featured_media":0,"parent":0,"menu_order":0,"comment_status":"closed","ping_status":"closed","template":"","meta":{"_et_pb_use_builder":"on","_et_pb_old_content":"","_et_gb_content_width":"","footnotes":""},"class_list":["post-30817","page","type-page","status-publish","hentry"],"aioseo_notices":[],"_links":{"self":[{"href":"https:\/\/www.hgi-cgs.hr\/en\/wp-json\/wp\/v2\/pages\/30817","targetHints":{"allow":["GET"]}}],"collection":[{"href":"https:\/\/www.hgi-cgs.hr\/en\/wp-json\/wp\/v2\/pages"}],"about":[{"href":"https:\/\/www.hgi-cgs.hr\/en\/wp-json\/wp\/v2\/types\/page"}],"author":[{"embeddable":true,"href":"https:\/\/www.hgi-cgs.hr\/en\/wp-json\/wp\/v2\/users\/1"}],"replies":[{"embeddable":true,"href":"https:\/\/www.hgi-cgs.hr\/en\/wp-json\/wp\/v2\/comments?post=30817"}],"version-history":[{"count":12,"href":"https:\/\/www.hgi-cgs.hr\/en\/wp-json\/wp\/v2\/pages\/30817\/revisions"}],"predecessor-version":[{"id":42860,"href":"https:\/\/www.hgi-cgs.hr\/en\/wp-json\/wp\/v2\/pages\/30817\/revisions\/42860"}],"wp:attachment":[{"href":"https:\/\/www.hgi-cgs.hr\/en\/wp-json\/wp\/v2\/media?parent=30817"}],"curies":[{"name":"wp","href":"https:\/\/api.w.org\/{rel}","templated":true}]}}