{"id":30077,"date":"2020-04-08T12:33:16","date_gmt":"2020-04-08T12:33:16","guid":{"rendered":"http:\/\/www.hgi-cgs.hr\/?page_id=30077"},"modified":"2020-09-30T09:18:26","modified_gmt":"2020-09-30T09:18:26","slug":"geocro-mobilna-aplikacija","status":"publish","type":"page","link":"https:\/\/www.hgi-cgs.hr\/en\/geocro-mobilna-aplikacija\/","title":{"rendered":"GeoCro mobilna aplikacija"},"content":{"rendered":"<p>[et_pb_section fb_built=&#8221;1&#8243; fullwidth=&#8221;on&#8221; _builder_version=&#8221;4.4.1&#8243; custom_padding=&#8221;0px||0px|||&#8221;][et_pb_fullwidth_slider _builder_version=&#8221;4.4.2&#8243; min_height=&#8221;112px&#8221; height=&#8221;400px&#8221; custom_margin=&#8221;0px||||false|false&#8221; custom_padding=&#8221;0px||18px||false|false&#8221; auto=&#8221;on&#8221; auto_ignore_hover=&#8221;on&#8221; locked=&#8221;off&#8221;][et_pb_slide heading=&#8221;Hrvatski geolo\u0161ki institut&#8221; _builder_version=&#8221;4.4.1&#8243; header_font=&#8221;|||on|||||&#8221; background_image=&#8221;http:\/\/www.hgi-cgs.hr\/wp-content\/uploads\/2020\/03\/Br\u010di\u0107_Drvenik02-scaled.jpg&#8221; background_enable_image=&#8221;on&#8221; sticky_transition=&#8221;on&#8221; locked=&#8221;off&#8221;][\/et_pb_slide][et_pb_slide heading=&#8221;Hrvatski geolo\u0161ki institut&#8221; _builder_version=&#8221;4.4.1&#8243; header_font=&#8221;|||on|||||&#8221; background_image=&#8221;http:\/\/www.hgi-cgs.hr\/wp-content\/uploads\/2020\/03\/ban2-scaled.jpg&#8221; background_enable_image=&#8221;on&#8221; sticky_transition=&#8221;on&#8221; locked=&#8221;off&#8221;][\/et_pb_slide][et_pb_slide heading=&#8221;Hrvatski geolo\u0161ki institut&#8221; _builder_version=&#8221;4.4.1&#8243; header_font=&#8221;|||on|||||&#8221; background_image=&#8221;http:\/\/www.hgi-cgs.hr\/wp-content\/uploads\/2020\/03\/20190228_094232-scaled.jpg&#8221; background_enable_image=&#8221;on&#8221; sticky_transition=&#8221;on&#8221; locked=&#8221;off&#8221;][\/et_pb_slide][et_pb_slide heading=&#8221;Hrvatski geolo\u0161ki institut&#8221; _builder_version=&#8221;4.4.1&#8243; header_font=&#8221;|||on|||||&#8221; background_image=&#8221;http:\/\/www.hgi-cgs.hr\/wp-content\/uploads\/2020\/03\/ban3-scaled.jpg&#8221; background_enable_image=&#8221;on&#8221; sticky_transition=&#8221;on&#8221; locked=&#8221;off&#8221;][\/et_pb_slide][et_pb_slide heading=&#8221;Hrvatski geolo\u0161ki institut&#8221; _builder_version=&#8221;4.4.1&#8243; header_font=&#8221;|||on|||||&#8221; background_image=&#8221;http:\/\/www.hgi-cgs.hr\/wp-content\/uploads\/2020\/03\/Bijele_stijene-Gorski_kotar-scaled.jpg&#8221; background_enable_image=&#8221;on&#8221; sticky_transition=&#8221;on&#8221; locked=&#8221;off&#8221;][\/et_pb_slide][et_pb_slide heading=&#8221;Hrvatski geolo\u0161ki institut&#8221; _builder_version=&#8221;4.4.1&#8243; header_font=&#8221;|||on|||||&#8221; background_image=&#8221;http:\/\/www.hgi-cgs.hr\/wp-content\/uploads\/2020\/03\/ban4-scaled.jpg&#8221; background_enable_image=&#8221;on&#8221; sticky_transition=&#8221;on&#8221; locked=&#8221;off&#8221;][\/et_pb_slide][et_pb_slide heading=&#8221;Hrvatski geolo\u0161ki institut&#8221; _builder_version=&#8221;4.4.1&#8243; header_font=&#8221;|||on|||||&#8221; background_image=&#8221;http:\/\/www.hgi-cgs.hr\/wp-content\/uploads\/2020\/03\/ban5-scaled.jpg&#8221; background_enable_image=&#8221;on&#8221; sticky_transition=&#8221;on&#8221; locked=&#8221;off&#8221;][\/et_pb_slide][\/et_pb_fullwidth_slider][\/et_pb_section][et_pb_section fb_built=&#8221;1&#8243; _builder_version=&#8221;4.4.2&#8243;][et_pb_row _builder_version=&#8221;4.4.2&#8243;][et_pb_column type=&#8221;4_4&#8243; _builder_version=&#8221;4.4.2&#8243;][et_pb_text _builder_version=&#8221;4.4.2&#8243; text_font_size=&#8221;32px&#8221; header_2_text_color=&#8221;#1e5096&#8243;]<\/p>\n<h2 style=\"text-align: center; color: #1e5096;\"><strong>MOBILNA APLIKACIJA GeoCro<\/strong><\/h2>\n<p>[\/et_pb_text][et_pb_image src=&#8221;http:\/\/www.hgi-cgs.hr\/wp-content\/uploads\/2020\/04\/GeoCro-logo2.jpg&#8221; align=&#8221;center&#8221; _builder_version=&#8221;4.4.2&#8243;][\/et_pb_image][\/et_pb_column][\/et_pb_row][\/et_pb_section][et_pb_section fb_built=&#8221;1&#8243; _builder_version=&#8221;4.4.2&#8243; custom_padding=&#8221;20px||41px|||&#8221;][et_pb_row _builder_version=&#8221;4.4.2&#8243;][et_pb_column type=&#8221;4_4&#8243; _builder_version=&#8221;4.4.2&#8243;][et_pb_text _builder_version=&#8221;4.6.5&#8243; custom_padding=&#8221;|10px||10px|false|true&#8221; hover_enabled=&#8221;0&#8243; sticky_enabled=&#8221;0&#8243;]<\/p>\n<div style=\"text-align: justify;\">\n<p style=\"text-align: justify;\">GeoCro je mobilna aplikacija pomo\u0107u koje mo\u017eete istra\u017eivati lokalnu geologiju Republike Hrvatske, doznati osnovne informacije o razli\u010ditim stijenama i strukturama prisutnima na povr\u0161ini, kao i kratku geolo\u0161ku pro\u0161lost prostora Hrvatske. Namjera izdava\u010da, Hrvatskog geolo\u0161kog instituta (HGI) bila je na moderan i prakti\u010dan na\u010din pribli\u017eiti geolo\u0161ku gra\u0111u Hrvatske ne samo geolozima ve\u0107 i svima koji su zainteresirani za geologiju. Aplikacija sadr\u017ei interaktivnu geolo\u0161ku kartu Republike Hrvatske u mjerilu 1:300 000 koju je 2009. godine izdao Hrvatski geolo\u0161ki institut (HGI), zajedno s pripadaju\u0107im tuma\u010dem. Opise stratigrafskih jedinica iz tuma\u010da za potrebe ove aplikacije prilagodili su znanstvenici HGI-a. Na karti su, kao izdvojene to\u010dke, ozna\u010dena i opisana mjesta na kojima se mogu vidjeti rijetke i\/ili zna\u010dajne geolo\u0161ke pojave. Ove su to\u010dke grupirane u tri skupine: fosili, stijene i geo znamenitosti.<\/p>\n<p>Radi lak\u0161eg razumijevanja, u aplikaciji su na pojednostavljen na\u010din obja\u0161njeni neki od osnovnih geolo\u0161kih termina. Tako\u0111er je opisana i kratka povijest stvaranja terena po geolo\u0161kim razdobljima.<\/p>\n<p>Aplikaciju mo\u017eete bespaltno preuzeti na sljede\u0107im poveznicama:<br \/> <em><strong>Android:<\/strong> <a href=\"https:\/\/play.google.com\/store\/apps\/details?id=dev.stemi.geocro&amp;hl=en\">https:\/\/play.google.com\/store\/apps\/details?id=dev.stemi.geocro&amp;hl=en <\/a><\/em><\/p>\n<p><em><strong>iOS:<\/strong><\/em> <a href=\"https:\/\/apps.apple.com\/us\/app\/geocro\/id1469147760\"><em>https:\/\/apps.apple.com\/us\/app\/geocro\/id1469147760<\/em> <\/a><\/p>\n<\/div>\n<p style=\"clear: both;\">\n[\/et_pb_text][\/et_pb_column][\/et_pb_row][\/et_pb_section]<\/p>\n","protected":false},"excerpt":{"rendered":"<p>MOBILNA APLIKACIJA GeoCro GeoCro je mobilna aplikacija pomo\u0107u koje mo\u017eete istra\u017eivati lokalnu geologiju Republike Hrvatske, doznati osnovne informacije o razli\u010ditim stijenama i strukturama prisutnima na povr\u0161ini, kao i kratku geolo\u0161ku pro\u0161lost prostora Hrvatske. Namjera izdava\u010da, Hrvatskog geolo\u0161kog instituta (HGI) bila je na moderan i prakti\u010dan na\u010din pribli\u017eiti geolo\u0161ku gra\u0111u Hrvatske ne samo geolozima ve\u0107 i [&hellip;]<\/p>\n","protected":false},"author":1,"featured_media":0,"parent":0,"menu_order":0,"comment_status":"closed","ping_status":"closed","template":"","meta":{"_et_pb_use_builder":"on","_et_pb_old_content":"","_et_gb_content_width":"","footnotes":""},"class_list":["post-30077","page","type-page","status-publish","hentry"],"aioseo_notices":[],"_links":{"self":[{"href":"https:\/\/www.hgi-cgs.hr\/en\/wp-json\/wp\/v2\/pages\/30077","targetHints":{"allow":["GET"]}}],"collection":[{"href":"https:\/\/www.hgi-cgs.hr\/en\/wp-json\/wp\/v2\/pages"}],"about":[{"href":"https:\/\/www.hgi-cgs.hr\/en\/wp-json\/wp\/v2\/types\/page"}],"author":[{"embeddable":true,"href":"https:\/\/www.hgi-cgs.hr\/en\/wp-json\/wp\/v2\/users\/1"}],"replies":[{"embeddable":true,"href":"https:\/\/www.hgi-cgs.hr\/en\/wp-json\/wp\/v2\/comments?post=30077"}],"version-history":[{"count":4,"href":"https:\/\/www.hgi-cgs.hr\/en\/wp-json\/wp\/v2\/pages\/30077\/revisions"}],"predecessor-version":[{"id":34523,"href":"https:\/\/www.hgi-cgs.hr\/en\/wp-json\/wp\/v2\/pages\/30077\/revisions\/34523"}],"wp:attachment":[{"href":"https:\/\/www.hgi-cgs.hr\/en\/wp-json\/wp\/v2\/media?parent=30077"}],"curies":[{"name":"wp","href":"https:\/\/api.w.org\/{rel}","templated":true}]}}