{"id":29866,"date":"2020-04-08T08:58:16","date_gmt":"2020-04-08T08:58:16","guid":{"rendered":"http:\/\/www.hgi-cgs.hr\/?page_id=29866"},"modified":"2020-10-21T12:59:53","modified_gmt":"2020-10-21T12:59:53","slug":"zavrseni-projekti-joint-u-s","status":"publish","type":"page","link":"https:\/\/www.hgi-cgs.hr\/en\/zavrseni-projekti-joint-u-s\/","title":{"rendered":"Zavr\u0161eni projekti &#8211; Joint U.S."},"content":{"rendered":"<p>[et_pb_section fb_built=&#8221;1&#8243; fullwidth=&#8221;on&#8221; _builder_version=&#8221;4.4.1&#8243; custom_padding=&#8221;0px||0px|||&#8221;][et_pb_fullwidth_slider _builder_version=&#8221;4.4.2&#8243; min_height=&#8221;112px&#8221; height=&#8221;400px&#8221; custom_margin=&#8221;0px||||false|false&#8221; custom_padding=&#8221;0px||18px||false|false&#8221; auto=&#8221;on&#8221; auto_ignore_hover=&#8221;on&#8221; locked=&#8221;off&#8221;][et_pb_slide heading=&#8221;Hrvatski geolo\u0161ki institut&#8221; _builder_version=&#8221;4.4.1&#8243; header_font=&#8221;|||on|||||&#8221; background_image=&#8221;http:\/\/www.hgi-cgs.hr\/wp-content\/uploads\/2020\/03\/Br\u010di\u0107_Drvenik02-scaled.jpg&#8221; background_enable_image=&#8221;on&#8221; locked=&#8221;off&#8221; sticky_transition=&#8221;on&#8221;][\/et_pb_slide][et_pb_slide heading=&#8221;Hrvatski geolo\u0161ki institut&#8221; _builder_version=&#8221;4.4.1&#8243; header_font=&#8221;|||on|||||&#8221; background_image=&#8221;http:\/\/www.hgi-cgs.hr\/wp-content\/uploads\/2020\/03\/ban2-scaled.jpg&#8221; background_enable_image=&#8221;on&#8221; locked=&#8221;off&#8221; sticky_transition=&#8221;on&#8221;][\/et_pb_slide][et_pb_slide heading=&#8221;Hrvatski geolo\u0161ki institut&#8221; _builder_version=&#8221;4.4.1&#8243; header_font=&#8221;|||on|||||&#8221; background_image=&#8221;http:\/\/www.hgi-cgs.hr\/wp-content\/uploads\/2020\/03\/20190228_094232-scaled.jpg&#8221; background_enable_image=&#8221;on&#8221; locked=&#8221;off&#8221; sticky_transition=&#8221;on&#8221;][\/et_pb_slide][et_pb_slide heading=&#8221;Hrvatski geolo\u0161ki institut&#8221; _builder_version=&#8221;4.4.1&#8243; header_font=&#8221;|||on|||||&#8221; background_image=&#8221;http:\/\/www.hgi-cgs.hr\/wp-content\/uploads\/2020\/03\/ban3-scaled.jpg&#8221; background_enable_image=&#8221;on&#8221; locked=&#8221;off&#8221; sticky_transition=&#8221;on&#8221;][\/et_pb_slide][et_pb_slide heading=&#8221;Hrvatski geolo\u0161ki institut&#8221; _builder_version=&#8221;4.4.1&#8243; header_font=&#8221;|||on|||||&#8221; background_image=&#8221;http:\/\/www.hgi-cgs.hr\/wp-content\/uploads\/2020\/03\/Bijele_stijene-Gorski_kotar-scaled.jpg&#8221; background_enable_image=&#8221;on&#8221; locked=&#8221;off&#8221; sticky_transition=&#8221;on&#8221;][\/et_pb_slide][et_pb_slide heading=&#8221;Hrvatski geolo\u0161ki institut&#8221; _builder_version=&#8221;4.4.1&#8243; header_font=&#8221;|||on|||||&#8221; background_image=&#8221;http:\/\/www.hgi-cgs.hr\/wp-content\/uploads\/2020\/03\/ban4-scaled.jpg&#8221; background_enable_image=&#8221;on&#8221; locked=&#8221;off&#8221; sticky_transition=&#8221;on&#8221;][\/et_pb_slide][et_pb_slide heading=&#8221;Hrvatski geolo\u0161ki institut&#8221; _builder_version=&#8221;4.4.1&#8243; header_font=&#8221;|||on|||||&#8221; background_image=&#8221;http:\/\/www.hgi-cgs.hr\/wp-content\/uploads\/2020\/03\/ban5-scaled.jpg&#8221; background_enable_image=&#8221;on&#8221; locked=&#8221;off&#8221; sticky_transition=&#8221;on&#8221;][\/et_pb_slide][\/et_pb_fullwidth_slider][\/et_pb_section][et_pb_section fb_built=&#8221;1&#8243; _builder_version=&#8221;4.4.2&#8243;][et_pb_row _builder_version=&#8221;4.4.2&#8243;][et_pb_column type=&#8221;4_4&#8243; _builder_version=&#8221;4.4.2&#8243;][et_pb_text _builder_version=&#8221;4.4.2&#8243; text_font_size=&#8221;32px&#8221; header_2_text_color=&#8221;#1e5096&#8243;]<\/p>\n<h2 style=\"text-align: center; color: #1e5096;\"><strong>ZAVOD ZA GEOLOGIJU<\/strong><\/h2>\n<h2 style=\"text-align: center; color: #1e5096;\"><strong>Zavr\u0161eni projekti <br \/><\/strong><\/h2>\n<p>[\/et_pb_text][\/et_pb_column][\/et_pb_row][\/et_pb_section][et_pb_section fb_built=&#8221;1&#8243; _builder_version=&#8221;4.4.2&#8243; custom_padding=&#8221;21px|||||&#8221;][et_pb_row _builder_version=&#8221;3.25&#8243; custom_margin=&#8221;-37px|auto||auto||&#8221; custom_padding=&#8221;||50px&#8221;][et_pb_column type=&#8221;4_4&#8243; _builder_version=&#8221;3.25&#8243; custom_padding=&#8221;|||&#8221; custom_padding__hover=&#8221;|||&#8221;][et_pb_text _builder_version=&#8221;4.4.2&#8243; text_font=&#8221;|300|||||||&#8221; ul_font=&#8221;||||||||&#8221; header_font=&#8221;||||||||&#8221; header_text_align=&#8221;center&#8221; header_2_font=&#8221;|800|||||||&#8221; header_2_text_align=&#8221;center&#8221; header_2_text_color=&#8221;#1e5096&#8243; header_2_font_size=&#8221;54px&#8221; header_3_font=&#8221;|300|||||||&#8221; header_3_line_height=&#8221;1.3em&#8221; text_orientation=&#8221;center&#8221; min_height=&#8221;76px&#8221; custom_margin=&#8221;20px||0px||false|false&#8221; custom_padding=&#8221;||0px|||&#8221; animation_direction=&#8221;bottom&#8221; header_2_font_size_tablet=&#8221;&#8221; header_2_font_size_phone=&#8221;30px&#8221; header_2_font_size_last_edited=&#8221;on|phone&#8221; header_2_text_shadow_style=&#8221;preset1&#8243; header_2_text_shadow_horizontal_length=&#8221;0.03em&#8221; header_2_text_shadow_vertical_length=&#8221;0.03em&#8221; header_2_text_shadow_blur_strength=&#8221;0.05em&#8221; header_2_text_shadow_color=&#8221;rgba(0,0,0,0.3)&#8221;]<\/p>\n<h3><strong>Joint U.S. \u2013 Croatian cooperative research project: Greenhouse and transitional <\/strong><\/h3>\n<h3><strong>climates in 50 m.y. carbonate record of the Late Jurassic \u2013 Early <\/strong><\/h3>\n<h3><strong>Cretaceous <\/strong><strong>Dinaric Carbonate Platfrom <\/strong><\/h3>\n<p>[\/et_pb_text][et_pb_tabs _builder_version=&#8221;4.6.6&#8243; custom_margin=&#8221;23px|||||&#8221; hover_enabled=&#8221;0&#8243; sticky_enabled=&#8221;0&#8243;][et_pb_tab title=&#8221;O projektu&#8221; _builder_version=&#8221;4.6.5&#8243;]<\/p>\n<p style=\"text-align: left;\">Projekt je imao za cilj istra\u017eiti pretpostavku da unutar gornjojursko-donjokrednog slijeda Jadranske platforme istalo\u017eenog tijekom klasi\u010dnog greenhouse klimatskog razdoblja, postoje dokazi o kra\u0107im razdobljima zahla\u0111enja tijekom kojih je dominirala glacioeustazija umjerenih amplituda, a \u0161to bi u kona\u010dnici upu\u0107ivalo na postojanje leda na visokim zemljopisnim \u0161irinama. U ostvarivanju ciljeva i potvr\u0111ivanja hipoteze projekta snimljeno je vi\u0161e kontinuiranih geolo\u0161kih stupova kroz srednjojursko-srednjokredne naslage, \u010dija ukupna analizirana debljina nadma\u0161uje planiranu. Istra\u017eivani lokaliteti ulju\u010duju: (1) Otok Hvar &#8211; detaljni litostratigrafski stup kroz aptsko-starijealbske naslage snimljen je u blizini naselja Jelsa; (2) Otok Kor\u010dula &#8211; na podru\u010dju \u010care i Pupnate snimljeno je pet litostratigrafskih supova koji obuvha\u0107aju raspon od barema do gornjeg alba; (3) Poluotok Pelje\u0161ac &#8211; snimljen je kra\u0107i slijed berijaskih dolomita, te du\u017ei profil kroz baremsko-aptske naslage; (4) Otok Mljet &#8211; \u010detiri litostratigrafska stupa snimljena su na podru\u010dju Sobre, Kozarica i Babinog Polja; (5) Dubrova\u010dko zale\u0111e &#8211; sedam kontinuiranih profila detaljno je istra\u017eeno na \u0161irem prostoru Jasenica, Brotnica i Velji do. Usporedno sa snimanjem detaljno su bili prikupljani uzorci vapnenaca za mikropaleontolo\u0161ko-biostratigrafsku i sedimentolo\u0161ko-petrografsku analitiku (uklju\u010duju\u0107i katodoluminescenciju), te vapnanaca i dolomita za analizu stabilnih izotopa i elemenata u tragovima. Rezultati spektralne analize ciklo- i kemostratigrafije upu\u0107uju na dominantan utjecaj ekscentri\u010dnosti zemljine orbite (ciklusi od 100.000 i 400.000 godina) na oscilacije morske razine tijekom donje krede. Rezultati tako\u0111er upu\u0107uju da unutar istra\u017eivanog slijeda Jadranske platforme kemostratigrafski signal nije u potpunosti o\u010duvan.<\/p>\n<p>[\/et_pb_tab][et_pb_tab title=&#8221;Voditelj&#8221; _builder_version=&#8221;4.6.6&#8243; hover_enabled=&#8221;0&#8243; sticky_enabled=&#8221;0&#8243;]<\/p>\n<p style=\"text-align: left;\"><strong><em><span>Glavni istra\u017eiva\u010d \/ voditelj:\u00a0<\/span><\/em><\/strong><\/p>\n<p style=\"text-align: left;\"><em>dr.sc. Valentina Hajek &#8211; Tadesse <\/em><\/p>\n<p style=\"text-align: left;\"><em>dr.sc. Antun Husinec (St. Lawrence University)<\/em><\/p>\n<p>[\/et_pb_tab][et_pb_tab title=&#8221;Suradnici&#8221; _builder_version=&#8221;4.6.5&#8243;]<\/p>\n<p style=\"text-align: left;\"><span>Bo\u017eo Prtoljan, <\/span><\/p>\n<p style=\"text-align: left;\"><span>Damir Palenik, <\/span><\/p>\n<p style=\"text-align: left;\"><span>Antun Husinec (St. Lawrence University), <\/span><\/p>\n<p style=\"text-align: left;\"><span>Fred Read (Virginia Tech), <\/span><\/p>\n<p style=\"text-align: left;\"><span>Sean Regan (St. Lawrence University), <\/span><\/p>\n<p style=\"text-align: left;\"><span>David Mosher (St. Lawrence University)<\/span><\/p>\n<p style=\"text-align: left;\">[\/et_pb_tab][et_pb_tab title=&#8221;Trajanje projekta&#8221; _builder_version=&#8221;4.6.5&#8243;]<\/p>\n<p style=\"text-align: left;\"><strong>Datum po\u010detka i kraja projekta: <\/strong><span>2008-2011<\/span><\/p>\n<p><span>\u00a0<\/span><\/p>\n<p><span><br \/> <\/span><\/p>\n<p><span>\u00a0<\/span><\/p>\n<p>[\/et_pb_tab][et_pb_tab title=&#8221;Kategorija&#8221; _builder_version=&#8221;4.6.5&#8243;]<\/p>\n<p style=\"text-align: left;\"><span><strong>Kategorija projekta:<\/strong>\u00a0<\/span><span><\/span><span>Bilateralni projekt (znanstveno-istra\u017eiva\u010dka suradnja SAD (National Science Foundation)-Hrvatska (MZO\u0160 RH))<\/span><\/p>\n<p><span>\u00a0<\/span><\/p>\n<p><span>\u00a0<\/span><\/p>\n<p>[\/et_pb_tab][et_pb_tab title=&#8221;Iznos financiranja&#8221; _builder_version=&#8221;4.6.5&#8243;]<\/p>\n<p style=\"text-align: left;\"><span><strong>Ugovoreni iznos financiranja:<\/strong> <\/span><span>166.500,00 kn<\/span><\/p>\n<p><span>\u00a0<\/span><\/p>\n<p><span>\u00a0<\/span><\/p>\n<p><span>\u00a0<\/span><\/p>\n<p><span><br \/> <\/span><\/p>\n<p>[\/et_pb_tab][et_pb_tab title=&#8221;Status&#8221; _builder_version=&#8221;4.6.5&#8243;]<\/p>\n<p><span><strong>Status:<\/strong> Zavr\u0161en<\/span><\/p>\n<p>[\/et_pb_tab][\/et_pb_tabs][\/et_pb_column][\/et_pb_row][\/et_pb_section]<\/p>\n","protected":false},"excerpt":{"rendered":"<p>ZAVOD ZA GEOLOGIJU Zavr\u0161eni projekti Joint U.S. \u2013 Croatian cooperative research project: Greenhouse and transitional climates in 50 m.y. carbonate record of the Late Jurassic \u2013 Early Cretaceous Dinaric Carbonate Platfrom Projekt je imao za cilj istra\u017eiti pretpostavku da unutar gornjojursko-donjokrednog slijeda Jadranske platforme istalo\u017eenog tijekom klasi\u010dnog greenhouse klimatskog razdoblja, postoje dokazi o kra\u0107im razdobljima [&hellip;]<\/p>\n","protected":false},"author":1,"featured_media":0,"parent":0,"menu_order":0,"comment_status":"closed","ping_status":"closed","template":"","meta":{"_et_pb_use_builder":"on","_et_pb_old_content":"","_et_gb_content_width":"","footnotes":""},"class_list":["post-29866","page","type-page","status-publish","hentry"],"aioseo_notices":[],"_links":{"self":[{"href":"https:\/\/www.hgi-cgs.hr\/en\/wp-json\/wp\/v2\/pages\/29866","targetHints":{"allow":["GET"]}}],"collection":[{"href":"https:\/\/www.hgi-cgs.hr\/en\/wp-json\/wp\/v2\/pages"}],"about":[{"href":"https:\/\/www.hgi-cgs.hr\/en\/wp-json\/wp\/v2\/types\/page"}],"author":[{"embeddable":true,"href":"https:\/\/www.hgi-cgs.hr\/en\/wp-json\/wp\/v2\/users\/1"}],"replies":[{"embeddable":true,"href":"https:\/\/www.hgi-cgs.hr\/en\/wp-json\/wp\/v2\/comments?post=29866"}],"version-history":[{"count":6,"href":"https:\/\/www.hgi-cgs.hr\/en\/wp-json\/wp\/v2\/pages\/29866\/revisions"}],"predecessor-version":[{"id":35762,"href":"https:\/\/www.hgi-cgs.hr\/en\/wp-json\/wp\/v2\/pages\/29866\/revisions\/35762"}],"wp:attachment":[{"href":"https:\/\/www.hgi-cgs.hr\/en\/wp-json\/wp\/v2\/media?parent=29866"}],"curies":[{"name":"wp","href":"https:\/\/api.w.org\/{rel}","templated":true}]}}