{"id":29749,"date":"2020-04-07T14:19:28","date_gmt":"2020-04-07T14:19:28","guid":{"rendered":"http:\/\/www.hgi-cgs.hr\/?page_id=29749"},"modified":"2020-10-21T12:42:12","modified_gmt":"2020-10-21T12:42:12","slug":"zavrseni-projekti-geoloska-karta-konavala","status":"publish","type":"page","link":"https:\/\/www.hgi-cgs.hr\/en\/zavrseni-projekti-geoloska-karta-konavala\/","title":{"rendered":"Zavr\u0161eni projekti-Geolo\u0161ka karta Konavala"},"content":{"rendered":"<p>[et_pb_section fb_built=&#8221;1&#8243; fullwidth=&#8221;on&#8221; _builder_version=&#8221;4.4.1&#8243; custom_padding=&#8221;0px||0px|||&#8221;][et_pb_fullwidth_slider _builder_version=&#8221;4.4.2&#8243; min_height=&#8221;112px&#8221; height=&#8221;400px&#8221; custom_margin=&#8221;0px||||false|false&#8221; custom_padding=&#8221;0px||18px||false|false&#8221; auto=&#8221;on&#8221; auto_ignore_hover=&#8221;on&#8221; locked=&#8221;off&#8221;][et_pb_slide heading=&#8221;Hrvatski geolo\u0161ki institut&#8221; _builder_version=&#8221;4.4.1&#8243; header_font=&#8221;|||on|||||&#8221; background_image=&#8221;http:\/\/www.hgi-cgs.hr\/wp-content\/uploads\/2020\/03\/Br\u010di\u0107_Drvenik02-scaled.jpg&#8221; background_enable_image=&#8221;on&#8221; locked=&#8221;off&#8221; sticky_transition=&#8221;on&#8221;][\/et_pb_slide][et_pb_slide heading=&#8221;Hrvatski geolo\u0161ki institut&#8221; _builder_version=&#8221;4.4.1&#8243; header_font=&#8221;|||on|||||&#8221; background_image=&#8221;http:\/\/www.hgi-cgs.hr\/wp-content\/uploads\/2020\/03\/ban2-scaled.jpg&#8221; background_enable_image=&#8221;on&#8221; locked=&#8221;off&#8221; sticky_transition=&#8221;on&#8221;][\/et_pb_slide][et_pb_slide heading=&#8221;Hrvatski geolo\u0161ki institut&#8221; _builder_version=&#8221;4.4.1&#8243; header_font=&#8221;|||on|||||&#8221; background_image=&#8221;http:\/\/www.hgi-cgs.hr\/wp-content\/uploads\/2020\/03\/20190228_094232-scaled.jpg&#8221; background_enable_image=&#8221;on&#8221; locked=&#8221;off&#8221; sticky_transition=&#8221;on&#8221;][\/et_pb_slide][et_pb_slide heading=&#8221;Hrvatski geolo\u0161ki institut&#8221; _builder_version=&#8221;4.4.1&#8243; header_font=&#8221;|||on|||||&#8221; background_image=&#8221;http:\/\/www.hgi-cgs.hr\/wp-content\/uploads\/2020\/03\/ban3-scaled.jpg&#8221; background_enable_image=&#8221;on&#8221; locked=&#8221;off&#8221; sticky_transition=&#8221;on&#8221;][\/et_pb_slide][et_pb_slide heading=&#8221;Hrvatski geolo\u0161ki institut&#8221; _builder_version=&#8221;4.4.1&#8243; header_font=&#8221;|||on|||||&#8221; background_image=&#8221;http:\/\/www.hgi-cgs.hr\/wp-content\/uploads\/2020\/03\/Bijele_stijene-Gorski_kotar-scaled.jpg&#8221; background_enable_image=&#8221;on&#8221; locked=&#8221;off&#8221; sticky_transition=&#8221;on&#8221;][\/et_pb_slide][et_pb_slide heading=&#8221;Hrvatski geolo\u0161ki institut&#8221; _builder_version=&#8221;4.4.1&#8243; header_font=&#8221;|||on|||||&#8221; background_image=&#8221;http:\/\/www.hgi-cgs.hr\/wp-content\/uploads\/2020\/03\/ban4-scaled.jpg&#8221; background_enable_image=&#8221;on&#8221; locked=&#8221;off&#8221; sticky_transition=&#8221;on&#8221;][\/et_pb_slide][et_pb_slide heading=&#8221;Hrvatski geolo\u0161ki institut&#8221; _builder_version=&#8221;4.4.1&#8243; header_font=&#8221;|||on|||||&#8221; background_image=&#8221;http:\/\/www.hgi-cgs.hr\/wp-content\/uploads\/2020\/03\/ban5-scaled.jpg&#8221; background_enable_image=&#8221;on&#8221; locked=&#8221;off&#8221; sticky_transition=&#8221;on&#8221;][\/et_pb_slide][\/et_pb_fullwidth_slider][\/et_pb_section][et_pb_section fb_built=&#8221;1&#8243; _builder_version=&#8221;4.4.2&#8243; custom_padding=&#8221;||0px|||&#8221;][et_pb_row _builder_version=&#8221;4.4.2&#8243;][et_pb_column type=&#8221;4_4&#8243; _builder_version=&#8221;4.4.2&#8243;][et_pb_text _builder_version=&#8221;4.4.2&#8243; text_font_size=&#8221;32px&#8221; header_2_text_color=&#8221;#1e5096&#8243;]<\/p>\n<h2 style=\"text-align: center; color: #1e5096;\"><strong>ZAVOD ZA GEOLOGIJU<\/strong><\/h2>\n<h2 style=\"text-align: center; color: #1e5096;\"><strong>Zavr\u0161eni projekti<\/strong><\/h2>\n<p>[\/et_pb_text][\/et_pb_column][\/et_pb_row][\/et_pb_section][et_pb_section fb_built=&#8221;1&#8243; _builder_version=&#8221;4.4.2&#8243; custom_margin=&#8221;13px|||||&#8221;][et_pb_row _builder_version=&#8221;3.25&#8243; custom_margin=&#8221;-4px|auto||auto||&#8221; custom_padding=&#8221;18px||50px|||&#8221;][et_pb_column type=&#8221;4_4&#8243; _builder_version=&#8221;3.25&#8243; custom_padding=&#8221;|||&#8221; custom_padding__hover=&#8221;|||&#8221;][et_pb_text _builder_version=&#8221;4.0.7&#8243; text_font=&#8221;|300|||||||&#8221; ul_font=&#8221;||||||||&#8221; header_font=&#8221;||||||||&#8221; header_text_align=&#8221;center&#8221; header_2_font=&#8221;|800|||||||&#8221; header_2_text_align=&#8221;center&#8221; header_2_text_color=&#8221;#1e5096&#8243; header_2_font_size=&#8221;54px&#8221; header_3_font=&#8221;|300|||||||&#8221; header_3_line_height=&#8221;1.3em&#8221; text_orientation=&#8221;center&#8221; min_height=&#8221;76px&#8221; custom_margin=&#8221;20px||-30px|||&#8221; custom_padding=&#8221;||25px|||&#8221; animation_direction=&#8221;bottom&#8221; header_2_font_size_tablet=&#8221;&#8221; header_2_font_size_phone=&#8221;30px&#8221; header_2_font_size_last_edited=&#8221;on|phone&#8221; header_2_text_shadow_style=&#8221;preset1&#8243; header_2_text_shadow_horizontal_length=&#8221;0.03em&#8221; header_2_text_shadow_vertical_length=&#8221;0.03em&#8221; header_2_text_shadow_blur_strength=&#8221;0.05em&#8221; header_2_text_shadow_color=&#8221;rgba(0,0,0,0.3)&#8221;]<\/p>\n<h3><strong>Geolo\u0161ka karta Konavala 1:50.000 \u2013 nu\u017ena pretpostavka odr\u017eivog razvoja <\/strong><\/h3>\n<p><strong><\/strong><\/p>\n<p><strong><\/strong><\/p>\n<h3><strong>(Geological Map of Konavle 1:50.000 a Necessary Precondition of Sustainable Development)<br \/> <\/strong><\/h3>\n<p>[\/et_pb_text][et_pb_tabs _builder_version=&#8221;4.6.6&#8243; custom_margin=&#8221;47px|||||&#8221; hover_enabled=&#8221;0&#8243; sticky_enabled=&#8221;0&#8243;][et_pb_tab title=&#8221;O projektu&#8221; _builder_version=&#8221;4.0.7&#8243;]<\/p>\n<p><span>U okviru projekta <\/span>je izra\u0111ena nova geolo\u0161ka karta Konavala M 1:50.000 u GIS okru\u017eenju. Kroz sljedove mezozojskih i tercijarnih naslaga, snimljeno je preko 3000 metara stupova. Sedimentolo\u0161ke, biostratigrafske, petrografske i druge u\u017ee specijalisti\u010dke analize obavljene su na vi\u0161e od 1770 uzoraka. Unutar karbonatnih naslaga izdvojeno je ukupno 19 litostratigrafskih jedinica od \u010dega jedna u trijaskim, 9 u jurskim, 6 jedinica u kredno-paleogenskim naslagama i 3 u tercijarnim klastitima. Karta je poslu\u017eila kao podloga u planiranju zahvata i aktivnosti u sklopu izrade prostornog plana op\u0107ine Konavle, posebno u planiranju razvojnih projekata koji iziskuju ve\u0107e standarde u za\u0161titi prirodne i kulturne ba\u0161tine. Sagledane su podzemne i povr\u0161inske vode, odnosno brojni kopneni i priobalni izvori koji su do tada tek manjim dijelom bili uklju\u010deni u vodoopskrbu. Ponudila je i temelj za procjenu regenerativnog kapaciteta prostora, jer precizno definirana podloga nudi cjelovit uvid u strukturu geotskih faktora, koji uz klimu velikim dijelom uvjetuju i izvorne biotske odnose. Na takav na\u010din utvr\u0111eni biotsko\u2013geotski potencijali u prostorno-planskim i strate\u0161kim studijama razvoja daju gabarite dopustivog antropogenog utjecaja na okoli\u0161. U skladu s time nova geolo\u0161ka karta je poslu\u017eila kao baza za razradu prijedloga izmjena metodologije izrade Prostornog plana ure\u0111enja Op\u0107ine Konavle. Obavljena je i geoturisti\u010dka valorizacija, jer geoturisti\u010dke atrakcije u ponudi Op\u0107ine Konavle predstavljaju zna\u010dajno osvje\u017eenje i oboga\u0107enje turisti\u010dke ponude.<\/p>\n<p>[\/et_pb_tab][et_pb_tab title=&#8221;Voditelj&#8221; _builder_version=&#8221;4.6.6&#8243; hover_enabled=&#8221;0&#8243; sticky_enabled=&#8221;0&#8243;]<\/p>\n<p style=\"text-align: left;\"><strong><em><span>Glavni istra\u017eiva\u010d \/ voditelj: <\/span><\/em><\/strong><em>dr.sc. <\/em><em>Bo\u017eo Prtoljan<\/em><\/p>\n<p><strong><em><a href=\"http:\/\/www.hgi-cgs.hr\/ljudi\/dr-sc-slobodan-miko-dipl-ing-geol\/\"><span><\/span><\/a><br \/> <\/em><\/strong><\/p>\n<p>[\/et_pb_tab][et_pb_tab title=&#8221;Suradnici&#8221; _builder_version=&#8221;4.6.6&#8243; hover_enabled=&#8221;0&#8243; sticky_enabled=&#8221;0&#8243;]<\/p>\n<p style=\"text-align: left;\"><span>Domagoj Jami\u010di\u0107,<br \/> <\/span><\/p>\n<p style=\"text-align: left;\"><span>Ton\u0107i Grgasovi\u0107,<br \/> <\/span><\/p>\n<p style=\"text-align: left;\"><span>akademik Branko Soka\u010d, <\/span><\/p>\n<p style=\"text-align: left;\"><span>Ladislav Fu\u010dek,\u00a0<\/span><\/p>\n<p style=\"text-align: left;\"><span>Branko Horvat,<\/span><\/p>\n<p style=\"text-align: left;\"><span>Berislav Krtali\u0107,<br \/> <\/span><\/p>\n<p style=\"text-align: left;\"><span>Domagoj Vranje\u0161,<br \/> <\/span><\/p>\n<p style=\"text-align: left;\"><span>Marija Pavi\u0107,<br \/> <\/span><\/p>\n<p style=\"text-align: left;\"><span>Darija Maleti\u0107 Mirko<br \/> <\/span><\/p>\n<p>[\/et_pb_tab][et_pb_tab title=&#8221;Trajanje projekta&#8221; _builder_version=&#8221;4.6.5&#8243;]<\/p>\n<p style=\"text-align: left;\"><span><strong>Datum po\u010detka i kraja projekta:<\/strong> 2007.-2010.<br \/> <\/span><\/p>\n<p><span>\u00a0<\/span><\/p>\n<p>[\/et_pb_tab][et_pb_tab title=&#8221;Kategorija&#8221; _builder_version=&#8221;4.6.5&#8243;]<\/p>\n<p style=\"text-align: left;\"><span><strong>Kategorija projekta:<\/strong> Program \u201ePartnerstvo u temeljnim istra\u017eivanjima\u201c Nacionalne zaklade za znanost (NZZ); istra\u017eiva\u010dki projekt<\/span><\/p>\n<p>[\/et_pb_tab][et_pb_tab title=&#8221;Iznos financiranja&#8221; _builder_version=&#8221;4.6.5&#8243;]<\/p>\n<p><span><strong>Ugovoreni iznos financiranja:<\/strong> <\/span>1.000.000,00 kn<\/p>\n<p>[\/et_pb_tab][et_pb_tab title=&#8221;Status&#8221; _builder_version=&#8221;4.6.5&#8243;]<\/p>\n<p><span><strong>Status:<\/strong> Zavr\u0161en<\/span><\/p>\n<p>[\/et_pb_tab][\/et_pb_tabs][\/et_pb_column][\/et_pb_row][\/et_pb_section]<\/p>\n","protected":false},"excerpt":{"rendered":"<p>ZAVOD ZA GEOLOGIJU Zavr\u0161eni projektiGeolo\u0161ka karta Konavala 1:50.000 \u2013 nu\u017ena pretpostavka odr\u017eivog razvoja (Geological Map of Konavle 1:50.000 a Necessary Precondition of Sustainable Development) U okviru projekta je izra\u0111ena nova geolo\u0161ka karta Konavala M 1:50.000 u GIS okru\u017eenju. Kroz sljedove mezozojskih i tercijarnih naslaga, snimljeno je preko 3000 metara stupova. Sedimentolo\u0161ke, biostratigrafske, petrografske i druge [&hellip;]<\/p>\n","protected":false},"author":1,"featured_media":0,"parent":0,"menu_order":0,"comment_status":"closed","ping_status":"closed","template":"","meta":{"_et_pb_use_builder":"on","_et_pb_old_content":"","_et_gb_content_width":"","footnotes":""},"class_list":["post-29749","page","type-page","status-publish","hentry"],"aioseo_notices":[],"_links":{"self":[{"href":"https:\/\/www.hgi-cgs.hr\/en\/wp-json\/wp\/v2\/pages\/29749","targetHints":{"allow":["GET"]}}],"collection":[{"href":"https:\/\/www.hgi-cgs.hr\/en\/wp-json\/wp\/v2\/pages"}],"about":[{"href":"https:\/\/www.hgi-cgs.hr\/en\/wp-json\/wp\/v2\/types\/page"}],"author":[{"embeddable":true,"href":"https:\/\/www.hgi-cgs.hr\/en\/wp-json\/wp\/v2\/users\/1"}],"replies":[{"embeddable":true,"href":"https:\/\/www.hgi-cgs.hr\/en\/wp-json\/wp\/v2\/comments?post=29749"}],"version-history":[{"count":7,"href":"https:\/\/www.hgi-cgs.hr\/en\/wp-json\/wp\/v2\/pages\/29749\/revisions"}],"predecessor-version":[{"id":35740,"href":"https:\/\/www.hgi-cgs.hr\/en\/wp-json\/wp\/v2\/pages\/29749\/revisions\/35740"}],"wp:attachment":[{"href":"https:\/\/www.hgi-cgs.hr\/en\/wp-json\/wp\/v2\/media?parent=29749"}],"curies":[{"name":"wp","href":"https:\/\/api.w.org\/{rel}","templated":true}]}}